{"id":4198,"date":"2025-10-09T07:42:59","date_gmt":"2025-10-09T07:42:59","guid":{"rendered":"https:\/\/wisecnclaser.com\/?post_type=product&#038;p=4198"},"modified":"2025-10-09T07:42:59","modified_gmt":"2025-10-09T07:42:59","slug":"ws2025-convey-table-cnc-oscillating-knife-cutting-machine-for-sale","status":"publish","type":"product","link":"https:\/\/wisecnclaser.com\/cs\/produkt\/ws2025-convey-table-cnc-oscillating-knife-cutting-machine-for-sale\/","title":{"rendered":"WS2025 Convey Table CNC oscila\u010dn\u00ed \u0159ezac\u00ed stroj na prodej"},"content":{"rendered":"<p><strong>WS2025 CNC oscila\u010dn\u00ed \u0159ezac\u00ed stroj s integrovanou CCD kamerou a oscila\u010dn\u00edm ta\u017en\u00fdm no\u017eem<\/strong><\/p>\n<p>Ve sv\u011bt\u011b digit\u00e1ln\u00ed v\u00fdroby je nejd\u016fle\u017eit\u011bj\u0161\u00ed p\u0159esnost, rychlost a v\u0161estrannost. P\u0159edstavujeme v\u00e1m n\u00e1\u0161 nejmodern\u011bj\u0161\u00ed CNC \u0159ezac\u00ed stroj s oscila\u010dn\u00edmi no\u017ei, kter\u00fd byl zkonstruov\u00e1n tak, aby stanovil nov\u00e9 standardy pro \u0159ez\u00e1n\u00ed \u0161irok\u00e9 \u0161k\u00e1ly materi\u00e1l\u016f st\u0159edn\u00ed hustoty. Tento stroj hladce integruje hrub\u00fd v\u00fdkon syst\u00e9mu CNC s oscila\u010dn\u00edmi no\u017ei s inteligentn\u00edm vid\u011bn\u00edm kamery CCD s vysok\u00fdm rozli\u0161en\u00edm a poskytuje bezkonkuren\u010dn\u00ed p\u0159esnost a efektivitu pro modern\u00ed v\u00fdrobn\u00ed prost\u0159ed\u00ed.<\/p>\n<p><strong>Uvoln\u011bte s\u00edlu oscila\u010dn\u00edho no\u017eov\u00e9ho no\u017ee<\/strong><\/p>\n<p>Srdcem tohoto stroje je vysoce v\u00fdkonn\u00e1 oscila\u010dn\u00ed no\u017eov\u00e1 hlava. Na rozd\u00edl od tradi\u010dn\u00edch rota\u010dn\u00edch no\u017e\u016f nebo laserov\u00fdch \u0159eza\u010dek se n\u016f\u017e pohybuje nahoru a dol\u016f s vysokou frekvenc\u00ed, co\u017e mu umo\u017e\u0148uje prov\u00e1d\u011bt neuv\u011b\u0159iteln\u011b \u010dist\u00e9, vertik\u00e1ln\u00ed \u0159ezy do r\u016fzn\u00fdch materi\u00e1l\u016f bez rozt\u0159epen\u00ed, sp\u00e1len\u00ed nebo roztaven\u00ed okraj\u016f. To z n\u011bj \u010din\u00ed ide\u00e1ln\u00ed \u0159e\u0161en\u00ed pro pr\u016fmyslov\u00e1 odv\u011btv\u00ed vy\u017eaduj\u00edc\u00ed p\u0159esn\u00e9 v\u00fdseky.<\/p>\n<p><strong><em>Mezi ide\u00e1ln\u00ed materi\u00e1ly pro na\u0161i oscila\u010dn\u00ed no\u017eovou \u0159eza\u010dku pat\u0159\u00ed:<\/em><\/strong><br \/>\nGuma a k\u016f\u017ee<br \/>\nMateri\u00e1ly t\u011bsn\u011bn\u00ed<br \/>\nKarton a vlnit\u00e1 lepenka<br \/>\nPVC a kompozitn\u00ed plasty<br \/>\nP\u011bna v\u0161ech hustot<br \/>\nPap\u00edr a karton<\/p>\n<p>Tento CNC \u0159ezac\u00ed stroj zvl\u00e1dne v\u0161e, od slo\u017eit\u00fdch t\u011bsn\u011bn\u00ed a ko\u017een\u00fdch v\u00fdrobk\u016f na zak\u00e1zku a\u017e po detailn\u00ed prototypy obal\u016f a p\u011bnov\u00e9 vlo\u017eky, a to s lehkost\u00ed a pozoruhodnou rychlost\u00ed.<\/p>\n<p><strong>Inteligentn\u00ed vize pro bezchybn\u00e9 proveden\u00ed: Integrovan\u00e1 CCD kamera vibra\u010dn\u00edho no\u017eov\u00e9ho \u0159eza\u010de<\/strong><\/p>\n<p>U projekt\u016f zahrnuj\u00edc\u00edch p\u0159edti\u0161t\u011bn\u00e9 vzory, loga nebo slo\u017eit\u00e9 v\u00edcevrstv\u00e9 sestavy je p\u0159esn\u00e9 zarovn\u00e1n\u00ed neoddiskutovateln\u00e9. N\u00e1\u0161 stroj je vybaven pokro\u010dil\u00fdm kamerov\u00fdm syst\u00e9mem CCD, kter\u00fd automaticky sn\u00edm\u00e1 a rozpozn\u00e1v\u00e1 registra\u010dn\u00ed zna\u010dky (fiduci\u00e1ln\u00ed zna\u010dky).<\/p>\n<p>Tato v\u00fdkonn\u00e1 funkce umo\u017e\u0148uje stroji:<br \/>\nAutomatick\u00e9 zarovn\u00e1n\u00ed dr\u00e1hy \u0159ezu s vyti\u0161t\u011bnou grafikou, \u010d\u00edm\u017e se eliminuje lidsk\u00e1 chyba.<br \/>\nKompenzace rozta\u017een\u00ed, zkosen\u00ed nebo nespr\u00e1vn\u00e9ho um\u00edst\u011bn\u00ed materi\u00e1lu na \u0159ezn\u00e9m lo\u017ei.<br \/>\nZajist\u011bte v\u017edy dokonal\u00fd obrysov\u00fd \u0159ez, kter\u00fd zaru\u010d\u00ed, \u017ee kone\u010dn\u00fd v\u00fd\u0159ez bude dokonale odpov\u00eddat vyti\u0161t\u011bn\u00e9mu n\u00e1vrhu.<\/p>\n<p>To je nepostradateln\u00e9 pro aplikace, jako jsou zak\u00e1zkov\u00e9 samolepky, poti\u0161t\u011bn\u00e9 od\u011bvy, zna\u010den\u00ed a v\u0161echny projekty, kde je p\u0159esnost tisku a \u0159ez\u00e1n\u00ed kritick\u00e1.<\/p>\n<p><strong>Kl\u00ed\u010dov\u00e9 vlastnosti a v\u00fdhody:<\/strong><\/p>\n<p>Dvoufunk\u010dn\u00ed n\u00e1strojov\u00e1 hlava: Kombinace robustn\u00ed oscila\u010dn\u00ed no\u017eov\u00e9 CNC hlavy a vysoce p\u0159esn\u00e9 CCD kamery v jedn\u00e9 platform\u011b.<br \/>\nVynikaj\u00edc\u00ed kvalita \u0159ezu: Vibrace a \u0159ez\u00e1n\u00ed zaji\u0161\u0165uj\u00ed \u010dist\u00e9 a uzav\u0159en\u00e9 okraje p\u011bny, k\u016f\u017ee a gumy bez tepeln\u00e9ho po\u0161kozen\u00ed.<br \/>\nVysok\u00e1 produktivita:Rychl\u00e9 \u0159ez\u00e1n\u00ed a automatick\u00e1 registrace zkracuj\u00ed dobu se\u0159izov\u00e1n\u00ed a zvy\u0161uj\u00ed v\u00fdkonnost.<br \/>\nU\u017eivatelsky p\u0159\u00edv\u011btiv\u00fd software: Intuitivn\u00ed ovl\u00e1dac\u00ed software umo\u017e\u0148uje snadn\u00fd import soubor\u016f.<br \/>\nPozoruhodn\u00e1 v\u0161estrannost: Jednoduchou v\u00fdm\u011bnou n\u00e1stroje lze snadno p\u0159ep\u00ednat mezi \u0159ez\u00e1n\u00edm t\u011bsn\u011bn\u00ed, lepenky, PVC a slo\u017eit\u00fdch pap\u00edrov\u00fdch vzor\u016f.<\/p>\n<p>Jedn\u00e1 se o v\u00edce ne\u017e jen o CNC \u0159ezac\u00ed stroj s oscila\u010dn\u00edmi no\u017ei; je to komplexn\u00ed inteligentn\u00ed \u0159ezac\u00ed \u0159e\u0161en\u00ed. Spojen\u00edm fyzick\u00fdch \u0159ezn\u00fdch schopnost\u00ed oscila\u010dn\u00ed no\u017eov\u00e9 \u0159eza\u010dky s digit\u00e1ln\u00ed p\u0159esnost\u00ed CCD kamery poskytujeme syst\u00e9m, kter\u00fd zvy\u0161uje produktivitu, sni\u017euje mno\u017estv\u00ed odpadu a poskytuje trvale dokonal\u00e9 v\u00fdsledky.<\/p>\n<p>Upgradujte svou v\u00fdrobn\u00ed linku. P\u0159ijm\u011bte budoucnost digit\u00e1ln\u00edho \u0159ez\u00e1n\u00ed.<\/p>\n<p>Kontaktujte n\u00e1s je\u0161t\u011b dnes, abyste se dozv\u011bd\u011bli v\u00edce a domluvili si p\u0159edv\u00e1d\u011bc\u00ed akci!<\/p>\n<p><strong>Technick\u00e9 parametry nejlep\u0161\u00edho \u0159ezac\u00edho stroje s oscila\u010dn\u00edmi no\u017ei WS2025:<\/strong><\/p>\n<table>\n<tbody>\n<tr>\n<td colspan=\"2\" width=\"1324\"><strong>Popis a specifikace:<\/strong><\/td>\n<\/tr>\n<tr>\n<td width=\"316\">X pracovn\u00ed velikost<\/td>\n<td width=\"1008\">2000 mm (pracovn\u00ed \u0161\u00ed\u0159ka)<\/td>\n<\/tr>\n<tr>\n<td width=\"316\">Y pracovn\u00ed velikost<\/td>\n<td width=\"1008\">2500 mm (pracovn\u00ed d\u00e9lka)<\/td>\n<\/tr>\n<tr>\n<td width=\"316\">Pracovn\u00ed velikost Z<\/td>\n<td width=\"1008\">30 mm<\/td>\n<\/tr>\n<tr>\n<td width=\"316\">\u0158ezac\u00ed hlava<\/td>\n<td width=\"1008\">cnc oscila\u010dn\u00ed no\u017eov\u00e1 \u0159ezac\u00ed hlava +CCD kamera<\/td>\n<\/tr>\n<tr>\n<td width=\"316\">Zp\u016fsob zobrazen\u00ed<\/td>\n<td width=\"1008\">Anglick\u00fd dotykov\u00fd displej LED<\/td>\n<\/tr>\n<tr>\n<td width=\"316\">St\u016fl stroje<\/td>\n<td width=\"1008\">Hlin\u00edkov\u00fd m\u011bchov\u00fd sac\u00ed st\u016fl + dopravn\u00ed st\u016fl pro \u0159ez\u00e1n\u00ed materi\u00e1lu v rol\u00edch<\/td>\n<\/tr>\n<tr>\n<td width=\"316\">Zp\u016fsob p\u0159enosu dat<\/td>\n<td width=\"1008\">Intel<\/td>\n<\/tr>\n<tr>\n<td width=\"316\">Vakuov\u00e9 \u010derpadlo<\/td>\n<td width=\"1008\">9KW vzduchov\u00e1 v\u00fdv\u011bva<\/td>\n<\/tr>\n<tr>\n<td width=\"316\">Syst\u00e9m pohonu<\/td>\n<td width=\"1008\">Tchajwansk\u00fd delta servo ovlada\u010d a motor<\/td>\n<\/tr>\n<tr>\n<td width=\"316\">\u0158\u00eddic\u00ed syst\u00e9m<\/td>\n<td width=\"1008\">\u0158\u00eddic\u00ed syst\u00e9m RD<\/td>\n<\/tr>\n<tr>\n<td width=\"316\">Vodic\u00ed syst\u00e9m<\/td>\n<td width=\"1008\">Tchajwansk\u00e1 \u010dtvercov\u00e1 kolejnice TBI<\/td>\n<\/tr>\n<tr>\n<td width=\"316\">Sn\u00edma\u010d n\u00e1\u0159ad\u00ed<\/td>\n<td width=\"1008\">S \u010dervenou te\u010dkou<\/td>\n<\/tr>\n<tr>\n<td width=\"316\">P\u0159evodovka<\/td>\n<td width=\"1008\">Y ozuben\u00fd pastorek, XZ synchronn\u00ed ocelov\u00fd \u0159emen<\/td>\n<\/tr>\n<tr>\n<td width=\"316\">Rychlost \u0159ez\u00e1n\u00ed<\/td>\n<td width=\"1008\">30 m\/min<\/td>\n<\/tr>\n<tr>\n<td width=\"316\">Rychlost j\u00edzdy<\/td>\n<td width=\"1008\">50 m\/min<\/td>\n<\/tr>\n<tr>\n<td width=\"316\">Hmotnost<\/td>\n<td width=\"1008\">Asi 1300 kg<\/td>\n<\/tr>\n<tr>\n<td width=\"316\">Velikost<\/td>\n<td width=\"1008\">2250*3300*1650 mm<\/td>\n<\/tr>\n<tr>\n<td width=\"316\">Power<\/td>\n<td width=\"1008\">380V 50HZ<\/td>\n<\/tr>\n<tr>\n<td width=\"316\">Software<\/td>\n<td width=\"1008\">vcutsoftware<\/td>\n<\/tr>\n<\/tbody>\n<\/table>\n<p><strong>Oscila\u010dn\u00ed tangenci\u00e1ln\u00ed \u0159ezac\u00ed stroj Fotografie:<\/strong><\/p>\n<p><img alt=\"\" fetchpriority=\"high\" decoding=\"async\" class=\"alignnone size-full wp-image-4202\" src=\"https:\/\/wisecnclaser.com\/wp-content\/uploads\/2025\/10\/\u672a\u547d\u540d.jpg\" width=\"1200\" height=\"1200\" srcset=\"https:\/\/wisecnclaser.com\/wp-content\/uploads\/2025\/10\/\u672a\u547d\u540d.jpg 1200w, https:\/\/wisecnclaser.com\/wp-content\/uploads\/2025\/10\/\u672a\u547d\u540d-300x300.jpg 300w, https:\/\/wisecnclaser.com\/wp-content\/uploads\/2025\/10\/\u672a\u547d\u540d-1024x1024.jpg 1024w, https:\/\/wisecnclaser.com\/wp-content\/uploads\/2025\/10\/\u672a\u547d\u540d-150x150.jpg 150w, https:\/\/wisecnclaser.com\/wp-content\/uploads\/2025\/10\/\u672a\u547d\u540d-768x768.jpg 768w, https:\/\/wisecnclaser.com\/wp-content\/uploads\/2025\/10\/\u672a\u547d\u540d-12x12.jpg 12w, https:\/\/wisecnclaser.com\/wp-content\/uploads\/2025\/10\/\u672a\u547d\u540d-600x600.jpg 600w, https:\/\/wisecnclaser.com\/wp-content\/uploads\/2025\/10\/\u672a\u547d\u540d-100x100.jpg 100w\" sizes=\"(max-width: 1200px) 100vw, 1200px\" \/><\/p>\n<p><strong>N\u00e1hradn\u00ed d\u00edly pro CNC oscila\u010dn\u00ed no\u017ee:<\/strong><\/p>\n<p><img alt=\"\" decoding=\"async\" class=\"alignnone size-full wp-image-4203\" src=\"https:\/\/wisecnclaser.com\/wp-content\/uploads\/2025\/10\/cnc-knife-cutting-machine.jpg\" width=\"1200\" height=\"1200\" srcset=\"https:\/\/wisecnclaser.com\/wp-content\/uploads\/2025\/10\/cnc-knife-cutting-machine.jpg 1200w, https:\/\/wisecnclaser.com\/wp-content\/uploads\/2025\/10\/cnc-knife-cutting-machine-300x300.jpg 300w, https:\/\/wisecnclaser.com\/wp-content\/uploads\/2025\/10\/cnc-knife-cutting-machine-1024x1024.jpg 1024w, https:\/\/wisecnclaser.com\/wp-content\/uploads\/2025\/10\/cnc-knife-cutting-machine-150x150.jpg 150w, https:\/\/wisecnclaser.com\/wp-content\/uploads\/2025\/10\/cnc-knife-cutting-machine-768x768.jpg 768w, https:\/\/wisecnclaser.com\/wp-content\/uploads\/2025\/10\/cnc-knife-cutting-machine-12x12.jpg 12w, https:\/\/wisecnclaser.com\/wp-content\/uploads\/2025\/10\/cnc-knife-cutting-machine-600x600.jpg 600w, https:\/\/wisecnclaser.com\/wp-content\/uploads\/2025\/10\/cnc-knife-cutting-machine-100x100.jpg 100w\" sizes=\"(max-width: 1200px) 100vw, 1200px\" \/><\/p>\n<p><strong>Uk\u00e1zky CNC \u0159ezac\u00edch stroj\u016f:<\/strong><\/p>\n<p><img alt=\"\" decoding=\"async\" class=\"alignnone size-full wp-image-4204\" src=\"https:\/\/wisecnclaser.com\/wp-content\/uploads\/2025\/10\/oscillating-knife-cutter-sample.jpg\" width=\"1200\" height=\"1200\" srcset=\"https:\/\/wisecnclaser.com\/wp-content\/uploads\/2025\/10\/oscillating-knife-cutter-sample.jpg 1200w, https:\/\/wisecnclaser.com\/wp-content\/uploads\/2025\/10\/oscillating-knife-cutter-sample-300x300.jpg 300w, https:\/\/wisecnclaser.com\/wp-content\/uploads\/2025\/10\/oscillating-knife-cutter-sample-1024x1024.jpg 1024w, https:\/\/wisecnclaser.com\/wp-content\/uploads\/2025\/10\/oscillating-knife-cutter-sample-150x150.jpg 150w, https:\/\/wisecnclaser.com\/wp-content\/uploads\/2025\/10\/oscillating-knife-cutter-sample-768x768.jpg 768w, https:\/\/wisecnclaser.com\/wp-content\/uploads\/2025\/10\/oscillating-knife-cutter-sample-12x12.jpg 12w, https:\/\/wisecnclaser.com\/wp-content\/uploads\/2025\/10\/oscillating-knife-cutter-sample-600x600.jpg 600w, https:\/\/wisecnclaser.com\/wp-content\/uploads\/2025\/10\/oscillating-knife-cutter-sample-100x100.jpg 100w\" sizes=\"(max-width: 1200px) 100vw, 1200px\" \/><\/p>","protected":false},"excerpt":{"rendered":"<p>WS2025 CNC Oscillating Knife Cutting Machine with Integrated CCD Camera and Oscillating Knife Drag Knife In the world of digital fabrication, precision, speed, and versatility are paramount. Introducing our state-of-the-art CNC oscillating knife cutting machine, engineered to set new standards for cutting a wide array of medium-density materials. This machine seamlessly integrates the raw power [&hellip;]<\/p>\n","protected":false},"featured_media":4201,"template":"","meta":{"_seopress_robots_primary_cat":"","_seopress_titles_title":"","_seopress_titles_desc":"","_seopress_robots_index":"","_uag_custom_page_level_css":"","site-sidebar-layout":"default","site-content-layout":"","ast-site-content-layout":"default","site-content-style":"default","site-sidebar-style":"default","ast-global-header-display":"","ast-banner-title-visibility":"","ast-main-header-display":"","ast-hfb-above-header-display":"","ast-hfb-below-header-display":"","ast-hfb-mobile-header-display":"","site-post-title":"","ast-breadcrumbs-content":"","ast-featured-img":"","footer-sml-layout":"","ast-disable-related-posts":"","theme-transparent-header-meta":"default","adv-header-id-meta":"","stick-header-meta":"default","header-above-stick-meta":"","header-main-stick-meta":"","header-below-stick-meta":"","astra-migrate-meta-layouts":"set","ast-page-background-enabled":"default","ast-page-background-meta":{"desktop":{"background-color":"","background-image":"","background-repeat":"repeat","background-position":"center center","background-size":"auto","background-attachment":"scroll","background-type":"","background-media":"","overlay-type":"","overlay-color":"","overlay-opacity":"","overlay-gradient":""},"tablet":{"background-color":"","background-image":"","background-repeat":"repeat","background-position":"center center","background-size":"auto","background-attachment":"scroll","background-type":"","background-media":"","overlay-type":"","overlay-color":"","overlay-opacity":"","overlay-gradient":""},"mobile":{"background-color":"","background-image":"","background-repeat":"repeat","background-position":"center center","background-size":"auto","background-attachment":"scroll","background-type":"","background-media":"","overlay-type":"","overlay-color":"","overlay-opacity":"","overlay-gradient":""}},"ast-content-background-meta":{"desktop":{"background-color":"var(--ast-global-color-5)","background-image":"","background-repeat":"repeat","background-position":"center center","background-size":"auto","background-attachment":"scroll","background-type":"","background-media":"","overlay-type":"","overlay-color":"","overlay-opacity":"","overlay-gradient":""},"tablet":{"background-color":"var(--ast-global-color-5)","background-image":"","background-repeat":"repeat","background-position":"center center","background-size":"auto","background-attachment":"scroll","background-type":"","background-media":"","overlay-type":"","overlay-color":"","overlay-opacity":"","overlay-gradient":""},"mobile":{"background-color":"var(--ast-global-color-5)","background-image":"","background-repeat":"repeat","background-position":"center center","background-size":"auto","background-attachment":"scroll","background-type":"","background-media":"","overlay-type":"","overlay-color":"","overlay-opacity":"","overlay-gradient":""}}},"product_brand":[],"product_cat":[21],"product_tag":[199,194,188,195,198,197,189,184,196,186,185,187,191,193,192,190],"class_list":{"0":"post-4198","1":"product","2":"type-product","3":"status-publish","4":"has-post-thumbnail","6":"product_cat-oscillating","7":"product_tag-best-cnc-knife-cutting-machine","8":"product_tag-best-oscillating-knife-cutting-machine","9":"product_tag-cnc-drag-knife","10":"product_tag-cnc-knife-cutting-machine","11":"product_tag-cnc-knife-cutting-machine-for-sale","12":"product_tag-cnc-knife-cutting-machine-price","13":"product_tag-cnc-tangential-knife","14":"product_tag-flatbed-digital-plotter","15":"product_tag-oscillating-knife","16":"product_tag-oscillating-knife-blade-cnc","17":"product_tag-oscillating-knife-cutter","18":"product_tag-oscillating-knife-cutter-for-sale","19":"product_tag-oscillating-knife-cutting-machine","20":"product_tag-oscillating-knife-cutting-machine-for-sale","21":"product_tag-oscillating-knife-cutting-machine-price","22":"product_tag-oscillating-tangential-knife","23":"desktop-align-left","24":"tablet-align-left","25":"mobile-align-left","26":"ast-product-gallery-layout-horizontal-slider","27":"ast-product-gallery-with-no-image","28":"ast-product-tabs-layout-horizontal","30":"first","31":"instock","32":"shipping-taxable","33":"product-type-simple"},"uagb_featured_image_src":{"full":["https:\/\/wisecnclaser.com\/wp-content\/uploads\/2025\/10\/2025.png",1072,1072,false],"thumbnail":["https:\/\/wisecnclaser.com\/wp-content\/uploads\/2025\/10\/2025-150x150.png",150,150,true],"medium":["https:\/\/wisecnclaser.com\/wp-content\/uploads\/2025\/10\/2025-300x300.png",300,300,true],"medium_large":["https:\/\/wisecnclaser.com\/wp-content\/uploads\/2025\/10\/2025-768x768.png",768,768,true],"large":["https:\/\/wisecnclaser.com\/wp-content\/uploads\/2025\/10\/2025-1024x1024.png",1024,1024,true],"1536x1536":["https:\/\/wisecnclaser.com\/wp-content\/uploads\/2025\/10\/2025.png",1072,1072,false],"2048x2048":["https:\/\/wisecnclaser.com\/wp-content\/uploads\/2025\/10\/2025.png",1072,1072,false],"trp-custom-language-flag":["https:\/\/wisecnclaser.com\/wp-content\/uploads\/2025\/10\/2025-12x12.png",12,12,true],"woocommerce_thumbnail":["https:\/\/wisecnclaser.com\/wp-content\/uploads\/2025\/10\/2025-300x300.png",300,300,true],"woocommerce_single":["https:\/\/wisecnclaser.com\/wp-content\/uploads\/2025\/10\/2025-600x600.png",600,600,true],"woocommerce_gallery_thumbnail":["https:\/\/wisecnclaser.com\/wp-content\/uploads\/2025\/10\/2025-100x100.png",100,100,true]},"uagb_author_info":{"display_name":"jinxing6611@gmail.com","author_link":"https:\/\/wisecnclaser.com\/cs\/author\/"},"uagb_comment_info":0,"uagb_excerpt":"WS2025 CNC Oscillating Knife Cutting Machine with Integrated CCD Camera and Oscillating Knife Drag Knife In the world of digital fabrication, precision, speed, and versatility are paramount. Introducing our state-of-the-art CNC oscillating knife cutting machine, engineered to set new standards for cutting a wide array of medium-density materials. This machine seamlessly integrates the raw power&hellip;","_links":{"self":[{"href":"https:\/\/wisecnclaser.com\/cs\/wp-json\/wp\/v2\/product\/4198","targetHints":{"allow":["GET"]}}],"collection":[{"href":"https:\/\/wisecnclaser.com\/cs\/wp-json\/wp\/v2\/product"}],"about":[{"href":"https:\/\/wisecnclaser.com\/cs\/wp-json\/wp\/v2\/types\/product"}],"wp:featuredmedia":[{"embeddable":true,"href":"https:\/\/wisecnclaser.com\/cs\/wp-json\/wp\/v2\/media\/4201"}],"wp:attachment":[{"href":"https:\/\/wisecnclaser.com\/cs\/wp-json\/wp\/v2\/media?parent=4198"}],"wp:term":[{"taxonomy":"product_brand","embeddable":true,"href":"https:\/\/wisecnclaser.com\/cs\/wp-json\/wp\/v2\/product_brand?post=4198"},{"taxonomy":"product_cat","embeddable":true,"href":"https:\/\/wisecnclaser.com\/cs\/wp-json\/wp\/v2\/product_cat?post=4198"},{"taxonomy":"product_tag","embeddable":true,"href":"https:\/\/wisecnclaser.com\/cs\/wp-json\/wp\/v2\/product_tag?post=4198"}],"curies":[{"name":"wp","href":"https:\/\/api.w.org\/{rel}","templated":true}]}}