{"id":4302,"date":"2026-01-12T05:55:40","date_gmt":"2026-01-12T05:55:40","guid":{"rendered":"https:\/\/wisecnclaser.com\/?post_type=product&#038;p=4302"},"modified":"2026-01-12T05:55:41","modified_gmt":"2026-01-12T05:55:41","slug":"ws4500-automatic-computer-cnc-panel-saw-your-best-cnc-wood-cutting-saw-for-automated-panel-processing","status":"publish","type":"product","link":"https:\/\/wisecnclaser.com\/cs\/produkt\/ws4500-automatic-computer-cnc-panel-saw-your-best-cnc-wood-cutting-saw-for-automated-panel-processing\/","title":{"rendered":"WS4500 Automatick\u00e1 po\u010d\u00edta\u010dov\u00e1 CNC pila na d\u0159evo - va\u0161e nejlep\u0161\u00ed CNC pila na d\u0159evo pro automatizovan\u00e9 zpracov\u00e1n\u00ed panel\u016f"},"content":{"rendered":"<p>Po\u010d\u00edta\u010dov\u00e1 pila WS4500 : Objevte p\u0159esnost a efektivitu p\u0159i \u0159ez\u00e1n\u00ed panel\u016f<\/p>\n<p>&nbsp;<\/p>\n<p>Po\u010d\u00edta\u010dov\u00e1 deskov\u00e1 pila \u0159ady 4500 p\u0159edstavuje vrchol automatizovan\u00e9 technologie \u0159ez\u00e1n\u00ed pro profesion\u00e1ly v oblasti zpracov\u00e1n\u00ed d\u0159eva. Tato paprskov\u00e1 pila, navr\u017een\u00e1 pro velkos\u00e9riovou v\u00fdrobu, spojuje robustn\u00ed konstrukci s inteligentn\u00edm softwarem a zaji\u0161\u0165uje bezchybn\u00e9 a opakovateln\u00e9 \u0159ezy deskov\u00fdch materi\u00e1l\u016f, jako jsou p\u0159ekli\u017eky, MDF, d\u0159evot\u0159\u00edskov\u00e9 desky a lamin\u00e1ty. Pokud po\u017eadujete p\u0159esnost m\u011b\u0159enou na zlomky milimetru a efektivitu, kter\u00e1 zkracuje v\u00fdrobn\u00ed \u010das, je \u0159ada 4500 ur\u010dena pr\u00e1v\u011b pro v\u00e1s.<\/p>\n<p>&nbsp;<\/p>\n<p>Pro\u010d je \u0159ada 4500 pova\u017eov\u00e1na za nejlep\u0161\u00ed CNC pilu na \u0159ez\u00e1n\u00ed d\u0159eva<\/p>\n<p>&nbsp;<\/p>\n<ol>\n<li>\u00a0Bezkonkuren\u010dn\u00ed p\u0159esnost \u0159ezu a \u010dist\u00fd povrch:N\u00e1\u0161 pokro\u010dil\u00fd syst\u00e9m servopohonu a pevn\u00fd vodic\u00ed mechanismus zaji\u0161\u0165uj\u00ed, \u017ee ka\u017ed\u00fd \u0159ez je dokonale rovn\u00fd a bez t\u0159\u00edsek. Automatick\u00e9 po\u010d\u00edta\u010dov\u00e9 \u0159\u00edzen\u00ed paprskov\u00e9 pily eliminuje lidskou chybu a zaru\u010duje konzistentn\u00ed rozm\u011bry d\u00edl\u016f d\u00e1vku po d\u00e1vce, \u010d\u00edm\u017e minimalizuje pl\u00fdtv\u00e1n\u00ed materi\u00e1lem a p\u0159epracov\u00e1n\u00ed.<\/li>\n<\/ol>\n<p>&nbsp;<\/p>\n<ol start=\"2\">\n<li>\u00a0Pln\u011b automatizovan\u00fd, vysokorychlostn\u00ed provoz: \u0158ada 4500 zefektiv\u0148uje cel\u00fd pracovn\u00ed postup od automatick\u00e9ho vkl\u00e1d\u00e1n\u00ed a polohov\u00e1n\u00ed a\u017e po optimalizovan\u00e9 \u0159ez\u00e1n\u00ed a t\u0159\u00edd\u011bn\u00ed. Tato automatick\u00e1 po\u010d\u00edta\u010dov\u00e1 paprskov\u00e1 pila je vybavena inteligentn\u00edm \u0159ezac\u00edm softwarem, kter\u00fd hn\u00edzd\u00ed d\u00edly tak, aby maximalizoval v\u00fdt\u011b\u017enost z ka\u017ed\u00e9ho archu, \u010d\u00edm\u017e v\u00fdrazn\u011b zvy\u0161uje va\u0161i propustnost a ziskovost.<\/li>\n<\/ol>\n<p>&nbsp;<\/p>\n<ol start=\"3\">\n<li>\u00a0Robustn\u00ed a spolehliv\u00e1 konstrukce tr\u00e1mov\u00e9 pily: Pila 4500 je vyrobena z odoln\u00e9ho ocelov\u00e9ho r\u00e1mu a p\u0159esn\u00fdch sou\u010d\u00e1st\u00ed a je ur\u010dena pro nep\u0159etr\u017eit\u00fd pr\u016fmyslov\u00fd provoz. Zaji\u0161\u0165uje dlouhodobou stabilitu a odolnost a poskytuje spolehlivou p\u00e1te\u0159 va\u0161\u00ed v\u00fdrobn\u00ed linky.<\/li>\n<\/ol>\n<p>&nbsp;<\/p>\n<ol start=\"4\">\n<li>U\u017eivatelsky p\u0159\u00edv\u011btiv\u00e9 po\u010d\u00edta\u010dov\u00e9 ovl\u00e1d\u00e1n\u00ed: Intuitivn\u00ed rozhran\u00ed dotykov\u00e9 obrazovky usnad\u0148uje nastaven\u00ed a prov\u00e1d\u011bn\u00ed slo\u017eit\u00fdch \u0159ezac\u00edch program\u016f. Obsluha m\u016f\u017ee snadno spravovat zak\u00e1zky, vizualizovat \u0159ezn\u00e9 vzory a sledovat stav stroje, tak\u017ee po\u010d\u00edta\u010dov\u00fd panel pily je p\u0159\u00edstupn\u00fd a z\u00e1rove\u0148 v\u00fdkonn\u00fd.<\/li>\n<\/ol>\n<p>Ide\u00e1ln\u00ed aplikace:<\/p>\n<p>V\u00fdroba sk\u0159\u00edn\u00ed a toaletn\u00edch pot\u0159eb: Efektivn\u00ed v\u00fdroba p\u0159esn\u00fdch bo\u010dnic sk\u0159\u00edn\u00ed, dve\u0159\u00ed a polic.<\/p>\n<p>N\u00e1bytek a vestavby na zak\u00e1zku: Zpracov\u00e1vejte slo\u017eit\u00e9 seznamy \u0159ez\u016f pro reziden\u010dn\u00ed a komer\u010dn\u00ed projekty.<\/p>\n<p>Kancel\u00e1\u0159sk\u00e9 a obchodn\u00ed vybaven\u00ed: Dos\u00e1hn\u011bte dokonal\u00fdch \u0159ez\u016f pro vitr\u00edny a d\u011bl\u00edc\u00ed syst\u00e9my.<\/p>\n<p>Zna\u010den\u00ed a pr\u016fmyslov\u00e9 komponenty: Zpracov\u00e1vejte spolehliv\u011b \u0161irokou \u0161k\u00e1lu deskov\u00fdch materi\u00e1l\u016f.<\/p>\n<p>&nbsp;<\/p>\n<p>Nejd\u016fle\u017eit\u011bj\u0161\u00ed technick\u00e9 informace:<\/p>\n<p>Model: 4500 Series Automatick\u00e1 po\u010d\u00edta\u010dov\u00e1 pila na panely<\/p>\n<p>Kapacita \u0159ez\u00e1n\u00ed: Vysoce v\u00fdkonn\u00e1 \u0161\u00ed\u0159ka a d\u00e9lka \u0159ezu pro standardn\u00ed i nadrozm\u011brn\u00e9 panely.<\/p>\n<p>Syst\u00e9m pohonu: Vysoce p\u0159esn\u00e9 servomotory a kuli\u010dkov\u00e9 \u0161rouby.<\/p>\n<p>\u0158\u00eddic\u00ed syst\u00e9m: Pr\u016fmyslov\u00fd po\u010d\u00edta\u010d s optimalizovan\u00fdm softwarem pro \u0159ez\u00e1n\u00ed a vykrajov\u00e1n\u00ed.<\/p>\n<p>Bezpe\u010dnostn\u00ed prvky: Komplexn\u00ed ochrann\u00e9 prvky, nouzov\u00e9 zastaven\u00ed a bezpe\u010dnostn\u00ed senzory.<\/p>\n<p>&nbsp;<\/p>\n<p>Technick\u00e9 parametry CNC \u0159ezac\u00ed pily na d\u0159evo:<\/p>\n<table>\n<tbody>\n<tr>\n<td width=\"769\">Maxim\u00e1ln\u00ed d\u00e9lka \u0159ezu<\/td>\n<td width=\"475\">4500 mm<\/td>\n<\/tr>\n<tr>\n<td width=\"769\">Maxim\u00e1ln\u00ed v\u00fd\u0161ka \u0159ezu<\/td>\n<td width=\"475\">100 mm<\/td>\n<\/tr>\n<tr>\n<td width=\"769\">Minim\u00e1ln\u00ed velikost \u0159ezu<\/td>\n<td width=\"475\">100*100 mm<\/td>\n<\/tr>\n<tr>\n<td width=\"769\">V\u00fdkon motoru hlavn\u00edho pilov\u00e9ho kotou\u010de<\/td>\n<td width=\"475\">16,5 kW<\/td>\n<\/tr>\n<tr>\n<td width=\"769\">Pr\u016fm\u011br hlavn\u00edho pilov\u00e9ho kotou\u010de<\/td>\n<td width=\"475\">400 mm<\/td>\n<\/tr>\n<tr>\n<td width=\"769\">Pr\u016fm\u011br hlavn\u00edho v\u0159etena<\/td>\n<td width=\"475\">75 mm<\/td>\n<\/tr>\n<tr>\n<td width=\"769\">Ot\u00e1\u010dky hlavn\u00edho pilov\u00e9ho kotou\u010de<\/td>\n<td width=\"475\">4000 ot\/min<\/td>\n<\/tr>\n<tr>\n<td width=\"769\">V\u00fdkon motoru bodovac\u00ed pily<\/td>\n<td width=\"475\">2,2 kW<\/td>\n<\/tr>\n<tr>\n<td width=\"769\">Pr\u016fm\u011br bodovac\u00ed pily<\/td>\n<td width=\"475\">180 mm<\/td>\n<\/tr>\n<tr>\n<td width=\"769\">Pr\u016fm\u011br bodovac\u00edho v\u0159etena<\/td>\n<td width=\"475\">50 mm<\/td>\n<\/tr>\n<tr>\n<td width=\"769\">Rychlost bodovac\u00ed pily<\/td>\n<td width=\"475\">6000 ot\/min<\/td>\n<\/tr>\n<tr>\n<td width=\"769\">Pohonn\u00fd motor tla\u010dn\u00e9ho syst\u00e9mu<\/td>\n<td width=\"475\">2,4 kW<\/td>\n<\/tr>\n<tr>\n<td width=\"769\">Vysokotlak\u00fd motor dmychadla<\/td>\n<td width=\"475\">3kw<\/td>\n<\/tr>\n<tr>\n<td width=\"769\">pracovn\u00ed tlak vzduchu<\/td>\n<td width=\"475\">6-7 kg\/c\u33a1<\/td>\n<\/tr>\n<tr>\n<td width=\"769\">motor pohonu voz\u00edku pily<\/td>\n<td width=\"475\">3,8 kW<\/td>\n<\/tr>\n<tr>\n<td width=\"769\">V\u00fdkon bo\u010dn\u00edho motoru<\/td>\n<td width=\"475\">90W<\/td>\n<\/tr>\n<tr>\n<td width=\"769\">chapadla<\/td>\n<td width=\"475\">12<\/td>\n<\/tr>\n<tr>\n<td width=\"769\">Nap\u011bt\u00ed<\/td>\n<td width=\"475\">380 V, 50 Hz, 3 f\u00e1ze<\/td>\n<\/tr>\n<tr>\n<td width=\"769\">Velikost stroje<\/td>\n<td width=\"475\">6900*4600*2180 mm<\/td>\n<\/tr>\n<tr>\n<td width=\"769\">hmotnost<\/td>\n<td width=\"475\">6.2T<\/td>\n<\/tr>\n<\/tbody>\n<\/table>\n<p>&nbsp;<\/p>\n<p>Upgradujte svou v\u00fdrobu je\u0161t\u011b dnes<\/p>\n<p>P\u0159esta\u0148te d\u011blat kompromisy v rychlosti, p\u0159esnosti nebo v\u00fdt\u011b\u017enosti materi\u00e1lu. Po\u010d\u00edta\u010dov\u00e1 panelov\u00e1 pila \u0159ady 4500 je kompletn\u00edm \u0159e\u0161en\u00edm pro d\u00edlny a tov\u00e1rny, kter\u00e9 cht\u011bj\u00ed s jistotou roz\u0161i\u0159ovat sv\u00e9 provozy.<\/p>\n<p>&nbsp;<\/p>\n<p>Vy\u017e\u00e1dejte si cenovou nab\u00eddku, podrobn\u00e9 specifikace nebo si napl\u00e1nujte virtu\u00e1ln\u00ed uk\u00e1zku je\u0161t\u011b dnes!<\/p>\n<div class=\"ast-oembed-container\" style=\"height: 100%;\"><iframe title=\"Cnc paprskov\u00e1 pila, elektrick\u00e1 pila, po\u010d\u00edta\u010dov\u00e1 cnc paprskov\u00e1 pila, pila na \u0159ez\u00e1n\u00ed d\u0159eva, jinan moudr\u00fd cnc laserov\u00fd stroj\" width=\"500\" height=\"281\" src=\"https:\/\/www.youtube.com\/embed\/F3wZ9P1rqRY?feature=oembed\" frameborder=\"0\" allow=\"accelerometer; autoplay; clipboard-write; encrypted-media; gyroscope; picture-in-picture; web-share\" referrerpolicy=\"strict-origin-when-cross-origin\" allowfullscreen><\/iframe><\/div>","protected":false},"excerpt":{"rendered":"<p>Explore the 4500 Series automatic computer beam saw. Designed as the ultimate beam saw machine for cabinets, furniture, and fixtures, it delivers unmatched precision, speed, and reliability for modern wood\u00a0shops.<\/p>","protected":false},"featured_media":4305,"template":"","meta":{"_seopress_robots_primary_cat":"","_seopress_titles_title":"","_seopress_titles_desc":"","_seopress_robots_index":"","_uag_custom_page_level_css":"","site-sidebar-layout":"default","site-content-layout":"","ast-site-content-layout":"default","site-content-style":"default","site-sidebar-style":"default","ast-global-header-display":"","ast-banner-title-visibility":"","ast-main-header-display":"","ast-hfb-above-header-display":"","ast-hfb-below-header-display":"","ast-hfb-mobile-header-display":"","site-post-title":"","ast-breadcrumbs-content":"","ast-featured-img":"","footer-sml-layout":"","ast-disable-related-posts":"","theme-transparent-header-meta":"default","adv-header-id-meta":"","stick-header-meta":"default","header-above-stick-meta":"","header-main-stick-meta":"","header-below-stick-meta":"","astra-migrate-meta-layouts":"set","ast-page-background-enabled":"default","ast-page-background-meta":{"desktop":{"background-color":"","background-image":"","background-repeat":"repeat","background-position":"center center","background-size":"auto","background-attachment":"scroll","background-type":"","background-media":"","overlay-type":"","overlay-color":"","overlay-opacity":"","overlay-gradient":""},"tablet":{"background-color":"","background-image":"","background-repeat":"repeat","background-position":"center center","background-size":"auto","background-attachment":"scroll","background-type":"","background-media":"","overlay-type":"","overlay-color":"","overlay-opacity":"","overlay-gradient":""},"mobile":{"background-color":"","background-image":"","background-repeat":"repeat","background-position":"center center","background-size":"auto","background-attachment":"scroll","background-type":"","background-media":"","overlay-type":"","overlay-color":"","overlay-opacity":"","overlay-gradient":""}},"ast-content-background-meta":{"desktop":{"background-color":"var(--ast-global-color-5)","background-image":"","background-repeat":"repeat","background-position":"center center","background-size":"auto","background-attachment":"scroll","background-type":"","background-media":"","overlay-type":"","overlay-color":"","overlay-opacity":"","overlay-gradient":""},"tablet":{"background-color":"var(--ast-global-color-5)","background-image":"","background-repeat":"repeat","background-position":"center center","background-size":"auto","background-attachment":"scroll","background-type":"","background-media":"","overlay-type":"","overlay-color":"","overlay-opacity":"","overlay-gradient":""},"mobile":{"background-color":"var(--ast-global-color-5)","background-image":"","background-repeat":"repeat","background-position":"center center","background-size":"auto","background-attachment":"scroll","background-type":"","background-media":"","overlay-type":"","overlay-color":"","overlay-opacity":"","overlay-gradient":""}}},"product_brand":[],"product_cat":[39],"product_tag":[231,230,95,229,235,232,178,236,237,234,233],"class_list":{"0":"post-4302","1":"product","2":"type-product","3":"status-publish","4":"has-post-thumbnail","6":"product_cat-cuttingsaw","7":"product_tag-automated-panel-saw","8":"product_tag-automatic-computer-beam-saw","9":"product_tag-beam-saw-machine","10":"product_tag-best-cnc-wood-cutting-saw","11":"product_tag-cabinet-production-saw","12":"product_tag-cnc-beamsaw","13":"product_tag-computer-panel-saw","14":"product_tag-high-precision-cutting","15":"product_tag-industrial-panel-saw","16":"product_tag-panel-processing","17":"product_tag-woodworking-machinery","18":"desktop-align-left","19":"tablet-align-left","20":"mobile-align-left","21":"ast-product-gallery-layout-horizontal-slider","22":"ast-product-gallery-with-no-image","23":"ast-product-tabs-layout-horizontal","25":"first","26":"instock","27":"shipping-taxable","28":"product-type-simple"},"uagb_featured_image_src":{"full":["https:\/\/wisecnclaser.com\/wp-content\/uploads\/2026\/01\/4500.png",1082,1082,false],"thumbnail":["https:\/\/wisecnclaser.com\/wp-content\/uploads\/2026\/01\/4500-150x150.png",150,150,true],"medium":["https:\/\/wisecnclaser.com\/wp-content\/uploads\/2026\/01\/4500-300x300.png",300,300,true],"medium_large":["https:\/\/wisecnclaser.com\/wp-content\/uploads\/2026\/01\/4500-768x768.png",768,768,true],"large":["https:\/\/wisecnclaser.com\/wp-content\/uploads\/2026\/01\/4500-1024x1024.png",1024,1024,true],"1536x1536":["https:\/\/wisecnclaser.com\/wp-content\/uploads\/2026\/01\/4500.png",1082,1082,false],"2048x2048":["https:\/\/wisecnclaser.com\/wp-content\/uploads\/2026\/01\/4500.png",1082,1082,false],"trp-custom-language-flag":["https:\/\/wisecnclaser.com\/wp-content\/uploads\/2026\/01\/4500-12x12.png",12,12,true],"woocommerce_thumbnail":["https:\/\/wisecnclaser.com\/wp-content\/uploads\/2026\/01\/4500-300x300.png",300,300,true],"woocommerce_single":["https:\/\/wisecnclaser.com\/wp-content\/uploads\/2026\/01\/4500-600x600.png",600,600,true],"woocommerce_gallery_thumbnail":["https:\/\/wisecnclaser.com\/wp-content\/uploads\/2026\/01\/4500-100x100.png",100,100,true]},"uagb_author_info":{"display_name":"jinxing6611@gmail.com","author_link":"https:\/\/wisecnclaser.com\/cs\/author\/"},"uagb_comment_info":0,"uagb_excerpt":"Explore the 4500 Series automatic computer beam saw. Designed as the ultimate beam saw machine for cabinets, furniture, and fixtures, it delivers unmatched precision, speed, and reliability for modern wood\u00a0shops.","_links":{"self":[{"href":"https:\/\/wisecnclaser.com\/cs\/wp-json\/wp\/v2\/product\/4302","targetHints":{"allow":["GET"]}}],"collection":[{"href":"https:\/\/wisecnclaser.com\/cs\/wp-json\/wp\/v2\/product"}],"about":[{"href":"https:\/\/wisecnclaser.com\/cs\/wp-json\/wp\/v2\/types\/product"}],"wp:featuredmedia":[{"embeddable":true,"href":"https:\/\/wisecnclaser.com\/cs\/wp-json\/wp\/v2\/media\/4305"}],"wp:attachment":[{"href":"https:\/\/wisecnclaser.com\/cs\/wp-json\/wp\/v2\/media?parent=4302"}],"wp:term":[{"taxonomy":"product_brand","embeddable":true,"href":"https:\/\/wisecnclaser.com\/cs\/wp-json\/wp\/v2\/product_brand?post=4302"},{"taxonomy":"product_cat","embeddable":true,"href":"https:\/\/wisecnclaser.com\/cs\/wp-json\/wp\/v2\/product_cat?post=4302"},{"taxonomy":"product_tag","embeddable":true,"href":"https:\/\/wisecnclaser.com\/cs\/wp-json\/wp\/v2\/product_tag?post=4302"}],"curies":[{"name":"wp","href":"https:\/\/api.w.org\/{rel}","templated":true}]}}