{"id":59,"date":"2025-05-20T07:32:07","date_gmt":"2025-05-20T07:32:07","guid":{"rendered":"https:\/\/wisecnclaser.com\/about\/"},"modified":"2025-05-23T02:59:13","modified_gmt":"2025-05-23T02:59:13","slug":"about","status":"publish","type":"page","link":"https:\/\/wisecnclaser.com\/es\/about\/","title":{"rendered":"Acerca de"},"content":{"rendered":"<div data-elementor-type=\"wp-page\" data-elementor-id=\"59\" class=\"elementor elementor-59\" data-elementor-post-type=\"page\">\n\t\t\t\t<div class=\"elementor-element elementor-element-3de2832 e-flex e-con-boxed e-con e-parent\" data-id=\"3de2832\" data-element_type=\"container\" data-e-type=\"container\">\n\t\t\t\t\t<div class=\"e-con-inner\">\n\t\t\t\t<div class=\"elementor-element elementor-element-1a1db08 elementor-widget elementor-widget-ucaddon_square_icon_box\" data-id=\"1a1db08\" data-element_type=\"widget\" data-e-type=\"widget\" data-widget_type=\"ucaddon_square_icon_box.default\">\n\t\t\t\t<div class=\"elementor-widget-container\">\n\t\t\t\t\t\n<!-- start Icon Box -->\n\t\t<link id='font-awesome-css' href='https:\/\/wisecnclaser.com\/wp-content\/plugins\/unlimited-elements-for-elementor-premium\/assets_libraries\/font-awesome6\/fontawesome-all.min.css' type='text\/css' rel='stylesheet' >\n\t\t<link id='font-awesome-4-shim-css' href='https:\/\/wisecnclaser.com\/wp-content\/plugins\/unlimited-elements-for-elementor-premium\/assets_libraries\/font-awesome6\/fontawesome-v4-shims.min.css' type='text\/css' rel='stylesheet' >\n\n<style>\/* widget: Icon Box *\/\n\n#uc_square_icon_box_elementor_1a1db08 * { \n\tbox-sizing: border-box; \n}\n\n#uc_square_icon_box_elementor_1a1db08{\n\tfont-family: inherit;\n    transition:0.3s;\n    position:relative;\n}\n\n#uc_square_icon_box_elementor_1a1db08 .blox-boxed-small-square-icon-box-icon{\n\t\n\tposition:relative;\n    display:flex;\n    justify-content:center;\n    align-items:center;\n    transform:rotate(0deg);\n    z-index:2;\n}\n#uc_square_icon_box_elementor_1a1db08 .ue-icon {\n  display:inline-block;\n}\n#uc_square_icon_box_elementor_1a1db08 .blox-boxed-small-square-icon-box-icon > div{\n\t\n\tposition:relative;\n    display:flex;\n    justify-content:center;\n    align-items:center;\n    transform:rotate(-0deg);\n}\n#uc_square_icon_box_elementor_1a1db08 .ue-icon-inner{\n    line-height:1em;\n\t} \t\n\n\n#uc_square_icon_box_elementor_1a1db08 .ue-icon-inner svg{\n    height:1em;\n    width:1em;\n\t} \t\n\t\n.blox-boxed-small-square-icon-box-heading{\n\tfont-size:21px;\n\t}\n\n\n#uc_square_icon_box_elementor_1a1db08:hover\n{\n  position:relative;\n  z-index:1;\n}\n\n\n#uc_square_icon_box_elementor_1a1db08 .ue_box_button\n{\n  text-align:center;\n  text-decoration:none;\n  display:inline-block;\n  transition:0.3s;\n}\n\n\n#uc_square_icon_box_elementor_1a1db08 span.line\n{\n  display:block;\n  position:absolute;\n  top:0;\n  left:0;\n  width:0px;\n  transition:0.3s;\n}\n\n#uc_square_icon_box_elementor_1a1db08:hover span.line\n{\n  width:100%;\n}\n\n#uc_square_icon_box_elementor_1a1db08 .ue-title-separator span\n{\n  display:inline-block;\n  transition:0.3s;\n}\n\n\n\n\n\n<\/style>\n\n<div class=\"square_icon_box\" id=\"uc_square_icon_box_elementor_1a1db08\">\n  \n  \t\t  \n  \n         \n  \t\t        <div class=\"blox-boxed-small-square-icon-box-heading\">\n        \tJinan Wise CNC Laser Machinery Co.\n        <\/div>\n          \n  \t\t             <div class=\"ue-title-separator\">\n               <span><\/span>\n             <\/div>\n          \n  \n          \n  \t\t        \n          \n  \t\t  \n<\/div>\n<!-- end Icon Box -->\t\t\t\t<\/div>\n\t\t\t\t<\/div>\n\t\t\t\t<div class=\"elementor-element elementor-element-7853ca7 elementor-widget elementor-widget-text-editor\" data-id=\"7853ca7\" data-element_type=\"widget\" data-e-type=\"widget\" data-widget_type=\"text-editor.default\">\n\t\t\t\t<div class=\"elementor-widget-container\">\n\t\t\t\t\t\t\t\t\t<p>Jinan Wise CNC Laser Machinery Co., Ltd. es un fabricante especializado en m\u00e1quinas para trabajar la madera, m\u00e1quinas de encolado de bordes, m\u00e1quinas de corte de metal, fresadoras de corte de espuma, m\u00e1quinas de corte plano, m\u00e1quinas de piedra, m\u00e1quinas l\u00e1ser co2. Situado en la ciudad de Jinan, provincia de Shandong, China. mantenemos R&amp;D m\u00e1quina de nueva tecnolog\u00eda para muchos campos, tales como muebles de panel, puerta de madera, gabinete, talla de piedra, corte de metal, modelo arquitect\u00f3nico, industria de la publicidad, la artesan\u00eda y las artes, la instituci\u00f3n educativa, la industria de marcado por l\u00e1ser, etc.\u00a0<\/p><p>Jinan Wise CNC Laser Machinery obtiene la confianza de clientes nuevos y antiguos en funci\u00f3n de la calidad estable y el mejor servicio post-venta. Nos dedicamos a servir a nuestros clientes con toda nuestra pasi\u00f3n y profesi\u00f3n.\u00a0<\/p><p>Cualquier persona con diferentes necesidades puede encontrar la m\u00e1quina l\u00e1ser adecuada aqu\u00ed, le proporcionaremos la mejor soluci\u00f3n para la industria y la aplicaci\u00f3n especial.\u00a0<\/p><p>No s\u00f3lo somos proveedores o productores, somos proveedores de soluciones de m\u00e1quinas CNC y l\u00e1ser, esperamos tener la oportunidad de ayudarle a crecer juntos en la industria relativa.<\/p><p><strong>Ventajas de la empresa<\/strong><strong>:<\/strong><\/p><p>1. Tenemos m\u00e1s de 17 a\u00f1os de experiencia en la producci\u00f3n, y mantener la I + D de nuevos productos para la demanda del mercado.<\/p><p>2. Todos los trabajadores tienen muchos a\u00f1os de experiencia en el montaje, son competentes con la producci\u00f3n, por lo que podemos entregarle la m\u00e1quina a tiempo.<\/p><p>3. El personal de ventas y el personal t\u00e9cnico son cuidadosos y pacientes, pueden responder a cualquier pregunta t\u00e9cnica sobre la m\u00e1quina, los documentos tambi\u00e9n ser\u00e1n preparados cuidadosamente y detalladamente.<\/p><p>4. le proporcionaremos el mejor servicio post-venta, cada persona de post-venta tiene pasaporte, si hay alg\u00fan gran problema, podemos resolverlo en 24 horas, o incluso enviar a alguna persona a su f\u00e1brica para el mantenimiento a tiempo.<\/p><p>5. Tenemos suficientes piezas en stock, si necesita piezas, se las enviaremos en 6 horas.<\/p>\t\t\t\t\t\t\t\t<\/div>\n\t\t\t\t<\/div>\n\t\t\t\t\t<\/div>\n\t\t\t\t<\/div>\n\t\t\t\t<\/div>","protected":false},"excerpt":{"rendered":"<p>Jinan Wise CNC Laser Machinery Co., Ltd. Jinan Wise CNC Laser Machinery Co., Ltd.\u00a0 is specialized manufacturer of woodworking machine, edge banding machine, metal cutting machine, foam cutting milling machine, flatbed cutting machine, stone machine, co2 laser machine. Located in Jinan city, Shandong province, China. we keep R&amp;D new-tech machine for many fields such as [&hellip;]<\/p>\n","protected":false},"author":0,"featured_media":0,"parent":0,"menu_order":0,"comment_status":"closed","ping_status":"closed","template":"","meta":{"_seopress_robots_primary_cat":"","_seopress_titles_title":"","_seopress_titles_desc":"","_seopress_robots_index":"","_uag_custom_page_level_css":"","site-sidebar-layout":"no-sidebar","site-content-layout":"plain-container","ast-site-content-layout":"full-width-container","site-content-style":"default","site-sidebar-style":"default","ast-global-header-display":"","ast-banner-title-visibility":"","ast-main-header-display":"","ast-hfb-above-header-display":"","ast-hfb-below-header-display":"","ast-hfb-mobile-header-display":"","site-post-title":"disabled","ast-breadcrumbs-content":"","ast-featured-img":"disabled","footer-sml-layout":"","ast-disable-related-posts":"","theme-transparent-header-meta":"enabled","adv-header-id-meta":"","stick-header-meta":"","header-above-stick-meta":"","header-main-stick-meta":"","header-below-stick-meta":"","astra-migrate-meta-layouts":"set","ast-page-background-enabled":"default","ast-page-background-meta":{"desktop":{"background-color":"","background-image":"","background-repeat":"repeat","background-position":"center center","background-size":"auto","background-attachment":"scroll","background-type":"","background-media":"","overlay-type":"","overlay-color":"","overlay-opacity":"","overlay-gradient":""},"tablet":{"background-color":"","background-image":"","background-repeat":"repeat","background-position":"center center","background-size":"auto","background-attachment":"scroll","background-type":"","background-media":"","overlay-type":"","overlay-color":"","overlay-opacity":"","overlay-gradient":""},"mobile":{"background-color":"","background-image":"","background-repeat":"repeat","background-position":"center center","background-size":"auto","background-attachment":"scroll","background-type":"","background-media":"","overlay-type":"","overlay-color":"","overlay-opacity":"","overlay-gradient":""}},"ast-content-background-meta":{"desktop":{"background-color":"var(--ast-global-color-5)","background-image":"","background-repeat":"repeat","background-position":"center center","background-size":"auto","background-attachment":"scroll","background-type":"","background-media":"","overlay-type":"","overlay-color":"","overlay-opacity":"","overlay-gradient":""},"tablet":{"background-color":"var(--ast-global-color-5)","background-image":"","background-repeat":"repeat","background-position":"center center","background-size":"auto","background-attachment":"scroll","background-type":"","background-media":"","overlay-type":"","overlay-color":"","overlay-opacity":"","overlay-gradient":""},"mobile":{"background-color":"var(--ast-global-color-5)","background-image":"","background-repeat":"repeat","background-position":"center center","background-size":"auto","background-attachment":"scroll","background-type":"","background-media":"","overlay-type":"","overlay-color":"","overlay-opacity":"","overlay-gradient":""}},"footnotes":""},"class_list":["post-59","page","type-page","status-publish","hentry"],"uagb_featured_image_src":{"full":false,"thumbnail":false,"medium":false,"medium_large":false,"large":false,"1536x1536":false,"2048x2048":false,"trp-custom-language-flag":false,"woocommerce_thumbnail":false,"woocommerce_single":false,"woocommerce_gallery_thumbnail":false},"uagb_author_info":{"display_name":"","author_link":"https:\/\/wisecnclaser.com\/es\/author\/"},"uagb_comment_info":0,"uagb_excerpt":"Jinan Wise CNC Laser Machinery Co., Ltd. Jinan Wise CNC Laser Machinery Co., Ltd.\u00a0 is specialized manufacturer of woodworking machine, edge banding machine, metal cutting machine, foam cutting milling machine, flatbed cutting machine, stone machine, co2 laser machine. Located in Jinan city, Shandong province, China. we keep R&amp;D new-tech machine for many fields such as&hellip;","_links":{"self":[{"href":"https:\/\/wisecnclaser.com\/es\/wp-json\/wp\/v2\/pages\/59","targetHints":{"allow":["GET"]}}],"collection":[{"href":"https:\/\/wisecnclaser.com\/es\/wp-json\/wp\/v2\/pages"}],"about":[{"href":"https:\/\/wisecnclaser.com\/es\/wp-json\/wp\/v2\/types\/page"}],"replies":[{"embeddable":true,"href":"https:\/\/wisecnclaser.com\/es\/wp-json\/wp\/v2\/comments?post=59"}],"version-history":[{"count":17,"href":"https:\/\/wisecnclaser.com\/es\/wp-json\/wp\/v2\/pages\/59\/revisions"}],"predecessor-version":[{"id":3785,"href":"https:\/\/wisecnclaser.com\/es\/wp-json\/wp\/v2\/pages\/59\/revisions\/3785"}],"wp:attachment":[{"href":"https:\/\/wisecnclaser.com\/es\/wp-json\/wp\/v2\/media?parent=59"}],"curies":[{"name":"wp","href":"https:\/\/api.w.org\/{rel}","templated":true}]}}