{"id":1192,"date":"2025-05-20T07:32:07","date_gmt":"2025-05-20T07:32:07","guid":{"rendered":"https:\/\/wisecnclaser.com\/product\/golden-bag-with-chain\/"},"modified":"2026-01-15T06:41:10","modified_gmt":"2026-01-15T06:41:10","slug":"golden-bag-with-chain","status":"publish","type":"product","link":"https:\/\/wisecnclaser.com\/es\/producto\/golden-bag-with-chain\/","title":{"rendered":"M\u00e1quina cortadora de piedra de puente de 5 ejes"},"content":{"rendered":"<p><strong>Caracter\u00edsticas de la m\u00e1quina cortadora de piedra de puente de 5 ejes\uff1a<\/strong><\/p>\n<p>M\u00e1quina de corte de puente por infrarrojos de cinco ejes totalmente autom\u00e1tica, conversi\u00f3n multiling\u00fce, procesamiento de tablero de mesa se puede hacer por una m\u00e1quina, enlace de cinco ejes X-Y-Z-A-B, una gama m\u00e1s amplia de aplicaciones, puede realizar corte, biselado, canteado, ranurado, perforaci\u00f3n, arco circular Otro procesamiento de forma especial, operaci\u00f3n simple y fuerte viabilidad.<\/p>\n<p><strong>Material de procesado:<\/strong><\/p>\n<p>Granito, m\u00e1rmol, piedra artificial, losa y otros tipos de piedra.<\/p>\n<p><strong>Funci\u00f3n:<\/strong><\/p>\n<p>1. El cabezal de la m\u00e1quina puede oscilar en cualquier \u00e1ngulo y puede cortar la chapa en cualquier \u00e1ngulo y forma: corte horizontal, corte longitudinal, corte en arco, corte el\u00edptico y corte redondo. La m\u00e1quina tambi\u00e9n puede utilizarse para el canteado de protuberancias.<\/p>\n<p>2. Adem\u00e1s de la forma de corte, tambi\u00e9n puede cortar la placa grande con 45 \u00b0 biselado, la apertura del agujero de la cuenca, el agujero de la estufa, y el corte diagonal<\/p>\n<p>3. La plataforma puede girar 85\u00b0, lo que resulta conveniente para la carga y descarga.<\/p>\n<p>4. Sin operaciones complicadas, basta con introducir datos en el sistema de control<\/p>\n<p>&nbsp;<\/p>\n<table width=\"662\">\n<tbody>\n<tr class=\"firstRow\">\n<td colspan=\"2\" valign=\"center\" width=\"662\"><strong>Par\u00e1metros t\u00e9cnicos de la m\u00e1quina cortadora de piedra de puente de 5 ejes WS3020<\/strong><\/td>\n<\/tr>\n<tr>\n<td valign=\"top\" width=\"207\">Tama\u00f1o de procesamiento<\/td>\n<td valign=\"top\" width=\"455\">3000*1600mm<\/td>\n<\/tr>\n<tr>\n<td valign=\"top\" width=\"207\">Di\u00e1metro de la hoja de sierra<\/td>\n<td valign=\"top\" width=\"455\">350 mm<\/td>\n<\/tr>\n<tr>\n<td valign=\"top\" width=\"207\">Espesor de corte<\/td>\n<td valign=\"top\" width=\"455\">50 mm<\/td>\n<\/tr>\n<tr>\n<td valign=\"top\" width=\"207\">Sistema de control<\/td>\n<td valign=\"top\" width=\"455\">Sistema propio de control de I+D<\/td>\n<\/tr>\n<tr>\n<td valign=\"top\" width=\"207\">\u00c1ngulo de la aleta de la plataforma<\/td>\n<td valign=\"top\" width=\"455\">0-85\u00b0<\/td>\n<\/tr>\n<tr>\n<td valign=\"top\" width=\"207\">Di\u00e1metro de la sierra<\/td>\n<td valign=\"top\" width=\"455\">350 mm<\/td>\n<\/tr>\n<tr>\n<td valign=\"top\" width=\"207\">\u00c1ngulo de rotaci\u00f3n de la cabeza<\/td>\n<td valign=\"top\" width=\"455\">0-360\u00b0<\/td>\n<\/tr>\n<tr>\n<td valign=\"top\" width=\"207\">\u00c1ngulo de inclinaci\u00f3n de la nariz<\/td>\n<td valign=\"top\" width=\"455\">0 \u00b0o 45<\/td>\n<\/tr>\n<tr>\n<td valign=\"top\" width=\"207\">Software<\/td>\n<td valign=\"top\" width=\"455\">Con<\/td>\n<\/tr>\n<tr>\n<td valign=\"top\" width=\"207\">Motor de corte<\/td>\n<td valign=\"top\" width=\"455\">7,5 kW\/11 kW<\/td>\n<\/tr>\n<tr>\n<td valign=\"top\" width=\"207\">m\u00e9todo de transferencia<\/td>\n<td valign=\"top\" width=\"455\">Transmisi\u00f3n por engranaje del eje X-Y-A, transmisi\u00f3n por tornillo del eje Z<\/td>\n<\/tr>\n<tr>\n<td valign=\"top\" width=\"207\">Camino de entrada<\/td>\n<td valign=\"top\" width=\"455\">Marca china 1.3kw servo motor y buzo+2.2kw<\/td>\n<\/tr>\n<tr>\n<td valign=\"top\" width=\"207\">Program\u00e1ticamente<\/td>\n<td valign=\"top\" width=\"455\">Importaci\u00f3n manual\/gr\u00e1fica<\/td>\n<\/tr>\n<tr>\n<td valign=\"top\" width=\"207\">Peso corporal<\/td>\n<td valign=\"top\" width=\"455\">3500KGS<\/td>\n<\/tr>\n<tr>\n<td valign=\"top\" width=\"207\">Dimensi\u00f3n<\/td>\n<td valign=\"top\" width=\"455\">6000*3000*2000<\/td>\n<\/tr>\n<\/tbody>\n<\/table>\n<div class=\"ast-oembed-container\" style=\"height: 100%;\"><iframe title=\"Puente de 5 ejes m\u00e1quina de corte de piedra m\u00e1quina de corte de forma de piedra #stonecutting #stonemachine\" width=\"500\" height=\"375\" src=\"https:\/\/www.youtube.com\/embed\/qGtoYgz5C2I?feature=oembed\" frameborder=\"0\" allow=\"accelerometer; autoplay; clipboard-write; encrypted-media; gyroscope; picture-in-picture; web-share\" referrerpolicy=\"strict-origin-when-cross-origin\" allowfullscreen><\/iframe><\/div>","protected":false},"excerpt":{"rendered":"<p><strong>Caracter\u00edsticas de la m\u00e1quina cortadora de piedra de puente de 5 ejes\uff1a<\/strong><\/p>\n<p>M\u00e1quina de corte de puente por infrarrojos de cinco ejes totalmente autom\u00e1tica, conversi\u00f3n multiling\u00fce, procesamiento de tablero de mesa se puede hacer por una m\u00e1quina, enlace de cinco ejes X-Y-Z-A-B, una gama m\u00e1s amplia de aplicaciones, puede realizar corte, biselado, canteado, ranurado, perforaci\u00f3n, arco circular Otro procesamiento de forma especial, operaci\u00f3n simple y fuerte viabilidad.<\/p>\n<p><strong>Material de procesado:<\/strong><\/p>\n<p>Granito, m\u00e1rmol, piedra artificial, losa y otros tipos de piedra.<\/p>\n<p><strong>Funci\u00f3n:<\/strong><\/p>\n<p>1. El cabezal de la m\u00e1quina puede oscilar en cualquier \u00e1ngulo y puede cortar la chapa en cualquier \u00e1ngulo y forma: corte horizontal, corte longitudinal, corte en arco, corte el\u00edptico y corte redondo. La m\u00e1quina tambi\u00e9n puede utilizarse para el canteado de protuberancias.<\/p>\n<p>2. Adem\u00e1s de la forma de corte, tambi\u00e9n puede cortar la placa grande con 45 \u00b0 biselado, la apertura del agujero de la cuenca, el agujero de la estufa, y el corte diagonal<\/p>\n<p>3. La plataforma puede girar 85\u00b0, lo que resulta conveniente para la carga y descarga.<\/p>\n<p>4. Sin operaciones complicadas, basta con introducir datos en el sistema de control<\/p>","protected":false},"featured_media":3424,"template":"","meta":{"_seopress_robots_primary_cat":"none","_seopress_titles_title":"","_seopress_titles_desc":"","_seopress_robots_index":"","_uag_custom_page_level_css":"","site-sidebar-layout":"default","site-content-layout":"default","ast-site-content-layout":"default","site-content-style":"default","site-sidebar-style":"default","ast-global-header-display":"","ast-banner-title-visibility":"","ast-main-header-display":"","ast-hfb-above-header-display":"","ast-hfb-below-header-display":"","ast-hfb-mobile-header-display":"","site-post-title":"","ast-breadcrumbs-content":"","ast-featured-img":"","footer-sml-layout":"","ast-disable-related-posts":"","theme-transparent-header-meta":"default","adv-header-id-meta":"","stick-header-meta":"default","header-above-stick-meta":"","header-main-stick-meta":"","header-below-stick-meta":"","astra-migrate-meta-layouts":"set","ast-page-background-enabled":"default","ast-page-background-meta":{"desktop":{"background-color":"","background-image":"","background-repeat":"repeat","background-position":"center center","background-size":"auto","background-attachment":"scroll","background-type":"","background-media":"","overlay-type":"","overlay-color":"","overlay-opacity":"","overlay-gradient":""},"tablet":{"background-color":"","background-image":"","background-repeat":"repeat","background-position":"center center","background-size":"auto","background-attachment":"scroll","background-type":"","background-media":"","overlay-type":"","overlay-color":"","overlay-opacity":"","overlay-gradient":""},"mobile":{"background-color":"","background-image":"","background-repeat":"repeat","background-position":"center center","background-size":"auto","background-attachment":"scroll","background-type":"","background-media":"","overlay-type":"","overlay-color":"","overlay-opacity":"","overlay-gradient":""}},"ast-content-background-meta":{"desktop":{"background-color":"var(--ast-global-color-5)","background-image":"","background-repeat":"repeat","background-position":"center center","background-size":"auto","background-attachment":"scroll","background-type":"","background-media":"","overlay-type":"","overlay-color":"","overlay-opacity":"","overlay-gradient":""},"tablet":{"background-color":"var(--ast-global-color-5)","background-image":"","background-repeat":"repeat","background-position":"center center","background-size":"auto","background-attachment":"scroll","background-type":"","background-media":"","overlay-type":"","overlay-color":"","overlay-opacity":"","overlay-gradient":""},"mobile":{"background-color":"var(--ast-global-color-5)","background-image":"","background-repeat":"repeat","background-position":"center center","background-size":"auto","background-attachment":"scroll","background-type":"","background-media":"","overlay-type":"","overlay-color":"","overlay-opacity":"","overlay-gradient":""}}},"product_brand":[],"product_cat":[33],"product_tag":[248,250],"class_list":{"0":"post-1192","1":"product","2":"type-product","3":"status-publish","4":"has-post-thumbnail","6":"product_cat-stone","7":"product_tag-bridge-stone-cutting-machine","8":"product_tag-stone-machine","9":"desktop-align-left","10":"tablet-align-left","11":"mobile-align-left","12":"ast-product-gallery-layout-horizontal-slider","13":"ast-product-gallery-with-no-image","14":"ast-product-tabs-layout-horizontal","16":"first","17":"instock","18":"featured","19":"shipping-taxable","20":"purchasable","21":"product-type-simple"},"uagb_featured_image_src":{"full":["https:\/\/wisecnclaser.com\/wp-content\/uploads\/2025\/05\/ab8f87c236518a9a6803ddd1b83e6a0d.jpg",800,800,false],"thumbnail":["https:\/\/wisecnclaser.com\/wp-content\/uploads\/2025\/05\/ab8f87c236518a9a6803ddd1b83e6a0d-150x150.jpg",150,150,true],"medium":["https:\/\/wisecnclaser.com\/wp-content\/uploads\/2025\/05\/ab8f87c236518a9a6803ddd1b83e6a0d-300x300.jpg",300,300,true],"medium_large":["https:\/\/wisecnclaser.com\/wp-content\/uploads\/2025\/05\/ab8f87c236518a9a6803ddd1b83e6a0d-768x768.jpg",768,768,true],"large":["https:\/\/wisecnclaser.com\/wp-content\/uploads\/2025\/05\/ab8f87c236518a9a6803ddd1b83e6a0d.jpg",800,800,false],"1536x1536":["https:\/\/wisecnclaser.com\/wp-content\/uploads\/2025\/05\/ab8f87c236518a9a6803ddd1b83e6a0d.jpg",800,800,false],"2048x2048":["https:\/\/wisecnclaser.com\/wp-content\/uploads\/2025\/05\/ab8f87c236518a9a6803ddd1b83e6a0d.jpg",800,800,false],"trp-custom-language-flag":["https:\/\/wisecnclaser.com\/wp-content\/uploads\/2025\/05\/ab8f87c236518a9a6803ddd1b83e6a0d-12x12.jpg",12,12,true],"woocommerce_thumbnail":["https:\/\/wisecnclaser.com\/wp-content\/uploads\/2025\/05\/ab8f87c236518a9a6803ddd1b83e6a0d-300x300.jpg",300,300,true],"woocommerce_single":["https:\/\/wisecnclaser.com\/wp-content\/uploads\/2025\/05\/ab8f87c236518a9a6803ddd1b83e6a0d-600x600.jpg",600,600,true],"woocommerce_gallery_thumbnail":["https:\/\/wisecnclaser.com\/wp-content\/uploads\/2025\/05\/ab8f87c236518a9a6803ddd1b83e6a0d-100x100.jpg",100,100,true]},"uagb_author_info":{"display_name":"jinxing6611@gmail.com","author_link":"https:\/\/wisecnclaser.com\/es\/author\/"},"uagb_comment_info":0,"uagb_excerpt":"Features of 5 axis bridge stone cutting machine\uff1a Fully automatic five-axis infrared bridge cutting machine, multi-language conversion, table top processing can be done by one machine, X-Y-Z-A-B five-axis linkage, a wider range of applications, can realize cutting, chamfering, edging, grooving, drilling, circular arc Other special-shaped processing, simple operation and strong practicability. Processing material: Granite, marble,&hellip;","_links":{"self":[{"href":"https:\/\/wisecnclaser.com\/es\/wp-json\/wp\/v2\/product\/1192","targetHints":{"allow":["GET"]}}],"collection":[{"href":"https:\/\/wisecnclaser.com\/es\/wp-json\/wp\/v2\/product"}],"about":[{"href":"https:\/\/wisecnclaser.com\/es\/wp-json\/wp\/v2\/types\/product"}],"wp:featuredmedia":[{"embeddable":true,"href":"https:\/\/wisecnclaser.com\/es\/wp-json\/wp\/v2\/media\/3424"}],"wp:attachment":[{"href":"https:\/\/wisecnclaser.com\/es\/wp-json\/wp\/v2\/media?parent=1192"}],"wp:term":[{"taxonomy":"product_brand","embeddable":true,"href":"https:\/\/wisecnclaser.com\/es\/wp-json\/wp\/v2\/product_brand?post=1192"},{"taxonomy":"product_cat","embeddable":true,"href":"https:\/\/wisecnclaser.com\/es\/wp-json\/wp\/v2\/product_cat?post=1192"},{"taxonomy":"product_tag","embeddable":true,"href":"https:\/\/wisecnclaser.com\/es\/wp-json\/wp\/v2\/product_tag?post=1192"}],"curies":[{"name":"wp","href":"https:\/\/api.w.org\/{rel}","templated":true}]}}