{"id":1193,"date":"2025-05-20T07:32:07","date_gmt":"2025-05-20T07:32:07","guid":{"rendered":"https:\/\/wisecnclaser.com\/product\/black-over-the-shoulder-handbag-2\/"},"modified":"2025-05-23T02:48:40","modified_gmt":"2025-05-23T02:48:40","slug":"black-over-the-shoulder-handbag-2","status":"publish","type":"product","link":"https:\/\/wisecnclaser.com\/es\/producto\/black-over-the-shoulder-handbag-2\/","title":{"rendered":"WS6090 WS1290 WS1390 WS1490 WS1610 M\u00e1quina de corte l\u00e1ser CO2"},"content":{"rendered":"<p><strong>Caracter\u00edsticas de la m\u00e1quina de corte por l\u00e1ser 1390:<\/strong><\/p>\n<p>El dise\u00f1o \u00fanico de desaceleraci\u00f3n hace que el sistema mec\u00e1nico se mueva de forma estable y suave. El borde de corte es suave y no hay dientes de sierra. El software adopta el m\u00e9todo de curva continua para obtener una velocidad de corte m\u00e1s r\u00e1pida.<\/p>\n<p><strong>Materiales aplicables:<\/strong>\u00a0madera, bamb\u00fa, jade, m\u00e1rmol, vidrio org\u00e1nico, cristal, pl\u00e1stico, prendas de vestir, papel, cuero, caucho, cer\u00e1mica, vidrio y otros materiales no met\u00e1licos.<\/p>\n<p><strong>Industrias aplicables:\u00a0<\/strong>publicidad, artesan\u00eda, cuero, juguetes, prendas de vestir, maquetas , tapicer\u00eda de construcci\u00f3n, bordados y recortes informatizados, embalaje e industria papelera<\/p>\n<p><strong>T\u00e9cnico\u00a0<\/strong><strong>Especificaci\u00f3n<\/strong><strong>\u00a0<\/strong><strong>de<\/strong><strong>\u00a0M\u00e1quina de corte por l\u00e1ser Co2:<\/strong><\/p>\n<table>\n<tbody>\n<tr class=\"firstRow\">\n<td valign=\"top\" width=\"252\">Tipo l\u00e1ser<\/td>\n<td valign=\"top\" width=\"345\">CO sellado<sub>2<\/sub>\u00a0tubo l\u00e1ser<\/td>\n<\/tr>\n<tr>\n<td valign=\"top\" width=\"252\">Tipo de modelo<\/td>\n<td valign=\"top\" width=\"345\">6090\u00a01290\u00a01390 1490 1610<\/td>\n<\/tr>\n<tr>\n<td valign=\"top\" width=\"252\">Potencia del l\u00e1ser<\/td>\n<td valign=\"top\" width=\"345\">60W 80W 100W 130W 150W<\/td>\n<\/tr>\n<tr>\n<td valign=\"top\" width=\"246\">\u00c1rea de corte<\/td>\n<td valign=\"top\" width=\"345\">600*900mm, 1200*900mm 1300*900mm, 1400*900mm,1600*1000mm<\/td>\n<\/tr>\n<tr>\n<td valign=\"top\" width=\"252\">Velocidad de grabado<\/td>\n<td valign=\"top\" width=\"345\">0-24.000 mm\/min<\/td>\n<\/tr>\n<tr>\n<td valign=\"top\" width=\"252\">Restablecer la precisi\u00f3n<\/td>\n<td valign=\"top\" width=\"345\">\u00b10,05 mm<\/td>\n<\/tr>\n<tr>\n<td valign=\"top\" width=\"252\">Tensi\u00f3n de trabajo<\/td>\n<td valign=\"top\" width=\"345\">AC110-220V \u00b110%,50-60HZ<\/td>\n<\/tr>\n<tr>\n<td valign=\"top\" width=\"252\">Potencia<\/td>\n<td valign=\"top\" width=\"345\">M\u00e1x. 1200 W<\/td>\n<\/tr>\n<tr>\n<td valign=\"top\" width=\"252\">Temperatura de funcionamiento<\/td>\n<td valign=\"top\" width=\"345\">0-45 grados<\/td>\n<\/tr>\n<tr>\n<td valign=\"top\" width=\"252\">Humedad de funcionamiento<\/td>\n<td valign=\"top\" width=\"345\">5-95%<\/td>\n<\/tr>\n<tr>\n<td valign=\"top\" width=\"252\">Car\u00e1cter m\u00ednimo de conformaci\u00f3n<\/td>\n<td valign=\"top\" width=\"345\">Ingl\u00e9s 1*1mm<\/td>\n<\/tr>\n<tr>\n<td valign=\"top\" width=\"252\">Formato gr\u00e1fico compatible<\/td>\n<td valign=\"top\" width=\"345\">BMP, PLT, DST, DXF y AI<\/td>\n<\/tr>\n<tr>\n<td valign=\"top\" width=\"252\">Sistema de conducci\u00f3n<\/td>\n<td valign=\"top\" width=\"345\">Stepper<\/td>\n<\/tr>\n<tr>\n<td valign=\"top\" width=\"252\">Modo refrigeraci\u00f3n<\/td>\n<td valign=\"top\" width=\"345\">Sistema de refrigeraci\u00f3n y protecci\u00f3n por agua<\/td>\n<\/tr>\n<tr>\n<td valign=\"top\" width=\"252\">Equipos auxiliares<\/td>\n<td valign=\"top\" width=\"345\">Ventilador de escape, tubo de escape de aire, compresor de aire, bomba de agua<\/td>\n<\/tr>\n<tr>\n<td valign=\"top\" width=\"252\">Software<\/td>\n<td valign=\"top\" width=\"345\">Corte l\u00e1ser 5,3<\/td>\n<\/tr>\n<tr>\n<td valign=\"top\" width=\"252\">Software compatible<\/td>\n<td valign=\"top\" width=\"345\">Coreldraw AutoCAD Photoshop<\/td>\n<\/tr>\n<tr>\n<td valign=\"top\" width=\"252\">Sistema de control<\/td>\n<td valign=\"top\" width=\"345\">CONTROL DSP<\/td>\n<\/tr>\n<tr>\n<td valign=\"top\" width=\"252\">Tama\u00f1o de toda la m\u00e1quina<\/td>\n<td valign=\"top\" width=\"345\">1720*1210*1070mm<\/td>\n<\/tr>\n<tr>\n<td valign=\"top\" width=\"252\">Peso total con embalaje<\/td>\n<td valign=\"top\" width=\"345\">280 kg<\/td>\n<\/tr>\n<\/tbody>\n<\/table>\n<p>&nbsp;<\/p>","protected":false},"excerpt":{"rendered":"<p><strong>Caracter\u00edsticas de la m\u00e1quina de corte por l\u00e1ser 1390:<\/strong><\/p>\n<p>El dise\u00f1o \u00fanico de desaceleraci\u00f3n hace que el sistema mec\u00e1nico se mueva de forma estable y suave. El borde de corte es suave y no hay dientes de sierra. El software adopta el m\u00e9todo de curva continua para obtener una velocidad de corte m\u00e1s r\u00e1pida.<\/p>\n<p><strong>Materiales aplicables:<\/strong>\u00a0madera, bamb\u00fa, jade, m\u00e1rmol, vidrio org\u00e1nico, cristal, pl\u00e1stico, prendas de vestir, papel, cuero, caucho, cer\u00e1mica, vidrio y otros materiales no met\u00e1licos.<\/p>\n<p><strong>Industrias aplicables:\u00a0<\/strong>publicidad, artesan\u00eda, cuero, juguetes, prendas de vestir, maquetas , tapicer\u00eda de construcci\u00f3n, bordados y recortes informatizados, embalaje e industria papelera<\/p>","protected":false},"featured_media":3440,"template":"","meta":{"_seopress_robots_primary_cat":"none","_seopress_titles_title":"","_seopress_titles_desc":"","_seopress_robots_index":"","_uag_custom_page_level_css":"","site-sidebar-layout":"default","site-content-layout":"default","ast-site-content-layout":"default","site-content-style":"default","site-sidebar-style":"default","ast-global-header-display":"","ast-banner-title-visibility":"","ast-main-header-display":"","ast-hfb-above-header-display":"","ast-hfb-below-header-display":"","ast-hfb-mobile-header-display":"","site-post-title":"","ast-breadcrumbs-content":"","ast-featured-img":"","footer-sml-layout":"","ast-disable-related-posts":"","theme-transparent-header-meta":"default","adv-header-id-meta":"","stick-header-meta":"default","header-above-stick-meta":"","header-main-stick-meta":"","header-below-stick-meta":"","astra-migrate-meta-layouts":"set","ast-page-background-enabled":"default","ast-page-background-meta":{"desktop":{"background-color":"","background-image":"","background-repeat":"repeat","background-position":"center center","background-size":"auto","background-attachment":"scroll","background-type":"","background-media":"","overlay-type":"","overlay-color":"","overlay-opacity":"","overlay-gradient":""},"tablet":{"background-color":"","background-image":"","background-repeat":"repeat","background-position":"center center","background-size":"auto","background-attachment":"scroll","background-type":"","background-media":"","overlay-type":"","overlay-color":"","overlay-opacity":"","overlay-gradient":""},"mobile":{"background-color":"","background-image":"","background-repeat":"repeat","background-position":"center center","background-size":"auto","background-attachment":"scroll","background-type":"","background-media":"","overlay-type":"","overlay-color":"","overlay-opacity":"","overlay-gradient":""}},"ast-content-background-meta":{"desktop":{"background-color":"var(--ast-global-color-5)","background-image":"","background-repeat":"repeat","background-position":"center center","background-size":"auto","background-attachment":"scroll","background-type":"","background-media":"","overlay-type":"","overlay-color":"","overlay-opacity":"","overlay-gradient":""},"tablet":{"background-color":"var(--ast-global-color-5)","background-image":"","background-repeat":"repeat","background-position":"center center","background-size":"auto","background-attachment":"scroll","background-type":"","background-media":"","overlay-type":"","overlay-color":"","overlay-opacity":"","overlay-gradient":""},"mobile":{"background-color":"var(--ast-global-color-5)","background-image":"","background-repeat":"repeat","background-position":"center center","background-size":"auto","background-attachment":"scroll","background-type":"","background-media":"","overlay-type":"","overlay-color":"","overlay-opacity":"","overlay-gradient":""}}},"product_brand":[],"product_cat":[32],"product_tag":[],"class_list":{"0":"post-1193","1":"product","2":"type-product","3":"status-publish","4":"has-post-thumbnail","6":"product_cat-lasercutting","7":"desktop-align-left","8":"tablet-align-left","9":"mobile-align-left","10":"ast-product-gallery-layout-horizontal-slider","11":"ast-product-gallery-with-no-image","12":"ast-product-tabs-layout-horizontal","14":"first","15":"instock","16":"shipping-taxable","17":"purchasable","18":"product-type-simple"},"uagb_featured_image_src":{"full":["https:\/\/wisecnclaser.com\/wp-content\/uploads\/2025\/05\/cb3fe470a96d64b2a825f89cac573d14.jpg",800,800,false],"thumbnail":["https:\/\/wisecnclaser.com\/wp-content\/uploads\/2025\/05\/cb3fe470a96d64b2a825f89cac573d14-150x150.jpg",150,150,true],"medium":["https:\/\/wisecnclaser.com\/wp-content\/uploads\/2025\/05\/cb3fe470a96d64b2a825f89cac573d14-300x300.jpg",300,300,true],"medium_large":["https:\/\/wisecnclaser.com\/wp-content\/uploads\/2025\/05\/cb3fe470a96d64b2a825f89cac573d14-768x768.jpg",768,768,true],"large":["https:\/\/wisecnclaser.com\/wp-content\/uploads\/2025\/05\/cb3fe470a96d64b2a825f89cac573d14.jpg",800,800,false],"1536x1536":["https:\/\/wisecnclaser.com\/wp-content\/uploads\/2025\/05\/cb3fe470a96d64b2a825f89cac573d14.jpg",800,800,false],"2048x2048":["https:\/\/wisecnclaser.com\/wp-content\/uploads\/2025\/05\/cb3fe470a96d64b2a825f89cac573d14.jpg",800,800,false],"trp-custom-language-flag":["https:\/\/wisecnclaser.com\/wp-content\/uploads\/2025\/05\/cb3fe470a96d64b2a825f89cac573d14-12x12.jpg",12,12,true],"woocommerce_thumbnail":["https:\/\/wisecnclaser.com\/wp-content\/uploads\/2025\/05\/cb3fe470a96d64b2a825f89cac573d14-300x300.jpg",300,300,true],"woocommerce_single":["https:\/\/wisecnclaser.com\/wp-content\/uploads\/2025\/05\/cb3fe470a96d64b2a825f89cac573d14-600x600.jpg",600,600,true],"woocommerce_gallery_thumbnail":["https:\/\/wisecnclaser.com\/wp-content\/uploads\/2025\/05\/cb3fe470a96d64b2a825f89cac573d14-100x100.jpg",100,100,true]},"uagb_author_info":{"display_name":"jinxing6611@gmail.com","author_link":"https:\/\/wisecnclaser.com\/es\/author\/"},"uagb_comment_info":0,"uagb_excerpt":"Features of 1390 laser cutting machine: The unique decelerate design make the mechanical system move stably and smoothly. The edge of cutting is smooth and there is no sawtooth. The software adopts. continuous curve method to get faster cutting speed. Applicable materials:\u00a0wood, bamboo, jade, marble, organic glass, crystal, plastic, garments, paper, leather, rubber, ceramic, glass&hellip;","_links":{"self":[{"href":"https:\/\/wisecnclaser.com\/es\/wp-json\/wp\/v2\/product\/1193","targetHints":{"allow":["GET"]}}],"collection":[{"href":"https:\/\/wisecnclaser.com\/es\/wp-json\/wp\/v2\/product"}],"about":[{"href":"https:\/\/wisecnclaser.com\/es\/wp-json\/wp\/v2\/types\/product"}],"wp:featuredmedia":[{"embeddable":true,"href":"https:\/\/wisecnclaser.com\/es\/wp-json\/wp\/v2\/media\/3440"}],"wp:attachment":[{"href":"https:\/\/wisecnclaser.com\/es\/wp-json\/wp\/v2\/media?parent=1193"}],"wp:term":[{"taxonomy":"product_brand","embeddable":true,"href":"https:\/\/wisecnclaser.com\/es\/wp-json\/wp\/v2\/product_brand?post=1193"},{"taxonomy":"product_cat","embeddable":true,"href":"https:\/\/wisecnclaser.com\/es\/wp-json\/wp\/v2\/product_cat?post=1193"},{"taxonomy":"product_tag","embeddable":true,"href":"https:\/\/wisecnclaser.com\/es\/wp-json\/wp\/v2\/product_tag?post=1193"}],"curies":[{"name":"wp","href":"https:\/\/api.w.org\/{rel}","templated":true}]}}