{"id":1197,"date":"2025-05-20T07:32:07","date_gmt":"2025-05-20T07:32:07","guid":{"rendered":"https:\/\/wisecnclaser.com\/product\/buddha-bracelet-2\/"},"modified":"2025-05-22T12:37:41","modified_gmt":"2025-05-22T12:37:41","slug":"buddha-bracelet-2","status":"publish","type":"product","link":"https:\/\/wisecnclaser.com\/es\/producto\/buddha-bracelet-2\/","title":{"rendered":"Grabado en piedra Centro de procesamiento de encimeras"},"content":{"rendered":"<p><strong>Aplicaci\u00f3n m\u00e1quina de encimera de grabado en piedra:<\/strong><\/p>\n<p>Decoraci\u00f3n interior y exterior, lavabo de escenario ba\u00f1o, mesa de cocina y lavabo, decoraci\u00f3n de piedra de alta calidad.<\/p>\n<p><strong>Funciones:\u00a0<\/strong>cortar, afilar bordes, cavar un agujero, grabar.<\/p>\n<p><strong>Caracter\u00edsticas<\/strong><strong>:<\/strong><\/p>\n<p>Cabeza izquierda es con herramientas de molienda y husillo, husillo utilizado para cavar el agujero en la cuenca de piedra, herramienta de molienda utilizado para pulir el borde de piedra, la necesidad de cambiar las herramientas de molienda manualmente<\/p>\n<p>El cabezal derecho es un husillo independiente, utilizado para grabar en piedra, m\u00e1rmol, granito.<\/p>\n<p>&nbsp;<\/p>\n<table width=\"662\">\n<tbody>\n<tr class=\"firstRow\">\n<td colspan=\"2\" valign=\"center\" width=\"662\"><strong>Par\u00e1metros t\u00e9cnicos de WS3015<\/strong><strong>S<\/strong><strong>\u00a0Grabado en piedra Centro de procesamiento de encimeras<\/strong><\/td>\n<\/tr>\n<tr>\n<td valign=\"top\" width=\"207\">Modelo<\/td>\n<td valign=\"top\" width=\"455\">WS3015S Centro de Procesamiento de Encimeras para Grabado en Piedra<\/td>\n<\/tr>\n<tr>\n<td valign=\"top\" width=\"207\">X Zona de trabajo<\/td>\n<td valign=\"top\" width=\"455\">3000 mm<\/td>\n<\/tr>\n<tr>\n<td valign=\"top\" width=\"207\">Y \u00e1rea de trabajo<\/td>\n<td valign=\"top\" width=\"455\">1500 mm<\/td>\n<\/tr>\n<tr>\n<td valign=\"top\" width=\"207\">Zona de trabajo Z<\/td>\n<td valign=\"top\" width=\"455\">400 mm<\/td>\n<\/tr>\n<tr>\n<td valign=\"top\" width=\"207\">Carril gu\u00eda<\/td>\n<td valign=\"top\" width=\"455\">Ra\u00edl cuadrado 30 marca Taiw\u00e1n<\/td>\n<\/tr>\n<tr>\n<td valign=\"top\" width=\"207\">Pedido de grabado<\/td>\n<td valign=\"top\" width=\"455\">C\u00f3digo G<\/td>\n<\/tr>\n<tr>\n<td valign=\"top\" width=\"207\">Precisi\u00f3n de posicionamiento repetido<\/td>\n<td valign=\"top\" width=\"455\">\u00b10,05 mm<\/td>\n<\/tr>\n<tr>\n<td valign=\"top\" width=\"207\">Mesa de trabajo<\/td>\n<td valign=\"top\" width=\"455\">Tabla de ranuras en T<\/td>\n<\/tr>\n<tr>\n<td valign=\"top\" width=\"207\">Motor de accionamiento<\/td>\n<td valign=\"top\" width=\"455\">Servoaccionamiento chino<\/td>\n<\/tr>\n<tr>\n<td valign=\"top\" width=\"207\">Sistema de control<\/td>\n<td valign=\"top\" width=\"455\">Ncstudio<\/td>\n<\/tr>\n<tr>\n<td valign=\"top\" width=\"207\">Cavar agujero Potencia del husillo<\/td>\n<td valign=\"top\" width=\"455\">5,5 kW<\/td>\n<\/tr>\n<tr>\n<td valign=\"top\" width=\"207\">Potencia del husillo de grabado<\/td>\n<td valign=\"top\" width=\"455\">Husillo refrigerado por agua de 5,5 kW ER32<\/td>\n<\/tr>\n<tr>\n<td valign=\"top\" width=\"207\">Potencia de rectificado<\/td>\n<td valign=\"top\" width=\"455\">5,5 kW<\/td>\n<\/tr>\n<tr>\n<td valign=\"top\" width=\"207\">Bomba de vac\u00edo<\/td>\n<td valign=\"top\" width=\"455\">Bomba de vac\u00edo de agua de 5,5 kW<\/td>\n<\/tr>\n<tr>\n<td valign=\"top\" width=\"207\">Tensi\u00f3n de trabajo<\/td>\n<td valign=\"top\" width=\"455\">380V\/50HZ<\/td>\n<\/tr>\n<tr>\n<td valign=\"top\" width=\"207\">Tama\u00f1o de la m\u00e1quina<\/td>\n<td valign=\"top\" width=\"455\">5800*2200*2000mm<\/td>\n<\/tr>\n<tr>\n<td valign=\"top\" width=\"207\">Peso de la m\u00e1quina<\/td>\n<td valign=\"top\" width=\"455\">3500kgs<\/td>\n<\/tr>\n<\/tbody>\n<\/table>\n<p>&nbsp;<\/p>","protected":false},"excerpt":{"rendered":"<p><strong>Aplicaci\u00f3n m\u00e1quina de encimera de grabado en piedra:<\/strong><\/p>\n<p>Decoraci\u00f3n interior y exterior, lavabo de escenario ba\u00f1o, mesa de cocina y lavabo, decoraci\u00f3n de piedra de alta calidad.<\/p>\n<p><strong>Funciones:\u00a0<\/strong>cortar, afilar bordes, cavar un agujero, grabar.<\/p>\n<p><strong>Caracter\u00edsticas<\/strong><strong>:<\/strong><\/p>\n<p>Cabeza izquierda es con herramientas de molienda y husillo, husillo utilizado para cavar el agujero en la cuenca de piedra, herramienta de molienda utilizado para pulir el borde de piedra, la necesidad de cambiar las herramientas de molienda manualmente<\/p>\n<p>El cabezal derecho es un husillo independiente, utilizado para grabar en piedra, m\u00e1rmol, granito.<\/p>","protected":false},"featured_media":3432,"template":"","meta":{"_seopress_robots_primary_cat":"none","_seopress_titles_title":"","_seopress_titles_desc":"","_seopress_robots_index":"","_uag_custom_page_level_css":"","site-sidebar-layout":"default","site-content-layout":"default","ast-site-content-layout":"default","site-content-style":"default","site-sidebar-style":"default","ast-global-header-display":"","ast-banner-title-visibility":"","ast-main-header-display":"","ast-hfb-above-header-display":"","ast-hfb-below-header-display":"","ast-hfb-mobile-header-display":"","site-post-title":"","ast-breadcrumbs-content":"","ast-featured-img":"","footer-sml-layout":"","ast-disable-related-posts":"","theme-transparent-header-meta":"default","adv-header-id-meta":"","stick-header-meta":"default","header-above-stick-meta":"","header-main-stick-meta":"","header-below-stick-meta":"","astra-migrate-meta-layouts":"set","ast-page-background-enabled":"default","ast-page-background-meta":{"desktop":{"background-color":"","background-image":"","background-repeat":"repeat","background-position":"center center","background-size":"auto","background-attachment":"scroll","background-type":"","background-media":"","overlay-type":"","overlay-color":"","overlay-opacity":"","overlay-gradient":""},"tablet":{"background-color":"","background-image":"","background-repeat":"repeat","background-position":"center center","background-size":"auto","background-attachment":"scroll","background-type":"","background-media":"","overlay-type":"","overlay-color":"","overlay-opacity":"","overlay-gradient":""},"mobile":{"background-color":"","background-image":"","background-repeat":"repeat","background-position":"center center","background-size":"auto","background-attachment":"scroll","background-type":"","background-media":"","overlay-type":"","overlay-color":"","overlay-opacity":"","overlay-gradient":""}},"ast-content-background-meta":{"desktop":{"background-color":"var(--ast-global-color-5)","background-image":"","background-repeat":"repeat","background-position":"center center","background-size":"auto","background-attachment":"scroll","background-type":"","background-media":"","overlay-type":"","overlay-color":"","overlay-opacity":"","overlay-gradient":""},"tablet":{"background-color":"var(--ast-global-color-5)","background-image":"","background-repeat":"repeat","background-position":"center center","background-size":"auto","background-attachment":"scroll","background-type":"","background-media":"","overlay-type":"","overlay-color":"","overlay-opacity":"","overlay-gradient":""},"mobile":{"background-color":"var(--ast-global-color-5)","background-image":"","background-repeat":"repeat","background-position":"center center","background-size":"auto","background-attachment":"scroll","background-type":"","background-media":"","overlay-type":"","overlay-color":"","overlay-opacity":"","overlay-gradient":""}}},"product_brand":[],"product_cat":[33],"product_tag":[],"class_list":{"0":"post-1197","1":"product","2":"type-product","3":"status-publish","4":"has-post-thumbnail","6":"product_cat-stone","7":"desktop-align-left","8":"tablet-align-left","9":"mobile-align-left","10":"ast-product-gallery-layout-horizontal-slider","11":"ast-product-gallery-with-no-image","12":"ast-product-tabs-layout-horizontal","14":"first","15":"instock","16":"sale","17":"shipping-taxable","18":"purchasable","19":"product-type-simple"},"uagb_featured_image_src":{"full":["https:\/\/wisecnclaser.com\/wp-content\/uploads\/2025\/05\/10812369e61f029130724a6a0d9c0f69.jpg",800,800,false],"thumbnail":["https:\/\/wisecnclaser.com\/wp-content\/uploads\/2025\/05\/10812369e61f029130724a6a0d9c0f69-150x150.jpg",150,150,true],"medium":["https:\/\/wisecnclaser.com\/wp-content\/uploads\/2025\/05\/10812369e61f029130724a6a0d9c0f69-300x300.jpg",300,300,true],"medium_large":["https:\/\/wisecnclaser.com\/wp-content\/uploads\/2025\/05\/10812369e61f029130724a6a0d9c0f69-768x768.jpg",768,768,true],"large":["https:\/\/wisecnclaser.com\/wp-content\/uploads\/2025\/05\/10812369e61f029130724a6a0d9c0f69.jpg",800,800,false],"1536x1536":["https:\/\/wisecnclaser.com\/wp-content\/uploads\/2025\/05\/10812369e61f029130724a6a0d9c0f69.jpg",800,800,false],"2048x2048":["https:\/\/wisecnclaser.com\/wp-content\/uploads\/2025\/05\/10812369e61f029130724a6a0d9c0f69.jpg",800,800,false],"trp-custom-language-flag":["https:\/\/wisecnclaser.com\/wp-content\/uploads\/2025\/05\/10812369e61f029130724a6a0d9c0f69-12x12.jpg",12,12,true],"woocommerce_thumbnail":["https:\/\/wisecnclaser.com\/wp-content\/uploads\/2025\/05\/10812369e61f029130724a6a0d9c0f69-300x300.jpg",300,300,true],"woocommerce_single":["https:\/\/wisecnclaser.com\/wp-content\/uploads\/2025\/05\/10812369e61f029130724a6a0d9c0f69-600x600.jpg",600,600,true],"woocommerce_gallery_thumbnail":["https:\/\/wisecnclaser.com\/wp-content\/uploads\/2025\/05\/10812369e61f029130724a6a0d9c0f69-100x100.jpg",100,100,true]},"uagb_author_info":{"display_name":"jinxing6611@gmail.com","author_link":"https:\/\/wisecnclaser.com\/es\/author\/"},"uagb_comment_info":0,"uagb_excerpt":"Application stone engraving countertop machine: Indoor and outdoor decoration, stage basin bathroom, kitchen table and washing basin, high-grade stone decoration. Functions:\u00a0cutting, edge grinding, dig a hole, engraving. Features: Left Head is With\u00a0Grinding tools and spindle, spindle used to dig hole on stone basin,\u00a0grinding tool used to polish stone edge, need change grinding tools manually Right&hellip;","_links":{"self":[{"href":"https:\/\/wisecnclaser.com\/es\/wp-json\/wp\/v2\/product\/1197","targetHints":{"allow":["GET"]}}],"collection":[{"href":"https:\/\/wisecnclaser.com\/es\/wp-json\/wp\/v2\/product"}],"about":[{"href":"https:\/\/wisecnclaser.com\/es\/wp-json\/wp\/v2\/types\/product"}],"wp:featuredmedia":[{"embeddable":true,"href":"https:\/\/wisecnclaser.com\/es\/wp-json\/wp\/v2\/media\/3432"}],"wp:attachment":[{"href":"https:\/\/wisecnclaser.com\/es\/wp-json\/wp\/v2\/media?parent=1197"}],"wp:term":[{"taxonomy":"product_brand","embeddable":true,"href":"https:\/\/wisecnclaser.com\/es\/wp-json\/wp\/v2\/product_brand?post=1197"},{"taxonomy":"product_cat","embeddable":true,"href":"https:\/\/wisecnclaser.com\/es\/wp-json\/wp\/v2\/product_cat?post=1197"},{"taxonomy":"product_tag","embeddable":true,"href":"https:\/\/wisecnclaser.com\/es\/wp-json\/wp\/v2\/product_tag?post=1197"}],"curies":[{"name":"wp","href":"https:\/\/api.w.org\/{rel}","templated":true}]}}