{"id":1202,"date":"2025-05-20T07:32:07","date_gmt":"2025-05-20T07:32:07","guid":{"rendered":"https:\/\/wisecnclaser.com\/product\/green-tshirt\/"},"modified":"2025-05-22T12:34:45","modified_gmt":"2025-05-22T12:34:45","slug":"green-tshirt","status":"publish","type":"product","link":"https:\/\/wisecnclaser.com\/es\/producto\/green-tshirt\/","title":{"rendered":"Fresadora CNC de un cabezal para piedra"},"content":{"rendered":"<p><strong><em>Ventajas de nuestra fresadora cnc para piedra:<\/em><\/strong><\/p>\n<p>1. Marco de alta resistencia, el peso de la m\u00e1quina es de aproximadamente 2200kgs<\/p>\n<p>2. El marco de la m\u00e1quina es procesado por el centro de fresado cnc de alta precisi\u00f3n, algunos otros proveedores utilizan cepilladora de doble carcasa, hay diferencia de precisi\u00f3n entre la cepilladora y el centro de fresado.<\/p>\n<p>3. Nuestro husillo es R&amp;D husillo profesional para el grabado en piedra y talla, mejor a prueba de polvo y prueba de agua. Husillo normal no tienen a prueba de polvo y la funci\u00f3n a prueba de agua<\/p>\n<p>4. Otras partes todas utilizan el que conveniente para la piedra que talla mejor tal como resistencia pesada, a prueba de agua, y a prueba de polvo<\/p>\n<table>\n<tbody>\n<tr class=\"firstRow\">\n<td colspan=\"2\" valign=\"center\" width=\"645\"><strong>Descripci\u00f3n y especificaciones de 1325 piedra fresadora cnc :<\/strong><\/td>\n<\/tr>\n<tr>\n<td valign=\"top\" width=\"267\">X Zona de trabajo<\/td>\n<td valign=\"top\" width=\"378\">1300 mm (4FEET)<\/td>\n<\/tr>\n<tr>\n<td valign=\"top\" width=\"267\">Y Zona de trabajo<\/td>\n<td valign=\"top\" width=\"378\">2500 mm (8FEET)<\/td>\n<\/tr>\n<tr>\n<td valign=\"top\" width=\"267\">Altura de alimentaci\u00f3n Z<\/td>\n<td valign=\"top\" width=\"378\">450mm (la altura del p\u00f3rtico Z a la mesa de la m\u00e1quina es de 450mm, el tama\u00f1o de trabajo es de 400mm)<\/td>\n<\/tr>\n<tr>\n<td valign=\"top\" width=\"267\">Bastidor de la m\u00e1quina<\/td>\n<td valign=\"top\" width=\"378\">Bastidor I de alta resistencia, puede soportar 5000kgs de peso de piedra<\/td>\n<\/tr>\n<tr>\n<td valign=\"top\" width=\"267\">Precisi\u00f3n de posicionamiento en desplazamiento<\/td>\n<td valign=\"top\" width=\"378\">\u00b10,05 mm<\/td>\n<\/tr>\n<tr>\n<td valign=\"top\" width=\"267\">Reposicionamiento Precisi\u00f3n de posicionamiento<\/td>\n<td valign=\"top\" width=\"378\">\u00b10,05 mm<\/td>\n<\/tr>\n<tr>\n<td valign=\"top\" width=\"267\">Estructura X,Y ,Z<\/td>\n<td valign=\"top\" width=\"378\">Rueda dentada XY, husillo a bolas Z. Todos los ejes utilizan gu\u00eda cuadrada<\/td>\n<\/tr>\n<tr>\n<td valign=\"top\" width=\"267\">Mesa de trabajo<\/td>\n<td valign=\"top\" width=\"378\">Mesa de ranuras en T<\/td>\n<\/tr>\n<tr>\n<td valign=\"top\" width=\"267\">Max. Velocidad de desplazamiento r\u00e1pido<\/td>\n<td valign=\"top\" width=\"378\">25.000 mm\/min<\/td>\n<\/tr>\n<tr>\n<td valign=\"top\" width=\"267\">M\u00e1x. Velocidad de trabajo<\/td>\n<td valign=\"top\" width=\"378\">15000mm\/min<\/td>\n<\/tr>\n<tr>\n<td valign=\"top\" width=\"267\">Eje<\/td>\n<td valign=\"top\" width=\"378\">Husillo refrigerado por agua de 5,5 kW<\/td>\n<\/tr>\n<tr>\n<td valign=\"top\" width=\"267\">Velocidad del cabezal<\/td>\n<td valign=\"top\" width=\"378\">0-24000 rpm<\/td>\n<\/tr>\n<tr>\n<td valign=\"top\" width=\"267\">Motor de accionamiento<\/td>\n<td valign=\"top\" width=\"378\">Accionamiento de paso a paso<\/td>\n<\/tr>\n<tr>\n<td valign=\"top\" width=\"267\">Comando<\/td>\n<td valign=\"top\" width=\"378\">G-code*.u00*.mmg*.plt<\/td>\n<\/tr>\n<tr>\n<td valign=\"top\" width=\"267\">Tensi\u00f3n de trabajo<\/td>\n<td valign=\"top\" width=\"378\">3PH AC380V\/50Hz<\/td>\n<\/tr>\n<tr>\n<td valign=\"top\" width=\"267\">Sistema de control<\/td>\n<td valign=\"top\" width=\"378\">DSP<\/td>\n<\/tr>\n<tr>\n<td valign=\"top\" width=\"267\">Carril gu\u00eda<\/td>\n<td valign=\"top\" width=\"378\">CARRIL CUADRADO DE TAMA\u00d1O 25<\/td>\n<\/tr>\n<tr>\n<td valign=\"top\" width=\"267\">Armario de control<\/td>\n<td valign=\"top\" width=\"378\">Gabinete independiente<\/td>\n<\/tr>\n<tr>\n<td valign=\"top\" width=\"267\">Sistema de lubricaci\u00f3n<\/td>\n<td valign=\"top\" width=\"378\">manual<\/td>\n<\/tr>\n<tr>\n<td valign=\"top\" width=\"267\">Inversor<\/td>\n<td valign=\"top\" width=\"378\">5,5 kW<\/td>\n<\/tr>\n<tr>\n<td valign=\"top\" width=\"267\">Peso de la m\u00e1quina<\/td>\n<td valign=\"top\" width=\"378\">2200kgs<\/td>\n<\/tr>\n<\/tbody>\n<\/table>\n<p>&nbsp;<\/p>","protected":false},"excerpt":{"rendered":"<p><strong><em>Ventajas de nuestra fresadora cnc para piedra:<\/em><\/strong><\/p>\n<p>1. Marco de alta resistencia, el peso de la m\u00e1quina es de aproximadamente 2200kgs<\/p>\n<p>2. El marco de la m\u00e1quina es procesado por el centro de fresado cnc de alta precisi\u00f3n, algunos otros proveedores utilizan cepilladora de doble carcasa, hay diferencia de precisi\u00f3n entre la cepilladora y el centro de fresado.<\/p>\n<p>3. Nuestro husillo es R&amp;D husillo profesional para el grabado en piedra y talla, mejor a prueba de polvo y prueba de agua. Husillo normal no tienen a prueba de polvo y la funci\u00f3n a prueba de agua<\/p>\n<p>4. Otras partes todas utilizan el que conveniente para la piedra que talla mejor tal como resistencia pesada, a prueba de agua, y a prueba de polvo<\/p>","protected":false},"featured_media":3431,"template":"","meta":{"_seopress_robots_primary_cat":"none","_seopress_titles_title":"","_seopress_titles_desc":"","_seopress_robots_index":"","_uag_custom_page_level_css":"","site-sidebar-layout":"default","site-content-layout":"default","ast-site-content-layout":"default","site-content-style":"default","site-sidebar-style":"default","ast-global-header-display":"","ast-banner-title-visibility":"","ast-main-header-display":"","ast-hfb-above-header-display":"","ast-hfb-below-header-display":"","ast-hfb-mobile-header-display":"","site-post-title":"","ast-breadcrumbs-content":"","ast-featured-img":"","footer-sml-layout":"","ast-disable-related-posts":"","theme-transparent-header-meta":"default","adv-header-id-meta":"","stick-header-meta":"default","header-above-stick-meta":"","header-main-stick-meta":"","header-below-stick-meta":"","astra-migrate-meta-layouts":"set","ast-page-background-enabled":"default","ast-page-background-meta":{"desktop":{"background-color":"","background-image":"","background-repeat":"repeat","background-position":"center center","background-size":"auto","background-attachment":"scroll","background-type":"","background-media":"","overlay-type":"","overlay-color":"","overlay-opacity":"","overlay-gradient":""},"tablet":{"background-color":"","background-image":"","background-repeat":"repeat","background-position":"center center","background-size":"auto","background-attachment":"scroll","background-type":"","background-media":"","overlay-type":"","overlay-color":"","overlay-opacity":"","overlay-gradient":""},"mobile":{"background-color":"","background-image":"","background-repeat":"repeat","background-position":"center center","background-size":"auto","background-attachment":"scroll","background-type":"","background-media":"","overlay-type":"","overlay-color":"","overlay-opacity":"","overlay-gradient":""}},"ast-content-background-meta":{"desktop":{"background-color":"var(--ast-global-color-5)","background-image":"","background-repeat":"repeat","background-position":"center center","background-size":"auto","background-attachment":"scroll","background-type":"","background-media":"","overlay-type":"","overlay-color":"","overlay-opacity":"","overlay-gradient":""},"tablet":{"background-color":"var(--ast-global-color-5)","background-image":"","background-repeat":"repeat","background-position":"center center","background-size":"auto","background-attachment":"scroll","background-type":"","background-media":"","overlay-type":"","overlay-color":"","overlay-opacity":"","overlay-gradient":""},"mobile":{"background-color":"var(--ast-global-color-5)","background-image":"","background-repeat":"repeat","background-position":"center center","background-size":"auto","background-attachment":"scroll","background-type":"","background-media":"","overlay-type":"","overlay-color":"","overlay-opacity":"","overlay-gradient":""}}},"product_brand":[],"product_cat":[33],"product_tag":[],"class_list":{"0":"post-1202","1":"product","2":"type-product","3":"status-publish","4":"has-post-thumbnail","6":"product_cat-stone","7":"desktop-align-left","8":"tablet-align-left","9":"mobile-align-left","10":"ast-product-gallery-layout-horizontal-slider","11":"ast-product-gallery-with-no-image","12":"ast-product-single-variable","13":"ast-product-tabs-layout-horizontal","15":"first","16":"instock","17":"shipping-taxable","18":"product-type-variable"},"uagb_featured_image_src":{"full":["https:\/\/wisecnclaser.com\/wp-content\/uploads\/2025\/05\/c521f643187757bf9e710406e173fbc8.jpg",800,800,false],"thumbnail":["https:\/\/wisecnclaser.com\/wp-content\/uploads\/2025\/05\/c521f643187757bf9e710406e173fbc8-150x150.jpg",150,150,true],"medium":["https:\/\/wisecnclaser.com\/wp-content\/uploads\/2025\/05\/c521f643187757bf9e710406e173fbc8-300x300.jpg",300,300,true],"medium_large":["https:\/\/wisecnclaser.com\/wp-content\/uploads\/2025\/05\/c521f643187757bf9e710406e173fbc8-768x768.jpg",768,768,true],"large":["https:\/\/wisecnclaser.com\/wp-content\/uploads\/2025\/05\/c521f643187757bf9e710406e173fbc8.jpg",800,800,false],"1536x1536":["https:\/\/wisecnclaser.com\/wp-content\/uploads\/2025\/05\/c521f643187757bf9e710406e173fbc8.jpg",800,800,false],"2048x2048":["https:\/\/wisecnclaser.com\/wp-content\/uploads\/2025\/05\/c521f643187757bf9e710406e173fbc8.jpg",800,800,false],"trp-custom-language-flag":["https:\/\/wisecnclaser.com\/wp-content\/uploads\/2025\/05\/c521f643187757bf9e710406e173fbc8-12x12.jpg",12,12,true],"woocommerce_thumbnail":["https:\/\/wisecnclaser.com\/wp-content\/uploads\/2025\/05\/c521f643187757bf9e710406e173fbc8-300x300.jpg",300,300,true],"woocommerce_single":["https:\/\/wisecnclaser.com\/wp-content\/uploads\/2025\/05\/c521f643187757bf9e710406e173fbc8-600x600.jpg",600,600,true],"woocommerce_gallery_thumbnail":["https:\/\/wisecnclaser.com\/wp-content\/uploads\/2025\/05\/c521f643187757bf9e710406e173fbc8-100x100.jpg",100,100,true]},"uagb_author_info":{"display_name":"jinxing6611@gmail.com","author_link":"https:\/\/wisecnclaser.com\/es\/author\/"},"uagb_comment_info":0,"uagb_excerpt":"Advantages of our stone cnc router: 1. Heavy duty frame, machine weight is about 2200kgs 2.machine frame is processed by high precision cnc milling center, some other supplier use double housing planer\uff0cthere is precision difference between planer and milling center 3. Our spindle is R&amp;D professional spindle for stone engraving and carving, better dust-proof and&hellip;","_links":{"self":[{"href":"https:\/\/wisecnclaser.com\/es\/wp-json\/wp\/v2\/product\/1202","targetHints":{"allow":["GET"]}}],"collection":[{"href":"https:\/\/wisecnclaser.com\/es\/wp-json\/wp\/v2\/product"}],"about":[{"href":"https:\/\/wisecnclaser.com\/es\/wp-json\/wp\/v2\/types\/product"}],"wp:featuredmedia":[{"embeddable":true,"href":"https:\/\/wisecnclaser.com\/es\/wp-json\/wp\/v2\/media\/3431"}],"wp:attachment":[{"href":"https:\/\/wisecnclaser.com\/es\/wp-json\/wp\/v2\/media?parent=1202"}],"wp:term":[{"taxonomy":"product_brand","embeddable":true,"href":"https:\/\/wisecnclaser.com\/es\/wp-json\/wp\/v2\/product_brand?post=1202"},{"taxonomy":"product_cat","embeddable":true,"href":"https:\/\/wisecnclaser.com\/es\/wp-json\/wp\/v2\/product_cat?post=1202"},{"taxonomy":"product_tag","embeddable":true,"href":"https:\/\/wisecnclaser.com\/es\/wp-json\/wp\/v2\/product_tag?post=1202"}],"curies":[{"name":"wp","href":"https:\/\/api.w.org\/{rel}","templated":true}]}}