{"id":1207,"date":"2025-05-20T07:32:07","date_gmt":"2025-05-20T07:32:07","guid":{"rendered":"https:\/\/wisecnclaser.com\/product\/dnk-red-sports-shoes\/"},"modified":"2025-12-02T04:00:38","modified_gmt":"2025-12-02T04:00:38","slug":"dnk-red-sports-shoes","status":"publish","type":"product","link":"https:\/\/wisecnclaser.com\/es\/producto\/dnk-red-sports-shoes\/","title":{"rendered":"WS1530P Fresadora de espuma econ\u00f3mica CNC con Rotary"},"content":{"rendered":"<p><strong>Aplicaci\u00f3n de la fresadora cnc de espuma de 4 ejes<\/strong><\/p>\n<p>EPS, esponja, material de espuma pl\u00e1stica de polipropileno (EPP)<\/p>\n<p>&nbsp;<\/p>\n<p>&nbsp;<\/p>\n<table border=\"1\">\n<tbody>\n<tr class=\"firstRow\">\n<td colspan=\"2\" valign=\"center\" width=\"662\"><strong>Descripci\u00f3n y especificaciones de la fresadora cnc de espuma:<\/strong><\/td>\n<\/tr>\n<tr>\n<td valign=\"top\" width=\"268\">X Zona de trabajo<\/td>\n<td valign=\"top\" width=\"394\">1300mm para material plano<\/td>\n<\/tr>\n<tr>\n<td valign=\"top\" width=\"268\">Y Zona de trabajo<\/td>\n<td valign=\"top\" width=\"394\">2500mm para material plano<\/td>\n<\/tr>\n<tr>\n<td valign=\"top\" width=\"268\">Z \u00c1rea de trabajo<\/td>\n<td valign=\"top\" width=\"394\">500 mm<\/td>\n<\/tr>\n<tr>\n<td valign=\"top\" width=\"268\">Tama\u00f1o del eje A-Grabado rotativo<\/td>\n<td valign=\"top\" width=\"394\">500mm dia*1000mm longitud para espuma 3d<\/td>\n<\/tr>\n<tr>\n<td valign=\"top\" width=\"268\">Mesa de m\u00e1quinas<\/td>\n<td valign=\"top\" width=\"394\">Ranura en T<\/td>\n<\/tr>\n<tr>\n<td valign=\"top\" width=\"268\">Reposicionamiento Precisi\u00f3n de posicionamiento<\/td>\n<td valign=\"top\" width=\"394\">\u00b10,05 mm<\/td>\n<\/tr>\n<tr>\n<td valign=\"top\" width=\"268\">Estructura X,Y ,Z<\/td>\n<td valign=\"top\" width=\"394\">XY rueda dentada, Z Taiw\u00e1n tornillo de bolas de alta precisi\u00f3n. Todos los ejes utilizan gu\u00eda cuadrada<\/td>\n<\/tr>\n<tr>\n<td valign=\"top\" width=\"268\">Distancia del extremo del husillo a la mesa de trabajo<\/td>\n<td valign=\"top\" width=\"394\">100-500 mm<\/td>\n<\/tr>\n<tr>\n<td valign=\"top\" width=\"268\">R\u00e1pida velocidad de alimentaci\u00f3n<\/td>\n<td valign=\"top\" width=\"394\">Eje X 12000mm\/min Eje Y 12000mm\/min Z 6000mm\/min<\/td>\n<\/tr>\n<tr>\n<td valign=\"top\" width=\"268\">Velocidad de alimentaci\u00f3n<\/td>\n<td valign=\"top\" width=\"394\">1-10000mm\/min<\/td>\n<\/tr>\n<tr>\n<td valign=\"top\" width=\"268\">Eje<\/td>\n<td valign=\"top\" width=\"394\">Husillo refrigerado por aire de 6 kW<\/td>\n<\/tr>\n<tr>\n<td valign=\"top\" width=\"268\">Velocidad del cabezal<\/td>\n<td valign=\"top\" width=\"394\">100-18000 rpm<\/td>\n<\/tr>\n<tr>\n<td valign=\"top\" width=\"268\">Motor de accionamiento<\/td>\n<td valign=\"top\" width=\"394\">Servomotor y controlador KND chinos<\/td>\n<\/tr>\n<tr>\n<td valign=\"top\" width=\"268\">Comando<\/td>\n<td valign=\"top\" width=\"394\">G-code*.u00*.mmg*.plt<\/td>\n<\/tr>\n<tr>\n<td valign=\"top\" width=\"268\">Tensi\u00f3n de trabajo<\/td>\n<td valign=\"top\" width=\"394\">3PH AC380V\/50Hz<\/td>\n<\/tr>\n<tr>\n<td valign=\"top\" width=\"268\">Sistema de control<\/td>\n<td valign=\"top\" width=\"394\">SISTEMA KND<\/td>\n<\/tr>\n<tr>\n<td valign=\"top\" width=\"268\">Carril gu\u00eda<\/td>\n<td valign=\"top\" width=\"394\">Ra\u00edl cuadrado Taiw\u00e1n 25<\/td>\n<\/tr>\n<tr>\n<td valign=\"top\" width=\"268\">Ppp<\/td>\n<td valign=\"top\" width=\"394\">+\/-0.4<\/td>\n<\/tr>\n<tr>\n<td valign=\"top\" width=\"268\">Inversor<\/td>\n<td valign=\"top\" width=\"394\">Marca Surfar 7,5KW<\/td>\n<\/tr>\n<tr>\n<td valign=\"top\" width=\"268\">Rueda dentada<\/td>\n<td valign=\"top\" width=\"394\">Transmisi\u00f3n por pi\u00f1\u00f3n de cremallera helicoidal<\/td>\n<\/tr>\n<\/tbody>\n<\/table>\n<p>&nbsp;<\/p>\n<div class=\"ast-oembed-container\" style=\"height: 100%;\"><iframe title=\"WS1530P 2d alivio 3d escultura de espuma m\u00e1quina de tallar, 4 ejes de espuma de poliestireno eps molde fresado m\u00e1quina cnc\" width=\"422\" height=\"750\" src=\"https:\/\/www.youtube.com\/embed\/EDHQ6BUBdBc?feature=oembed\" frameborder=\"0\" allow=\"accelerometer; autoplay; clipboard-write; encrypted-media; gyroscope; picture-in-picture; web-share\" referrerpolicy=\"strict-origin-when-cross-origin\" allowfullscreen><\/iframe><\/div>","protected":false},"excerpt":{"rendered":"<p><strong>Aplicaci\u00f3n de la fresadora cnc de espuma de 4 ejes<\/strong><\/p>\n<p>EPS, esponja, material de espuma pl\u00e1stica de polipropileno (EPP)<\/p>","protected":false},"featured_media":3462,"template":"","meta":{"_seopress_robots_primary_cat":"none","_seopress_titles_title":"","_seopress_titles_desc":"","_seopress_robots_index":"","_uag_custom_page_level_css":"","site-sidebar-layout":"default","site-content-layout":"default","ast-site-content-layout":"default","site-content-style":"default","site-sidebar-style":"default","ast-global-header-display":"","ast-banner-title-visibility":"","ast-main-header-display":"","ast-hfb-above-header-display":"","ast-hfb-below-header-display":"","ast-hfb-mobile-header-display":"","site-post-title":"","ast-breadcrumbs-content":"","ast-featured-img":"","footer-sml-layout":"","ast-disable-related-posts":"","theme-transparent-header-meta":"default","adv-header-id-meta":"","stick-header-meta":"default","header-above-stick-meta":"","header-main-stick-meta":"","header-below-stick-meta":"","astra-migrate-meta-layouts":"set","ast-page-background-enabled":"default","ast-page-background-meta":{"desktop":{"background-color":"","background-image":"","background-repeat":"repeat","background-position":"center center","background-size":"auto","background-attachment":"scroll","background-type":"","background-media":"","overlay-type":"","overlay-color":"","overlay-opacity":"","overlay-gradient":""},"tablet":{"background-color":"","background-image":"","background-repeat":"repeat","background-position":"center center","background-size":"auto","background-attachment":"scroll","background-type":"","background-media":"","overlay-type":"","overlay-color":"","overlay-opacity":"","overlay-gradient":""},"mobile":{"background-color":"","background-image":"","background-repeat":"repeat","background-position":"center center","background-size":"auto","background-attachment":"scroll","background-type":"","background-media":"","overlay-type":"","overlay-color":"","overlay-opacity":"","overlay-gradient":""}},"ast-content-background-meta":{"desktop":{"background-color":"var(--ast-global-color-5)","background-image":"","background-repeat":"repeat","background-position":"center center","background-size":"auto","background-attachment":"scroll","background-type":"","background-media":"","overlay-type":"","overlay-color":"","overlay-opacity":"","overlay-gradient":""},"tablet":{"background-color":"var(--ast-global-color-5)","background-image":"","background-repeat":"repeat","background-position":"center center","background-size":"auto","background-attachment":"scroll","background-type":"","background-media":"","overlay-type":"","overlay-color":"","overlay-opacity":"","overlay-gradient":""},"mobile":{"background-color":"var(--ast-global-color-5)","background-image":"","background-repeat":"repeat","background-position":"center center","background-size":"auto","background-attachment":"scroll","background-type":"","background-media":"","overlay-type":"","overlay-color":"","overlay-opacity":"","overlay-gradient":""}}},"product_brand":[],"product_cat":[43],"product_tag":[],"class_list":{"0":"post-1207","1":"product","2":"type-product","3":"status-publish","4":"has-post-thumbnail","6":"product_cat-foam","7":"desktop-align-left","8":"tablet-align-left","9":"mobile-align-left","10":"ast-product-gallery-layout-horizontal-slider","11":"ast-product-gallery-with-no-image","12":"ast-product-tabs-layout-horizontal","14":"first","15":"instock","16":"sale","17":"shipping-taxable","18":"purchasable","19":"product-type-simple"},"uagb_featured_image_src":{"full":["https:\/\/wisecnclaser.com\/wp-content\/uploads\/2025\/05\/0d1a6b1bd0cf59dd7033277a3dc85386.png",800,800,false],"thumbnail":["https:\/\/wisecnclaser.com\/wp-content\/uploads\/2025\/05\/0d1a6b1bd0cf59dd7033277a3dc85386-150x150.png",150,150,true],"medium":["https:\/\/wisecnclaser.com\/wp-content\/uploads\/2025\/05\/0d1a6b1bd0cf59dd7033277a3dc85386-300x300.png",300,300,true],"medium_large":["https:\/\/wisecnclaser.com\/wp-content\/uploads\/2025\/05\/0d1a6b1bd0cf59dd7033277a3dc85386-768x768.png",768,768,true],"large":["https:\/\/wisecnclaser.com\/wp-content\/uploads\/2025\/05\/0d1a6b1bd0cf59dd7033277a3dc85386.png",800,800,false],"1536x1536":["https:\/\/wisecnclaser.com\/wp-content\/uploads\/2025\/05\/0d1a6b1bd0cf59dd7033277a3dc85386.png",800,800,false],"2048x2048":["https:\/\/wisecnclaser.com\/wp-content\/uploads\/2025\/05\/0d1a6b1bd0cf59dd7033277a3dc85386.png",800,800,false],"trp-custom-language-flag":["https:\/\/wisecnclaser.com\/wp-content\/uploads\/2025\/05\/0d1a6b1bd0cf59dd7033277a3dc85386-12x12.png",12,12,true],"woocommerce_thumbnail":["https:\/\/wisecnclaser.com\/wp-content\/uploads\/2025\/05\/0d1a6b1bd0cf59dd7033277a3dc85386-300x300.png",300,300,true],"woocommerce_single":["https:\/\/wisecnclaser.com\/wp-content\/uploads\/2025\/05\/0d1a6b1bd0cf59dd7033277a3dc85386-600x600.png",600,600,true],"woocommerce_gallery_thumbnail":["https:\/\/wisecnclaser.com\/wp-content\/uploads\/2025\/05\/0d1a6b1bd0cf59dd7033277a3dc85386-100x100.png",100,100,true]},"uagb_author_info":{"display_name":"jinxing6611@gmail.com","author_link":"https:\/\/wisecnclaser.com\/es\/author\/"},"uagb_comment_info":0,"uagb_excerpt":"Application of 4 axis foam milling cnc machine EPS, Sponge,Polypropylene plastic foam material(EPP)","_links":{"self":[{"href":"https:\/\/wisecnclaser.com\/es\/wp-json\/wp\/v2\/product\/1207","targetHints":{"allow":["GET"]}}],"collection":[{"href":"https:\/\/wisecnclaser.com\/es\/wp-json\/wp\/v2\/product"}],"about":[{"href":"https:\/\/wisecnclaser.com\/es\/wp-json\/wp\/v2\/types\/product"}],"wp:featuredmedia":[{"embeddable":true,"href":"https:\/\/wisecnclaser.com\/es\/wp-json\/wp\/v2\/media\/3462"}],"wp:attachment":[{"href":"https:\/\/wisecnclaser.com\/es\/wp-json\/wp\/v2\/media?parent=1207"}],"wp:term":[{"taxonomy":"product_brand","embeddable":true,"href":"https:\/\/wisecnclaser.com\/es\/wp-json\/wp\/v2\/product_brand?post=1207"},{"taxonomy":"product_cat","embeddable":true,"href":"https:\/\/wisecnclaser.com\/es\/wp-json\/wp\/v2\/product_cat?post=1207"},{"taxonomy":"product_tag","embeddable":true,"href":"https:\/\/wisecnclaser.com\/es\/wp-json\/wp\/v2\/product_tag?post=1207"}],"curies":[{"name":"wp","href":"https:\/\/api.w.org\/{rel}","templated":true}]}}