{"id":1208,"date":"2025-05-20T07:32:07","date_gmt":"2025-05-20T07:32:07","guid":{"rendered":"https:\/\/wisecnclaser.com\/product\/faint-blue-jeans\/"},"modified":"2025-05-23T02:49:01","modified_gmt":"2025-05-23T02:49:01","slug":"faint-blue-jeans","status":"publish","type":"product","link":"https:\/\/wisecnclaser.com\/es\/producto\/faint-blue-jeans\/","title":{"rendered":"Fresadora CNC de moldes de espuma WS1530"},"content":{"rendered":"<p><strong>Aplicaci\u00f3n de la fresadora cnc de moldes de espuma<\/strong><\/p>\n<p>EPS, material de espuma de pl\u00e1stico de polipropileno (EPP), utilizado principalmente para la fabricaci\u00f3n de espuma EPC, molde de madera,<\/p>\n<p>Modelos de espuma para diversas piezas de fundici\u00f3n mec\u00e1nica, como barcos, energ\u00eda e\u00f3lica, m\u00e1quinas herramienta, maquinaria de moldeo por inyecci\u00f3n, maquinaria de impresi\u00f3n, etc. Dise\u00f1o industrial de autom\u00f3viles, yates, aviones, etc. Moldes rotativos, moldes de inyecci\u00f3n, procesamiento de materiales decorativos para paredes exteriores GRG\/GRC, etc.<\/p>\n<p><strong>Caracter\u00edsticas de la m\u00e1quina de tallado de espuma cnc 1530:<\/strong><\/p>\n<p>1,La m\u00e1quina de tallado de espuma cnc adopta husillo de refrigeraci\u00f3n por agua de alta potencia o husillo de refrigeraci\u00f3n por aire, y el motor servo importado y el interruptor.<\/p>\n<p>2,Funci\u00f3n de protecci\u00f3n inteligente de la mesa de la m\u00e1quina: para evitar la aver\u00eda de la mesa causada por la operaci\u00f3n defectuosa, o error de software.<\/p>\n<p>3,Protecci\u00f3n transfronteriza de procesamiento inteligente para evitar la colisi\u00f3n mec\u00e1nica causada por la disposici\u00f3n del dise\u00f1o que excede la anchura de procesamiento.<\/p>\n<p>4, sistema de control inteligente, puede lograr multi-capa del mecanizado 3d automatic.it puede terminar el mecanizado 3d con alta velocidad y sin problemas.<\/p>\n<p>5,Taiwan carril de gu\u00eda lineal, deslizadores autolubricantes.bien proporcionado de la fuerza cuando se trabaja para garantizar la precisi\u00f3n y la fuerza<\/p>\n<p><strong>Aplicaci\u00f3n de la m\u00e1quina de tallado de espuma cnc:<\/strong><\/p>\n<p><strong>\u00a0<\/strong>1,Mecanizado de moldes de madera de fundici\u00f3n y modelos de espuma para grandes m\u00e1quinas-herramienta, industrias navales, etc.<\/p>\n<p>2,Fundici\u00f3n de modelos de madera para diversas piezas de fundici\u00f3n mec\u00e1nica, como barcos, energ\u00eda e\u00f3lica, m\u00e1quinas herramienta, maquinaria de moldeo por inyecci\u00f3n, maquinaria de impresi\u00f3n, etc.<\/p>\n<p>3,Dise\u00f1o industrial de autom\u00f3viles, yates, aviones, etc.<\/p>\n<p>4,Moldes rotativos, moldes de inyecci\u00f3n, procesamiento de materiales decorativos de pared exterior GRG\/GRC, etc.<\/p>\n<table border=\"1\">\n<tbody>\n<tr class=\"firstRow\">\n<td colspan=\"2\" valign=\"center\" width=\"662\"><strong>Descripci\u00f3n y especificaciones de la fresadora cnc de moldes de espuma:<\/strong><\/td>\n<\/tr>\n<tr>\n<td valign=\"top\" width=\"331\">X Zona de trabajo<\/td>\n<td valign=\"top\" width=\"331\">1500 mm<\/td>\n<\/tr>\n<tr>\n<td valign=\"top\" width=\"331\">Y Zona de trabajo<\/td>\n<td valign=\"top\" width=\"331\">3000 mm<\/td>\n<\/tr>\n<tr>\n<td valign=\"top\" width=\"331\">Z \u00c1rea de trabajo<\/td>\n<td valign=\"top\" width=\"331\">600 mm, altura de alimentaci\u00f3n de material 700 mm<\/td>\n<\/tr>\n<tr>\n<td valign=\"top\" width=\"331\">Mesa de m\u00e1quinas<\/td>\n<td valign=\"top\" width=\"331\">Ranura en T<\/td>\n<\/tr>\n<tr>\n<td valign=\"top\" width=\"331\">Estructura de la m\u00e1quina<\/td>\n<td valign=\"top\" width=\"331\">Estructura de acero de gran espesor<\/td>\n<\/tr>\n<tr>\n<td valign=\"top\" width=\"331\">Estructura X,Y ,Z<\/td>\n<td valign=\"top\" width=\"331\">Rueda dentada XY, Z Husillo de bolas Taiwan 3210<\/td>\n<\/tr>\n<tr>\n<td valign=\"top\" width=\"331\">Transmisi\u00f3n<\/td>\n<td valign=\"top\" width=\"331\">Pi\u00f1\u00f3n de cremallera de alta precisi\u00f3n Xinyue<\/td>\n<\/tr>\n<tr>\n<td valign=\"top\" width=\"331\">Velocidad de alimentaci\u00f3n<\/td>\n<td valign=\"top\" width=\"331\">10000mm\/min<\/td>\n<\/tr>\n<tr>\n<td valign=\"top\" width=\"331\">Eje<\/td>\n<td valign=\"top\" width=\"331\">Husillo refrigerado por agua de 5,5 kW<\/td>\n<\/tr>\n<tr>\n<td valign=\"top\" width=\"331\">Velocidad m\u00e1xima de alimentaci\u00f3n<\/td>\n<td valign=\"top\" width=\"331\">Eje X:12000mm\/min<\/p>\n<p>Eje Y:12000mm\/min<\/p>\n<p>Eje Z: 6000mm\/min<\/td>\n<\/tr>\n<tr>\n<td valign=\"top\" width=\"331\">Velocidad del cabezal<\/td>\n<td valign=\"top\" width=\"331\">100-12000RPM<\/td>\n<\/tr>\n<tr>\n<td valign=\"top\" width=\"331\">Sistema de conducci\u00f3n<\/td>\n<td valign=\"top\" width=\"331\">Chinse KND servo<\/td>\n<\/tr>\n<tr>\n<td valign=\"top\" width=\"331\">Comando<\/td>\n<td valign=\"top\" width=\"331\">G-code*.u00*.mmg*.plt<\/td>\n<\/tr>\n<tr>\n<td valign=\"top\" width=\"331\">Tensi\u00f3n de trabajo<\/td>\n<td valign=\"top\" width=\"331\">AC380V\/60Hz<\/td>\n<\/tr>\n<tr>\n<td valign=\"top\" width=\"331\">Sistema de control<\/td>\n<td valign=\"top\" width=\"331\">Sistema KND chino<\/td>\n<\/tr>\n<tr>\n<td valign=\"top\" width=\"331\">Sistema de control dpi<\/td>\n<td valign=\"top\" width=\"331\">\u00b10.004<\/td>\n<\/tr>\n<tr>\n<td valign=\"top\" width=\"331\">Inveter<\/td>\n<td valign=\"top\" width=\"331\">Inversor Fuling<\/td>\n<\/tr>\n<tr>\n<td valign=\"top\" width=\"331\">Reductores del eje Z<\/td>\n<td valign=\"top\" width=\"331\">S\u00ed (marca shimpoo, con proporci\u00f3n 1:8)<\/td>\n<\/tr>\n<tr>\n<td valign=\"top\" width=\"331\">Carril gu\u00eda<\/td>\n<td valign=\"top\" width=\"331\">Carril cuadrado Taiw\u00e1n 25<\/td>\n<\/tr>\n<tr>\n<td valign=\"top\" width=\"331\">Dispositivo auxiliar<\/td>\n<td valign=\"top\" width=\"331\">Colector de polvo, enfriador de agua<\/td>\n<\/tr>\n<\/tbody>\n<\/table>\n<p>&nbsp;<\/p>","protected":false},"excerpt":{"rendered":"<p><strong>Aplicaci\u00f3n de la fresadora cnc de moldes de espuma<\/strong><\/p>\n<p>EPS, material de espuma de pl\u00e1stico de polipropileno (EPP), utilizado principalmente para la fabricaci\u00f3n de espuma EPC, molde de madera,<\/p>\n<p>Modelos de espuma para diversas piezas de fundici\u00f3n mec\u00e1nica, como barcos, energ\u00eda e\u00f3lica, m\u00e1quinas herramienta, maquinaria de moldeo por inyecci\u00f3n, maquinaria de impresi\u00f3n, etc. Dise\u00f1o industrial de autom\u00f3viles, yates, aviones, etc. Moldes rotativos, moldes de inyecci\u00f3n, procesamiento de materiales decorativos para paredes exteriores GRG\/GRC, etc.<\/p>\n<p><strong>Caracter\u00edsticas de la m\u00e1quina de tallado de espuma cnc 1530:<\/strong><\/p>\n<p>1,La m\u00e1quina de tallado de espuma cnc adopta husillo de refrigeraci\u00f3n por agua de alta potencia o husillo de refrigeraci\u00f3n por aire, y el motor servo importado y el interruptor.<\/p>\n<p>2,Funci\u00f3n de protecci\u00f3n inteligente de la mesa de la m\u00e1quina: para evitar la aver\u00eda de la mesa causada por la operaci\u00f3n defectuosa, o error de software.<\/p>\n<p>3,Protecci\u00f3n transfronteriza de procesamiento inteligente para evitar la colisi\u00f3n mec\u00e1nica causada por la disposici\u00f3n del dise\u00f1o que excede la anchura de procesamiento.<\/p>\n<p>4, sistema de control inteligente, puede lograr multi-capa del mecanizado 3d automatic.it puede terminar el mecanizado 3d con alta velocidad y sin problemas.<\/p>\n<p>5,Taiwan carril de gu\u00eda lineal, deslizadores autolubricantes.bien proporcionado de la fuerza cuando se trabaja para garantizar la precisi\u00f3n y la fuerza<\/p>","protected":false},"featured_media":3460,"template":"","meta":{"_seopress_robots_primary_cat":"none","_seopress_titles_title":"","_seopress_titles_desc":"","_seopress_robots_index":"","_uag_custom_page_level_css":"","site-sidebar-layout":"default","site-content-layout":"default","ast-site-content-layout":"default","site-content-style":"default","site-sidebar-style":"default","ast-global-header-display":"","ast-banner-title-visibility":"","ast-main-header-display":"","ast-hfb-above-header-display":"","ast-hfb-below-header-display":"","ast-hfb-mobile-header-display":"","site-post-title":"","ast-breadcrumbs-content":"","ast-featured-img":"","footer-sml-layout":"","ast-disable-related-posts":"","theme-transparent-header-meta":"default","adv-header-id-meta":"","stick-header-meta":"default","header-above-stick-meta":"","header-main-stick-meta":"","header-below-stick-meta":"","astra-migrate-meta-layouts":"set","ast-page-background-enabled":"default","ast-page-background-meta":{"desktop":{"background-color":"","background-image":"","background-repeat":"repeat","background-position":"center center","background-size":"auto","background-attachment":"scroll","background-type":"","background-media":"","overlay-type":"","overlay-color":"","overlay-opacity":"","overlay-gradient":""},"tablet":{"background-color":"","background-image":"","background-repeat":"repeat","background-position":"center center","background-size":"auto","background-attachment":"scroll","background-type":"","background-media":"","overlay-type":"","overlay-color":"","overlay-opacity":"","overlay-gradient":""},"mobile":{"background-color":"","background-image":"","background-repeat":"repeat","background-position":"center center","background-size":"auto","background-attachment":"scroll","background-type":"","background-media":"","overlay-type":"","overlay-color":"","overlay-opacity":"","overlay-gradient":""}},"ast-content-background-meta":{"desktop":{"background-color":"var(--ast-global-color-5)","background-image":"","background-repeat":"repeat","background-position":"center center","background-size":"auto","background-attachment":"scroll","background-type":"","background-media":"","overlay-type":"","overlay-color":"","overlay-opacity":"","overlay-gradient":""},"tablet":{"background-color":"var(--ast-global-color-5)","background-image":"","background-repeat":"repeat","background-position":"center center","background-size":"auto","background-attachment":"scroll","background-type":"","background-media":"","overlay-type":"","overlay-color":"","overlay-opacity":"","overlay-gradient":""},"mobile":{"background-color":"var(--ast-global-color-5)","background-image":"","background-repeat":"repeat","background-position":"center center","background-size":"auto","background-attachment":"scroll","background-type":"","background-media":"","overlay-type":"","overlay-color":"","overlay-opacity":"","overlay-gradient":""}}},"product_brand":[],"product_cat":[43],"product_tag":[],"class_list":{"0":"post-1208","1":"product","2":"type-product","3":"status-publish","4":"has-post-thumbnail","6":"product_cat-foam","7":"desktop-align-left","8":"tablet-align-left","9":"mobile-align-left","10":"ast-product-gallery-layout-horizontal-slider","11":"ast-product-gallery-with-no-image","12":"ast-product-tabs-layout-horizontal","14":"first","15":"instock","16":"sale","17":"shipping-taxable","18":"purchasable","19":"product-type-simple"},"uagb_featured_image_src":{"full":["https:\/\/wisecnclaser.com\/wp-content\/uploads\/2025\/05\/bcb78065198408b6068fb114b361bd27.jpg",800,800,false],"thumbnail":["https:\/\/wisecnclaser.com\/wp-content\/uploads\/2025\/05\/bcb78065198408b6068fb114b361bd27-150x150.jpg",150,150,true],"medium":["https:\/\/wisecnclaser.com\/wp-content\/uploads\/2025\/05\/bcb78065198408b6068fb114b361bd27-300x300.jpg",300,300,true],"medium_large":["https:\/\/wisecnclaser.com\/wp-content\/uploads\/2025\/05\/bcb78065198408b6068fb114b361bd27-768x768.jpg",768,768,true],"large":["https:\/\/wisecnclaser.com\/wp-content\/uploads\/2025\/05\/bcb78065198408b6068fb114b361bd27.jpg",800,800,false],"1536x1536":["https:\/\/wisecnclaser.com\/wp-content\/uploads\/2025\/05\/bcb78065198408b6068fb114b361bd27.jpg",800,800,false],"2048x2048":["https:\/\/wisecnclaser.com\/wp-content\/uploads\/2025\/05\/bcb78065198408b6068fb114b361bd27.jpg",800,800,false],"trp-custom-language-flag":["https:\/\/wisecnclaser.com\/wp-content\/uploads\/2025\/05\/bcb78065198408b6068fb114b361bd27-12x12.jpg",12,12,true],"woocommerce_thumbnail":["https:\/\/wisecnclaser.com\/wp-content\/uploads\/2025\/05\/bcb78065198408b6068fb114b361bd27-300x300.jpg",300,300,true],"woocommerce_single":["https:\/\/wisecnclaser.com\/wp-content\/uploads\/2025\/05\/bcb78065198408b6068fb114b361bd27-600x600.jpg",600,600,true],"woocommerce_gallery_thumbnail":["https:\/\/wisecnclaser.com\/wp-content\/uploads\/2025\/05\/bcb78065198408b6068fb114b361bd27-100x100.jpg",100,100,true]},"uagb_author_info":{"display_name":"jinxing6611@gmail.com","author_link":"https:\/\/wisecnclaser.com\/es\/author\/"},"uagb_comment_info":0,"uagb_excerpt":"Application of cnc foam mold milling machine EPS, Polypropylene plastic foam material(EPP), mainly used for making FOAM EPC, wood mold, Foam models for various mechanical castings, such as ships, wind power, machine tools, injection molding machinery, printing machinery, etc. Industrial design of automobile, yacht, airplane, etc. Rotary molds, injection molds, GRG\/GRC exterior wall decorative materials&hellip;","_links":{"self":[{"href":"https:\/\/wisecnclaser.com\/es\/wp-json\/wp\/v2\/product\/1208","targetHints":{"allow":["GET"]}}],"collection":[{"href":"https:\/\/wisecnclaser.com\/es\/wp-json\/wp\/v2\/product"}],"about":[{"href":"https:\/\/wisecnclaser.com\/es\/wp-json\/wp\/v2\/types\/product"}],"wp:featuredmedia":[{"embeddable":true,"href":"https:\/\/wisecnclaser.com\/es\/wp-json\/wp\/v2\/media\/3460"}],"wp:attachment":[{"href":"https:\/\/wisecnclaser.com\/es\/wp-json\/wp\/v2\/media?parent=1208"}],"wp:term":[{"taxonomy":"product_brand","embeddable":true,"href":"https:\/\/wisecnclaser.com\/es\/wp-json\/wp\/v2\/product_brand?post=1208"},{"taxonomy":"product_cat","embeddable":true,"href":"https:\/\/wisecnclaser.com\/es\/wp-json\/wp\/v2\/product_cat?post=1208"},{"taxonomy":"product_tag","embeddable":true,"href":"https:\/\/wisecnclaser.com\/es\/wp-json\/wp\/v2\/product_tag?post=1208"}],"curies":[{"name":"wp","href":"https:\/\/api.w.org\/{rel}","templated":true}]}}