{"id":1210,"date":"2025-05-20T07:32:07","date_gmt":"2025-05-20T07:32:07","guid":{"rendered":"https:\/\/wisecnclaser.com\/product\/dark-grey-jeans\/"},"modified":"2025-05-22T13:15:14","modified_gmt":"2025-05-22T13:15:14","slug":"dark-grey-jeans","status":"publish","type":"product","link":"https:\/\/wisecnclaser.com\/es\/producto\/dark-grey-jeans\/","title":{"rendered":"WS1330 Cortadora de espuma de alambre caliente de estructura ligera con mesa giratoria"},"content":{"rendered":"<p>Caracter\u00edsticas de la cortadora de espuma de hilo caliente 1330:<\/p>\n<p>1. Esta m\u00e1quina adopta bloques de bolas de \u00f3rbita redonda, doble fila y cuatro columnas. Gran capacidad de rodamiento, funcionamiento suave, alta precisi\u00f3n y larga vida \u00fatil. Tornillo de bolas importado de alta precisi\u00f3n, corte preciso.<\/p>\n<p>2. utilizar T ranura marco de aluminio, econ\u00f3mico, estructura ligera, es buena choise para eps espuma de corte principiante o principiante.<\/p>\n<p>3. Adopta un cable muy flexible y resistente a la flexi\u00f3n. Y la importaci\u00f3n de componentes electr\u00f3nicos duraderos. El dise\u00f1o electr\u00f3nico de toda la m\u00e1quina cumple con la norma europea CE.caja de control independiente con sistema de protecci\u00f3n de seguridad fiable.<\/p>\n<p>4. Sistema de control mach3 f\u00e1cil de aprender, con ordenador industrial<\/p>\n<p>5. el potencial del motor, lograr el mecanizado de velocidad constante, curvas y lineal s\u00edncrono, y la curva es m\u00e1s perfecto.<\/p>\n<p>6.High velocidad de accionamiento del motor paso a paso y las unidades, por lo que dejar que el funcionamiento constante y estable<\/p>\n<p>7.can utilice la tabla de la vuelta para el corte de la espuma 3d<\/p>\n<p><strong>.<\/strong><strong>Aplicaci\u00f3n de la cortadora de espuma de alambre caliente:<\/strong><\/p>\n<p>En comparaci\u00f3n con la m\u00e1quina de corte de espuma de alambre caliente de alta resistencia, la vida \u00fatil de esta cortadora de espuma de alambre caliente de estructura ligera es m\u00e1s corta, y el tama\u00f1o s\u00f3lo puede ser 1300*3000*1300mm, si desea un tama\u00f1o m\u00e1s grande, tiene que utilizar la cortadora de espuma de marco de alta resistencia que utiliza la transmisi\u00f3n de pi\u00f1\u00f3n de cremallera. y la cortadora de alambre caliente de estructura ligera s\u00f3lo puede ser de un solo cable, si necesita varios cables, tiene que actualizar en uno de alta resistencia.<strong>\u00a0<\/strong><\/p>\n<table border=\"1\">\n<tbody>\n<tr class=\"firstRow\">\n<td colspan=\"2\" valign=\"center\" width=\"662\"><strong>Par\u00e1metros t\u00e9cnicos de WS1330\u00a0<\/strong><strong>Luz<\/strong><strong>\u00a0Cortadora de espuma de estructura con mesa giratoria:<\/strong><\/td>\n<\/tr>\n<tr>\n<td valign=\"top\" width=\"208\">\u00c1rea de corte<\/td>\n<td valign=\"top\" width=\"454\">Longitud 3000mm*anchura 1300mm*altura 1300mm<\/td>\n<\/tr>\n<tr>\n<td valign=\"top\" width=\"208\">Superficie de la mesa<\/td>\n<td valign=\"top\" width=\"454\">Mesa de PVC<\/td>\n<\/tr>\n<tr>\n<td valign=\"top\" width=\"208\">Precisi\u00f3n de posicionamiento en desplazamiento<\/td>\n<td valign=\"top\" width=\"454\">\u00b10,03 mm<\/td>\n<\/tr>\n<tr>\n<td valign=\"top\" width=\"208\">Reposicionamiento Precisi\u00f3n de posicionamiento<\/td>\n<td valign=\"top\" width=\"454\">\u00b10,02 mm<\/td>\n<\/tr>\n<tr>\n<td valign=\"top\" width=\"208\">Ppp de trabajo<\/td>\n<td valign=\"top\" width=\"454\">\u00b10,04 mm<\/td>\n<\/tr>\n<tr>\n<td valign=\"top\" width=\"208\">Velocidad de rotaci\u00f3n<\/td>\n<td valign=\"top\" width=\"454\">0-6000 mm\/min<\/td>\n<\/tr>\n<tr>\n<td valign=\"top\" width=\"208\">Estructura de la m\u00e1quina<\/td>\n<td valign=\"top\" width=\"454\">Acero grueso soldado<\/td>\n<\/tr>\n<tr>\n<td valign=\"top\" width=\"208\">Comando<\/td>\n<td valign=\"top\" width=\"454\">G-code*.u00*.mmg*.plt<\/td>\n<\/tr>\n<tr>\n<td valign=\"top\" width=\"208\">Tensi\u00f3n de trabajo<\/td>\n<td valign=\"top\" width=\"454\">AC220V\/20HZ<\/td>\n<\/tr>\n<tr>\n<td valign=\"top\" width=\"208\">Peso con embalaje<\/td>\n<td valign=\"top\" width=\"454\">850KGS<\/td>\n<\/tr>\n<tr>\n<td valign=\"top\" width=\"208\">Tama\u00f1o del envase<\/td>\n<td valign=\"top\" width=\"454\">1.6*3.9*1.4M<\/td>\n<\/tr>\n<tr>\n<td valign=\"top\" width=\"208\">Sistema de control<\/td>\n<td valign=\"top\" width=\"454\">Mach3 con ordenador industrial<\/td>\n<\/tr>\n<tr>\n<td valign=\"top\" width=\"208\">Carril gu\u00eda<\/td>\n<td valign=\"top\" width=\"454\">gu\u00eda circular<\/td>\n<\/tr>\n<tr>\n<td valign=\"top\" width=\"208\">Humedad<\/td>\n<td valign=\"top\" width=\"454\">10%-90%(sin condensaci\u00f3n)<\/td>\n<\/tr>\n<tr>\n<td valign=\"top\" width=\"208\">Temperatura<\/td>\n<td valign=\"top\" width=\"454\">10-50\u2103<\/td>\n<\/tr>\n<tr>\n<td valign=\"top\" width=\"208\">Caja de cambios<\/td>\n<td valign=\"top\" width=\"454\">Caja de engranajes peque\u00f1a<\/td>\n<\/tr>\n<tr>\n<td valign=\"top\" width=\"208\">Transmisi\u00f3n<\/td>\n<td valign=\"top\" width=\"454\">Husillo de bolas<\/td>\n<\/tr>\n<tr>\n<td valign=\"top\" width=\"208\">Peso neto<\/td>\n<td valign=\"top\" width=\"454\">600KGS<\/td>\n<\/tr>\n<tr>\n<td valign=\"top\" width=\"208\">Regulador<\/td>\n<td valign=\"top\" width=\"454\">1000W<\/td>\n<\/tr>\n<tr>\n<td valign=\"top\" width=\"208\">Observaci\u00f3n<\/td>\n<td valign=\"top\" width=\"454\">Econ\u00f3mico<\/td>\n<\/tr>\n<tr>\n<td valign=\"top\" width=\"208\">Rueda s\u00edncrona x,y<\/td>\n<td valign=\"top\" width=\"454\">5M,1:5<\/td>\n<\/tr>\n<tr>\n<td valign=\"top\" width=\"208\">Correa s\u00edncrona<\/td>\n<td valign=\"top\" width=\"454\">5M-285<\/td>\n<\/tr>\n<tr>\n<td valign=\"top\" width=\"208\">Rueda s\u00edncrona Z<\/td>\n<td valign=\"top\" width=\"454\">Rueda 5M 20<\/td>\n<\/tr>\n<tr>\n<td valign=\"top\" width=\"208\">transmisi\u00f3n<\/td>\n<td valign=\"top\" width=\"454\">husillo de bolas<\/td>\n<\/tr>\n<tr>\n<td valign=\"top\" width=\"208\">ordenador<\/td>\n<td valign=\"top\" width=\"454\">ordenador industrial<\/td>\n<\/tr>\n<tr>\n<td valign=\"top\" width=\"208\">Caja de control<\/td>\n<td valign=\"top\" width=\"454\">Separe<\/td>\n<\/tr>\n<tr>\n<td valign=\"top\" width=\"208\">Software<\/td>\n<td valign=\"top\" width=\"454\">CAXA CAD<\/td>\n<\/tr>\n<\/tbody>\n<\/table>","protected":false},"excerpt":{"rendered":"<p>Caracter\u00edsticas de la cortadora de espuma de hilo caliente 1330:<\/p>\n<p>1. Esta m\u00e1quina adopta bloques de bolas de \u00f3rbita redonda, doble fila y cuatro columnas. Gran capacidad de rodamiento, funcionamiento suave, alta precisi\u00f3n y larga vida \u00fatil. Tornillo de bolas importado de alta precisi\u00f3n, corte preciso.<\/p>\n<p>2. utilizar T ranura marco de aluminio, econ\u00f3mico, estructura ligera, es buena choise para eps espuma de corte principiante o principiante.<\/p>\n<p>3. Adopta un cable muy flexible y resistente a la flexi\u00f3n. Y la importaci\u00f3n de componentes electr\u00f3nicos duraderos. El dise\u00f1o electr\u00f3nico de toda la m\u00e1quina cumple con la norma europea CE.caja de control independiente con sistema de protecci\u00f3n de seguridad fiable.<\/p>\n<p>4. Sistema de control mach3 f\u00e1cil de aprender, con ordenador industrial<\/p>\n<p>5. el potencial del motor, lograr el mecanizado de velocidad constante, curvas y lineal s\u00edncrono, y la curva es m\u00e1s perfecto.<\/p>\n<p>6.High velocidad de accionamiento del motor paso a paso y las unidades, por lo que dejar que el funcionamiento constante y estable<\/p>\n<p>7.can utilice la tabla de la vuelta para el corte de la espuma 3d<\/p>","protected":false},"featured_media":3456,"template":"","meta":{"_seopress_robots_primary_cat":"none","_seopress_titles_title":"","_seopress_titles_desc":"","_seopress_robots_index":"","_uag_custom_page_level_css":"","site-sidebar-layout":"default","site-content-layout":"default","ast-site-content-layout":"default","site-content-style":"default","site-sidebar-style":"default","ast-global-header-display":"","ast-banner-title-visibility":"","ast-main-header-display":"","ast-hfb-above-header-display":"","ast-hfb-below-header-display":"","ast-hfb-mobile-header-display":"","site-post-title":"","ast-breadcrumbs-content":"","ast-featured-img":"","footer-sml-layout":"","ast-disable-related-posts":"","theme-transparent-header-meta":"default","adv-header-id-meta":"","stick-header-meta":"default","header-above-stick-meta":"","header-main-stick-meta":"","header-below-stick-meta":"","astra-migrate-meta-layouts":"set","ast-page-background-enabled":"default","ast-page-background-meta":{"desktop":{"background-color":"","background-image":"","background-repeat":"repeat","background-position":"center center","background-size":"auto","background-attachment":"scroll","background-type":"","background-media":"","overlay-type":"","overlay-color":"","overlay-opacity":"","overlay-gradient":""},"tablet":{"background-color":"","background-image":"","background-repeat":"repeat","background-position":"center center","background-size":"auto","background-attachment":"scroll","background-type":"","background-media":"","overlay-type":"","overlay-color":"","overlay-opacity":"","overlay-gradient":""},"mobile":{"background-color":"","background-image":"","background-repeat":"repeat","background-position":"center center","background-size":"auto","background-attachment":"scroll","background-type":"","background-media":"","overlay-type":"","overlay-color":"","overlay-opacity":"","overlay-gradient":""}},"ast-content-background-meta":{"desktop":{"background-color":"var(--ast-global-color-5)","background-image":"","background-repeat":"repeat","background-position":"center center","background-size":"auto","background-attachment":"scroll","background-type":"","background-media":"","overlay-type":"","overlay-color":"","overlay-opacity":"","overlay-gradient":""},"tablet":{"background-color":"var(--ast-global-color-5)","background-image":"","background-repeat":"repeat","background-position":"center center","background-size":"auto","background-attachment":"scroll","background-type":"","background-media":"","overlay-type":"","overlay-color":"","overlay-opacity":"","overlay-gradient":""},"mobile":{"background-color":"var(--ast-global-color-5)","background-image":"","background-repeat":"repeat","background-position":"center center","background-size":"auto","background-attachment":"scroll","background-type":"","background-media":"","overlay-type":"","overlay-color":"","overlay-opacity":"","overlay-gradient":""}}},"product_brand":[],"product_cat":[43],"product_tag":[],"class_list":{"0":"post-1210","1":"product","2":"type-product","3":"status-publish","4":"has-post-thumbnail","6":"product_cat-foam","7":"desktop-align-left","8":"tablet-align-left","9":"mobile-align-left","10":"ast-product-gallery-layout-horizontal-slider","11":"ast-product-gallery-with-no-image","12":"ast-product-tabs-layout-horizontal","14":"first","15":"instock","16":"shipping-taxable","17":"purchasable","18":"product-type-simple"},"uagb_featured_image_src":{"full":["https:\/\/wisecnclaser.com\/wp-content\/uploads\/2025\/05\/a88c962689ed9015dc7479dc3360159a.jpg",800,800,false],"thumbnail":["https:\/\/wisecnclaser.com\/wp-content\/uploads\/2025\/05\/a88c962689ed9015dc7479dc3360159a-150x150.jpg",150,150,true],"medium":["https:\/\/wisecnclaser.com\/wp-content\/uploads\/2025\/05\/a88c962689ed9015dc7479dc3360159a-300x300.jpg",300,300,true],"medium_large":["https:\/\/wisecnclaser.com\/wp-content\/uploads\/2025\/05\/a88c962689ed9015dc7479dc3360159a-768x768.jpg",768,768,true],"large":["https:\/\/wisecnclaser.com\/wp-content\/uploads\/2025\/05\/a88c962689ed9015dc7479dc3360159a.jpg",800,800,false],"1536x1536":["https:\/\/wisecnclaser.com\/wp-content\/uploads\/2025\/05\/a88c962689ed9015dc7479dc3360159a.jpg",800,800,false],"2048x2048":["https:\/\/wisecnclaser.com\/wp-content\/uploads\/2025\/05\/a88c962689ed9015dc7479dc3360159a.jpg",800,800,false],"trp-custom-language-flag":["https:\/\/wisecnclaser.com\/wp-content\/uploads\/2025\/05\/a88c962689ed9015dc7479dc3360159a-12x12.jpg",12,12,true],"woocommerce_thumbnail":["https:\/\/wisecnclaser.com\/wp-content\/uploads\/2025\/05\/a88c962689ed9015dc7479dc3360159a-300x300.jpg",300,300,true],"woocommerce_single":["https:\/\/wisecnclaser.com\/wp-content\/uploads\/2025\/05\/a88c962689ed9015dc7479dc3360159a-600x600.jpg",600,600,true],"woocommerce_gallery_thumbnail":["https:\/\/wisecnclaser.com\/wp-content\/uploads\/2025\/05\/a88c962689ed9015dc7479dc3360159a-100x100.jpg",100,100,true]},"uagb_author_info":{"display_name":"jinxing6611@gmail.com","author_link":"https:\/\/wisecnclaser.com\/es\/author\/"},"uagb_comment_info":0,"uagb_excerpt":"Features of 1330 hot wire foam cutting machine: 1. This machine adopts round orbit, double rows and four columns ball blocks. Large\u00a0bearing capacity, running smoothly, high precision and long life. Imported high precision\u00a0Ball screw, cutting accurate. 2. use T slot aluminum frame, economic, light structure, is good choise for eps foam cutting starter or beginner.&hellip;","_links":{"self":[{"href":"https:\/\/wisecnclaser.com\/es\/wp-json\/wp\/v2\/product\/1210","targetHints":{"allow":["GET"]}}],"collection":[{"href":"https:\/\/wisecnclaser.com\/es\/wp-json\/wp\/v2\/product"}],"about":[{"href":"https:\/\/wisecnclaser.com\/es\/wp-json\/wp\/v2\/types\/product"}],"wp:featuredmedia":[{"embeddable":true,"href":"https:\/\/wisecnclaser.com\/es\/wp-json\/wp\/v2\/media\/3456"}],"wp:attachment":[{"href":"https:\/\/wisecnclaser.com\/es\/wp-json\/wp\/v2\/media?parent=1210"}],"wp:term":[{"taxonomy":"product_brand","embeddable":true,"href":"https:\/\/wisecnclaser.com\/es\/wp-json\/wp\/v2\/product_brand?post=1210"},{"taxonomy":"product_cat","embeddable":true,"href":"https:\/\/wisecnclaser.com\/es\/wp-json\/wp\/v2\/product_cat?post=1210"},{"taxonomy":"product_tag","embeddable":true,"href":"https:\/\/wisecnclaser.com\/es\/wp-json\/wp\/v2\/product_tag?post=1210"}],"curies":[{"name":"wp","href":"https:\/\/api.w.org\/{rel}","templated":true}]}}