{"id":1211,"date":"2025-05-20T07:32:07","date_gmt":"2025-05-20T07:32:07","guid":{"rendered":"https:\/\/wisecnclaser.com\/product\/dark-brown-jeans\/"},"modified":"2025-11-25T06:11:41","modified_gmt":"2025-11-25T06:11:41","slug":"hot-wire-foam-cutting-machine","status":"publish","type":"product","link":"https:\/\/wisecnclaser.com\/es\/producto\/hot-wire-foam-cutting-machine\/","title":{"rendered":"WS1330 M\u00e1quina cortadora de espuma EPS de hilo caliente"},"content":{"rendered":"<p><strong>Caracter\u00edsticas de la m\u00e1quina cortadora de espuma eps de hilo caliente:<\/strong><\/p>\n<p>1. Esta m\u00e1quina adopta bloques de bolas de \u00f3rbita cuadrada, doble fila y cuatro columnas. Gran capacidad de rodamiento, funcionamiento suave, alta precisi\u00f3n y larga vida \u00fatil. Tornillo de bolas importado de alta precisi\u00f3n, corte preciso.<\/p>\n<p>2. Estructura de tubo cuadrado grueso entero y no deformaci\u00f3n, estructura de acero y soldadura cient\u00edfica, no deformaci\u00f3n en general.<\/p>\n<p>3. Adopta un cable muy flexible y resistente a la flexi\u00f3n. Y la importaci\u00f3n de componentes electr\u00f3nicos duraderos. El dise\u00f1o electr\u00f3nico de toda la m\u00e1quina cumple con la norma europea CE.caja de control independiente con sistema de protecci\u00f3n de seguridad fiable.<\/p>\n<p>4. Sistema de control dsp f\u00e1cil de aprender<\/p>\n<p>5. el potencial del motor, lograr el mecanizado de velocidad constante, curvas y lineal s\u00edncrono, y la curva es m\u00e1s perfecto.<\/p>\n<p>6.High velocidad de accionamiento del motor paso a paso y las unidades, por lo que dejar que el funcionamiento constante y estable<\/p>\n<p><strong>Aplicaci\u00f3n de la cortadora de espuma eps:<\/strong><\/p>\n<p>utilizado para cortar espuma eps (Poliestireno Expandido), se puede aplicar en formas arquitect\u00f3nicas, molduras de corona, columnas, maquetas, capilares, medallones. Paneles sandwich de EPS y XPS para cubiertas y construcci\u00f3n. Embalajes y Modelistas, Vigilancia, UAV, RC, Alas, n\u00facleos y perfiles de aeronaves. Parques tem\u00e1ticos. Departamentos aeroespaciales, de arquitectura y mec\u00e1nica en universidades y colegios, R\u00f3tulos Monumentales, R\u00f3tulos 3D, Logotipos, Letras, Atrezzo, Prototipos, Exposiciones en museos, Ferias Embarcaciones, tablas de surf, canoas y paddleboards.<\/p>\n<p><strong>\u00a0Par\u00e1metros t\u00e9cnicos de la m\u00e1quina cortadora de espuma de alambre caliente WS1330:<\/strong><\/p>\n<table border=\"1\">\n<tbody>\n<tr class=\"firstRow\">\n<td colspan=\"2\" valign=\"center\" width=\"662\"><\/td>\n<\/tr>\n<tr>\n<td valign=\"top\" width=\"208\">\u00c1rea de corte<\/td>\n<td valign=\"top\" width=\"454\">Longitud 3000mm*anchura 1300mm*altura 1300mm<\/td>\n<\/tr>\n<tr>\n<td valign=\"top\" width=\"208\">Superficie de la mesa<\/td>\n<td valign=\"top\" width=\"454\">Mesa de PVC<\/td>\n<\/tr>\n<tr>\n<td valign=\"top\" width=\"208\">Precisi\u00f3n de posicionamiento en desplazamiento<\/td>\n<td valign=\"top\" width=\"454\">\u00b10,03 mm<\/td>\n<\/tr>\n<tr>\n<td valign=\"top\" width=\"208\">Reposicionamiento Precisi\u00f3n de posicionamiento<\/td>\n<td valign=\"top\" width=\"454\">\u00b10,02 mm<\/td>\n<\/tr>\n<tr>\n<td valign=\"top\" width=\"208\">Ppp de trabajo<\/td>\n<td valign=\"top\" width=\"454\">\u00b10,04 mm<\/td>\n<\/tr>\n<tr>\n<td valign=\"top\" width=\"208\">Velocidad de rotaci\u00f3n<\/td>\n<td valign=\"top\" width=\"454\">0-6000 mm\/min<\/td>\n<\/tr>\n<tr>\n<td valign=\"top\" width=\"208\">Estructura de la m\u00e1quina<\/td>\n<td valign=\"top\" width=\"454\">Acero grueso soldado<\/td>\n<\/tr>\n<tr>\n<td valign=\"top\" width=\"208\">Comando<\/td>\n<td valign=\"top\" width=\"454\">G-code*.u00*.mmg*.plt<\/td>\n<\/tr>\n<tr>\n<td valign=\"top\" width=\"208\">Tensi\u00f3n de trabajo<\/td>\n<td valign=\"top\" width=\"454\">AC220V\/20HZ<\/td>\n<\/tr>\n<tr>\n<td valign=\"top\" width=\"208\">Peso con embalaje<\/td>\n<td valign=\"top\" width=\"454\">850KGS<\/td>\n<\/tr>\n<tr>\n<td valign=\"top\" width=\"208\">Tama\u00f1o del envase<\/td>\n<td valign=\"top\" width=\"454\">1.6*3.9*1.4M<\/td>\n<\/tr>\n<tr>\n<td valign=\"top\" width=\"208\">Sistema de control<\/td>\n<td valign=\"top\" width=\"454\">Dsp offline o Mach3<\/td>\n<\/tr>\n<tr>\n<td valign=\"top\" width=\"208\">Carril gu\u00eda<\/td>\n<td valign=\"top\" width=\"454\">Gu\u00eda cuadrada<\/td>\n<\/tr>\n<tr>\n<td valign=\"top\" width=\"208\">Humedad<\/td>\n<td valign=\"top\" width=\"454\">10%-90%(sin condensaci\u00f3n)<\/td>\n<\/tr>\n<tr>\n<td valign=\"top\" width=\"208\">Temperatura<\/td>\n<td valign=\"top\" width=\"454\">10-50\u2103<\/td>\n<\/tr>\n<tr>\n<td valign=\"top\" width=\"208\">Caja de cambios<\/td>\n<td valign=\"top\" width=\"454\">Caja de engranajes peque\u00f1a<\/td>\n<\/tr>\n<tr>\n<td valign=\"top\" width=\"208\">Transmisi\u00f3n<\/td>\n<td valign=\"top\" width=\"454\">Husillo de bolas<\/td>\n<\/tr>\n<tr>\n<td valign=\"top\" width=\"208\">Peso neto<\/td>\n<td valign=\"top\" width=\"454\">600KGS<\/td>\n<\/tr>\n<tr>\n<td valign=\"top\" width=\"208\">Regulador<\/td>\n<td valign=\"top\" width=\"454\">1000W<\/td>\n<\/tr>\n<tr>\n<td valign=\"top\" width=\"208\">Observaci\u00f3n<\/td>\n<td valign=\"top\" width=\"454\">Econ\u00f3mico<\/td>\n<\/tr>\n<tr>\n<td valign=\"top\" width=\"208\">Rueda s\u00edncrona x,y<\/td>\n<td valign=\"top\" width=\"454\">5M,1:5<\/td>\n<\/tr>\n<tr>\n<td valign=\"top\" width=\"208\">Correa s\u00edncrona<\/td>\n<td valign=\"top\" width=\"454\">5M-285<\/td>\n<\/tr>\n<tr>\n<td valign=\"top\" width=\"208\">Rueda s\u00edncrona Z<\/td>\n<td valign=\"top\" width=\"454\">Rueda 5M 20<\/td>\n<\/tr>\n<tr>\n<td valign=\"top\" width=\"208\">Rueda dentada<\/td>\n<td valign=\"top\" width=\"454\">YCAA670<\/td>\n<\/tr>\n<tr>\n<td valign=\"top\" width=\"208\">Eje de transmisi\u00f3n<\/td>\n<td valign=\"top\" width=\"454\">93<\/td>\n<\/tr>\n<tr>\n<td valign=\"top\" width=\"208\">Caja de control<\/td>\n<td valign=\"top\" width=\"454\">Separe<\/td>\n<\/tr>\n<tr>\n<td valign=\"top\" width=\"208\">Software<\/td>\n<td valign=\"top\" width=\"454\">CAXA CAD<\/td>\n<\/tr>\n<\/tbody>\n<\/table>\n<p><strong>Ventajas de la m\u00e1quina cortadora de espuma de alambre caliente de jinan wise cnc laser machinery co., ltd.<\/strong><\/p>\n<p>1,El sistema de control fue investigado por nuestra propia empresa, incluso las personas sin ning\u00fan conocimiento de inform\u00e1tica o experiencia de dibujo CAD, despu\u00e9s de uno o dos d\u00edas de entrenamiento pueden operar por s\u00ed mismos.<br \/>\n2,El software de corte es compatible con el dibujo de CAXA y AUTOCAD. No necesita contra-dibujo y programaci\u00f3n. Mientras la entrada el fichero, m\u00e1quina pueda acabar el corte convenientemente.<\/p>\n<p>3.Sistema de transmisi\u00f3n adopta el tornillo de bola de Taiw\u00e1n, cuando se trabaja con poco ruido y peque\u00f1a brecha. Mucho mejor que la otra compa\u00f1\u00eda que utilizan la cadena y el estante del engranaje o el tornillo roscado com\u00fan.<\/p>\n<p>4.El dispositivo anti-polvo y toda la m\u00e1quina adopta gran dispositivo de fresado cnc, los detalles de la m\u00e1quina de proceso con mucho cuidado.<\/p>\n<div class=\"ast-oembed-container\" style=\"height: 100%;\"><iframe title=\"3d alambre caliente m\u00e1quina de corte de espuma eps espuma de poliestireno cnc cortador de alambre caliente jinan sabio cnc #foamcutter\" width=\"500\" height=\"281\" src=\"https:\/\/www.youtube.com\/embed\/j0dbAMKw2Pw?feature=oembed\" frameborder=\"0\" allow=\"accelerometer; autoplay; clipboard-write; encrypted-media; gyroscope; picture-in-picture; web-share\" referrerpolicy=\"strict-origin-when-cross-origin\" allowfullscreen><\/iframe><\/div>\n<p>&nbsp;<\/p>","protected":false},"excerpt":{"rendered":"<p><strong>Caracter\u00edsticas de la m\u00e1quina cortadora de espuma eps de hilo caliente:<\/strong><\/p>\n<p>1. Esta m\u00e1quina adopta bloques de bolas de \u00f3rbita cuadrada, doble fila y cuatro columnas. Gran capacidad de rodamiento, funcionamiento suave, alta precisi\u00f3n y larga vida \u00fatil. Tornillo de bolas importado de alta precisi\u00f3n, corte preciso.<\/p>\n<p>2. Estructura de tubo cuadrado grueso entero y no deformaci\u00f3n, estructura de acero y soldadura cient\u00edfica, no deformaci\u00f3n en general.<\/p>\n<p>3. Adopta un cable muy flexible y resistente a la flexi\u00f3n. Y la importaci\u00f3n de componentes electr\u00f3nicos duraderos. El dise\u00f1o electr\u00f3nico de toda la m\u00e1quina cumple con la norma europea CE.caja de control independiente con sistema de protecci\u00f3n de seguridad fiable.<\/p>\n<p>4. Sistema de control dsp f\u00e1cil de aprender<\/p>\n<p>5. el potencial del motor, lograr el mecanizado de velocidad constante, curvas y lineal s\u00edncrono, y la curva es m\u00e1s perfecto.<\/p>\n<p>6.High velocidad de accionamiento del motor paso a paso y las unidades, por lo que dejar que el funcionamiento constante y estable<\/p>","protected":false},"featured_media":3446,"template":"","meta":{"_seopress_robots_primary_cat":"none","_seopress_titles_title":"","_seopress_titles_desc":"","_seopress_robots_index":"","_uag_custom_page_level_css":"","site-sidebar-layout":"default","site-content-layout":"default","ast-site-content-layout":"default","site-content-style":"default","site-sidebar-style":"default","ast-global-header-display":"","ast-banner-title-visibility":"","ast-main-header-display":"","ast-hfb-above-header-display":"","ast-hfb-below-header-display":"","ast-hfb-mobile-header-display":"","site-post-title":"","ast-breadcrumbs-content":"","ast-featured-img":"","footer-sml-layout":"","ast-disable-related-posts":"","theme-transparent-header-meta":"default","adv-header-id-meta":"","stick-header-meta":"default","header-above-stick-meta":"","header-main-stick-meta":"","header-below-stick-meta":"","astra-migrate-meta-layouts":"set","ast-page-background-enabled":"default","ast-page-background-meta":{"desktop":{"background-color":"","background-image":"","background-repeat":"repeat","background-position":"center center","background-size":"auto","background-attachment":"scroll","background-type":"","background-media":"","overlay-type":"","overlay-color":"","overlay-opacity":"","overlay-gradient":""},"tablet":{"background-color":"","background-image":"","background-repeat":"repeat","background-position":"center center","background-size":"auto","background-attachment":"scroll","background-type":"","background-media":"","overlay-type":"","overlay-color":"","overlay-opacity":"","overlay-gradient":""},"mobile":{"background-color":"","background-image":"","background-repeat":"repeat","background-position":"center center","background-size":"auto","background-attachment":"scroll","background-type":"","background-media":"","overlay-type":"","overlay-color":"","overlay-opacity":"","overlay-gradient":""}},"ast-content-background-meta":{"desktop":{"background-color":"var(--ast-global-color-5)","background-image":"","background-repeat":"repeat","background-position":"center center","background-size":"auto","background-attachment":"scroll","background-type":"","background-media":"","overlay-type":"","overlay-color":"","overlay-opacity":"","overlay-gradient":""},"tablet":{"background-color":"var(--ast-global-color-5)","background-image":"","background-repeat":"repeat","background-position":"center center","background-size":"auto","background-attachment":"scroll","background-type":"","background-media":"","overlay-type":"","overlay-color":"","overlay-opacity":"","overlay-gradient":""},"mobile":{"background-color":"var(--ast-global-color-5)","background-image":"","background-repeat":"repeat","background-position":"center center","background-size":"auto","background-attachment":"scroll","background-type":"","background-media":"","overlay-type":"","overlay-color":"","overlay-opacity":"","overlay-gradient":""}}},"product_brand":[],"product_cat":[43],"product_tag":[86,108,109,110,112,107,106,88,111],"class_list":{"0":"post-1211","1":"product","2":"type-product","3":"status-publish","4":"has-post-thumbnail","6":"product_cat-foam","7":"product_tag-3d-foam-cutting-machine","8":"product_tag-4-axis-hot-wire-foam-cutting-machine","9":"product_tag-5-axis-hot-wire-foam-cutter","10":"product_tag-eps-foam-cutting-machine","11":"product_tag-foam-cnc-machine","12":"product_tag-foam-cutting-machine","13":"product_tag-hot-wire-foam-cutter","14":"product_tag-hot-wire-foam-cutting-machine","15":"product_tag-styrofoam-cutting-machine","16":"desktop-align-left","17":"tablet-align-left","18":"mobile-align-left","19":"ast-product-gallery-layout-horizontal-slider","20":"ast-product-tabs-layout-horizontal","22":"first","23":"instock","24":"featured","25":"shipping-taxable","26":"purchasable","27":"product-type-simple"},"uagb_featured_image_src":{"full":["https:\/\/wisecnclaser.com\/wp-content\/uploads\/2025\/05\/3c0c618f161a1f0348350334476b28a9.jpg",800,800,false],"thumbnail":["https:\/\/wisecnclaser.com\/wp-content\/uploads\/2025\/05\/3c0c618f161a1f0348350334476b28a9-150x150.jpg",150,150,true],"medium":["https:\/\/wisecnclaser.com\/wp-content\/uploads\/2025\/05\/3c0c618f161a1f0348350334476b28a9-300x300.jpg",300,300,true],"medium_large":["https:\/\/wisecnclaser.com\/wp-content\/uploads\/2025\/05\/3c0c618f161a1f0348350334476b28a9-768x768.jpg",768,768,true],"large":["https:\/\/wisecnclaser.com\/wp-content\/uploads\/2025\/05\/3c0c618f161a1f0348350334476b28a9.jpg",800,800,false],"1536x1536":["https:\/\/wisecnclaser.com\/wp-content\/uploads\/2025\/05\/3c0c618f161a1f0348350334476b28a9.jpg",800,800,false],"2048x2048":["https:\/\/wisecnclaser.com\/wp-content\/uploads\/2025\/05\/3c0c618f161a1f0348350334476b28a9.jpg",800,800,false],"trp-custom-language-flag":["https:\/\/wisecnclaser.com\/wp-content\/uploads\/2025\/05\/3c0c618f161a1f0348350334476b28a9-12x12.jpg",12,12,true],"woocommerce_thumbnail":["https:\/\/wisecnclaser.com\/wp-content\/uploads\/2025\/05\/3c0c618f161a1f0348350334476b28a9-300x300.jpg",300,300,true],"woocommerce_single":["https:\/\/wisecnclaser.com\/wp-content\/uploads\/2025\/05\/3c0c618f161a1f0348350334476b28a9-600x600.jpg",600,600,true],"woocommerce_gallery_thumbnail":["https:\/\/wisecnclaser.com\/wp-content\/uploads\/2025\/05\/3c0c618f161a1f0348350334476b28a9-100x100.jpg",100,100,true]},"uagb_author_info":{"display_name":"jinxing6611@gmail.com","author_link":"https:\/\/wisecnclaser.com\/es\/author\/"},"uagb_comment_info":0,"uagb_excerpt":"Features of hot wire eps foam cutting machine: 1. This machine adopts square orbit, double rows and four columns ball blocks. Large\u00a0bearing capacity, running smoothly, high precision and long life. Imported high precision\u00a0Ball screw, cutting accurate. 2. Whole thick Square tube structure and not deformation, Steel structure and scientific\u00a0welding, not deformation overall. 3. Adopts highly&hellip;","_links":{"self":[{"href":"https:\/\/wisecnclaser.com\/es\/wp-json\/wp\/v2\/product\/1211","targetHints":{"allow":["GET"]}}],"collection":[{"href":"https:\/\/wisecnclaser.com\/es\/wp-json\/wp\/v2\/product"}],"about":[{"href":"https:\/\/wisecnclaser.com\/es\/wp-json\/wp\/v2\/types\/product"}],"wp:featuredmedia":[{"embeddable":true,"href":"https:\/\/wisecnclaser.com\/es\/wp-json\/wp\/v2\/media\/3446"}],"wp:attachment":[{"href":"https:\/\/wisecnclaser.com\/es\/wp-json\/wp\/v2\/media?parent=1211"}],"wp:term":[{"taxonomy":"product_brand","embeddable":true,"href":"https:\/\/wisecnclaser.com\/es\/wp-json\/wp\/v2\/product_brand?post=1211"},{"taxonomy":"product_cat","embeddable":true,"href":"https:\/\/wisecnclaser.com\/es\/wp-json\/wp\/v2\/product_cat?post=1211"},{"taxonomy":"product_tag","embeddable":true,"href":"https:\/\/wisecnclaser.com\/es\/wp-json\/wp\/v2\/product_tag?post=1211"}],"curies":[{"name":"wp","href":"https:\/\/api.w.org\/{rel}","templated":true}]}}