{"id":1212,"date":"2025-05-20T07:32:08","date_gmt":"2025-05-20T07:32:08","guid":{"rendered":"https:\/\/wisecnclaser.com\/product\/dnk-blue-sport-shoes-2\/"},"modified":"2026-01-07T01:51:49","modified_gmt":"2026-01-07T01:51:49","slug":"dnk-blue-sport-shoes-2","status":"publish","type":"product","link":"https:\/\/wisecnclaser.com\/es\/producto\/dnk-blue-sport-shoes-2\/","title":{"rendered":"Fresadora CNC de espuma de poliestireno ATC de 4 ejes WS2030"},"content":{"rendered":"<p><strong>CARACTER\u00cdSTICAS DE LA FRESADORA CNC DE ESPUMA DE POLIESTIRENO<\/strong><\/p>\n<p>Adopta una gu\u00eda lineal importada de gran secci\u00f3n transversal, autolubricaci\u00f3n de por vida sin mantenimiento<\/p>\n<p>Con el husillo de cambio autom\u00e1tico de herramientas, la velocidad m\u00e1xima del husillo alcanza las 24000 RPM.<\/p>\n<p>Todo el banco de trabajo EPC, tras un estricto recocido y otros procesos de tratamiento t\u00e9rmico, garantiza la estabilidad estructural y la rigidez de la bancada.<\/p>\n<p>Sistema SYNTEC de Taiw\u00e1n, funcionamiento seguro y fiable, velocidad de lectura de c\u00f3digos eficiente, y con funci\u00f3n de simulaci\u00f3n en l\u00ednea, funci\u00f3n de supervisi\u00f3n en l\u00ednea, para garantizar el procesamiento eficiente y seguro.<\/p>\n<p>&nbsp;<\/p>\n<p><strong>APLICACI\u00d3N DE LA ESPUMA DE POLIESTIRENO FRESADORA CNC DE 4 EJES<\/strong><\/p>\n<p>Madera, EPS, esponja, material de espuma pl\u00e1stica de polipropileno (EPP).<\/p>\n<p>Industria de moldes: Graba todo tipo de moldes no met\u00e1licos de gran tama\u00f1o, especialmente moldes de espuma para autom\u00f3viles.<\/p>\n<p>Industria de instrumentos musicales: Grabar en 3D grandes instrumentos y darles forma.<\/p>\n<p>&nbsp;<\/p>\n<p>&nbsp;<\/p>\n<table border=\"1\">\n<tbody>\n<tr class=\"firstRow\">\n<td colspan=\"2\" valign=\"center\" width=\"662\"><strong>Par\u00e1metros t\u00e9cnicos de la m\u00e1quina fresadora CNC de espuma de poliestireno ATC de 4 ejes:<\/strong><\/td>\n<\/tr>\n<tr>\n<td valign=\"top\" width=\"201\">X Zona de trabajo<\/td>\n<td valign=\"top\" width=\"462\">2000mm (anchura de trabajo de 3 ejes), 1200mm (anchura de trabajo de 4 ejes)<\/td>\n<\/tr>\n<tr>\n<td valign=\"top\" width=\"201\">Y Zona de trabajo<\/td>\n<td valign=\"top\" width=\"462\">3000 mm (longitud de trabajo de 3 ejes)<\/td>\n<\/tr>\n<tr>\n<td valign=\"top\" width=\"201\">Z \u00c1rea de trabajo<\/td>\n<td valign=\"top\" width=\"462\">1000mm (altura de trabajo)<\/td>\n<\/tr>\n<tr>\n<td valign=\"top\" width=\"201\">4 ejes Tama\u00f1o rotativo<\/td>\n<td valign=\"top\" width=\"462\">600 mm de di\u00e1metro*2000 mm de longitud<\/td>\n<\/tr>\n<tr>\n<td valign=\"top\" width=\"201\">Mesa de m\u00e1quinas<\/td>\n<td valign=\"top\" width=\"462\">Mesa de aluminio grueso<\/td>\n<\/tr>\n<tr>\n<td valign=\"top\" width=\"201\">Reposicionamiento Precisi\u00f3n de posicionamiento<\/td>\n<td valign=\"top\" width=\"462\">\u00b10,05 mm<\/td>\n<\/tr>\n<tr>\n<td valign=\"top\" width=\"201\">Estructura X,Y ,Z<\/td>\n<td valign=\"top\" width=\"462\">XY rueda dentada, Z Taiw\u00e1n tornillo de bolas de alta precisi\u00f3n. Todos los ejes utilizan gu\u00eda cuadrada de tama\u00f1o 30 de Taiw\u00e1n<\/td>\n<\/tr>\n<tr>\n<td valign=\"top\" width=\"201\">Caracter\u00edsticas del husillo<\/td>\n<td valign=\"top\" width=\"462\">+\/-90 grados de oscilaci\u00f3n de trabajo<\/td>\n<\/tr>\n<tr>\n<td valign=\"top\" width=\"201\">R\u00e1pida velocidad de alimentaci\u00f3n<\/td>\n<td valign=\"top\" width=\"462\">Eje X 12000mm\/min Eje Y 12000mm\/min Z 6000mm\/min<\/td>\n<\/tr>\n<tr>\n<td valign=\"top\" width=\"201\">Velocidad de alimentaci\u00f3n<\/td>\n<td valign=\"top\" width=\"462\">1-10000mm\/min<\/td>\n<\/tr>\n<tr>\n<td valign=\"top\" width=\"201\">Eje<\/td>\n<td valign=\"top\" width=\"462\">HQD 9KW husillo ATC refrigerado por aire + funci\u00f3n de giro, si necesita atc, cambiar\u00e1 a 9kw husillo atc refrigerado por aire<\/td>\n<\/tr>\n<tr>\n<td valign=\"top\" width=\"201\">Velocidad del cabezal<\/td>\n<td valign=\"top\" width=\"462\">100-18000 rpm<\/td>\n<\/tr>\n<tr>\n<td valign=\"top\" width=\"201\">Motor de accionamiento<\/td>\n<td valign=\"top\" width=\"462\">Jap\u00f3n Marca Yaskawa<\/td>\n<\/tr>\n<tr>\n<td valign=\"top\" width=\"201\">Comando<\/td>\n<td valign=\"top\" width=\"462\">G-code*.u00*.mmg*.plt<\/td>\n<\/tr>\n<tr>\n<td valign=\"top\" width=\"201\">Tensi\u00f3n de trabajo<\/td>\n<td valign=\"top\" width=\"462\">3PH AC380V\/50Hz<\/td>\n<\/tr>\n<tr>\n<td valign=\"top\" width=\"201\">Sistema de control<\/td>\n<td valign=\"top\" width=\"462\">Controlador Taiwan Syntec 4 ejes<\/td>\n<\/tr>\n<tr>\n<td valign=\"top\" width=\"201\">Carril gu\u00eda<\/td>\n<td valign=\"top\" width=\"462\">Ra\u00edl cuadrado Taiw\u00e1n 30<\/td>\n<\/tr>\n<tr>\n<td valign=\"top\" width=\"201\">Cambiador autom\u00e1tico de herramientas<\/td>\n<td valign=\"top\" width=\"462\">12 herramientas en l\u00ednea<\/td>\n<\/tr>\n<tr>\n<td valign=\"top\" width=\"201\">Inversor<\/td>\n<td valign=\"top\" width=\"462\">Marca China 11KW<\/td>\n<\/tr>\n<tr>\n<td valign=\"top\" width=\"201\">Rueda dentada<\/td>\n<td valign=\"top\" width=\"462\">Pi\u00f1\u00f3n de cremallera de alta precisi\u00f3n,<\/td>\n<\/tr>\n<tr>\n<td valign=\"top\" width=\"201\">Bastidor de la m\u00e1quina<\/td>\n<td valign=\"top\" width=\"462\">grueso armaz\u00f3n de acero<\/td>\n<\/tr>\n<tr>\n<td valign=\"top\" width=\"201\">Software<\/td>\n<td valign=\"top\" width=\"462\">Molino el\u00e9ctrico<\/td>\n<\/tr>\n<\/tbody>\n<\/table>\n<div class=\"ast-oembed-container\" style=\"height: 100%;\"><iframe title=\"ATC 4 ejes de espuma fresadora cnc fresadora de espuma de poliestireno fresadora cnc #foamcncrouter #4axiscncrouter\" width=\"500\" height=\"281\" src=\"https:\/\/www.youtube.com\/embed\/xBzPLgT1edg?feature=oembed\" frameborder=\"0\" allow=\"accelerometer; autoplay; clipboard-write; encrypted-media; gyroscope; picture-in-picture; web-share\" referrerpolicy=\"strict-origin-when-cross-origin\" allowfullscreen><\/iframe><\/div>","protected":false},"excerpt":{"rendered":"<p><strong>CARACTER\u00cdSTICAS DE LA FRESADORA CNC DE ESPUMA DE POLIESTIRENO<\/strong><\/p>\n<p>Adopta una gu\u00eda lineal importada de gran secci\u00f3n transversal, autolubricaci\u00f3n de por vida sin mantenimiento<\/p>\n<p>Con el husillo de cambio autom\u00e1tico de herramientas, la velocidad m\u00e1xima del husillo alcanza las 24000 RPM.<\/p>\n<p>Todo el banco de trabajo EPC, tras un estricto recocido y otros procesos de tratamiento t\u00e9rmico, garantiza la estabilidad estructural y la rigidez de la bancada.<\/p>\n<p>Sistema SYNTEC de Taiw\u00e1n, funcionamiento seguro y fiable, velocidad de lectura de c\u00f3digos eficiente, y con funci\u00f3n de simulaci\u00f3n en l\u00ednea, funci\u00f3n de supervisi\u00f3n en l\u00ednea, para garantizar el procesamiento eficiente y seguro.<\/p>\n<p>&nbsp;<\/p>","protected":false},"featured_media":3464,"template":"","meta":{"_seopress_robots_primary_cat":"none","_seopress_titles_title":"","_seopress_titles_desc":"","_seopress_robots_index":"","_uag_custom_page_level_css":"","site-sidebar-layout":"default","site-content-layout":"default","ast-site-content-layout":"default","site-content-style":"default","site-sidebar-style":"default","ast-global-header-display":"","ast-banner-title-visibility":"","ast-main-header-display":"","ast-hfb-above-header-display":"","ast-hfb-below-header-display":"","ast-hfb-mobile-header-display":"","site-post-title":"","ast-breadcrumbs-content":"","ast-featured-img":"","footer-sml-layout":"","ast-disable-related-posts":"","theme-transparent-header-meta":"default","adv-header-id-meta":"","stick-header-meta":"default","header-above-stick-meta":"","header-main-stick-meta":"","header-below-stick-meta":"","astra-migrate-meta-layouts":"set","ast-page-background-enabled":"default","ast-page-background-meta":{"desktop":{"background-color":"","background-image":"","background-repeat":"repeat","background-position":"center center","background-size":"auto","background-attachment":"scroll","background-type":"","background-media":"","overlay-type":"","overlay-color":"","overlay-opacity":"","overlay-gradient":""},"tablet":{"background-color":"","background-image":"","background-repeat":"repeat","background-position":"center center","background-size":"auto","background-attachment":"scroll","background-type":"","background-media":"","overlay-type":"","overlay-color":"","overlay-opacity":"","overlay-gradient":""},"mobile":{"background-color":"","background-image":"","background-repeat":"repeat","background-position":"center center","background-size":"auto","background-attachment":"scroll","background-type":"","background-media":"","overlay-type":"","overlay-color":"","overlay-opacity":"","overlay-gradient":""}},"ast-content-background-meta":{"desktop":{"background-color":"var(--ast-global-color-5)","background-image":"","background-repeat":"repeat","background-position":"center center","background-size":"auto","background-attachment":"scroll","background-type":"","background-media":"","overlay-type":"","overlay-color":"","overlay-opacity":"","overlay-gradient":""},"tablet":{"background-color":"var(--ast-global-color-5)","background-image":"","background-repeat":"repeat","background-position":"center center","background-size":"auto","background-attachment":"scroll","background-type":"","background-media":"","overlay-type":"","overlay-color":"","overlay-opacity":"","overlay-gradient":""},"mobile":{"background-color":"var(--ast-global-color-5)","background-image":"","background-repeat":"repeat","background-position":"center center","background-size":"auto","background-attachment":"scroll","background-type":"","background-media":"","overlay-type":"","overlay-color":"","overlay-opacity":"","overlay-gradient":""}}},"product_brand":[],"product_cat":[43],"product_tag":[227,226,225,228],"class_list":{"0":"post-1212","1":"product","2":"type-product","3":"status-publish","4":"has-post-thumbnail","6":"product_cat-foam","7":"product_tag-4-axis-foam-machine","8":"product_tag-atc-foam-cnc-machine","9":"product_tag-atc-styrofoam-cnc-router","10":"product_tag-styrofoam-machine","11":"desktop-align-left","12":"tablet-align-left","13":"mobile-align-left","14":"ast-product-gallery-layout-horizontal-slider","15":"ast-product-gallery-with-no-image","16":"ast-product-tabs-layout-horizontal","18":"first","19":"instock","20":"sale","21":"featured","22":"shipping-taxable","23":"purchasable","24":"product-type-simple"},"uagb_featured_image_src":{"full":["https:\/\/wisecnclaser.com\/wp-content\/uploads\/2025\/05\/6b5e4dc8780330699468f139bc5e6a1d.jpg",800,800,false],"thumbnail":["https:\/\/wisecnclaser.com\/wp-content\/uploads\/2025\/05\/6b5e4dc8780330699468f139bc5e6a1d-150x150.jpg",150,150,true],"medium":["https:\/\/wisecnclaser.com\/wp-content\/uploads\/2025\/05\/6b5e4dc8780330699468f139bc5e6a1d-300x300.jpg",300,300,true],"medium_large":["https:\/\/wisecnclaser.com\/wp-content\/uploads\/2025\/05\/6b5e4dc8780330699468f139bc5e6a1d-768x768.jpg",768,768,true],"large":["https:\/\/wisecnclaser.com\/wp-content\/uploads\/2025\/05\/6b5e4dc8780330699468f139bc5e6a1d.jpg",800,800,false],"1536x1536":["https:\/\/wisecnclaser.com\/wp-content\/uploads\/2025\/05\/6b5e4dc8780330699468f139bc5e6a1d.jpg",800,800,false],"2048x2048":["https:\/\/wisecnclaser.com\/wp-content\/uploads\/2025\/05\/6b5e4dc8780330699468f139bc5e6a1d.jpg",800,800,false],"trp-custom-language-flag":["https:\/\/wisecnclaser.com\/wp-content\/uploads\/2025\/05\/6b5e4dc8780330699468f139bc5e6a1d-12x12.jpg",12,12,true],"woocommerce_thumbnail":["https:\/\/wisecnclaser.com\/wp-content\/uploads\/2025\/05\/6b5e4dc8780330699468f139bc5e6a1d-300x300.jpg",300,300,true],"woocommerce_single":["https:\/\/wisecnclaser.com\/wp-content\/uploads\/2025\/05\/6b5e4dc8780330699468f139bc5e6a1d-600x600.jpg",600,600,true],"woocommerce_gallery_thumbnail":["https:\/\/wisecnclaser.com\/wp-content\/uploads\/2025\/05\/6b5e4dc8780330699468f139bc5e6a1d-100x100.jpg",100,100,true]},"uagb_author_info":{"display_name":"jinxing6611@gmail.com","author_link":"https:\/\/wisecnclaser.com\/es\/author\/"},"uagb_comment_info":0,"uagb_excerpt":"FEATURES OF STYROFOAM CNC MILLING MACHINE Adopt large cross-section imported linear guide, lifelong maintenance-free self-lubrication With automatic tools changing spindle, the maximum speed of spindle reaches 24000 RPM. The whole EPC workbench, after strict annealing and other heat treatment processes, ensures the structural stability and rigidity of the bed. Taiwan SYNTEC system, safe and reliable&hellip;","_links":{"self":[{"href":"https:\/\/wisecnclaser.com\/es\/wp-json\/wp\/v2\/product\/1212","targetHints":{"allow":["GET"]}}],"collection":[{"href":"https:\/\/wisecnclaser.com\/es\/wp-json\/wp\/v2\/product"}],"about":[{"href":"https:\/\/wisecnclaser.com\/es\/wp-json\/wp\/v2\/types\/product"}],"wp:featuredmedia":[{"embeddable":true,"href":"https:\/\/wisecnclaser.com\/es\/wp-json\/wp\/v2\/media\/3464"}],"wp:attachment":[{"href":"https:\/\/wisecnclaser.com\/es\/wp-json\/wp\/v2\/media?parent=1212"}],"wp:term":[{"taxonomy":"product_brand","embeddable":true,"href":"https:\/\/wisecnclaser.com\/es\/wp-json\/wp\/v2\/product_brand?post=1212"},{"taxonomy":"product_cat","embeddable":true,"href":"https:\/\/wisecnclaser.com\/es\/wp-json\/wp\/v2\/product_cat?post=1212"},{"taxonomy":"product_tag","embeddable":true,"href":"https:\/\/wisecnclaser.com\/es\/wp-json\/wp\/v2\/product_tag?post=1212"}],"curies":[{"name":"wp","href":"https:\/\/api.w.org\/{rel}","templated":true}]}}