{"id":1214,"date":"2025-05-20T07:32:08","date_gmt":"2025-05-20T07:32:08","guid":{"rendered":"https:\/\/wisecnclaser.com\/product\/dnk-blue-shoes\/"},"modified":"2025-11-25T06:10:25","modified_gmt":"2025-11-25T06:10:25","slug":"dnk-blue-shoes","status":"publish","type":"product","link":"https:\/\/wisecnclaser.com\/es\/producto\/dnk-blue-shoes\/","title":{"rendered":"WS3030 M\u00e1quina cortadora de espuma EPS de hilo caliente CNC de 5 ejes"},"content":{"rendered":"<p>Caracter\u00edsticas de la m\u00e1quina cortadora de espuma de alambre caliente cnc de 5 ejes:<\/p>\n<p>1. Esta m\u00e1quina adopta bloques de bolas de \u00f3rbita redonda, doble fila y cuatro columnas. Gran capacidad de rodamiento, funcionamiento suave, alta precisi\u00f3n y larga vida \u00fatil. Tornillo de bolas importado de alta precisi\u00f3n, corte preciso.<\/p>\n<p>2. Estructura de tubo cuadrado grueso entero y no deformaci\u00f3n, estructura de acero y soldadura cient\u00edfica, no deformaci\u00f3n en general.<\/p>\n<p>3. Adopta un cable muy flexible y resistente a la flexi\u00f3n. Y la importaci\u00f3n de componentes electr\u00f3nicos duraderos. El dise\u00f1o electr\u00f3nico de toda la m\u00e1quina cumple con la norma europea CE.caja de control independiente con sistema de protecci\u00f3n de seguridad fiable.<\/p>\n<p>4. Sistema de control dsp f\u00e1cil de aprender<\/p>\n<p>5. el potencial del motor, lograr el mecanizado de velocidad constante, curvas y lineal s\u00edncrono, y la curva es m\u00e1s perfecto.<\/p>\n<p>6.High velocidad de accionamiento del motor paso a paso y las unidades, por lo que dejar que el funcionamiento constante y estable<\/p>\n<p><strong>Aplicaci\u00f3n de la m\u00e1quina de corte por hilo caliente cnc de espuma:<\/strong><\/p>\n<p>utilizado para cortar espuma eps (Poliestireno Expandido), se puede aplicar en formas arquitect\u00f3nicas, molduras de corona, columnas, maquetas, capilares, medallones. Paneles sandwich de EPS y XPS para cubiertas y construcci\u00f3n. Embalajes y Modelistas, Vigilancia, UAV, RC, Alas, n\u00facleos y perfiles de aeronaves. Parques tem\u00e1ticos. Departamentos aeroespaciales, de arquitectura y mec\u00e1nica en universidades y colegios, R\u00f3tulos Monumentales, R\u00f3tulos 3D, Logotipos, Letras, Atrezzo, Prototipos, Exposiciones en museos, Ferias Embarcaciones, tablas de surf, canoas y paddleboards.<\/p>\n<p><strong>\u00a0<\/strong><\/p>\n<table border=\"1\">\n<tbody>\n<tr class=\"firstRow\">\n<td colspan=\"2\" valign=\"center\" width=\"662\"><strong>Par\u00e1metros t\u00e9cnicos de la m\u00e1quina cortadora de espuma EPS de hilo caliente WS3030:<\/strong><\/td>\n<\/tr>\n<tr>\n<td valign=\"top\" width=\"208\">\u00c1rea de corte<\/td>\n<td valign=\"top\" width=\"454\">Longitud 3000mm*anchura 3000mm*altura 1300mm<\/td>\n<\/tr>\n<tr>\n<td valign=\"top\" width=\"208\">Superficie de la mesa<\/td>\n<td valign=\"top\" width=\"454\">Mesa de PVC<\/td>\n<\/tr>\n<tr>\n<td valign=\"top\" width=\"208\">Precisi\u00f3n de posicionamiento en desplazamiento<\/td>\n<td valign=\"top\" width=\"454\">\u00b10,03 mm<\/td>\n<\/tr>\n<tr>\n<td valign=\"top\" width=\"208\">Reposicionamiento Precisi\u00f3n de posicionamiento<\/td>\n<td valign=\"top\" width=\"454\">\u00b10,02 mm<\/td>\n<\/tr>\n<tr>\n<td valign=\"top\" width=\"208\">Ppp de trabajo<\/td>\n<td valign=\"top\" width=\"454\">\u00b10,04 mm<\/td>\n<\/tr>\n<tr>\n<td valign=\"top\" width=\"208\">Velocidad de rotaci\u00f3n<\/td>\n<td valign=\"top\" width=\"454\">0-6000 mm\/min<\/td>\n<\/tr>\n<tr>\n<td valign=\"top\" width=\"208\">Estructura de la m\u00e1quina<\/td>\n<td valign=\"top\" width=\"454\">Acero grueso soldado<\/td>\n<\/tr>\n<tr>\n<td valign=\"top\" width=\"208\">Comando<\/td>\n<td valign=\"top\" width=\"454\">G-code*.u00*.mmg*.plt<\/td>\n<\/tr>\n<tr>\n<td valign=\"top\" width=\"208\">Tensi\u00f3n de trabajo<\/td>\n<td valign=\"top\" width=\"454\">AC220V\/20HZ<\/td>\n<\/tr>\n<tr>\n<td valign=\"top\" width=\"208\">Peso con embalaje<\/td>\n<td valign=\"top\" width=\"454\">850KGS<\/td>\n<\/tr>\n<tr>\n<td valign=\"top\" width=\"208\">Tama\u00f1o del envase<\/td>\n<td valign=\"top\" width=\"454\">1.6*3.9*1.7M<\/td>\n<\/tr>\n<tr>\n<td valign=\"top\" width=\"208\">Sistema de control<\/td>\n<td valign=\"top\" width=\"454\">Dsp offline o Mach3<\/td>\n<\/tr>\n<tr>\n<td valign=\"top\" width=\"208\">Carril gu\u00eda<\/td>\n<td valign=\"top\" width=\"454\">Gu\u00eda cuadrada<\/td>\n<\/tr>\n<tr>\n<td valign=\"top\" width=\"208\">Humedad<\/td>\n<td valign=\"top\" width=\"454\">10%-90%(sin condensaci\u00f3n)<\/td>\n<\/tr>\n<tr>\n<td valign=\"top\" width=\"208\">Temperatura<\/td>\n<td valign=\"top\" width=\"454\">10-50\u2103<\/td>\n<\/tr>\n<tr>\n<td valign=\"top\" width=\"208\">Caja de cambios<\/td>\n<td valign=\"top\" width=\"454\">Caja de engranajes peque\u00f1a<\/td>\n<\/tr>\n<tr>\n<td valign=\"top\" width=\"208\">Transmisi\u00f3n<\/td>\n<td valign=\"top\" width=\"454\">Husillo de bolas<\/td>\n<\/tr>\n<tr>\n<td valign=\"top\" width=\"208\">Peso neto<\/td>\n<td valign=\"top\" width=\"454\">600KGS<\/td>\n<\/tr>\n<tr>\n<td valign=\"top\" width=\"208\">Regulador<\/td>\n<td valign=\"top\" width=\"454\">1000W<\/td>\n<\/tr>\n<tr>\n<td valign=\"top\" width=\"208\">Observaci\u00f3n<\/td>\n<td valign=\"top\" width=\"454\">Econ\u00f3mico<\/td>\n<\/tr>\n<tr>\n<td valign=\"top\" width=\"208\">Rueda s\u00edncrona x,y<\/td>\n<td valign=\"top\" width=\"454\">5M,1:5<\/td>\n<\/tr>\n<tr>\n<td valign=\"top\" width=\"208\">Correa s\u00edncrona<\/td>\n<td valign=\"top\" width=\"454\">5M-285<\/td>\n<\/tr>\n<tr>\n<td valign=\"top\" width=\"208\">Rueda s\u00edncrona Z<\/td>\n<td valign=\"top\" width=\"454\">Rueda 5M 20<\/td>\n<\/tr>\n<tr>\n<td valign=\"top\" width=\"208\">Rueda dentada<\/td>\n<td valign=\"top\" width=\"454\">YCAA670<\/td>\n<\/tr>\n<tr>\n<td valign=\"top\" width=\"208\">Eje de transmisi\u00f3n<\/td>\n<td valign=\"top\" width=\"454\">93<\/td>\n<\/tr>\n<tr>\n<td valign=\"top\" width=\"208\">Caja de control<\/td>\n<td valign=\"top\" width=\"454\">Separe<\/td>\n<\/tr>\n<tr>\n<td valign=\"top\" width=\"208\">Software<\/td>\n<td valign=\"top\" width=\"454\">CAXA CAD<\/td>\n<\/tr>\n<\/tbody>\n<\/table>\n<p>&nbsp;<\/p>\n<p>5 Ejes 3d Espuma de corte de trabajo Video\uff1a<\/p>\n<p>&nbsp;<\/p>\n<div class=\"ast-oembed-container\" style=\"height: 100%;\"><iframe title=\"Prueba de corte de espuma 3d para un cliente franc\u00e9s, la cortadora de espuma de hilo caliente de 5 ejes est\u00e1 lista para Francia\" width=\"500\" height=\"281\" src=\"https:\/\/www.youtube.com\/embed\/7o1RH20x04Q?feature=oembed\" frameborder=\"0\" allow=\"accelerometer; autoplay; clipboard-write; encrypted-media; gyroscope; picture-in-picture; web-share\" referrerpolicy=\"strict-origin-when-cross-origin\" allowfullscreen><\/iframe><\/div>","protected":false},"excerpt":{"rendered":"<p>Caracter\u00edsticas de la m\u00e1quina cortadora de espuma de alambre caliente cnc:<\/p>\n<p>1. Esta m\u00e1quina adopta bloques de bolas de \u00f3rbita redonda, doble fila y cuatro columnas. Gran capacidad de rodamiento, funcionamiento suave, alta precisi\u00f3n y larga vida \u00fatil. Tornillo de bolas importado de alta precisi\u00f3n, corte preciso.<\/p>\n<p>2. Estructura de tubo cuadrado grueso entero y no deformaci\u00f3n, estructura de acero y soldadura cient\u00edfica, no deformaci\u00f3n en general.<\/p>\n<p>3. Adopta un cable muy flexible y resistente a la flexi\u00f3n. Y la importaci\u00f3n de componentes electr\u00f3nicos duraderos. El dise\u00f1o electr\u00f3nico de toda la m\u00e1quina cumple con la norma europea CE.caja de control independiente con sistema de protecci\u00f3n de seguridad fiable.<\/p>\n<p>4. Sistema de control dsp f\u00e1cil de aprender<\/p>\n<p>5. el potencial del motor, lograr el mecanizado de velocidad constante, curvas y lineal s\u00edncrono, y la curva es m\u00e1s perfecto.<\/p>\n<p>6.High velocidad de accionamiento del motor paso a paso y las unidades, por lo que dejar que el funcionamiento constante y estable<\/p>","protected":false},"featured_media":3469,"template":"","meta":{"_seopress_robots_primary_cat":"none","_seopress_titles_title":"","_seopress_titles_desc":"","_seopress_robots_index":"","_uag_custom_page_level_css":"","site-sidebar-layout":"default","site-content-layout":"default","ast-site-content-layout":"default","site-content-style":"default","site-sidebar-style":"default","ast-global-header-display":"","ast-banner-title-visibility":"","ast-main-header-display":"","ast-hfb-above-header-display":"","ast-hfb-below-header-display":"","ast-hfb-mobile-header-display":"","site-post-title":"","ast-breadcrumbs-content":"","ast-featured-img":"","footer-sml-layout":"","ast-disable-related-posts":"","theme-transparent-header-meta":"default","adv-header-id-meta":"","stick-header-meta":"default","header-above-stick-meta":"","header-main-stick-meta":"","header-below-stick-meta":"","astra-migrate-meta-layouts":"set","ast-page-background-enabled":"default","ast-page-background-meta":{"desktop":{"background-color":"","background-image":"","background-repeat":"repeat","background-position":"center center","background-size":"auto","background-attachment":"scroll","background-type":"","background-media":"","overlay-type":"","overlay-color":"","overlay-opacity":"","overlay-gradient":""},"tablet":{"background-color":"","background-image":"","background-repeat":"repeat","background-position":"center center","background-size":"auto","background-attachment":"scroll","background-type":"","background-media":"","overlay-type":"","overlay-color":"","overlay-opacity":"","overlay-gradient":""},"mobile":{"background-color":"","background-image":"","background-repeat":"repeat","background-position":"center center","background-size":"auto","background-attachment":"scroll","background-type":"","background-media":"","overlay-type":"","overlay-color":"","overlay-opacity":"","overlay-gradient":""}},"ast-content-background-meta":{"desktop":{"background-color":"var(--ast-global-color-5)","background-image":"","background-repeat":"repeat","background-position":"center center","background-size":"auto","background-attachment":"scroll","background-type":"","background-media":"","overlay-type":"","overlay-color":"","overlay-opacity":"","overlay-gradient":""},"tablet":{"background-color":"var(--ast-global-color-5)","background-image":"","background-repeat":"repeat","background-position":"center center","background-size":"auto","background-attachment":"scroll","background-type":"","background-media":"","overlay-type":"","overlay-color":"","overlay-opacity":"","overlay-gradient":""},"mobile":{"background-color":"var(--ast-global-color-5)","background-image":"","background-repeat":"repeat","background-position":"center center","background-size":"auto","background-attachment":"scroll","background-type":"","background-media":"","overlay-type":"","overlay-color":"","overlay-opacity":"","overlay-gradient":""}}},"product_brand":[],"product_cat":[43],"product_tag":[],"class_list":{"0":"post-1214","1":"product","2":"type-product","3":"status-publish","4":"has-post-thumbnail","6":"product_cat-foam","7":"desktop-align-left","8":"tablet-align-left","9":"mobile-align-left","10":"ast-product-gallery-layout-horizontal-slider","11":"ast-product-gallery-with-no-image","12":"ast-product-tabs-layout-horizontal","14":"first","15":"instock","16":"sale","17":"shipping-taxable","18":"purchasable","19":"product-type-simple"},"uagb_featured_image_src":{"full":["https:\/\/wisecnclaser.com\/wp-content\/uploads\/2025\/05\/54710b43dadfa936c16312bab27b8259.jpg",750,750,false],"thumbnail":["https:\/\/wisecnclaser.com\/wp-content\/uploads\/2025\/05\/54710b43dadfa936c16312bab27b8259-150x150.jpg",150,150,true],"medium":["https:\/\/wisecnclaser.com\/wp-content\/uploads\/2025\/05\/54710b43dadfa936c16312bab27b8259-300x300.jpg",300,300,true],"medium_large":["https:\/\/wisecnclaser.com\/wp-content\/uploads\/2025\/05\/54710b43dadfa936c16312bab27b8259.jpg",750,750,false],"large":["https:\/\/wisecnclaser.com\/wp-content\/uploads\/2025\/05\/54710b43dadfa936c16312bab27b8259.jpg",750,750,false],"1536x1536":["https:\/\/wisecnclaser.com\/wp-content\/uploads\/2025\/05\/54710b43dadfa936c16312bab27b8259.jpg",750,750,false],"2048x2048":["https:\/\/wisecnclaser.com\/wp-content\/uploads\/2025\/05\/54710b43dadfa936c16312bab27b8259.jpg",750,750,false],"trp-custom-language-flag":["https:\/\/wisecnclaser.com\/wp-content\/uploads\/2025\/05\/54710b43dadfa936c16312bab27b8259-12x12.jpg",12,12,true],"woocommerce_thumbnail":["https:\/\/wisecnclaser.com\/wp-content\/uploads\/2025\/05\/54710b43dadfa936c16312bab27b8259-300x300.jpg",300,300,true],"woocommerce_single":["https:\/\/wisecnclaser.com\/wp-content\/uploads\/2025\/05\/54710b43dadfa936c16312bab27b8259-600x600.jpg",600,600,true],"woocommerce_gallery_thumbnail":["https:\/\/wisecnclaser.com\/wp-content\/uploads\/2025\/05\/54710b43dadfa936c16312bab27b8259-100x100.jpg",100,100,true]},"uagb_author_info":{"display_name":"jinxing6611@gmail.com","author_link":"https:\/\/wisecnclaser.com\/es\/author\/"},"uagb_comment_info":0,"uagb_excerpt":"Features of cnc hot wire foam cutting machine: 1. This machine adopts round orbit, double rows and four columns ball blocks. Large\u00a0bearing capacity, running smoothly, high precision and long life. Imported high precision\u00a0Ball screw, cutting accurate. 2. Whole thick Square tube structure and not deformation, Steel structure and scientific\u00a0welding, not deformation overall. 3. Adopts highly&hellip;","_links":{"self":[{"href":"https:\/\/wisecnclaser.com\/es\/wp-json\/wp\/v2\/product\/1214","targetHints":{"allow":["GET"]}}],"collection":[{"href":"https:\/\/wisecnclaser.com\/es\/wp-json\/wp\/v2\/product"}],"about":[{"href":"https:\/\/wisecnclaser.com\/es\/wp-json\/wp\/v2\/types\/product"}],"wp:featuredmedia":[{"embeddable":true,"href":"https:\/\/wisecnclaser.com\/es\/wp-json\/wp\/v2\/media\/3469"}],"wp:attachment":[{"href":"https:\/\/wisecnclaser.com\/es\/wp-json\/wp\/v2\/media?parent=1214"}],"wp:term":[{"taxonomy":"product_brand","embeddable":true,"href":"https:\/\/wisecnclaser.com\/es\/wp-json\/wp\/v2\/product_brand?post=1214"},{"taxonomy":"product_cat","embeddable":true,"href":"https:\/\/wisecnclaser.com\/es\/wp-json\/wp\/v2\/product_cat?post=1214"},{"taxonomy":"product_tag","embeddable":true,"href":"https:\/\/wisecnclaser.com\/es\/wp-json\/wp\/v2\/product_tag?post=1214"}],"curies":[{"name":"wp","href":"https:\/\/api.w.org\/{rel}","templated":true}]}}