{"id":3477,"date":"2025-05-22T13:41:37","date_gmt":"2025-05-22T13:41:37","guid":{"rendered":"https:\/\/wisecnclaser.com\/?post_type=product&#038;p=3477"},"modified":"2025-05-23T02:51:31","modified_gmt":"2025-05-23T02:51:31","slug":"ws1625-cnc-flatbed-cutter-plotter-for-carton-box-sample-making","status":"publish","type":"product","link":"https:\/\/wisecnclaser.com\/es\/producto\/ws1625-cnc-flatbed-cutter-plotter-for-carton-box-sample-making\/","title":{"rendered":"WS1625 CNC Plotter de corte plano para la fabricaci\u00f3n de muestras de cajas de cart\u00f3n"},"content":{"rendered":"<p><strong>Aplicaci\u00f3n de la m\u00e1quina plotter plana de corte de cart\u00f3n:<\/strong><\/p>\n<p>Principalmente para la fabricaci\u00f3n de cajas de cart\u00f3n, envases de cart\u00f3n, para el procesamiento de cart\u00f3n corrugado de doble y triple pared, aplicado a la fabricaci\u00f3n de cajas de cart\u00f3n.<\/p>\n<p><strong>Materiales de corte:\u00a0<\/strong>cart\u00f3n ondulado, cart\u00f3n de papel, cart\u00f3n ondulado de pl\u00e1stico, cart\u00f3n alveolar, tarjeta de papel<\/p>\n<p><strong>M\u00e9todo de trabajo:<\/strong><\/p>\n<p>El archivo gr\u00e1fico es procesado por un software profesional, el archivo gr\u00e1fico incluye el tipo de l\u00ednea de sangr\u00eda y el tipo de l\u00ednea de corte (papel corrugado\/cart\u00f3n\/papel film) requeridos para la muestra de caja real, y tambi\u00e9n puede incluir dimensionamiento, anotaciones de documentos, etc. (cart\u00f3n\/papel film) Etc.), de acuerdo con las necesidades reales, instale diferentes herramientas de corte\/ruedas de aumento\/herramientas de dibujo, y env\u00edelas a la m\u00e1quina trazadora plana en un formato determinado a trav\u00e9s de la red o l\u00ednea de datos, y la m\u00e1quina reconocer\u00e1 autom\u00e1ticamente los diversos tipos de l\u00ednea en los gr\u00e1ficos y seleccionar\u00e1 los correspondientes. La herramienta (cuchilla vibratoria\/rueda dentada\/plumilla) se ajusta seg\u00fan los par\u00e1metros correspondientes, como la velocidad de trabajo, el tipo de herramienta, la profundidad de corte de la cuchilla, la profundidad de la muesca, etc., para completar la muestra de caja o el dibujo.<\/p>\n<p><strong>Herramientas necesarias:<\/strong><\/p>\n<p>&nbsp;<\/p>\n<p>Cabezal de corte vibratorio: corte de cart\u00f3n ondulado, EVA, algod\u00f3n perlado, cart\u00f3n pluma, etc.<\/p>\n<p>Cabezal plano: Corta cart\u00f3n ondulado E-pit, F-pit y cart\u00f3n gris.<\/p>\n<p>Rueda onduladora: l\u00ednea de hendido del cart\u00f3n ondulado.<\/p>\n<p>Cabezal de corte peque\u00f1o: corte de papel cart\u00f3n.<\/p>\n<p>Bol\u00edgrafo: Dibuja un mapa del dado.<\/p>\n<p>Algunas m\u00e1quinas de pruebas de cart\u00f3n tambi\u00e9n est\u00e1n equipadas con: cabezal de corte de plantilla de cuchilla, cabezal de corte de molde inferior, cabezal de corte de ranura en V<\/p>\n<p>&nbsp;<\/p>\n<table border=\"1\">\n<tbody>\n<tr class=\"firstRow\">\n<td colspan=\"2\" valign=\"center\" width=\"662\"><strong>T\u00e9cnico<\/strong><strong>\u00a0<\/strong><strong>Par\u00e1metros de WS1625\u00a0<\/strong><strong>Plataforma<\/strong><strong>\u00a0Plotter de corte para la fabricaci\u00f3n de cajas de cart\u00f3n:<\/strong><\/td>\n<\/tr>\n<tr>\n<td valign=\"top\" width=\"158\">X tama\u00f1o de trabajo<\/td>\n<td valign=\"top\" width=\"504\">1550 mm<\/td>\n<\/tr>\n<tr>\n<td valign=\"top\" width=\"158\">Tama\u00f1o \u00fatil Y<\/td>\n<td valign=\"top\" width=\"504\">2500mm<\/td>\n<\/tr>\n<tr>\n<td valign=\"top\" width=\"158\">Tama\u00f1o de trabajo Z<\/td>\n<td valign=\"top\" width=\"504\">10 mm<\/td>\n<\/tr>\n<tr>\n<td valign=\"top\" width=\"158\">Cabezal de corte<\/td>\n<td valign=\"top\" width=\"504\">Cabezal de corte de cuchilla oscilante cnc+Rueda de desengrase<\/td>\n<\/tr>\n<tr>\n<td valign=\"top\" width=\"158\">Modo de visualizaci\u00f3n<\/td>\n<td valign=\"top\" width=\"504\">Pantalla t\u00e1ctil LED en ingl\u00e9s<\/td>\n<\/tr>\n<tr>\n<td valign=\"top\" width=\"158\">Mesa de m\u00e1quinas<\/td>\n<td valign=\"top\" width=\"504\">Mesa de aspiraci\u00f3n de fuelle de aluminio con 9 zonas de aspiraci\u00f3n<\/td>\n<\/tr>\n<tr>\n<td valign=\"top\" width=\"158\">Modo de transferencia de datos<\/td>\n<td valign=\"top\" width=\"504\">Intel<\/td>\n<\/tr>\n<tr>\n<td valign=\"top\" width=\"158\">Bomba de vac\u00edo<\/td>\n<td valign=\"top\" width=\"504\">Bomba de vac\u00edo neum\u00e1tica de 9 kW<\/td>\n<\/tr>\n<tr>\n<td valign=\"top\" width=\"158\">Sistema de conducci\u00f3n<\/td>\n<td valign=\"top\" width=\"504\">Servocontrolador y motor delta de Taiw\u00e1n<\/td>\n<\/tr>\n<tr>\n<td valign=\"top\" width=\"158\">Sistema de control<\/td>\n<td valign=\"top\" width=\"504\">Sistema de control RD<\/td>\n<\/tr>\n<tr>\n<td valign=\"top\" width=\"158\">Sistema de guiado<\/td>\n<td valign=\"top\" width=\"504\">Ra\u00edl cuadrado Taiw\u00e1n TBI<\/td>\n<\/tr>\n<tr>\n<td valign=\"top\" width=\"158\">Sensor de herramientas<\/td>\n<td valign=\"top\" width=\"504\">Con, punto rojo<\/td>\n<\/tr>\n<tr>\n<td valign=\"top\" width=\"158\">Transmisi\u00f3n<\/td>\n<td valign=\"top\" width=\"504\">Pi\u00f1\u00f3n de cremallera Y, correa s\u00edncrona de acero XZ<\/td>\n<\/tr>\n<tr>\n<td valign=\"top\" width=\"158\">Velocidad de corte<\/td>\n<td valign=\"top\" width=\"504\">30 m\/min<\/td>\n<\/tr>\n<tr>\n<td valign=\"top\" width=\"158\">Velocidad de desplazamiento<\/td>\n<td valign=\"top\" width=\"504\">50 m\/min<\/td>\n<\/tr>\n<tr>\n<td valign=\"center\" width=\"158\">Peso<\/td>\n<td valign=\"top\" width=\"504\">Unos 800 kg<\/td>\n<\/tr>\n<tr>\n<td valign=\"top\" width=\"158\">Talla<\/td>\n<td valign=\"top\" width=\"504\">2250*3300*1650mm<\/td>\n<\/tr>\n<tr>\n<td valign=\"top\" width=\"158\">Potencia<\/td>\n<td valign=\"top\" width=\"504\">380V 50HZ<\/td>\n<\/tr>\n<tr>\n<td valign=\"top\" width=\"158\">Software<\/td>\n<td valign=\"top\" width=\"504\">vcutworks, la m\u00e1quina tiene este software, el apoyo dxf, plt archivo de formato<\/td>\n<\/tr>\n<\/tbody>\n<\/table>\n<p>&nbsp;<\/p>\n<p><strong>Caracter\u00edsticas de la m\u00e1quina de fabricaci\u00f3n de muestras de cajas de cart\u00f3n:<\/strong><\/p>\n<p><strong>\u00a0<\/strong><\/p>\n<p>1,El dispositivo de parada urgente l\u00e1ser puede evitar que las personas se lastimen con las herramientas de trabajo o el cart\u00f3n. El alambre de se\u00f1al puesto en el p\u00f3rtico para asegurarse de estabilidad cuando la m\u00e1quina que trabaja.<\/p>\n<p>2.Taiwan import\u00f3 el carril de gu\u00eda linear y la transmisi\u00f3n del estante del engranaje para asegurarse de cuando la m\u00e1quina que trabajaba con eficacia estable del corte y alta velocidad y alta precisi\u00f3n.<\/p>\n<p>3.Machine marco adopta tablero de acero de alta densidad, no se deformar\u00e1. M\u00e1quina con trabajo pesado para asegurarse de que la m\u00e1quina de trabajo estable y garantizar una mejor calidad de corte.<\/p>\n<p>4.adopta motor delta y controlador importados de taiw\u00e1n<\/p>\n<p>5.adopta el tipo de m\u00f3dulo de trabajo-cilindro, tiene una fuerte capacidad de adsorci\u00f3n .<\/p>\n<p>&nbsp;<\/p>","protected":false},"excerpt":{"rendered":"<p>The carton proofing machine is a machine used in carton factories to make carton samples.<\/p>\n<p>there are two kinds of cardboard cutting plotter machine, one is mainly for cutting coated paper, cardboard, kraft paper, PVC, stickers with a thickness of less than 1mm<\/p>\n<p>The other carton box sampling machine is to cut 8-30mm thick corrugated paper, honeycomb paperboard, grey board paper, KT board, Chevron board, EVA, etc.<\/p>\n<p>They both have creasing wheel, oscillating knife cutting function.<\/p>","protected":false},"featured_media":3480,"template":"","meta":{"_seopress_robots_primary_cat":"","_seopress_titles_title":"","_seopress_titles_desc":"","_seopress_robots_index":"","_uag_custom_page_level_css":"","site-sidebar-layout":"default","site-content-layout":"","ast-site-content-layout":"default","site-content-style":"default","site-sidebar-style":"default","ast-global-header-display":"","ast-banner-title-visibility":"","ast-main-header-display":"","ast-hfb-above-header-display":"","ast-hfb-below-header-display":"","ast-hfb-mobile-header-display":"","site-post-title":"","ast-breadcrumbs-content":"","ast-featured-img":"","footer-sml-layout":"","ast-disable-related-posts":"","theme-transparent-header-meta":"default","adv-header-id-meta":"","stick-header-meta":"default","header-above-stick-meta":"","header-main-stick-meta":"","header-below-stick-meta":"","astra-migrate-meta-layouts":"set","ast-page-background-enabled":"default","ast-page-background-meta":{"desktop":{"background-color":"","background-image":"","background-repeat":"repeat","background-position":"center center","background-size":"auto","background-attachment":"scroll","background-type":"","background-media":"","overlay-type":"","overlay-color":"","overlay-opacity":"","overlay-gradient":""},"tablet":{"background-color":"","background-image":"","background-repeat":"repeat","background-position":"center center","background-size":"auto","background-attachment":"scroll","background-type":"","background-media":"","overlay-type":"","overlay-color":"","overlay-opacity":"","overlay-gradient":""},"mobile":{"background-color":"","background-image":"","background-repeat":"repeat","background-position":"center center","background-size":"auto","background-attachment":"scroll","background-type":"","background-media":"","overlay-type":"","overlay-color":"","overlay-opacity":"","overlay-gradient":""}},"ast-content-background-meta":{"desktop":{"background-color":"var(--ast-global-color-5)","background-image":"","background-repeat":"repeat","background-position":"center center","background-size":"auto","background-attachment":"scroll","background-type":"","background-media":"","overlay-type":"","overlay-color":"","overlay-opacity":"","overlay-gradient":""},"tablet":{"background-color":"var(--ast-global-color-5)","background-image":"","background-repeat":"repeat","background-position":"center center","background-size":"auto","background-attachment":"scroll","background-type":"","background-media":"","overlay-type":"","overlay-color":"","overlay-opacity":"","overlay-gradient":""},"mobile":{"background-color":"var(--ast-global-color-5)","background-image":"","background-repeat":"repeat","background-position":"center center","background-size":"auto","background-attachment":"scroll","background-type":"","background-media":"","overlay-type":"","overlay-color":"","overlay-opacity":"","overlay-gradient":""}}},"product_brand":[],"product_cat":[21],"product_tag":[],"class_list":{"0":"post-3477","1":"product","2":"type-product","3":"status-publish","4":"has-post-thumbnail","6":"product_cat-oscillating","7":"desktop-align-left","8":"tablet-align-left","9":"mobile-align-left","10":"ast-product-gallery-layout-horizontal-slider","11":"ast-product-tabs-layout-horizontal","13":"first","14":"instock","15":"featured","16":"shipping-taxable","17":"product-type-simple"},"uagb_featured_image_src":{"full":["https:\/\/wisecnclaser.com\/wp-content\/uploads\/2025\/05\/44b850c9a77b70cab8e18c4549a9ca66.jpg",750,750,false],"thumbnail":["https:\/\/wisecnclaser.com\/wp-content\/uploads\/2025\/05\/44b850c9a77b70cab8e18c4549a9ca66-150x150.jpg",150,150,true],"medium":["https:\/\/wisecnclaser.com\/wp-content\/uploads\/2025\/05\/44b850c9a77b70cab8e18c4549a9ca66-300x300.jpg",300,300,true],"medium_large":["https:\/\/wisecnclaser.com\/wp-content\/uploads\/2025\/05\/44b850c9a77b70cab8e18c4549a9ca66.jpg",750,750,false],"large":["https:\/\/wisecnclaser.com\/wp-content\/uploads\/2025\/05\/44b850c9a77b70cab8e18c4549a9ca66.jpg",750,750,false],"1536x1536":["https:\/\/wisecnclaser.com\/wp-content\/uploads\/2025\/05\/44b850c9a77b70cab8e18c4549a9ca66.jpg",750,750,false],"2048x2048":["https:\/\/wisecnclaser.com\/wp-content\/uploads\/2025\/05\/44b850c9a77b70cab8e18c4549a9ca66.jpg",750,750,false],"trp-custom-language-flag":["https:\/\/wisecnclaser.com\/wp-content\/uploads\/2025\/05\/44b850c9a77b70cab8e18c4549a9ca66-12x12.jpg",12,12,true],"woocommerce_thumbnail":["https:\/\/wisecnclaser.com\/wp-content\/uploads\/2025\/05\/44b850c9a77b70cab8e18c4549a9ca66-300x300.jpg",300,300,true],"woocommerce_single":["https:\/\/wisecnclaser.com\/wp-content\/uploads\/2025\/05\/44b850c9a77b70cab8e18c4549a9ca66-600x600.jpg",600,600,true],"woocommerce_gallery_thumbnail":["https:\/\/wisecnclaser.com\/wp-content\/uploads\/2025\/05\/44b850c9a77b70cab8e18c4549a9ca66-100x100.jpg",100,100,true]},"uagb_author_info":{"display_name":"jinxing6611@gmail.com","author_link":"https:\/\/wisecnclaser.com\/es\/author\/"},"uagb_comment_info":0,"uagb_excerpt":"The carton proofing machine is a machine used in carton factories to make carton samples. there are two kinds of cardboard cutting plotter machine, one is mainly for cutting coated paper, cardboard, kraft paper, PVC, stickers with a thickness of less than 1mm The other carton box sampling machine is to cut 8-30mm thick corrugated&hellip;","_links":{"self":[{"href":"https:\/\/wisecnclaser.com\/es\/wp-json\/wp\/v2\/product\/3477","targetHints":{"allow":["GET"]}}],"collection":[{"href":"https:\/\/wisecnclaser.com\/es\/wp-json\/wp\/v2\/product"}],"about":[{"href":"https:\/\/wisecnclaser.com\/es\/wp-json\/wp\/v2\/types\/product"}],"wp:featuredmedia":[{"embeddable":true,"href":"https:\/\/wisecnclaser.com\/es\/wp-json\/wp\/v2\/media\/3480"}],"wp:attachment":[{"href":"https:\/\/wisecnclaser.com\/es\/wp-json\/wp\/v2\/media?parent=3477"}],"wp:term":[{"taxonomy":"product_brand","embeddable":true,"href":"https:\/\/wisecnclaser.com\/es\/wp-json\/wp\/v2\/product_brand?post=3477"},{"taxonomy":"product_cat","embeddable":true,"href":"https:\/\/wisecnclaser.com\/es\/wp-json\/wp\/v2\/product_cat?post=3477"},{"taxonomy":"product_tag","embeddable":true,"href":"https:\/\/wisecnclaser.com\/es\/wp-json\/wp\/v2\/product_tag?post=3477"}],"curies":[{"name":"wp","href":"https:\/\/api.w.org\/{rel}","templated":true}]}}