{"id":3502,"date":"2025-05-22T22:37:21","date_gmt":"2025-05-22T22:37:21","guid":{"rendered":"https:\/\/wisecnclaser.com\/?post_type=product&#038;p=3502"},"modified":"2025-05-22T22:37:21","modified_gmt":"2025-05-22T22:37:21","slug":"fiber-laser-cutting-machine-with-full-cover-and-exchange-table","status":"publish","type":"product","link":"https:\/\/wisecnclaser.com\/es\/producto\/fiber-laser-cutting-machine-with-full-cover-and-exchange-table\/","title":{"rendered":"M\u00e1quina de corte por l\u00e1ser de fibra con cubierta completa y mesa intercambiable"},"content":{"rendered":"<p><strong>Aplicaci\u00f3n de la m\u00e1quina de corte por l\u00e1ser de fibra \u00f3ptica<\/strong><strong>:<\/strong><\/p>\n<p>Se utiliza para cortar una variedad de placas de metal, principalmente utilizado en el corte de acero inoxidable, acero al carbono, chapa galvanizada, placa electrol\u00edtica, lat\u00f3n, aluminio, placa de aleaci\u00f3n de varios, metales raros y otros materiales met\u00e1licos.<\/p>\n<p>&nbsp;<\/p>\n<table border=\"1\" width=\"662\">\n<tbody>\n<tr class=\"firstRow\">\n<td colspan=\"2\" valign=\"center\" width=\"662\"><strong>Descripci\u00f3n y especificaciones de la m\u00e1quina de corte por l\u00e1ser de fibra:<\/strong><\/td>\n<\/tr>\n<tr>\n<td valign=\"top\" width=\"224\">Modelo<\/td>\n<td valign=\"top\" width=\"438\">FB3015E<\/td>\n<\/tr>\n<tr>\n<td valign=\"center\" width=\"224\">\u00c1rea de trabajo<\/td>\n<td valign=\"center\" width=\"438\">1500mm*3000MM<\/td>\n<\/tr>\n<tr>\n<td valign=\"center\" width=\"224\">Transmisi\u00f3n<\/td>\n<td valign=\"center\" width=\"438\">Pi\u00f1\u00f3n de cremallera- marca GERMANY ATLANTA<\/td>\n<\/tr>\n<tr>\n<td valign=\"center\" width=\"224\">Sistema de conducci\u00f3n<\/td>\n<td valign=\"center\" width=\"438\">Jap\u00f3n servo<\/td>\n<\/tr>\n<tr>\n<td valign=\"center\" width=\"224\">Potencia del l\u00e1ser<\/td>\n<td valign=\"center\" width=\"438\">1kw 1,5kw 2kw 3kw 4kw 6kw generador de fibra raycus o IPG<\/td>\n<\/tr>\n<tr>\n<td valign=\"center\" width=\"224\">Sistema de gu\u00eda<\/td>\n<td valign=\"center\" width=\"438\">Ra\u00edl cuadrado Taiw\u00e1n<\/td>\n<\/tr>\n<tr>\n<td valign=\"center\" width=\"224\">Husillo de bolas<\/td>\n<td valign=\"center\" width=\"438\">Marca Taiw\u00e1n TBI<\/td>\n<\/tr>\n<tr>\n<td valign=\"center\" width=\"224\">Sistema de control<\/td>\n<td valign=\"center\" width=\"438\">Controlador Cypcut<\/td>\n<\/tr>\n<tr>\n<td valign=\"center\" width=\"224\">Reductor<\/td>\n<td valign=\"center\" width=\"438\">Marca Motovario<\/td>\n<\/tr>\n<tr>\n<td valign=\"center\" width=\"224\">Velocidad m\u00e1xima<\/td>\n<td valign=\"center\" width=\"438\">100 m\/min<\/td>\n<\/tr>\n<tr>\n<td valign=\"center\" width=\"224\">Velocidad m\u00e1x. de corte<\/td>\n<td valign=\"center\" width=\"438\">30-40 m\/min<\/td>\n<\/tr>\n<tr>\n<td valign=\"center\" width=\"224\">Anchura m\u00ednima de la l\u00ednea de corte<\/td>\n<td valign=\"center\" width=\"438\">0,02 mm<\/td>\n<\/tr>\n<tr>\n<td valign=\"center\" width=\"224\">Material aplicable<\/td>\n<td valign=\"center\" width=\"438\">Acero inoxidable, acero al carbono, aluminio, cobre, chapa de titanio, hierro, etc.<\/td>\n<\/tr>\n<tr>\n<td valign=\"center\" width=\"224\">Espesor de corte<\/td>\n<td valign=\"center\" width=\"438\">Acero inoxidable 8mm,acero al carbono 20mm<\/td>\n<\/tr>\n<tr>\n<td valign=\"center\" width=\"224\">Toda la superficie de la m\u00e1quina<\/td>\n<td valign=\"center\" width=\"438\">7\u00d72.2\u00d71.9m<\/td>\n<\/tr>\n<tr>\n<td valign=\"center\" width=\"224\">Peso de la m\u00e1quina<\/td>\n<td valign=\"center\" width=\"438\">3000kg<\/td>\n<\/tr>\n<tr>\n<td valign=\"top\" width=\"224\">Tama\u00f1o rotativo<\/td>\n<td valign=\"top\" width=\"438\">3000 mm de longitud con alimentaci\u00f3n autom\u00e1tica<\/td>\n<\/tr>\n<tr>\n<td valign=\"center\" width=\"224\">Potencia de trabajo<\/td>\n<td valign=\"center\" width=\"438\">AC380V trif\u00e1sico 50HZ<\/td>\n<\/tr>\n<tr>\n<td valign=\"center\" width=\"224\">Garant\u00eda<\/td>\n<td valign=\"center\" width=\"438\">2 a\u00f1os<\/td>\n<\/tr>\n<tr>\n<td valign=\"center\" width=\"224\">Tabla de intercambio<\/td>\n<td valign=\"center\" width=\"438\">Con<\/td>\n<\/tr>\n<tr>\n<td valign=\"center\" width=\"224\">Portada completa<\/td>\n<td valign=\"center\" width=\"438\">Con<\/td>\n<\/tr>\n<\/tbody>\n<\/table>\n<p>&nbsp;<\/p>\n<p><strong>Aplicaci\u00f3n:<\/strong><\/p>\n<p>Puede cortar muchos tipos de chapas met\u00e1licas y tubos (se puede utilizar el corte de tubos m\u00e1s el dispositivo de corte de tubos). Es principalmente adecuado para el corte r\u00e1pido de acero inoxidable, acero al carbono, acero galvanizado, placa electrol\u00edtica, placa de lat\u00f3n, placa de aluminio, acero al manganeso, varias placas de aleaci\u00f3n, metales raros y otros materiales.<\/p>\n<p>La m\u00e1quina de corte por l\u00e1ser de fibra \u00f3ptica con chapa y tubo integrados puede cortar chapa y tubo de metal. Ahorra m\u00e1s de 50% de espacio y aporta una mayor eficiencia de producci\u00f3n.<\/p>\n<p>&nbsp;<\/p>\n<p><strong>Ventajas del l\u00e1ser de fibra<\/strong><\/p>\n<p>1, Alta eficiencia de conversi\u00f3n electro-\u00f3ptica, 300% m\u00e1s eficiente que el l\u00e1ser de CO2<\/p>\n<p>2, Bajo coste de funcionamiento y mantenimiento, s\u00f3lo 6% de l\u00e1ser de CO2<\/p>\n<p>3, Alta velocidad de corte, 600%~1000% m\u00e1s r\u00e1pido que el l\u00e1ser CO2<\/p>\n<p>4, Tama\u00f1o peque\u00f1o, peso ligero, posici\u00f3n de trabajo m\u00f3vil y necesidad m\u00ednima de espacio<\/p>\n<p>&nbsp;<\/p>\n<p><strong>POR QU\u00c9 elegir nuestra m\u00e1quina de corte por l\u00e1ser de fibra<\/strong><\/p>\n<p><strong><em>Eje Z estable y sistema de enfoque autom\u00e1tico<\/em><\/strong><\/p>\n<p>El cabezal l\u00e1ser est\u00e1 equipado con un cabezal de corte Raytools, capaz de ajustar la distancia focal autom\u00e1ticamente, garantizar la mejor calidad de corte, evitar el desguace de material causado por el cambio de la distancia focal cuando el metal no es plano Debido al dispositivo de detecci\u00f3n sin contacto, cuando es controlado por el sistema, capaz de lograr una funci\u00f3n de flotaci\u00f3n estable del eje Z, eliminar los efectos negativos causados por el material no plano.<\/p>\n<p>&nbsp;<\/p>\n<p><strong><em>Carcasa de la m\u00e1quina \/ M\u00e1quina anfitriona<\/em><\/strong><\/p>\n<p>La m\u00e1quina de corte a gran escala pesa 3,7 toneladas. Tenemos en cuenta el coste de producci\u00f3n, la estabilidad y la calidad de la m\u00e1quina. Despu\u00e9s de varias veces redise\u00f1o decidimos el dise\u00f1o final simple pero fuerte. Que producido por el equipo profesional a gran escala de la industria de nivel militar, y pas\u00f3 el tratamiento de envejecimiento, puede garantizar la durabilidad para el uso a largo plazo.<\/p>\n<p><strong><em>\u00a0<\/em><\/strong><\/p>\n<p><strong><em>Transmisi\u00f3n<\/em><\/strong><\/p>\n<p>La m\u00e1quina est\u00e1 equipada con un sistema de husillo de bolas de alta precisi\u00f3n de una marca famosa, una gu\u00eda lineal y un sistema de servoaccionamiento del motor, que pueden garantizar la precisi\u00f3n del procesamiento. El sistema de transmisi\u00f3n puede coincidir con el sistema de control CNC sin problemas.<\/p>\n<p><strong><em>\u00a0<\/em><\/strong><\/p>\n<p><strong><em>Sistema de control<\/em><\/strong><\/p>\n<p>Utilice IPC profesional, optimizaci\u00f3n de corte calcular el sistema, pantalla t\u00e1ctil f\u00e1cil de usar, software de corte profesional puede dise\u00f1ar todo tipo de gr\u00e1ficos, texto, apoyo CAD, CorelDraw.<\/p>\n<p>&nbsp;<\/p>","protected":false},"excerpt":{"rendered":"<p><strong>Aplicaci\u00f3n de la m\u00e1quina de corte por l\u00e1ser de fibra \u00f3ptica<\/strong><strong>:<\/strong><\/p>\n<p>Se utiliza para cortar una variedad de placas de metal, principalmente utilizado en el corte de acero inoxidable, acero al carbono, chapa galvanizada, placa electrol\u00edtica, lat\u00f3n, aluminio, placa de aleaci\u00f3n de varios, metales raros y otros materiales met\u00e1licos.<\/p>","protected":false},"featured_media":3505,"template":"","meta":{"_seopress_robots_primary_cat":"","_seopress_titles_title":"","_seopress_titles_desc":"","_seopress_robots_index":"","_uag_custom_page_level_css":"","site-sidebar-layout":"default","site-content-layout":"","ast-site-content-layout":"default","site-content-style":"default","site-sidebar-style":"default","ast-global-header-display":"","ast-banner-title-visibility":"","ast-main-header-display":"","ast-hfb-above-header-display":"","ast-hfb-below-header-display":"","ast-hfb-mobile-header-display":"","site-post-title":"","ast-breadcrumbs-content":"","ast-featured-img":"","footer-sml-layout":"","ast-disable-related-posts":"","theme-transparent-header-meta":"default","adv-header-id-meta":"","stick-header-meta":"default","header-above-stick-meta":"","header-main-stick-meta":"","header-below-stick-meta":"","astra-migrate-meta-layouts":"set","ast-page-background-enabled":"default","ast-page-background-meta":{"desktop":{"background-color":"","background-image":"","background-repeat":"repeat","background-position":"center center","background-size":"auto","background-attachment":"scroll","background-type":"","background-media":"","overlay-type":"","overlay-color":"","overlay-opacity":"","overlay-gradient":""},"tablet":{"background-color":"","background-image":"","background-repeat":"repeat","background-position":"center center","background-size":"auto","background-attachment":"scroll","background-type":"","background-media":"","overlay-type":"","overlay-color":"","overlay-opacity":"","overlay-gradient":""},"mobile":{"background-color":"","background-image":"","background-repeat":"repeat","background-position":"center center","background-size":"auto","background-attachment":"scroll","background-type":"","background-media":"","overlay-type":"","overlay-color":"","overlay-opacity":"","overlay-gradient":""}},"ast-content-background-meta":{"desktop":{"background-color":"var(--ast-global-color-5)","background-image":"","background-repeat":"repeat","background-position":"center center","background-size":"auto","background-attachment":"scroll","background-type":"","background-media":"","overlay-type":"","overlay-color":"","overlay-opacity":"","overlay-gradient":""},"tablet":{"background-color":"var(--ast-global-color-5)","background-image":"","background-repeat":"repeat","background-position":"center center","background-size":"auto","background-attachment":"scroll","background-type":"","background-media":"","overlay-type":"","overlay-color":"","overlay-opacity":"","overlay-gradient":""},"mobile":{"background-color":"var(--ast-global-color-5)","background-image":"","background-repeat":"repeat","background-position":"center center","background-size":"auto","background-attachment":"scroll","background-type":"","background-media":"","overlay-type":"","overlay-color":"","overlay-opacity":"","overlay-gradient":""}}},"product_brand":[],"product_cat":[57],"product_tag":[],"class_list":{"0":"post-3502","1":"product","2":"type-product","3":"status-publish","4":"has-post-thumbnail","6":"product_cat-fiberlaser","7":"desktop-align-left","8":"tablet-align-left","9":"mobile-align-left","10":"ast-product-gallery-layout-horizontal-slider","11":"ast-product-gallery-with-no-image","12":"ast-product-tabs-layout-horizontal","14":"first","15":"instock","16":"shipping-taxable","17":"product-type-simple"},"uagb_featured_image_src":{"full":["https:\/\/wisecnclaser.com\/wp-content\/uploads\/2025\/05\/fd525823d3eebb6edfd26b17d160fa19.jpg",800,800,false],"thumbnail":["https:\/\/wisecnclaser.com\/wp-content\/uploads\/2025\/05\/fd525823d3eebb6edfd26b17d160fa19-150x150.jpg",150,150,true],"medium":["https:\/\/wisecnclaser.com\/wp-content\/uploads\/2025\/05\/fd525823d3eebb6edfd26b17d160fa19-300x300.jpg",300,300,true],"medium_large":["https:\/\/wisecnclaser.com\/wp-content\/uploads\/2025\/05\/fd525823d3eebb6edfd26b17d160fa19-768x768.jpg",768,768,true],"large":["https:\/\/wisecnclaser.com\/wp-content\/uploads\/2025\/05\/fd525823d3eebb6edfd26b17d160fa19.jpg",800,800,false],"1536x1536":["https:\/\/wisecnclaser.com\/wp-content\/uploads\/2025\/05\/fd525823d3eebb6edfd26b17d160fa19.jpg",800,800,false],"2048x2048":["https:\/\/wisecnclaser.com\/wp-content\/uploads\/2025\/05\/fd525823d3eebb6edfd26b17d160fa19.jpg",800,800,false],"trp-custom-language-flag":["https:\/\/wisecnclaser.com\/wp-content\/uploads\/2025\/05\/fd525823d3eebb6edfd26b17d160fa19-12x12.jpg",12,12,true],"woocommerce_thumbnail":["https:\/\/wisecnclaser.com\/wp-content\/uploads\/2025\/05\/fd525823d3eebb6edfd26b17d160fa19-300x300.jpg",300,300,true],"woocommerce_single":["https:\/\/wisecnclaser.com\/wp-content\/uploads\/2025\/05\/fd525823d3eebb6edfd26b17d160fa19-600x600.jpg",600,600,true],"woocommerce_gallery_thumbnail":["https:\/\/wisecnclaser.com\/wp-content\/uploads\/2025\/05\/fd525823d3eebb6edfd26b17d160fa19-100x100.jpg",100,100,true]},"uagb_author_info":{"display_name":"jinxing6611@gmail.com","author_link":"https:\/\/wisecnclaser.com\/es\/author\/"},"uagb_comment_info":0,"uagb_excerpt":"Fiber Laser Cutting Machine Application: Used for cutting a variety of metal plates, mainly used in cutting stainless steel, carbon steel, galvanized sheet, electrolytic plate, brass, aluminum, various alloy plate, rare metal and other metal materials.","_links":{"self":[{"href":"https:\/\/wisecnclaser.com\/es\/wp-json\/wp\/v2\/product\/3502","targetHints":{"allow":["GET"]}}],"collection":[{"href":"https:\/\/wisecnclaser.com\/es\/wp-json\/wp\/v2\/product"}],"about":[{"href":"https:\/\/wisecnclaser.com\/es\/wp-json\/wp\/v2\/types\/product"}],"wp:featuredmedia":[{"embeddable":true,"href":"https:\/\/wisecnclaser.com\/es\/wp-json\/wp\/v2\/media\/3505"}],"wp:attachment":[{"href":"https:\/\/wisecnclaser.com\/es\/wp-json\/wp\/v2\/media?parent=3502"}],"wp:term":[{"taxonomy":"product_brand","embeddable":true,"href":"https:\/\/wisecnclaser.com\/es\/wp-json\/wp\/v2\/product_brand?post=3502"},{"taxonomy":"product_cat","embeddable":true,"href":"https:\/\/wisecnclaser.com\/es\/wp-json\/wp\/v2\/product_cat?post=3502"},{"taxonomy":"product_tag","embeddable":true,"href":"https:\/\/wisecnclaser.com\/es\/wp-json\/wp\/v2\/product_tag?post=3502"}],"curies":[{"name":"wp","href":"https:\/\/api.w.org\/{rel}","templated":true}]}}