{"id":3513,"date":"2025-05-22T22:41:30","date_gmt":"2025-05-22T22:41:30","guid":{"rendered":"https:\/\/wisecnclaser.com\/?post_type=product&#038;p=3513"},"modified":"2025-05-22T22:41:30","modified_gmt":"2025-05-22T22:41:30","slug":"desk-type-fiber-laser-marking-machine","status":"publish","type":"product","link":"https:\/\/wisecnclaser.com\/es\/producto\/desk-type-fiber-laser-marking-machine\/","title":{"rendered":"M\u00e1quina de marcado l\u00e1ser de fibra tipo escritorio"},"content":{"rendered":"<p><strong>Descripci\u00f3n:<\/strong><\/p>\n<p>Aplicaci\u00f3n de m\u00f3dulo de fibra avanzado, haz de salida de alta calidad, adecuado para el marcado delicado, puede controlar el tama\u00f1o, la profundidad y la forma con precisi\u00f3n. Tama\u00f1o peque\u00f1o y r\u00e1pida velocidad de procesamiento, bajo consumo de energ\u00eda, larga vida \u00fatil, puede grabar todo tipo de materiales met\u00e1licos y no met\u00e1licos.<\/p>\n<p><strong>Caracter\u00edsticas principales:<\/strong><\/p>\n<p>&nbsp;<\/p>\n<p>1. Trayectoria l\u00e1ser de alta calidad adecuada para el marcado delicado. 2. Alcance m\u00e1s pr\u00f3ximo al l\u00edmite de difracci\u00f3n. Exportaci\u00f3n TEMOO del modo transversal fundamental. M2 cercano a 1. El \u00e1ngulo de divergencia del haz es s\u00f3lo 1\/4 del l\u00e1ser de diodo. El di\u00e1metro del punto de enfoque no supera los 20 um.<br \/>\n2. La alta frecuencia de repetici\u00f3n de impulsos y la potencia estable permiten un marcado l\u00e1ser de alta velocidad. La potencia de pulso de la unidad es inferior a 1%. 3. F\u00e1cil control del tama\u00f1o, grosor y forma del punto l\u00e1ser.<br \/>\n3. Alta velocidad 2-3 veces superior a la m\u00e1quina de marcado tradicional por bombeo de diodos.<br \/>\n4. Refrigeraci\u00f3n por aire \u00a1tama\u00f1o de m\u00e1quina inteligente!<br \/>\n5. Larga vida \u00fatil. Consumo de energ\u00eda ultra bajo de 0,5 kw. Eficacia de conversi\u00f3n superior a 30% (no apto para el marcado en color de acero inoxidable).<\/p>\n<p>&nbsp;<\/p>\n<p>&nbsp;<\/p>\n<table border=\"1\" width=\"662\">\n<tbody>\n<tr class=\"firstRow\">\n<td colspan=\"2\" valign=\"center\" width=\"662\"><strong>Descripci\u00f3n y especificaciones de la m\u00e1quina de marcado l\u00e1ser de fibra tipo escritorio:<\/strong><\/td>\n<\/tr>\n<tr>\n<td valign=\"top\" width=\"224\">N\u00ba de art\u00edculo<\/td>\n<td valign=\"top\" width=\"438\">WS20 WS30 WS50<\/td>\n<\/tr>\n<tr>\n<td valign=\"top\" width=\"224\">Potencia l\u00e1ser<\/td>\n<td valign=\"top\" width=\"438\">20W 30W 50W<\/td>\n<\/tr>\n<tr>\n<td valign=\"top\" width=\"224\">Longitud de onda del l\u00e1ser<\/td>\n<td valign=\"top\" width=\"438\">1064nm<\/td>\n<\/tr>\n<tr>\n<td valign=\"top\" width=\"224\">Gama de marcado<\/td>\n<td valign=\"top\" width=\"438\">110mm\u00d7110mm<\/td>\n<\/tr>\n<tr>\n<td valign=\"top\" width=\"224\">Velocidad de marcado<\/td>\n<td valign=\"top\" width=\"438\">\u22648000mm\/s<\/td>\n<\/tr>\n<tr>\n<td valign=\"top\" width=\"224\">Car\u00e1cter m\u00ednimo<\/td>\n<td valign=\"top\" width=\"438\">0,2 mm<\/td>\n<\/tr>\n<tr>\n<td valign=\"top\" width=\"224\">Anchura m\u00ednima de l\u00ednea<\/td>\n<td valign=\"top\" width=\"438\">0,015 mm<\/td>\n<\/tr>\n<tr>\n<td valign=\"top\" width=\"224\">Precisi\u00f3n de repetici\u00f3n<\/td>\n<td valign=\"top\" width=\"438\">\u00b10,001 mm<\/td>\n<\/tr>\n<tr>\n<td valign=\"top\" width=\"224\">Estabilidad energ\u00e9tica<\/td>\n<td valign=\"top\" width=\"438\">&lt;5%rms<\/td>\n<\/tr>\n<tr>\n<td valign=\"top\" width=\"224\">Profundidad de marcado<\/td>\n<td valign=\"top\" width=\"438\">0,3 mm<\/td>\n<\/tr>\n<tr>\n<td valign=\"top\" width=\"224\">Calidad del haz l\u00e1ser<\/td>\n<td valign=\"top\" width=\"438\">M2\uff1c1.2<\/td>\n<\/tr>\n<tr>\n<td valign=\"top\" width=\"224\">Frecuencia de repetici\u00f3n<\/td>\n<td valign=\"top\" width=\"438\">20KHz-80KHz<\/td>\n<\/tr>\n<tr>\n<td valign=\"top\" width=\"224\">Sistema de refrigeraci\u00f3n<\/td>\n<td valign=\"top\" width=\"438\">Refrigeraci\u00f3n por aire<\/td>\n<\/tr>\n<tr>\n<td valign=\"top\" width=\"224\">Lenguaje inform\u00e1tico<\/td>\n<td valign=\"top\" width=\"438\">Ingl\u00e9s<\/td>\n<\/tr>\n<tr>\n<td valign=\"top\" width=\"224\">Fuente de alimentaci\u00f3n<\/td>\n<td valign=\"top\" width=\"438\">220V\/50Hz<\/td>\n<\/tr>\n<tr>\n<td valign=\"top\" width=\"224\">Formato de soporte<\/td>\n<td valign=\"top\" width=\"438\">BMP, GIF, JPG, PCX, TGA, TIFF, PLT, CDR, DMG, DXF, etc.<\/td>\n<\/tr>\n<tr>\n<td valign=\"top\" width=\"224\">Potencia general<\/td>\n<td valign=\"top\" width=\"438\">0,5 KW<\/td>\n<\/tr>\n<tr>\n<td valign=\"top\" width=\"224\">Dimensi\u00f3n de la m\u00e1quina<\/td>\n<td valign=\"top\" width=\"438\">0,72*1*1,12 metros<\/td>\n<\/tr>\n<tr>\n<td valign=\"top\" width=\"224\">Peso neto<\/td>\n<td valign=\"top\" width=\"438\">140KG<\/td>\n<\/tr>\n<\/tbody>\n<\/table>","protected":false},"excerpt":{"rendered":"<p>Descripci\u00f3n:<\/p>\n<p>Aplicaci\u00f3n de m\u00f3dulo de fibra avanzado, haz de salida de alta calidad, adecuado para el marcado delicado, puede controlar el tama\u00f1o, la profundidad y la forma con precisi\u00f3n. Tama\u00f1o peque\u00f1o y r\u00e1pida velocidad de procesamiento, bajo consumo de energ\u00eda, larga vida \u00fatil, puede grabar todo tipo de materiales met\u00e1licos y no met\u00e1licos.<\/p>","protected":false},"featured_media":3516,"template":"","meta":{"_seopress_robots_primary_cat":"","_seopress_titles_title":"","_seopress_titles_desc":"","_seopress_robots_index":"","_uag_custom_page_level_css":"","site-sidebar-layout":"default","site-content-layout":"","ast-site-content-layout":"default","site-content-style":"default","site-sidebar-style":"default","ast-global-header-display":"","ast-banner-title-visibility":"","ast-main-header-display":"","ast-hfb-above-header-display":"","ast-hfb-below-header-display":"","ast-hfb-mobile-header-display":"","site-post-title":"","ast-breadcrumbs-content":"","ast-featured-img":"","footer-sml-layout":"","ast-disable-related-posts":"","theme-transparent-header-meta":"default","adv-header-id-meta":"","stick-header-meta":"default","header-above-stick-meta":"","header-main-stick-meta":"","header-below-stick-meta":"","astra-migrate-meta-layouts":"set","ast-page-background-enabled":"default","ast-page-background-meta":{"desktop":{"background-color":"","background-image":"","background-repeat":"repeat","background-position":"center center","background-size":"auto","background-attachment":"scroll","background-type":"","background-media":"","overlay-type":"","overlay-color":"","overlay-opacity":"","overlay-gradient":""},"tablet":{"background-color":"","background-image":"","background-repeat":"repeat","background-position":"center center","background-size":"auto","background-attachment":"scroll","background-type":"","background-media":"","overlay-type":"","overlay-color":"","overlay-opacity":"","overlay-gradient":""},"mobile":{"background-color":"","background-image":"","background-repeat":"repeat","background-position":"center center","background-size":"auto","background-attachment":"scroll","background-type":"","background-media":"","overlay-type":"","overlay-color":"","overlay-opacity":"","overlay-gradient":""}},"ast-content-background-meta":{"desktop":{"background-color":"var(--ast-global-color-5)","background-image":"","background-repeat":"repeat","background-position":"center center","background-size":"auto","background-attachment":"scroll","background-type":"","background-media":"","overlay-type":"","overlay-color":"","overlay-opacity":"","overlay-gradient":""},"tablet":{"background-color":"var(--ast-global-color-5)","background-image":"","background-repeat":"repeat","background-position":"center center","background-size":"auto","background-attachment":"scroll","background-type":"","background-media":"","overlay-type":"","overlay-color":"","overlay-opacity":"","overlay-gradient":""},"mobile":{"background-color":"var(--ast-global-color-5)","background-image":"","background-repeat":"repeat","background-position":"center center","background-size":"auto","background-attachment":"scroll","background-type":"","background-media":"","overlay-type":"","overlay-color":"","overlay-opacity":"","overlay-gradient":""}}},"product_brand":[],"product_cat":[57],"product_tag":[],"class_list":{"0":"post-3513","1":"product","2":"type-product","3":"status-publish","4":"has-post-thumbnail","6":"product_cat-fiberlaser","7":"desktop-align-left","8":"tablet-align-left","9":"mobile-align-left","10":"ast-product-gallery-layout-horizontal-slider","11":"ast-product-gallery-with-no-image","12":"ast-product-tabs-layout-horizontal","14":"first","15":"instock","16":"shipping-taxable","17":"product-type-simple"},"uagb_featured_image_src":{"full":["https:\/\/wisecnclaser.com\/wp-content\/uploads\/2025\/05\/2b5f9acff84fc48d5cc5bae91639091b.jpg",800,800,false],"thumbnail":["https:\/\/wisecnclaser.com\/wp-content\/uploads\/2025\/05\/2b5f9acff84fc48d5cc5bae91639091b-150x150.jpg",150,150,true],"medium":["https:\/\/wisecnclaser.com\/wp-content\/uploads\/2025\/05\/2b5f9acff84fc48d5cc5bae91639091b-300x300.jpg",300,300,true],"medium_large":["https:\/\/wisecnclaser.com\/wp-content\/uploads\/2025\/05\/2b5f9acff84fc48d5cc5bae91639091b-768x768.jpg",768,768,true],"large":["https:\/\/wisecnclaser.com\/wp-content\/uploads\/2025\/05\/2b5f9acff84fc48d5cc5bae91639091b.jpg",800,800,false],"1536x1536":["https:\/\/wisecnclaser.com\/wp-content\/uploads\/2025\/05\/2b5f9acff84fc48d5cc5bae91639091b.jpg",800,800,false],"2048x2048":["https:\/\/wisecnclaser.com\/wp-content\/uploads\/2025\/05\/2b5f9acff84fc48d5cc5bae91639091b.jpg",800,800,false],"trp-custom-language-flag":["https:\/\/wisecnclaser.com\/wp-content\/uploads\/2025\/05\/2b5f9acff84fc48d5cc5bae91639091b-12x12.jpg",12,12,true],"woocommerce_thumbnail":["https:\/\/wisecnclaser.com\/wp-content\/uploads\/2025\/05\/2b5f9acff84fc48d5cc5bae91639091b-300x300.jpg",300,300,true],"woocommerce_single":["https:\/\/wisecnclaser.com\/wp-content\/uploads\/2025\/05\/2b5f9acff84fc48d5cc5bae91639091b-600x600.jpg",600,600,true],"woocommerce_gallery_thumbnail":["https:\/\/wisecnclaser.com\/wp-content\/uploads\/2025\/05\/2b5f9acff84fc48d5cc5bae91639091b-100x100.jpg",100,100,true]},"uagb_author_info":{"display_name":"jinxing6611@gmail.com","author_link":"https:\/\/wisecnclaser.com\/es\/author\/"},"uagb_comment_info":0,"uagb_excerpt":"Description: Application of advanced fiber module, high quality output beam, suitable for delicate marking, can control size, depth, and shape accurately. Small size and fast processing speed, low energy consumption, long service life, can engrave all kinds of metal and nonmetal materials.","_links":{"self":[{"href":"https:\/\/wisecnclaser.com\/es\/wp-json\/wp\/v2\/product\/3513","targetHints":{"allow":["GET"]}}],"collection":[{"href":"https:\/\/wisecnclaser.com\/es\/wp-json\/wp\/v2\/product"}],"about":[{"href":"https:\/\/wisecnclaser.com\/es\/wp-json\/wp\/v2\/types\/product"}],"wp:featuredmedia":[{"embeddable":true,"href":"https:\/\/wisecnclaser.com\/es\/wp-json\/wp\/v2\/media\/3516"}],"wp:attachment":[{"href":"https:\/\/wisecnclaser.com\/es\/wp-json\/wp\/v2\/media?parent=3513"}],"wp:term":[{"taxonomy":"product_brand","embeddable":true,"href":"https:\/\/wisecnclaser.com\/es\/wp-json\/wp\/v2\/product_brand?post=3513"},{"taxonomy":"product_cat","embeddable":true,"href":"https:\/\/wisecnclaser.com\/es\/wp-json\/wp\/v2\/product_cat?post=3513"},{"taxonomy":"product_tag","embeddable":true,"href":"https:\/\/wisecnclaser.com\/es\/wp-json\/wp\/v2\/product_tag?post=3513"}],"curies":[{"name":"wp","href":"https:\/\/api.w.org\/{rel}","templated":true}]}}