{"id":3529,"date":"2025-05-22T22:53:30","date_gmt":"2025-05-22T22:53:30","guid":{"rendered":"https:\/\/wisecnclaser.com\/?post_type=product&#038;p=3529"},"modified":"2025-05-22T22:53:30","modified_gmt":"2025-05-22T22:53:30","slug":"professional-metal-tube-fiber-laser-cutting-machine","status":"publish","type":"product","link":"https:\/\/wisecnclaser.com\/es\/producto\/professional-metal-tube-fiber-laser-cutting-machine\/","title":{"rendered":"M\u00e1quina profesional de corte por l\u00e1ser de fibra \u00f3ptica para tubos de metal"},"content":{"rendered":"<p>FB6016T es una m\u00e1quina de corte por l\u00e1ser de tubos econ\u00f3mica y pr\u00e1ctica en combinaci\u00f3n con la demanda del mercado y dirigida a los usuarios finales de procesamiento de tubos por lotes. Este tipo de m\u00e1quina tiene un alto rendimiento de costes. La m\u00e1quina de 6m puede cortar 6.5m como m\u00e1ximo, y el material de cola es de 90mm como m\u00ednimo. Es una opci\u00f3n ideal para las empresas de procesamiento de tuber\u00edas. La m\u00e1quina, desde la selecci\u00f3n de la configuraci\u00f3n hasta el proceso de montaje, pasando por la formaci\u00f3n posterior y el servicio postventa, para crear realmente una m\u00e1quina de corte por l\u00e1ser de tubos que los clientes puedan permitirse.<\/p>\n<p><strong>Materiales e industria aplicables:<\/strong><\/p>\n<p>Adecuado para el acero inoxidable, acero al carbono y algunos otros materiales met\u00e1licos de corte preciso, aplicable para la tecnolog\u00eda aeroespacial, cohetes, aviones, robots, ascensores, barcos de vapor y la fabricaci\u00f3n de autom\u00f3viles y la industria de procesamiento de piezas de metal para la placa de metal, publicidad, utensilios de cocina, herramienta de bits, hardware, etc.<\/p>\n<table border=\"1\" width=\"662\">\n<tbody>\n<tr class=\"firstRow\">\n<td colspan=\"2\" valign=\"center\" width=\"662\"><strong>Descripci\u00f3n y especificaciones de la m\u00e1quina de corte de tubos de metal por l\u00e1ser de fibra:<\/strong><\/td>\n<\/tr>\n<tr>\n<td valign=\"top\" width=\"224\">Modelo<\/td>\n<td valign=\"top\" width=\"438\">FB6016T<\/td>\n<\/tr>\n<tr>\n<td valign=\"center\" width=\"224\">Tama\u00f1o de trabajo<\/td>\n<td valign=\"center\" width=\"438\">Tubo redondo \u03c620-\u03c6160, tubo cuadrado longitud lateral \u2264 100<\/p>\n<p>Longitud lateral del tubo cuadrado \u2264 100, longitud del tubo \u2264 6000<\/td>\n<\/tr>\n<tr>\n<td valign=\"center\" width=\"224\">Tama\u00f1o de trabajo del eje X<\/td>\n<td valign=\"center\" width=\"438\">160 mm<\/td>\n<\/tr>\n<tr>\n<td valign=\"center\" width=\"224\">Tama\u00f1o de trabajo del eje Y<\/td>\n<td valign=\"center\" width=\"438\">6000 mm<\/td>\n<\/tr>\n<tr>\n<td valign=\"center\" width=\"224\">Tama\u00f1o de trabajo del eje Z<\/td>\n<td valign=\"center\" width=\"438\">120 mm<\/td>\n<\/tr>\n<tr>\n<td valign=\"center\" width=\"224\">Precisi\u00f3n de reposicionamiento<\/td>\n<td valign=\"center\" width=\"438\">+\/0,03 mm<\/td>\n<\/tr>\n<tr>\n<td valign=\"center\" width=\"224\">Precisi\u00f3n de posicionamiento<\/td>\n<td valign=\"center\" width=\"438\">+\/-0,05 mm<\/td>\n<\/tr>\n<tr>\n<td valign=\"center\" width=\"224\">Aceleraci\u00f3n<\/td>\n<td valign=\"center\" width=\"438\">1GB m\/s\u00b2<\/td>\n<\/tr>\n<tr>\n<td valign=\"center\" width=\"224\">Eje X Y Velocidad m\u00e1xima de funcionamiento<\/td>\n<td valign=\"center\" width=\"438\">70 m\/min<\/td>\n<\/tr>\n<tr>\n<td valign=\"center\" width=\"224\">Velocidad m\u00e1xima del plato<\/td>\n<td valign=\"center\" width=\"438\">100 r\/min<\/td>\n<\/tr>\n<tr>\n<td valign=\"center\" width=\"224\">Longitud del material de la cola<\/td>\n<td valign=\"center\" width=\"438\">\u226590mm \uff08ligeramente diferente seg\u00fan el tubo espec\u00edfico)\uff09<\/td>\n<\/tr>\n<tr>\n<td valign=\"center\" width=\"224\">Tama\u00f1o total de la m\u00e1quina<\/td>\n<td valign=\"center\" width=\"438\">8900\u00d71350\u00d71750mm mm<\/td>\n<\/tr>\n<tr>\n<td valign=\"center\" width=\"224\">Potencia del l\u00e1ser<\/td>\n<td valign=\"center\" width=\"438\">1kw 1,5kw 2kw 3kw 4kw 6kw<\/td>\n<\/tr>\n<tr>\n<td valign=\"center\" width=\"224\">Sistema de control<\/td>\n<td valign=\"center\" width=\"438\">Cyptube<\/td>\n<\/tr>\n<tr>\n<td valign=\"center\" width=\"224\">Potencia de toda la m\u00e1quina<\/td>\n<td valign=\"center\" width=\"438\">14kw<\/td>\n<\/tr>\n<tr>\n<td valign=\"center\" width=\"224\">Potencia de trabajo<\/td>\n<td valign=\"center\" width=\"438\">AC380V trif\u00e1sico 50HZ<\/td>\n<\/tr>\n<tr>\n<td valign=\"center\" width=\"224\">Garant\u00eda<\/td>\n<td valign=\"center\" width=\"438\">2 a\u00f1os<\/td>\n<\/tr>\n<\/tbody>\n<\/table>\n<p><strong>Aplicaci\u00f3n:<\/strong><\/p>\n<p>Puede cortar muchos tipos de chapas met\u00e1licas y tubos (se puede utilizar el corte de tubos m\u00e1s el dispositivo de corte de tubos). Es principalmente adecuado para el corte r\u00e1pido de acero inoxidable, acero al carbono, acero galvanizado, placa electrol\u00edtica, placa de lat\u00f3n, placa de aluminio, acero al manganeso, varias placas de aleaci\u00f3n, metales raros y otros materiales.<\/p>\n<p>La m\u00e1quina de corte por l\u00e1ser de fibra \u00f3ptica con chapa y tubo integrados puede cortar chapa y tubo de metal. Ahorra m\u00e1s de 50% de espacio y aporta una mayor eficiencia de producci\u00f3n.<\/p>\n<p>&nbsp;<\/p>","protected":false},"excerpt":{"rendered":"<p>FB6016T es una m\u00e1quina de corte por l\u00e1ser de tubos econ\u00f3mica y pr\u00e1ctica en combinaci\u00f3n con la demanda del mercado y dirigida a los usuarios finales de procesamiento de tubos por lotes. Este tipo de m\u00e1quina tiene un alto rendimiento de costes. La m\u00e1quina de 6m puede cortar 6.5m como m\u00e1ximo, y el material de cola es de 90mm como m\u00ednimo. Es una opci\u00f3n ideal para las empresas de procesamiento de tuber\u00edas. La m\u00e1quina, desde la selecci\u00f3n de la configuraci\u00f3n hasta el proceso de montaje, pasando por la formaci\u00f3n posterior y el servicio postventa, para crear realmente una m\u00e1quina de corte por l\u00e1ser de tubos que los clientes puedan permitirse.<\/p>","protected":false},"featured_media":3532,"template":"","meta":{"_seopress_robots_primary_cat":"","_seopress_titles_title":"","_seopress_titles_desc":"","_seopress_robots_index":"","_uag_custom_page_level_css":"","site-sidebar-layout":"default","site-content-layout":"","ast-site-content-layout":"default","site-content-style":"default","site-sidebar-style":"default","ast-global-header-display":"","ast-banner-title-visibility":"","ast-main-header-display":"","ast-hfb-above-header-display":"","ast-hfb-below-header-display":"","ast-hfb-mobile-header-display":"","site-post-title":"","ast-breadcrumbs-content":"","ast-featured-img":"","footer-sml-layout":"","ast-disable-related-posts":"","theme-transparent-header-meta":"default","adv-header-id-meta":"","stick-header-meta":"default","header-above-stick-meta":"","header-main-stick-meta":"","header-below-stick-meta":"","astra-migrate-meta-layouts":"set","ast-page-background-enabled":"default","ast-page-background-meta":{"desktop":{"background-color":"","background-image":"","background-repeat":"repeat","background-position":"center center","background-size":"auto","background-attachment":"scroll","background-type":"","background-media":"","overlay-type":"","overlay-color":"","overlay-opacity":"","overlay-gradient":""},"tablet":{"background-color":"","background-image":"","background-repeat":"repeat","background-position":"center center","background-size":"auto","background-attachment":"scroll","background-type":"","background-media":"","overlay-type":"","overlay-color":"","overlay-opacity":"","overlay-gradient":""},"mobile":{"background-color":"","background-image":"","background-repeat":"repeat","background-position":"center center","background-size":"auto","background-attachment":"scroll","background-type":"","background-media":"","overlay-type":"","overlay-color":"","overlay-opacity":"","overlay-gradient":""}},"ast-content-background-meta":{"desktop":{"background-color":"var(--ast-global-color-5)","background-image":"","background-repeat":"repeat","background-position":"center center","background-size":"auto","background-attachment":"scroll","background-type":"","background-media":"","overlay-type":"","overlay-color":"","overlay-opacity":"","overlay-gradient":""},"tablet":{"background-color":"var(--ast-global-color-5)","background-image":"","background-repeat":"repeat","background-position":"center center","background-size":"auto","background-attachment":"scroll","background-type":"","background-media":"","overlay-type":"","overlay-color":"","overlay-opacity":"","overlay-gradient":""},"mobile":{"background-color":"var(--ast-global-color-5)","background-image":"","background-repeat":"repeat","background-position":"center center","background-size":"auto","background-attachment":"scroll","background-type":"","background-media":"","overlay-type":"","overlay-color":"","overlay-opacity":"","overlay-gradient":""}}},"product_brand":[],"product_cat":[57],"product_tag":[],"class_list":{"0":"post-3529","1":"product","2":"type-product","3":"status-publish","4":"has-post-thumbnail","6":"product_cat-fiberlaser","7":"desktop-align-left","8":"tablet-align-left","9":"mobile-align-left","10":"ast-product-gallery-layout-horizontal-slider","11":"ast-product-gallery-with-no-image","12":"ast-product-tabs-layout-horizontal","14":"first","15":"instock","16":"shipping-taxable","17":"product-type-simple"},"uagb_featured_image_src":{"full":["https:\/\/wisecnclaser.com\/wp-content\/uploads\/2025\/05\/5562c8250b37843652e09f29cb34aaf2.jpg",800,800,false],"thumbnail":["https:\/\/wisecnclaser.com\/wp-content\/uploads\/2025\/05\/5562c8250b37843652e09f29cb34aaf2-150x150.jpg",150,150,true],"medium":["https:\/\/wisecnclaser.com\/wp-content\/uploads\/2025\/05\/5562c8250b37843652e09f29cb34aaf2-300x300.jpg",300,300,true],"medium_large":["https:\/\/wisecnclaser.com\/wp-content\/uploads\/2025\/05\/5562c8250b37843652e09f29cb34aaf2-768x768.jpg",768,768,true],"large":["https:\/\/wisecnclaser.com\/wp-content\/uploads\/2025\/05\/5562c8250b37843652e09f29cb34aaf2.jpg",800,800,false],"1536x1536":["https:\/\/wisecnclaser.com\/wp-content\/uploads\/2025\/05\/5562c8250b37843652e09f29cb34aaf2.jpg",800,800,false],"2048x2048":["https:\/\/wisecnclaser.com\/wp-content\/uploads\/2025\/05\/5562c8250b37843652e09f29cb34aaf2.jpg",800,800,false],"trp-custom-language-flag":["https:\/\/wisecnclaser.com\/wp-content\/uploads\/2025\/05\/5562c8250b37843652e09f29cb34aaf2-12x12.jpg",12,12,true],"woocommerce_thumbnail":["https:\/\/wisecnclaser.com\/wp-content\/uploads\/2025\/05\/5562c8250b37843652e09f29cb34aaf2-300x300.jpg",300,300,true],"woocommerce_single":["https:\/\/wisecnclaser.com\/wp-content\/uploads\/2025\/05\/5562c8250b37843652e09f29cb34aaf2-600x600.jpg",600,600,true],"woocommerce_gallery_thumbnail":["https:\/\/wisecnclaser.com\/wp-content\/uploads\/2025\/05\/5562c8250b37843652e09f29cb34aaf2-100x100.jpg",100,100,true]},"uagb_author_info":{"display_name":"jinxing6611@gmail.com","author_link":"https:\/\/wisecnclaser.com\/es\/author\/"},"uagb_comment_info":0,"uagb_excerpt":"FB6016T is an economical and practical laser pipe cutting machine in combination with the market demand and aiming at the end users of batch pipe processing. This type of machine has high cost performance. The 6m machine can cut 6.5m at most, and the tail material is 90mm at least. It is an ideal choice&hellip;","_links":{"self":[{"href":"https:\/\/wisecnclaser.com\/es\/wp-json\/wp\/v2\/product\/3529","targetHints":{"allow":["GET"]}}],"collection":[{"href":"https:\/\/wisecnclaser.com\/es\/wp-json\/wp\/v2\/product"}],"about":[{"href":"https:\/\/wisecnclaser.com\/es\/wp-json\/wp\/v2\/types\/product"}],"wp:featuredmedia":[{"embeddable":true,"href":"https:\/\/wisecnclaser.com\/es\/wp-json\/wp\/v2\/media\/3532"}],"wp:attachment":[{"href":"https:\/\/wisecnclaser.com\/es\/wp-json\/wp\/v2\/media?parent=3529"}],"wp:term":[{"taxonomy":"product_brand","embeddable":true,"href":"https:\/\/wisecnclaser.com\/es\/wp-json\/wp\/v2\/product_brand?post=3529"},{"taxonomy":"product_cat","embeddable":true,"href":"https:\/\/wisecnclaser.com\/es\/wp-json\/wp\/v2\/product_cat?post=3529"},{"taxonomy":"product_tag","embeddable":true,"href":"https:\/\/wisecnclaser.com\/es\/wp-json\/wp\/v2\/product_tag?post=3529"}],"curies":[{"name":"wp","href":"https:\/\/api.w.org\/{rel}","templated":true}]}}