{"id":3549,"date":"2025-05-22T23:04:11","date_gmt":"2025-05-22T23:04:11","guid":{"rendered":"https:\/\/wisecnclaser.com\/?post_type=product&#038;p=3549"},"modified":"2025-05-22T23:04:11","modified_gmt":"2025-05-22T23:04:11","slug":"four-heads-atc-nesting-cnc-router","status":"publish","type":"product","link":"https:\/\/wisecnclaser.com\/es\/producto\/four-heads-atc-nesting-cnc-router\/","title":{"rendered":"Fresadora CNC Nesting ATC de cuatro cabezales"},"content":{"rendered":"<p>La m\u00e1quina fresadora cnc de corte de madera de cuatro cabezales es adecuada para: muebles de tablero, armarios roperos, muebles de oficina, muebles a medida. Armarios roperos, escritorios de ordenador, altavoces de madera, utensilios de cocina de madera y otros muebles de tablero de corte plano, fresado, biselado, punzonado, tallado y otros procesos auxiliares, etc.<\/p>\n<p>La fresadora cnc de cuatro cabezales es una m\u00e1quina de corte de madera que puede cambiar activamente las herramientas de forma autom\u00e1tica. Cuatro husillos est\u00e1n instalados lado a lado en el p\u00f3rtico de la m\u00e1quina, La velocidad de cambio de herramienta es r\u00e1pida, y el cambio de herramienta se puede completar en 8 segundos. La m\u00e1quina de corte de armarios de cuatro procesos (m\u00e1quina de corte de armarios) es un equipo de doble prop\u00f3sito. Puede ser una fresadora cnc para muebles a medida, y tambi\u00e9n puede ser una fresadora cnc para el tallado y fresado de puertas de armarios.<\/p>\n<p>El precio de la m\u00e1quina de corte de madera cnc de cuatro cabezales es relativamente econ\u00f3mico en comparaci\u00f3n con otros modelos, y es una muy buena opci\u00f3n para algunas peque\u00f1as y medianas empresas de muebles de panel que tienen un peque\u00f1o volumen de producci\u00f3n.<\/p>\n<p>&nbsp;<\/p>\n<table border=\"1\">\n<tbody>\n<tr class=\"firstRow\">\n<td colspan=\"2\" valign=\"center\" width=\"662\"><strong>Descripci\u00f3n y especificaciones<\/strong><strong>\u00a0de cuatro cabezales de cambio neum\u00e1tico de herramientas CNC Router\u00a0<\/strong><strong>:<\/strong><\/td>\n<\/tr>\n<tr>\n<td valign=\"top\" width=\"259\">X Zona de trabajo<\/td>\n<td valign=\"top\" width=\"403\">1300 mm<\/td>\n<\/tr>\n<tr>\n<td valign=\"top\" width=\"259\">Y Zona de trabajo<\/td>\n<td valign=\"top\" width=\"403\">2500mm<\/td>\n<\/tr>\n<tr>\n<td valign=\"top\" width=\"259\">Z \u00c1rea de trabajo<\/td>\n<td valign=\"top\" width=\"403\">200 mm<\/td>\n<\/tr>\n<tr>\n<td valign=\"top\" width=\"259\">Mesa de m\u00e1quinas<\/td>\n<td valign=\"top\" width=\"403\">Mesa de vac\u00edo<\/td>\n<\/tr>\n<tr>\n<td valign=\"top\" width=\"259\">Precisi\u00f3n de posicionamiento en desplazamiento<\/td>\n<td valign=\"top\" width=\"403\">\u00b10,05 mm<\/td>\n<\/tr>\n<tr>\n<td valign=\"top\" width=\"259\">Reposicionamiento Precisi\u00f3n de posicionamiento<\/td>\n<td valign=\"top\" width=\"403\">\u00b10,05 mm<\/td>\n<\/tr>\n<tr>\n<td valign=\"top\" width=\"259\">Estructura X,Y ,Z<\/td>\n<td valign=\"top\" width=\"403\">Rueda dentada XY, husillo a bolas Z. Todos los ejes utilizan gu\u00eda cuadrada marca Taiwan TBI<\/td>\n<\/tr>\n<tr>\n<td valign=\"top\" width=\"259\">M\u00e1x. Velocidad de trabajo<\/td>\n<td valign=\"top\" width=\"403\">25.000 mm\/min<\/td>\n<\/tr>\n<tr>\n<td valign=\"top\" width=\"259\">Eje<\/td>\n<td valign=\"top\" width=\"403\">Husillo de refrigeraci\u00f3n por aire de 4,5 kW * 2+husillo de refrigeraci\u00f3n por aire de 6 kW *2<\/td>\n<\/tr>\n<tr>\n<td valign=\"top\" width=\"259\">Velocidad del cabezal<\/td>\n<td valign=\"top\" width=\"403\">0-18000 rpm<\/td>\n<\/tr>\n<tr>\n<td valign=\"top\" width=\"259\">Motor de accionamiento<\/td>\n<td valign=\"top\" width=\"403\">Servocontrolador y motor chinos<\/td>\n<\/tr>\n<tr>\n<td valign=\"top\" width=\"259\">Comando<\/td>\n<td valign=\"top\" width=\"403\">G-code*.u00*.mmg*.plt<\/td>\n<\/tr>\n<tr>\n<td valign=\"top\" width=\"259\">Tensi\u00f3n de trabajo<\/td>\n<td valign=\"top\" width=\"403\">3PH AC380V\/50Hz<\/td>\n<\/tr>\n<tr>\n<td valign=\"top\" width=\"259\">Sistema de control<\/td>\n<td valign=\"top\" width=\"403\">Sistema de control de Taiw\u00e1n o Shanghai<\/td>\n<\/tr>\n<tr>\n<td valign=\"top\" width=\"259\">Carril gu\u00eda<\/td>\n<td valign=\"top\" width=\"403\">Taiw\u00e1n Carril cuadrado Tama\u00f1o 25<\/td>\n<\/tr>\n<tr>\n<td valign=\"top\" width=\"259\">Armario de control<\/td>\n<td valign=\"top\" width=\"403\">Gabinete independiente<\/td>\n<\/tr>\n<tr>\n<td rowspan=\"6\" valign=\"center\" width=\"259\">Dispositivo auxiliar<\/td>\n<td valign=\"top\" width=\"403\">Sensor de herramientas<\/td>\n<\/tr>\n<tr>\n<td valign=\"top\" width=\"403\">Colector de polvo de 5,5 kW<\/td>\n<\/tr>\n<tr>\n<td valign=\"top\" width=\"403\">Posicionador de cilindros<\/td>\n<\/tr>\n<tr>\n<td valign=\"top\" width=\"403\">Bomba de vac\u00edo de agua de 7,5 kW<\/td>\n<\/tr>\n<tr>\n<td valign=\"top\" width=\"403\">Dispositivo de alimentaci\u00f3n de material<\/td>\n<\/tr>\n<tr>\n<td valign=\"top\" width=\"403\">Rueda de sujeci\u00f3n para prensar material<\/td>\n<\/tr>\n<\/tbody>\n<\/table>","protected":false},"excerpt":{"rendered":"<p>La m\u00e1quina fresadora cnc de corte de madera de cuatro cabezales es adecuada para: muebles de tablero, armarios roperos, muebles de oficina, muebles a medida. Armarios roperos, escritorios de ordenador, altavoces de madera, utensilios de cocina de madera y otros muebles de tablero de corte plano, fresado, biselado, punzonado, tallado y otros procesos auxiliares, etc.<\/p>\n<p>Four heads nesting cnc router machine is a wood cutting machine that can actively change tools automatically. Four spindles are installed side by side on machine gantry, The tool change speed is fast, and the tool change can be completed in 8 seconds. The four-process wardrobe cutting machine (cabinet cutting machine) is a dual-purpose equipment. It can be nesting cnc router for custom furniture, and it can also be a cnc router for cabinet door carving and milling.<\/p>\n<p>El precio de la m\u00e1quina de corte de madera cnc de cuatro cabezales es relativamente econ\u00f3mico en comparaci\u00f3n con otros modelos, y es una muy buena opci\u00f3n para algunas peque\u00f1as y medianas empresas de muebles de panel que tienen un peque\u00f1o volumen de producci\u00f3n.<\/p>","protected":false},"featured_media":3552,"template":"","meta":{"_seopress_robots_primary_cat":"","_seopress_titles_title":"","_seopress_titles_desc":"","_seopress_robots_index":"","_uag_custom_page_level_css":"","site-sidebar-layout":"default","site-content-layout":"","ast-site-content-layout":"default","site-content-style":"default","site-sidebar-style":"default","ast-global-header-display":"","ast-banner-title-visibility":"","ast-main-header-display":"","ast-hfb-above-header-display":"","ast-hfb-below-header-display":"","ast-hfb-mobile-header-display":"","site-post-title":"","ast-breadcrumbs-content":"","ast-featured-img":"","footer-sml-layout":"","ast-disable-related-posts":"","theme-transparent-header-meta":"default","adv-header-id-meta":"","stick-header-meta":"default","header-above-stick-meta":"","header-main-stick-meta":"","header-below-stick-meta":"","astra-migrate-meta-layouts":"set","ast-page-background-enabled":"default","ast-page-background-meta":{"desktop":{"background-color":"","background-image":"","background-repeat":"repeat","background-position":"center center","background-size":"auto","background-attachment":"scroll","background-type":"","background-media":"","overlay-type":"","overlay-color":"","overlay-opacity":"","overlay-gradient":""},"tablet":{"background-color":"","background-image":"","background-repeat":"repeat","background-position":"center center","background-size":"auto","background-attachment":"scroll","background-type":"","background-media":"","overlay-type":"","overlay-color":"","overlay-opacity":"","overlay-gradient":""},"mobile":{"background-color":"","background-image":"","background-repeat":"repeat","background-position":"center center","background-size":"auto","background-attachment":"scroll","background-type":"","background-media":"","overlay-type":"","overlay-color":"","overlay-opacity":"","overlay-gradient":""}},"ast-content-background-meta":{"desktop":{"background-color":"var(--ast-global-color-5)","background-image":"","background-repeat":"repeat","background-position":"center center","background-size":"auto","background-attachment":"scroll","background-type":"","background-media":"","overlay-type":"","overlay-color":"","overlay-opacity":"","overlay-gradient":""},"tablet":{"background-color":"var(--ast-global-color-5)","background-image":"","background-repeat":"repeat","background-position":"center center","background-size":"auto","background-attachment":"scroll","background-type":"","background-media":"","overlay-type":"","overlay-color":"","overlay-opacity":"","overlay-gradient":""},"mobile":{"background-color":"var(--ast-global-color-5)","background-image":"","background-repeat":"repeat","background-position":"center center","background-size":"auto","background-attachment":"scroll","background-type":"","background-media":"","overlay-type":"","overlay-color":"","overlay-opacity":"","overlay-gradient":""}}},"product_brand":[],"product_cat":[34],"product_tag":[],"class_list":{"0":"post-3549","1":"product","2":"type-product","3":"status-publish","4":"has-post-thumbnail","6":"product_cat-nesting","7":"desktop-align-left","8":"tablet-align-left","9":"mobile-align-left","10":"ast-product-gallery-layout-horizontal-slider","11":"ast-product-tabs-layout-horizontal","13":"first","14":"instock","15":"shipping-taxable","16":"product-type-simple"},"uagb_featured_image_src":{"full":["https:\/\/wisecnclaser.com\/wp-content\/uploads\/2025\/05\/dc9666ec36de9e9f1d816c309fb0cbe1.jpg",800,800,false],"thumbnail":["https:\/\/wisecnclaser.com\/wp-content\/uploads\/2025\/05\/dc9666ec36de9e9f1d816c309fb0cbe1-150x150.jpg",150,150,true],"medium":["https:\/\/wisecnclaser.com\/wp-content\/uploads\/2025\/05\/dc9666ec36de9e9f1d816c309fb0cbe1-300x300.jpg",300,300,true],"medium_large":["https:\/\/wisecnclaser.com\/wp-content\/uploads\/2025\/05\/dc9666ec36de9e9f1d816c309fb0cbe1-768x768.jpg",768,768,true],"large":["https:\/\/wisecnclaser.com\/wp-content\/uploads\/2025\/05\/dc9666ec36de9e9f1d816c309fb0cbe1.jpg",800,800,false],"1536x1536":["https:\/\/wisecnclaser.com\/wp-content\/uploads\/2025\/05\/dc9666ec36de9e9f1d816c309fb0cbe1.jpg",800,800,false],"2048x2048":["https:\/\/wisecnclaser.com\/wp-content\/uploads\/2025\/05\/dc9666ec36de9e9f1d816c309fb0cbe1.jpg",800,800,false],"trp-custom-language-flag":["https:\/\/wisecnclaser.com\/wp-content\/uploads\/2025\/05\/dc9666ec36de9e9f1d816c309fb0cbe1-12x12.jpg",12,12,true],"woocommerce_thumbnail":["https:\/\/wisecnclaser.com\/wp-content\/uploads\/2025\/05\/dc9666ec36de9e9f1d816c309fb0cbe1-300x300.jpg",300,300,true],"woocommerce_single":["https:\/\/wisecnclaser.com\/wp-content\/uploads\/2025\/05\/dc9666ec36de9e9f1d816c309fb0cbe1-600x600.jpg",600,600,true],"woocommerce_gallery_thumbnail":["https:\/\/wisecnclaser.com\/wp-content\/uploads\/2025\/05\/dc9666ec36de9e9f1d816c309fb0cbe1-100x100.jpg",100,100,true]},"uagb_author_info":{"display_name":"jinxing6611@gmail.com","author_link":"https:\/\/wisecnclaser.com\/es\/author\/"},"uagb_comment_info":0,"uagb_excerpt":"The four heads wood cutting cnc router machine is suitable for: panel furniture, cabinet wardrobe, office furniture, custom furniture. Wardrobe cabinets, computer desks, wooden speakers, wooden kitchen utensils and other board furniture plane cutting, milling, beveling, punching, carving and other auxiliary processing, etc. Four heads nesting cnc router machine is a wood cutting machine that&hellip;","_links":{"self":[{"href":"https:\/\/wisecnclaser.com\/es\/wp-json\/wp\/v2\/product\/3549","targetHints":{"allow":["GET"]}}],"collection":[{"href":"https:\/\/wisecnclaser.com\/es\/wp-json\/wp\/v2\/product"}],"about":[{"href":"https:\/\/wisecnclaser.com\/es\/wp-json\/wp\/v2\/types\/product"}],"wp:featuredmedia":[{"embeddable":true,"href":"https:\/\/wisecnclaser.com\/es\/wp-json\/wp\/v2\/media\/3552"}],"wp:attachment":[{"href":"https:\/\/wisecnclaser.com\/es\/wp-json\/wp\/v2\/media?parent=3549"}],"wp:term":[{"taxonomy":"product_brand","embeddable":true,"href":"https:\/\/wisecnclaser.com\/es\/wp-json\/wp\/v2\/product_brand?post=3549"},{"taxonomy":"product_cat","embeddable":true,"href":"https:\/\/wisecnclaser.com\/es\/wp-json\/wp\/v2\/product_cat?post=3549"},{"taxonomy":"product_tag","embeddable":true,"href":"https:\/\/wisecnclaser.com\/es\/wp-json\/wp\/v2\/product_tag?post=3549"}],"curies":[{"name":"wp","href":"https:\/\/api.w.org\/{rel}","templated":true}]}}