{"id":3556,"date":"2025-05-22T23:06:21","date_gmt":"2025-05-22T23:06:21","guid":{"rendered":"https:\/\/wisecnclaser.com\/?post_type=product&#038;p=3556"},"modified":"2025-05-22T23:06:21","modified_gmt":"2025-05-22T23:06:21","slug":"linear-atc-nesting-cnc-router","status":"publish","type":"product","link":"https:\/\/wisecnclaser.com\/es\/producto\/linear-atc-nesting-cnc-router\/","title":{"rendered":"Tup\u00ed CNC lineal ATC Nesting"},"content":{"rendered":"<p><strong>Caracter\u00edsticas:<\/strong><\/p>\n<p>1. Todo el cuerpo de la m\u00e1quina est\u00e1 hecho de acero sin soldadura templado tratamiento de envejecimiento, r\u00edgido, sin deformaci\u00f3n.<\/p>\n<p>2. Servomotor, alta precisi\u00f3n y alta velocidad.<\/p>\n<p>3. Gu\u00eda de carril cuadrado Taiw\u00e1n 25, funcionamiento suave, alta precisi\u00f3n, larga vida \u00fatil.<\/p>\n<p>4. HQD 9KW husillo de refrigeraci\u00f3n por aire, larga vida de energ\u00eda, la velocidad de hasta 18000 r \/ min, tallada superficie lisa.<\/p>\n<p>5. 5. Grande equipado con un gabinete separado, operaci\u00f3n de teclado dividido, operaci\u00f3n de teclado dividido, simple y conveniente, f\u00e1cil de aprender.<\/p>\n<p>6. Con sistema de vac\u00edo, sistema de vac\u00edo puede ser aspirado en el proceso de procesamiento de astillas de madera y escombros, para mantener la mesa limpia y el mantenimiento indirecto del equipo.<\/p>\n<p><strong>\u00a0<\/strong><\/p>\n<p><strong>Aplicaci\u00f3n:<\/strong><\/p>\n<p>Adecuado para carpinter\u00eda, puertas de madera, muebles, armarios, moldes, muebles de panel, etc.<\/p>\n<p>&nbsp;<\/p>\n<table border=\"1\" width=\"662\">\n<tbody>\n<tr class=\"firstRow\">\n<td colspan=\"2\" valign=\"center\" width=\"662\"><strong>Descripci\u00f3n y especificaciones de la fresadora CNC ATC:<\/strong><\/td>\n<\/tr>\n<tr>\n<td valign=\"top\" width=\"331\">Modelo<\/td>\n<td valign=\"top\" width=\"331\">WS1325H<\/td>\n<\/tr>\n<tr>\n<td valign=\"top\" width=\"331\">X Zona de trabajo<\/td>\n<td valign=\"top\" width=\"331\">1300 mm<\/td>\n<\/tr>\n<tr>\n<td valign=\"top\" width=\"331\">Y Zona de trabajo<\/td>\n<td valign=\"top\" width=\"331\">2500mm<\/td>\n<\/tr>\n<tr>\n<td valign=\"top\" width=\"331\">Z \u00c1rea de trabajo<\/td>\n<td valign=\"top\" width=\"331\">200 mm<\/td>\n<\/tr>\n<tr>\n<td valign=\"top\" width=\"331\">Mesa de m\u00e1quinas<\/td>\n<td valign=\"top\" width=\"331\">mesa de vac\u00edo<\/td>\n<\/tr>\n<tr>\n<td valign=\"top\" width=\"331\">Precisi\u00f3n de posicionamiento en desplazamiento<\/td>\n<td valign=\"top\" width=\"331\">\u00b10,05 mm<\/td>\n<\/tr>\n<tr>\n<td valign=\"top\" width=\"331\">Reposicionamiento Precisi\u00f3n de posicionamiento<\/td>\n<td valign=\"top\" width=\"331\">\u00b10,05 mm<\/td>\n<\/tr>\n<tr>\n<td valign=\"top\" width=\"331\">Estructura X,Y ,Z<\/td>\n<td valign=\"top\" width=\"331\">Rueda dentada XY, husillo a bolas Z. Todos los ejes utilizan gu\u00eda cuadrada<\/td>\n<\/tr>\n<tr>\n<td valign=\"top\" width=\"331\">HERRAMIENTAS ATC<\/td>\n<td valign=\"top\" width=\"331\">12 HERRAMIENTAS en l\u00ednea<\/td>\n<\/tr>\n<tr>\n<td valign=\"top\" width=\"331\">Max. Velocidad de desplazamiento r\u00e1pido<\/td>\n<td valign=\"top\" width=\"331\">50000mm\/min<\/td>\n<\/tr>\n<tr>\n<td valign=\"top\" width=\"331\">M\u00e1x. Velocidad de trabajo<\/td>\n<td valign=\"top\" width=\"331\">25.000 mm\/min<\/td>\n<\/tr>\n<tr>\n<td valign=\"top\" width=\"331\">Eje<\/td>\n<td valign=\"top\" width=\"331\">Husillo ATC HQD de 9 kW<\/td>\n<\/tr>\n<tr>\n<td valign=\"top\" width=\"331\">Velocidad del cabezal<\/td>\n<td valign=\"top\" width=\"331\">0-18000 rpm<\/td>\n<\/tr>\n<tr>\n<td valign=\"top\" width=\"331\">Motor de accionamiento<\/td>\n<td valign=\"top\" width=\"331\">Servomotor chino<\/td>\n<\/tr>\n<tr>\n<td valign=\"top\" width=\"331\">Comando<\/td>\n<td valign=\"top\" width=\"331\">G-code*.u00*.mmg*.plt<\/td>\n<\/tr>\n<tr>\n<td valign=\"top\" width=\"331\">Tensi\u00f3n de trabajo<\/td>\n<td valign=\"top\" width=\"331\">3PH AC380V\/50Hz<\/td>\n<\/tr>\n<tr>\n<td valign=\"top\" width=\"331\">Sistema de control<\/td>\n<td valign=\"top\" width=\"331\">Sistema de control Taiwan o Ncstudio<\/td>\n<\/tr>\n<tr>\n<td valign=\"top\" width=\"331\">Carril gu\u00eda<\/td>\n<td valign=\"top\" width=\"331\">Carril cuadrado Taiw\u00e1n 25<\/td>\n<\/tr>\n<tr>\n<td valign=\"top\" width=\"331\">Armario de control<\/td>\n<td valign=\"top\" width=\"331\">armario t\u00e1ctil con pantalla<\/td>\n<\/tr>\n<tr>\n<td valign=\"top\" width=\"331\">Sistema de lubricaci\u00f3n<\/td>\n<td valign=\"top\" width=\"331\">Sistema de lubricaci\u00f3n autom\u00e1tica<\/td>\n<\/tr>\n<tr>\n<td valign=\"top\" width=\"331\">Dispositivo auxiliar<\/td>\n<td valign=\"top\" width=\"331\">Pasadores emergentes para fijar el material en el lugar correcto, sensor de herramienta para calibrar la misma altura del eje Z de cada herramienta, colector de polvo de 3 kW, bomba de vac\u00edo<\/td>\n<\/tr>\n<\/tbody>\n<\/table>\n<p>&nbsp;<\/p>\n<div style=\"width: 960px;\" class=\"wp-video\"><video class=\"wp-video-shortcode\" id=\"video-3556-1\" width=\"960\" height=\"544\" preload=\"metadata\" controls=\"controls\"><source type=\"video\/mp4\" src=\"https:\/\/wisecnclaser.com\/wp-content\/uploads\/2025\/05\/1618799247906342.mp4?_=1\" \/><a href=\"https:\/\/wisecnclaser.com\/wp-content\/uploads\/2025\/05\/1618799247906342.mp4\">https:\/\/wisecnclaser.com\/wp-content\/uploads\/2025\/05\/1618799247906342.mp4<\/a><\/video><\/div>","protected":false},"excerpt":{"rendered":"<p>This wood cutting milling machine is specially developed for the door milling and panel furniture cutting.<\/p>\n<p>The automatic tool changer is equipped with a tool magazine. The tool magazine is generally 12 tools and can be loaded with 12 different tools. Any complex pattern can be completed, Especially the cabinet doors have more patterns, which need more than four tools. It is suitable for panel furniture, cabinet doors, office furniture, custom furniture, door industry and other industries.<\/p>\n<p>Applicable board: multi-layer board, particle board, ecological board, density board, wave board and other boards.<\/p>","protected":false},"featured_media":3559,"template":"","meta":{"_seopress_robots_primary_cat":"","_seopress_titles_title":"","_seopress_titles_desc":"","_seopress_robots_index":"","_uag_custom_page_level_css":"","site-sidebar-layout":"default","site-content-layout":"","ast-site-content-layout":"default","site-content-style":"default","site-sidebar-style":"default","ast-global-header-display":"","ast-banner-title-visibility":"","ast-main-header-display":"","ast-hfb-above-header-display":"","ast-hfb-below-header-display":"","ast-hfb-mobile-header-display":"","site-post-title":"","ast-breadcrumbs-content":"","ast-featured-img":"","footer-sml-layout":"","ast-disable-related-posts":"","theme-transparent-header-meta":"default","adv-header-id-meta":"","stick-header-meta":"default","header-above-stick-meta":"","header-main-stick-meta":"","header-below-stick-meta":"","astra-migrate-meta-layouts":"set","ast-page-background-enabled":"default","ast-page-background-meta":{"desktop":{"background-color":"","background-image":"","background-repeat":"repeat","background-position":"center center","background-size":"auto","background-attachment":"scroll","background-type":"","background-media":"","overlay-type":"","overlay-color":"","overlay-opacity":"","overlay-gradient":""},"tablet":{"background-color":"","background-image":"","background-repeat":"repeat","background-position":"center center","background-size":"auto","background-attachment":"scroll","background-type":"","background-media":"","overlay-type":"","overlay-color":"","overlay-opacity":"","overlay-gradient":""},"mobile":{"background-color":"","background-image":"","background-repeat":"repeat","background-position":"center center","background-size":"auto","background-attachment":"scroll","background-type":"","background-media":"","overlay-type":"","overlay-color":"","overlay-opacity":"","overlay-gradient":""}},"ast-content-background-meta":{"desktop":{"background-color":"var(--ast-global-color-5)","background-image":"","background-repeat":"repeat","background-position":"center center","background-size":"auto","background-attachment":"scroll","background-type":"","background-media":"","overlay-type":"","overlay-color":"","overlay-opacity":"","overlay-gradient":""},"tablet":{"background-color":"var(--ast-global-color-5)","background-image":"","background-repeat":"repeat","background-position":"center center","background-size":"auto","background-attachment":"scroll","background-type":"","background-media":"","overlay-type":"","overlay-color":"","overlay-opacity":"","overlay-gradient":""},"mobile":{"background-color":"var(--ast-global-color-5)","background-image":"","background-repeat":"repeat","background-position":"center center","background-size":"auto","background-attachment":"scroll","background-type":"","background-media":"","overlay-type":"","overlay-color":"","overlay-opacity":"","overlay-gradient":""}}},"product_brand":[],"product_cat":[34],"product_tag":[],"class_list":{"0":"post-3556","1":"product","2":"type-product","3":"status-publish","4":"has-post-thumbnail","6":"product_cat-nesting","7":"desktop-align-left","8":"tablet-align-left","9":"mobile-align-left","10":"ast-product-gallery-layout-horizontal-slider","11":"ast-product-gallery-with-no-image","12":"ast-product-tabs-layout-horizontal","14":"first","15":"instock","16":"shipping-taxable","17":"product-type-simple"},"uagb_featured_image_src":{"full":["https:\/\/wisecnclaser.com\/wp-content\/uploads\/2025\/05\/4161c18925d2e856cbb344b5afdaf8f9.jpg",800,800,false],"thumbnail":["https:\/\/wisecnclaser.com\/wp-content\/uploads\/2025\/05\/4161c18925d2e856cbb344b5afdaf8f9-150x150.jpg",150,150,true],"medium":["https:\/\/wisecnclaser.com\/wp-content\/uploads\/2025\/05\/4161c18925d2e856cbb344b5afdaf8f9-300x300.jpg",300,300,true],"medium_large":["https:\/\/wisecnclaser.com\/wp-content\/uploads\/2025\/05\/4161c18925d2e856cbb344b5afdaf8f9-768x768.jpg",768,768,true],"large":["https:\/\/wisecnclaser.com\/wp-content\/uploads\/2025\/05\/4161c18925d2e856cbb344b5afdaf8f9.jpg",800,800,false],"1536x1536":["https:\/\/wisecnclaser.com\/wp-content\/uploads\/2025\/05\/4161c18925d2e856cbb344b5afdaf8f9.jpg",800,800,false],"2048x2048":["https:\/\/wisecnclaser.com\/wp-content\/uploads\/2025\/05\/4161c18925d2e856cbb344b5afdaf8f9.jpg",800,800,false],"trp-custom-language-flag":["https:\/\/wisecnclaser.com\/wp-content\/uploads\/2025\/05\/4161c18925d2e856cbb344b5afdaf8f9-12x12.jpg",12,12,true],"woocommerce_thumbnail":["https:\/\/wisecnclaser.com\/wp-content\/uploads\/2025\/05\/4161c18925d2e856cbb344b5afdaf8f9-300x300.jpg",300,300,true],"woocommerce_single":["https:\/\/wisecnclaser.com\/wp-content\/uploads\/2025\/05\/4161c18925d2e856cbb344b5afdaf8f9-600x600.jpg",600,600,true],"woocommerce_gallery_thumbnail":["https:\/\/wisecnclaser.com\/wp-content\/uploads\/2025\/05\/4161c18925d2e856cbb344b5afdaf8f9-100x100.jpg",100,100,true]},"uagb_author_info":{"display_name":"jinxing6611@gmail.com","author_link":"https:\/\/wisecnclaser.com\/es\/author\/"},"uagb_comment_info":0,"uagb_excerpt":"This wood cutting milling machine is specially developed for the door milling and panel furniture cutting. The automatic tool changer is equipped with a tool magazine. The tool magazine is generally 12 tools and can be loaded with 12 different tools. Any complex pattern can be completed, Especially the cabinet doors have more patterns, which&hellip;","_links":{"self":[{"href":"https:\/\/wisecnclaser.com\/es\/wp-json\/wp\/v2\/product\/3556","targetHints":{"allow":["GET"]}}],"collection":[{"href":"https:\/\/wisecnclaser.com\/es\/wp-json\/wp\/v2\/product"}],"about":[{"href":"https:\/\/wisecnclaser.com\/es\/wp-json\/wp\/v2\/types\/product"}],"wp:featuredmedia":[{"embeddable":true,"href":"https:\/\/wisecnclaser.com\/es\/wp-json\/wp\/v2\/media\/3559"}],"wp:attachment":[{"href":"https:\/\/wisecnclaser.com\/es\/wp-json\/wp\/v2\/media?parent=3556"}],"wp:term":[{"taxonomy":"product_brand","embeddable":true,"href":"https:\/\/wisecnclaser.com\/es\/wp-json\/wp\/v2\/product_brand?post=3556"},{"taxonomy":"product_cat","embeddable":true,"href":"https:\/\/wisecnclaser.com\/es\/wp-json\/wp\/v2\/product_cat?post=3556"},{"taxonomy":"product_tag","embeddable":true,"href":"https:\/\/wisecnclaser.com\/es\/wp-json\/wp\/v2\/product_tag?post=3556"}],"curies":[{"name":"wp","href":"https:\/\/api.w.org\/{rel}","templated":true}]}}