{"id":3569,"date":"2025-05-22T23:11:23","date_gmt":"2025-05-22T23:11:23","guid":{"rendered":"https:\/\/wisecnclaser.com\/?post_type=product&#038;p=3569"},"modified":"2025-05-22T23:11:23","modified_gmt":"2025-05-22T23:11:23","slug":"advanced-sliding-table-saw-with-auto-lifting","status":"publish","type":"product","link":"https:\/\/wisecnclaser.com\/es\/producto\/advanced-sliding-table-saw-with-auto-lifting\/","title":{"rendered":"Sierra de mesa deslizante avanzada con elevaci\u00f3n autom\u00e1tica"},"content":{"rendered":"<p><strong>Caracter\u00edsticas de la seccionadora avanzada:<\/strong><\/p>\n<p>1.Bloqueo paso a paso europeo, carril gu\u00eda cromado de barra redonda engrosada de doble capa, cojinete de alta presi\u00f3n, placa de corte m\u00e1s precisa, mejoran la vida \u00fatil y la precisi\u00f3n de toda la m\u00e1quina. 2.La estructura de gu\u00eda de barra redonda interior ensanchada de doble capa de empuje y tracci\u00f3n de extrusi\u00f3n de alta resistencia mejora la estabilidad y la precisi\u00f3n de toda la m\u00e1quina.<\/p>\n<p>2. La gran Europa depende del gobernante, es estable y no se desplaza.<\/p>\n<p>Motor de cobre puro de alta potencia, potencia de la sierra principal 5.5KW, sierra peque\u00f1a 1.1KW, potencia fuerte y larga vida \u00fatil.<\/p>\n<p>3. Estructura de doble hoja de sierra, divisi\u00f3n clara del trabajo, aserrado y trazado peque\u00f1os, aserrado y apertura grandes, eliminaci\u00f3n de placas, rebabas y astillado.<\/p>\n<p>4. Encimera de hierro fundido indeformable.<\/p>\n<p>5. Engrasador autocargable, llenado manual de aceite, lubricaci\u00f3n de la estructura interna de la m\u00e1quina, f\u00e1cil de mantener.<\/p>\n<p><strong>Par\u00e1metros t\u00e9cnicos:<\/strong><\/p>\n<table border=\"1\">\n<tbody>\n<tr class=\"firstRow\">\n<td valign=\"top\" width=\"280\">Dimensiones del carro<\/td>\n<td valign=\"top\" width=\"362\">2800*375 mm &amp; 3000*375 mm &amp; 3200*375 mm<\/td>\n<\/tr>\n<tr>\n<td valign=\"top\" width=\"280\">Capacidad m\u00e1xima de corte<\/td>\n<td valign=\"top\" width=\"362\">2800mm &amp; 3000mm &amp; 3200mm<\/td>\n<\/tr>\n<tr>\n<td valign=\"top\" width=\"280\">Anchura de corte m\u00e1xima (Anchura de corte entre la hoja de sierra y el tope paralelo)<\/td>\n<td valign=\"top\" width=\"362\">1250 mm<\/td>\n<\/tr>\n<tr>\n<td valign=\"top\" width=\"280\">Di\u00e1metro de la hoja de sierra<\/td>\n<td valign=\"top\" width=\"362\">300 mm<\/td>\n<\/tr>\n<tr>\n<td valign=\"top\" width=\"280\">Espesor m\u00e1ximo de corte<\/td>\n<td valign=\"top\" width=\"362\">75 mm<\/td>\n<\/tr>\n<tr>\n<td valign=\"top\" width=\"280\">Velocidad del eje principal de la sierra<\/td>\n<td valign=\"top\" width=\"362\">4000\/6000\/min<\/td>\n<\/tr>\n<tr>\n<td valign=\"top\" width=\"280\">Di\u00e1metro del eje de la sierra principal<\/td>\n<td valign=\"top\" width=\"362\">30 mm<\/td>\n<\/tr>\n<tr>\n<td valign=\"top\" width=\"280\"><strong>Potencia de la sierra principal<\/strong><\/td>\n<td valign=\"top\" width=\"362\"><strong>5,5 KW<\/strong><\/td>\n<\/tr>\n<tr>\n<td valign=\"top\" width=\"280\">Disco de sierra incisor \u00f8<\/td>\n<td valign=\"top\" width=\"362\">120 mm<\/td>\n<\/tr>\n<tr>\n<td valign=\"top\" width=\"280\">Velocidad del disco incisor<\/td>\n<td valign=\"top\" width=\"362\">8000<\/td>\n<\/tr>\n<tr>\n<td valign=\"top\" width=\"280\">Di\u00e1metro de la sierra secundaria<\/td>\n<td valign=\"top\" width=\"362\">120 mm<\/td>\n<\/tr>\n<tr>\n<td valign=\"top\" width=\"280\">Velocidad del eje secundario de la sierra<\/td>\n<td valign=\"top\" width=\"362\">8000\/min<\/td>\n<\/tr>\n<tr>\n<td valign=\"top\" width=\"280\"><strong>motor de puntuaci\u00f3n secundario<\/strong><\/td>\n<td valign=\"top\" width=\"362\"><strong>1,1 KW<\/strong><\/td>\n<\/tr>\n<tr>\n<td valign=\"top\" width=\"280\">Hoja de sierra basculante<\/td>\n<td valign=\"top\" width=\"362\">0-45 grados<\/td>\n<\/tr>\n<tr>\n<td valign=\"top\" width=\"280\">Peso neto<\/td>\n<td valign=\"top\" width=\"362\">650 kg<\/td>\n<\/tr>\n<tr>\n<td valign=\"top\" width=\"280\">Tama\u00f1o total de la m\u00e1quina<\/td>\n<td valign=\"top\" width=\"362\">2800*2600*950mm<\/td>\n<\/tr>\n<tr>\n<td valign=\"top\" width=\"280\">Tama\u00f1o del envase de la m\u00e1quina<\/td>\n<td valign=\"top\" width=\"362\">2800*1100*950mm<\/td>\n<\/tr>\n<tr>\n<td valign=\"top\" width=\"280\">Potencia<\/td>\n<td valign=\"top\" width=\"362\">380V\/220V<\/td>\n<\/tr>\n<tr>\n<td valign=\"top\" width=\"280\">Piezas auxiliares o accesorios<\/td>\n<td valign=\"top\" width=\"362\">M\u00e1scara de seguridad, Regla angular, Sierra de corte 1 juego<\/td>\n<\/tr>\n<\/tbody>\n<\/table>\n<p>&nbsp;<\/p>","protected":false},"excerpt":{"rendered":"<p>Caracter\u00edsticas de la seccionadora avanzada:\u00a0<\/p>\n<p>1.Bloqueo paso a paso europeo, carril gu\u00eda cromado de barra redonda engrosada de doble capa, cojinete de alta presi\u00f3n, placa de corte m\u00e1s precisa, mejoran la vida \u00fatil y la precisi\u00f3n de toda la m\u00e1quina. 2.La estructura de gu\u00eda de barra redonda interior ensanchada de doble capa de empuje y tracci\u00f3n de extrusi\u00f3n de alta resistencia mejora la estabilidad y la precisi\u00f3n de toda la m\u00e1quina.<\/p>\n<p>2. La gran Europa depende del gobernante, es estable y no se desplaza.<\/p>\n<p>Motor de cobre puro de alta potencia, potencia de la sierra principal 5.5KW, sierra peque\u00f1a 1.1KW, potencia fuerte y larga vida \u00fatil.<\/p>\n<p>3. Estructura de doble hoja de sierra, divisi\u00f3n clara del trabajo, aserrado y trazado peque\u00f1os, aserrado y apertura grandes, eliminaci\u00f3n de placas, rebabas y astillado.<\/p>\n<p>4. Encimera de hierro fundido indeformable.<\/p>\n<p>5. Engrasador autocargable, llenado manual de aceite, lubricaci\u00f3n de la estructura interna de la m\u00e1quina, f\u00e1cil de mantener.<\/p>","protected":false},"featured_media":3572,"template":"","meta":{"_seopress_robots_primary_cat":"","_seopress_titles_title":"","_seopress_titles_desc":"","_seopress_robots_index":"","_uag_custom_page_level_css":"","site-sidebar-layout":"default","site-content-layout":"","ast-site-content-layout":"default","site-content-style":"default","site-sidebar-style":"default","ast-global-header-display":"","ast-banner-title-visibility":"","ast-main-header-display":"","ast-hfb-above-header-display":"","ast-hfb-below-header-display":"","ast-hfb-mobile-header-display":"","site-post-title":"","ast-breadcrumbs-content":"","ast-featured-img":"","footer-sml-layout":"","ast-disable-related-posts":"","theme-transparent-header-meta":"default","adv-header-id-meta":"","stick-header-meta":"default","header-above-stick-meta":"","header-main-stick-meta":"","header-below-stick-meta":"","astra-migrate-meta-layouts":"set","ast-page-background-enabled":"default","ast-page-background-meta":{"desktop":{"background-color":"","background-image":"","background-repeat":"repeat","background-position":"center center","background-size":"auto","background-attachment":"scroll","background-type":"","background-media":"","overlay-type":"","overlay-color":"","overlay-opacity":"","overlay-gradient":""},"tablet":{"background-color":"","background-image":"","background-repeat":"repeat","background-position":"center center","background-size":"auto","background-attachment":"scroll","background-type":"","background-media":"","overlay-type":"","overlay-color":"","overlay-opacity":"","overlay-gradient":""},"mobile":{"background-color":"","background-image":"","background-repeat":"repeat","background-position":"center center","background-size":"auto","background-attachment":"scroll","background-type":"","background-media":"","overlay-type":"","overlay-color":"","overlay-opacity":"","overlay-gradient":""}},"ast-content-background-meta":{"desktop":{"background-color":"var(--ast-global-color-5)","background-image":"","background-repeat":"repeat","background-position":"center center","background-size":"auto","background-attachment":"scroll","background-type":"","background-media":"","overlay-type":"","overlay-color":"","overlay-opacity":"","overlay-gradient":""},"tablet":{"background-color":"var(--ast-global-color-5)","background-image":"","background-repeat":"repeat","background-position":"center center","background-size":"auto","background-attachment":"scroll","background-type":"","background-media":"","overlay-type":"","overlay-color":"","overlay-opacity":"","overlay-gradient":""},"mobile":{"background-color":"var(--ast-global-color-5)","background-image":"","background-repeat":"repeat","background-position":"center center","background-size":"auto","background-attachment":"scroll","background-type":"","background-media":"","overlay-type":"","overlay-color":"","overlay-opacity":"","overlay-gradient":""}}},"product_brand":[],"product_cat":[39],"product_tag":[],"class_list":{"0":"post-3569","1":"product","2":"type-product","3":"status-publish","4":"has-post-thumbnail","6":"product_cat-cuttingsaw","7":"desktop-align-left","8":"tablet-align-left","9":"mobile-align-left","10":"ast-product-gallery-layout-horizontal-slider","11":"ast-product-gallery-with-no-image","12":"ast-product-tabs-layout-horizontal","14":"first","15":"instock","16":"shipping-taxable","17":"product-type-simple"},"uagb_featured_image_src":{"full":["https:\/\/wisecnclaser.com\/wp-content\/uploads\/2025\/05\/132c266c1f4e680efd22400ee3f1f6db.jpg",800,800,false],"thumbnail":["https:\/\/wisecnclaser.com\/wp-content\/uploads\/2025\/05\/132c266c1f4e680efd22400ee3f1f6db-150x150.jpg",150,150,true],"medium":["https:\/\/wisecnclaser.com\/wp-content\/uploads\/2025\/05\/132c266c1f4e680efd22400ee3f1f6db-300x300.jpg",300,300,true],"medium_large":["https:\/\/wisecnclaser.com\/wp-content\/uploads\/2025\/05\/132c266c1f4e680efd22400ee3f1f6db-768x768.jpg",768,768,true],"large":["https:\/\/wisecnclaser.com\/wp-content\/uploads\/2025\/05\/132c266c1f4e680efd22400ee3f1f6db.jpg",800,800,false],"1536x1536":["https:\/\/wisecnclaser.com\/wp-content\/uploads\/2025\/05\/132c266c1f4e680efd22400ee3f1f6db.jpg",800,800,false],"2048x2048":["https:\/\/wisecnclaser.com\/wp-content\/uploads\/2025\/05\/132c266c1f4e680efd22400ee3f1f6db.jpg",800,800,false],"trp-custom-language-flag":["https:\/\/wisecnclaser.com\/wp-content\/uploads\/2025\/05\/132c266c1f4e680efd22400ee3f1f6db-12x12.jpg",12,12,true],"woocommerce_thumbnail":["https:\/\/wisecnclaser.com\/wp-content\/uploads\/2025\/05\/132c266c1f4e680efd22400ee3f1f6db-300x300.jpg",300,300,true],"woocommerce_single":["https:\/\/wisecnclaser.com\/wp-content\/uploads\/2025\/05\/132c266c1f4e680efd22400ee3f1f6db-600x600.jpg",600,600,true],"woocommerce_gallery_thumbnail":["https:\/\/wisecnclaser.com\/wp-content\/uploads\/2025\/05\/132c266c1f4e680efd22400ee3f1f6db-100x100.jpg",100,100,true]},"uagb_author_info":{"display_name":"jinxing6611@gmail.com","author_link":"https:\/\/wisecnclaser.com\/es\/author\/"},"uagb_comment_info":0,"uagb_excerpt":"Features of advanced panel saw:\u00a0 1.European step-by-step lock, double-layer thickened round bar chrome-plated guide rail, high pressure bearing, more accurate cutting plate, improve the life and accuracy of the whole machine. The high-strength extrusion push-pull double-layer widened inner round bar guide structure improves the stability and precision of the whole machine. 2. Big Europe depends&hellip;","_links":{"self":[{"href":"https:\/\/wisecnclaser.com\/es\/wp-json\/wp\/v2\/product\/3569","targetHints":{"allow":["GET"]}}],"collection":[{"href":"https:\/\/wisecnclaser.com\/es\/wp-json\/wp\/v2\/product"}],"about":[{"href":"https:\/\/wisecnclaser.com\/es\/wp-json\/wp\/v2\/types\/product"}],"wp:featuredmedia":[{"embeddable":true,"href":"https:\/\/wisecnclaser.com\/es\/wp-json\/wp\/v2\/media\/3572"}],"wp:attachment":[{"href":"https:\/\/wisecnclaser.com\/es\/wp-json\/wp\/v2\/media?parent=3569"}],"wp:term":[{"taxonomy":"product_brand","embeddable":true,"href":"https:\/\/wisecnclaser.com\/es\/wp-json\/wp\/v2\/product_brand?post=3569"},{"taxonomy":"product_cat","embeddable":true,"href":"https:\/\/wisecnclaser.com\/es\/wp-json\/wp\/v2\/product_cat?post=3569"},{"taxonomy":"product_tag","embeddable":true,"href":"https:\/\/wisecnclaser.com\/es\/wp-json\/wp\/v2\/product_tag?post=3569"}],"curies":[{"name":"wp","href":"https:\/\/api.w.org\/{rel}","templated":true}]}}