{"id":3577,"date":"2025-05-22T23:16:10","date_gmt":"2025-05-22T23:16:10","guid":{"rendered":"https:\/\/wisecnclaser.com\/?post_type=product&#038;p=3577"},"modified":"2025-05-22T23:16:10","modified_gmt":"2025-05-22T23:16:10","slug":"hot-selling-1325-cnc-router","status":"publish","type":"product","link":"https:\/\/wisecnclaser.com\/es\/producto\/hot-selling-1325-cnc-router\/","title":{"rendered":"Venta caliente 1325 CNC Router"},"content":{"rendered":"<table border=\"1\" width=\"662\">\n<tbody>\n<tr class=\"firstRow\">\n<td colspan=\"2\" valign=\"center\" width=\"662\"><strong>Descripci\u00f3n y especificaciones:<\/strong><\/td>\n<\/tr>\n<tr>\n<td valign=\"top\" width=\"331\">X Zona de trabajo<\/td>\n<td valign=\"top\" width=\"331\">1300 mm<\/td>\n<\/tr>\n<tr>\n<td valign=\"top\" width=\"331\">Y Zona de trabajo<\/td>\n<td valign=\"top\" width=\"331\">2500mm<\/td>\n<\/tr>\n<tr>\n<td valign=\"top\" width=\"331\">Z \u00c1rea de trabajo<\/td>\n<td valign=\"top\" width=\"331\">200 mm<\/td>\n<\/tr>\n<tr>\n<td valign=\"top\" width=\"331\">Mesa de m\u00e1quinas<\/td>\n<td valign=\"top\" width=\"331\">Ranura en T<\/td>\n<\/tr>\n<tr>\n<td valign=\"top\" width=\"331\">Precisi\u00f3n de posicionamiento en desplazamiento<\/td>\n<td valign=\"top\" width=\"331\">\u00b10,05 mm<\/td>\n<\/tr>\n<tr>\n<td valign=\"top\" width=\"331\">Reposicionamiento Precisi\u00f3n de posicionamiento<\/td>\n<td valign=\"top\" width=\"331\">\u00b10,02 mm<\/td>\n<\/tr>\n<tr>\n<td valign=\"top\" width=\"331\">Estructura X,Y ,Z<\/td>\n<td valign=\"top\" width=\"331\">Rueda dentada XY Husillo de bolas Z<\/td>\n<\/tr>\n<tr>\n<td valign=\"top\" width=\"331\">Max. Consumo de energ\u00eda (sin husillo)<\/td>\n<td valign=\"top\" width=\"331\">0,8 KW<\/td>\n<\/tr>\n<tr>\n<td valign=\"top\" width=\"331\">Max. Velocidad de desplazamiento r\u00e1pido<\/td>\n<td valign=\"top\" width=\"331\">25.000 mm\/min<\/td>\n<\/tr>\n<tr>\n<td valign=\"top\" width=\"331\">M\u00e1x. Velocidad de trabajo<\/td>\n<td valign=\"top\" width=\"331\">15000mm\/min<\/td>\n<\/tr>\n<tr>\n<td valign=\"top\" width=\"331\">Eje<\/td>\n<td valign=\"top\" width=\"331\">Husillo refrigerado por agua de 3 kW<\/td>\n<\/tr>\n<tr>\n<td valign=\"top\" width=\"331\">Velocidad del cabezal<\/td>\n<td valign=\"top\" width=\"331\">0-24000 rpm<\/td>\n<\/tr>\n<tr>\n<td valign=\"top\" width=\"331\">Motor de accionamiento<\/td>\n<td valign=\"top\" width=\"331\">Stepper<\/td>\n<\/tr>\n<tr>\n<td valign=\"top\" width=\"331\">Comando<\/td>\n<td valign=\"top\" width=\"331\">G-code*.u00*.mmg*.plt<\/td>\n<\/tr>\n<tr>\n<td valign=\"top\" width=\"331\">Tensi\u00f3n de trabajo<\/td>\n<td valign=\"top\" width=\"331\">AC220V\/50HZ o AC380V\/50HZ<\/td>\n<\/tr>\n<tr>\n<td valign=\"top\" width=\"331\">Sistema de control<\/td>\n<td valign=\"top\" width=\"331\">Dsp fuera de l\u00ednea<\/td>\n<\/tr>\n<tr>\n<td valign=\"top\" width=\"331\">Armario de control<\/td>\n<td valign=\"top\" width=\"331\">Caja de control independiente<\/td>\n<\/tr>\n<\/tbody>\n<\/table>\n<p>Descripci\u00f3n:  Venta caliente m\u00e1quina de grabado de madera de una sola cabeza 1325 cnc router m\u00e1quina<\/p>\n<p>Nombre del producto: fresadora cnc<\/p>\n<p>Sistema de accionamiento: Stepper\/Servo<\/p>\n<p>Motor de potencia del husillo: 3.0KW,4.5KW,6KW<\/p>\n<p>Lenguaje de comandos C\u00f3digo G<\/p>\n<p>Transmisi\u00f3n:engranaje y rueda, pi\u00f1\u00f3n cremallera<\/p>\n<p>Sistema de control:ncstudio\/dsp<\/p>\n<p>Mesa de la m\u00e1quina: ranura en T\/mesa de vac\u00edo<\/p>\n<p>Bastidor de la m\u00e1quina: estructura de acero de alta resistencia<\/p>\n<p>Garant\u00eda: 1 a\u00f1o<\/p>\n<p>Color: azul y blanco\/personalizado<\/p>\n<p>Modo de refrigeraci\u00f3n del cabezal: refrigeraci\u00f3n por agua\/ refrigeraci\u00f3n por aire<\/p>\n<p>Collet: ER11, ER16, ER20, ER25<\/p>\n<p>Aplicaci\u00f3n:<\/p>\n<p>Se utiliza principalmente para la industria de muebles de madera como el procesamiento de puertas de madera, puertas de armarios, puertas de arte y artesan\u00eda, corte de MDF, corte de tableros de madera, grabado de columnas de madera y procesamiento de otros materiales no met\u00e1licos, etc.<\/p>\n<p>Caracter\u00edstica:<\/p>\n<p>1. El carril de gu\u00eda importado del tipo del partido de la l\u00ednea recta, bloque de la diapositiva de la bola de la fila doble cuatro, cargando.<\/p>\n<p>Capacidad, funcionamiento suave, alta precisi\u00f3n, larga vida.Importar el tornillo de bolas de alta precisi\u00f3n.<\/p>\n<p>2. El emparejamiento para elegir rodamientos NSK importados de Jap\u00f3n motor de alta velocidad refrigerado por agua. 6KW husillo refrigerado por aire 3.0 KW husillo principal gran potencia, rendimiento estable.<\/p>\n<p>3. On-line ordenador mecanografiado macro sistema de control, la adopci\u00f3n de reglas \u00fanicas presupuesto inteligente, dar rienda suelta al potencial del motor y lograr un procesamiento de alta velocidad, la canci\u00f3n lineal s\u00edncrono, curva m\u00e1s perfecta.<\/p>\n<p>4. Compatibilidad de software y puede ser compatible type3 \/ Actcam \/Castmate \/Wentai y as\u00ed no muchos tipos de software de dise\u00f1o CAD\/CAM.<\/p>\n<p>5. Seis partici\u00f3n vac\u00edo adsorci\u00f3n mesa, puede ser eficaz en material de adsorci\u00f3n de diferentes tama\u00f1os.<\/p>\n<p>6. Mediante el uso de alta velocidad de accionamiento del motor paso a paso y la unidad, el eje Y adoptar doble accionamiento del motor, hacer la operaci\u00f3n de alta velocidad de los 25 m \/ punto por encima de la velocidad de l\u00ednea vac\u00eda, con husillo de corte fuerte puede hacer que la velocidad de la escultura m\u00e1s mejorado.<\/p>","protected":false},"excerpt":{"rendered":"<p>Descripci\u00f3n:  Venta caliente m\u00e1quina de grabado de madera de una sola cabeza 1325 cnc router m\u00e1quina<\/p>\n<p>Nombre del producto: fresadora cnc<\/p>\n<p>Sistema de accionamiento: Stepper\/Servo<\/p>\n<p>Motor de potencia del husillo: 3.0KW,4.5KW,6KW<\/p>\n<p>Lenguaje de comandos C\u00f3digo G<\/p>\n<p>Transmisi\u00f3n:engranaje y rueda, pi\u00f1\u00f3n cremallera<\/p>\n<p>Sistema de control:ncstudio\/dsp<\/p>\n<p>Mesa de la m\u00e1quina: ranura en T\/mesa de vac\u00edo<\/p>\n<p>Bastidor de la m\u00e1quina: estructura de acero de alta resistencia<\/p>\n<p>Garant\u00eda: 1 a\u00f1o<\/p>\n<p>Color: azul y blanco\/personalizado<\/p>\n<p>Modo de refrigeraci\u00f3n del cabezal: refrigeraci\u00f3n por agua\/ refrigeraci\u00f3n por aire<\/p>\n<p>Collet: ER11, ER16, ER20, ER25<\/p>","protected":false},"featured_media":3580,"template":"","meta":{"_seopress_robots_primary_cat":"","_seopress_titles_title":"","_seopress_titles_desc":"","_seopress_robots_index":"","_uag_custom_page_level_css":"","site-sidebar-layout":"default","site-content-layout":"","ast-site-content-layout":"default","site-content-style":"default","site-sidebar-style":"default","ast-global-header-display":"","ast-banner-title-visibility":"","ast-main-header-display":"","ast-hfb-above-header-display":"","ast-hfb-below-header-display":"","ast-hfb-mobile-header-display":"","site-post-title":"","ast-breadcrumbs-content":"","ast-featured-img":"","footer-sml-layout":"","ast-disable-related-posts":"","theme-transparent-header-meta":"default","adv-header-id-meta":"","stick-header-meta":"default","header-above-stick-meta":"","header-main-stick-meta":"","header-below-stick-meta":"","astra-migrate-meta-layouts":"set","ast-page-background-enabled":"default","ast-page-background-meta":{"desktop":{"background-color":"","background-image":"","background-repeat":"repeat","background-position":"center center","background-size":"auto","background-attachment":"scroll","background-type":"","background-media":"","overlay-type":"","overlay-color":"","overlay-opacity":"","overlay-gradient":""},"tablet":{"background-color":"","background-image":"","background-repeat":"repeat","background-position":"center center","background-size":"auto","background-attachment":"scroll","background-type":"","background-media":"","overlay-type":"","overlay-color":"","overlay-opacity":"","overlay-gradient":""},"mobile":{"background-color":"","background-image":"","background-repeat":"repeat","background-position":"center center","background-size":"auto","background-attachment":"scroll","background-type":"","background-media":"","overlay-type":"","overlay-color":"","overlay-opacity":"","overlay-gradient":""}},"ast-content-background-meta":{"desktop":{"background-color":"var(--ast-global-color-5)","background-image":"","background-repeat":"repeat","background-position":"center center","background-size":"auto","background-attachment":"scroll","background-type":"","background-media":"","overlay-type":"","overlay-color":"","overlay-opacity":"","overlay-gradient":""},"tablet":{"background-color":"var(--ast-global-color-5)","background-image":"","background-repeat":"repeat","background-position":"center center","background-size":"auto","background-attachment":"scroll","background-type":"","background-media":"","overlay-type":"","overlay-color":"","overlay-opacity":"","overlay-gradient":""},"mobile":{"background-color":"var(--ast-global-color-5)","background-image":"","background-repeat":"repeat","background-position":"center center","background-size":"auto","background-attachment":"scroll","background-type":"","background-media":"","overlay-type":"","overlay-color":"","overlay-opacity":"","overlay-gradient":""}}},"product_brand":[],"product_cat":[42],"product_tag":[],"class_list":{"0":"post-3577","1":"product","2":"type-product","3":"status-publish","4":"has-post-thumbnail","6":"product_cat-normal","7":"desktop-align-left","8":"tablet-align-left","9":"mobile-align-left","10":"ast-product-gallery-layout-horizontal-slider","11":"ast-product-gallery-with-no-image","12":"ast-product-tabs-layout-horizontal","14":"first","15":"instock","16":"shipping-taxable","17":"product-type-simple"},"uagb_featured_image_src":{"full":["https:\/\/wisecnclaser.com\/wp-content\/uploads\/2025\/05\/01cab26fb6b0fa27ea006a60b821cacb.png",800,800,false],"thumbnail":["https:\/\/wisecnclaser.com\/wp-content\/uploads\/2025\/05\/01cab26fb6b0fa27ea006a60b821cacb-150x150.png",150,150,true],"medium":["https:\/\/wisecnclaser.com\/wp-content\/uploads\/2025\/05\/01cab26fb6b0fa27ea006a60b821cacb-300x300.png",300,300,true],"medium_large":["https:\/\/wisecnclaser.com\/wp-content\/uploads\/2025\/05\/01cab26fb6b0fa27ea006a60b821cacb-768x768.png",768,768,true],"large":["https:\/\/wisecnclaser.com\/wp-content\/uploads\/2025\/05\/01cab26fb6b0fa27ea006a60b821cacb.png",800,800,false],"1536x1536":["https:\/\/wisecnclaser.com\/wp-content\/uploads\/2025\/05\/01cab26fb6b0fa27ea006a60b821cacb.png",800,800,false],"2048x2048":["https:\/\/wisecnclaser.com\/wp-content\/uploads\/2025\/05\/01cab26fb6b0fa27ea006a60b821cacb.png",800,800,false],"trp-custom-language-flag":["https:\/\/wisecnclaser.com\/wp-content\/uploads\/2025\/05\/01cab26fb6b0fa27ea006a60b821cacb-12x12.png",12,12,true],"woocommerce_thumbnail":["https:\/\/wisecnclaser.com\/wp-content\/uploads\/2025\/05\/01cab26fb6b0fa27ea006a60b821cacb-300x300.png",300,300,true],"woocommerce_single":["https:\/\/wisecnclaser.com\/wp-content\/uploads\/2025\/05\/01cab26fb6b0fa27ea006a60b821cacb-600x600.png",600,600,true],"woocommerce_gallery_thumbnail":["https:\/\/wisecnclaser.com\/wp-content\/uploads\/2025\/05\/01cab26fb6b0fa27ea006a60b821cacb-100x100.png",100,100,true]},"uagb_author_info":{"display_name":"jinxing6611@gmail.com","author_link":"https:\/\/wisecnclaser.com\/es\/author\/"},"uagb_comment_info":0,"uagb_excerpt":"Description:\u00a0 Hot sales Single head wood engraving machine 1325 cnc router machine Product Name:\u00a0 cnc router Driving system:\u00a0Stepper\/Servo Spindle Power Motor: 3.0KW,4.5KW,6KW Command Language\u00a0 G-code Transmission:gear and wheel, rack pinion Control system:ncstudio\/dsp Machine table:T-slot\/Vacuum table Machine frame: heavy duty steel structure Warranty: 1 year Color: blue and white\/customized Spindle cooling mode: water cooling\/air cooling Collet:&hellip;","_links":{"self":[{"href":"https:\/\/wisecnclaser.com\/es\/wp-json\/wp\/v2\/product\/3577","targetHints":{"allow":["GET"]}}],"collection":[{"href":"https:\/\/wisecnclaser.com\/es\/wp-json\/wp\/v2\/product"}],"about":[{"href":"https:\/\/wisecnclaser.com\/es\/wp-json\/wp\/v2\/types\/product"}],"wp:featuredmedia":[{"embeddable":true,"href":"https:\/\/wisecnclaser.com\/es\/wp-json\/wp\/v2\/media\/3580"}],"wp:attachment":[{"href":"https:\/\/wisecnclaser.com\/es\/wp-json\/wp\/v2\/media?parent=3577"}],"wp:term":[{"taxonomy":"product_brand","embeddable":true,"href":"https:\/\/wisecnclaser.com\/es\/wp-json\/wp\/v2\/product_brand?post=3577"},{"taxonomy":"product_cat","embeddable":true,"href":"https:\/\/wisecnclaser.com\/es\/wp-json\/wp\/v2\/product_cat?post=3577"},{"taxonomy":"product_tag","embeddable":true,"href":"https:\/\/wisecnclaser.com\/es\/wp-json\/wp\/v2\/product_tag?post=3577"}],"curies":[{"name":"wp","href":"https:\/\/api.w.org\/{rel}","templated":true}]}}