{"id":3594,"date":"2025-05-22T23:25:24","date_gmt":"2025-05-22T23:25:24","guid":{"rendered":"https:\/\/wisecnclaser.com\/?post_type=product&#038;p=3594"},"modified":"2025-05-23T02:49:52","modified_gmt":"2025-05-23T02:49:52","slug":"mfz360d-automatic-edge-banding-machine","status":"publish","type":"product","link":"https:\/\/wisecnclaser.com\/es\/producto\/mfz360d-automatic-edge-banding-machine\/","title":{"rendered":"M\u00e1quina tapacantos autom\u00e1tica MFZ360D"},"content":{"rendered":"<p><strong>Caracter\u00edsticas de la encoladora de cantos autom\u00e1tica MFZ360D:<\/strong><\/p>\n<p>La encoladora de cantos autom\u00e1tica es un equipo de procesamiento para el encolado autom\u00e1tico de cantos de muebles de panel, que ahorra mano de obra y tiempo, un encolado de cantos perfecto y avanzado.<\/p>\n<p>La configuraci\u00f3n y el dise\u00f1o razonable reducen la dificultad del trabajo, reducen la dependencia de trabajadores cualificados y mejoran enormemente la calidad del producto.<\/p>\n<p>La m\u00e1quina se utiliza ampliamente en armarios, roperos, muebles de panel a medida y otras industrias.<\/p>\n<p><strong>\u00a0<\/strong><\/p>\n<p><strong>Par\u00e1metros t\u00e9cnicos:<\/strong><\/p>\n<table border=\"1\" width=\"662\">\n<tbody>\n<tr class=\"firstRow\">\n<td colspan=\"2\" valign=\"center\" width=\"662\"><strong>Descripci\u00f3n y especificaciones de la chapadora de cantos autom\u00e1tica<\/strong><\/td>\n<\/tr>\n<tr>\n<td valign=\"top\" width=\"331\">Modelo<\/td>\n<td valign=\"top\" width=\"331\">MFZ360D<\/td>\n<\/tr>\n<tr>\n<td valign=\"top\" width=\"331\">Potencia del motor<\/td>\n<td valign=\"top\" width=\"331\">10,44 kW<\/td>\n<\/tr>\n<tr>\n<td valign=\"top\" width=\"331\">Tama\u00f1o total<\/td>\n<td valign=\"top\" width=\"331\">4700\u00d71100\u00d71600mm<\/td>\n<\/tr>\n<tr>\n<td valign=\"top\" width=\"331\">Velocidad de avance<\/td>\n<td valign=\"top\" width=\"331\">12-20 m\/min<\/td>\n<\/tr>\n<tr>\n<td valign=\"top\" width=\"331\">Espesor del panel<\/td>\n<td valign=\"top\" width=\"331\">9-60mm<\/td>\n<\/tr>\n<tr>\n<td valign=\"top\" width=\"331\">Grosor del canto<\/td>\n<td valign=\"top\" width=\"331\">0,4-3 mm<\/td>\n<\/tr>\n<tr>\n<td valign=\"top\" width=\"331\">Anchura del panel<\/td>\n<td valign=\"top\" width=\"331\">\u226540mm<\/td>\n<\/tr>\n<tr>\n<td valign=\"top\" width=\"331\">Presi\u00f3n de trabajo<\/td>\n<td valign=\"top\" width=\"331\">6 kg<\/td>\n<\/tr>\n<tr>\n<td valign=\"top\" width=\"331\">Peso<\/td>\n<td valign=\"top\" width=\"331\">1900kg<\/td>\n<\/tr>\n<tr>\n<td valign=\"top\" width=\"331\"><strong>Dispositivo de la m\u00e1quina<\/strong><\/td>\n<td valign=\"top\" width=\"331\">&nbsp;<\/p>\n<p>PLC TAIWAN DELTA<\/p>\n<p>INVERSOR AISET<\/p>\n<p>PIEZAS EL\u00c9CTRICAS FRANCESCHNEIDER<\/p>\n<p>MEDIDOR DE CONTROL DE TEMPERATURA: KOREA AUTONICS<\/p>\n<p>FINAL DE CARRERA KOREA HONEYWELL<\/p>\n<p>MOTOR TRANSPORTADOR HAOLI<\/p>\n<p>MOTOR DE RECORTE CC<\/p>\n<p>CONVERTIDOR WANXIN<\/p>\n<p>V\u00c1LVULA MAGN\u00c9TICA DE ELECTRONES AIRTAC<\/p>\n<p>Gu\u00eda rodante CSK<\/p>\n<p>CILINDRO GEASUN<\/p>\n<p>&nbsp;<\/td>\n<\/tr>\n<\/tbody>\n<\/table>\n<p>&nbsp;<\/p>\n<p><strong>Funciones:<\/strong><\/p>\n<table border=\"1\">\n<tbody>\n<tr class=\"firstRow\">\n<td valign=\"top\" width=\"278\">Pre-fresado<\/td>\n<td valign=\"top\" width=\"509\">\/<\/td>\n<\/tr>\n<tr>\n<td valign=\"top\" width=\"278\">Encolado<\/td>\n<td valign=\"top\" width=\"519\">\u25cf<\/td>\n<\/tr>\n<tr>\n<td valign=\"top\" width=\"278\">Recorte final<\/td>\n<td valign=\"top\" width=\"519\">\u25cf<\/td>\n<\/tr>\n<tr>\n<td valign=\"top\" width=\"278\">Desbaste<\/td>\n<td valign=\"top\" width=\"519\">\u25cf<\/td>\n<\/tr>\n<tr>\n<td valign=\"top\" width=\"278\">Recorte fino<\/td>\n<td valign=\"top\" width=\"519\">\u25cf<\/td>\n<\/tr>\n<tr>\n<td valign=\"top\" width=\"278\">Unidad de perfilado<\/td>\n<td valign=\"top\" width=\"519\">\/<\/td>\n<\/tr>\n<tr>\n<td valign=\"top\" width=\"278\">Raspando<\/td>\n<td valign=\"top\" width=\"519\">\u25cf<\/td>\n<\/tr>\n<tr>\n<td valign=\"top\" width=\"278\">Pulido<\/td>\n<td valign=\"top\" width=\"519\">\u25cf<\/td>\n<\/tr>\n<tr>\n<td valign=\"top\" width=\"278\">Ranurado<\/td>\n<td valign=\"top\" width=\"519\">\/<\/td>\n<\/tr>\n<\/tbody>\n<\/table>\n<p>&nbsp;<\/p>","protected":false},"excerpt":{"rendered":"<p>Caracter\u00edsticas de la encoladora de cantos autom\u00e1tica MFZ360D:<\/p>\n<p>La encoladora de cantos autom\u00e1tica es un equipo de procesamiento para el encolado autom\u00e1tico de cantos de muebles de panel, que ahorra mano de obra y tiempo, un encolado de cantos perfecto y avanzado.<\/p>\n<p>La configuraci\u00f3n y el dise\u00f1o razonable reducen la dificultad del trabajo, reducen la dependencia de trabajadores cualificados y mejoran enormemente la calidad del producto.<\/p>\n<p>La m\u00e1quina se utiliza ampliamente en armarios, roperos, muebles de panel a medida y otras industrias.<\/p>","protected":false},"featured_media":3597,"template":"","meta":{"_seopress_robots_primary_cat":"","_seopress_titles_title":"","_seopress_titles_desc":"","_seopress_robots_index":"","_uag_custom_page_level_css":"","site-sidebar-layout":"default","site-content-layout":"","ast-site-content-layout":"default","site-content-style":"default","site-sidebar-style":"default","ast-global-header-display":"","ast-banner-title-visibility":"","ast-main-header-display":"","ast-hfb-above-header-display":"","ast-hfb-below-header-display":"","ast-hfb-mobile-header-display":"","site-post-title":"","ast-breadcrumbs-content":"","ast-featured-img":"","footer-sml-layout":"","ast-disable-related-posts":"","theme-transparent-header-meta":"default","adv-header-id-meta":"","stick-header-meta":"default","header-above-stick-meta":"","header-main-stick-meta":"","header-below-stick-meta":"","astra-migrate-meta-layouts":"set","ast-page-background-enabled":"default","ast-page-background-meta":{"desktop":{"background-color":"","background-image":"","background-repeat":"repeat","background-position":"center center","background-size":"auto","background-attachment":"scroll","background-type":"","background-media":"","overlay-type":"","overlay-color":"","overlay-opacity":"","overlay-gradient":""},"tablet":{"background-color":"","background-image":"","background-repeat":"repeat","background-position":"center center","background-size":"auto","background-attachment":"scroll","background-type":"","background-media":"","overlay-type":"","overlay-color":"","overlay-opacity":"","overlay-gradient":""},"mobile":{"background-color":"","background-image":"","background-repeat":"repeat","background-position":"center center","background-size":"auto","background-attachment":"scroll","background-type":"","background-media":"","overlay-type":"","overlay-color":"","overlay-opacity":"","overlay-gradient":""}},"ast-content-background-meta":{"desktop":{"background-color":"var(--ast-global-color-5)","background-image":"","background-repeat":"repeat","background-position":"center center","background-size":"auto","background-attachment":"scroll","background-type":"","background-media":"","overlay-type":"","overlay-color":"","overlay-opacity":"","overlay-gradient":""},"tablet":{"background-color":"var(--ast-global-color-5)","background-image":"","background-repeat":"repeat","background-position":"center center","background-size":"auto","background-attachment":"scroll","background-type":"","background-media":"","overlay-type":"","overlay-color":"","overlay-opacity":"","overlay-gradient":""},"mobile":{"background-color":"var(--ast-global-color-5)","background-image":"","background-repeat":"repeat","background-position":"center center","background-size":"auto","background-attachment":"scroll","background-type":"","background-media":"","overlay-type":"","overlay-color":"","overlay-opacity":"","overlay-gradient":""}}},"product_brand":[],"product_cat":[35],"product_tag":[],"class_list":{"0":"post-3594","1":"product","2":"type-product","3":"status-publish","4":"has-post-thumbnail","6":"product_cat-banding","7":"desktop-align-left","8":"tablet-align-left","9":"mobile-align-left","10":"ast-product-gallery-layout-horizontal-slider","11":"ast-product-gallery-with-no-image","12":"ast-product-tabs-layout-horizontal","14":"first","15":"instock","16":"featured","17":"shipping-taxable","18":"product-type-simple"},"uagb_featured_image_src":{"full":["https:\/\/wisecnclaser.com\/wp-content\/uploads\/2025\/05\/0c516e517e6729a6066d62453b6d07dd.jpg",800,800,false],"thumbnail":["https:\/\/wisecnclaser.com\/wp-content\/uploads\/2025\/05\/0c516e517e6729a6066d62453b6d07dd-150x150.jpg",150,150,true],"medium":["https:\/\/wisecnclaser.com\/wp-content\/uploads\/2025\/05\/0c516e517e6729a6066d62453b6d07dd-300x300.jpg",300,300,true],"medium_large":["https:\/\/wisecnclaser.com\/wp-content\/uploads\/2025\/05\/0c516e517e6729a6066d62453b6d07dd-768x768.jpg",768,768,true],"large":["https:\/\/wisecnclaser.com\/wp-content\/uploads\/2025\/05\/0c516e517e6729a6066d62453b6d07dd.jpg",800,800,false],"1536x1536":["https:\/\/wisecnclaser.com\/wp-content\/uploads\/2025\/05\/0c516e517e6729a6066d62453b6d07dd.jpg",800,800,false],"2048x2048":["https:\/\/wisecnclaser.com\/wp-content\/uploads\/2025\/05\/0c516e517e6729a6066d62453b6d07dd.jpg",800,800,false],"trp-custom-language-flag":["https:\/\/wisecnclaser.com\/wp-content\/uploads\/2025\/05\/0c516e517e6729a6066d62453b6d07dd-12x12.jpg",12,12,true],"woocommerce_thumbnail":["https:\/\/wisecnclaser.com\/wp-content\/uploads\/2025\/05\/0c516e517e6729a6066d62453b6d07dd-300x300.jpg",300,300,true],"woocommerce_single":["https:\/\/wisecnclaser.com\/wp-content\/uploads\/2025\/05\/0c516e517e6729a6066d62453b6d07dd-600x600.jpg",600,600,true],"woocommerce_gallery_thumbnail":["https:\/\/wisecnclaser.com\/wp-content\/uploads\/2025\/05\/0c516e517e6729a6066d62453b6d07dd-100x100.jpg",100,100,true]},"uagb_author_info":{"display_name":"jinxing6611@gmail.com","author_link":"https:\/\/wisecnclaser.com\/es\/author\/"},"uagb_comment_info":0,"uagb_excerpt":"Features of MFZ360D Automatic Edge Banding Machine: The automatic edge banding machine is a processing equipment for automatic edge banding of panel furniture, saving labor and time, perfect edge banding, and advanced The configuration and reasonable design reduce the difficulty of work, reduce the dependence on skilled workers, and greatly improve the quality of the&hellip;","_links":{"self":[{"href":"https:\/\/wisecnclaser.com\/es\/wp-json\/wp\/v2\/product\/3594","targetHints":{"allow":["GET"]}}],"collection":[{"href":"https:\/\/wisecnclaser.com\/es\/wp-json\/wp\/v2\/product"}],"about":[{"href":"https:\/\/wisecnclaser.com\/es\/wp-json\/wp\/v2\/types\/product"}],"wp:featuredmedia":[{"embeddable":true,"href":"https:\/\/wisecnclaser.com\/es\/wp-json\/wp\/v2\/media\/3597"}],"wp:attachment":[{"href":"https:\/\/wisecnclaser.com\/es\/wp-json\/wp\/v2\/media?parent=3594"}],"wp:term":[{"taxonomy":"product_brand","embeddable":true,"href":"https:\/\/wisecnclaser.com\/es\/wp-json\/wp\/v2\/product_brand?post=3594"},{"taxonomy":"product_cat","embeddable":true,"href":"https:\/\/wisecnclaser.com\/es\/wp-json\/wp\/v2\/product_cat?post=3594"},{"taxonomy":"product_tag","embeddable":true,"href":"https:\/\/wisecnclaser.com\/es\/wp-json\/wp\/v2\/product_tag?post=3594"}],"curies":[{"name":"wp","href":"https:\/\/api.w.org\/{rel}","templated":true}]}}