{"id":3618,"date":"2025-05-23T00:22:21","date_gmt":"2025-05-23T00:22:21","guid":{"rendered":"https:\/\/wisecnclaser.com\/?post_type=product&#038;p=3618"},"modified":"2025-05-23T00:22:22","modified_gmt":"2025-05-23T00:22:22","slug":"nesting-software","status":"publish","type":"product","link":"https:\/\/wisecnclaser.com\/es\/producto\/nesting-software\/","title":{"rendered":"Software de anidamiento"},"content":{"rendered":"<p>Software de dise\u00f1o de muebles en ingl\u00e9s - Versi\u00f3n 4.0 de alta velocidad<\/p>\n<p>1. Las formas especiales dibujadas a mano pueden dibujarse a discreci\u00f3n sin necesidad de utilizar complejos editores de formas especiales ni f\u00f3rmulas de c\u00f3digo. Las formas especiales dibujadas por el operario a discreci\u00f3n pueden guardarse como m\u00f3dulo parametrizado en la base de datos local, y los par\u00e1metros de la placa pueden calcularse autom\u00e1ticamente y llamarse directamente, de forma c\u00f3moda e instant\u00e1nea la pr\u00f3xima vez.<\/p>\n<p>2. Modelado inverso El modelado inverso permite guardar y llamar directamente con un solo clic. El armario construido con placas puede guardarse como m\u00f3dulo en la base de datos con una sola tecla, lo que realmente realiza el proceso de m\u00f3dulo de la nada a la existencia y de la complejidad a la simplicidad. Durante la siguiente llamada, el tama\u00f1o, el grosor de la placa, la escala, etc. pueden modificarse con una sola tecla y el dibujo puede completarse r\u00e1pidamente.<\/p>\n<p>3. Funci\u00f3n de instalaci\u00f3n de c\u00f3digo QR Se puede generar una vista explosiva del armario en la que los ensamblajes y las estructuras internas queden claros de un vistazo, lo que puede reducir la tasa de errores y es conveniente para la instalaci\u00f3n. El c\u00f3digo bidimensional generado puede ser escaneado por el tel\u00e9fono m\u00f3vil para generar la vista explosiva. El diagrama de instalaci\u00f3n del tel\u00e9fono m\u00f3vil se corresponde con la etiqueta del c\u00f3digo de barras uno a uno, haciendo realidad la \"ausencia de diagramas\".<\/p>\n<p>4. Dibujo de seis lados la iniciativa verdadera gr\u00e1fica tridimensional de seis lados y dibujo de m\u00faltiples lados se puede utilizar para dibujar dibujos de guardarropa en forma de L y armario en forma de U. Se pueden seleccionar diferentes vistas y a\u00f1adir a discreci\u00f3n las placas, los componentes del caj\u00f3n, etc. Diferentes vistas se pueden convertir en dibujos formales, la soluci\u00f3n de un problema importante en la industria y hacer la personalizaci\u00f3n de toda la casa<\/p>\n<p>5. Actualizaci\u00f3n en tiempo real en la base de datos de doble n\u00facleo las bases de datos de doble n\u00facleo en la nube y local se ampl\u00edan constantemente, y la base de datos en la nube se actualiza en tiempo real mientras que la base de datos local se guarda constantemente. Esto har\u00e1 que su base de datos sea cada vez m\u00e1s grande, permitiendo a los dise\u00f1adores encontrar todos los armarios e implementar todas las artesan\u00edas<\/p>\n<p>6. Importaci\u00f3n y exportaci\u00f3n de CAD Los componentes CAD pueden importarse y adaptarse al espacio autom\u00e1ticamente. Los componentes importados pueden guardarse como un m\u00f3dulo y cargarse en la base de datos local, y el tama\u00f1o, la escala, etc. pueden modificarse autom\u00e1ticamente durante la siguiente llamada. Adem\u00e1s, las placas CAD de formas especiales pueden importarse, los planos CAD, los dibujos tridimensionales, etc. pueden importarse y exportarse con una sola tecla.<\/p>\n<p>7. Combinaci\u00f3n de tama\u00f1o el gabinete puede ser llamado, la ubicaci\u00f3n de las placas se puede mover y las placas en el espacio se puede escalar hacia arriba o hacia abajo de forma autom\u00e1tica. Despu\u00e9s de dibujar, el tama\u00f1o del espacio puede modificarse arbitrariamente. Esto evitar\u00e1 frecuentes borrados, modificaciones y c\u00e1lculos en el dise\u00f1o y har\u00e1 que su dise\u00f1o sea flexible.<\/p>\n<p>8. Biselado de una llave Se dispone de biselado de una llave de armario est\u00e1ndar. El biselado y el gabinete en forma de escalera se pueden formar de una sola vez. El armario, la ubicaci\u00f3n de los agujeros y el \u00e1ngulo de biselado se pueden generar autom\u00e1ticamente, y las placas de biselado se pueden calcular autom\u00e1ticamente.<\/p>\n<p>9. Los armarios convencionales se pueden llamar directamente para el biselado autom\u00e1tico, el tipo de biselado y la profundidad se pueden seleccionar libremente, el biselado horizontal y vertical se pueden combinar libremente y m\u00faltiples procesos de biselado se pueden seleccionar libremente. Es m\u00e1s operable y se adapta a varios tipos de casa. La combinaci\u00f3n arbitraria de biselado superior e inferior o izquierdo y derecho le ahorrar\u00e1 el problema del biselado del gabinete.<\/p>\n<p>10. Generaci\u00f3n de cajas de vino con una sola tecla Cuando se genera la caja de vino con una sola tecla, se pueden generar cuatro tipos de cajas de vino (como horizontal-vertical, medio \u00e1ngulo y \u00e1ngulo completo) con una sola tecla en el \u00e1rea seleccionada. La banda de borde, el margen de la muesca, el tama\u00f1o, etc. de la caja de vino se pueden ajustar libremente, y la holgura de la caja de vino se puede calcular en tiempo real.<\/p>\n<p>11. Ajuste de par\u00e1metros Con una sola tecla se pueden a\u00f1adir autom\u00e1ticamente una serie de accesorios, como la gu\u00eda deslizante, el asa, la bisagra y el tubo de la gu\u00eda manual. La posici\u00f3n de los orificios de los accesorios puede generarse autom\u00e1ticamente y ajustarse seg\u00fan sea necesario.<\/p>\n<p>12. Informes de exportaci\u00f3n con un solo clic El software puede generar\u2460Informaci\u00f3n sobre tama\u00f1os y orificios de la placa\u2461Lista de materiales de la placa\u2462Lista de piezas\u2463Lista de hardware\u2464Lista de serrado electr\u00f3nico\u2465Cotizaci\u00f3n\u2466Dibujos de instalaci\u00f3n\u2467Dibujos CAD.<\/p>\n<p>13. S\u00faper renderizado El s\u00faper renderizado 3D, el tipo de casa personalizado, la panor\u00e1mica de 720 grados y la itinerancia multidireccional de la escena interior y el efecto de iluminaci\u00f3n a\u00f1adido realmente restauran el color de los muebles y mejoran la fuerza de ventas de las tiendas terminales.<\/p>\n<p>&nbsp;<\/p>\n<p>Software para la fabricaci\u00f3n de muebles de madera (Producci\u00f3n)<\/p>\n<p>1. Conector invisible Admite una gran variedad de conectores invisibles, crea un armario integrado exclusivo para ti, sustituye el hardware tradicional, invisible en todos los lados, mosaico sin costuras, robusto y duradero, instalaci\u00f3n sencilla. 1 Lamello\u2461U conector\u2462Mod-eez<\/p>\n<p>2. Alta tasa de utilizaci\u00f3n de materiales C\u00e1lculo autom\u00e1tico de composici\u00f3n tipogr\u00e1fica, composici\u00f3n tipogr\u00e1fica separada de acuerdo a diferentes espesores y diferentes colores de los paneles, la producci\u00f3n de pedidos m\u00faltiples es conveniente y r\u00e1pida, la tasa de utilizaci\u00f3n puede ser tan alta como 95%. Se puede ajustar manualmente despu\u00e9s del c\u00e1lculo autom\u00e1tico, para garantizar la m\u00e1xima utilizaci\u00f3n de los materiales. Mejores m\u00e9todos de procesamiento, proceso de c\u00e1lculo m\u00e1s suave, ahorrar materiales y tiempos.<\/p>\n<p>3. La composici\u00f3n tipogr\u00e1fica anidada del tablero con forma optimiza de forma inteligente el efecto de disposici\u00f3n, razonable y eficiente. 4. Corte \u00f3ptimo y la trayectoria de perforaci\u00f3n, los bordes comunes se puede ajustar para acelerar el corte, evitar pasadas repetidas y el programa vac\u00edo, el doble de la eficiencia de corte. Espacio en blanco de las esquinas achaflanadas y la composici\u00f3n tipogr\u00e1fica de arco, el ahorro de espacio, reducir la placa de torneado, acortar el tiempo de procesamiento, y mejorar en gran medida la tasa de utilizaci\u00f3n de la placa.<\/p>\n<p>4. El tablero grande se arregla autom\u00e1ticamente en la esquina superior izquierda Coincidir con la secuencia de procesamiento, C\u00e1lculo autom\u00e1tico de la disposici\u00f3n, el procesamiento inteligente, evitar correr tablero.<\/p>\n<p>5. Generar c\u00f3digo G Tras la optimizaci\u00f3n, puede generar directamente varios tipos de documentos necesarios para el mecanizado de equipos y la conexi\u00f3n sin fisuras de varios tipos de equipos, como la sierra electr\u00f3nica, la etiquetadora autom\u00e1tica, el centro de mecanizado, el PTP y el taladro de cinco caras, etc.<\/p>\n<p>6. Impresi\u00f3n de etiquetas El papel de etiquetas puede mostrar visualmente la informaci\u00f3n necesaria para la producci\u00f3n y el mecanizado, como la informaci\u00f3n detallada del pedido, el plano de disposici\u00f3n, la informaci\u00f3n de la placa y la direcci\u00f3n de los orificios laterales, etc., con el fin de reducir el tiempo de clasificaci\u00f3n de las placas por parte de los trabajadores.<\/p>\n<p>7. Herramienta de pre-arranque, el n\u00famero de filas se puede establecer el n\u00famero de l\u00edneas de antemano para pre-arranque, alcanzar la velocidad de antemano, mejorar la eficiencia de la producci\u00f3n.<\/p>\n<p>8. Detecci\u00f3n de colisi\u00f3n de placas Utilice la detecci\u00f3n de colisi\u00f3n, detecte la superposici\u00f3n de placas y la poca separaci\u00f3n entre placas, etc. para evitar errores de procesamiento.<\/p>\n<p>9. \u2460Gesti\u00f3n unificada del material de reserva, uso prioritario, prevenci\u00f3n de despilfarros y ahorro de costes. \u2461Inteligencia en la gesti\u00f3n del material, actualizaci\u00f3n del inventario en tiempo real.<\/p>","protected":false},"excerpt":{"rendered":"<p>Software de dise\u00f1o de muebles en ingl\u00e9s - Versi\u00f3n 4.0 de alta velocidad<\/p>\n<p>1. Las formas especiales dibujadas a mano pueden dibujarse a discreci\u00f3n sin necesidad de utilizar complejos editores de formas especiales ni f\u00f3rmulas de c\u00f3digo. Las formas especiales dibujadas por el operario a discreci\u00f3n pueden guardarse como m\u00f3dulo parametrizado en la base de datos local, y los par\u00e1metros de la placa pueden calcularse autom\u00e1ticamente y llamarse directamente, de forma c\u00f3moda e instant\u00e1nea la pr\u00f3xima vez.<\/p>\n<p>2. Modelado inverso El modelado inverso permite guardar y llamar directamente con un solo clic. El armario construido con placas puede guardarse como m\u00f3dulo en la base de datos con una sola tecla, lo que realmente realiza el proceso de m\u00f3dulo de la nada a la existencia y de la complejidad a la simplicidad. Durante la siguiente llamada, el tama\u00f1o, el grosor de la placa, la escala, etc. pueden modificarse con una sola tecla y el dibujo puede completarse r\u00e1pidamente.<\/p>\n<p>3. Funci\u00f3n de instalaci\u00f3n de c\u00f3digo QR Se puede generar una vista explosiva del armario en la que los ensamblajes y las estructuras internas queden claros de un vistazo, lo que puede reducir la tasa de errores y es conveniente para la instalaci\u00f3n. El c\u00f3digo bidimensional generado puede ser escaneado por el tel\u00e9fono m\u00f3vil para generar la vista explosiva. El diagrama de instalaci\u00f3n del tel\u00e9fono m\u00f3vil se corresponde con la etiqueta del c\u00f3digo de barras uno a uno, haciendo realidad la \"ausencia de diagramas\".<\/p>\n<p>4. Dibujo de seis lados la iniciativa verdadera gr\u00e1fica tridimensional de seis lados y dibujo de m\u00faltiples lados se puede utilizar para dibujar dibujos de guardarropa en forma de L y armario en forma de U. Se pueden seleccionar diferentes vistas y a\u00f1adir a discreci\u00f3n las placas, los componentes del caj\u00f3n, etc. Diferentes vistas se pueden convertir en dibujos formales, la soluci\u00f3n de un problema importante en la industria y hacer la personalizaci\u00f3n de toda la casa<\/p>\n<p>5. Actualizaci\u00f3n en tiempo real en la base de datos de doble n\u00facleo las bases de datos de doble n\u00facleo en la nube y local se ampl\u00edan constantemente, y la base de datos en la nube se actualiza en tiempo real mientras que la base de datos local se guarda constantemente. Esto har\u00e1 que su base de datos sea cada vez m\u00e1s grande, permitiendo a los dise\u00f1adores encontrar todos los armarios e implementar todas las artesan\u00edas<\/p>\n<p>6. Importaci\u00f3n y exportaci\u00f3n de CAD Los componentes CAD pueden importarse y adaptarse al espacio autom\u00e1ticamente. Los componentes importados pueden guardarse como un m\u00f3dulo y cargarse en la base de datos local, y el tama\u00f1o, la escala, etc. pueden modificarse autom\u00e1ticamente durante la siguiente llamada. Adem\u00e1s, las placas CAD de formas especiales pueden importarse, los planos CAD, los dibujos tridimensionales, etc. pueden importarse y exportarse con una sola tecla.<\/p>","protected":false},"featured_media":3621,"template":"","meta":{"_seopress_robots_primary_cat":"","_seopress_titles_title":"","_seopress_titles_desc":"","_seopress_robots_index":"","_uag_custom_page_level_css":"","site-sidebar-layout":"default","site-content-layout":"","ast-site-content-layout":"default","site-content-style":"default","site-sidebar-style":"default","ast-global-header-display":"","ast-banner-title-visibility":"","ast-main-header-display":"","ast-hfb-above-header-display":"","ast-hfb-below-header-display":"","ast-hfb-mobile-header-display":"","site-post-title":"","ast-breadcrumbs-content":"","ast-featured-img":"","footer-sml-layout":"","ast-disable-related-posts":"","theme-transparent-header-meta":"default","adv-header-id-meta":"","stick-header-meta":"default","header-above-stick-meta":"","header-main-stick-meta":"","header-below-stick-meta":"","astra-migrate-meta-layouts":"set","ast-page-background-enabled":"default","ast-page-background-meta":{"desktop":{"background-color":"","background-image":"","background-repeat":"repeat","background-position":"center center","background-size":"auto","background-attachment":"scroll","background-type":"","background-media":"","overlay-type":"","overlay-color":"","overlay-opacity":"","overlay-gradient":""},"tablet":{"background-color":"","background-image":"","background-repeat":"repeat","background-position":"center center","background-size":"auto","background-attachment":"scroll","background-type":"","background-media":"","overlay-type":"","overlay-color":"","overlay-opacity":"","overlay-gradient":""},"mobile":{"background-color":"","background-image":"","background-repeat":"repeat","background-position":"center center","background-size":"auto","background-attachment":"scroll","background-type":"","background-media":"","overlay-type":"","overlay-color":"","overlay-opacity":"","overlay-gradient":""}},"ast-content-background-meta":{"desktop":{"background-color":"var(--ast-global-color-5)","background-image":"","background-repeat":"repeat","background-position":"center center","background-size":"auto","background-attachment":"scroll","background-type":"","background-media":"","overlay-type":"","overlay-color":"","overlay-opacity":"","overlay-gradient":""},"tablet":{"background-color":"var(--ast-global-color-5)","background-image":"","background-repeat":"repeat","background-position":"center center","background-size":"auto","background-attachment":"scroll","background-type":"","background-media":"","overlay-type":"","overlay-color":"","overlay-opacity":"","overlay-gradient":""},"mobile":{"background-color":"var(--ast-global-color-5)","background-image":"","background-repeat":"repeat","background-position":"center center","background-size":"auto","background-attachment":"scroll","background-type":"","background-media":"","overlay-type":"","overlay-color":"","overlay-opacity":"","overlay-gradient":""}}},"product_brand":[],"product_cat":[56],"product_tag":[],"class_list":{"0":"post-3618","1":"product","2":"type-product","3":"status-publish","4":"has-post-thumbnail","6":"product_cat-nestings","7":"desktop-align-left","8":"tablet-align-left","9":"mobile-align-left","10":"ast-product-gallery-layout-horizontal-slider","11":"ast-product-gallery-with-no-image","12":"ast-product-tabs-layout-horizontal","14":"first","15":"instock","16":"shipping-taxable","17":"product-type-simple"},"uagb_featured_image_src":{"full":["https:\/\/wisecnclaser.com\/wp-content\/uploads\/2025\/05\/5c334ffccd4741cd55d803fd1f1f8abf.png",800,800,false],"thumbnail":["https:\/\/wisecnclaser.com\/wp-content\/uploads\/2025\/05\/5c334ffccd4741cd55d803fd1f1f8abf-150x150.png",150,150,true],"medium":["https:\/\/wisecnclaser.com\/wp-content\/uploads\/2025\/05\/5c334ffccd4741cd55d803fd1f1f8abf-300x300.png",300,300,true],"medium_large":["https:\/\/wisecnclaser.com\/wp-content\/uploads\/2025\/05\/5c334ffccd4741cd55d803fd1f1f8abf-768x768.png",768,768,true],"large":["https:\/\/wisecnclaser.com\/wp-content\/uploads\/2025\/05\/5c334ffccd4741cd55d803fd1f1f8abf.png",800,800,false],"1536x1536":["https:\/\/wisecnclaser.com\/wp-content\/uploads\/2025\/05\/5c334ffccd4741cd55d803fd1f1f8abf.png",800,800,false],"2048x2048":["https:\/\/wisecnclaser.com\/wp-content\/uploads\/2025\/05\/5c334ffccd4741cd55d803fd1f1f8abf.png",800,800,false],"trp-custom-language-flag":["https:\/\/wisecnclaser.com\/wp-content\/uploads\/2025\/05\/5c334ffccd4741cd55d803fd1f1f8abf-12x12.png",12,12,true],"woocommerce_thumbnail":["https:\/\/wisecnclaser.com\/wp-content\/uploads\/2025\/05\/5c334ffccd4741cd55d803fd1f1f8abf-300x300.png",300,300,true],"woocommerce_single":["https:\/\/wisecnclaser.com\/wp-content\/uploads\/2025\/05\/5c334ffccd4741cd55d803fd1f1f8abf-600x600.png",600,600,true],"woocommerce_gallery_thumbnail":["https:\/\/wisecnclaser.com\/wp-content\/uploads\/2025\/05\/5c334ffccd4741cd55d803fd1f1f8abf-100x100.png",100,100,true]},"uagb_author_info":{"display_name":"jinxing6611@gmail.com","author_link":"https:\/\/wisecnclaser.com\/es\/author\/"},"uagb_comment_info":0,"uagb_excerpt":"Fully English language Furniture\u00a0Design Software\u2014High Speed 4.0 Version 1.\u00a0Alien drawn by hand drawing special shapes by hand can be done at discretion without use of any complex special shape editors or code formulas. The special shapes that are drawn by the operator at his own discretion can be saved as a parameterized module to the&hellip;","_links":{"self":[{"href":"https:\/\/wisecnclaser.com\/es\/wp-json\/wp\/v2\/product\/3618","targetHints":{"allow":["GET"]}}],"collection":[{"href":"https:\/\/wisecnclaser.com\/es\/wp-json\/wp\/v2\/product"}],"about":[{"href":"https:\/\/wisecnclaser.com\/es\/wp-json\/wp\/v2\/types\/product"}],"wp:featuredmedia":[{"embeddable":true,"href":"https:\/\/wisecnclaser.com\/es\/wp-json\/wp\/v2\/media\/3621"}],"wp:attachment":[{"href":"https:\/\/wisecnclaser.com\/es\/wp-json\/wp\/v2\/media?parent=3618"}],"wp:term":[{"taxonomy":"product_brand","embeddable":true,"href":"https:\/\/wisecnclaser.com\/es\/wp-json\/wp\/v2\/product_brand?post=3618"},{"taxonomy":"product_cat","embeddable":true,"href":"https:\/\/wisecnclaser.com\/es\/wp-json\/wp\/v2\/product_cat?post=3618"},{"taxonomy":"product_tag","embeddable":true,"href":"https:\/\/wisecnclaser.com\/es\/wp-json\/wp\/v2\/product_tag?post=3618"}],"curies":[{"name":"wp","href":"https:\/\/api.w.org\/{rel}","templated":true}]}}