{"id":3627,"date":"2025-05-23T00:27:13","date_gmt":"2025-05-23T00:27:13","guid":{"rendered":"https:\/\/wisecnclaser.com\/?post_type=product&#038;p=3627"},"modified":"2025-05-23T00:27:13","modified_gmt":"2025-05-23T00:27:13","slug":"metal-channel-letter-bending-machine","status":"publish","type":"product","link":"https:\/\/wisecnclaser.com\/es\/producto\/metal-channel-letter-bending-machine\/","title":{"rendered":"M\u00e1quina curvadora de letras de canal met\u00e1lico"},"content":{"rendered":"<p>M\u00e1quina dobladora de letras Ventajas:<\/p>\n<p>1.Sistema de ranurado doble independiente, la realizaci\u00f3n real de diferentes tipos de materiales libremente procesamiento.<\/p>\n<p>2.Ajuste autom\u00e1tico de la profundidad de corte tanto para el cepillado como para el ranurado de la fresa, f\u00e1cil de manejar.<\/p>\n<p>3.El cepillo est\u00e1 hecho con una aleaci\u00f3n de acabado duro, corte estable y suave, grano de la hoja con un n\u00famero de consejos se pueden utilizar por separado, libre de mantenimiento, y la molienda libre, de bajo costo. Ajuste autom\u00e1tico para la cuchilla plana, ajuste libre para ranurar profundidad.<\/p>\n<p>4.Precision fresa puede girar todo, Identificar el \u00e1ngulo de forma autom\u00e1tica, el procesamiento de la variedad de perfil de aluminio.<\/p>\n<p>5. Sistema de cambio de un solo paso para la flexi\u00f3n alterna de doble polo para la bobina de metal, y el sistema de flexi\u00f3n de extrusi\u00f3n de patentes para el perfil de aluminio, cambiar libremente, sin necesidad de ajustar de nuevo cuando los materiales de cambio.<\/p>\n<p>6.Sistema de servo control de alta potencia, alta precisi\u00f3n, velocidad r\u00e1pida, alto par, mejorar la eficiencia de trabajo.<\/p>\n<p>7.Con sistema de control de bucle cerrado de longitud, control de software de precisi\u00f3n de longitud, error\u22640.1mm.<\/p>\n<p>8.Estante de material independiente, para garantizar la estabilidad de la alimentaci\u00f3n del equipo.<\/p>\n<p>9. Cromado completo de la m\u00e1quina, resistente al desgaste y a la corrosi\u00f3n.<\/p>\n<p>10.El software puede cambiar entre dos sistemas de ranurado libremente, interfaz simple, f\u00e1cil de aprender y operar.<\/p>\n<p>&nbsp;<\/p>\n<p>Par\u00e1metros t\u00e9cnicos:<\/p>\n<table border=\"0\">\n<tbody>\n<tr class=\"firstRow\">\n<td width=\"232\">\u00a0 Altura del material<\/td>\n<td width=\"419\">10-130 mm<\/td>\n<\/tr>\n<tr>\n<td width=\"232\">Materiales aplicables<\/td>\n<td width=\"419\">Acero inoxidable, chapa galvanizada, hierro, aluminio, cobre y otros<\/p>\n<p>Bobina de metal;<\/p>\n<p>borde de aluminio , perfil de aluminio u otro perfil de forma especial<\/td>\n<\/tr>\n<tr>\n<td width=\"232\">Formato de archivo admitido<\/td>\n<td width=\"419\">dxf\u3001ai\u3001plt<\/td>\n<\/tr>\n<tr>\n<td width=\"232\">Radio m\u00ednimo de curvatura<\/td>\n<td width=\"419\">R=3 MM<\/td>\n<\/tr>\n<tr>\n<td width=\"232\">Material Grosor<\/td>\n<td width=\"419\">0,3-1,2 mm<\/td>\n<\/tr>\n<tr>\n<td width=\"232\">Potencia m\u00e1xima<\/td>\n<td width=\"419\">2000W<\/td>\n<\/tr>\n<tr>\n<td width=\"232\">Longitud Precisi\u00f3n<\/td>\n<td width=\"419\">0,1 mm\/metro<\/td>\n<\/tr>\n<tr>\n<td width=\"232\">Par de alimentaci\u00f3n<\/td>\n<td width=\"419\">&gt;45Nm<\/td>\n<\/tr>\n<tr>\n<td width=\"232\">Cepillo Ranurado Pico de Torsi\u00f3n<\/td>\n<td width=\"419\">&gt;100Nm<\/td>\n<\/tr>\n<tr>\n<td width=\"232\">\u00a0Pico de par de flexi\u00f3n del arco<\/td>\n<td width=\"419\">&gt;100Nm<\/td>\n<\/tr>\n<tr>\n<td width=\"232\">Dimensiones<\/td>\n<td width=\"419\">1900*900*1600<\/td>\n<\/tr>\n<tr>\n<td width=\"232\">Tratamiento superficial de la pieza<\/td>\n<td width=\"419\">cromado completo<\/td>\n<\/tr>\n<tr>\n<td width=\"232\">N.Peso<\/td>\n<td width=\"419\">530 kg<\/td>\n<\/tr>\n<tr>\n<td width=\"232\">Potencia<\/td>\n<td width=\"419\">AC220V<\/td>\n<\/tr>\n<tr>\n<td width=\"232\">Presi\u00f3n de trabajo<\/td>\n<td width=\"419\">0,3-0,6mpa<\/td>\n<\/tr>\n<\/tbody>\n<\/table>","protected":false},"excerpt":{"rendered":"<p>M\u00e1quina dobladora de letras Ventajas:<\/p>\n<p>1.Sistema de ranurado doble independiente, la realizaci\u00f3n real de diferentes tipos de materiales libremente procesamiento.<\/p>\n<p>2.Ajuste autom\u00e1tico de la profundidad de corte tanto para el cepillado como para el ranurado de la fresa, f\u00e1cil de manejar.<\/p>\n<p>3.El cepillo est\u00e1 hecho con una aleaci\u00f3n de acabado duro, corte estable y suave, grano de la hoja con un n\u00famero de consejos se pueden utilizar por separado, libre de mantenimiento, y la molienda libre, de bajo costo. Ajuste autom\u00e1tico para la cuchilla plana, ajuste libre para ranurar profundidad.<\/p>\n<p>4.Precision fresa puede girar todo, Identificar el \u00e1ngulo de forma autom\u00e1tica, el procesamiento de la variedad de perfil de aluminio.<\/p>\n<p>5. Sistema de cambio de un solo paso para la flexi\u00f3n alterna de doble polo para la bobina de metal, y el sistema de flexi\u00f3n de extrusi\u00f3n de patentes para el perfil de aluminio, cambiar libremente, sin necesidad de ajustar de nuevo cuando los materiales de cambio.<\/p>\n<p>6.Sistema de servo control de alta potencia, alta precisi\u00f3n, velocidad r\u00e1pida, alto par, mejorar la eficiencia de trabajo.<\/p>\n<p>7.Con sistema de control de bucle cerrado de longitud, control de software de precisi\u00f3n de longitud, error\u22640.1mm.<\/p>\n<p>8.Estante de material independiente, para garantizar la estabilidad de la alimentaci\u00f3n del equipo.<\/p>\n<p>9. Cromado completo de la m\u00e1quina, resistente al desgaste y a la corrosi\u00f3n.<\/p>\n<p>10.El software puede cambiar entre dos sistemas de ranurado libremente, interfaz simple, f\u00e1cil de aprender y operar.<\/p>","protected":false},"featured_media":3630,"template":"","meta":{"_seopress_robots_primary_cat":"","_seopress_titles_title":"","_seopress_titles_desc":"","_seopress_robots_index":"","_uag_custom_page_level_css":"","site-sidebar-layout":"default","site-content-layout":"","ast-site-content-layout":"default","site-content-style":"default","site-sidebar-style":"default","ast-global-header-display":"","ast-banner-title-visibility":"","ast-main-header-display":"","ast-hfb-above-header-display":"","ast-hfb-below-header-display":"","ast-hfb-mobile-header-display":"","site-post-title":"","ast-breadcrumbs-content":"","ast-featured-img":"","footer-sml-layout":"","ast-disable-related-posts":"","theme-transparent-header-meta":"default","adv-header-id-meta":"","stick-header-meta":"default","header-above-stick-meta":"","header-main-stick-meta":"","header-below-stick-meta":"","astra-migrate-meta-layouts":"set","ast-page-background-enabled":"default","ast-page-background-meta":{"desktop":{"background-color":"","background-image":"","background-repeat":"repeat","background-position":"center center","background-size":"auto","background-attachment":"scroll","background-type":"","background-media":"","overlay-type":"","overlay-color":"","overlay-opacity":"","overlay-gradient":""},"tablet":{"background-color":"","background-image":"","background-repeat":"repeat","background-position":"center center","background-size":"auto","background-attachment":"scroll","background-type":"","background-media":"","overlay-type":"","overlay-color":"","overlay-opacity":"","overlay-gradient":""},"mobile":{"background-color":"","background-image":"","background-repeat":"repeat","background-position":"center center","background-size":"auto","background-attachment":"scroll","background-type":"","background-media":"","overlay-type":"","overlay-color":"","overlay-opacity":"","overlay-gradient":""}},"ast-content-background-meta":{"desktop":{"background-color":"var(--ast-global-color-5)","background-image":"","background-repeat":"repeat","background-position":"center center","background-size":"auto","background-attachment":"scroll","background-type":"","background-media":"","overlay-type":"","overlay-color":"","overlay-opacity":"","overlay-gradient":""},"tablet":{"background-color":"var(--ast-global-color-5)","background-image":"","background-repeat":"repeat","background-position":"center center","background-size":"auto","background-attachment":"scroll","background-type":"","background-media":"","overlay-type":"","overlay-color":"","overlay-opacity":"","overlay-gradient":""},"mobile":{"background-color":"var(--ast-global-color-5)","background-image":"","background-repeat":"repeat","background-position":"center center","background-size":"auto","background-attachment":"scroll","background-type":"","background-media":"","overlay-type":"","overlay-color":"","overlay-opacity":"","overlay-gradient":""}}},"product_brand":[],"product_cat":[62],"product_tag":[],"class_list":{"0":"post-3627","1":"product","2":"type-product","3":"status-publish","4":"has-post-thumbnail","6":"product_cat-letter","7":"desktop-align-left","8":"tablet-align-left","9":"mobile-align-left","10":"ast-product-gallery-layout-horizontal-slider","11":"ast-product-gallery-with-no-image","12":"ast-product-tabs-layout-horizontal","14":"first","15":"instock","16":"shipping-taxable","17":"product-type-simple"},"uagb_featured_image_src":{"full":["https:\/\/wisecnclaser.com\/wp-content\/uploads\/2025\/05\/5f8de839b037ccdc38dd83d6cf5e39f9.jpg",800,533,false],"thumbnail":["https:\/\/wisecnclaser.com\/wp-content\/uploads\/2025\/05\/5f8de839b037ccdc38dd83d6cf5e39f9-150x150.jpg",150,150,true],"medium":["https:\/\/wisecnclaser.com\/wp-content\/uploads\/2025\/05\/5f8de839b037ccdc38dd83d6cf5e39f9-300x200.jpg",300,200,true],"medium_large":["https:\/\/wisecnclaser.com\/wp-content\/uploads\/2025\/05\/5f8de839b037ccdc38dd83d6cf5e39f9-768x512.jpg",768,512,true],"large":["https:\/\/wisecnclaser.com\/wp-content\/uploads\/2025\/05\/5f8de839b037ccdc38dd83d6cf5e39f9.jpg",800,533,false],"1536x1536":["https:\/\/wisecnclaser.com\/wp-content\/uploads\/2025\/05\/5f8de839b037ccdc38dd83d6cf5e39f9.jpg",800,533,false],"2048x2048":["https:\/\/wisecnclaser.com\/wp-content\/uploads\/2025\/05\/5f8de839b037ccdc38dd83d6cf5e39f9.jpg",800,533,false],"trp-custom-language-flag":["https:\/\/wisecnclaser.com\/wp-content\/uploads\/2025\/05\/5f8de839b037ccdc38dd83d6cf5e39f9-18x12.jpg",18,12,true],"woocommerce_thumbnail":["https:\/\/wisecnclaser.com\/wp-content\/uploads\/2025\/05\/5f8de839b037ccdc38dd83d6cf5e39f9-300x300.jpg",300,300,true],"woocommerce_single":["https:\/\/wisecnclaser.com\/wp-content\/uploads\/2025\/05\/5f8de839b037ccdc38dd83d6cf5e39f9-600x400.jpg",600,400,true],"woocommerce_gallery_thumbnail":["https:\/\/wisecnclaser.com\/wp-content\/uploads\/2025\/05\/5f8de839b037ccdc38dd83d6cf5e39f9-100x100.jpg",100,100,true]},"uagb_author_info":{"display_name":"jinxing6611@gmail.com","author_link":"https:\/\/wisecnclaser.com\/es\/author\/"},"uagb_comment_info":0,"uagb_excerpt":"Letter Bending Machine Advantages: 1.Independent double slotting system, the real realization of different types of materials freely processing. 2.Automatic adjustment of cutting depth for both planer and milling cutter slotting, easy to operate 3.The planer is made with hard alloy finished , cutting stable and smooth , blade grain with a number of tips can&hellip;","_links":{"self":[{"href":"https:\/\/wisecnclaser.com\/es\/wp-json\/wp\/v2\/product\/3627","targetHints":{"allow":["GET"]}}],"collection":[{"href":"https:\/\/wisecnclaser.com\/es\/wp-json\/wp\/v2\/product"}],"about":[{"href":"https:\/\/wisecnclaser.com\/es\/wp-json\/wp\/v2\/types\/product"}],"wp:featuredmedia":[{"embeddable":true,"href":"https:\/\/wisecnclaser.com\/es\/wp-json\/wp\/v2\/media\/3630"}],"wp:attachment":[{"href":"https:\/\/wisecnclaser.com\/es\/wp-json\/wp\/v2\/media?parent=3627"}],"wp:term":[{"taxonomy":"product_brand","embeddable":true,"href":"https:\/\/wisecnclaser.com\/es\/wp-json\/wp\/v2\/product_brand?post=3627"},{"taxonomy":"product_cat","embeddable":true,"href":"https:\/\/wisecnclaser.com\/es\/wp-json\/wp\/v2\/product_cat?post=3627"},{"taxonomy":"product_tag","embeddable":true,"href":"https:\/\/wisecnclaser.com\/es\/wp-json\/wp\/v2\/product_tag?post=3627"}],"curies":[{"name":"wp","href":"https:\/\/api.w.org\/{rel}","templated":true}]}}