{"id":3640,"date":"2025-05-23T00:36:26","date_gmt":"2025-05-23T00:36:26","guid":{"rendered":"https:\/\/wisecnclaser.com\/?post_type=product&#038;p=3640"},"modified":"2025-05-23T00:36:26","modified_gmt":"2025-05-23T00:36:26","slug":"wise48f-loading-unloading-nesting-atc-cnc-router","status":"publish","type":"product","link":"https:\/\/wisecnclaser.com\/es\/producto\/wise48f-loading-unloading-nesting-atc-cnc-router\/","title":{"rendered":"WISE48F Carga Descarga Anidamiento ATC CNC Router"},"content":{"rendered":"<p>Caracter\u00edsticas:<\/p>\n<p>1.Todo el cuerpo de la m\u00e1quina est\u00e1 hecho de acero de 8MM sin soldadura templado tratamiento de envejecimiento, r\u00edgido, sin deformaci\u00f3n.<\/p>\n<p>2.Servomotor, alta precisi\u00f3n y alta velocidad.<\/p>\n<p>3. Taiw\u00e1n 30 gu\u00eda de carril cuadrado, funcionamiento suave, m\u00e1s estable de alta precisi\u00f3n, larga vida.<\/p>\n<p>4. 9KW refrigeraci\u00f3n por aire ATC husillo, larga vida de energ\u00eda, la velocidad de hasta 18000 r \/ min, tallada superficie lisa.<\/p>\n<p>5. Grande equipado con un gabinete separado, operaci\u00f3n de pantalla t\u00e1ctil, simple y conveniente, f\u00e1cil de aprender.<\/p>\n<p>6. Con mesa de vac\u00edo de doble capa, corte hacer cruz en la mesa de vac\u00edo, mejor efecto de succi\u00f3n. sistema de vac\u00edo puede ser aspirado en el proceso de procesamiento de virutas de madera y escombros, para mantener la mesa limpia y mantenimiento indirecto del equipo.<\/p>\n<p>7.12 herramientas lineales ATC, servoaccionamiento<\/p>\n<p>8. se utiliza para el corte de madera, grabado, fresado, corte de agujeros, aplicado en muebles de panel, gabinete vestido, y la fabricaci\u00f3n de puertas de gabinete avanzado<\/p>\n<p>9. Dispositivo autom\u00e1tico de carga y descarga<\/p>\n<p>Aplicaci\u00f3n:<\/p>\n<p>Adecuado para carpinter\u00eda, puertas de madera, muebles, armarios, moldes, muebles de panel, etc.<\/p>\n<table border=\"1\" width=\"666\">\n<tbody>\n<tr class=\"firstRow\">\n<td colspan=\"2\" width=\"662\">Descripci\u00f3n y especificaciones de la fresadora CNC Nesting ATC de carga y descarga:<\/td>\n<\/tr>\n<tr>\n<td valign=\"top\" width=\"217\">Modelo<\/td>\n<td valign=\"top\" width=\"446\">WISE48F<\/td>\n<\/tr>\n<tr>\n<td valign=\"top\" width=\"217\">X Zona de trabajo<\/td>\n<td valign=\"top\" width=\"446\">1300 mm<\/td>\n<\/tr>\n<tr>\n<td valign=\"top\" width=\"217\">Y Zona de trabajo<\/td>\n<td valign=\"top\" width=\"446\">2500mm<\/td>\n<\/tr>\n<tr>\n<td valign=\"top\" width=\"217\">Z \u00c1rea de trabajo<\/td>\n<td valign=\"top\" width=\"446\">300 mm<\/td>\n<\/tr>\n<tr>\n<td valign=\"top\" width=\"217\">Mesa de m\u00e1quinas<\/td>\n<td valign=\"top\" width=\"446\">Mesa de vac\u00edo de doble capa<\/td>\n<\/tr>\n<tr>\n<td valign=\"top\" width=\"217\">Precisi\u00f3n de posicionamiento en desplazamiento<\/td>\n<td valign=\"top\" width=\"446\">\u00b10,05 mm<\/td>\n<\/tr>\n<tr>\n<td valign=\"top\" width=\"217\">Reposicionamiento Precisi\u00f3n de posicionamiento<\/td>\n<td valign=\"top\" width=\"446\">\u00b10,05 mm<\/td>\n<\/tr>\n<tr>\n<td valign=\"top\" width=\"217\">Estructura X,Y ,Z<\/td>\n<td valign=\"top\" width=\"446\">XY Taiw\u00e1n 2.0M rueda dentada, Z Taiw\u00e1n husillo a bolas. Todos los ejes utilizan gu\u00eda cuadrada<\/td>\n<\/tr>\n<tr>\n<td valign=\"top\" width=\"217\">HERRAMIENTAS ATC<\/td>\n<td valign=\"top\" width=\"446\">12 HERRAMIENTAS en l\u00ednea<\/td>\n<\/tr>\n<tr>\n<td valign=\"top\" width=\"217\">Max. Velocidad de desplazamiento r\u00e1pido<\/td>\n<td valign=\"top\" width=\"446\">50000mm\/min<\/td>\n<\/tr>\n<tr>\n<td valign=\"top\" width=\"217\">M\u00e1x. Velocidad de trabajo<\/td>\n<td valign=\"top\" width=\"446\">25.000 mm\/min<\/td>\n<\/tr>\n<tr>\n<td valign=\"top\" width=\"217\">Eje<\/td>\n<td valign=\"top\" width=\"446\">Husillo ATC de 9 kW<\/td>\n<\/tr>\n<tr>\n<td valign=\"top\" width=\"217\">Velocidad del cabezal<\/td>\n<td valign=\"top\" width=\"446\">0-18000 rpm<\/td>\n<\/tr>\n<tr>\n<td valign=\"top\" width=\"217\">Motor de accionamiento<\/td>\n<td valign=\"top\" width=\"446\">Servomotor chino<\/td>\n<\/tr>\n<tr>\n<td valign=\"top\" width=\"217\">Comando<\/td>\n<td valign=\"top\" width=\"446\">G-code*.u00*.mmg*.plt<\/td>\n<\/tr>\n<tr>\n<td valign=\"top\" width=\"217\">Tensi\u00f3n de trabajo<\/td>\n<td valign=\"top\" width=\"446\">3PH AC380V\/50Hz<\/td>\n<\/tr>\n<tr>\n<td valign=\"top\" width=\"217\">Sistema de control<\/td>\n<td valign=\"top\" width=\"446\">Taiw\u00e1n LNC Sistema de control<\/td>\n<\/tr>\n<tr>\n<td valign=\"top\" width=\"217\">Carril gu\u00eda<\/td>\n<td valign=\"top\" width=\"446\">Ra\u00edl cuadrado Taiw\u00e1n 30<\/td>\n<\/tr>\n<tr>\n<td valign=\"top\" width=\"217\">Armario de control<\/td>\n<td valign=\"top\" width=\"446\">armario t\u00e1ctil con pantalla<\/td>\n<\/tr>\n<tr>\n<td valign=\"top\" width=\"217\">Sistema de lubricaci\u00f3n<\/td>\n<td valign=\"top\" width=\"446\">Sistema de lubricaci\u00f3n autom\u00e1tica<\/td>\n<\/tr>\n<tr>\n<td valign=\"top\" width=\"217\">Dispositivo auxiliar<\/td>\n<td valign=\"top\" width=\"446\">Pasadores emergentes para fijar el material en el lugar correcto, sensor de herramienta para calibrar la misma altura del eje Z de cada herramienta, colector de polvo de 5,5 kW, bomba de vac\u00edo de 7,5 kW, dispositivo autom\u00e1tico de carga y descarga.<\/td>\n<\/tr>\n<\/tbody>\n<\/table>\n<p>&nbsp;<\/p>","protected":false},"excerpt":{"rendered":"<p>The automatic loading and unloading nesting cnc router machine, that is the nesting cnc router with the loading and unloading platform, can save workers&#8217; time for handling the plates. The forklift prepares the materials in advance, saving labor and idle time.<\/p>\n<p>The automatic loading and unloading docking bar code machine and queuing software can realize automatic labeling. Bar code, loading, vertical hole punching, cutting, slotting, and blanking are all in one step.<\/p>\n<p>After the furniture factory has developed to a certain scale, as the order volume gradually increases and the management cost continues to rise, manufacturers need to select stable and reliable automatic loading and unloading wood cutting machine. The loading and unloading cnc router is matched with mature and stable customized furniture nesting software, which can save labor and greatly improve production efficiency. At the same time, it eliminates manual errors and avoids plate damage during production.<\/p>","protected":false},"featured_media":3643,"template":"","meta":{"_seopress_robots_primary_cat":"","_seopress_titles_title":"","_seopress_titles_desc":"","_seopress_robots_index":"","_uag_custom_page_level_css":"","site-sidebar-layout":"default","site-content-layout":"","ast-site-content-layout":"default","site-content-style":"default","site-sidebar-style":"default","ast-global-header-display":"","ast-banner-title-visibility":"","ast-main-header-display":"","ast-hfb-above-header-display":"","ast-hfb-below-header-display":"","ast-hfb-mobile-header-display":"","site-post-title":"","ast-breadcrumbs-content":"","ast-featured-img":"","footer-sml-layout":"","ast-disable-related-posts":"","theme-transparent-header-meta":"default","adv-header-id-meta":"","stick-header-meta":"default","header-above-stick-meta":"","header-main-stick-meta":"","header-below-stick-meta":"","astra-migrate-meta-layouts":"set","ast-page-background-enabled":"default","ast-page-background-meta":{"desktop":{"background-color":"","background-image":"","background-repeat":"repeat","background-position":"center center","background-size":"auto","background-attachment":"scroll","background-type":"","background-media":"","overlay-type":"","overlay-color":"","overlay-opacity":"","overlay-gradient":""},"tablet":{"background-color":"","background-image":"","background-repeat":"repeat","background-position":"center center","background-size":"auto","background-attachment":"scroll","background-type":"","background-media":"","overlay-type":"","overlay-color":"","overlay-opacity":"","overlay-gradient":""},"mobile":{"background-color":"","background-image":"","background-repeat":"repeat","background-position":"center center","background-size":"auto","background-attachment":"scroll","background-type":"","background-media":"","overlay-type":"","overlay-color":"","overlay-opacity":"","overlay-gradient":""}},"ast-content-background-meta":{"desktop":{"background-color":"var(--ast-global-color-5)","background-image":"","background-repeat":"repeat","background-position":"center center","background-size":"auto","background-attachment":"scroll","background-type":"","background-media":"","overlay-type":"","overlay-color":"","overlay-opacity":"","overlay-gradient":""},"tablet":{"background-color":"var(--ast-global-color-5)","background-image":"","background-repeat":"repeat","background-position":"center center","background-size":"auto","background-attachment":"scroll","background-type":"","background-media":"","overlay-type":"","overlay-color":"","overlay-opacity":"","overlay-gradient":""},"mobile":{"background-color":"var(--ast-global-color-5)","background-image":"","background-repeat":"repeat","background-position":"center center","background-size":"auto","background-attachment":"scroll","background-type":"","background-media":"","overlay-type":"","overlay-color":"","overlay-opacity":"","overlay-gradient":""}}},"product_brand":[],"product_cat":[34],"product_tag":[],"class_list":{"0":"post-3640","1":"product","2":"type-product","3":"status-publish","4":"has-post-thumbnail","6":"product_cat-nesting","7":"desktop-align-left","8":"tablet-align-left","9":"mobile-align-left","10":"ast-product-gallery-layout-horizontal-slider","11":"ast-product-tabs-layout-horizontal","13":"first","14":"instock","15":"shipping-taxable","16":"product-type-simple"},"uagb_featured_image_src":{"full":["https:\/\/wisecnclaser.com\/wp-content\/uploads\/2025\/05\/eab55783ebe61006c1f62958f841d5ae.png",800,800,false],"thumbnail":["https:\/\/wisecnclaser.com\/wp-content\/uploads\/2025\/05\/eab55783ebe61006c1f62958f841d5ae-150x150.png",150,150,true],"medium":["https:\/\/wisecnclaser.com\/wp-content\/uploads\/2025\/05\/eab55783ebe61006c1f62958f841d5ae-300x300.png",300,300,true],"medium_large":["https:\/\/wisecnclaser.com\/wp-content\/uploads\/2025\/05\/eab55783ebe61006c1f62958f841d5ae-768x768.png",768,768,true],"large":["https:\/\/wisecnclaser.com\/wp-content\/uploads\/2025\/05\/eab55783ebe61006c1f62958f841d5ae.png",800,800,false],"1536x1536":["https:\/\/wisecnclaser.com\/wp-content\/uploads\/2025\/05\/eab55783ebe61006c1f62958f841d5ae.png",800,800,false],"2048x2048":["https:\/\/wisecnclaser.com\/wp-content\/uploads\/2025\/05\/eab55783ebe61006c1f62958f841d5ae.png",800,800,false],"trp-custom-language-flag":["https:\/\/wisecnclaser.com\/wp-content\/uploads\/2025\/05\/eab55783ebe61006c1f62958f841d5ae-12x12.png",12,12,true],"woocommerce_thumbnail":["https:\/\/wisecnclaser.com\/wp-content\/uploads\/2025\/05\/eab55783ebe61006c1f62958f841d5ae-300x300.png",300,300,true],"woocommerce_single":["https:\/\/wisecnclaser.com\/wp-content\/uploads\/2025\/05\/eab55783ebe61006c1f62958f841d5ae-600x600.png",600,600,true],"woocommerce_gallery_thumbnail":["https:\/\/wisecnclaser.com\/wp-content\/uploads\/2025\/05\/eab55783ebe61006c1f62958f841d5ae-100x100.png",100,100,true]},"uagb_author_info":{"display_name":"jinxing6611@gmail.com","author_link":"https:\/\/wisecnclaser.com\/es\/author\/"},"uagb_comment_info":0,"uagb_excerpt":"The automatic loading and unloading nesting cnc router machine, that is the nesting cnc router with the loading and unloading platform, can save workers' time for handling the plates. The forklift prepares the materials in advance, saving labor and idle time. The automatic loading and unloading docking bar code machine and queuing software can realize&hellip;","_links":{"self":[{"href":"https:\/\/wisecnclaser.com\/es\/wp-json\/wp\/v2\/product\/3640","targetHints":{"allow":["GET"]}}],"collection":[{"href":"https:\/\/wisecnclaser.com\/es\/wp-json\/wp\/v2\/product"}],"about":[{"href":"https:\/\/wisecnclaser.com\/es\/wp-json\/wp\/v2\/types\/product"}],"wp:featuredmedia":[{"embeddable":true,"href":"https:\/\/wisecnclaser.com\/es\/wp-json\/wp\/v2\/media\/3643"}],"wp:attachment":[{"href":"https:\/\/wisecnclaser.com\/es\/wp-json\/wp\/v2\/media?parent=3640"}],"wp:term":[{"taxonomy":"product_brand","embeddable":true,"href":"https:\/\/wisecnclaser.com\/es\/wp-json\/wp\/v2\/product_brand?post=3640"},{"taxonomy":"product_cat","embeddable":true,"href":"https:\/\/wisecnclaser.com\/es\/wp-json\/wp\/v2\/product_cat?post=3640"},{"taxonomy":"product_tag","embeddable":true,"href":"https:\/\/wisecnclaser.com\/es\/wp-json\/wp\/v2\/product_tag?post=3640"}],"curies":[{"name":"wp","href":"https:\/\/api.w.org\/{rel}","templated":true}]}}