{"id":3663,"date":"2025-05-23T00:59:06","date_gmt":"2025-05-23T00:59:06","guid":{"rendered":"https:\/\/wisecnclaser.com\/?post_type=product&#038;p=3663"},"modified":"2025-05-23T00:59:06","modified_gmt":"2025-05-23T00:59:06","slug":"3w-5w-uv-laser-marking-machine","status":"publish","type":"product","link":"https:\/\/wisecnclaser.com\/es\/producto\/3w-5w-uv-laser-marking-machine\/","title":{"rendered":"M\u00e1quina de marcado l\u00e1ser UV 3W 5W"},"content":{"rendered":"<p>La m\u00e1quina de marcado l\u00e1ser UV se basa principalmente en su exclusivo rayo l\u00e1ser de baja potencia, que es especialmente adecuado para el mercado de gama alta de procesamiento ultra-fino, marcando la superficie de las botellas de envasado de cosm\u00e9ticos, medicamentos, alimentos y otros materiales polim\u00e9ricos, con efectos finos y marcas claras y firmes. Mejor que la codificaci\u00f3n por chorro de tinta y sin contaminaci\u00f3n; marcado y trazado de placas pcb flexibles; procesamiento de microagujeros y agujeros ciegos en obleas de silicio; marcado de c\u00f3digos bidimensionales en cristal l\u00edquido LCD, taladrado de superficies de cristaler\u00eda, marcado de revestimientos de superficies met\u00e1licas, botones de pl\u00e1stico, componentes electr\u00f3nicos, regalos, equipos de comunicaci\u00f3n, materiales de construcci\u00f3n, etc.<\/p>\n<p>&nbsp;<\/p>\n<table border=\"1\" width=\"1163\">\n<tbody>\n<tr class=\"firstRow\">\n<td colspan=\"2\" width=\"775\">Especificaciones t\u00e9cnicas de la m\u00e1quina de marcado l\u00e1ser UV<\/td>\n<\/tr>\n<tr>\n<td width=\"328\">Modelo<\/td>\n<td width=\"447\">WS-UV3W WS-UV 5W<\/td>\n<\/tr>\n<tr>\n<td width=\"328\">Longitud de onda del l\u00e1ser<\/td>\n<td width=\"447\">355 nm<\/td>\n<\/tr>\n<tr>\n<td width=\"328\">Potencia de salida del l\u00e1ser<\/td>\n<td width=\"447\">3W 5W<\/td>\n<\/tr>\n<tr>\n<td width=\"328\">Velocidad de marcado<\/td>\n<td width=\"447\">400 caracteres por segundo<\/td>\n<\/tr>\n<tr>\n<td width=\"328\">Calidad del haz<\/td>\n<td width=\"447\">&lt;1.1<\/td>\n<\/tr>\n<tr>\n<td width=\"328\">Precisi\u00f3n repetida<\/td>\n<td width=\"447\">\u00b10,001 mm<\/td>\n<\/tr>\n<tr>\n<td width=\"328\">Zona de trabajo<\/td>\n<td width=\"447\">110*110mm<\/td>\n<\/tr>\n<tr>\n<td width=\"328\">Potencia de la m\u00e1quina<\/td>\n<td width=\"447\">800W<\/td>\n<\/tr>\n<tr>\n<td width=\"328\">Car\u00e1cter m\u00ednimo<\/td>\n<td width=\"447\">0,1 mm<\/td>\n<\/tr>\n<tr>\n<td width=\"328\">Formas de refrigeraci\u00f3n<\/td>\n<td width=\"447\">Refrigeraci\u00f3n Force-air<\/td>\n<\/tr>\n<tr>\n<td width=\"328\">Alimentaci\u00f3n<\/td>\n<td width=\"447\">AC220V\/ 50Hz\/2kVA<\/td>\n<\/tr>\n<tr>\n<td width=\"328\">Anchura m\u00ednima de l\u00ednea<\/td>\n<td width=\"447\">0,015 mm<\/td>\n<\/tr>\n<tr>\n<td width=\"328\">Formato de soporte<\/td>\n<td width=\"447\">PLT, BMP, DXF, JPG, TIF, AI, etc.<\/td>\n<\/tr>\n<tr>\n<td width=\"328\">Sistema de refrigeraci\u00f3n<\/td>\n<td width=\"447\">Refrigeraci\u00f3n por agua<\/td>\n<\/tr>\n<tr>\n<td width=\"328\">Ancho de pulso<\/td>\n<td width=\"447\">4-200ns<\/td>\n<\/tr>\n<tr>\n<td width=\"328\">Material de solicitud<\/td>\n<td width=\"447\">Componentes el\u00e9ctricos, chips integrados, electrodom\u00e9sticos, equipos de comunicaci\u00f3n y herramientas,<\/p>\n<p>maquinaria de precisi\u00f3n,marcos de cristal,accesorios de relojer\u00eda,accesorios de automoci\u00f3n,<\/p>\n<p>a prueba de falsificaciones, marcado, botones de pl\u00e1stico, material de construcci\u00f3n, embalajes, tuber\u00edas de PVC y productos m\u00e9dicos<\/p>\n<p>tratamiento y fabricaci\u00f3n de instrumentos<\/td>\n<\/tr>\n<\/tbody>\n<\/table>\n<p>&nbsp;<\/p>","protected":false},"excerpt":{"rendered":"<p>The ultraviolet laser marking machine is a series of laser marking machines, so the principle is similar to that of the laser marking machine, and the laser beam is used to make permanent marks on the surface of various materials. The effect of marking is to directly break the molecular chain of the substance through the short-wavelength laser (different from the evaporation of the surface substance produced by the long-wave laser to expose the deep substance) to reveal the pattern and text to be etched.<\/p>","protected":false},"featured_media":3666,"template":"","meta":{"_seopress_robots_primary_cat":"","_seopress_titles_title":"","_seopress_titles_desc":"","_seopress_robots_index":"","_uag_custom_page_level_css":"","site-sidebar-layout":"default","site-content-layout":"","ast-site-content-layout":"default","site-content-style":"default","site-sidebar-style":"default","ast-global-header-display":"","ast-banner-title-visibility":"","ast-main-header-display":"","ast-hfb-above-header-display":"","ast-hfb-below-header-display":"","ast-hfb-mobile-header-display":"","site-post-title":"","ast-breadcrumbs-content":"","ast-featured-img":"","footer-sml-layout":"","ast-disable-related-posts":"","theme-transparent-header-meta":"default","adv-header-id-meta":"","stick-header-meta":"default","header-above-stick-meta":"","header-main-stick-meta":"","header-below-stick-meta":"","astra-migrate-meta-layouts":"set","ast-page-background-enabled":"default","ast-page-background-meta":{"desktop":{"background-color":"","background-image":"","background-repeat":"repeat","background-position":"center center","background-size":"auto","background-attachment":"scroll","background-type":"","background-media":"","overlay-type":"","overlay-color":"","overlay-opacity":"","overlay-gradient":""},"tablet":{"background-color":"","background-image":"","background-repeat":"repeat","background-position":"center center","background-size":"auto","background-attachment":"scroll","background-type":"","background-media":"","overlay-type":"","overlay-color":"","overlay-opacity":"","overlay-gradient":""},"mobile":{"background-color":"","background-image":"","background-repeat":"repeat","background-position":"center center","background-size":"auto","background-attachment":"scroll","background-type":"","background-media":"","overlay-type":"","overlay-color":"","overlay-opacity":"","overlay-gradient":""}},"ast-content-background-meta":{"desktop":{"background-color":"var(--ast-global-color-5)","background-image":"","background-repeat":"repeat","background-position":"center center","background-size":"auto","background-attachment":"scroll","background-type":"","background-media":"","overlay-type":"","overlay-color":"","overlay-opacity":"","overlay-gradient":""},"tablet":{"background-color":"var(--ast-global-color-5)","background-image":"","background-repeat":"repeat","background-position":"center center","background-size":"auto","background-attachment":"scroll","background-type":"","background-media":"","overlay-type":"","overlay-color":"","overlay-opacity":"","overlay-gradient":""},"mobile":{"background-color":"var(--ast-global-color-5)","background-image":"","background-repeat":"repeat","background-position":"center center","background-size":"auto","background-attachment":"scroll","background-type":"","background-media":"","overlay-type":"","overlay-color":"","overlay-opacity":"","overlay-gradient":""}}},"product_brand":[],"product_cat":[60],"product_tag":[],"class_list":{"0":"post-3663","1":"product","2":"type-product","3":"status-publish","4":"has-post-thumbnail","6":"product_cat-uvlaser","7":"desktop-align-left","8":"tablet-align-left","9":"mobile-align-left","10":"ast-product-gallery-layout-horizontal-slider","11":"ast-product-gallery-with-no-image","12":"ast-product-tabs-layout-horizontal","14":"first","15":"instock","16":"shipping-taxable","17":"product-type-simple"},"uagb_featured_image_src":{"full":["https:\/\/wisecnclaser.com\/wp-content\/uploads\/2025\/05\/9d8ba12f74b088ff66b03c5b2451e9f8.jpg",800,800,false],"thumbnail":["https:\/\/wisecnclaser.com\/wp-content\/uploads\/2025\/05\/9d8ba12f74b088ff66b03c5b2451e9f8-150x150.jpg",150,150,true],"medium":["https:\/\/wisecnclaser.com\/wp-content\/uploads\/2025\/05\/9d8ba12f74b088ff66b03c5b2451e9f8-300x300.jpg",300,300,true],"medium_large":["https:\/\/wisecnclaser.com\/wp-content\/uploads\/2025\/05\/9d8ba12f74b088ff66b03c5b2451e9f8-768x768.jpg",768,768,true],"large":["https:\/\/wisecnclaser.com\/wp-content\/uploads\/2025\/05\/9d8ba12f74b088ff66b03c5b2451e9f8.jpg",800,800,false],"1536x1536":["https:\/\/wisecnclaser.com\/wp-content\/uploads\/2025\/05\/9d8ba12f74b088ff66b03c5b2451e9f8.jpg",800,800,false],"2048x2048":["https:\/\/wisecnclaser.com\/wp-content\/uploads\/2025\/05\/9d8ba12f74b088ff66b03c5b2451e9f8.jpg",800,800,false],"trp-custom-language-flag":["https:\/\/wisecnclaser.com\/wp-content\/uploads\/2025\/05\/9d8ba12f74b088ff66b03c5b2451e9f8-12x12.jpg",12,12,true],"woocommerce_thumbnail":["https:\/\/wisecnclaser.com\/wp-content\/uploads\/2025\/05\/9d8ba12f74b088ff66b03c5b2451e9f8-300x300.jpg",300,300,true],"woocommerce_single":["https:\/\/wisecnclaser.com\/wp-content\/uploads\/2025\/05\/9d8ba12f74b088ff66b03c5b2451e9f8-600x600.jpg",600,600,true],"woocommerce_gallery_thumbnail":["https:\/\/wisecnclaser.com\/wp-content\/uploads\/2025\/05\/9d8ba12f74b088ff66b03c5b2451e9f8-100x100.jpg",100,100,true]},"uagb_author_info":{"display_name":"jinxing6611@gmail.com","author_link":"https:\/\/wisecnclaser.com\/es\/author\/"},"uagb_comment_info":0,"uagb_excerpt":"The ultraviolet laser marking machine is a series of laser marking machines, so the principle is similar to that of the laser marking machine, and the laser beam is used to make permanent marks on the surface of various materials. The effect of marking is to directly break the molecular chain of the substance through&hellip;","_links":{"self":[{"href":"https:\/\/wisecnclaser.com\/es\/wp-json\/wp\/v2\/product\/3663","targetHints":{"allow":["GET"]}}],"collection":[{"href":"https:\/\/wisecnclaser.com\/es\/wp-json\/wp\/v2\/product"}],"about":[{"href":"https:\/\/wisecnclaser.com\/es\/wp-json\/wp\/v2\/types\/product"}],"wp:featuredmedia":[{"embeddable":true,"href":"https:\/\/wisecnclaser.com\/es\/wp-json\/wp\/v2\/media\/3666"}],"wp:attachment":[{"href":"https:\/\/wisecnclaser.com\/es\/wp-json\/wp\/v2\/media?parent=3663"}],"wp:term":[{"taxonomy":"product_brand","embeddable":true,"href":"https:\/\/wisecnclaser.com\/es\/wp-json\/wp\/v2\/product_brand?post=3663"},{"taxonomy":"product_cat","embeddable":true,"href":"https:\/\/wisecnclaser.com\/es\/wp-json\/wp\/v2\/product_cat?post=3663"},{"taxonomy":"product_tag","embeddable":true,"href":"https:\/\/wisecnclaser.com\/es\/wp-json\/wp\/v2\/product_tag?post=3663"}],"curies":[{"name":"wp","href":"https:\/\/api.w.org\/{rel}","templated":true}]}}