{"id":3691,"date":"2025-05-23T01:31:12","date_gmt":"2025-05-23T01:31:12","guid":{"rendered":"https:\/\/wisecnclaser.com\/?post_type=product&#038;p=3691"},"modified":"2026-01-26T08:08:23","modified_gmt":"2026-01-26T08:08:23","slug":"ws3300-standard-cnc-beam-saw","status":"publish","type":"product","link":"https:\/\/wisecnclaser.com\/es\/producto\/ws3300-standard-cnc-beam-saw\/","title":{"rendered":"Tronzadora CNC est\u00e1ndar WS3300"},"content":{"rendered":"<p><strong>Caracter\u00edsticas:<\/strong><\/p>\n<p>La sierra de corte electr\u00f3nica de carga frontal es adecuada para el corte de precisi\u00f3n de tableros tales como paneles a base de madera, paneles de aluminio, plexigl\u00e1s, y panel de fibra de vidrio medio, MDF, tableros de part\u00edculas, tableros de ABS, tableros de PVC, madera maciza, etc. que son ampliamente utilizados para las f\u00e1bricas de electrodom\u00e9sticos, f\u00e1bricas de electrodom\u00e9sticos, f\u00e1bricas de ropa, f\u00e1bricas de juguetes, f\u00e1bricas de hardware, etc.<\/p>\n<p>1. Las encimeras flotantes pueden reducir la intensidad de trabajo de los operarios y evitar ara\u00f1azos en el tablero inferior.<\/p>\n<p>2. El sistema de transmisi\u00f3n de pi\u00f1\u00f3n y cremallera de alta calidad garantiza un procesamiento r\u00e1pido y un movimiento suave. 3. El motor principal de la sierra es accionado por una correa acanalada m\u00faltiple para garantizar la precisi\u00f3n y estabilidad del aserrado. 4. 4. La carrera de la sierra se puede ajustar autom\u00e1ticamente de acuerdo a diferentes longitudes de aserrado para reducir el tiempo de desplazamiento y mejorar la eficiencia del trabajo.<\/p>\n<p>5. La hoja de sierra se instala y desinstala f\u00e1cilmente<\/p>\n<p>6. La sierra principal y la sierra de ranuras se elevan y bajan de forma independiente, utilizando gu\u00edas lineales. El sistema garantiza la precisi\u00f3n de procesamiento y la resistencia estructural, y logra una alta calidad de corte<\/p>\n<p>&nbsp;<\/p>\n<p><strong>Par\u00e1metros t\u00e9cnicos:<\/strong><\/p>\n<table border=\"1\">\n<tbody>\n<tr class=\"firstRow\">\n<td colspan=\"2\" width=\"662\"><strong>Descripci\u00f3n y especificaciones:<\/strong><\/td>\n<\/tr>\n<tr>\n<td valign=\"top\" width=\"331\">Longitud m\u00e1xima de corte<\/td>\n<td valign=\"top\" width=\"331\">3300 mm<\/td>\n<\/tr>\n<tr>\n<td valign=\"top\" width=\"331\">Anchura m\u00e1xima de corte<\/td>\n<td valign=\"top\" width=\"331\">3300 mm<\/td>\n<\/tr>\n<tr>\n<td valign=\"top\" width=\"331\">Altura m\u00e1xima de corte<\/td>\n<td valign=\"top\" width=\"331\">120 mm<\/td>\n<\/tr>\n<tr>\n<td valign=\"top\" width=\"331\">Altura m\u00e1xima de la sierra<\/td>\n<td valign=\"top\" width=\"331\">125 mm<\/td>\n<\/tr>\n<tr>\n<td valign=\"top\" width=\"331\">Tama\u00f1o m\u00ednimo de corte del panel<\/td>\n<td valign=\"top\" width=\"331\">50*50mm<\/td>\n<\/tr>\n<tr>\n<td valign=\"top\" width=\"331\">Potencia del motor de la sierra principal<\/td>\n<td valign=\"top\" width=\"331\">15kw<\/td>\n<\/tr>\n<tr>\n<td valign=\"top\" width=\"331\">Di\u00e1metro de la sierra principal<\/td>\n<td valign=\"top\" width=\"331\">450 mm<\/td>\n<\/tr>\n<tr>\n<td valign=\"top\" width=\"331\">Di\u00e1metro del eje de sierra<\/td>\n<td valign=\"top\" width=\"331\">75 mm<\/td>\n<\/tr>\n<tr>\n<td valign=\"top\" width=\"331\">Velocidad de rotaci\u00f3n del husillo<\/td>\n<td valign=\"top\" width=\"331\">4000 rpm<\/td>\n<\/tr>\n<tr>\n<td valign=\"top\" width=\"331\">Potencia del motor de la sierra menor<\/td>\n<td valign=\"top\" width=\"331\">2,2 kW<\/td>\n<\/tr>\n<tr>\n<td valign=\"top\" width=\"331\">Di\u00e1metro menor de la sierra<\/td>\n<td valign=\"top\" width=\"331\">200 mm<\/td>\n<\/tr>\n<tr>\n<td valign=\"top\" width=\"331\">Di\u00e1metro menor del eje de la sierra<\/td>\n<td valign=\"top\" width=\"331\">50 mm<\/td>\n<\/tr>\n<tr>\n<td valign=\"top\" width=\"331\">Velocidad de rotaci\u00f3n del eje de la sierra menor<\/td>\n<td valign=\"top\" width=\"331\">6000 rpm<\/td>\n<\/tr>\n<tr>\n<td valign=\"top\" width=\"331\">Material Motor de accionamiento del sistema de empuje<\/td>\n<td valign=\"top\" width=\"331\">1,8 kW<\/td>\n<\/tr>\n<tr>\n<td valign=\"top\" width=\"331\">Material Sistema de empuje Velocidad de empuje<\/td>\n<td valign=\"top\" width=\"331\">5-100 m\/min<\/td>\n<\/tr>\n<tr>\n<td valign=\"top\" width=\"331\">Velocidad de tracci\u00f3n del sistema de empuje del material<\/td>\n<td valign=\"top\" width=\"331\">5-100 m\/min<\/td>\n<\/tr>\n<tr>\n<td valign=\"top\" width=\"331\">Motor soplador de alta presi\u00f3n<\/td>\n<td valign=\"top\" width=\"331\">5CV\/3KW<\/td>\n<\/tr>\n<tr>\n<td valign=\"top\" width=\"331\">Motor de cambio lateral<\/td>\n<td valign=\"top\" width=\"331\">90w<\/td>\n<\/tr>\n<tr>\n<td valign=\"top\" width=\"331\">Motor de accionamiento de la base de la sierra<\/td>\n<td valign=\"top\" width=\"331\">3,4 kW<\/td>\n<\/tr>\n<tr>\n<td valign=\"top\" width=\"331\">Velocidad de avance<\/td>\n<td valign=\"top\" width=\"331\">0-120 m\/min<\/td>\n<\/tr>\n<tr>\n<td valign=\"top\" width=\"331\">Velocidad de retorno<\/td>\n<td valign=\"top\" width=\"331\">120 m\/min<\/td>\n<\/tr>\n<tr>\n<td valign=\"top\" width=\"331\">Altura de la mesa de la m\u00e1quina sobre el suelo<\/td>\n<td valign=\"top\" width=\"331\">970 mm<\/td>\n<\/tr>\n<tr>\n<td valign=\"top\" width=\"331\">Pinza<\/td>\n<td valign=\"top\" width=\"331\">8 grupos<\/td>\n<\/tr>\n<tr>\n<td valign=\"top\" width=\"331\">Dimensiones de la m\u00e1quina<\/td>\n<td valign=\"top\" width=\"331\">6950*7400*2000mm<\/td>\n<\/tr>\n<tr>\n<td valign=\"top\" width=\"331\">Peso de la m\u00e1quina<\/td>\n<td valign=\"top\" width=\"331\">5800kgs<\/td>\n<\/tr>\n<tr>\n<td valign=\"top\" width=\"331\">Software<\/td>\n<td valign=\"top\" width=\"331\">Sierra autom\u00e1tica<\/td>\n<\/tr>\n<\/tbody>\n<\/table>\n<div style=\"width: 654px;\" class=\"wp-video\"><video class=\"wp-video-shortcode\" id=\"video-3691-1\" width=\"654\" height=\"368\" preload=\"metadata\" controls=\"controls\"><source type=\"video\/mp4\" src=\"https:\/\/wisecnclaser.com\/wp-content\/uploads\/2025\/05\/1643180959780656.mp4?_=1\" \/><a href=\"https:\/\/wisecnclaser.com\/wp-content\/uploads\/2025\/05\/1643180959780656.mp4\">https:\/\/wisecnclaser.com\/wp-content\/uploads\/2025\/05\/1643180959780656.mp4<\/a><\/video><\/div>","protected":false},"excerpt":{"rendered":"<p>La sierra de calar electr\u00f3nica (sierra de viga CNC), tambi\u00e9n conocida como sierra de panel computarizada, es un producto mejorado de la sierra de panel de mesa deslizante de empuje manual y la sierra reciprocante. S\u00f3lo necesita 1-2 operarios. La sierra de corte electr\u00f3nica tiene alta precisi\u00f3n de corte, corte de panel eficiente, operaci\u00f3n de principiante, ahorro de mano de obra, corte tipo tonto, operaci\u00f3n integrada hombre-m\u00e1quina, introduce los datos a cortar en la pantalla t\u00e1ctil o PC, y arranca el tablero por s\u00ed mismo. Mecanizado de precisi\u00f3n.<\/p>","protected":false},"featured_media":4377,"template":"","meta":{"_seopress_robots_primary_cat":"none","_seopress_titles_title":"","_seopress_titles_desc":"","_seopress_robots_index":"","_uag_custom_page_level_css":"","site-sidebar-layout":"default","site-content-layout":"","ast-site-content-layout":"default","site-content-style":"default","site-sidebar-style":"default","ast-global-header-display":"","ast-banner-title-visibility":"","ast-main-header-display":"","ast-hfb-above-header-display":"","ast-hfb-below-header-display":"","ast-hfb-mobile-header-display":"","site-post-title":"","ast-breadcrumbs-content":"","ast-featured-img":"","footer-sml-layout":"","ast-disable-related-posts":"","theme-transparent-header-meta":"default","adv-header-id-meta":"","stick-header-meta":"default","header-above-stick-meta":"","header-main-stick-meta":"","header-below-stick-meta":"","astra-migrate-meta-layouts":"set","ast-page-background-enabled":"default","ast-page-background-meta":{"desktop":{"background-color":"","background-image":"","background-repeat":"repeat","background-position":"center center","background-size":"auto","background-attachment":"scroll","background-type":"","background-media":"","overlay-type":"","overlay-color":"","overlay-opacity":"","overlay-gradient":""},"tablet":{"background-color":"","background-image":"","background-repeat":"repeat","background-position":"center center","background-size":"auto","background-attachment":"scroll","background-type":"","background-media":"","overlay-type":"","overlay-color":"","overlay-opacity":"","overlay-gradient":""},"mobile":{"background-color":"","background-image":"","background-repeat":"repeat","background-position":"center center","background-size":"auto","background-attachment":"scroll","background-type":"","background-media":"","overlay-type":"","overlay-color":"","overlay-opacity":"","overlay-gradient":""}},"ast-content-background-meta":{"desktop":{"background-color":"var(--ast-global-color-5)","background-image":"","background-repeat":"repeat","background-position":"center center","background-size":"auto","background-attachment":"scroll","background-type":"","background-media":"","overlay-type":"","overlay-color":"","overlay-opacity":"","overlay-gradient":""},"tablet":{"background-color":"var(--ast-global-color-5)","background-image":"","background-repeat":"repeat","background-position":"center center","background-size":"auto","background-attachment":"scroll","background-type":"","background-media":"","overlay-type":"","overlay-color":"","overlay-opacity":"","overlay-gradient":""},"mobile":{"background-color":"var(--ast-global-color-5)","background-image":"","background-repeat":"repeat","background-position":"center center","background-size":"auto","background-attachment":"scroll","background-type":"","background-media":"","overlay-type":"","overlay-color":"","overlay-opacity":"","overlay-gradient":""}}},"product_brand":[],"product_cat":[39],"product_tag":[95,93,178],"class_list":{"0":"post-3691","1":"product","2":"type-product","3":"status-publish","4":"has-post-thumbnail","6":"product_cat-cuttingsaw","7":"product_tag-beam-saw-machine","8":"product_tag-cnc-beam-saw","9":"product_tag-computer-panel-saw","10":"desktop-align-left","11":"tablet-align-left","12":"mobile-align-left","13":"ast-product-gallery-layout-horizontal-slider","14":"ast-product-gallery-with-no-image","15":"ast-product-tabs-layout-horizontal","17":"first","18":"instock","19":"featured","20":"shipping-taxable","21":"product-type-simple"},"uagb_featured_image_src":{"full":["https:\/\/wisecnclaser.com\/wp-content\/uploads\/2025\/05\/3300\u6807\u914d-\u524d\u4e0a\u6599-\u4e0d\u542b\u4fa7\u9760.png",800,800,false],"thumbnail":["https:\/\/wisecnclaser.com\/wp-content\/uploads\/2025\/05\/3300\u6807\u914d-\u524d\u4e0a\u6599-\u4e0d\u542b\u4fa7\u9760-150x150.png",150,150,true],"medium":["https:\/\/wisecnclaser.com\/wp-content\/uploads\/2025\/05\/3300\u6807\u914d-\u524d\u4e0a\u6599-\u4e0d\u542b\u4fa7\u9760-300x300.png",300,300,true],"medium_large":["https:\/\/wisecnclaser.com\/wp-content\/uploads\/2025\/05\/3300\u6807\u914d-\u524d\u4e0a\u6599-\u4e0d\u542b\u4fa7\u9760-768x768.png",768,768,true],"large":["https:\/\/wisecnclaser.com\/wp-content\/uploads\/2025\/05\/3300\u6807\u914d-\u524d\u4e0a\u6599-\u4e0d\u542b\u4fa7\u9760.png",800,800,false],"1536x1536":["https:\/\/wisecnclaser.com\/wp-content\/uploads\/2025\/05\/3300\u6807\u914d-\u524d\u4e0a\u6599-\u4e0d\u542b\u4fa7\u9760.png",800,800,false],"2048x2048":["https:\/\/wisecnclaser.com\/wp-content\/uploads\/2025\/05\/3300\u6807\u914d-\u524d\u4e0a\u6599-\u4e0d\u542b\u4fa7\u9760.png",800,800,false],"trp-custom-language-flag":["https:\/\/wisecnclaser.com\/wp-content\/uploads\/2025\/05\/3300\u6807\u914d-\u524d\u4e0a\u6599-\u4e0d\u542b\u4fa7\u9760-12x12.png",12,12,true],"woocommerce_thumbnail":["https:\/\/wisecnclaser.com\/wp-content\/uploads\/2025\/05\/3300\u6807\u914d-\u524d\u4e0a\u6599-\u4e0d\u542b\u4fa7\u9760-300x300.png",300,300,true],"woocommerce_single":["https:\/\/wisecnclaser.com\/wp-content\/uploads\/2025\/05\/3300\u6807\u914d-\u524d\u4e0a\u6599-\u4e0d\u542b\u4fa7\u9760-600x600.png",600,600,true],"woocommerce_gallery_thumbnail":["https:\/\/wisecnclaser.com\/wp-content\/uploads\/2025\/05\/3300\u6807\u914d-\u524d\u4e0a\u6599-\u4e0d\u542b\u4fa7\u9760-100x100.png",100,100,true]},"uagb_author_info":{"display_name":"jinxing6611@gmail.com","author_link":"https:\/\/wisecnclaser.com\/es\/author\/"},"uagb_comment_info":0,"uagb_excerpt":"Electronic sizing saw (CNC Beam Saw), also known as computer panel saw, is an upgraded product of hand-push sliding table panel saw and reciprocating saw. It only needs 1-2 operators. The electronic cutting saw has high cutting accuracy, efficient panel cutting, novice operation, labor-saving, fool-type cutting, man-machine integrated operation, input the data to be cut&hellip;","_links":{"self":[{"href":"https:\/\/wisecnclaser.com\/es\/wp-json\/wp\/v2\/product\/3691","targetHints":{"allow":["GET"]}}],"collection":[{"href":"https:\/\/wisecnclaser.com\/es\/wp-json\/wp\/v2\/product"}],"about":[{"href":"https:\/\/wisecnclaser.com\/es\/wp-json\/wp\/v2\/types\/product"}],"wp:featuredmedia":[{"embeddable":true,"href":"https:\/\/wisecnclaser.com\/es\/wp-json\/wp\/v2\/media\/4377"}],"wp:attachment":[{"href":"https:\/\/wisecnclaser.com\/es\/wp-json\/wp\/v2\/media?parent=3691"}],"wp:term":[{"taxonomy":"product_brand","embeddable":true,"href":"https:\/\/wisecnclaser.com\/es\/wp-json\/wp\/v2\/product_brand?post=3691"},{"taxonomy":"product_cat","embeddable":true,"href":"https:\/\/wisecnclaser.com\/es\/wp-json\/wp\/v2\/product_cat?post=3691"},{"taxonomy":"product_tag","embeddable":true,"href":"https:\/\/wisecnclaser.com\/es\/wp-json\/wp\/v2\/product_tag?post=3691"}],"curies":[{"name":"wp","href":"https:\/\/api.w.org\/{rel}","templated":true}]}}