{"id":3696,"date":"2025-05-23T01:33:40","date_gmt":"2025-05-23T01:33:40","guid":{"rendered":"https:\/\/wisecnclaser.com\/?post_type=product&#038;p=3696"},"modified":"2026-03-11T03:42:51","modified_gmt":"2026-03-11T03:42:51","slug":"5-axis-cnc-foam-carving-machine","status":"publish","type":"product","link":"https:\/\/wisecnclaser.com\/es\/producto\/5-axis-cnc-foam-carving-machine\/","title":{"rendered":"5 ejes cnc 3d espuma tallado m\u00e1quina de corte"},"content":{"rendered":"<p><strong>PARTES PRINCIPALES DE 5 EJES CNC 3D M\u00c1QUINA DE TALLADO DE ESPUMA<\/strong><\/p>\n<p>1. Sistema de control: Sistema de control de cinco ejes Taiyuan<\/p>\n<p>2. Sistema de accionamiento: servomotor chino y accionamiento de apoyo<\/p>\n<p>3. Reductor de accionamiento: reductor planetario de precisi\u00f3n<\/p>\n<p>4. Riel de soporte: Riel cuadrado 30# de Taiw\u00e1n de alta precisi\u00f3n<\/p>\n<p>5. Tornillo del eje Z: Estructura de bolas TBI de Taiw\u00e1n<\/p>\n<p>6. Cremallera de transmisi\u00f3n: cremallera helicoidal de alta precisi\u00f3n de 1,5 m.<\/p>\n<p>7. Convertidor de frecuencia: Convertidor de frecuencia Fuling de 7,5 kW.<\/p>\n<p>8. Motor de husillo: CHINA 6KW husillo refrigerado por aire<\/p>\n<p>9. Armario el\u00e9ctrico: armario independiente cl\u00e1sico vertical<\/p>\n<p>10. L\u00ednea del motor: l\u00ednea de codificaci\u00f3n del motor original del servo<\/p>\n<p>11. Cable de transmisi\u00f3n: Cable blindado especial CNC de alta flexibilidad<\/p>\n<p>12. Protecci\u00f3n: Eje XYZ a prueba de polvo<\/p>\n<p>13. Sistema de inyecci\u00f3n de aceite: inyecci\u00f3n de aceite de tipo de distribuci\u00f3n cuantitativa el\u00e9ctrica.<\/p>\n<p>14. Principales electrodom\u00e9sticos: marcas dom\u00e9sticas conocidas<\/p>\n<p>15. Accesorios: herramientas especiales para la escultura de espuma<\/p>\n<p>&nbsp;<\/p>\n<p><strong>APLICACI\u00d3N de la m\u00e1quina de tallado de espuma cnc de 5 ejes<\/strong><\/p>\n<p>Fabricaci\u00f3n de estatuas de espuma 3D o esculturas de espuma<\/p>\n<table border=\"1\">\n<tbody>\n<tr class=\"firstRow\">\n<td width=\"195\">Nombre<\/td>\n<td width=\"435\">M\u00e1quina de tallado de espuma de 5 ejes<\/td>\n<\/tr>\n<tr>\n<td width=\"195\">Altura de trabajo (eje x)<\/td>\n<td width=\"435\">2500mm<\/td>\n<\/tr>\n<tr>\n<td width=\"195\">Di\u00e1metro de trabajo (eje y)<\/td>\n<td width=\"435\">1500 mm<\/td>\n<\/tr>\n<tr>\n<td width=\"195\">Cuadro m\u00f3vil<\/td>\n<td width=\"435\">1500 mm<\/td>\n<\/tr>\n<tr>\n<td width=\"195\">Di\u00e1metro de rotaci\u00f3n<\/td>\n<td width=\"435\">1500 mm<\/td>\n<\/tr>\n<tr>\n<td width=\"195\">Velocidad de rotaci\u00f3n<\/td>\n<td width=\"435\">3000-18000 rpm<\/td>\n<\/tr>\n<tr>\n<td width=\"195\">Velocidad de alimentaci\u00f3n<\/td>\n<td width=\"435\">1-6000 mm\/min<\/td>\n<\/tr>\n<tr>\n<td width=\"195\">Avance r\u00e1pido \uff08XYZ\uff09<\/td>\n<td width=\"435\">6000 mm\/min<\/td>\n<\/tr>\n<tr>\n<td width=\"195\">Sistema dpi<\/td>\n<td width=\"435\">\u00b10.001<\/td>\n<\/tr>\n<tr>\n<td width=\"195\">Comando admitido<\/td>\n<td width=\"435\">C\u00f3digo G<\/td>\n<\/tr>\n<tr>\n<td width=\"195\">Sistema de conducci\u00f3n<\/td>\n<td width=\"435\">Servocontrolador y motor<\/td>\n<\/tr>\n<tr>\n<td width=\"195\">Bastidor de la m\u00e1quina<\/td>\n<td width=\"435\">Bastidor de acero soldado de alta resistencia<\/td>\n<\/tr>\n<tr>\n<td width=\"195\">Potencia de trabajo<\/td>\n<td width=\"435\">AC380V trif\u00e1sico 50HZ<\/td>\n<\/tr>\n<\/tbody>\n<\/table>\n<p>5 Axis 3d Videos de trabajo de la m\u00e1quina de la escultura de la espuma:<\/p>\n<div class=\"ast-oembed-container\" style=\"height: 100%;\"><iframe title=\"5 ejes 3d escultura de espuma de la m\u00e1quina, 5 ejes de espuma estatua fresadora cnc, 3d espuma router cnc\" width=\"500\" height=\"281\" src=\"https:\/\/www.youtube.com\/embed\/Uj26JZEQQCY?feature=oembed\" frameborder=\"0\" allow=\"accelerometer; autoplay; clipboard-write; encrypted-media; gyroscope; picture-in-picture; web-share\" referrerpolicy=\"strict-origin-when-cross-origin\" allowfullscreen><\/iframe><\/div>","protected":false},"excerpt":{"rendered":"<p>MAIN PARTS OF 5 AXIS CNC 3D FOAM CARVING MACHINE 1. Control system: Taiyuan five-axis control system 2. Drive system: china servo motor and supporting drive 3. Drive reducer: precision planetary reducer 4. Support rail: Taiwan high precision 30# square rail 5. Z-axis screw: Taiwan TBI ball structure 6. Transmission rack: high precision 1.5m helical [&hellip;]<\/p>\n","protected":false},"featured_media":3699,"template":"","meta":{"_seopress_robots_primary_cat":"none","_seopress_titles_title":"","_seopress_titles_desc":"","_seopress_robots_index":"","_uag_custom_page_level_css":"","site-sidebar-layout":"default","site-content-layout":"","ast-site-content-layout":"default","site-content-style":"default","site-sidebar-style":"default","ast-global-header-display":"","ast-banner-title-visibility":"","ast-main-header-display":"","ast-hfb-above-header-display":"","ast-hfb-below-header-display":"","ast-hfb-mobile-header-display":"","site-post-title":"","ast-breadcrumbs-content":"","ast-featured-img":"","footer-sml-layout":"","ast-disable-related-posts":"","theme-transparent-header-meta":"default","adv-header-id-meta":"","stick-header-meta":"default","header-above-stick-meta":"","header-main-stick-meta":"","header-below-stick-meta":"","astra-migrate-meta-layouts":"set","ast-page-background-enabled":"default","ast-page-background-meta":{"desktop":{"background-color":"","background-image":"","background-repeat":"repeat","background-position":"center center","background-size":"auto","background-attachment":"scroll","background-type":"","background-media":"","overlay-type":"","overlay-color":"","overlay-opacity":"","overlay-gradient":""},"tablet":{"background-color":"","background-image":"","background-repeat":"repeat","background-position":"center center","background-size":"auto","background-attachment":"scroll","background-type":"","background-media":"","overlay-type":"","overlay-color":"","overlay-opacity":"","overlay-gradient":""},"mobile":{"background-color":"","background-image":"","background-repeat":"repeat","background-position":"center center","background-size":"auto","background-attachment":"scroll","background-type":"","background-media":"","overlay-type":"","overlay-color":"","overlay-opacity":"","overlay-gradient":""}},"ast-content-background-meta":{"desktop":{"background-color":"var(--ast-global-color-5)","background-image":"","background-repeat":"repeat","background-position":"center center","background-size":"auto","background-attachment":"scroll","background-type":"","background-media":"","overlay-type":"","overlay-color":"","overlay-opacity":"","overlay-gradient":""},"tablet":{"background-color":"var(--ast-global-color-5)","background-image":"","background-repeat":"repeat","background-position":"center center","background-size":"auto","background-attachment":"scroll","background-type":"","background-media":"","overlay-type":"","overlay-color":"","overlay-opacity":"","overlay-gradient":""},"mobile":{"background-color":"var(--ast-global-color-5)","background-image":"","background-repeat":"repeat","background-position":"center center","background-size":"auto","background-attachment":"scroll","background-type":"","background-media":"","overlay-type":"","overlay-color":"","overlay-opacity":"","overlay-gradient":""}}},"product_brand":[],"product_cat":[43],"product_tag":[],"class_list":{"0":"post-3696","1":"product","2":"type-product","3":"status-publish","4":"has-post-thumbnail","6":"product_cat-foam","7":"desktop-align-left","8":"tablet-align-left","9":"mobile-align-left","10":"ast-product-gallery-layout-horizontal-slider","11":"ast-product-gallery-with-no-image","12":"ast-product-tabs-layout-horizontal","14":"first","15":"instock","16":"featured","17":"shipping-taxable","18":"product-type-simple"},"uagb_featured_image_src":{"full":["https:\/\/wisecnclaser.com\/wp-content\/uploads\/2025\/05\/3f43e563345327845a650b685be9bca0.png",571,800,false],"thumbnail":["https:\/\/wisecnclaser.com\/wp-content\/uploads\/2025\/05\/3f43e563345327845a650b685be9bca0-150x150.png",150,150,true],"medium":["https:\/\/wisecnclaser.com\/wp-content\/uploads\/2025\/05\/3f43e563345327845a650b685be9bca0-214x300.png",214,300,true],"medium_large":["https:\/\/wisecnclaser.com\/wp-content\/uploads\/2025\/05\/3f43e563345327845a650b685be9bca0.png",571,800,false],"large":["https:\/\/wisecnclaser.com\/wp-content\/uploads\/2025\/05\/3f43e563345327845a650b685be9bca0.png",571,800,false],"1536x1536":["https:\/\/wisecnclaser.com\/wp-content\/uploads\/2025\/05\/3f43e563345327845a650b685be9bca0.png",571,800,false],"2048x2048":["https:\/\/wisecnclaser.com\/wp-content\/uploads\/2025\/05\/3f43e563345327845a650b685be9bca0.png",571,800,false],"trp-custom-language-flag":["https:\/\/wisecnclaser.com\/wp-content\/uploads\/2025\/05\/3f43e563345327845a650b685be9bca0-9x12.png",9,12,true],"woocommerce_thumbnail":["https:\/\/wisecnclaser.com\/wp-content\/uploads\/2025\/05\/3f43e563345327845a650b685be9bca0-300x300.png",300,300,true],"woocommerce_single":["https:\/\/wisecnclaser.com\/wp-content\/uploads\/2025\/05\/3f43e563345327845a650b685be9bca0.png",571,800,false],"woocommerce_gallery_thumbnail":["https:\/\/wisecnclaser.com\/wp-content\/uploads\/2025\/05\/3f43e563345327845a650b685be9bca0-100x100.png",100,100,true]},"uagb_author_info":{"display_name":"jinxing6611@gmail.com","author_link":"https:\/\/wisecnclaser.com\/es\/author\/"},"uagb_comment_info":0,"uagb_excerpt":"MAIN PARTS OF 5 AXIS CNC 3D FOAM CARVING MACHINE 1. Control system: Taiyuan five-axis control system 2. Drive system: china servo motor and supporting drive 3. Drive reducer: precision planetary reducer 4. Support rail: Taiwan high precision 30# square rail 5. Z-axis screw: Taiwan TBI ball structure 6. Transmission rack: high precision 1.5m helical&hellip;","_links":{"self":[{"href":"https:\/\/wisecnclaser.com\/es\/wp-json\/wp\/v2\/product\/3696","targetHints":{"allow":["GET"]}}],"collection":[{"href":"https:\/\/wisecnclaser.com\/es\/wp-json\/wp\/v2\/product"}],"about":[{"href":"https:\/\/wisecnclaser.com\/es\/wp-json\/wp\/v2\/types\/product"}],"wp:featuredmedia":[{"embeddable":true,"href":"https:\/\/wisecnclaser.com\/es\/wp-json\/wp\/v2\/media\/3699"}],"wp:attachment":[{"href":"https:\/\/wisecnclaser.com\/es\/wp-json\/wp\/v2\/media?parent=3696"}],"wp:term":[{"taxonomy":"product_brand","embeddable":true,"href":"https:\/\/wisecnclaser.com\/es\/wp-json\/wp\/v2\/product_brand?post=3696"},{"taxonomy":"product_cat","embeddable":true,"href":"https:\/\/wisecnclaser.com\/es\/wp-json\/wp\/v2\/product_cat?post=3696"},{"taxonomy":"product_tag","embeddable":true,"href":"https:\/\/wisecnclaser.com\/es\/wp-json\/wp\/v2\/product_tag?post=3696"}],"curies":[{"name":"wp","href":"https:\/\/api.w.org\/{rel}","templated":true}]}}