{"id":3708,"date":"2025-05-23T01:37:55","date_gmt":"2025-05-23T01:37:55","guid":{"rendered":"https:\/\/wisecnclaser.com\/?post_type=product&#038;p=3708"},"modified":"2025-05-23T01:37:55","modified_gmt":"2025-05-23T01:37:55","slug":"ws1325m-mixed-co2-laser-cutting-machine-for-metal-and-nonmetal","status":"publish","type":"product","link":"https:\/\/wisecnclaser.com\/es\/producto\/ws1325m-mixed-co2-laser-cutting-machine-for-metal-and-nonmetal\/","title":{"rendered":"WS1325M M\u00e1quina de corte l\u00e1ser CO2 mixta para metales y no metales"},"content":{"rendered":"<table border=\"1\">\n<tbody>\n<tr class=\"firstRow\">\n<td colspan=\"8\" width=\"663\">Material aplicable<\/td>\n<\/tr>\n<tr>\n<td colspan=\"4\" width=\"346\">Potencia l\u00e1ser<\/td>\n<td colspan=\"4\" width=\"317\">150W<\/td>\n<\/tr>\n<tr>\n<td width=\"138\">Material<\/td>\n<td colspan=\"2\" width=\"138\">Acr\u00edlico<\/td>\n<td colspan=\"2\" width=\"138\">MDF<\/td>\n<td colspan=\"2\" width=\"138\">Acero inoxidable<\/td>\n<td width=\"109\">Acero al carbono<\/td>\n<\/tr>\n<tr>\n<td width=\"138\">Espesor de corte<\/td>\n<td colspan=\"2\" width=\"138\">30 mm<\/td>\n<td colspan=\"2\" width=\"138\">10 mm<\/td>\n<td colspan=\"2\" width=\"138\">1,5 mm<\/td>\n<td width=\"109\">1,5 mm<\/td>\n<\/tr>\n<tr>\n<td colspan=\"8\" width=\"663\">150W Velocidad de corte:<\/td>\n<\/tr>\n<tr>\n<td colspan=\"2\" width=\"231\">Material<\/td>\n<td colspan=\"4\" width=\"231\">Espesor de corte<\/td>\n<td colspan=\"2\" width=\"202\">Velocidad de corte(mm\/min)<\/td>\n<\/tr>\n<tr>\n<td colspan=\"2\" width=\"231\">Acero inoxidable<\/td>\n<td colspan=\"4\" width=\"231\">0,5 mm<\/td>\n<td colspan=\"2\" width=\"202\">2700<\/td>\n<\/tr>\n<tr>\n<td colspan=\"2\" width=\"231\"><\/td>\n<td colspan=\"4\" width=\"231\">1 mm<\/td>\n<td colspan=\"2\" width=\"202\">1800<\/td>\n<\/tr>\n<tr>\n<td colspan=\"2\" width=\"231\"><\/td>\n<td colspan=\"4\" width=\"231\">1,5 mm<\/td>\n<td colspan=\"2\" width=\"202\">1000-1200<\/td>\n<\/tr>\n<tr>\n<td colspan=\"2\" width=\"231\">Acero al carbono<\/td>\n<td colspan=\"4\" width=\"231\">0,5 mm<\/td>\n<td colspan=\"2\" width=\"202\">3000<\/td>\n<\/tr>\n<tr>\n<td colspan=\"2\" width=\"231\"><\/td>\n<td colspan=\"4\" width=\"231\">1 mm<\/td>\n<td colspan=\"2\" width=\"202\">1800<\/td>\n<\/tr>\n<tr>\n<td colspan=\"2\" width=\"231\"><\/td>\n<td colspan=\"4\" width=\"231\">1,5 mm<\/td>\n<td colspan=\"2\" width=\"202\">1000-1200<\/td>\n<\/tr>\n<tr>\n<td colspan=\"2\" width=\"231\">Acr\u00edlico<\/td>\n<td colspan=\"4\" width=\"231\">10 mm<\/td>\n<td colspan=\"2\" width=\"202\">300<\/td>\n<\/tr>\n<tr>\n<td colspan=\"2\" width=\"231\"><\/td>\n<td colspan=\"4\" width=\"231\">20 mm<\/td>\n<td colspan=\"2\" width=\"202\">90-120<\/td>\n<\/tr>\n<tr>\n<td colspan=\"2\" valign=\"top\" width=\"231\">MDF<\/td>\n<td colspan=\"4\" valign=\"top\" width=\"231\">10 mm<\/td>\n<td colspan=\"2\" valign=\"top\" width=\"202\">300-400<\/td>\n<\/tr>\n<\/tbody>\n<\/table>\n<table border=\"1\">\n<tbody>\n<tr class=\"firstRow\">\n<td colspan=\"2\" width=\"662\">Descripci\u00f3n y especificaciones de la m\u00e1quina de corte l\u00e1ser co2 para metales no met\u00e1licos:<\/td>\n<\/tr>\n<tr>\n<td valign=\"top\" width=\"331\">Tipo l\u00e1ser<\/td>\n<td valign=\"top\" width=\"331\">Tubo l\u00e1ser de CO2 sellado-Marca Reci<\/td>\n<\/tr>\n<tr>\n<td valign=\"top\" width=\"331\">Potencia del l\u00e1ser<\/td>\n<td valign=\"top\" width=\"331\">Tubo l\u00e1ser de 150W reci W6<\/td>\n<\/tr>\n<tr>\n<td valign=\"top\" width=\"331\">\u00c1rea de corte<\/td>\n<td valign=\"top\" width=\"331\">1300*2500mm<\/td>\n<\/tr>\n<tr>\n<td valign=\"top\" width=\"331\">Restablecer la precisi\u00f3n de la posici\u00f3n<\/td>\n<td valign=\"top\" width=\"331\">+\/-0,05 mm<\/td>\n<\/tr>\n<tr>\n<td valign=\"top\" width=\"331\">Tensi\u00f3n de trabajo<\/td>\n<td valign=\"top\" width=\"331\">AC110-220V +\/-10%.50-60HZ, 40A<\/td>\n<\/tr>\n<tr>\n<td valign=\"top\" width=\"331\">Potencia<\/td>\n<td valign=\"top\" width=\"331\">2.000 W m\u00e1x.<\/td>\n<\/tr>\n<tr>\n<td valign=\"top\" width=\"331\">Temperatura de funcionamiento<\/td>\n<td valign=\"top\" width=\"331\">0-45 grados<\/td>\n<\/tr>\n<tr>\n<td valign=\"top\" width=\"331\">Humedad de funcionamiento<\/td>\n<td valign=\"top\" width=\"331\">5-95%<\/td>\n<\/tr>\n<tr>\n<td valign=\"top\" width=\"331\">Car\u00e1cter m\u00ednimo de conformaci\u00f3n<\/td>\n<td valign=\"top\" width=\"331\">Ingl\u00e9s 5*5mm<\/td>\n<\/tr>\n<tr>\n<td valign=\"top\" width=\"331\">Formato gr\u00e1fico compatible<\/td>\n<td valign=\"top\" width=\"331\">BMP, PLT, DST, DXF y AI<\/td>\n<\/tr>\n<tr>\n<td valign=\"top\" width=\"331\">Sistema de conducci\u00f3n<\/td>\n<td valign=\"top\" width=\"331\">Stepper<\/td>\n<\/tr>\n<tr>\n<td valign=\"top\" width=\"331\">Material de corte<\/td>\n<td valign=\"top\" width=\"331\">Met\u00e1licos y no met\u00e1licos<\/td>\n<\/tr>\n<tr>\n<td valign=\"top\" width=\"331\">Espesor de corte<\/td>\n<td valign=\"top\" width=\"331\">20 mm de acr\u00edlico, 1,5 mm de acero al carbono como m\u00e1ximo, 1,2 mm de acero inoxidable como m\u00e1ximo<\/td>\n<\/tr>\n<tr>\n<td valign=\"top\" width=\"331\">Lente y espejo<\/td>\n<td valign=\"top\" width=\"331\">Con 3 lentes instaladas en la m\u00e1quina<\/td>\n<\/tr>\n<tr>\n<td valign=\"top\" width=\"331\">Modo refrigeraci\u00f3n<\/td>\n<td valign=\"top\" width=\"331\">Sistema de refrigeraci\u00f3n y protecci\u00f3n por agua<\/td>\n<\/tr>\n<tr>\n<td valign=\"top\" width=\"331\">Equipos auxiliares<\/td>\n<td valign=\"top\" width=\"331\">Ventilador de escape, tubo de escape de aire, compresor de aire<\/td>\n<\/tr>\n<tr>\n<td valign=\"top\" width=\"331\">Sistema de control<\/td>\n<td valign=\"top\" width=\"331\">Leetro 6595<\/td>\n<\/tr>\n<tr>\n<td valign=\"top\" width=\"331\">Software compatible<\/td>\n<td valign=\"top\" width=\"331\">Coreldraw auto CAD photoshop<\/td>\n<\/tr>\n<tr>\n<td valign=\"top\" width=\"331\">Tama\u00f1o de toda la m\u00e1quina<\/td>\n<td valign=\"top\" width=\"331\">2120*1715*1250mm<\/td>\n<\/tr>\n<tr>\n<td valign=\"top\" width=\"331\">Peso de la m\u00e1quina<\/td>\n<td valign=\"top\" width=\"331\">500Kgs<\/td>\n<\/tr>\n<\/tbody>\n<\/table>\n<p>Aplicaci\u00f3n:<\/p>\n<p>Se utiliza principalmente en la industria publicitaria, la industria de corte de metales, la industria de artesan\u00eda, etc.<\/p>\n<p>Material aplicable: Acr\u00edlico, madera, vidrio org\u00e1nico, cuero, cristal, bamb\u00fa, electr\u00f3nica, acero inoxidable, acero al carbono, etc.<\/p>","protected":false},"excerpt":{"rendered":"<p>M\u00e1quina mixta de corte por l\u00e1ser de co2 para metales y no metales<\/p>\n<p>THC Cabezal de corte con control autom\u00e1tico de altura para corte de metal<\/p>\n<p>Enfriadora de agua CW5000<\/p>\n<p>Controlador paso a paso<\/p>\n<p>Transmisi\u00f3n por correa<\/p>\n<p>Controlador Leetro6595<\/p>","protected":false},"featured_media":3711,"template":"","meta":{"_seopress_robots_primary_cat":"","_seopress_titles_title":"","_seopress_titles_desc":"","_seopress_robots_index":"","_uag_custom_page_level_css":"","site-sidebar-layout":"default","site-content-layout":"","ast-site-content-layout":"default","site-content-style":"default","site-sidebar-style":"default","ast-global-header-display":"","ast-banner-title-visibility":"","ast-main-header-display":"","ast-hfb-above-header-display":"","ast-hfb-below-header-display":"","ast-hfb-mobile-header-display":"","site-post-title":"","ast-breadcrumbs-content":"","ast-featured-img":"","footer-sml-layout":"","ast-disable-related-posts":"","theme-transparent-header-meta":"default","adv-header-id-meta":"","stick-header-meta":"default","header-above-stick-meta":"","header-main-stick-meta":"","header-below-stick-meta":"","astra-migrate-meta-layouts":"set","ast-page-background-enabled":"default","ast-page-background-meta":{"desktop":{"background-color":"","background-image":"","background-repeat":"repeat","background-position":"center center","background-size":"auto","background-attachment":"scroll","background-type":"","background-media":"","overlay-type":"","overlay-color":"","overlay-opacity":"","overlay-gradient":""},"tablet":{"background-color":"","background-image":"","background-repeat":"repeat","background-position":"center center","background-size":"auto","background-attachment":"scroll","background-type":"","background-media":"","overlay-type":"","overlay-color":"","overlay-opacity":"","overlay-gradient":""},"mobile":{"background-color":"","background-image":"","background-repeat":"repeat","background-position":"center center","background-size":"auto","background-attachment":"scroll","background-type":"","background-media":"","overlay-type":"","overlay-color":"","overlay-opacity":"","overlay-gradient":""}},"ast-content-background-meta":{"desktop":{"background-color":"var(--ast-global-color-5)","background-image":"","background-repeat":"repeat","background-position":"center center","background-size":"auto","background-attachment":"scroll","background-type":"","background-media":"","overlay-type":"","overlay-color":"","overlay-opacity":"","overlay-gradient":""},"tablet":{"background-color":"var(--ast-global-color-5)","background-image":"","background-repeat":"repeat","background-position":"center center","background-size":"auto","background-attachment":"scroll","background-type":"","background-media":"","overlay-type":"","overlay-color":"","overlay-opacity":"","overlay-gradient":""},"mobile":{"background-color":"var(--ast-global-color-5)","background-image":"","background-repeat":"repeat","background-position":"center center","background-size":"auto","background-attachment":"scroll","background-type":"","background-media":"","overlay-type":"","overlay-color":"","overlay-opacity":"","overlay-gradient":""}}},"product_brand":[],"product_cat":[32],"product_tag":[],"class_list":{"0":"post-3708","1":"product","2":"type-product","3":"status-publish","4":"has-post-thumbnail","6":"product_cat-lasercutting","7":"desktop-align-left","8":"tablet-align-left","9":"mobile-align-left","10":"ast-product-gallery-layout-horizontal-slider","11":"ast-product-gallery-with-no-image","12":"ast-product-tabs-layout-horizontal","14":"first","15":"instock","16":"shipping-taxable","17":"product-type-simple"},"uagb_featured_image_src":{"full":["https:\/\/wisecnclaser.com\/wp-content\/uploads\/2025\/05\/762421bd462026487fdfc0a70fef3e88.jpg",500,500,false],"thumbnail":["https:\/\/wisecnclaser.com\/wp-content\/uploads\/2025\/05\/762421bd462026487fdfc0a70fef3e88-150x150.jpg",150,150,true],"medium":["https:\/\/wisecnclaser.com\/wp-content\/uploads\/2025\/05\/762421bd462026487fdfc0a70fef3e88-300x300.jpg",300,300,true],"medium_large":["https:\/\/wisecnclaser.com\/wp-content\/uploads\/2025\/05\/762421bd462026487fdfc0a70fef3e88.jpg",500,500,false],"large":["https:\/\/wisecnclaser.com\/wp-content\/uploads\/2025\/05\/762421bd462026487fdfc0a70fef3e88.jpg",500,500,false],"1536x1536":["https:\/\/wisecnclaser.com\/wp-content\/uploads\/2025\/05\/762421bd462026487fdfc0a70fef3e88.jpg",500,500,false],"2048x2048":["https:\/\/wisecnclaser.com\/wp-content\/uploads\/2025\/05\/762421bd462026487fdfc0a70fef3e88.jpg",500,500,false],"trp-custom-language-flag":["https:\/\/wisecnclaser.com\/wp-content\/uploads\/2025\/05\/762421bd462026487fdfc0a70fef3e88-12x12.jpg",12,12,true],"woocommerce_thumbnail":["https:\/\/wisecnclaser.com\/wp-content\/uploads\/2025\/05\/762421bd462026487fdfc0a70fef3e88-300x300.jpg",300,300,true],"woocommerce_single":["https:\/\/wisecnclaser.com\/wp-content\/uploads\/2025\/05\/762421bd462026487fdfc0a70fef3e88.jpg",500,500,false],"woocommerce_gallery_thumbnail":["https:\/\/wisecnclaser.com\/wp-content\/uploads\/2025\/05\/762421bd462026487fdfc0a70fef3e88-100x100.jpg",100,100,true]},"uagb_author_info":{"display_name":"jinxing6611@gmail.com","author_link":"https:\/\/wisecnclaser.com\/es\/author\/"},"uagb_comment_info":0,"uagb_excerpt":"Mixed co2 laser cutting machine for metal and nonmetal THC Auto height controlling cutting head for metal cutting CW5000 water chiller Stepper driver Belt transmission Leetro6595 controller","_links":{"self":[{"href":"https:\/\/wisecnclaser.com\/es\/wp-json\/wp\/v2\/product\/3708","targetHints":{"allow":["GET"]}}],"collection":[{"href":"https:\/\/wisecnclaser.com\/es\/wp-json\/wp\/v2\/product"}],"about":[{"href":"https:\/\/wisecnclaser.com\/es\/wp-json\/wp\/v2\/types\/product"}],"wp:featuredmedia":[{"embeddable":true,"href":"https:\/\/wisecnclaser.com\/es\/wp-json\/wp\/v2\/media\/3711"}],"wp:attachment":[{"href":"https:\/\/wisecnclaser.com\/es\/wp-json\/wp\/v2\/media?parent=3708"}],"wp:term":[{"taxonomy":"product_brand","embeddable":true,"href":"https:\/\/wisecnclaser.com\/es\/wp-json\/wp\/v2\/product_brand?post=3708"},{"taxonomy":"product_cat","embeddable":true,"href":"https:\/\/wisecnclaser.com\/es\/wp-json\/wp\/v2\/product_cat?post=3708"},{"taxonomy":"product_tag","embeddable":true,"href":"https:\/\/wisecnclaser.com\/es\/wp-json\/wp\/v2\/product_tag?post=3708"}],"curies":[{"name":"wp","href":"https:\/\/api.w.org\/{rel}","templated":true}]}}