{"id":3727,"date":"2025-05-23T02:34:49","date_gmt":"2025-05-23T02:34:49","guid":{"rendered":"https:\/\/wisecnclaser.com\/?post_type=product&#038;p=3727"},"modified":"2026-01-26T08:12:02","modified_gmt":"2026-01-26T08:12:02","slug":"ws3300-cnc-beam-saw-with-side-aligner","status":"publish","type":"product","link":"https:\/\/wisecnclaser.com\/es\/producto\/ws3300-cnc-beam-saw-with-side-aligner\/","title":{"rendered":"Tronzadora CNC WS3300 con alineador lateral"},"content":{"rendered":"<p>El equipo est\u00e1 controlado por un ordenador industrial, con una interfaz de di\u00e1logo humano-ordenador amigable y de f\u00e1cil manejo. Si se instala el software de optimizaci\u00f3n, se puede importar directamente la lista de materiales para optimizar el corte de materiales. Est\u00e1 equipado con un dispositivo de alarma de fallos, que detiene autom\u00e1ticamente la m\u00e1quina cuando se produce un fallo, y tiene una funci\u00f3n de detecci\u00f3n autom\u00e1tica de fallos, que facilita la comprobaci\u00f3n de la causa del fallo.<\/p>\n<p>La sierra principal de la estructura de transmisi\u00f3n utiliza correas de ranura m\u00faltiple Samsung de Taiw\u00e1n, y las correas trapezoidales de la sierra peque\u00f1a utilizan correas importadas. Utiliza la transmisi\u00f3n combinada alemana\/SLM y de cremallera de alta precisi\u00f3n; los aparatos el\u00e9ctricos, los componentes de palanca y los componentes clave utilizados son todos productos de marcas internacionales para garantizar la precisi\u00f3n y la fiabilidad de los productos; la m\u00e1quina principal tiene una velocidad de aserrado r\u00e1pida, y puede lograr un ajuste continuo seg\u00fan el grosor de la tabla de corte.<\/p>\n<p>La descripci\u00f3n optimizada del software (opcional) conserva la flexibilidad de la disposici\u00f3n manual aleatoria de los datos de corte de las sierras electr\u00f3nicas tradicionales, y ampl\u00eda las funciones de importaci\u00f3n inteligente de datos, operaci\u00f3n de arranque y parada por control remoto inal\u00e1mbrico, supervisi\u00f3n remota, etc., y a\u00f1ade funciones pr\u00e1cticas como el dise\u00f1o de pedidos, la optimizaci\u00f3n de la divisi\u00f3n de pedidos, la gesti\u00f3n de material residual, la optimizaci\u00f3n del dise\u00f1o, la impresi\u00f3n de c\u00f3digos de barras, etc. Al mismo tiempo, est\u00e1 abierto a todos los puertos de software, como Yuan Fang, Hua Guang, CV, 1010, Wei Lun, Hai Xun, Sanweijia, Yunxi, Shangchuan y otros software de dise\u00f1o, y es compatible con la lista de materiales hechos a mano de Microsoft Excel, con una potente funci\u00f3n de programaci\u00f3n de dise\u00f1o optimizado, y puede construir la operaci\u00f3n de la vida real para simular problemas reales. Cuando los trabajadores operan el equipo, s\u00f3lo tienen que colocar la pieza de trabajo de acuerdo con las indicaciones de la interfaz del ordenador, y los datos de tama\u00f1o de corte se actualiza por el ordenador de forma inteligente (escanear el c\u00f3digo), la realizaci\u00f3n de la operaci\u00f3n de un solo clic. Por lo general, s\u00f3lo se necesitan 2 horas de formaci\u00f3n para empezar a trabajar.<\/p>\n<p>&nbsp;<\/p>\n<table border=\"1\">\n<tbody>\n<tr class=\"firstRow\">\n<td colspan=\"2\" valign=\"top\" width=\"622\"><strong>WS3300<\/strong><strong>\u00a0Tronzadora CNC con alineador lateral<\/strong><\/td>\n<\/tr>\n<tr>\n<td valign=\"top\" width=\"311\">Ordenador<\/td>\n<td valign=\"top\" width=\"311\">\u00a0 \u00a0 \u00a0 \u00a0 \u00a0 \u00a0 \u00a0 \u00a0 \u00a0Incluye<\/td>\n<\/tr>\n<tr>\n<td valign=\"top\" width=\"311\">Longitud\/anchura de corte<\/td>\n<td valign=\"top\" width=\"311\">3300 mm<\/td>\n<\/tr>\n<tr>\n<td valign=\"top\" width=\"311\">Espesor de corte<\/td>\n<td valign=\"top\" width=\"311\">100 mm<\/td>\n<\/tr>\n<tr>\n<td valign=\"top\" width=\"311\">Di\u00e1metro de la sierra de corte principal<\/td>\n<td valign=\"top\" width=\"311\">\u0424400mm<\/td>\n<\/tr>\n<tr>\n<td valign=\"top\" width=\"311\">Di\u00e1metro del eje de la sierra principal<\/td>\n<td valign=\"top\" width=\"311\">\u042480mm<\/td>\n<\/tr>\n<tr>\n<td valign=\"top\" width=\"311\">Velocidad del eje de la sierra principal<\/td>\n<td valign=\"top\" width=\"311\">4800 rpm<\/td>\n<\/tr>\n<tr>\n<td valign=\"top\" width=\"311\">Di\u00e1metro de la hoja de sierra<\/td>\n<td valign=\"top\" width=\"311\">\u0424180mm<\/td>\n<\/tr>\n<tr>\n<td valign=\"top\" width=\"311\">Di\u00e1metro del eje de la sierra<\/td>\n<td valign=\"top\" width=\"311\">\u042445mm<\/td>\n<\/tr>\n<tr>\n<td valign=\"top\" width=\"311\">Velocidad del eje de la sierra<\/td>\n<td valign=\"top\" width=\"311\">6900 rpm<\/td>\n<\/tr>\n<tr>\n<td valign=\"top\" width=\"311\">Velocidad de avance de la base de la sierra<\/td>\n<td valign=\"top\" width=\"311\">100 m\/min<\/td>\n<\/tr>\n<tr>\n<td valign=\"top\" width=\"311\">Velocidad de retroceso de la base de la sierra<\/td>\n<td valign=\"top\" width=\"311\">120 m\/min<\/td>\n<\/tr>\n<tr>\n<td valign=\"top\" width=\"311\">Motor principal de la sierra de corte<\/td>\n<td valign=\"top\" width=\"311\">16,5 kW<\/td>\n<\/tr>\n<tr>\n<td valign=\"top\" width=\"311\">Motor de la sierra<\/td>\n<td valign=\"top\" width=\"311\">2,2 kW<\/td>\n<\/tr>\n<tr>\n<td valign=\"top\" width=\"311\">Motor de accionamiento de la base de la sierra<\/td>\n<td valign=\"top\" width=\"311\">1,8 kW (servo)<\/td>\n<\/tr>\n<tr>\n<td valign=\"top\" width=\"311\">Motor de alimentaci\u00f3n autom\u00e1tica<\/td>\n<td valign=\"top\" width=\"311\">1,8kw(servo\uff09<\/td>\n<\/tr>\n<tr>\n<td valign=\"top\" width=\"311\">Motor del alineador lateral<\/td>\n<td valign=\"top\" width=\"311\">0,55 kw<\/td>\n<\/tr>\n<tr>\n<td valign=\"top\" width=\"311\">Motor de la bomba de vac\u00edo<\/td>\n<td valign=\"top\" width=\"311\">4kw<\/td>\n<\/tr>\n<tr>\n<td valign=\"top\" width=\"311\">Potencia total<\/td>\n<td valign=\"top\" width=\"311\">26,5 kW<\/td>\n<\/tr>\n<tr>\n<td valign=\"top\" width=\"311\">Velocidad de alimentaci\u00f3n autom\u00e1tica<\/td>\n<td valign=\"top\" width=\"311\">100 m\/min<\/td>\n<\/tr>\n<tr>\n<td valign=\"top\" width=\"311\">Presi\u00f3n del aire<\/td>\n<td valign=\"top\" width=\"311\">5-7 kg\/cm\u00b2.<\/td>\n<\/tr>\n<tr>\n<td valign=\"top\" width=\"311\">Altura de la mesa flotante<\/td>\n<td valign=\"top\" width=\"311\">950 mm<\/td>\n<\/tr>\n<tr>\n<td valign=\"top\" width=\"311\">Tama\u00f1o total de la m\u00e1quina\uff08L*W*H\uff09<\/td>\n<td valign=\"top\" width=\"311\">5900*5800*1850mm<\/td>\n<\/tr>\n<\/tbody>\n<\/table>\n<div style=\"width: 1280px;\" class=\"wp-video\"><video class=\"wp-video-shortcode\" id=\"video-3727-1\" width=\"1280\" height=\"720\" preload=\"metadata\" controls=\"controls\"><source type=\"video\/mp4\" src=\"https:\/\/wisecnclaser.com\/wp-content\/uploads\/2025\/05\/1722321154464007.mp4?_=1\" \/><a href=\"https:\/\/wisecnclaser.com\/wp-content\/uploads\/2025\/05\/1722321154464007.mp4\">https:\/\/wisecnclaser.com\/wp-content\/uploads\/2025\/05\/1722321154464007.mp4<\/a><\/video><\/div>","protected":false},"excerpt":{"rendered":"<p>El equipo est\u00e1 controlado por un ordenador industrial, con una interfaz de di\u00e1logo humano-ordenador amigable y de f\u00e1cil manejo. Si se instala el software de optimizaci\u00f3n, se puede importar directamente la lista de materiales para optimizar el corte de materiales. Est\u00e1 equipado con un dispositivo de alarma de fallos, que detiene autom\u00e1ticamente la m\u00e1quina cuando se produce un fallo, y tiene una funci\u00f3n de detecci\u00f3n autom\u00e1tica de fallos, que facilita la comprobaci\u00f3n de la causa del fallo.<\/p>","protected":false},"featured_media":4378,"template":"","meta":{"_seopress_robots_primary_cat":"none","_seopress_titles_title":"","_seopress_titles_desc":"","_seopress_robots_index":"","_uag_custom_page_level_css":"","site-sidebar-layout":"default","site-content-layout":"","ast-site-content-layout":"default","site-content-style":"default","site-sidebar-style":"default","ast-global-header-display":"","ast-banner-title-visibility":"","ast-main-header-display":"","ast-hfb-above-header-display":"","ast-hfb-below-header-display":"","ast-hfb-mobile-header-display":"","site-post-title":"","ast-breadcrumbs-content":"","ast-featured-img":"","footer-sml-layout":"","ast-disable-related-posts":"","theme-transparent-header-meta":"default","adv-header-id-meta":"","stick-header-meta":"default","header-above-stick-meta":"","header-main-stick-meta":"","header-below-stick-meta":"","astra-migrate-meta-layouts":"set","ast-page-background-enabled":"default","ast-page-background-meta":{"desktop":{"background-color":"","background-image":"","background-repeat":"repeat","background-position":"center center","background-size":"auto","background-attachment":"scroll","background-type":"","background-media":"","overlay-type":"","overlay-color":"","overlay-opacity":"","overlay-gradient":""},"tablet":{"background-color":"","background-image":"","background-repeat":"repeat","background-position":"center center","background-size":"auto","background-attachment":"scroll","background-type":"","background-media":"","overlay-type":"","overlay-color":"","overlay-opacity":"","overlay-gradient":""},"mobile":{"background-color":"","background-image":"","background-repeat":"repeat","background-position":"center center","background-size":"auto","background-attachment":"scroll","background-type":"","background-media":"","overlay-type":"","overlay-color":"","overlay-opacity":"","overlay-gradient":""}},"ast-content-background-meta":{"desktop":{"background-color":"var(--ast-global-color-5)","background-image":"","background-repeat":"repeat","background-position":"center center","background-size":"auto","background-attachment":"scroll","background-type":"","background-media":"","overlay-type":"","overlay-color":"","overlay-opacity":"","overlay-gradient":""},"tablet":{"background-color":"var(--ast-global-color-5)","background-image":"","background-repeat":"repeat","background-position":"center center","background-size":"auto","background-attachment":"scroll","background-type":"","background-media":"","overlay-type":"","overlay-color":"","overlay-opacity":"","overlay-gradient":""},"mobile":{"background-color":"var(--ast-global-color-5)","background-image":"","background-repeat":"repeat","background-position":"center center","background-size":"auto","background-attachment":"scroll","background-type":"","background-media":"","overlay-type":"","overlay-color":"","overlay-opacity":"","overlay-gradient":""}}},"product_brand":[],"product_cat":[39],"product_tag":[],"class_list":{"0":"post-3727","1":"product","2":"type-product","3":"status-publish","4":"has-post-thumbnail","6":"product_cat-cuttingsaw","7":"desktop-align-left","8":"tablet-align-left","9":"mobile-align-left","10":"ast-product-gallery-layout-horizontal-slider","11":"ast-product-gallery-with-no-image","12":"ast-product-tabs-layout-horizontal","14":"first","15":"instock","16":"shipping-taxable","17":"product-type-simple"},"uagb_featured_image_src":{"full":["https:\/\/wisecnclaser.com\/wp-content\/uploads\/2025\/05\/3300\u6807\u914d-\u524d\u4e0a\u6599\u542b\u4fa7\u9760.png",1082,1086,false],"thumbnail":["https:\/\/wisecnclaser.com\/wp-content\/uploads\/2025\/05\/3300\u6807\u914d-\u524d\u4e0a\u6599\u542b\u4fa7\u9760-150x150.png",150,150,true],"medium":["https:\/\/wisecnclaser.com\/wp-content\/uploads\/2025\/05\/3300\u6807\u914d-\u524d\u4e0a\u6599\u542b\u4fa7\u9760-300x300.png",300,300,true],"medium_large":["https:\/\/wisecnclaser.com\/wp-content\/uploads\/2025\/05\/3300\u6807\u914d-\u524d\u4e0a\u6599\u542b\u4fa7\u9760-768x771.png",768,771,true],"large":["https:\/\/wisecnclaser.com\/wp-content\/uploads\/2025\/05\/3300\u6807\u914d-\u524d\u4e0a\u6599\u542b\u4fa7\u9760-1020x1024.png",1020,1024,true],"1536x1536":["https:\/\/wisecnclaser.com\/wp-content\/uploads\/2025\/05\/3300\u6807\u914d-\u524d\u4e0a\u6599\u542b\u4fa7\u9760.png",1082,1086,false],"2048x2048":["https:\/\/wisecnclaser.com\/wp-content\/uploads\/2025\/05\/3300\u6807\u914d-\u524d\u4e0a\u6599\u542b\u4fa7\u9760.png",1082,1086,false],"trp-custom-language-flag":["https:\/\/wisecnclaser.com\/wp-content\/uploads\/2025\/05\/3300\u6807\u914d-\u524d\u4e0a\u6599\u542b\u4fa7\u9760-12x12.png",12,12,true],"woocommerce_thumbnail":["https:\/\/wisecnclaser.com\/wp-content\/uploads\/2025\/05\/3300\u6807\u914d-\u524d\u4e0a\u6599\u542b\u4fa7\u9760-300x300.png",300,300,true],"woocommerce_single":["https:\/\/wisecnclaser.com\/wp-content\/uploads\/2025\/05\/3300\u6807\u914d-\u524d\u4e0a\u6599\u542b\u4fa7\u9760-600x602.png",600,602,true],"woocommerce_gallery_thumbnail":["https:\/\/wisecnclaser.com\/wp-content\/uploads\/2025\/05\/3300\u6807\u914d-\u524d\u4e0a\u6599\u542b\u4fa7\u9760-100x100.png",100,100,true]},"uagb_author_info":{"display_name":"jinxing6611@gmail.com","author_link":"https:\/\/wisecnclaser.com\/es\/author\/"},"uagb_comment_info":0,"uagb_excerpt":"The equipment is controlled by an industrial computer, with a friendly human-computer dialogue interface and easy operation. If the optimization software is installed, the material list can be directly imported to optimize the material cutting. It is equipped with a fault alarm device, which automatically stops the machine when a fault occurs, and has an&hellip;","_links":{"self":[{"href":"https:\/\/wisecnclaser.com\/es\/wp-json\/wp\/v2\/product\/3727","targetHints":{"allow":["GET"]}}],"collection":[{"href":"https:\/\/wisecnclaser.com\/es\/wp-json\/wp\/v2\/product"}],"about":[{"href":"https:\/\/wisecnclaser.com\/es\/wp-json\/wp\/v2\/types\/product"}],"wp:featuredmedia":[{"embeddable":true,"href":"https:\/\/wisecnclaser.com\/es\/wp-json\/wp\/v2\/media\/4378"}],"wp:attachment":[{"href":"https:\/\/wisecnclaser.com\/es\/wp-json\/wp\/v2\/media?parent=3727"}],"wp:term":[{"taxonomy":"product_brand","embeddable":true,"href":"https:\/\/wisecnclaser.com\/es\/wp-json\/wp\/v2\/product_brand?post=3727"},{"taxonomy":"product_cat","embeddable":true,"href":"https:\/\/wisecnclaser.com\/es\/wp-json\/wp\/v2\/product_cat?post=3727"},{"taxonomy":"product_tag","embeddable":true,"href":"https:\/\/wisecnclaser.com\/es\/wp-json\/wp\/v2\/product_tag?post=3727"}],"curies":[{"name":"wp","href":"https:\/\/api.w.org\/{rel}","templated":true}]}}