{"id":3745,"date":"2025-05-23T02:41:40","date_gmt":"2025-05-23T02:41:40","guid":{"rendered":"https:\/\/wisecnclaser.com\/?post_type=product&#038;p=3745"},"modified":"2025-07-16T02:17:35","modified_gmt":"2025-07-16T02:17:35","slug":"ws3300-back-feeding-cnc-beam-saw","status":"publish","type":"product","link":"https:\/\/wisecnclaser.com\/es\/producto\/ws3300-back-feeding-cnc-beam-saw\/","title":{"rendered":"WS3300 Retroalimentaci\u00f3n autom\u00e1tica de corte de panel de madera del ordenador CNC de la sierra de viga"},"content":{"rendered":"<p>La sierra principal de la estructura de transmisi\u00f3n utiliza correas de ranura m\u00faltiple Samsung de Taiw\u00e1n, y las correas trapezoidales de la sierra peque\u00f1a utilizan correas importadas. Utiliza la transmisi\u00f3n combinada alemana\/SLM y de cremallera de alta precisi\u00f3n; los aparatos el\u00e9ctricos, los componentes de palanca y los componentes clave utilizados son todos productos de marcas internacionales para garantizar la precisi\u00f3n y la fiabilidad de los productos; la m\u00e1quina principal tiene una velocidad de aserrado r\u00e1pida, y puede lograr un ajuste continuo seg\u00fan el grosor de la tabla de corte.<\/p>\n<p>La descripci\u00f3n optimizada del software (opcional) conserva la flexibilidad de la disposici\u00f3n manual aleatoria de los datos de corte de las sierras electr\u00f3nicas tradicionales, y ampl\u00eda las funciones de importaci\u00f3n inteligente de datos, operaci\u00f3n de arranque y parada por control remoto inal\u00e1mbrico, supervisi\u00f3n remota, etc., y a\u00f1ade funciones pr\u00e1cticas como el dise\u00f1o de pedidos, la optimizaci\u00f3n de la divisi\u00f3n de pedidos, la gesti\u00f3n de material residual, la optimizaci\u00f3n del dise\u00f1o, la impresi\u00f3n de c\u00f3digos de barras, etc. Al mismo tiempo, est\u00e1 abierto a todos los puertos de software, como Yuan Fang, Hua Guang, CV, 1010, Wei Lun, Hai Xun, Sanweijia, Yunxi, Shangchuan y otros software de dise\u00f1o, y es compatible con la lista de materiales hechos a mano de Microsoft Excel, con una potente funci\u00f3n de programaci\u00f3n de dise\u00f1o optimizado, y puede construir la operaci\u00f3n de la vida real para simular problemas reales. Cuando los trabajadores operan el equipo, s\u00f3lo tienen que colocar la pieza de trabajo de acuerdo con las indicaciones de la interfaz del ordenador, y los datos de tama\u00f1o de corte se actualiza por el ordenador de forma inteligente (escanear el c\u00f3digo), la realizaci\u00f3n de la operaci\u00f3n de un solo clic. Por lo general, s\u00f3lo se necesitan 2 horas de formaci\u00f3n para empezar a trabajar.<\/p>\n<p>&nbsp;<\/p>\n<table border=\"1\">\n<tbody>\n<tr class=\"firstRow\">\n<td colspan=\"2\" valign=\"top\" width=\"622\">Sierra de vigas WS3300 CNC de retroalimentaci\u00f3n<\/td>\n<\/tr>\n<tr>\n<td valign=\"top\" width=\"311\">Ordenador<\/td>\n<td valign=\"top\" width=\"311\">\u00a0 \u00a0 \u00a0 \u00a0 \u00a0 \u00a0 \u00a0 \u00a0 \u00a0Incluye<\/td>\n<\/tr>\n<tr>\n<td valign=\"top\" width=\"311\">Longitud\/anchura de corte<\/td>\n<td valign=\"top\" width=\"311\">3300 mm<\/td>\n<\/tr>\n<tr>\n<td valign=\"top\" width=\"311\">Espesor de corte<\/td>\n<td valign=\"top\" width=\"311\">100 mm<\/td>\n<\/tr>\n<tr>\n<td valign=\"top\" width=\"311\">Di\u00e1metro de la sierra de corte principal<\/td>\n<td valign=\"top\" width=\"311\">\u0424400mm<\/td>\n<\/tr>\n<tr>\n<td valign=\"top\" width=\"311\">Di\u00e1metro del eje de la sierra principal<\/td>\n<td valign=\"top\" width=\"311\">\u042480mm<\/td>\n<\/tr>\n<tr>\n<td valign=\"top\" width=\"311\">Velocidad del eje de la sierra principal<\/td>\n<td valign=\"top\" width=\"311\">4800 rpm<\/td>\n<\/tr>\n<tr>\n<td valign=\"top\" width=\"311\">Di\u00e1metro de la hoja de sierra<\/td>\n<td valign=\"top\" width=\"311\">\u0424180mm<\/td>\n<\/tr>\n<tr>\n<td valign=\"top\" width=\"311\">Di\u00e1metro del eje de la sierra<\/td>\n<td valign=\"top\" width=\"311\">\u042445mm<\/td>\n<\/tr>\n<tr>\n<td valign=\"top\" width=\"311\">Velocidad del eje de la sierra<\/td>\n<td valign=\"top\" width=\"311\">6900 rpm<\/td>\n<\/tr>\n<tr>\n<td valign=\"top\" width=\"311\">Velocidad de avance de la base de la sierra<\/td>\n<td valign=\"top\" width=\"311\">100 m\/min<\/td>\n<\/tr>\n<tr>\n<td valign=\"top\" width=\"311\">Velocidad de retroceso de la base de la sierra<\/td>\n<td valign=\"top\" width=\"311\">120 m\/min<\/td>\n<\/tr>\n<tr>\n<td valign=\"top\" width=\"311\">Motor principal de la sierra de corte<\/td>\n<td valign=\"top\" width=\"311\">16,5 kW<\/td>\n<\/tr>\n<tr>\n<td valign=\"top\" width=\"311\">Motor de la sierra<\/td>\n<td valign=\"top\" width=\"311\">2,2 kW<\/td>\n<\/tr>\n<tr>\n<td valign=\"top\" width=\"311\">Motor de accionamiento de la base de la sierra<\/td>\n<td valign=\"top\" width=\"311\">1,8 kW (servo)<\/td>\n<\/tr>\n<tr>\n<td valign=\"top\" width=\"311\">Motor de alimentaci\u00f3n autom\u00e1tica<\/td>\n<td valign=\"top\" width=\"311\">1,8kw(servo\uff09<\/td>\n<\/tr>\n<tr>\n<td valign=\"top\" width=\"311\">Tipo de alimentaci\u00f3n<\/td>\n<td valign=\"top\" width=\"311\">retroalimentaci\u00f3n<\/td>\n<\/tr>\n<tr>\n<td valign=\"top\" width=\"311\">Motor de la bomba de vac\u00edo<\/td>\n<td valign=\"top\" width=\"311\">4kw<\/td>\n<\/tr>\n<tr>\n<td valign=\"top\" width=\"311\">Potencia total<\/td>\n<td valign=\"top\" width=\"311\">26,5 kW<\/td>\n<\/tr>\n<tr>\n<td valign=\"top\" width=\"311\">Velocidad de alimentaci\u00f3n autom\u00e1tica<\/td>\n<td valign=\"top\" width=\"311\">100 m\/min<\/td>\n<\/tr>\n<tr>\n<td valign=\"top\" width=\"311\">Presi\u00f3n del aire<\/td>\n<td valign=\"top\" width=\"311\">5-7 kg\/cm\u00b2.<\/td>\n<\/tr>\n<tr>\n<td valign=\"top\" width=\"311\">Altura de la mesa flotante<\/td>\n<td valign=\"top\" width=\"311\">950 mm<\/td>\n<\/tr>\n<tr>\n<td valign=\"top\" width=\"311\">Tama\u00f1o total de la m\u00e1quina\uff08L*W*H\uff09<\/td>\n<td valign=\"top\" width=\"311\">5900*5800*1850m<\/td>\n<\/tr>\n<\/tbody>\n<\/table>\n<p>Tronzadora CNC autom\u00e1tica: revoluciona la precisi\u00f3n y la eficacia del corte de tableros de madera<\/p>\n<p>En el exigente mundo de la fabricaci\u00f3n de muebles, ebanister\u00eda y carpinter\u00eda arquitect\u00f3nica, el procesamiento eficaz y preciso de grandes paneles de madera (como MDF, tableros de part\u00edculas, contrachapados y tablas de madera maciza) es primordial. La sierra de vigas autom\u00e1tica CNC es la potencia indiscutible que transforma la manipulaci\u00f3n, el corte y la optimizaci\u00f3n de los paneles. Esta sofisticada m\u00e1quina industrial de corte de madera se ha convertido en la columna vertebral de las modernas l\u00edneas de producci\u00f3n, estableciendo nuevos est\u00e1ndares de velocidad, precisi\u00f3n y utilizaci\u00f3n del material.<\/p>\n<p>&nbsp;<\/p>\n<p>\u00bfQu\u00e9 es una seccionadora CNC autom\u00e1tica?<\/p>\n<p>En esencia, una sierra de viga cuenta con una robusta viga de corte montada horizontalmente (a menudo denominada \"puente\") que se desplaza a lo largo de la m\u00e1quina. Montadas en esta viga hay una o m\u00e1s sierras circulares de alta potencia capaces de realizar cortes verticales a trav\u00e9s de todo el grosor de un panel. Los aspectos autom\u00e1ticos y CNC elevan este concepto b\u00e1sico:<\/p>\n<ol>\n<li>\u00a0Control CNC:Guiada por un avanzado software inform\u00e1tico, la sierra de vigas CNC interpreta los planos de corte (a menudo generados por software de anidado). Controla con precisi\u00f3n el movimiento de la viga (eje X), el posicionamiento del carro de la sierra a lo largo de la viga (eje Y), la carrera de corte vertical (eje Z) y, a menudo, la rotaci\u00f3n de las hojas incisoras. Esto garantiza un rendimiento de la sierra de haz de alta precisi\u00f3n, con cortes de fracciones de mil\u00edmetro.<\/li>\n<li>\u00a0Automatizaci\u00f3n: Los verdaderos sistemas autom\u00e1ticos de sierra de viga integran la manipulaci\u00f3n de materiales. Esto suele incluir:<\/li>\n<\/ol>\n<p>* Carga autom\u00e1tica: Elevadores por vac\u00edo, cintas transportadoras o brazos rob\u00f3ticos alimentan los paneles en la mesa de corte de la m\u00e1quina.<\/p>\n<p>* Posicionamiento autom\u00e1tico: los pasadores, empujadores o correas de posicionamiento servoaccionados sit\u00faan con precisi\u00f3n el panel de acuerdo con el programa.<\/p>\n<p>* Corte autom\u00e1tico: El CNC ejecuta toda la secuencia de corte, incluido el incisor opcional para cortes sin virutas (especialmente cr\u00edtico en melamina y paneles chapados).<\/p>\n<p>* Descarga autom\u00e1tica: Las piezas cortadas se clasifican y apilan autom\u00e1ticamente, a menudo mediante cintas, brazos o sistemas de lanzadera, separando las piezas utilizables del esqueleto.<\/p>\n<p>&nbsp;<\/p>\n<p>Principales ventajas de la moderna m\u00e1quina cortadora de paneles:<\/p>\n<p>* Precisi\u00f3n y calidad inigualables:La tecnolog\u00eda de sierra de haz de alta precisi\u00f3n garantiza cortes uniformes, cuadrados y limpios, esenciales para una carpinter\u00eda perfecta y un ensamblaje sin fisuras. Las hojas incisoras integradas eliminan pr\u00e1cticamente el astillado en ambas caras de los materiales laminados.<\/p>\n<p>* Eficacia y velocidad excepcionales: La automatizaci\u00f3n reduce dr\u00e1sticamente el tiempo de manipulaci\u00f3n manual. La sierra de vigas autom\u00e1tica puede procesar varios paneles de forma consecutiva con una intervenci\u00f3n m\u00ednima del operario, lo que aumenta significativamente el rendimiento en comparaci\u00f3n con las sierras manuales o las m\u00e1quinas semiautom\u00e1ticas.<\/p>\n<p>* Utilizaci\u00f3n \u00f3ptima del material: El software de anidado integrado maximiza el rendimiento mediante la disposici\u00f3n inteligente de las piezas en cada panel para minimizar los desperdicios. La precisi\u00f3n de la sierra de vigas CNC garantiza que cada corte sea exacto, lo que reduce a\u00fan m\u00e1s la p\u00e9rdida de material por errores.<\/p>\n<p>* Reducci\u00f3n de los costes de mano de obra y de la fatiga del operario: La automatizaci\u00f3n se encarga del trabajo pesado y las tareas repetitivas. Los operarios se encargan principalmente de gestionar el software, supervisar el proceso y realizar comprobaciones de calidad, lo que se traduce en un entorno de trabajo m\u00e1s seguro y menos exigente f\u00edsicamente.<\/p>\n<p>* Mayor seguridad: las zonas de corte cerradas, la sujeci\u00f3n autom\u00e1tica y la reducci\u00f3n de la manipulaci\u00f3n manual de los paneles reducen significativamente el riesgo de accidentes asociados a los paneles grandes y pesados y a las potentes hojas de sierra.<\/p>\n<p>* Flexibilidad de producci\u00f3n: Cambie f\u00e1cilmente entre diferentes tipos de paneles, grosores y trabajos de corte con r\u00e1pidos cambios de programa, lo que hace que la m\u00e1quina sea ideal tanto para la producci\u00f3n de lotes de gran volumen como para pedidos personalizados m\u00e1s peque\u00f1os.<\/p>\n<p>&nbsp;<\/p>\n<p>Lo mejor de la tienda: Potencia y durabilidad<\/p>\n<p>El t\u00e9rmino \"mejor sierra de viga\" no es s\u00f3lo una exageraci\u00f3n de marketing. Refleja las caracter\u00edsticas inherentes a estas m\u00e1quinas:<\/p>\n<p>&nbsp;<\/p>\n<p>* Construcci\u00f3n robusta: Construida con bastidores y componentes de acero de alta resistencia para soportar el uso industrial constante y las fuerzas implicadas en el corte de materiales densos.<\/p>\n<p>* Corte de alta potencia: Equipada con potentes motores principales (a menudo de m\u00e1s de 20 CV) y motores de incisi\u00f3n de alto par capaces de cortar con facilidad las maderas m\u00e1s duras y los paneles de ingenier\u00eda m\u00e1s gruesos.<\/p>\n<p>* Capacidad masiva: Dise\u00f1adas para manejar paneles de tama\u00f1o completo (2800*2800mm, 3300*3300mm, 3800*3800mm, o mayores) sin esfuerzo, lo que las convierte en verdaderas m\u00e1quinas industriales de corte de madera.<\/p>\n<p>* Rendimiento implacable: Dise\u00f1ada para un funcionamiento continuo en entornos de producci\u00f3n exigentes, maximizando el tiempo de actividad y la productividad.<\/p>\n<p>&nbsp;<\/p>\n<p>Conclusi\u00f3n<\/p>\n<p>La seccionadora CNC autom\u00e1tica es mucho m\u00e1s que una simple m\u00e1quina de corte de paneles; es una soluci\u00f3n integral para el procesamiento moderno de paneles de madera. Al combinar la alta precisi\u00f3n de corte de la sierra de viga con la automatizaci\u00f3n avanzada y la potencia bruta de la mejor sierra de viga, esta m\u00e1quina industrial de corte de madera ofrece niveles incomparables de productividad, ahorro de material, calidad y seguridad. Para cualquier carpinter\u00eda seria centrada en el procesamiento de tableros, invertir en una seccionadora autom\u00e1tica no es s\u00f3lo una actualizaci\u00f3n, es un imperativo estrat\u00e9gico para seguir siendo competitivos, eficientes y rentables en el mercado actual. Representa la evoluci\u00f3n inteligente de la seccionadora, consolidando su lugar como la piedra angular del despiece eficiente de tableros.<\/p>\n<div style=\"width: 1280px;\" class=\"wp-video\"><video class=\"wp-video-shortcode\" id=\"video-3745-1\" width=\"1280\" height=\"720\" preload=\"metadata\" controls=\"controls\"><source type=\"video\/mp4\" src=\"https:\/\/wisecnclaser.com\/wp-content\/uploads\/2025\/05\/1722322237481315.mp4?_=1\" \/><a href=\"https:\/\/wisecnclaser.com\/wp-content\/uploads\/2025\/05\/1722322237481315.mp4\">https:\/\/wisecnclaser.com\/wp-content\/uploads\/2025\/05\/1722322237481315.mp4<\/a><\/video><\/div>","protected":false},"excerpt":{"rendered":"<p>El equipo est\u00e1 controlado por un ordenador industrial, con una interfaz de di\u00e1logo humano-ordenador amigable y de f\u00e1cil manejo. Si se instala el software de optimizaci\u00f3n, se puede importar directamente la lista de materiales para optimizar el corte de materiales. Est\u00e1 equipado con un dispositivo de alarma de fallos, que detiene autom\u00e1ticamente la m\u00e1quina cuando se produce un fallo, y tiene una funci\u00f3n de detecci\u00f3n autom\u00e1tica de fallos, que facilita la comprobaci\u00f3n de la causa del fallo.<\/p>","protected":false},"featured_media":3748,"template":"","meta":{"_seopress_robots_primary_cat":"none","_seopress_titles_title":"","_seopress_titles_desc":"","_seopress_robots_index":"","_uag_custom_page_level_css":"","site-sidebar-layout":"default","site-content-layout":"","ast-site-content-layout":"default","site-content-style":"default","site-sidebar-style":"default","ast-global-header-display":"","ast-banner-title-visibility":"","ast-main-header-display":"","ast-hfb-above-header-display":"","ast-hfb-below-header-display":"","ast-hfb-mobile-header-display":"","site-post-title":"","ast-breadcrumbs-content":"","ast-featured-img":"","footer-sml-layout":"","ast-disable-related-posts":"","theme-transparent-header-meta":"default","adv-header-id-meta":"","stick-header-meta":"default","header-above-stick-meta":"","header-main-stick-meta":"","header-below-stick-meta":"","astra-migrate-meta-layouts":"set","ast-page-background-enabled":"default","ast-page-background-meta":{"desktop":{"background-color":"","background-image":"","background-repeat":"repeat","background-position":"center center","background-size":"auto","background-attachment":"scroll","background-type":"","background-media":"","overlay-type":"","overlay-color":"","overlay-opacity":"","overlay-gradient":""},"tablet":{"background-color":"","background-image":"","background-repeat":"repeat","background-position":"center center","background-size":"auto","background-attachment":"scroll","background-type":"","background-media":"","overlay-type":"","overlay-color":"","overlay-opacity":"","overlay-gradient":""},"mobile":{"background-color":"","background-image":"","background-repeat":"repeat","background-position":"center center","background-size":"auto","background-attachment":"scroll","background-type":"","background-media":"","overlay-type":"","overlay-color":"","overlay-opacity":"","overlay-gradient":""}},"ast-content-background-meta":{"desktop":{"background-color":"var(--ast-global-color-5)","background-image":"","background-repeat":"repeat","background-position":"center center","background-size":"auto","background-attachment":"scroll","background-type":"","background-media":"","overlay-type":"","overlay-color":"","overlay-opacity":"","overlay-gradient":""},"tablet":{"background-color":"var(--ast-global-color-5)","background-image":"","background-repeat":"repeat","background-position":"center center","background-size":"auto","background-attachment":"scroll","background-type":"","background-media":"","overlay-type":"","overlay-color":"","overlay-opacity":"","overlay-gradient":""},"mobile":{"background-color":"var(--ast-global-color-5)","background-image":"","background-repeat":"repeat","background-position":"center center","background-size":"auto","background-attachment":"scroll","background-type":"","background-media":"","overlay-type":"","overlay-color":"","overlay-opacity":"","overlay-gradient":""}}},"product_brand":[],"product_cat":[39],"product_tag":[93,100,101,91,99,102,97],"class_list":{"0":"post-3745","1":"product","2":"type-product","3":"status-publish","4":"has-post-thumbnail","6":"product_cat-cuttingsaw","7":"product_tag-cnc-beam-saw","8":"product_tag-computer-beam-saw","9":"product_tag-electric-cutting-saw","10":"product_tag-wood-cutting-saw","11":"product_tag-wood-panel-cutting-machine","12":"product_tag-wood-saw","13":"product_tag-woodworking-beam-saw","14":"desktop-align-left","15":"tablet-align-left","16":"mobile-align-left","17":"ast-product-gallery-layout-horizontal-slider","18":"ast-product-gallery-with-no-image","19":"ast-product-tabs-layout-horizontal","21":"first","22":"instock","23":"shipping-taxable","24":"product-type-simple"},"uagb_featured_image_src":{"full":["https:\/\/wisecnclaser.com\/wp-content\/uploads\/2025\/05\/d7fd0b00f508266910b70f28170c15c1.jpg",1648,1080,false],"thumbnail":["https:\/\/wisecnclaser.com\/wp-content\/uploads\/2025\/05\/d7fd0b00f508266910b70f28170c15c1-150x150.jpg",150,150,true],"medium":["https:\/\/wisecnclaser.com\/wp-content\/uploads\/2025\/05\/d7fd0b00f508266910b70f28170c15c1-300x197.jpg",300,197,true],"medium_large":["https:\/\/wisecnclaser.com\/wp-content\/uploads\/2025\/05\/d7fd0b00f508266910b70f28170c15c1-768x503.jpg",768,503,true],"large":["https:\/\/wisecnclaser.com\/wp-content\/uploads\/2025\/05\/d7fd0b00f508266910b70f28170c15c1-1024x671.jpg",1024,671,true],"1536x1536":["https:\/\/wisecnclaser.com\/wp-content\/uploads\/2025\/05\/d7fd0b00f508266910b70f28170c15c1-1536x1007.jpg",1536,1007,true],"2048x2048":["https:\/\/wisecnclaser.com\/wp-content\/uploads\/2025\/05\/d7fd0b00f508266910b70f28170c15c1.jpg",1648,1080,false],"trp-custom-language-flag":["https:\/\/wisecnclaser.com\/wp-content\/uploads\/2025\/05\/d7fd0b00f508266910b70f28170c15c1-18x12.jpg",18,12,true],"woocommerce_thumbnail":["https:\/\/wisecnclaser.com\/wp-content\/uploads\/2025\/05\/d7fd0b00f508266910b70f28170c15c1-300x300.jpg",300,300,true],"woocommerce_single":["https:\/\/wisecnclaser.com\/wp-content\/uploads\/2025\/05\/d7fd0b00f508266910b70f28170c15c1-600x393.jpg",600,393,true],"woocommerce_gallery_thumbnail":["https:\/\/wisecnclaser.com\/wp-content\/uploads\/2025\/05\/d7fd0b00f508266910b70f28170c15c1-100x100.jpg",100,100,true]},"uagb_author_info":{"display_name":"jinxing6611@gmail.com","author_link":"https:\/\/wisecnclaser.com\/es\/author\/"},"uagb_comment_info":0,"uagb_excerpt":"The equipment is controlled by an industrial computer, with a friendly human-computer dialogue interface and easy operation. If the optimization software is installed, the material list can be directly imported to optimize the material cutting. It is equipped with a fault alarm device, which automatically stops the machine when a fault occurs, and has an&hellip;","_links":{"self":[{"href":"https:\/\/wisecnclaser.com\/es\/wp-json\/wp\/v2\/product\/3745","targetHints":{"allow":["GET"]}}],"collection":[{"href":"https:\/\/wisecnclaser.com\/es\/wp-json\/wp\/v2\/product"}],"about":[{"href":"https:\/\/wisecnclaser.com\/es\/wp-json\/wp\/v2\/types\/product"}],"wp:featuredmedia":[{"embeddable":true,"href":"https:\/\/wisecnclaser.com\/es\/wp-json\/wp\/v2\/media\/3748"}],"wp:attachment":[{"href":"https:\/\/wisecnclaser.com\/es\/wp-json\/wp\/v2\/media?parent=3745"}],"wp:term":[{"taxonomy":"product_brand","embeddable":true,"href":"https:\/\/wisecnclaser.com\/es\/wp-json\/wp\/v2\/product_brand?post=3745"},{"taxonomy":"product_cat","embeddable":true,"href":"https:\/\/wisecnclaser.com\/es\/wp-json\/wp\/v2\/product_cat?post=3745"},{"taxonomy":"product_tag","embeddable":true,"href":"https:\/\/wisecnclaser.com\/es\/wp-json\/wp\/v2\/product_tag?post=3745"}],"curies":[{"name":"wp","href":"https:\/\/api.w.org\/{rel}","templated":true}]}}