{"id":3759,"date":"2025-05-23T02:45:14","date_gmt":"2025-05-23T02:45:14","guid":{"rendered":"https:\/\/wisecnclaser.com\/?post_type=product&#038;p=3759"},"modified":"2025-06-23T07:03:32","modified_gmt":"2025-06-23T07:03:32","slug":"economic-linear-atc-cnc-router","status":"publish","type":"product","link":"https:\/\/wisecnclaser.com\/es\/producto\/economic-linear-atc-cnc-router\/","title":{"rendered":"Cambiador de herramientas autom\u00e1tico lineal econ\u00f3mico CNC Router"},"content":{"rendered":"<h2>Revolucione su fresado CNC<\/h2>\n<p>Presentamos el cambiador autom\u00e1tico de herramientas lineal econ\u00f3mico para fresadoras CNC, una soluci\u00f3n de vanguardia dise\u00f1ada para agilizar sus procesos de fresado. Con sus avanzadas capacidades de automatizaci\u00f3n, este cambiador de herramientas mejora la eficiencia y la precisi\u00f3n en diversas aplicaciones, por lo que es una opci\u00f3n ideal tanto para aficionados como para profesionales.<\/p>\n<h2>Eficacia y precisi\u00f3n inigualables<\/h2>\n<p>El cambiador autom\u00e1tico de herramientas lineal econ\u00f3mico mitiga el tiempo de inactividad con sus r\u00e1pidos intercambios de herramientas, lo que le permite realizar m\u00faltiples tareas sin una intervenci\u00f3n manual constante. Esta caracter\u00edstica no s\u00f3lo ahorra tiempo, sino que tambi\u00e9n minimiza el riesgo de error, garantizando que cada corte sea preciso. Dise\u00f1ada con materiales de alta calidad, nuestra fresadora CNC promete durabilidad y fiabilidad, lista para afrontar las exigencias de cualquier proyecto.<\/p>\n<h2>Dise\u00f1o flexible e interfaz f\u00e1cil de usar<\/h2>\n<p>Nuestra fresadora CNC se ha dise\u00f1ado pensando en la versatilidad. Ofrece compatibilidad con una gran variedad de tipos de herramientas, lo que permite una transici\u00f3n fluida entre diferentes tareas de corte y fresado. La interfaz f\u00e1cil de usar hace que sea f\u00e1cil de programar y operar, incluso para los nuevos en el fresado CNC. Adem\u00e1s, su dise\u00f1o compacto garantiza que se adapte c\u00f3modamente a cualquier espacio de trabajo, maximizando su \u00e1rea de producci\u00f3n sin sacrificar el rendimiento.<\/p>\n<p>Tanto si trabaja en dise\u00f1os complejos, proyectos personalizados o producci\u00f3n a gran escala, la ruteadora CNC con cambiador autom\u00e1tico de herramientas lineal econ\u00f3mica es su soluci\u00f3n. Experimente hoy mismo un nuevo nivel de eficiencia y creatividad en sus procesos de mecanizado.<\/p>\n<table>\n<tbody>\n<tr>\n<td colspan=\"2\" width=\"1343\"><strong><b>Caracter\u00edsticas: <\/b><\/strong><\/p>\n<p>1.Todo el cuerpo de la m\u00e1quina est\u00e1 hecho de acero sin soldadura templado tratamiento de envejecimiento, r\u00edgido, sin deformaci\u00f3n.<\/p>\n<p>2.Servomotor, alta precisi\u00f3n y alta velocidad.<\/p>\n<p>3. Taiw\u00e1n 25 gu\u00eda de carril cuadrado, funcionamiento suave, m\u00e1s estable de alta precisi\u00f3n, larga vida.<\/p>\n<p>4. 9KW refrigeraci\u00f3n por aire ATC husillo, larga vida de energ\u00eda, la velocidad de hasta 24000 r \/ min, tallada superficie lisa.<\/p>\n<p>5. Grande equipado con un armario independiente,<\/p>\n<p>6. 8 herramientas lineales ATC, servoaccionamiento<\/p>\n<p>7. se utiliza para el corte de madera, grabado, fresado, corte de agujeros, aplicado en muebles de panel, gabinete vestido, y la fabricaci\u00f3n de puertas de gabinete avanzado<\/p>\n<p>&nbsp;<\/p>\n<p>Aplicaci\u00f3n de la fresadora CNC ATC para carpinter\u00eda:<\/p>\n<p>Adecuado para carpinter\u00eda, puertas de madera, muebles, armarios, moldes, etc.<\/td>\n<\/tr>\n<tr>\n<td width=\"414\">X \u00c1REA DE TRABAJO<\/td>\n<td width=\"929\">1300 mm<\/td>\n<\/tr>\n<tr>\n<td width=\"414\">Y \u00c1REA DE TRABAJO<\/td>\n<td width=\"929\">2500mm<\/td>\n<\/tr>\n<tr>\n<td width=\"414\">Z ZONA DE TRABAJO<\/td>\n<td width=\"929\">200 mm<\/td>\n<\/tr>\n<tr>\n<td width=\"414\">MESA M\u00c1QUINA<\/td>\n<td width=\"929\">Mesa de adsorci\u00f3n al vac\u00edo<\/td>\n<\/tr>\n<tr>\n<td width=\"414\">C\u00d3DIGO DE MANDO<\/td>\n<td width=\"929\">C\u00f3digo G<\/td>\n<\/tr>\n<tr>\n<td width=\"414\">ESTRUCTURA DEL EJE XYZ<\/td>\n<td width=\"929\">X\/Y Taiwan Rack rail\uff0chace el trabajo de la m\u00e1quina m\u00e1s estable ; Z Screw rail<\/td>\n<\/tr>\n<tr>\n<td width=\"414\">POTENCIA DEL COLECTOR DE POLVO<\/td>\n<td width=\"929\">Bolsas dobles de 3 kW<\/td>\n<\/tr>\n<tr>\n<td width=\"414\">POTENCIA<\/td>\n<td width=\"929\">AC380V 3 FASES \/ 50Hz<\/td>\n<\/tr>\n<tr>\n<td width=\"414\">HUSILLO<\/td>\n<td width=\"929\">Husillo ATC de 9kw con refrigeraci\u00f3n por aire, MARCA CHINA<\/td>\n<\/tr>\n<tr>\n<td width=\"414\">POTENCIA DE TRABAJO TOTAL<\/td>\n<td width=\"929\">26KW<\/td>\n<\/tr>\n<tr>\n<td width=\"414\">VELOCIDAD DE ROTACI\u00d3N DEL HUSILLO<\/td>\n<td width=\"929\">18000rpm \/ min<\/td>\n<\/tr>\n<tr>\n<td width=\"414\">INVERSOR<\/td>\n<td width=\"929\">Inversor de 11 kW<\/td>\n<\/tr>\n<tr>\n<td width=\"414\">MOTOR DE ACCIONAMIENTO<\/td>\n<td width=\"929\">Servomotor h\u00edbrido chino<\/td>\n<\/tr>\n<tr>\n<td width=\"414\">SISTEMA OPERATIVO<\/td>\n<td width=\"929\">Controlador NK105 G3<\/td>\n<\/tr>\n<tr>\n<td width=\"414\">POTENCIA DE LA BOMBA DE VAC\u00cdO<\/td>\n<td width=\"929\">Bomba de vac\u00edo de agua de 7,5 kW<\/td>\n<\/tr>\n<tr>\n<td width=\"414\">CARRIL LINEAL<\/td>\n<td width=\"929\">Ra\u00edl cuadrado marca Taiw\u00e1n, m\u00e1s estable<\/td>\n<\/tr>\n<tr>\n<td width=\"414\">REDUCTOR<\/td>\n<td width=\"929\">Jap\u00f3n marca shimpoo<\/td>\n<\/tr>\n<tr>\n<td width=\"414\">TORNILLO DE BOLA<\/td>\n<td width=\"929\">Marca Taiw\u00e1n<\/td>\n<\/tr>\n<tr>\n<td width=\"414\">PESO<\/td>\n<td width=\"929\">2000KGS<\/td>\n<\/tr>\n<tr>\n<td width=\"414\">OTRAS PIEZAS AUXILIARES<\/td>\n<td width=\"929\">3+4 pasadores emergentes\/posici\u00f3n del cilindro,<\/p>\n<p>Sistema de lubricaci\u00f3n autom\u00e1tica<\/p>\n<p>Sensor de herramientas<\/p>\n<p>Software<\/p>\n<p>Caja de herramientas 1<\/p>\n<p>Portaherramientas 8 piezas<\/p>\n<p>Recoge 8 piezas<\/p>\n<p>Llaves 4<\/td>\n<\/tr>\n<\/tbody>\n<\/table>","protected":false},"excerpt":{"rendered":"<p>Revolutionize Your CNC Routing Introducing the Economic Linear Automatic Tool Changer CNC Router \u2013 a cutting-edge solution designed to streamline your routing processes. With its advanced automation capabilities, this tool changer enhances efficiency and precision in various applications, making it an ideal choice for both hobbyists and professionals alike. Unmatched Efficiency and Precision The Economic [&hellip;]<\/p>\n","protected":false},"featured_media":3762,"template":"","meta":{"_seopress_robots_primary_cat":"none","_seopress_titles_title":"","_seopress_titles_desc":"","_seopress_robots_index":"","_uag_custom_page_level_css":"","site-sidebar-layout":"default","site-content-layout":"","ast-site-content-layout":"default","site-content-style":"default","site-sidebar-style":"default","ast-global-header-display":"","ast-banner-title-visibility":"","ast-main-header-display":"","ast-hfb-above-header-display":"","ast-hfb-below-header-display":"","ast-hfb-mobile-header-display":"","site-post-title":"","ast-breadcrumbs-content":"","ast-featured-img":"","footer-sml-layout":"","ast-disable-related-posts":"","theme-transparent-header-meta":"default","adv-header-id-meta":"","stick-header-meta":"default","header-above-stick-meta":"","header-main-stick-meta":"","header-below-stick-meta":"","astra-migrate-meta-layouts":"set","ast-page-background-enabled":"default","ast-page-background-meta":{"desktop":{"background-color":"","background-image":"","background-repeat":"repeat","background-position":"center center","background-size":"auto","background-attachment":"scroll","background-type":"","background-media":"","overlay-type":"","overlay-color":"","overlay-opacity":"","overlay-gradient":""},"tablet":{"background-color":"","background-image":"","background-repeat":"repeat","background-position":"center center","background-size":"auto","background-attachment":"scroll","background-type":"","background-media":"","overlay-type":"","overlay-color":"","overlay-opacity":"","overlay-gradient":""},"mobile":{"background-color":"","background-image":"","background-repeat":"repeat","background-position":"center center","background-size":"auto","background-attachment":"scroll","background-type":"","background-media":"","overlay-type":"","overlay-color":"","overlay-opacity":"","overlay-gradient":""}},"ast-content-background-meta":{"desktop":{"background-color":"var(--ast-global-color-5)","background-image":"","background-repeat":"repeat","background-position":"center center","background-size":"auto","background-attachment":"scroll","background-type":"","background-media":"","overlay-type":"","overlay-color":"","overlay-opacity":"","overlay-gradient":""},"tablet":{"background-color":"var(--ast-global-color-5)","background-image":"","background-repeat":"repeat","background-position":"center center","background-size":"auto","background-attachment":"scroll","background-type":"","background-media":"","overlay-type":"","overlay-color":"","overlay-opacity":"","overlay-gradient":""},"mobile":{"background-color":"var(--ast-global-color-5)","background-image":"","background-repeat":"repeat","background-position":"center center","background-size":"auto","background-attachment":"scroll","background-type":"","background-media":"","overlay-type":"","overlay-color":"","overlay-opacity":"","overlay-gradient":""}}},"product_brand":[],"product_cat":[34],"product_tag":[],"class_list":{"0":"post-3759","1":"product","2":"type-product","3":"status-publish","4":"has-post-thumbnail","6":"product_cat-nesting","7":"desktop-align-left","8":"tablet-align-left","9":"mobile-align-left","10":"ast-product-gallery-layout-horizontal-slider","11":"ast-product-gallery-with-no-image","12":"ast-product-tabs-layout-horizontal","14":"first","15":"instock","16":"featured","17":"shipping-taxable","18":"product-type-simple"},"uagb_featured_image_src":{"full":["https:\/\/wisecnclaser.com\/wp-content\/uploads\/2025\/05\/8d23397dcfe1e2b053ea7e237579653c.png",1084,1080,false],"thumbnail":["https:\/\/wisecnclaser.com\/wp-content\/uploads\/2025\/05\/8d23397dcfe1e2b053ea7e237579653c-150x150.png",150,150,true],"medium":["https:\/\/wisecnclaser.com\/wp-content\/uploads\/2025\/05\/8d23397dcfe1e2b053ea7e237579653c-300x300.png",300,300,true],"medium_large":["https:\/\/wisecnclaser.com\/wp-content\/uploads\/2025\/05\/8d23397dcfe1e2b053ea7e237579653c-768x765.png",768,765,true],"large":["https:\/\/wisecnclaser.com\/wp-content\/uploads\/2025\/05\/8d23397dcfe1e2b053ea7e237579653c-1024x1020.png",1024,1020,true],"1536x1536":["https:\/\/wisecnclaser.com\/wp-content\/uploads\/2025\/05\/8d23397dcfe1e2b053ea7e237579653c.png",1084,1080,false],"2048x2048":["https:\/\/wisecnclaser.com\/wp-content\/uploads\/2025\/05\/8d23397dcfe1e2b053ea7e237579653c.png",1084,1080,false],"trp-custom-language-flag":["https:\/\/wisecnclaser.com\/wp-content\/uploads\/2025\/05\/8d23397dcfe1e2b053ea7e237579653c-12x12.png",12,12,true],"woocommerce_thumbnail":["https:\/\/wisecnclaser.com\/wp-content\/uploads\/2025\/05\/8d23397dcfe1e2b053ea7e237579653c-300x300.png",300,300,true],"woocommerce_single":["https:\/\/wisecnclaser.com\/wp-content\/uploads\/2025\/05\/8d23397dcfe1e2b053ea7e237579653c-600x598.png",600,598,true],"woocommerce_gallery_thumbnail":["https:\/\/wisecnclaser.com\/wp-content\/uploads\/2025\/05\/8d23397dcfe1e2b053ea7e237579653c-100x100.png",100,100,true]},"uagb_author_info":{"display_name":"jinxing6611@gmail.com","author_link":"https:\/\/wisecnclaser.com\/es\/author\/"},"uagb_comment_info":0,"uagb_excerpt":"Revolutionize Your CNC Routing Introducing the Economic Linear Automatic Tool Changer CNC Router \u2013 a cutting-edge solution designed to streamline your routing processes. With its advanced automation capabilities, this tool changer enhances efficiency and precision in various applications, making it an ideal choice for both hobbyists and professionals alike. Unmatched Efficiency and Precision The Economic&hellip;","_links":{"self":[{"href":"https:\/\/wisecnclaser.com\/es\/wp-json\/wp\/v2\/product\/3759","targetHints":{"allow":["GET"]}}],"collection":[{"href":"https:\/\/wisecnclaser.com\/es\/wp-json\/wp\/v2\/product"}],"about":[{"href":"https:\/\/wisecnclaser.com\/es\/wp-json\/wp\/v2\/types\/product"}],"wp:featuredmedia":[{"embeddable":true,"href":"https:\/\/wisecnclaser.com\/es\/wp-json\/wp\/v2\/media\/3762"}],"wp:attachment":[{"href":"https:\/\/wisecnclaser.com\/es\/wp-json\/wp\/v2\/media?parent=3759"}],"wp:term":[{"taxonomy":"product_brand","embeddable":true,"href":"https:\/\/wisecnclaser.com\/es\/wp-json\/wp\/v2\/product_brand?post=3759"},{"taxonomy":"product_cat","embeddable":true,"href":"https:\/\/wisecnclaser.com\/es\/wp-json\/wp\/v2\/product_cat?post=3759"},{"taxonomy":"product_tag","embeddable":true,"href":"https:\/\/wisecnclaser.com\/es\/wp-json\/wp\/v2\/product_tag?post=3759"}],"curies":[{"name":"wp","href":"https:\/\/api.w.org\/{rel}","templated":true}]}}