{"id":3763,"date":"2025-05-23T02:46:17","date_gmt":"2025-05-23T02:46:17","guid":{"rendered":"https:\/\/wisecnclaser.com\/?post_type=product&#038;p=3763"},"modified":"2025-07-07T07:00:23","modified_gmt":"2025-07-07T07:00:23","slug":"linear-atc-woodworking-cnc-router","status":"publish","type":"product","link":"https:\/\/wisecnclaser.com\/es\/producto\/linear-atc-woodworking-cnc-router\/","title":{"rendered":"Fresadora CNC lineal ATC para carpinter\u00eda"},"content":{"rendered":"<table>\n<tbody>\n<tr class=\"firstRow\">\n<td colspan=\"2\" valign=\"center\" width=\"672\"><strong>Caracter\u00edsticas:<\/strong><\/p>\n<p>1.Todo el cuerpo de la m\u00e1quina est\u00e1 hecho de acero de 8MM sin soldadura templado tratamiento de envejecimiento, r\u00edgido, sin deformaci\u00f3n.<\/p>\n<p>2.Servomotor, alta precisi\u00f3n y alta velocidad.<\/p>\n<p>3. Gu\u00eda de carril cuadrado de Taiw\u00e1n, funcionamiento suave, alta precisi\u00f3n m\u00e1s estable, larga vida \u00fatil.<\/p>\n<p>4. 9KW refrigeraci\u00f3n por aire ATC husillo, larga vida de energ\u00eda, la velocidad de hasta 18000 r \/ min, tallada superficie lisa.<\/p>\n<p>5. Grande equipado con un gabinete separado, operaci\u00f3n de pantalla t\u00e1ctil, simple y conveniente, f\u00e1cil de aprender.<\/p>\n<p>6. Con mesa de vac\u00edo, corte hacer cruz en la mesa de vac\u00edo, mejor efecto de succi\u00f3n. sistema de vac\u00edo puede ser aspirado en el proceso de procesamiento de astillas de madera y escombros, para mantener la mesa limpia y mantenimiento indirecto del equipo.<\/p>\n<p>7.8 herramientas ATC lineales<\/p>\n<p>8. se utiliza para el corte de madera, grabado, fresado, corte de agujeros, aplicado en muebles de panel, gabinete vestido, y la fabricaci\u00f3n de puertas de gabinete avanzado<\/p>\n<p>&nbsp;<\/p>\n<p>Aplicaci\u00f3n:<\/p>\n<p>Adecuado para carpinter\u00eda, puertas de madera, muebles, armarios, moldes, etc.<\/td>\n<\/tr>\n<tr>\n<td valign=\"top\" width=\"207\">X \u00c1REA DE TRABAJO<\/td>\n<td valign=\"top\" width=\"465\">1300mm 1500MM<\/td>\n<\/tr>\n<tr>\n<td valign=\"top\" width=\"207\">Y \u00c1REA DE TRABAJO<\/td>\n<td valign=\"top\" width=\"465\">2500mm 3000MM<\/td>\n<\/tr>\n<tr>\n<td valign=\"top\" width=\"207\">Z ZONA DE TRABAJO<\/td>\n<td valign=\"top\" width=\"465\">200 mm<\/td>\n<\/tr>\n<tr>\n<td valign=\"top\" width=\"207\">MESA M\u00c1QUINA<\/td>\n<td valign=\"top\" width=\"465\">Mesa de adsorci\u00f3n al vac\u00edo-mesa de vac\u00edo de doble capa con cruz, mejor efecto de succi\u00f3n que la mesa de vac\u00edo normal<\/td>\n<\/tr>\n<tr>\n<td valign=\"top\" width=\"207\">C\u00d3DIGO DE MANDO<\/td>\n<td valign=\"top\" width=\"465\">C\u00f3digo G<\/td>\n<\/tr>\n<tr>\n<td valign=\"top\" width=\"207\">ESTRUCTURA DEL EJE XYZ<\/td>\n<td valign=\"top\" width=\"465\">X\/Y Taiwan Rack rail\uff0chace el trabajo de la m\u00e1quina m\u00e1s estable ; Z Screw rail<\/td>\n<\/tr>\n<tr>\n<td valign=\"top\" width=\"207\">POTENCIA DEL COLECTOR DE POLVO<\/td>\n<td valign=\"top\" width=\"465\">3 bolsas dobles<\/td>\n<\/tr>\n<tr>\n<td valign=\"top\" width=\"207\">POTENCIA<\/td>\n<td valign=\"top\" width=\"465\">AC220V 1FASE \/ 50Hz<\/td>\n<\/tr>\n<tr>\n<td valign=\"top\" width=\"207\">HUSILLO<\/td>\n<td valign=\"top\" width=\"465\">Husillo ATC de 9 kW con refrigeraci\u00f3n por aire<\/td>\n<\/tr>\n<tr>\n<td valign=\"top\" width=\"207\">POTENCIA DE TRABAJO TOTAL<\/td>\n<td valign=\"top\" width=\"465\">26KW<\/td>\n<\/tr>\n<tr>\n<td valign=\"top\" width=\"207\">VELOCIDAD DE ROTACI\u00d3N DEL HUSILLO<\/td>\n<td valign=\"top\" width=\"465\">18000rpm \/ min<\/td>\n<\/tr>\n<tr>\n<td valign=\"top\" width=\"207\">INVERSOR<\/td>\n<td valign=\"top\" width=\"465\">Inversor de 11 kW<\/td>\n<\/tr>\n<tr>\n<td valign=\"top\" width=\"207\">MOTOR DE ACCIONAMIENTO<\/td>\n<td valign=\"top\" width=\"465\">Servomotor chino<\/td>\n<\/tr>\n<tr>\n<td valign=\"top\" width=\"207\">SISTEMA OPERATIVO<\/td>\n<td valign=\"top\" width=\"465\">Sistema de control de pantalla t\u00e1ctil LNC de Taiw\u00e1n<\/td>\n<\/tr>\n<tr>\n<td valign=\"top\" width=\"207\">POTENCIA DE LA BOMBA DE VAC\u00cdO<\/td>\n<td valign=\"top\" width=\"465\">Bomba de vac\u00edo neum\u00e1tica de 2,2 kW *2 piezas 220v monof\u00e1sica 60hz<\/td>\n<\/tr>\n<tr>\n<td valign=\"center\" width=\"207\">CARRIL LINEAL<\/td>\n<td valign=\"top\" width=\"465\">Ra\u00edl cuadrado de Taiw\u00e1n, m\u00e1s estable<\/td>\n<\/tr>\n<tr>\n<td valign=\"center\" width=\"207\">REDUCTOR<\/td>\n<td valign=\"top\" width=\"465\">Jap\u00f3n marca shimpoo<\/td>\n<\/tr>\n<tr>\n<td valign=\"center\" width=\"207\">TORNILLO DE BOLA<\/td>\n<td valign=\"top\" width=\"465\">Taiw\u00e1n TBI<\/td>\n<\/tr>\n<tr>\n<td valign=\"center\" width=\"207\">PESO<\/td>\n<td valign=\"top\" width=\"465\">2900KGS<\/td>\n<\/tr>\n<tr>\n<td valign=\"center\" width=\"207\">OTRAS PIEZAS AUXILIARES<\/td>\n<td valign=\"top\" width=\"465\">pasadores emergentes\/posici\u00f3n del cilindro,<\/p>\n<p>Sistema de lubricaci\u00f3n autom\u00e1tica<\/p>\n<p>Sensor de herramientas<\/p>\n<p>Software<\/p>\n<p>Caja de herramientas 1<\/p>\n<p>Portaherramientas 8 piezas<\/p>\n<p>Recoge 8 piezas<\/p>\n<p>Llaves 4<\/td>\n<\/tr>\n<\/tbody>\n<\/table>","protected":false},"excerpt":{"rendered":"<p>Features: 1.The whole machine body is made from 8MM steel seamless welding tempering aging treatment, rigid, no deformation. 2.Servo motor, high precision and high speed. 3. Taiwan square rail guide, smooth operation,\u00a0more\u00a0stable high precision, long life. 4.\u00a09KW air cooling\u00a0ATC spindle, long power life, speed up to\u00a018000 r \/ min, carved smooth surface. 5. Large equipped [&hellip;]<\/p>\n","protected":false},"featured_media":3766,"template":"","meta":{"_seopress_robots_primary_cat":"none","_seopress_titles_title":"","_seopress_titles_desc":"","_seopress_robots_index":"","_uag_custom_page_level_css":"","site-sidebar-layout":"default","site-content-layout":"","ast-site-content-layout":"default","site-content-style":"default","site-sidebar-style":"default","ast-global-header-display":"","ast-banner-title-visibility":"","ast-main-header-display":"","ast-hfb-above-header-display":"","ast-hfb-below-header-display":"","ast-hfb-mobile-header-display":"","site-post-title":"","ast-breadcrumbs-content":"","ast-featured-img":"","footer-sml-layout":"","ast-disable-related-posts":"","theme-transparent-header-meta":"default","adv-header-id-meta":"","stick-header-meta":"default","header-above-stick-meta":"","header-main-stick-meta":"","header-below-stick-meta":"","astra-migrate-meta-layouts":"set","ast-page-background-enabled":"default","ast-page-background-meta":{"desktop":{"background-color":"","background-image":"","background-repeat":"repeat","background-position":"center center","background-size":"auto","background-attachment":"scroll","background-type":"","background-media":"","overlay-type":"","overlay-color":"","overlay-opacity":"","overlay-gradient":""},"tablet":{"background-color":"","background-image":"","background-repeat":"repeat","background-position":"center center","background-size":"auto","background-attachment":"scroll","background-type":"","background-media":"","overlay-type":"","overlay-color":"","overlay-opacity":"","overlay-gradient":""},"mobile":{"background-color":"","background-image":"","background-repeat":"repeat","background-position":"center center","background-size":"auto","background-attachment":"scroll","background-type":"","background-media":"","overlay-type":"","overlay-color":"","overlay-opacity":"","overlay-gradient":""}},"ast-content-background-meta":{"desktop":{"background-color":"var(--ast-global-color-5)","background-image":"","background-repeat":"repeat","background-position":"center center","background-size":"auto","background-attachment":"scroll","background-type":"","background-media":"","overlay-type":"","overlay-color":"","overlay-opacity":"","overlay-gradient":""},"tablet":{"background-color":"var(--ast-global-color-5)","background-image":"","background-repeat":"repeat","background-position":"center center","background-size":"auto","background-attachment":"scroll","background-type":"","background-media":"","overlay-type":"","overlay-color":"","overlay-opacity":"","overlay-gradient":""},"mobile":{"background-color":"var(--ast-global-color-5)","background-image":"","background-repeat":"repeat","background-position":"center center","background-size":"auto","background-attachment":"scroll","background-type":"","background-media":"","overlay-type":"","overlay-color":"","overlay-opacity":"","overlay-gradient":""}}},"product_brand":[],"product_cat":[34],"product_tag":[84,72,85,73,83],"class_list":{"0":"post-3763","1":"product","2":"type-product","3":"status-publish","4":"has-post-thumbnail","6":"product_cat-nesting","7":"product_tag-3-axis-atc-cnc-router","8":"product_tag-48-atc-cnc-router","9":"product_tag-high-quality-atc-wood-router","10":"product_tag-linear-atc-cnc-router","11":"product_tag-woodworking-atc-cnc-router","12":"desktop-align-left","13":"tablet-align-left","14":"mobile-align-left","15":"ast-product-gallery-layout-horizontal-slider","16":"ast-product-gallery-with-no-image","17":"ast-product-tabs-layout-horizontal","19":"first","20":"instock","21":"shipping-taxable","22":"product-type-simple"},"uagb_featured_image_src":{"full":["https:\/\/wisecnclaser.com\/wp-content\/uploads\/2025\/05\/05253cedd86ab52701d4ff6a6fa46c26.png",1078,1076,false],"thumbnail":["https:\/\/wisecnclaser.com\/wp-content\/uploads\/2025\/05\/05253cedd86ab52701d4ff6a6fa46c26-150x150.png",150,150,true],"medium":["https:\/\/wisecnclaser.com\/wp-content\/uploads\/2025\/05\/05253cedd86ab52701d4ff6a6fa46c26-300x300.png",300,300,true],"medium_large":["https:\/\/wisecnclaser.com\/wp-content\/uploads\/2025\/05\/05253cedd86ab52701d4ff6a6fa46c26-768x767.png",768,767,true],"large":["https:\/\/wisecnclaser.com\/wp-content\/uploads\/2025\/05\/05253cedd86ab52701d4ff6a6fa46c26-1024x1022.png",1024,1022,true],"1536x1536":["https:\/\/wisecnclaser.com\/wp-content\/uploads\/2025\/05\/05253cedd86ab52701d4ff6a6fa46c26.png",1078,1076,false],"2048x2048":["https:\/\/wisecnclaser.com\/wp-content\/uploads\/2025\/05\/05253cedd86ab52701d4ff6a6fa46c26.png",1078,1076,false],"trp-custom-language-flag":["https:\/\/wisecnclaser.com\/wp-content\/uploads\/2025\/05\/05253cedd86ab52701d4ff6a6fa46c26-12x12.png",12,12,true],"woocommerce_thumbnail":["https:\/\/wisecnclaser.com\/wp-content\/uploads\/2025\/05\/05253cedd86ab52701d4ff6a6fa46c26-300x300.png",300,300,true],"woocommerce_single":["https:\/\/wisecnclaser.com\/wp-content\/uploads\/2025\/05\/05253cedd86ab52701d4ff6a6fa46c26-600x599.png",600,599,true],"woocommerce_gallery_thumbnail":["https:\/\/wisecnclaser.com\/wp-content\/uploads\/2025\/05\/05253cedd86ab52701d4ff6a6fa46c26-100x100.png",100,100,true]},"uagb_author_info":{"display_name":"jinxing6611@gmail.com","author_link":"https:\/\/wisecnclaser.com\/es\/author\/"},"uagb_comment_info":0,"uagb_excerpt":"Features: 1.The whole machine body is made from 8MM steel seamless welding tempering aging treatment, rigid, no deformation. 2.Servo motor, high precision and high speed. 3. Taiwan square rail guide, smooth operation,\u00a0more\u00a0stable high precision, long life. 4.\u00a09KW air cooling\u00a0ATC spindle, long power life, speed up to\u00a018000 r \/ min, carved smooth surface. 5. Large equipped&hellip;","_links":{"self":[{"href":"https:\/\/wisecnclaser.com\/es\/wp-json\/wp\/v2\/product\/3763","targetHints":{"allow":["GET"]}}],"collection":[{"href":"https:\/\/wisecnclaser.com\/es\/wp-json\/wp\/v2\/product"}],"about":[{"href":"https:\/\/wisecnclaser.com\/es\/wp-json\/wp\/v2\/types\/product"}],"wp:featuredmedia":[{"embeddable":true,"href":"https:\/\/wisecnclaser.com\/es\/wp-json\/wp\/v2\/media\/3766"}],"wp:attachment":[{"href":"https:\/\/wisecnclaser.com\/es\/wp-json\/wp\/v2\/media?parent=3763"}],"wp:term":[{"taxonomy":"product_brand","embeddable":true,"href":"https:\/\/wisecnclaser.com\/es\/wp-json\/wp\/v2\/product_brand?post=3763"},{"taxonomy":"product_cat","embeddable":true,"href":"https:\/\/wisecnclaser.com\/es\/wp-json\/wp\/v2\/product_cat?post=3763"},{"taxonomy":"product_tag","embeddable":true,"href":"https:\/\/wisecnclaser.com\/es\/wp-json\/wp\/v2\/product_tag?post=3763"}],"curies":[{"name":"wp","href":"https:\/\/api.w.org\/{rel}","templated":true}]}}