{"id":4051,"date":"2025-06-25T02:02:27","date_gmt":"2025-06-25T02:02:27","guid":{"rendered":"https:\/\/wisecnclaser.com\/?post_type=product&#038;p=4051"},"modified":"2025-06-25T02:02:27","modified_gmt":"2025-06-25T02:02:27","slug":"high-precision-atc-cnc-router-for-complex-designs","status":"publish","type":"product","link":"https:\/\/wisecnclaser.com\/es\/producto\/high-precision-atc-cnc-router-for-complex-designs\/","title":{"rendered":"Fresadora CNC ATC de alta precisi\u00f3n para dise\u00f1os complejos"},"content":{"rendered":"<p><strong>Desbloquee una capacidad inigualable para el trabajo complejo de la madera y la fabricaci\u00f3n industrial<\/strong><\/p>\n<p>Conozca la nueva generaci\u00f3n de fresadoras CNC ATC, dise\u00f1adas para lograr la perfecci\u00f3n en dise\u00f1os 3D complejos. Nuestro sistema industrial combina la precisi\u00f3n microm\u00e9trica con la tecnolog\u00eda de cambio autom\u00e1tico de herramientas para ofrecer resultados impecables en madera, materiales compuestos y metales.<\/p>\n<p>&nbsp;<\/p>\n<p><strong>Ventajas clave:<\/strong><\/p>\n<p>Aut\u00e9ntico motor de fabricaci\u00f3n: Como fresadora CNC ATC dedicada a la fabricaci\u00f3n, procesa aluminio, pl\u00e1sticos y materiales compuestos a velocidades de producci\u00f3n (repetibilidad de 0,01 mm).<\/p>\n<p>Ingenier\u00eda de precisi\u00f3n para carpinter\u00eda: Lo \u00faltimo en fresadoras CNC ATC para carpinter\u00eda para tallas intrincadas, carpinter\u00eda y elementos arquitect\u00f3nicos con una delicadeza de husillo de 24K RPM.<\/p>\n<p>Dominio del dise\u00f1o complejo: Ejecute proyectos de varias etapas sin supervisi\u00f3n con cambios autom\u00e1ticos de herramientas (12+ herramientas) ; ideal para moldes, prototipos y geometr\u00edas art\u00edsticas.<\/p>\n<p>Rendimiento sin concesiones: Bastidor de acero resistente; preparado para 5 ejes; calibraci\u00f3n de herramientas integrada;<\/p>\n<p>70% Producci\u00f3n m\u00e1s r\u00e1pida: Elimine los cambios manuales de herramientas y ejecute operaciones sin luz<\/p>\n<p>&nbsp;<\/p>\n<p><strong>Especificaciones l\u00edderes del sector:<\/strong><\/p>\n<p>+\/-0,01 mm Precisi\u00f3n de posicionamiento<\/p>\n<p>Cambiador autom\u00e1tico de herramientas (ATC) de 12 estaciones<\/p>\n<p>Husillo HSD de 9 kW (24.000 rpm) o husillo HQD<\/p>\n<p>Mesa de vac\u00edo r\u00edgida + Control de polvo avanzado<\/p>\n<p>1300x2500mm \u00c1rea de trabajo est\u00e1ndar<\/p>\n<p>&nbsp;<\/p>\n<p><strong>Ideal para:<\/strong><\/p>\n<p>- Ebanistas y fabricantes de muebles de gama alta (carpinter\u00eda ATC CNC router)<\/p>\n<p>- Producci\u00f3n de componentes aeroespaciales y de automoci\u00f3n (fabricaci\u00f3n de fresadoras CNC ATC)<\/p>\n<p>- Estudios de se\u00f1alizaci\u00f3n | Laboratorios de prototipos | Fabricantes de metal a medida<\/p>\n<p>&nbsp;<\/p>\n<p><strong>Par\u00e1metros t\u00e9cnicos de la fresadora CNC ATC 4*8:<\/strong><\/p>\n<table>\n<tbody>\n<tr>\n<td width=\"414\">X Y Z \u00c1REA DE TRABAJO<\/td>\n<td width=\"941\">1300mm*2500mm*200mm<\/td>\n<\/tr>\n<tr>\n<td width=\"414\">ESTRUCTURA DE LA ENCIMERA<\/td>\n<td width=\"941\">Mesa de adsorci\u00f3n al vac\u00edo<\/td>\n<\/tr>\n<tr>\n<td width=\"414\">C\u00d3DIGO DE MANDO<\/td>\n<td width=\"941\">C\u00f3digo G<\/td>\n<\/tr>\n<tr>\n<td width=\"414\">ESTRUCTURA DEL EJE XYZ<\/td>\n<td width=\"941\">X\/Y Riel de cremallera; Z Riel de tornillo<\/td>\n<\/tr>\n<tr>\n<td width=\"414\">POTENCIA DE ENTRADA<\/td>\n<td width=\"941\">11KW<\/td>\n<\/tr>\n<tr>\n<td width=\"414\">POTENCIA<\/td>\n<td width=\"941\">AC380V \/ 50Hz<\/td>\n<\/tr>\n<tr>\n<td width=\"414\">HUSILLO<\/td>\n<td width=\"941\">Husillo de refrigeraci\u00f3n por aire HQD de 9 kW\/Husillo de refrigeraci\u00f3n por aire HSD de 9 kW<\/td>\n<\/tr>\n<tr>\n<td width=\"414\">VELOCIDAD DE ROTACI\u00d3N DEL HUSILLO<\/td>\n<td width=\"941\">18000rpm \/ 24000rpm<\/td>\n<\/tr>\n<tr>\n<td width=\"414\">INVERSOR<\/td>\n<td width=\"941\">Inversor de 11 kW<\/td>\n<\/tr>\n<tr>\n<td width=\"414\">MOTOR DE ACCIONAMIENTO<\/td>\n<td width=\"941\">Servomotor de 750 W<\/td>\n<\/tr>\n<tr>\n<td width=\"414\">SISTEMA DE CONTROL<\/td>\n<td width=\"941\">Taiw\u00e1n LNC<\/td>\n<\/tr>\n<tr>\n<td width=\"414\">BOMBA DE VAC\u00cdO<\/td>\n<td width=\"941\">Bomba de aire de 7,5 kW<\/td>\n<\/tr>\n<tr>\n<td width=\"414\">CARRIL LINEAL<\/td>\n<td width=\"941\">Taiw\u00e1n 25<\/td>\n<\/tr>\n<tr>\n<td width=\"414\">PESO<\/td>\n<td width=\"941\">2500KGS<\/td>\n<\/tr>\n<tr>\n<td width=\"414\">TALLA<\/td>\n<td width=\"941\">L3500mm*A2200*Al2100<\/td>\n<\/tr>\n<\/tbody>\n<\/table>","protected":false},"excerpt":{"rendered":"<p>Unlock Unmatched Capability for Intricate Woodworking &amp; Industrial Manufacturing Meet the next generation ATC CNC Router engineered for perfection in complex 3D designs. Our industrial-grade system combines micron-level accuracy with automated tool-changing technology ; delivering flawless results across wood, composites, and metals. &nbsp; Key Advantages: True Manufacturing Powerhouse: As a dedicated manufacturing ATC CNC router, [&hellip;]<\/p>\n","protected":false},"featured_media":4054,"template":"","meta":{"_seopress_robots_primary_cat":"none","_seopress_titles_title":"%%post_title%% %%sitetitle%%","_seopress_titles_desc":"","_seopress_robots_index":"","_uag_custom_page_level_css":"","site-sidebar-layout":"default","site-content-layout":"","ast-site-content-layout":"default","site-content-style":"default","site-sidebar-style":"default","ast-global-header-display":"","ast-banner-title-visibility":"","ast-main-header-display":"","ast-hfb-above-header-display":"","ast-hfb-below-header-display":"","ast-hfb-mobile-header-display":"","site-post-title":"","ast-breadcrumbs-content":"","ast-featured-img":"","footer-sml-layout":"","ast-disable-related-posts":"","theme-transparent-header-meta":"default","adv-header-id-meta":"","stick-header-meta":"default","header-above-stick-meta":"","header-main-stick-meta":"","header-below-stick-meta":"","astra-migrate-meta-layouts":"set","ast-page-background-enabled":"default","ast-page-background-meta":{"desktop":{"background-color":"","background-image":"","background-repeat":"repeat","background-position":"center center","background-size":"auto","background-attachment":"scroll","background-type":"","background-media":"","overlay-type":"","overlay-color":"","overlay-opacity":"","overlay-gradient":""},"tablet":{"background-color":"","background-image":"","background-repeat":"repeat","background-position":"center center","background-size":"auto","background-attachment":"scroll","background-type":"","background-media":"","overlay-type":"","overlay-color":"","overlay-opacity":"","overlay-gradient":""},"mobile":{"background-color":"","background-image":"","background-repeat":"repeat","background-position":"center center","background-size":"auto","background-attachment":"scroll","background-type":"","background-media":"","overlay-type":"","overlay-color":"","overlay-opacity":"","overlay-gradient":""}},"ast-content-background-meta":{"desktop":{"background-color":"var(--ast-global-color-5)","background-image":"","background-repeat":"repeat","background-position":"center center","background-size":"auto","background-attachment":"scroll","background-type":"","background-media":"","overlay-type":"","overlay-color":"","overlay-opacity":"","overlay-gradient":""},"tablet":{"background-color":"var(--ast-global-color-5)","background-image":"","background-repeat":"repeat","background-position":"center center","background-size":"auto","background-attachment":"scroll","background-type":"","background-media":"","overlay-type":"","overlay-color":"","overlay-opacity":"","overlay-gradient":""},"mobile":{"background-color":"var(--ast-global-color-5)","background-image":"","background-repeat":"repeat","background-position":"center center","background-size":"auto","background-attachment":"scroll","background-type":"","background-media":"","overlay-type":"","overlay-color":"","overlay-opacity":"","overlay-gradient":""}}},"product_brand":[],"product_cat":[65],"product_tag":[72,71,70,73],"class_list":{"0":"post-4051","1":"product","2":"type-product","3":"status-publish","4":"has-post-thumbnail","6":"product_cat-atccnc","7":"product_tag-48-atc-cnc-router","8":"product_tag-atc-cnc-router","9":"product_tag-cnc-router","10":"product_tag-linear-atc-cnc-router","11":"desktop-align-left","12":"tablet-align-left","13":"mobile-align-left","14":"ast-product-gallery-layout-horizontal-slider","15":"ast-product-gallery-with-no-image","16":"ast-product-tabs-layout-horizontal","18":"first","19":"instock","20":"shipping-taxable","21":"product-type-simple"},"uagb_featured_image_src":{"full":["https:\/\/wisecnclaser.com\/wp-content\/uploads\/2025\/06\/\u5fae\u4fe1\u56fe\u7247_20240626151355.jpg",1706,1280,false],"thumbnail":["https:\/\/wisecnclaser.com\/wp-content\/uploads\/2025\/06\/\u5fae\u4fe1\u56fe\u7247_20240626151355-150x150.jpg",150,150,true],"medium":["https:\/\/wisecnclaser.com\/wp-content\/uploads\/2025\/06\/\u5fae\u4fe1\u56fe\u7247_20240626151355-300x225.jpg",300,225,true],"medium_large":["https:\/\/wisecnclaser.com\/wp-content\/uploads\/2025\/06\/\u5fae\u4fe1\u56fe\u7247_20240626151355-768x576.jpg",768,576,true],"large":["https:\/\/wisecnclaser.com\/wp-content\/uploads\/2025\/06\/\u5fae\u4fe1\u56fe\u7247_20240626151355-1024x768.jpg",1024,768,true],"1536x1536":["https:\/\/wisecnclaser.com\/wp-content\/uploads\/2025\/06\/\u5fae\u4fe1\u56fe\u7247_20240626151355-1536x1152.jpg",1536,1152,true],"2048x2048":["https:\/\/wisecnclaser.com\/wp-content\/uploads\/2025\/06\/\u5fae\u4fe1\u56fe\u7247_20240626151355.jpg",1706,1280,false],"trp-custom-language-flag":["https:\/\/wisecnclaser.com\/wp-content\/uploads\/2025\/06\/\u5fae\u4fe1\u56fe\u7247_20240626151355-16x12.jpg",16,12,true],"woocommerce_thumbnail":["https:\/\/wisecnclaser.com\/wp-content\/uploads\/2025\/06\/\u5fae\u4fe1\u56fe\u7247_20240626151355-300x300.jpg",300,300,true],"woocommerce_single":["https:\/\/wisecnclaser.com\/wp-content\/uploads\/2025\/06\/\u5fae\u4fe1\u56fe\u7247_20240626151355-600x450.jpg",600,450,true],"woocommerce_gallery_thumbnail":["https:\/\/wisecnclaser.com\/wp-content\/uploads\/2025\/06\/\u5fae\u4fe1\u56fe\u7247_20240626151355-100x100.jpg",100,100,true]},"uagb_author_info":{"display_name":"jinxing6611@gmail.com","author_link":"https:\/\/wisecnclaser.com\/es\/author\/"},"uagb_comment_info":0,"uagb_excerpt":"Unlock Unmatched Capability for Intricate Woodworking &amp; Industrial Manufacturing Meet the next generation ATC CNC Router engineered for perfection in complex 3D designs. Our industrial-grade system combines micron-level accuracy with automated tool-changing technology ; delivering flawless results across wood, composites, and metals. &nbsp; Key Advantages: True Manufacturing Powerhouse: As a dedicated manufacturing ATC CNC router,&hellip;","_links":{"self":[{"href":"https:\/\/wisecnclaser.com\/es\/wp-json\/wp\/v2\/product\/4051","targetHints":{"allow":["GET"]}}],"collection":[{"href":"https:\/\/wisecnclaser.com\/es\/wp-json\/wp\/v2\/product"}],"about":[{"href":"https:\/\/wisecnclaser.com\/es\/wp-json\/wp\/v2\/types\/product"}],"wp:featuredmedia":[{"embeddable":true,"href":"https:\/\/wisecnclaser.com\/es\/wp-json\/wp\/v2\/media\/4054"}],"wp:attachment":[{"href":"https:\/\/wisecnclaser.com\/es\/wp-json\/wp\/v2\/media?parent=4051"}],"wp:term":[{"taxonomy":"product_brand","embeddable":true,"href":"https:\/\/wisecnclaser.com\/es\/wp-json\/wp\/v2\/product_brand?post=4051"},{"taxonomy":"product_cat","embeddable":true,"href":"https:\/\/wisecnclaser.com\/es\/wp-json\/wp\/v2\/product_cat?post=4051"},{"taxonomy":"product_tag","embeddable":true,"href":"https:\/\/wisecnclaser.com\/es\/wp-json\/wp\/v2\/product_tag?post=4051"}],"curies":[{"name":"wp","href":"https:\/\/api.w.org\/{rel}","templated":true}]}}