{"id":4078,"date":"2025-07-10T03:24:45","date_gmt":"2025-07-10T03:24:45","guid":{"rendered":"https:\/\/wisecnclaser.com\/?post_type=product&#038;p=4078"},"modified":"2025-11-19T01:46:01","modified_gmt":"2025-11-19T01:46:01","slug":"ws1322-low-cost-cnc-foam-cutter-for-startups","status":"publish","type":"product","link":"https:\/\/wisecnclaser.com\/es\/producto\/ws1322-low-cost-cnc-foam-cutter-for-startups\/","title":{"rendered":"WS1322 Cortadora de espuma CNC de bajo coste para startups"},"content":{"rendered":"<p>Corte de espuma CNC asequible para empresas de nueva creaci\u00f3n<\/p>\n<p>&nbsp;<\/p>\n<p>\u00bfCansado de subcontratar prototipos? Lleve el corte de espuma de precisi\u00f3n a su empresa sin tener que pagar precios industriales. La cortadora de espuma de poliestireno por hilo caliente WS1322 ofrece funciones CNC profesionales a un precio asequible.<\/p>\n<p>&nbsp;<\/p>\n<p>\u00bfPor qu\u00e9 las startups adoran el cortador de hilo caliente WS1322?<\/p>\n<p>&nbsp;<\/p>\n<p>Radicalmente asequible:\u2153 el coste de los sistemas industriales. Retorno de la inversi\u00f3n en semanas, no a\u00f1os.<\/p>\n<p>Dise\u00f1o inteligente: Encaja en garajes, peque\u00f1os talleres o espacios maker (\u00e1rea de trabajo de 1300*2200mm).<\/p>\n<p>Creaci\u00f3n r\u00e1pida de prototipos: convierta archivos CAD (DXF, SVG) en piezas f\u00edsicas de espuma de poliuretano EPS\/XPS en cuesti\u00f3n de horas.<\/p>\n<p>Simplicidad Plug &amp; Cut: Software intuitivo y calibraci\u00f3n autom\u00e1tica, sin necesidad de conocimientos de CNC.<\/p>\n<p>Precisi\u00f3n Hot-Wire: Cree formas suaves y complejas para aviones RC, embalajes, modelos arquitect\u00f3nicos y expositores.<\/p>\n<p>Asistencia preparada para la puesta en marcha: Tutoriales dedicados, chat en directo y actualizaciones modulares.<\/p>\n<p>&nbsp;<\/p>\n<p>Perfecto para:<\/p>\n<p>\u2713 Prototipos de productos<\/p>\n<p>\u2713 Modelos arquitect\u00f3nicos<\/p>\n<p>Drones y componentes RC<\/p>\n<p>\u2713 Insertos de embalaje personalizados<\/p>\n<p>Fabricaci\u00f3n de expositores y displays<\/p>\n<p>\u2713 Letra de espuma y puntal de espuma<\/p>\n<p>&nbsp;<\/p>\n<p>Par\u00e1metros t\u00e9cnicos de la m\u00e1quina cortadora de espuma 3d de 5 ejes con hilo caliente WS1322:<\/p>\n<table>\n<tbody>\n<tr>\n<td colspan=\"2\" width=\"1182\">M\u00e1quina de corte de espuma de alambre caliente de 5 ejes<\/td>\n<\/tr>\n<tr>\n<td width=\"218\">Art\u00edculo<\/td>\n<td width=\"963\">Par\u00e1metros t\u00e9cnicos<\/td>\n<\/tr>\n<tr>\n<td width=\"218\">Software<\/td>\n<td width=\"963\">Software CAD profesional<\/td>\n<\/tr>\n<tr>\n<td width=\"218\">Sistema de conducci\u00f3n<\/td>\n<td width=\"963\">Motor paso a paso modelo 86+conductor 860H<\/td>\n<\/tr>\n<tr>\n<td width=\"218\">Potencia de trabajo<\/td>\n<td width=\"963\">220V\/380V<\/td>\n<\/tr>\n<tr>\n<td width=\"218\">Conductor<\/td>\n<td width=\"963\">Marca China\/kailida<\/td>\n<\/tr>\n<tr>\n<td width=\"218\">Contactor CA<\/td>\n<td width=\"963\">Delixi\/Chint<\/td>\n<\/tr>\n<tr>\n<td width=\"218\">Rel\u00e9<\/td>\n<td width=\"963\">Delixi\/Chint<\/td>\n<\/tr>\n<tr>\n<td width=\"218\">Interruptores<\/td>\n<td width=\"963\">Delixi\/Chint<\/td>\n<\/tr>\n<tr>\n<td width=\"218\">Cable el\u00e9ctrico<\/td>\n<td width=\"963\">Adopta cable apantallado de alta flexibilidad y cableado industrial de cadena de arrastre de alta resistencia<\/td>\n<\/tr>\n<tr>\n<td width=\"218\">P\u00f3rtico<\/td>\n<td width=\"963\">Un par de p\u00f3rticos verticales sin cubierta vertical de corte de alambre simple<\/td>\n<\/tr>\n<tr>\n<td width=\"218\">Mesa giratoria<\/td>\n<td width=\"963\">para corte 3d<\/td>\n<\/tr>\n<tr>\n<td width=\"218\">Controlador<\/td>\n<td width=\"963\">\u00a0controlador usb cnc<\/td>\n<\/tr>\n<tr>\n<td width=\"218\">Controlar<\/td>\n<td width=\"963\">Control el\u00e9ctrico dependiente<\/td>\n<\/tr>\n<tr>\n<td width=\"218\">Transmisi\u00f3n<\/td>\n<td width=\"963\">Transmisi\u00f3n por husillo de bolas<\/td>\n<\/tr>\n<tr>\n<td width=\"218\">Bastidor de la m\u00e1quina<\/td>\n<td width=\"963\">Bastidor de acero soldado<\/td>\n<\/tr>\n<\/tbody>\n<\/table>\n<p>&nbsp;<\/p>\n<table>\n<tbody>\n<tr>\n<td width=\"218\">Transformador de m\u00e1quina<\/td>\n<td width=\"963\">Transformador profesional para cortadora de espuma de alambre caliente<\/td>\n<\/tr>\n<tr>\n<td width=\"218\">Cuerpo del bastidor<\/td>\n<td width=\"963\">Bastidor de acero soldado<\/td>\n<\/tr>\n<\/tbody>\n<\/table>\n<p>Deja de esperar. Empiece a crear.<\/p>\n<p>WS1322 cortador de espuma de estireno de hilo caliente: Su atajo desde el concepto hasta el prototipo f\u00edsico.<\/p>\n<p>&nbsp;<\/p>\n<p><strong><b>5<\/b><\/strong><strong><b>\u00a0Par\u00e1metros de la m\u00e1quina de corte de espuma con hilo caliente Axis<\/b><\/strong><\/p>\n<p>Tama\u00f1o efectivo de corte: 22ppmm*1300*1250mm (largo*ancho*alto)<\/p>\n<p>Tama\u00f1o de trabajo del eje X: 1300 mm<\/p>\n<p>Tama\u00f1o de trabajo del eje Y: 2200 mm<\/p>\n<p>Precisi\u00f3n de corte: +\/-0,2 mm (depende del material del hilo caliente, del entorno y de la humedad de la espuma, etc.)<\/p>\n<p>Estructura de la mesa de trabajo: tubo de acero grueso soldado (\u22652,0 mm).<\/p>\n<p>Potencia de trabajo:AC220 50HZ\/ AC380V<\/p>\n<p>P\u00f3rtico: aluminio m\u00e1s ancho y grueso \uff08\u22652,0mm\uff09<\/p>\n<p>&nbsp;<\/p>\n<p><strong><b>Principal<\/b><\/strong><strong><b> Piezas de repuesto de cortadora de espuma de nivel b\u00e1sico:<\/b><\/strong><\/p>\n<p>Sistema de guiado: Carril redondo lineal SBR<\/p>\n<p>Transmisi\u00f3n por husillo de bolas: husillo de bolas TBI de alta precisi\u00f3n<\/p>\n<p>Motor de accionamiento: motor paso a paso de alta velocidad<\/p>\n<p>Armario de control: nuevo armario apto para la exportaci\u00f3n<\/p>\n<p>Mesa de trabajo: MDF de alta densidad de 18 mm<\/p>\n<p>Controlador: nuevo controlador industrial<\/p>\n<p>Sistema de calefacci\u00f3n: 3kw de potencia<\/p>\n<p>Cables: cable blindado de gran flexibilidad y durabilidad<\/p>\n<div class=\"ast-oembed-container\" style=\"height: 100%;\"><iframe title=\"Alambre caliente cnc m\u00e1quina de corte de espuma, 2d 3d 4d eps espuma cnc cortador, cortador de espuma cnc, 5 ejes espuma machin\" width=\"500\" height=\"281\" src=\"https:\/\/www.youtube.com\/embed\/9-fhBUUosA8?feature=oembed\" frameborder=\"0\" allow=\"accelerometer; autoplay; clipboard-write; encrypted-media; gyroscope; picture-in-picture; web-share\" referrerpolicy=\"strict-origin-when-cross-origin\" allowfullscreen><\/iframe><\/div>","protected":false},"excerpt":{"rendered":"<p>Affordable CNC Foam Cutting for Lean Startups &nbsp; Tired of outsourcing prototypes? Bring precision foam cutting in-house without industrial price tags. The WS1322 hot wire polystyrene foam cutter delivers professional CNC capabilities at a startup-friendly price. &nbsp; Why Startups Love WS1322 hot wire cutter? &nbsp; Radically Affordable:\u2153 the cost of industrial systems. ROI in weeks, [&hellip;]<\/p>\n","protected":false},"featured_media":4010,"template":"","meta":{"_seopress_robots_primary_cat":"none","_seopress_titles_title":"%%post_title%% %%sitetitle%%","_seopress_titles_desc":"","_seopress_robots_index":"","_uag_custom_page_level_css":"","site-sidebar-layout":"default","site-content-layout":"","ast-site-content-layout":"default","site-content-style":"default","site-sidebar-style":"default","ast-global-header-display":"","ast-banner-title-visibility":"","ast-main-header-display":"","ast-hfb-above-header-display":"","ast-hfb-below-header-display":"","ast-hfb-mobile-header-display":"","site-post-title":"","ast-breadcrumbs-content":"","ast-featured-img":"","footer-sml-layout":"","ast-disable-related-posts":"","theme-transparent-header-meta":"default","adv-header-id-meta":"","stick-header-meta":"default","header-above-stick-meta":"","header-main-stick-meta":"","header-below-stick-meta":"","astra-migrate-meta-layouts":"set","ast-page-background-enabled":"default","ast-page-background-meta":{"desktop":{"background-color":"","background-image":"","background-repeat":"repeat","background-position":"center center","background-size":"auto","background-attachment":"scroll","background-type":"","background-media":"","overlay-type":"","overlay-color":"","overlay-opacity":"","overlay-gradient":""},"tablet":{"background-color":"","background-image":"","background-repeat":"repeat","background-position":"center center","background-size":"auto","background-attachment":"scroll","background-type":"","background-media":"","overlay-type":"","overlay-color":"","overlay-opacity":"","overlay-gradient":""},"mobile":{"background-color":"","background-image":"","background-repeat":"repeat","background-position":"center center","background-size":"auto","background-attachment":"scroll","background-type":"","background-media":"","overlay-type":"","overlay-color":"","overlay-opacity":"","overlay-gradient":""}},"ast-content-background-meta":{"desktop":{"background-color":"var(--ast-global-color-5)","background-image":"","background-repeat":"repeat","background-position":"center center","background-size":"auto","background-attachment":"scroll","background-type":"","background-media":"","overlay-type":"","overlay-color":"","overlay-opacity":"","overlay-gradient":""},"tablet":{"background-color":"var(--ast-global-color-5)","background-image":"","background-repeat":"repeat","background-position":"center center","background-size":"auto","background-attachment":"scroll","background-type":"","background-media":"","overlay-type":"","overlay-color":"","overlay-opacity":"","overlay-gradient":""},"mobile":{"background-color":"var(--ast-global-color-5)","background-image":"","background-repeat":"repeat","background-position":"center center","background-size":"auto","background-attachment":"scroll","background-type":"","background-media":"","overlay-type":"","overlay-color":"","overlay-opacity":"","overlay-gradient":""}}},"product_brand":[],"product_cat":[43],"product_tag":[90,86,89,87,88],"class_list":{"0":"post-4078","1":"product","2":"type-product","3":"status-publish","4":"has-post-thumbnail","6":"product_cat-foam","7":"product_tag-3d-cnc-foam-cutter","8":"product_tag-3d-foam-cutting-machine","9":"product_tag-3d-hot-wire-foam-cutter","10":"product_tag-5-axis-foam-cutting-machine","11":"product_tag-hot-wire-foam-cutting-machine","12":"desktop-align-left","13":"tablet-align-left","14":"mobile-align-left","15":"ast-product-gallery-layout-horizontal-slider","16":"ast-product-gallery-with-no-image","17":"ast-product-tabs-layout-horizontal","19":"first","20":"instock","21":"featured","22":"shipping-taxable","23":"product-type-simple"},"uagb_featured_image_src":{"full":["https:\/\/wisecnclaser.com\/wp-content\/uploads\/2025\/05\/5-axis-foam-cutter.png",1080,1080,false],"thumbnail":["https:\/\/wisecnclaser.com\/wp-content\/uploads\/2025\/05\/5-axis-foam-cutter-150x150.png",150,150,true],"medium":["https:\/\/wisecnclaser.com\/wp-content\/uploads\/2025\/05\/5-axis-foam-cutter-300x300.png",300,300,true],"medium_large":["https:\/\/wisecnclaser.com\/wp-content\/uploads\/2025\/05\/5-axis-foam-cutter-768x768.png",768,768,true],"large":["https:\/\/wisecnclaser.com\/wp-content\/uploads\/2025\/05\/5-axis-foam-cutter-1024x1024.png",1024,1024,true],"1536x1536":["https:\/\/wisecnclaser.com\/wp-content\/uploads\/2025\/05\/5-axis-foam-cutter.png",1080,1080,false],"2048x2048":["https:\/\/wisecnclaser.com\/wp-content\/uploads\/2025\/05\/5-axis-foam-cutter.png",1080,1080,false],"trp-custom-language-flag":["https:\/\/wisecnclaser.com\/wp-content\/uploads\/2025\/05\/5-axis-foam-cutter-12x12.png",12,12,true],"woocommerce_thumbnail":["https:\/\/wisecnclaser.com\/wp-content\/uploads\/2025\/05\/5-axis-foam-cutter-300x300.png",300,300,true],"woocommerce_single":["https:\/\/wisecnclaser.com\/wp-content\/uploads\/2025\/05\/5-axis-foam-cutter-600x600.png",600,600,true],"woocommerce_gallery_thumbnail":["https:\/\/wisecnclaser.com\/wp-content\/uploads\/2025\/05\/5-axis-foam-cutter-100x100.png",100,100,true]},"uagb_author_info":{"display_name":"jinxing6611@gmail.com","author_link":"https:\/\/wisecnclaser.com\/es\/author\/"},"uagb_comment_info":0,"uagb_excerpt":"Affordable CNC Foam Cutting for Lean Startups &nbsp; Tired of outsourcing prototypes? Bring precision foam cutting in-house without industrial price tags. The WS1322 hot wire polystyrene foam cutter delivers professional CNC capabilities at a startup-friendly price. &nbsp; Why Startups Love WS1322 hot wire cutter? &nbsp; Radically Affordable:\u2153 the cost of industrial systems. ROI in weeks,&hellip;","_links":{"self":[{"href":"https:\/\/wisecnclaser.com\/es\/wp-json\/wp\/v2\/product\/4078","targetHints":{"allow":["GET"]}}],"collection":[{"href":"https:\/\/wisecnclaser.com\/es\/wp-json\/wp\/v2\/product"}],"about":[{"href":"https:\/\/wisecnclaser.com\/es\/wp-json\/wp\/v2\/types\/product"}],"wp:featuredmedia":[{"embeddable":true,"href":"https:\/\/wisecnclaser.com\/es\/wp-json\/wp\/v2\/media\/4010"}],"wp:attachment":[{"href":"https:\/\/wisecnclaser.com\/es\/wp-json\/wp\/v2\/media?parent=4078"}],"wp:term":[{"taxonomy":"product_brand","embeddable":true,"href":"https:\/\/wisecnclaser.com\/es\/wp-json\/wp\/v2\/product_brand?post=4078"},{"taxonomy":"product_cat","embeddable":true,"href":"https:\/\/wisecnclaser.com\/es\/wp-json\/wp\/v2\/product_cat?post=4078"},{"taxonomy":"product_tag","embeddable":true,"href":"https:\/\/wisecnclaser.com\/es\/wp-json\/wp\/v2\/product_tag?post=4078"}],"curies":[{"name":"wp","href":"https:\/\/api.w.org\/{rel}","templated":true}]}}