{"id":4158,"date":"2025-09-05T01:00:22","date_gmt":"2025-09-05T01:00:22","guid":{"rendered":"https:\/\/wisecnclaser.com\/?post_type=product&#038;p=4158"},"modified":"2025-09-05T01:00:23","modified_gmt":"2025-09-05T01:00:23","slug":"plasma-cutting-machine","status":"publish","type":"product","link":"https:\/\/wisecnclaser.com\/es\/producto\/plasma-cutting-machine\/","title":{"rendered":"M\u00e1quina de corte por plasma tipo p\u00f3rtico para corte de acero de metales gruesos"},"content":{"rendered":"<h2>Soluci\u00f3n de corte de metal de alto rendimiento<\/h2>\n<p>Experimente una precisi\u00f3n y eficiencia sin precedentes con nuestra m\u00e1quina de corte por plasma tipo p\u00f3rtico, dise\u00f1ada para necesidades de corte de metal grueso y fabricaci\u00f3n de acero. Tanto si se trata de proyectos industriales como de trabajos especializados, esta m\u00e1quina est\u00e1 equipada para ofrecer resultados superiores.<\/p>\n<p>Con un cabezal de corte por plasma de 200 A, garantiza un corte preciso de metales de hasta 20 mm de grosor. Para trabajos m\u00e1s pesados, el cabezal de oxicorte integrado corta sin esfuerzo metales de hasta 300 mm, lo que la convierte en una herramienta esencial para diversas aplicaciones en las industrias de fabricaci\u00f3n y procesamiento de metales.<\/p>\n<h2>Funciones avanzadas para una m\u00e1xima eficiencia<\/h2>\n<p>Esta m\u00e1quina de corte por plasma tipo p\u00f3rtico destaca por su robusta construcci\u00f3n y su avanzada funcionalidad. El dise\u00f1o tipo p\u00f3rtico proporciona estabilidad y precisi\u00f3n, permitiendo cortes precisos incluso en las chapas met\u00e1licas m\u00e1s gruesas. Combinada con las opciones de corte dual -un potente cabezal de plasma y herramientas de corte de llama ajustable-, puede personalizar el proceso para adaptarlo a sus materiales y especificaciones de proyecto.<\/p>\n<p>Su interfaz de f\u00e1cil manejo agiliza las operaciones, reduciendo el tiempo de preparaci\u00f3n y mejorando la productividad. La m\u00e1quina se ha dise\u00f1ado para cumplir rigurosos est\u00e1ndares de fabricaci\u00f3n, al tiempo que mantiene controles f\u00e1ciles de usar, lo que garantiza un rendimiento \u00f3ptimo tanto para profesionales experimentados como para principiantes.<\/p>\n<h2>Ideal para aplicaciones industriales y pesadas<\/h2>\n<p>Tanto en talleres de fabricaci\u00f3n de acero como en instalaciones industriales a gran escala, esta m\u00e1quina de corte ofrece versatilidad y fiabilidad. Es una opci\u00f3n excelente para crear componentes, crear estructuras y abordar proyectos exigentes que requieran precisi\u00f3n y durabilidad.<\/p>\n<p>Invierta en una soluci\u00f3n dise\u00f1ada para trabajar con los materiales m\u00e1s duros con facilidad. Con capacidades de corte que van desde los 20 mm hasta los 300 mm, esta m\u00e1quina est\u00e1 dise\u00f1ada para ahorrar tiempo y recursos a la vez que ofrece resultados precisos.<\/p>\n<p>Actualice hoy mismo sus operaciones de corte de metal con la m\u00e1quina de corte por plasma tipo p\u00f3rtico, la elecci\u00f3n definitiva para el corte de metal grueso y la fabricaci\u00f3n de acero de excelencia.<\/p>\n<p>Par\u00e1metros t\u00e9cnicos de la m\u00e1quina de corte por plasma tipo p\u00f3rtico de gran tama\u00f1o:<\/p>\n<table>\n<tbody>\n<tr>\n<td colspan=\"2\" width=\"1324\"><strong>Descripci\u00f3n y especificaciones:<\/strong><\/td>\n<\/tr>\n<tr>\n<td width=\"662\">Modelo<\/td>\n<td width=\"662\">WS2060<\/td>\n<\/tr>\n<tr>\n<td width=\"662\">Tama\u00f1o de trabajo<\/td>\n<td width=\"662\">2000*6000mm<\/td>\n<\/tr>\n<tr>\n<td width=\"662\">Cuerpo de la m\u00e1quina<\/td>\n<td width=\"662\">Estructura resistente Tubo cuadrado con dep\u00f3sito de agua<\/td>\n<\/tr>\n<tr>\n<td width=\"662\">Alimentaci\u00f3n<\/td>\n<td width=\"662\">Potencia 200A(corte de metal inferior a 20mm), Llama corte de metal inferior a 300mm<\/td>\n<\/tr>\n<tr>\n<td width=\"662\">Espesor de corte<\/td>\n<td width=\"662\">300 mm m\u00e1x.<\/td>\n<\/tr>\n<tr>\n<td width=\"662\">Precisi\u00f3n de corte<\/td>\n<td width=\"662\">\u00b10. 5 mm<\/td>\n<\/tr>\n<tr>\n<td width=\"662\">Precisi\u00f3n de reposicionamiento<\/td>\n<td width=\"662\">\u00b10,05 mm<\/td>\n<\/tr>\n<tr>\n<td width=\"662\">Velocidad de desplazamiento<\/td>\n<td width=\"662\">15 m\/min<\/td>\n<\/tr>\n<tr>\n<td width=\"662\">velocidad de corte<\/td>\n<td width=\"662\">8 m\/min<\/td>\n<\/tr>\n<tr>\n<td width=\"662\">Controlador de altura de la antorcha<\/td>\n<td width=\"662\">Control de la marca de arranque-Control de la tensi\u00f3n del arco<\/td>\n<\/tr>\n<tr>\n<td width=\"662\">Potencia bruta<\/td>\n<td width=\"662\">8,5-10,5 KW<\/td>\n<\/tr>\n<tr>\n<td width=\"662\">Sistema de control<\/td>\n<td width=\"662\">Sistema de control de arranque especial para plasma<\/td>\n<\/tr>\n<tr>\n<td width=\"662\">Motor<\/td>\n<td width=\"662\">Stepper<\/td>\n<\/tr>\n<tr>\n<td width=\"662\"><a href=\"app:ds:consumable\">Consumibles<\/a>\u00a0<a href=\"app:ds:items\">art\u00edculos<\/a><\/td>\n<td width=\"662\">La mejor marca china (polar y jet) 20 juegos<\/td>\n<\/tr>\n<tr>\n<td width=\"662\">Modo de transmisi\u00f3n<\/td>\n<td width=\"662\">Gu\u00eda cuadrada TBI de Taiw\u00e1n y rueda dentada para eje XY<\/td>\n<\/tr>\n<tr>\n<td width=\"662\">Modo de entrada de archivos<\/td>\n<td width=\"662\">USB<\/td>\n<\/tr>\n<tr>\n<td width=\"662\">Software<\/td>\n<td width=\"662\">Ucancam V9<\/td>\n<\/tr>\n<\/tbody>\n<\/table>\n<p>Fotos de m\u00e1quinas:<\/p>\n<p><img alt=\"\" fetchpriority=\"high\" decoding=\"async\" class=\"alignnone size-full wp-image-4162\" src=\"https:\/\/wisecnclaser.com\/wp-content\/uploads\/2025\/09\/0.jpg\" width=\"800\" height=\"800\" srcset=\"https:\/\/wisecnclaser.com\/wp-content\/uploads\/2025\/09\/0.jpg 800w, https:\/\/wisecnclaser.com\/wp-content\/uploads\/2025\/09\/0-300x300.jpg 300w, https:\/\/wisecnclaser.com\/wp-content\/uploads\/2025\/09\/0-150x150.jpg 150w, https:\/\/wisecnclaser.com\/wp-content\/uploads\/2025\/09\/0-768x768.jpg 768w, https:\/\/wisecnclaser.com\/wp-content\/uploads\/2025\/09\/0-12x12.jpg 12w, https:\/\/wisecnclaser.com\/wp-content\/uploads\/2025\/09\/0-600x600.jpg 600w, https:\/\/wisecnclaser.com\/wp-content\/uploads\/2025\/09\/0-100x100.jpg 100w\" sizes=\"(max-width: 800px) 100vw, 800px\" \/><\/p>\n<p>Muestras de corte:<\/p>\n<p><img alt=\"\" decoding=\"async\" class=\"alignnone size-full wp-image-4163\" src=\"https:\/\/wisecnclaser.com\/wp-content\/uploads\/2025\/09\/\u672a\u547d\u540d.jpg\" width=\"800\" height=\"800\" srcset=\"https:\/\/wisecnclaser.com\/wp-content\/uploads\/2025\/09\/\u672a\u547d\u540d.jpg 800w, https:\/\/wisecnclaser.com\/wp-content\/uploads\/2025\/09\/\u672a\u547d\u540d-300x300.jpg 300w, https:\/\/wisecnclaser.com\/wp-content\/uploads\/2025\/09\/\u672a\u547d\u540d-150x150.jpg 150w, https:\/\/wisecnclaser.com\/wp-content\/uploads\/2025\/09\/\u672a\u547d\u540d-768x768.jpg 768w, https:\/\/wisecnclaser.com\/wp-content\/uploads\/2025\/09\/\u672a\u547d\u540d-12x12.jpg 12w, https:\/\/wisecnclaser.com\/wp-content\/uploads\/2025\/09\/\u672a\u547d\u540d-600x600.jpg 600w, https:\/\/wisecnclaser.com\/wp-content\/uploads\/2025\/09\/\u672a\u547d\u540d-100x100.jpg 100w\" sizes=\"(max-width: 800px) 100vw, 800px\" \/><\/p>","protected":false},"excerpt":{"rendered":"<p>Gantry Type Plasma Cutting Machine for Thick Metal Cutting, with 200A plasma cutting head and one flame cutting head, 200A can cut 20mm max metal, flame cutting head can cut 300mm max, this machine is mainly used for thick metal cutting and metal steel fabrication.<\/p>","protected":false},"featured_media":4161,"template":"","meta":{"_seopress_robots_primary_cat":"","_seopress_titles_title":"%%post_title%%","_seopress_titles_desc":"","_seopress_robots_index":"","_uag_custom_page_level_css":"","site-sidebar-layout":"default","site-content-layout":"","ast-site-content-layout":"default","site-content-style":"default","site-sidebar-style":"default","ast-global-header-display":"","ast-banner-title-visibility":"","ast-main-header-display":"","ast-hfb-above-header-display":"","ast-hfb-below-header-display":"","ast-hfb-mobile-header-display":"","site-post-title":"","ast-breadcrumbs-content":"","ast-featured-img":"","footer-sml-layout":"","ast-disable-related-posts":"","theme-transparent-header-meta":"default","adv-header-id-meta":"","stick-header-meta":"default","header-above-stick-meta":"","header-main-stick-meta":"","header-below-stick-meta":"","astra-migrate-meta-layouts":"set","ast-page-background-enabled":"default","ast-page-background-meta":{"desktop":{"background-color":"","background-image":"","background-repeat":"repeat","background-position":"center center","background-size":"auto","background-attachment":"scroll","background-type":"","background-media":"","overlay-type":"","overlay-color":"","overlay-opacity":"","overlay-gradient":""},"tablet":{"background-color":"","background-image":"","background-repeat":"repeat","background-position":"center center","background-size":"auto","background-attachment":"scroll","background-type":"","background-media":"","overlay-type":"","overlay-color":"","overlay-opacity":"","overlay-gradient":""},"mobile":{"background-color":"","background-image":"","background-repeat":"repeat","background-position":"center center","background-size":"auto","background-attachment":"scroll","background-type":"","background-media":"","overlay-type":"","overlay-color":"","overlay-opacity":"","overlay-gradient":""}},"ast-content-background-meta":{"desktop":{"background-color":"var(--ast-global-color-5)","background-image":"","background-repeat":"repeat","background-position":"center center","background-size":"auto","background-attachment":"scroll","background-type":"","background-media":"","overlay-type":"","overlay-color":"","overlay-opacity":"","overlay-gradient":""},"tablet":{"background-color":"var(--ast-global-color-5)","background-image":"","background-repeat":"repeat","background-position":"center center","background-size":"auto","background-attachment":"scroll","background-type":"","background-media":"","overlay-type":"","overlay-color":"","overlay-opacity":"","overlay-gradient":""},"mobile":{"background-color":"var(--ast-global-color-5)","background-image":"","background-repeat":"repeat","background-position":"center center","background-size":"auto","background-attachment":"scroll","background-type":"","background-media":"","overlay-type":"","overlay-color":"","overlay-opacity":"","overlay-gradient":""}}},"product_brand":[],"product_cat":[59],"product_tag":[133,128,131,126,130,136,124,123,122,132,129,135,127,134,125],"class_list":{"0":"post-4158","1":"product","2":"type-product","3":"status-publish","4":"has-post-thumbnail","6":"product_cat-plasma","7":"product_tag-2060-plasma-cutting-machine","8":"product_tag-carbon-steel-cutting-machine","9":"product_tag-china-plasma-cutting-machine","10":"product_tag-metal-cutting-machine","11":"product_tag-metal-machine-factory","12":"product_tag-metal-plasma-cutter","13":"product_tag-metal-plasma-cutting-machine","14":"product_tag-plasma-cutter","15":"product_tag-plasma-cutting-machine","16":"product_tag-plasma-cutting-machine-factory","17":"product_tag-stainless-steel-cutting-machine","18":"product_tag-steel-cutter","19":"product_tag-steel-cutting-machine","20":"product_tag-steel-fabrication-machine","21":"product_tag-steel-plasma-cutting-machine","22":"desktop-align-left","23":"tablet-align-left","24":"mobile-align-left","25":"ast-product-gallery-layout-horizontal-slider","26":"ast-product-gallery-with-no-image","27":"ast-product-tabs-layout-horizontal","29":"first","30":"instock","31":"shipping-taxable","32":"product-type-simple"},"uagb_featured_image_src":{"full":["https:\/\/wisecnclaser.com\/wp-content\/uploads\/2025\/09\/\u5fae\u4fe1\u56fe\u7247_20250904094659_11_155.png",751,492,false],"thumbnail":["https:\/\/wisecnclaser.com\/wp-content\/uploads\/2025\/09\/\u5fae\u4fe1\u56fe\u7247_20250904094659_11_155-150x150.png",150,150,true],"medium":["https:\/\/wisecnclaser.com\/wp-content\/uploads\/2025\/09\/\u5fae\u4fe1\u56fe\u7247_20250904094659_11_155-300x197.png",300,197,true],"medium_large":["https:\/\/wisecnclaser.com\/wp-content\/uploads\/2025\/09\/\u5fae\u4fe1\u56fe\u7247_20250904094659_11_155.png",751,492,false],"large":["https:\/\/wisecnclaser.com\/wp-content\/uploads\/2025\/09\/\u5fae\u4fe1\u56fe\u7247_20250904094659_11_155.png",751,492,false],"1536x1536":["https:\/\/wisecnclaser.com\/wp-content\/uploads\/2025\/09\/\u5fae\u4fe1\u56fe\u7247_20250904094659_11_155.png",751,492,false],"2048x2048":["https:\/\/wisecnclaser.com\/wp-content\/uploads\/2025\/09\/\u5fae\u4fe1\u56fe\u7247_20250904094659_11_155.png",751,492,false],"trp-custom-language-flag":["https:\/\/wisecnclaser.com\/wp-content\/uploads\/2025\/09\/\u5fae\u4fe1\u56fe\u7247_20250904094659_11_155-18x12.png",18,12,true],"woocommerce_thumbnail":["https:\/\/wisecnclaser.com\/wp-content\/uploads\/2025\/09\/\u5fae\u4fe1\u56fe\u7247_20250904094659_11_155-300x300.png",300,300,true],"woocommerce_single":["https:\/\/wisecnclaser.com\/wp-content\/uploads\/2025\/09\/\u5fae\u4fe1\u56fe\u7247_20250904094659_11_155-600x393.png",600,393,true],"woocommerce_gallery_thumbnail":["https:\/\/wisecnclaser.com\/wp-content\/uploads\/2025\/09\/\u5fae\u4fe1\u56fe\u7247_20250904094659_11_155-100x100.png",100,100,true]},"uagb_author_info":{"display_name":"jinxing6611@gmail.com","author_link":"https:\/\/wisecnclaser.com\/es\/author\/"},"uagb_comment_info":0,"uagb_excerpt":"Gantry Type Plasma Cutting Machine for Thick Metal Cutting, with 200A plasma cutting head and one flame cutting head, 200A can cut 20mm max metal, flame cutting head can cut 300mm max, this machine is mainly used for thick metal cutting and metal steel fabrication.","_links":{"self":[{"href":"https:\/\/wisecnclaser.com\/es\/wp-json\/wp\/v2\/product\/4158","targetHints":{"allow":["GET"]}}],"collection":[{"href":"https:\/\/wisecnclaser.com\/es\/wp-json\/wp\/v2\/product"}],"about":[{"href":"https:\/\/wisecnclaser.com\/es\/wp-json\/wp\/v2\/types\/product"}],"wp:featuredmedia":[{"embeddable":true,"href":"https:\/\/wisecnclaser.com\/es\/wp-json\/wp\/v2\/media\/4161"}],"wp:attachment":[{"href":"https:\/\/wisecnclaser.com\/es\/wp-json\/wp\/v2\/media?parent=4158"}],"wp:term":[{"taxonomy":"product_brand","embeddable":true,"href":"https:\/\/wisecnclaser.com\/es\/wp-json\/wp\/v2\/product_brand?post=4158"},{"taxonomy":"product_cat","embeddable":true,"href":"https:\/\/wisecnclaser.com\/es\/wp-json\/wp\/v2\/product_cat?post=4158"},{"taxonomy":"product_tag","embeddable":true,"href":"https:\/\/wisecnclaser.com\/es\/wp-json\/wp\/v2\/product_tag?post=4158"}],"curies":[{"name":"wp","href":"https:\/\/api.w.org\/{rel}","templated":true}]}}