{"id":4165,"date":"2025-09-09T01:43:27","date_gmt":"2025-09-09T01:43:27","guid":{"rendered":"https:\/\/wisecnclaser.com\/?post_type=product&#038;p=4165"},"modified":"2025-09-09T01:43:27","modified_gmt":"2025-09-09T01:43:27","slug":"ws48-atc-cnc-router-solution-for-sign-making-industry","status":"publish","type":"product","link":"https:\/\/wisecnclaser.com\/es\/producto\/ws48-atc-cnc-router-solution-for-sign-making-industry\/","title":{"rendered":"Soluci\u00f3n de fresadora CNC ATC WS48 para la industria de la rotulaci\u00f3n"},"content":{"rendered":"<p><strong>La soluci\u00f3n definitiva en fresadoras CNC ATC para la industria moderna de la rotulaci\u00f3n<\/strong><\/p>\n<p>El sector de la rotulaci\u00f3n es un campo din\u00e1mico en el que la creatividad se combina con la precisi\u00f3n y los plazos ajustados. Para seguir siendo competitivos, los talleres necesitan una tecnolog\u00eda que no s\u00f3lo sea vers\u00e1til y precisa, sino tambi\u00e9n incre\u00edblemente eficiente. Aqu\u00ed es donde la fresadora CNC de cambio autom\u00e1tico de herramienta (ATC) ha cambiado las reglas del juego, revolucionando la forma en que se dise\u00f1an y producen los r\u00f3tulos.<\/p>\n<p><strong>El reto: Complejidad y limitaciones de tiempo<\/strong><\/p>\n<p>La fabricaci\u00f3n tradicional de r\u00f3tulos sol\u00eda implicar trabajo manual para diferentes procesos: fresado, taladrado, grabado y ranurado en V. Cambiar de una operaci\u00f3n a otra exig\u00eda cambiar manualmente las brocas, lo que consum\u00eda mucho tiempo, era propenso a errores humanos y limitaba la complejidad de los dise\u00f1os que pod\u00edan realizarse de forma rentable.<\/p>\n<p><strong>La soluci\u00f3n: Automatizaci\u00f3n con una m\u00e1quina CNC ATC<\/strong><\/p>\n<p>Una m\u00e1quina CNC ATC est\u00e1 dise\u00f1ada espec\u00edficamente para superar estos obst\u00e1culos. Su cambiador autom\u00e1tico de herramientas integrado permite a la fresadora cambiar las brocas de corte de un carrusel precargado sin intervenci\u00f3n del operario, bas\u00e1ndose en el programa de dise\u00f1o digital.<\/p>\n<p>Para un taller de rotulaci\u00f3n, esto significa que una sola fresadora CNC con ATC puede realizar sin problemas un trabajo completo: puede empezar con una pasada de desbaste utilizando una fresa de gran di\u00e1metro, cambiar autom\u00e1ticamente a una broca fina de punta esf\u00e9rica para un tallado 3D detallado, cambiar a una broca en V para un grabado preciso del texto y, por \u00faltimo, utilizar una broca para los orificios de montaje, todo ello en un ciclo ininterrumpido.<\/p>\n<p><strong>Principales ventajas de una fresadora ATC para la fabricaci\u00f3n de r\u00f3tulos:<\/strong><\/p>\n<p>1. Productividad y eficacia inigualables:La ventaja m\u00e1s significativa es la dr\u00e1stica reducci\u00f3n de los tiempos de inactividad. No es necesario detener la m\u00e1quina, localizar la siguiente broca y calibrarla manualmente. Esto permite fabricar sin luz, ejecutar trabajos complejos durante la noche y aumentar significativamente la producci\u00f3n.<\/p>\n<p>2. Capacidad de dise\u00f1o complejo: Una fresadora de madera ATC da poder a los dise\u00f1adores. Ya no est\u00e1n constre\u00f1idos por un l\u00edmite pr\u00e1ctico en el n\u00famero de tipos de herramientas en un solo proyecto. Los r\u00f3tulos intrincados que combinan letras en relieve, fondos texturizados y contornos complejos no s\u00f3lo son posibles, sino tambi\u00e9n eficientes de producir.<\/p>\n<p>3. Consistencia y precisi\u00f3n superiores: Cada cambio de herramienta se realiza con precisi\u00f3n rob\u00f3tica. Esto elimina las ligeras variaciones que pueden producirse con los cambios manuales, garantizando que cada signo de una tirada de producci\u00f3n sea absolutamente id\u00e9ntico, con un registro perfecto entre las distintas operaciones de mecanizado.<\/p>\n<p>4. Reducci\u00f3n de los costes de mano de obra y de las barreras de cualificaci\u00f3n: Aunque un operario cualificado sigue siendo esencial para la programaci\u00f3n y la supervisi\u00f3n, la m\u00e1quina se encarga de los complejos cambios de herramienta. Esto optimiza la mano de obra, permitiendo que un operario gestione varias m\u00e1quinas y reduciendo la necesidad de intervenci\u00f3n manual altamente experimentada para cada trabajo.<\/p>\n<p><strong>\u00bfPor qu\u00e9 adquirir una fresadora CNC ATC de China?<\/strong><\/p>\n<p>El panorama de la fabricaci\u00f3n mundial ha cambiado y China se ha convertido en l\u00edder en maquinaria CNC. Adquirir una fresadora CNC ATC china ofrece claras ventajas a las empresas de rotulaci\u00f3n:<\/p>\n<p>Excelente propuesta de valor: Los fabricantes chinos proporcionan un equilibrio convincente de caracter\u00edsticas avanzadas, construcci\u00f3n robusta y precios competitivos, ofreciendo un retorno de la inversi\u00f3n mucho m\u00e1s r\u00e1pido.<br \/>\nTecnolog\u00eda avanzada:Muchas de las principales marcas chinas de CNC realizan grandes inversiones en I+D, incorporando husillos de alto rendimiento, controladores sofisticados (a menudo con software de f\u00e1cil uso) y mecanismos ATC fiables que rivalizan y a menudo superan a sus hom\u00f3logos m\u00e1s caros.<br \/>\nPersonalizaci\u00f3n y asistencia: Los proveedores de renombre suelen ofrecer modelos de varios tama\u00f1os y configuraciones adaptados a las necesidades espec\u00edficas del sector, incluido el de la rotulaci\u00f3n. Muchos tambi\u00e9n ofrecen asistencia posventa completa, formaci\u00f3n y piezas de repuesto disponibles en todo el mundo.<\/p>\n<p><strong>Elegir la fresadora CNC adecuada con ATC<\/strong><\/p>\n<p>A la hora de invertir en una fresadora CNC con ATC para su negocio de rotulaci\u00f3n, tenga en cuenta:<\/p>\n<p>Tama\u00f1o de la mesa de trabajo: Aseg\u00farese de que puede manejar sus hojas de material t\u00edpicas (por ejemplo, 4\u2032 x 8\u2032, 5\u2032 x 10\u2032).<br \/>\nCapacidad de herramientas: Un carrusel de 6 a 12 herramientas suele ser suficiente para la mayor\u00eda de los trabajos de rotulaci\u00f3n, pero existen capacidades mayores para proyectos muy complejos.<br \/>\nPotencia del eje: Un husillo potente (por ejemplo, de 7,5 kW a 15 kW) garantiza cortes limpios en diversos materiales, desde el acr\u00edlico y el panel compuesto de aluminio (ACM) hasta la madera dura.<br \/>\nSistema de control y software: Un controlador f\u00e1cil de usar que funcione a la perfecci\u00f3n con el software de dise\u00f1o habitual (como AutoCAD y Aspire) es crucial para un flujo de trabajo fluido.<\/p>\n<p><strong>Conclusi\u00f3n<\/strong><\/p>\n<p>Para la industria moderna de la rotulaci\u00f3n, una fresadora CNC ATC ya no es un lujo; es una necesidad estrat\u00e9gica para el crecimiento, la rentabilidad y la ventaja competitiva. Transforma la producci\u00f3n de una serie de pasos manuales a un proceso racionalizado y automatizado que abre nuevas posibilidades creativas y comerciales. Al invertir en una m\u00e1quina CNC ATC de alta calidad -especialmente una ruteadora CNC ATC de China- los fabricantes de letreros pueden elevar su oficio, cumplir plazos exigentes con facilidad y labrarse una posici\u00f3n dominante en el mercado.<\/p>\n<p><strong>Aqu\u00ed est\u00e1 nuestra venta caliente industrial autom\u00e1tico de herramientas de cambio de madera cnc router de la m\u00e1quina para la industria de la se\u00f1alizaci\u00f3n:<\/strong><\/p>\n<table>\n<tbody>\n<tr>\n<td width=\"414\">X \u00c1REA DE TRABAJO<\/td>\n<td width=\"929\">1300 mm<\/td>\n<\/tr>\n<tr>\n<td width=\"414\">Y \u00c1REA DE TRABAJO<\/td>\n<td width=\"929\">2500mm<\/td>\n<\/tr>\n<tr>\n<td width=\"414\">Z ZONA DE TRABAJO<\/td>\n<td width=\"929\">200 mm<\/td>\n<\/tr>\n<tr>\n<td width=\"414\">MESA M\u00c1QUINA<\/td>\n<td width=\"929\">Mesa de adsorci\u00f3n al vac\u00edo<\/td>\n<\/tr>\n<tr>\n<td width=\"414\">C\u00d3DIGO DE MANDO<\/td>\n<td width=\"929\">C\u00f3digo G<\/td>\n<\/tr>\n<tr>\n<td width=\"414\">ESTRUCTURA DEL EJE XYZ<\/td>\n<td width=\"929\">X\/Y Taiwan Rack rail\uff0chace el trabajo de la m\u00e1quina m\u00e1s estable ; Z Screw rail<\/td>\n<\/tr>\n<tr>\n<td width=\"414\">POTENCIA DEL COLECTOR DE POLVO<\/td>\n<td width=\"929\">Bolsas dobles de 3 kW<\/td>\n<\/tr>\n<tr>\n<td width=\"414\">POTENCIA<\/td>\n<td width=\"929\">AC380V 3 FASES \/ 50Hz<\/td>\n<\/tr>\n<tr>\n<td width=\"414\">HUSILLO<\/td>\n<td width=\"929\">Husillo ATC de 9kw con refrigeraci\u00f3n por aire, MARCA CHINA<\/td>\n<\/tr>\n<tr>\n<td width=\"414\">POTENCIA DE TRABAJO TOTAL<\/td>\n<td width=\"929\">26KW<\/td>\n<\/tr>\n<tr>\n<td width=\"414\">VELOCIDAD DE ROTACI\u00d3N DEL HUSILLO<\/td>\n<td width=\"929\">18000rpm \/ min<\/td>\n<\/tr>\n<tr>\n<td width=\"414\">INVERSOR<\/td>\n<td width=\"929\">Inversor de 11 kW<\/td>\n<\/tr>\n<tr>\n<td width=\"414\">MOTOR DE ACCIONAMIENTO<\/td>\n<td width=\"929\">Servomotor h\u00edbrido chino<\/td>\n<\/tr>\n<tr>\n<td width=\"414\">SISTEMA OPERATIVO<\/td>\n<td width=\"929\">Controlador NK105 G3<\/td>\n<\/tr>\n<tr>\n<td width=\"414\">POTENCIA DE LA BOMBA DE VAC\u00cdO<\/td>\n<td width=\"929\">Bomba de vac\u00edo de agua de 7,5 kW<\/td>\n<\/tr>\n<tr>\n<td width=\"414\">CARRIL LINEAL<\/td>\n<td width=\"929\">Ra\u00edl cuadrado marca Taiw\u00e1n, m\u00e1s estable<\/td>\n<\/tr>\n<tr>\n<td width=\"414\">REDUCTOR<\/td>\n<td width=\"929\">Jap\u00f3n marca shimpoo<\/td>\n<\/tr>\n<tr>\n<td width=\"414\">TORNILLO DE BOLA<\/td>\n<td width=\"929\">Marca Taiw\u00e1n<\/td>\n<\/tr>\n<tr>\n<td width=\"414\">PESO<\/td>\n<td width=\"929\">2000KGS<\/td>\n<\/tr>\n<tr>\n<td width=\"414\">OTRAS PIEZAS AUXILIARES<\/td>\n<td width=\"929\">3+4 pasadores emergentes\/posici\u00f3n del cilindro,<\/p>\n<p>Sistema de lubricaci\u00f3n autom\u00e1tica<\/p>\n<p>Sensor de herramientas<\/p>\n<p>Software<\/p>\n<p>Caja de herramientas 1<\/p>\n<p>Portaherramientas 8 piezas<\/p>\n<p>Recoge 8 piezas<\/p>\n<p>Llaves 4<\/td>\n<\/tr>\n<\/tbody>\n<\/table>","protected":false},"excerpt":{"rendered":"<p>Una soluci\u00f3n de fresadora CNC ATC para la industria de la rotulaci\u00f3n puede realizar un procesamiento preciso en diversos materiales de rotulaci\u00f3n, como acr\u00edlico y metal, y producir diversos r\u00f3tulos exquisitos, cumpliendo los requisitos de la industria de la rotulaci\u00f3n para un procesamiento diversificado y de alta precisi\u00f3n.<\/p>\n<p>&nbsp;<\/p>","protected":false},"featured_media":4169,"template":"","meta":{"_seopress_robots_primary_cat":"","_seopress_titles_title":"","_seopress_titles_desc":"","_seopress_robots_index":"","_uag_custom_page_level_css":"","site-sidebar-layout":"default","site-content-layout":"","ast-site-content-layout":"default","site-content-style":"default","site-sidebar-style":"default","ast-global-header-display":"","ast-banner-title-visibility":"","ast-main-header-display":"","ast-hfb-above-header-display":"","ast-hfb-below-header-display":"","ast-hfb-mobile-header-display":"","site-post-title":"","ast-breadcrumbs-content":"","ast-featured-img":"","footer-sml-layout":"","ast-disable-related-posts":"","theme-transparent-header-meta":"default","adv-header-id-meta":"","stick-header-meta":"default","header-above-stick-meta":"","header-main-stick-meta":"","header-below-stick-meta":"","astra-migrate-meta-layouts":"set","ast-page-background-enabled":"default","ast-page-background-meta":{"desktop":{"background-color":"","background-image":"","background-repeat":"repeat","background-position":"center center","background-size":"auto","background-attachment":"scroll","background-type":"","background-media":"","overlay-type":"","overlay-color":"","overlay-opacity":"","overlay-gradient":""},"tablet":{"background-color":"","background-image":"","background-repeat":"repeat","background-position":"center center","background-size":"auto","background-attachment":"scroll","background-type":"","background-media":"","overlay-type":"","overlay-color":"","overlay-opacity":"","overlay-gradient":""},"mobile":{"background-color":"","background-image":"","background-repeat":"repeat","background-position":"center center","background-size":"auto","background-attachment":"scroll","background-type":"","background-media":"","overlay-type":"","overlay-color":"","overlay-opacity":"","overlay-gradient":""}},"ast-content-background-meta":{"desktop":{"background-color":"var(--ast-global-color-5)","background-image":"","background-repeat":"repeat","background-position":"center center","background-size":"auto","background-attachment":"scroll","background-type":"","background-media":"","overlay-type":"","overlay-color":"","overlay-opacity":"","overlay-gradient":""},"tablet":{"background-color":"var(--ast-global-color-5)","background-image":"","background-repeat":"repeat","background-position":"center center","background-size":"auto","background-attachment":"scroll","background-type":"","background-media":"","overlay-type":"","overlay-color":"","overlay-opacity":"","overlay-gradient":""},"mobile":{"background-color":"var(--ast-global-color-5)","background-image":"","background-repeat":"repeat","background-position":"center center","background-size":"auto","background-attachment":"scroll","background-type":"","background-media":"","overlay-type":"","overlay-color":"","overlay-opacity":"","overlay-gradient":""}}},"product_brand":[],"product_cat":[65],"product_tag":[142,143,138,146,145,144,137,103,139,140,141],"class_list":{"0":"post-4165","1":"product","2":"type-product","3":"status-publish","4":"has-post-thumbnail","6":"product_cat-atccnc","7":"product_tag-1325-atc-cnc-router","8":"product_tag-1530-atc-cnc-router","9":"product_tag-atc-cnc-machine","10":"product_tag-atc-cnc-router-for-sale","11":"product_tag-atc-cnc-router-price","12":"product_tag-atc-cnc-routing-machine","13":"product_tag-atc-wood-router","14":"product_tag-automatic-tool-changing-cnc-router","15":"product_tag-china-atc-cnc-router","16":"product_tag-cnc-router-with-atc","17":"product_tag-industrial-atc-cnc-router","18":"desktop-align-left","19":"tablet-align-left","20":"mobile-align-left","21":"ast-product-gallery-layout-horizontal-slider","22":"ast-product-gallery-with-no-image","23":"ast-product-tabs-layout-horizontal","25":"first","26":"instock","27":"shipping-taxable","28":"product-type-simple"},"uagb_featured_image_src":{"full":["https:\/\/wisecnclaser.com\/wp-content\/uploads\/2025\/09\/\u8fc8\u5409\u514b\u540e\u7f6eNK105\u6362\u5200\u673a.png",1084,1080,false],"thumbnail":["https:\/\/wisecnclaser.com\/wp-content\/uploads\/2025\/09\/\u8fc8\u5409\u514b\u540e\u7f6eNK105\u6362\u5200\u673a-150x150.png",150,150,true],"medium":["https:\/\/wisecnclaser.com\/wp-content\/uploads\/2025\/09\/\u8fc8\u5409\u514b\u540e\u7f6eNK105\u6362\u5200\u673a-300x300.png",300,300,true],"medium_large":["https:\/\/wisecnclaser.com\/wp-content\/uploads\/2025\/09\/\u8fc8\u5409\u514b\u540e\u7f6eNK105\u6362\u5200\u673a-768x765.png",768,765,true],"large":["https:\/\/wisecnclaser.com\/wp-content\/uploads\/2025\/09\/\u8fc8\u5409\u514b\u540e\u7f6eNK105\u6362\u5200\u673a-1024x1020.png",1024,1020,true],"1536x1536":["https:\/\/wisecnclaser.com\/wp-content\/uploads\/2025\/09\/\u8fc8\u5409\u514b\u540e\u7f6eNK105\u6362\u5200\u673a.png",1084,1080,false],"2048x2048":["https:\/\/wisecnclaser.com\/wp-content\/uploads\/2025\/09\/\u8fc8\u5409\u514b\u540e\u7f6eNK105\u6362\u5200\u673a.png",1084,1080,false],"trp-custom-language-flag":["https:\/\/wisecnclaser.com\/wp-content\/uploads\/2025\/09\/\u8fc8\u5409\u514b\u540e\u7f6eNK105\u6362\u5200\u673a-12x12.png",12,12,true],"woocommerce_thumbnail":["https:\/\/wisecnclaser.com\/wp-content\/uploads\/2025\/09\/\u8fc8\u5409\u514b\u540e\u7f6eNK105\u6362\u5200\u673a-300x300.png",300,300,true],"woocommerce_single":["https:\/\/wisecnclaser.com\/wp-content\/uploads\/2025\/09\/\u8fc8\u5409\u514b\u540e\u7f6eNK105\u6362\u5200\u673a-600x598.png",600,598,true],"woocommerce_gallery_thumbnail":["https:\/\/wisecnclaser.com\/wp-content\/uploads\/2025\/09\/\u8fc8\u5409\u514b\u540e\u7f6eNK105\u6362\u5200\u673a-100x100.png",100,100,true]},"uagb_author_info":{"display_name":"jinxing6611@gmail.com","author_link":"https:\/\/wisecnclaser.com\/es\/author\/"},"uagb_comment_info":0,"uagb_excerpt":"An ATC CNC Router Solution for the Sign Making Industry can perform precise processing on various sign materials such as acrylic and metal, and produce various exquisite signboards, meeting the requirements of the sign - making industry for diversified and high - precision processing. &nbsp;","_links":{"self":[{"href":"https:\/\/wisecnclaser.com\/es\/wp-json\/wp\/v2\/product\/4165","targetHints":{"allow":["GET"]}}],"collection":[{"href":"https:\/\/wisecnclaser.com\/es\/wp-json\/wp\/v2\/product"}],"about":[{"href":"https:\/\/wisecnclaser.com\/es\/wp-json\/wp\/v2\/types\/product"}],"wp:featuredmedia":[{"embeddable":true,"href":"https:\/\/wisecnclaser.com\/es\/wp-json\/wp\/v2\/media\/4169"}],"wp:attachment":[{"href":"https:\/\/wisecnclaser.com\/es\/wp-json\/wp\/v2\/media?parent=4165"}],"wp:term":[{"taxonomy":"product_brand","embeddable":true,"href":"https:\/\/wisecnclaser.com\/es\/wp-json\/wp\/v2\/product_brand?post=4165"},{"taxonomy":"product_cat","embeddable":true,"href":"https:\/\/wisecnclaser.com\/es\/wp-json\/wp\/v2\/product_cat?post=4165"},{"taxonomy":"product_tag","embeddable":true,"href":"https:\/\/wisecnclaser.com\/es\/wp-json\/wp\/v2\/product_tag?post=4165"}],"curies":[{"name":"wp","href":"https:\/\/api.w.org\/{rel}","templated":true}]}}