{"id":4193,"date":"2025-09-30T06:23:32","date_gmt":"2025-09-30T06:23:32","guid":{"rendered":"https:\/\/wisecnclaser.com\/?post_type=product&#038;p=4193"},"modified":"2025-09-22T06:51:10","modified_gmt":"2025-09-22T06:51:10","slug":"ws2800-cnc-woodworking-automatic-computer-panel-beam-saw","status":"publish","type":"product","link":"https:\/\/wisecnclaser.com\/es\/producto\/ws2800-cnc-woodworking-automatic-computer-panel-beam-saw\/","title":{"rendered":"WS2800 CNC para trabajar la madera autom\u00e1tica de la computadora del panel de la sierra de viga"},"content":{"rendered":"<p>1. Visi\u00f3n general del equipo de sierra de panel de viga WS2800 CNC:<br \/>\nEsta m\u00e1quina es adecuada para serrar y procesar tableros de part\u00edculas, tableros multicapa, tableros de fibra de densidad media, tableros de fibra de densidad media, tableros de part\u00edculas, tableros de PVC, tableros de piedra artificial, tableros de silicato de calcio para paneles de pared exterior, cart\u00f3n y nido de abeja de aluminio. Tanto la sierra principal como el alimentador est\u00e1n guiados por gu\u00edas lineales, lo que garantiza una precisi\u00f3n superior. La precisi\u00f3n de posicionamiento no se ve afectada por el entorno ni por los campos magn\u00e9ticos, por lo que es segura y estable, y no requiere mantenimiento ni ajustes. El polvo de la sierra se recoge con precisi\u00f3n, logrando una tasa de recogida de polvo cercana a los 100%, a diferencia de la recogida de polvo de tipo abierto tradicional.<\/p>\n<p>El brazo rob\u00f3tico puede alcanzar una velocidad de corte m\u00ednima de 30*45 mm. Un servomotor controla la velocidad de serrado, consiguiendo un serrado CNC de doble servo para una estabilidad de corte superior. Tambi\u00e9n cuenta con un sistema de detecci\u00f3n de fallos en l\u00ednea, que apaga autom\u00e1ticamente la m\u00e1quina en caso de fallo, y detecci\u00f3n autom\u00e1tica de fallos para una r\u00e1pida resoluci\u00f3n de problemas. El control visual del estado de serrado permite una supervisi\u00f3n visual constante, y el software inteligente de optimizaci\u00f3n del corte ahorra tiempo, materiales y mano de obra. Sus caracter\u00edsticas son la automatizaci\u00f3n, la alta eficiencia, la alta precisi\u00f3n y la est\u00e9tica. Ha sido ampliamente utilizado por los fabricantes de muebles de panel tanto a nivel nacional como internacional, y cuenta con un funcionamiento de alto rendimiento.<\/p>\n<p>&nbsp;<\/p>\n<p>La seccionadora autom\u00e1tica por ordenador WS2800 tambi\u00e9n dispone de las siguientes caracter\u00edsticas:<br \/>\n\u2460. Los componentes el\u00e9ctricos utilizan marcas nacionales e internacionales de renombre, como Taiwan Yonghong System, INVT Servo and Inverter, Schneider Electric y Taiwan Airtek Pneumatic Solenoid Valves, lo que garantiza un funcionamiento estable.<br \/>\n\u2461. El bastidor de precisi\u00f3n est\u00e1 meticulosamente mecanizado para ofrecer una gran precisi\u00f3n y fiabilidad. No se requiere compensaci\u00f3n de posicionamiento de escala electr\u00f3nica, y la precisi\u00f3n no se ve afectada por el entorno circundante y los campos magn\u00e9ticos. Es seguro y estable, garantizando la precisi\u00f3n de corte sin necesidad de mantenimiento.<br \/>\n\u2462. Se utilizan cables rob\u00f3ticos flexibles de alta calidad que prolongan considerablemente la vida \u00fatil.<br \/>\n\u2463. El bastidor se somete a un doble tratamiento de envejecimiento electromagn\u00e9tico y de recocido tras la soldadura, lo que garantiza un bastidor duradero e indeformable.<\/p>\n<p>&nbsp;<\/p>\n<p>2. M\u00e1quina de sierra de viga de panel de carpinter\u00eda Equipo Proceso de operaci\u00f3n:<br \/>\nEl operario coloca la materia prima que va a procesar en la mesa de trabajo de la seccionadora computerizada o utiliza el dispositivo de carga autom\u00e1tica.<br \/>\nIntroduzca las dimensiones requeridas - Cargue - Pulse el bot\u00f3n para ordenar a la pinza que sujete el material - Inicie el funcionamiento autom\u00e1tico -<br \/>\nEntrar en funcionamiento autom\u00e1tico - Posicionamiento autom\u00e1tico - Alineaci\u00f3n autom\u00e1tica de cantos - Serrado autom\u00e1tico - Descarga autom\u00e1tica de material - Lectura autom\u00e1tica de c\u00f3digos - Aplicaci\u00f3n manual de c\u00f3digos - El corte autom\u00e1tico completa todas las operaciones de corte<\/p>\n<p>3. Configuraci\u00f3n funcional:<br \/>\n\u2460. Servo INVT y cremallera de alta precisi\u00f3n Taiwan KH.<br \/>\n\u2461. Los rieles gu\u00eda de la sierra principal utilizan gu\u00edas circulares, que no se ranuran, son resistentes al polvo, f\u00e1ciles de limpiar y sencillas de mantener.<\/p>\n<p>\u2462. Tanto la mesa de carga como la mesa de serrado utilizan flotadores neum\u00e1ticos, lo que facilita el movimiento del material y reduce la mano de obra, adem\u00e1s de evitar ara\u00f1azos en la superficie de la pieza. \u2463. Las sierras principal y auxiliar utilizan sistemas de control de elevaci\u00f3n independientes, que detectan autom\u00e1ticamente la altura y la anchura de la hoja de sierra en funci\u00f3n del grosor del material, lo que permite el posicionamiento autom\u00e1tico de la carrera de corte de la hoja de sierra, reduciendo las p\u00e9rdidas de tiempo y mejorando la eficiencia del trabajo.<br \/>\n\u2464. El sistema de control presenta una interfaz sencilla y un manejo f\u00e1cil, con instrucciones de funcionamiento y gu\u00edas de soluci\u00f3n de problemas. Permite editar y gestionar planes de corte, tareas y corte simulado. Es compatible con varios software de optimizaci\u00f3n de aserrado, software de gesti\u00f3n de c\u00f3digos de barras y software de automatizaci\u00f3n de f\u00e1bricas.<br \/>\n\u2465. El bloque de sujeci\u00f3n del manipulador flexible de doble pinza est\u00e1 recubierto de goma para resistir la presi\u00f3n y el desgaste.<br \/>\n\u2466. El manipulador utiliza un servomotor y un reductor de engranajes helicoidales de alta precisi\u00f3n, con una precisi\u00f3n de posicionamiento de \u00b10,1 mm.<br \/>\n\u2467. Los cabezales de sierra grande y peque\u00f1o son verticales, con un cabezal de sierra montado en la direcci\u00f3n opuesta, lo que garantiza un corte liso y plano sin astillar ni partir.<\/p>\n<p><strong>Par\u00e1metros t\u00e9cnicos de la m\u00e1quina sierra computarizada para tableros de madera WS2800:<\/strong><\/p>\n<table>\n<tbody>\n<tr>\n<td width=\"340\">Ordenador y PLC<\/td>\n<td width=\"813\">incluido<\/td>\n<\/tr>\n<tr>\n<td width=\"340\">Impresora<\/td>\n<td width=\"813\">Opcional<\/td>\n<\/tr>\n<tr>\n<td width=\"340\">Software optimizado<\/td>\n<td width=\"813\">Opcional<\/td>\n<\/tr>\n<tr>\n<td width=\"340\">Alineador lateral<\/td>\n<td width=\"813\">Opcional<\/td>\n<\/tr>\n<tr>\n<td width=\"340\">Longitud\/anchura de corte<\/td>\n<td width=\"813\">2800 mm<\/td>\n<\/tr>\n<tr>\n<td width=\"340\">Altura m\u00e1xima de corte<\/td>\n<td width=\"813\">120 mm<\/td>\n<\/tr>\n<tr>\n<td width=\"340\">Di\u00e1metro del disco principal<\/td>\n<td width=\"813\">\u03a6400-450mm<\/td>\n<\/tr>\n<tr>\n<td width=\"340\">Di\u00e1metro del husillo del disco principal<\/td>\n<td width=\"813\">\u03a675mm<\/td>\n<\/tr>\n<tr>\n<td width=\"340\">Di\u00e1metro del disco menor<\/td>\n<td width=\"813\">\u03a6200mm<\/td>\n<\/tr>\n<tr>\n<td width=\"340\">Di\u00e1metro del husillo del disco menor<\/td>\n<td width=\"813\">\u03a650mm<\/td>\n<\/tr>\n<tr>\n<td width=\"340\">Velocidad de rotaci\u00f3n del disco principal\/velocidad de ajuste del inversor<\/td>\n<td width=\"813\">4100r\/min<\/td>\n<\/tr>\n<tr>\n<td width=\"340\">Velocidad de rotaci\u00f3n del disco menor\/velocidad de ajuste del inversor<\/td>\n<td width=\"813\">6100r\/min<\/td>\n<\/tr>\n<tr>\n<td width=\"340\">Velocidad de avance del carro de la sierra<\/td>\n<td width=\"813\">100m\/min\uff08ajustado\uff09<\/td>\n<\/tr>\n<tr>\n<td width=\"340\">velocidad de retroceso del carro de la sierra<\/td>\n<td width=\"813\">120 m\/min\uff08ajustado\uff09<\/td>\n<\/tr>\n<tr>\n<td width=\"340\">Motor del disco principal<\/td>\n<td width=\"813\">18,5 kW<\/td>\n<\/tr>\n<tr>\n<td width=\"340\">Motor de disco menor<\/td>\n<td width=\"813\">2,2 kW<\/td>\n<\/tr>\n<tr>\n<td width=\"340\">Motor de accionamiento del carro de la sierra<\/td>\n<td width=\"813\">2,0 kW \uff08Servo INVT\uff09<\/td>\n<\/tr>\n<tr>\n<td width=\"340\">Motor de alimentaci\u00f3n para fijar la posici\u00f3n<\/td>\n<td width=\"813\">2,0 kW \uff08Servo INVT\uff09<\/td>\n<\/tr>\n<tr>\n<td width=\"340\">Bomba de aire de alta presi\u00f3n<\/td>\n<td width=\"813\">4kw + 2,2kw<\/td>\n<\/tr>\n<tr>\n<td width=\"340\">Potencia total<\/td>\n<td width=\"813\">31kw<\/td>\n<\/tr>\n<tr>\n<td width=\"340\">Velocidad de alimentaci\u00f3n autom\u00e1tica<\/td>\n<td width=\"813\">100\/min\uff08ajustado\uff09<\/td>\n<\/tr>\n<tr>\n<td width=\"340\">Presi\u00f3n solicitada<\/td>\n<td width=\"813\">5-8 kg\/cm\u00b2.<\/td>\n<\/tr>\n<tr>\n<td width=\"340\">Altura de la mesa de trabajo<\/td>\n<td width=\"813\">950 mm<\/td>\n<\/tr>\n<tr>\n<td width=\"340\">Abrazaderas mec\u00e1nicas<\/td>\n<td width=\"813\">12-15 piezas<\/td>\n<\/tr>\n<tr>\n<td width=\"340\">Tama\u00f1o total de la m\u00e1quina<\/td>\n<td width=\"813\">5100*6300*1900mm<\/td>\n<\/tr>\n<\/tbody>\n<\/table>","protected":false},"excerpt":{"rendered":"<p>1. WS2800 CNC Beam Panel Saw Equipment Overview: This machine is suitable for sawing and processing particle board, multilayer board, medium-density fiberboard, density fiberboard, particleboard, PVC board, artificial stone board, calcium silicate board for exterior wall panels, cardboard, and aluminum honeycomb. Both the main saw and feeder are guided by linear guides, ensuring superior precision. [&hellip;]<\/p>\n","protected":false},"featured_media":4196,"template":"","meta":{"_seopress_robots_primary_cat":"","_seopress_titles_title":"%%post_title%%","_seopress_titles_desc":"","_seopress_robots_index":"","_uag_custom_page_level_css":"","site-sidebar-layout":"default","site-content-layout":"","ast-site-content-layout":"default","site-content-style":"default","site-sidebar-style":"default","ast-global-header-display":"","ast-banner-title-visibility":"","ast-main-header-display":"","ast-hfb-above-header-display":"","ast-hfb-below-header-display":"","ast-hfb-mobile-header-display":"","site-post-title":"","ast-breadcrumbs-content":"","ast-featured-img":"","footer-sml-layout":"","ast-disable-related-posts":"","theme-transparent-header-meta":"default","adv-header-id-meta":"","stick-header-meta":"default","header-above-stick-meta":"","header-main-stick-meta":"","header-below-stick-meta":"","astra-migrate-meta-layouts":"set","ast-page-background-enabled":"default","ast-page-background-meta":{"desktop":{"background-color":"","background-image":"","background-repeat":"repeat","background-position":"center center","background-size":"auto","background-attachment":"scroll","background-type":"","background-media":"","overlay-type":"","overlay-color":"","overlay-opacity":"","overlay-gradient":""},"tablet":{"background-color":"","background-image":"","background-repeat":"repeat","background-position":"center center","background-size":"auto","background-attachment":"scroll","background-type":"","background-media":"","overlay-type":"","overlay-color":"","overlay-opacity":"","overlay-gradient":""},"mobile":{"background-color":"","background-image":"","background-repeat":"repeat","background-position":"center center","background-size":"auto","background-attachment":"scroll","background-type":"","background-media":"","overlay-type":"","overlay-color":"","overlay-opacity":"","overlay-gradient":""}},"ast-content-background-meta":{"desktop":{"background-color":"var(--ast-global-color-5)","background-image":"","background-repeat":"repeat","background-position":"center center","background-size":"auto","background-attachment":"scroll","background-type":"","background-media":"","overlay-type":"","overlay-color":"","overlay-opacity":"","overlay-gradient":""},"tablet":{"background-color":"var(--ast-global-color-5)","background-image":"","background-repeat":"repeat","background-position":"center center","background-size":"auto","background-attachment":"scroll","background-type":"","background-media":"","overlay-type":"","overlay-color":"","overlay-opacity":"","overlay-gradient":""},"mobile":{"background-color":"var(--ast-global-color-5)","background-image":"","background-repeat":"repeat","background-position":"center center","background-size":"auto","background-attachment":"scroll","background-type":"","background-media":"","overlay-type":"","overlay-color":"","overlay-opacity":"","overlay-gradient":""}}},"product_brand":[],"product_cat":[39],"product_tag":[180,179,168,170,182,183,176,169,178,101,171,172,174,173,181,177,175],"class_list":{"0":"post-4193","1":"product","2":"type-product","3":"status-publish","4":"has-post-thumbnail","6":"product_cat-cuttingsaw","7":"product_tag-auto-beam-saw-machine","8":"product_tag-automatic-cnc-beam-saw-machine","9":"product_tag-automatic-computer-panel-saw","10":"product_tag-beam-panel-saw","11":"product_tag-beam-saw-uk","12":"product_tag-best-cnc-beam-saw","13":"product_tag-cnc-computer-beam-panel-saw","14":"product_tag-cnc-panel-saw","15":"product_tag-computer-panel-saw","16":"product_tag-electric-cutting-saw","17":"product_tag-horizontal-beam-saw","18":"product_tag-panel-beam-saw","19":"product_tag-pressure-beam-saw","20":"product_tag-vertical-panel-saw","21":"product_tag-wodworking-panel-beam-saw","22":"product_tag-wood-panel-computer-saw-machine","23":"product_tag-woodworking-computer-panel-saw","24":"desktop-align-left","25":"tablet-align-left","26":"mobile-align-left","27":"ast-product-gallery-layout-horizontal-slider","28":"ast-product-gallery-with-no-image","29":"ast-product-tabs-layout-horizontal","31":"first","32":"instock","33":"shipping-taxable","34":"product-type-simple"},"uagb_featured_image_src":{"full":["https:\/\/wisecnclaser.com\/wp-content\/uploads\/2025\/09\/KH828.png",806,802,false],"thumbnail":["https:\/\/wisecnclaser.com\/wp-content\/uploads\/2025\/09\/KH828-150x150.png",150,150,true],"medium":["https:\/\/wisecnclaser.com\/wp-content\/uploads\/2025\/09\/KH828-300x300.png",300,300,true],"medium_large":["https:\/\/wisecnclaser.com\/wp-content\/uploads\/2025\/09\/KH828-768x764.png",768,764,true],"large":["https:\/\/wisecnclaser.com\/wp-content\/uploads\/2025\/09\/KH828.png",806,802,false],"1536x1536":["https:\/\/wisecnclaser.com\/wp-content\/uploads\/2025\/09\/KH828.png",806,802,false],"2048x2048":["https:\/\/wisecnclaser.com\/wp-content\/uploads\/2025\/09\/KH828.png",806,802,false],"trp-custom-language-flag":["https:\/\/wisecnclaser.com\/wp-content\/uploads\/2025\/09\/KH828-12x12.png",12,12,true],"woocommerce_thumbnail":["https:\/\/wisecnclaser.com\/wp-content\/uploads\/2025\/09\/KH828-300x300.png",300,300,true],"woocommerce_single":["https:\/\/wisecnclaser.com\/wp-content\/uploads\/2025\/09\/KH828-600x597.png",600,597,true],"woocommerce_gallery_thumbnail":["https:\/\/wisecnclaser.com\/wp-content\/uploads\/2025\/09\/KH828-100x100.png",100,100,true]},"uagb_author_info":{"display_name":"jinxing6611@gmail.com","author_link":"https:\/\/wisecnclaser.com\/es\/author\/"},"uagb_comment_info":0,"uagb_excerpt":"1. WS2800 CNC Beam Panel Saw Equipment Overview: This machine is suitable for sawing and processing particle board, multilayer board, medium-density fiberboard, density fiberboard, particleboard, PVC board, artificial stone board, calcium silicate board for exterior wall panels, cardboard, and aluminum honeycomb. Both the main saw and feeder are guided by linear guides, ensuring superior precision.&hellip;","_links":{"self":[{"href":"https:\/\/wisecnclaser.com\/es\/wp-json\/wp\/v2\/product\/4193","targetHints":{"allow":["GET"]}}],"collection":[{"href":"https:\/\/wisecnclaser.com\/es\/wp-json\/wp\/v2\/product"}],"about":[{"href":"https:\/\/wisecnclaser.com\/es\/wp-json\/wp\/v2\/types\/product"}],"wp:featuredmedia":[{"embeddable":true,"href":"https:\/\/wisecnclaser.com\/es\/wp-json\/wp\/v2\/media\/4196"}],"wp:attachment":[{"href":"https:\/\/wisecnclaser.com\/es\/wp-json\/wp\/v2\/media?parent=4193"}],"wp:term":[{"taxonomy":"product_brand","embeddable":true,"href":"https:\/\/wisecnclaser.com\/es\/wp-json\/wp\/v2\/product_brand?post=4193"},{"taxonomy":"product_cat","embeddable":true,"href":"https:\/\/wisecnclaser.com\/es\/wp-json\/wp\/v2\/product_cat?post=4193"},{"taxonomy":"product_tag","embeddable":true,"href":"https:\/\/wisecnclaser.com\/es\/wp-json\/wp\/v2\/product_tag?post=4193"}],"curies":[{"name":"wp","href":"https:\/\/api.w.org\/{rel}","templated":true}]}}