{"id":4302,"date":"2026-01-12T05:55:40","date_gmt":"2026-01-12T05:55:40","guid":{"rendered":"https:\/\/wisecnclaser.com\/?post_type=product&#038;p=4302"},"modified":"2026-01-12T05:55:41","modified_gmt":"2026-01-12T05:55:41","slug":"ws4500-automatic-computer-cnc-panel-saw-your-best-cnc-wood-cutting-saw-for-automated-panel-processing","status":"publish","type":"product","link":"https:\/\/wisecnclaser.com\/es\/producto\/ws4500-automatic-computer-cnc-panel-saw-your-best-cnc-wood-cutting-saw-for-automated-panel-processing\/","title":{"rendered":"Sierra CNC autom\u00e1tica para tableros WS4500-Su mejor sierra CNC para cortar madera para el procesamiento automatizado de tableros"},"content":{"rendered":"<p>Sierra de paneles para ordenador WS4500 : Descubra la precisi\u00f3n y la eficacia en el serrado de paneles<\/p>\n<p>&nbsp;<\/p>\n<p>La sierra computerizada para tableros de la serie 4500 representa el pin\u00e1culo de la tecnolog\u00eda de corte automatizado para los profesionales de la madera. Dise\u00f1ada para entornos de producci\u00f3n de gran volumen, esta sierra de vigas integra una construcci\u00f3n robusta con un software inteligente para ofrecer cortes impecables y repetibles en materiales de paneles como madera contrachapada, MDF, tableros de part\u00edculas y laminados. Si necesita una precisi\u00f3n medida en fracciones de mil\u00edmetro y una eficiencia que reduzca el tiempo de producci\u00f3n, la serie 4500 est\u00e1 dise\u00f1ada para usted.<\/p>\n<p>&nbsp;<\/p>\n<p>Por qu\u00e9 la serie 4500 est\u00e1 considerada la mejor sierra CNC para cortar madera<\/p>\n<p>&nbsp;<\/p>\n<ol>\n<li>\u00a0Precisi\u00f3n de corte inigualable y acabado limpio: Nuestro avanzado sistema de servoaccionamiento y el r\u00edgido mecanismo de guiado garantizan que cada corte sea perfectamente cuadrado y sin virutas. El control autom\u00e1tico por ordenador de la sierra de viga elimina el error humano, garantizando unas dimensiones de pieza uniformes lote tras lote, minimizando el desperdicio de material y la repetici\u00f3n de trabajos.<\/li>\n<\/ol>\n<p>&nbsp;<\/p>\n<ol start=\"2\">\n<li>\u00a0Funcionamiento totalmente automatizado y de alta velocidad: Desde la carga y el posicionamiento autom\u00e1ticos hasta el corte y la clasificaci\u00f3n optimizados, la serie 4500 agiliza todo el flujo de trabajo. Esta sierra de viga autom\u00e1tica por ordenador cuenta con un software de corte inteligente que anida las piezas para maximizar el rendimiento de cada hoja, aumentando dr\u00e1sticamente su producci\u00f3n y rentabilidad.<\/li>\n<\/ol>\n<p>&nbsp;<\/p>\n<ol start=\"3\">\n<li>\u00a0Construcci\u00f3n robusta y fiable: Construida con un bastidor de acero de alta resistencia y componentes de precisi\u00f3n, la sierra de vigas 4500 est\u00e1 dise\u00f1ada para un uso industrial ininterrumpido. Garantiza estabilidad y durabilidad a largo plazo, proporcionando una columna vertebral fiable para su l\u00ednea de producci\u00f3n.<\/li>\n<\/ol>\n<p>&nbsp;<\/p>\n<ol start=\"4\">\n<li>Control por ordenador f\u00e1cil de usar: La intuitiva interfaz de pantalla t\u00e1ctil hace que los complejos programas de corte sean f\u00e1ciles de configurar y ejecutar. Los operarios pueden gestionar f\u00e1cilmente los pedidos, visualizar los patrones de corte y supervisar el estado de la m\u00e1quina, lo que hace que la sierra de panel computerizado sea accesible a la vez que potente.<\/li>\n<\/ol>\n<p>Aplicaciones ideales:<\/p>\n<p>Fabricaci\u00f3n de armarios y tocadores: Produzca con precisi\u00f3n laterales de armarios, puertas y estanter\u00edas de forma eficiente.<\/p>\n<p>Muebles a medida y empotrados: Gesti\u00f3n de listas de corte complejas para proyectos residenciales y comerciales.<\/p>\n<p>Mobiliario de oficina y tiendas: Consiga cortes perfectos para expositores y sistemas de mamparas.<\/p>\n<p>Se\u00f1alizaci\u00f3n y componentes industriales: Procese una amplia gama de materiales de chapa con fiabilidad.<\/p>\n<p>&nbsp;<\/p>\n<p>Aspectos t\u00e9cnicos destacados:<\/p>\n<p>Modelo: Sierra autom\u00e1tica de paneles por ordenador serie 4500<\/p>\n<p>Capacidad de corte: Anchura y longitud de corte de alto rendimiento para adaptarse a paneles est\u00e1ndar y sobredimensionados.<\/p>\n<p>Sistema de accionamiento: servomotores de alta precisi\u00f3n y husillos de bolas.<\/p>\n<p>Sistema de control: PC industrial con software de corte y anidado optimizado.<\/p>\n<p>Caracter\u00edsticas de seguridad: Protecci\u00f3n integral, paradas de emergencia y sensores de seguridad.<\/p>\n<p>&nbsp;<\/p>\n<p>Par\u00e1metros t\u00e9cnicos de la sierra de corte CNC para madera:<\/p>\n<table>\n<tbody>\n<tr>\n<td width=\"769\">Longitud de corte m\u00e1x.<\/td>\n<td width=\"475\">4500 mm<\/td>\n<\/tr>\n<tr>\n<td width=\"769\">Altura de corte m\u00e1x.<\/td>\n<td width=\"475\">100 mm<\/td>\n<\/tr>\n<tr>\n<td width=\"769\">Tama\u00f1o m\u00edn. de corte<\/td>\n<td width=\"475\">100*100mm<\/td>\n<\/tr>\n<tr>\n<td width=\"769\">Potencia del motor de la hoja de sierra principal<\/td>\n<td width=\"475\">16,5 kW<\/td>\n<\/tr>\n<tr>\n<td width=\"769\">Di\u00e1metro de la hoja de sierra principal<\/td>\n<td width=\"475\">400 mm<\/td>\n<\/tr>\n<tr>\n<td width=\"769\">Di\u00e1metro del husillo principal<\/td>\n<td width=\"475\">75 mm<\/td>\n<\/tr>\n<tr>\n<td width=\"769\">Velocidad de la hoja de sierra principal<\/td>\n<td width=\"475\">4000r\/min<\/td>\n<\/tr>\n<tr>\n<td width=\"769\">Potencia del motor de la sierra incisora<\/td>\n<td width=\"475\">2,2 kW<\/td>\n<\/tr>\n<tr>\n<td width=\"769\">Di\u00e1metro de la sierra incisora<\/td>\n<td width=\"475\">180 mm<\/td>\n<\/tr>\n<tr>\n<td width=\"769\">Di\u00e1metro del husillo incisor<\/td>\n<td width=\"475\">50 mm<\/td>\n<\/tr>\n<tr>\n<td width=\"769\">Velocidad de la sierra de calar<\/td>\n<td width=\"475\">6000r\/min<\/td>\n<\/tr>\n<tr>\n<td width=\"769\">Motor de accionamiento del sistema de empuje<\/td>\n<td width=\"475\">2,4 kW<\/td>\n<\/tr>\n<tr>\n<td width=\"769\">Motor soplador de alta presi\u00f3n<\/td>\n<td width=\"475\">3kw<\/td>\n<\/tr>\n<tr>\n<td width=\"769\">presi\u00f3n del aire de trabajo<\/td>\n<td width=\"475\">6-7kg\/c\u33a1<\/td>\n<\/tr>\n<tr>\n<td width=\"769\">motor de accionamiento del carro de la sierra<\/td>\n<td width=\"475\">3,8 kW<\/td>\n<\/tr>\n<tr>\n<td width=\"769\">Potencia del motor lateral<\/td>\n<td width=\"475\">90W<\/td>\n<\/tr>\n<tr>\n<td width=\"769\">pinzas<\/td>\n<td width=\"475\">12<\/td>\n<\/tr>\n<tr>\n<td width=\"769\">Tensi\u00f3n<\/td>\n<td width=\"475\">380V,50HZ, 3 fases<\/td>\n<\/tr>\n<tr>\n<td width=\"769\">Tama\u00f1o de la m\u00e1quina<\/td>\n<td width=\"475\">6900*4600*2180mm<\/td>\n<\/tr>\n<tr>\n<td width=\"769\">peso<\/td>\n<td width=\"475\">6.2T<\/td>\n<\/tr>\n<\/tbody>\n<\/table>\n<p>&nbsp;<\/p>\n<p>Mejore su producci\u00f3n hoy mismo<\/p>\n<p>Deje de comprometer la velocidad, la precisi\u00f3n o el rendimiento del material. La seccionadora computerizada de la serie 4500 es la soluci\u00f3n completa para talleres y f\u00e1bricas que desean ampliar sus operaciones con confianza.<\/p>\n<p>&nbsp;<\/p>\n<p>Solicite un presupuesto, especificaciones detalladas o programe una demostraci\u00f3n virtual hoy mismo.<\/p>\n<div class=\"ast-oembed-container\" style=\"height: 100%;\"><iframe title=\"Cnc viga de la sierra, sierra el\u00e9ctrica, computarizado cnc viga de la sierra, sierra de corte de madera, jinan sabio cnc l\u00e1ser machin\" width=\"500\" height=\"281\" src=\"https:\/\/www.youtube.com\/embed\/F3wZ9P1rqRY?feature=oembed\" frameborder=\"0\" allow=\"accelerometer; autoplay; clipboard-write; encrypted-media; gyroscope; picture-in-picture; web-share\" referrerpolicy=\"strict-origin-when-cross-origin\" allowfullscreen><\/iframe><\/div>","protected":false},"excerpt":{"rendered":"<p>Explore the 4500 Series automatic computer beam saw. Designed as the ultimate beam saw machine for cabinets, furniture, and fixtures, it delivers unmatched precision, speed, and reliability for modern wood\u00a0shops.<\/p>","protected":false},"featured_media":4305,"template":"","meta":{"_seopress_robots_primary_cat":"","_seopress_titles_title":"","_seopress_titles_desc":"","_seopress_robots_index":"","_uag_custom_page_level_css":"","site-sidebar-layout":"default","site-content-layout":"","ast-site-content-layout":"default","site-content-style":"default","site-sidebar-style":"default","ast-global-header-display":"","ast-banner-title-visibility":"","ast-main-header-display":"","ast-hfb-above-header-display":"","ast-hfb-below-header-display":"","ast-hfb-mobile-header-display":"","site-post-title":"","ast-breadcrumbs-content":"","ast-featured-img":"","footer-sml-layout":"","ast-disable-related-posts":"","theme-transparent-header-meta":"default","adv-header-id-meta":"","stick-header-meta":"default","header-above-stick-meta":"","header-main-stick-meta":"","header-below-stick-meta":"","astra-migrate-meta-layouts":"set","ast-page-background-enabled":"default","ast-page-background-meta":{"desktop":{"background-color":"","background-image":"","background-repeat":"repeat","background-position":"center center","background-size":"auto","background-attachment":"scroll","background-type":"","background-media":"","overlay-type":"","overlay-color":"","overlay-opacity":"","overlay-gradient":""},"tablet":{"background-color":"","background-image":"","background-repeat":"repeat","background-position":"center center","background-size":"auto","background-attachment":"scroll","background-type":"","background-media":"","overlay-type":"","overlay-color":"","overlay-opacity":"","overlay-gradient":""},"mobile":{"background-color":"","background-image":"","background-repeat":"repeat","background-position":"center center","background-size":"auto","background-attachment":"scroll","background-type":"","background-media":"","overlay-type":"","overlay-color":"","overlay-opacity":"","overlay-gradient":""}},"ast-content-background-meta":{"desktop":{"background-color":"var(--ast-global-color-5)","background-image":"","background-repeat":"repeat","background-position":"center center","background-size":"auto","background-attachment":"scroll","background-type":"","background-media":"","overlay-type":"","overlay-color":"","overlay-opacity":"","overlay-gradient":""},"tablet":{"background-color":"var(--ast-global-color-5)","background-image":"","background-repeat":"repeat","background-position":"center center","background-size":"auto","background-attachment":"scroll","background-type":"","background-media":"","overlay-type":"","overlay-color":"","overlay-opacity":"","overlay-gradient":""},"mobile":{"background-color":"var(--ast-global-color-5)","background-image":"","background-repeat":"repeat","background-position":"center center","background-size":"auto","background-attachment":"scroll","background-type":"","background-media":"","overlay-type":"","overlay-color":"","overlay-opacity":"","overlay-gradient":""}}},"product_brand":[],"product_cat":[39],"product_tag":[231,230,95,229,235,232,178,236,237,234,233],"class_list":{"0":"post-4302","1":"product","2":"type-product","3":"status-publish","4":"has-post-thumbnail","6":"product_cat-cuttingsaw","7":"product_tag-automated-panel-saw","8":"product_tag-automatic-computer-beam-saw","9":"product_tag-beam-saw-machine","10":"product_tag-best-cnc-wood-cutting-saw","11":"product_tag-cabinet-production-saw","12":"product_tag-cnc-beamsaw","13":"product_tag-computer-panel-saw","14":"product_tag-high-precision-cutting","15":"product_tag-industrial-panel-saw","16":"product_tag-panel-processing","17":"product_tag-woodworking-machinery","18":"desktop-align-left","19":"tablet-align-left","20":"mobile-align-left","21":"ast-product-gallery-layout-horizontal-slider","22":"ast-product-gallery-with-no-image","23":"ast-product-tabs-layout-horizontal","25":"first","26":"instock","27":"shipping-taxable","28":"product-type-simple"},"uagb_featured_image_src":{"full":["https:\/\/wisecnclaser.com\/wp-content\/uploads\/2026\/01\/4500.png",1082,1082,false],"thumbnail":["https:\/\/wisecnclaser.com\/wp-content\/uploads\/2026\/01\/4500-150x150.png",150,150,true],"medium":["https:\/\/wisecnclaser.com\/wp-content\/uploads\/2026\/01\/4500-300x300.png",300,300,true],"medium_large":["https:\/\/wisecnclaser.com\/wp-content\/uploads\/2026\/01\/4500-768x768.png",768,768,true],"large":["https:\/\/wisecnclaser.com\/wp-content\/uploads\/2026\/01\/4500-1024x1024.png",1024,1024,true],"1536x1536":["https:\/\/wisecnclaser.com\/wp-content\/uploads\/2026\/01\/4500.png",1082,1082,false],"2048x2048":["https:\/\/wisecnclaser.com\/wp-content\/uploads\/2026\/01\/4500.png",1082,1082,false],"trp-custom-language-flag":["https:\/\/wisecnclaser.com\/wp-content\/uploads\/2026\/01\/4500-12x12.png",12,12,true],"woocommerce_thumbnail":["https:\/\/wisecnclaser.com\/wp-content\/uploads\/2026\/01\/4500-300x300.png",300,300,true],"woocommerce_single":["https:\/\/wisecnclaser.com\/wp-content\/uploads\/2026\/01\/4500-600x600.png",600,600,true],"woocommerce_gallery_thumbnail":["https:\/\/wisecnclaser.com\/wp-content\/uploads\/2026\/01\/4500-100x100.png",100,100,true]},"uagb_author_info":{"display_name":"jinxing6611@gmail.com","author_link":"https:\/\/wisecnclaser.com\/es\/author\/"},"uagb_comment_info":0,"uagb_excerpt":"Explore the 4500 Series automatic computer beam saw. Designed as the ultimate beam saw machine for cabinets, furniture, and fixtures, it delivers unmatched precision, speed, and reliability for modern wood\u00a0shops.","_links":{"self":[{"href":"https:\/\/wisecnclaser.com\/es\/wp-json\/wp\/v2\/product\/4302","targetHints":{"allow":["GET"]}}],"collection":[{"href":"https:\/\/wisecnclaser.com\/es\/wp-json\/wp\/v2\/product"}],"about":[{"href":"https:\/\/wisecnclaser.com\/es\/wp-json\/wp\/v2\/types\/product"}],"wp:featuredmedia":[{"embeddable":true,"href":"https:\/\/wisecnclaser.com\/es\/wp-json\/wp\/v2\/media\/4305"}],"wp:attachment":[{"href":"https:\/\/wisecnclaser.com\/es\/wp-json\/wp\/v2\/media?parent=4302"}],"wp:term":[{"taxonomy":"product_brand","embeddable":true,"href":"https:\/\/wisecnclaser.com\/es\/wp-json\/wp\/v2\/product_brand?post=4302"},{"taxonomy":"product_cat","embeddable":true,"href":"https:\/\/wisecnclaser.com\/es\/wp-json\/wp\/v2\/product_cat?post=4302"},{"taxonomy":"product_tag","embeddable":true,"href":"https:\/\/wisecnclaser.com\/es\/wp-json\/wp\/v2\/product_tag?post=4302"}],"curies":[{"name":"wp","href":"https:\/\/api.w.org\/{rel}","templated":true}]}}