{"id":59,"date":"2025-05-20T07:32:07","date_gmt":"2025-05-20T07:32:07","guid":{"rendered":"https:\/\/wisecnclaser.com\/about\/"},"modified":"2025-05-23T02:59:13","modified_gmt":"2025-05-23T02:59:13","slug":"about","status":"publish","type":"page","link":"https:\/\/wisecnclaser.com\/fr\/about\/","title":{"rendered":"A propos de"},"content":{"rendered":"<div data-elementor-type=\"wp-page\" data-elementor-id=\"59\" class=\"elementor elementor-59\" data-elementor-post-type=\"page\">\n\t\t\t\t<div class=\"elementor-element elementor-element-3de2832 e-flex e-con-boxed e-con e-parent\" data-id=\"3de2832\" data-element_type=\"container\" data-e-type=\"container\">\n\t\t\t\t\t<div class=\"e-con-inner\">\n\t\t\t\t<div class=\"elementor-element elementor-element-1a1db08 elementor-widget elementor-widget-ucaddon_square_icon_box\" data-id=\"1a1db08\" data-element_type=\"widget\" data-e-type=\"widget\" data-widget_type=\"ucaddon_square_icon_box.default\">\n\t\t\t\t<div class=\"elementor-widget-container\">\n\t\t\t\t\t\n<!-- start Icon Box -->\n\t\t<link id='font-awesome-css' href='https:\/\/wisecnclaser.com\/wp-content\/plugins\/unlimited-elements-for-elementor-premium\/assets_libraries\/font-awesome6\/fontawesome-all.min.css' type='text\/css' rel='stylesheet' >\n\t\t<link id='font-awesome-4-shim-css' href='https:\/\/wisecnclaser.com\/wp-content\/plugins\/unlimited-elements-for-elementor-premium\/assets_libraries\/font-awesome6\/fontawesome-v4-shims.min.css' type='text\/css' rel='stylesheet' >\n\n<style>\/* widget: Icon Box *\/\n\n#uc_square_icon_box_elementor_1a1db08 * { \n\tbox-sizing: border-box; \n}\n\n#uc_square_icon_box_elementor_1a1db08{\n\tfont-family: inherit;\n    transition:0.3s;\n    position:relative;\n}\n\n#uc_square_icon_box_elementor_1a1db08 .blox-boxed-small-square-icon-box-icon{\n\t\n\tposition:relative;\n    display:flex;\n    justify-content:center;\n    align-items:center;\n    transform:rotate(0deg);\n    z-index:2;\n}\n#uc_square_icon_box_elementor_1a1db08 .ue-icon {\n  display:inline-block;\n}\n#uc_square_icon_box_elementor_1a1db08 .blox-boxed-small-square-icon-box-icon > div{\n\t\n\tposition:relative;\n    display:flex;\n    justify-content:center;\n    align-items:center;\n    transform:rotate(-0deg);\n}\n#uc_square_icon_box_elementor_1a1db08 .ue-icon-inner{\n    line-height:1em;\n\t} \t\n\n\n#uc_square_icon_box_elementor_1a1db08 .ue-icon-inner svg{\n    height:1em;\n    width:1em;\n\t} \t\n\t\n.blox-boxed-small-square-icon-box-heading{\n\tfont-size:21px;\n\t}\n\n\n#uc_square_icon_box_elementor_1a1db08:hover\n{\n  position:relative;\n  z-index:1;\n}\n\n\n#uc_square_icon_box_elementor_1a1db08 .ue_box_button\n{\n  text-align:center;\n  text-decoration:none;\n  display:inline-block;\n  transition:0.3s;\n}\n\n\n#uc_square_icon_box_elementor_1a1db08 span.line\n{\n  display:block;\n  position:absolute;\n  top:0;\n  left:0;\n  width:0px;\n  transition:0.3s;\n}\n\n#uc_square_icon_box_elementor_1a1db08:hover span.line\n{\n  width:100%;\n}\n\n#uc_square_icon_box_elementor_1a1db08 .ue-title-separator span\n{\n  display:inline-block;\n  transition:0.3s;\n}\n\n\n\n\n\n<\/style>\n\n<div class=\"square_icon_box\" id=\"uc_square_icon_box_elementor_1a1db08\">\n  \n  \t\t  \n  \n         \n  \t\t        <div class=\"blox-boxed-small-square-icon-box-heading\">\n        \tJinan Wise CNC Laser Machinery Co.\n        <\/div>\n          \n  \t\t             <div class=\"ue-title-separator\">\n               <span><\/span>\n             <\/div>\n          \n  \n          \n  \t\t        \n          \n  \t\t  \n<\/div>\n<!-- end Icon Box -->\t\t\t\t<\/div>\n\t\t\t\t<\/div>\n\t\t\t\t<div class=\"elementor-element elementor-element-7853ca7 elementor-widget elementor-widget-text-editor\" data-id=\"7853ca7\" data-element_type=\"widget\" data-e-type=\"widget\" data-widget_type=\"text-editor.default\">\n\t\t\t\t<div class=\"elementor-widget-container\">\n\t\t\t\t\t\t\t\t\t<p>Jinan Wise CNC Laser Machinery Co. est un fabricant sp\u00e9cialis\u00e9 dans les machines \u00e0 travailler le bois, les plaqueuses de chants, les machines \u00e0 d\u00e9couper le m\u00e9tal, les fraiseuses \u00e0 d\u00e9couper la mousse, les machines \u00e0 d\u00e9couper \u00e0 plat, les machines \u00e0 d\u00e9couper la pierre et les machines \u00e0 laser co2. Situ\u00e9 dans la ville de Jinan, province de Shandong, Chine, nous poursuivons la recherche et le d\u00e9veloppement de machines de nouvelle technologie pour de nombreux domaines tels que les meubles \u00e0 panneaux, les portes en bois, les armoires, la sculpture sur pierre, la d\u00e9coupe de m\u00e9tal, les mod\u00e8les architecturaux, l'industrie de la publicit\u00e9, l'artisanat et les arts, les \u00e9tablissements d'enseignement, l'industrie du marquage laser, etc.\u00a0<\/p><p>Jinan Wise CNC Laser Machinery obtient la confiance de ses clients nouveaux et anciens gr\u00e2ce \u00e0 sa qualit\u00e9 stable et \u00e0 ses meilleurs services apr\u00e8s-vente. Nous nous engageons \u00e0 servir nos clients avec toute notre passion et notre profession.\u00a0<\/p><p>Toute personne ayant des besoins diff\u00e9rents peut trouver ici une machine laser adapt\u00e9e. Nous vous fournirons la meilleure solution pour une industrie et une application particuli\u00e8res.\u00a0<\/p><p>Nous ne sommes pas seulement un fournisseur ou un producteur, nous sommes aussi un fournisseur de solutions pour les machines CNC et laser. Nous esp\u00e9rons que nous pourrons vous aider \u00e0 vous d\u00e9velopper ensemble dans cette industrie.<\/p><p><strong>Avantages pour l'entreprise<\/strong><strong>:<\/strong><\/p><p>1. Nous avons plus de 17 ans d'exp\u00e9rience dans la production et nous continuons \u00e0 rechercher et \u00e0 d\u00e9velopper de nouveaux produits pour r\u00e9pondre \u00e0 la demande du march\u00e9.<\/p><p>2. Tous les travailleurs ont de nombreuses ann\u00e9es d'exp\u00e9rience dans l'assemblage, ils sont comp\u00e9tents en mati\u00e8re de production, de sorte que nous pouvons vous livrer la machine \u00e0 temps.<\/p><p>3. les vendeurs et le personnel technique sont attentifs et patients, ils peuvent r\u00e9pondre \u00e0 toutes les questions techniques concernant la machine, les documents seront \u00e9galement pr\u00e9par\u00e9s avec soin et de mani\u00e8re d\u00e9taill\u00e9e.<\/p><p>4. nous vous fournirons le meilleur service apr\u00e8s-vente, chaque personne du service apr\u00e8s-vente poss\u00e8de un passeport, en cas de probl\u00e8me important, nous pouvons le r\u00e9soudre dans les 24 heures, ou m\u00eame envoyer une personne \u00e0 votre usine pour la maintenance en temps voulu.<\/p><p>5. Nous avons suffisamment de pi\u00e8ces en stock, si vous avez besoin de pi\u00e8ces, nous vous les enverrons dans les 6 heures.<\/p>\t\t\t\t\t\t\t\t<\/div>\n\t\t\t\t<\/div>\n\t\t\t\t\t<\/div>\n\t\t\t\t<\/div>\n\t\t\t\t<\/div>","protected":false},"excerpt":{"rendered":"<p>Jinan Wise CNC Laser Machinery Co., Ltd. Jinan Wise CNC Laser Machinery Co., Ltd.\u00a0 is specialized manufacturer of woodworking machine, edge banding machine, metal cutting machine, foam cutting milling machine, flatbed cutting machine, stone machine, co2 laser machine. Located in Jinan city, Shandong province, China. we keep R&amp;D new-tech machine for many fields such as [&hellip;]<\/p>\n","protected":false},"author":0,"featured_media":0,"parent":0,"menu_order":0,"comment_status":"closed","ping_status":"closed","template":"","meta":{"_seopress_robots_primary_cat":"","_seopress_titles_title":"","_seopress_titles_desc":"","_seopress_robots_index":"","_uag_custom_page_level_css":"","site-sidebar-layout":"no-sidebar","site-content-layout":"plain-container","ast-site-content-layout":"full-width-container","site-content-style":"default","site-sidebar-style":"default","ast-global-header-display":"","ast-banner-title-visibility":"","ast-main-header-display":"","ast-hfb-above-header-display":"","ast-hfb-below-header-display":"","ast-hfb-mobile-header-display":"","site-post-title":"disabled","ast-breadcrumbs-content":"","ast-featured-img":"disabled","footer-sml-layout":"","ast-disable-related-posts":"","theme-transparent-header-meta":"enabled","adv-header-id-meta":"","stick-header-meta":"","header-above-stick-meta":"","header-main-stick-meta":"","header-below-stick-meta":"","astra-migrate-meta-layouts":"set","ast-page-background-enabled":"default","ast-page-background-meta":{"desktop":{"background-color":"","background-image":"","background-repeat":"repeat","background-position":"center center","background-size":"auto","background-attachment":"scroll","background-type":"","background-media":"","overlay-type":"","overlay-color":"","overlay-opacity":"","overlay-gradient":""},"tablet":{"background-color":"","background-image":"","background-repeat":"repeat","background-position":"center center","background-size":"auto","background-attachment":"scroll","background-type":"","background-media":"","overlay-type":"","overlay-color":"","overlay-opacity":"","overlay-gradient":""},"mobile":{"background-color":"","background-image":"","background-repeat":"repeat","background-position":"center center","background-size":"auto","background-attachment":"scroll","background-type":"","background-media":"","overlay-type":"","overlay-color":"","overlay-opacity":"","overlay-gradient":""}},"ast-content-background-meta":{"desktop":{"background-color":"var(--ast-global-color-5)","background-image":"","background-repeat":"repeat","background-position":"center center","background-size":"auto","background-attachment":"scroll","background-type":"","background-media":"","overlay-type":"","overlay-color":"","overlay-opacity":"","overlay-gradient":""},"tablet":{"background-color":"var(--ast-global-color-5)","background-image":"","background-repeat":"repeat","background-position":"center center","background-size":"auto","background-attachment":"scroll","background-type":"","background-media":"","overlay-type":"","overlay-color":"","overlay-opacity":"","overlay-gradient":""},"mobile":{"background-color":"var(--ast-global-color-5)","background-image":"","background-repeat":"repeat","background-position":"center center","background-size":"auto","background-attachment":"scroll","background-type":"","background-media":"","overlay-type":"","overlay-color":"","overlay-opacity":"","overlay-gradient":""}},"footnotes":""},"class_list":["post-59","page","type-page","status-publish","hentry"],"uagb_featured_image_src":{"full":false,"thumbnail":false,"medium":false,"medium_large":false,"large":false,"1536x1536":false,"2048x2048":false,"trp-custom-language-flag":false,"woocommerce_thumbnail":false,"woocommerce_single":false,"woocommerce_gallery_thumbnail":false},"uagb_author_info":{"display_name":"","author_link":"https:\/\/wisecnclaser.com\/fr\/author\/"},"uagb_comment_info":0,"uagb_excerpt":"Jinan Wise CNC Laser Machinery Co., Ltd. Jinan Wise CNC Laser Machinery Co., Ltd.\u00a0 is specialized manufacturer of woodworking machine, edge banding machine, metal cutting machine, foam cutting milling machine, flatbed cutting machine, stone machine, co2 laser machine. Located in Jinan city, Shandong province, China. we keep R&amp;D new-tech machine for many fields such as\u2026","_links":{"self":[{"href":"https:\/\/wisecnclaser.com\/fr\/wp-json\/wp\/v2\/pages\/59","targetHints":{"allow":["GET"]}}],"collection":[{"href":"https:\/\/wisecnclaser.com\/fr\/wp-json\/wp\/v2\/pages"}],"about":[{"href":"https:\/\/wisecnclaser.com\/fr\/wp-json\/wp\/v2\/types\/page"}],"replies":[{"embeddable":true,"href":"https:\/\/wisecnclaser.com\/fr\/wp-json\/wp\/v2\/comments?post=59"}],"version-history":[{"count":17,"href":"https:\/\/wisecnclaser.com\/fr\/wp-json\/wp\/v2\/pages\/59\/revisions"}],"predecessor-version":[{"id":3785,"href":"https:\/\/wisecnclaser.com\/fr\/wp-json\/wp\/v2\/pages\/59\/revisions\/3785"}],"wp:attachment":[{"href":"https:\/\/wisecnclaser.com\/fr\/wp-json\/wp\/v2\/media?parent=59"}],"curies":[{"name":"wp","href":"https:\/\/api.w.org\/{rel}","templated":true}]}}