{"id":1192,"date":"2025-05-20T07:32:07","date_gmt":"2025-05-20T07:32:07","guid":{"rendered":"https:\/\/wisecnclaser.com\/product\/golden-bag-with-chain\/"},"modified":"2026-01-15T06:41:10","modified_gmt":"2026-01-15T06:41:10","slug":"golden-bag-with-chain","status":"publish","type":"product","link":"https:\/\/wisecnclaser.com\/fr\/produit\/golden-bag-with-chain\/","title":{"rendered":"Machine \u00e0 d\u00e9couper la pierre \u00e0 pont \u00e0 5 axes"},"content":{"rendered":"<p><strong>Caract\u00e9ristiques de la machine \u00e0 couper les pierres de pont \u00e0 5 axes\uff1a<\/strong><\/p>\n<p>Machine \u00e0 d\u00e9couper les ponts infrarouges enti\u00e8rement automatique \u00e0 cinq axes, conversion multilingue, le traitement de la table peut \u00eatre effectu\u00e9 par une seule machine, liaison X-Y-Z-A-B \u00e0 cinq axes, un plus large \u00e9ventail d'applications, peut r\u00e9aliser la d\u00e9coupe, le chanfreinage, le rainurage, le per\u00e7age, l'arc de cercle et d'autres traitements de formes sp\u00e9ciales, op\u00e9ration simple et forte praticabilit\u00e9.<\/p>\n<p><strong>Mat\u00e9riau de transformation :<\/strong><\/p>\n<p>Granit, marbre, pierre artificielle, dalles et autres types de pierre.<\/p>\n<p><strong>Fonction :<\/strong><\/p>\n<p>1. La t\u00eate de la machine peut pivoter \u00e0 n'importe quel angle et peut couper la plaque \u00e0 n'importe quel angle et sous n'importe quelle forme : coupe horizontale, coupe longitudinale, coupe en arc, coupe elliptique et coupe ronde. La machine peut \u00e9galement \u00eatre utilis\u00e9e pour la d\u00e9coupe de bosses.<\/p>\n<p>2. En plus de la forme de coupe, il peut \u00e9galement couper la grande plaque avec un chanfrein \u00e0 45\u00b0, ouvrir le trou du bassin, le trou du po\u00eale et la coupe en diagonale.<\/p>\n<p>3. La plate-forme peut \u00eatre tourn\u00e9e de 85\u00b0, ce qui est pratique pour le chargement et le d\u00e9chargement.<\/p>\n<p>4. Pas d'op\u00e9rations compliqu\u00e9es, il suffit d'introduire des donn\u00e9es dans le syst\u00e8me de contr\u00f4le.<\/p>\n<p>&nbsp;<\/p>\n<table width=\"662\">\n<tbody>\n<tr class=\"firstRow\">\n<td colspan=\"2\" valign=\"center\" width=\"662\"><strong>Param\u00e8tres techniques de la machine de d\u00e9coupe de pierre \u00e0 pont WS3020 \u00e0 5 axes<\/strong><\/td>\n<\/tr>\n<tr>\n<td valign=\"top\" width=\"207\">Taille de traitement<\/td>\n<td valign=\"top\" width=\"455\">3000*1600mm<\/td>\n<\/tr>\n<tr>\n<td valign=\"top\" width=\"207\">Diam\u00e8tre de la lame de scie<\/td>\n<td valign=\"top\" width=\"455\">350 mm<\/td>\n<\/tr>\n<tr>\n<td valign=\"top\" width=\"207\">Epaisseur de coupe<\/td>\n<td valign=\"top\" width=\"455\">50 mm<\/td>\n<\/tr>\n<tr>\n<td valign=\"top\" width=\"207\">Syst\u00e8me de contr\u00f4le<\/td>\n<td valign=\"top\" width=\"455\">Propre syst\u00e8me de contr\u00f4le de la R&amp;D<\/td>\n<\/tr>\n<tr>\n<td valign=\"top\" width=\"207\">Angle du volet de la plate-forme<\/td>\n<td valign=\"top\" width=\"455\">0-85\u00b0<\/td>\n<\/tr>\n<tr>\n<td valign=\"top\" width=\"207\">Diam\u00e8tre de la scie<\/td>\n<td valign=\"top\" width=\"455\">350 mm<\/td>\n<\/tr>\n<tr>\n<td valign=\"top\" width=\"207\">Angle de rotation de la t\u00eate<\/td>\n<td valign=\"top\" width=\"455\">0-360\u00b0<\/td>\n<\/tr>\n<tr>\n<td valign=\"top\" width=\"207\">Angle d'inclinaison du nez<\/td>\n<td valign=\"top\" width=\"455\">0\u00b0ou 45<\/td>\n<\/tr>\n<tr>\n<td valign=\"top\" width=\"207\">Logiciel<\/td>\n<td valign=\"top\" width=\"455\">Avec<\/td>\n<\/tr>\n<tr>\n<td valign=\"top\" width=\"207\">Moteur de coupe<\/td>\n<td valign=\"top\" width=\"455\">7,5kw\/11kw<\/td>\n<\/tr>\n<tr>\n<td valign=\"top\" width=\"207\">m\u00e9thode de transfert<\/td>\n<td valign=\"top\" width=\"455\">Entra\u00eenement par engrenage de l'axe X-Y-A, entra\u00eenement par vis de l'axe Z<\/td>\n<\/tr>\n<tr>\n<td valign=\"top\" width=\"207\">Voie d'acc\u00e8s<\/td>\n<td valign=\"top\" width=\"455\">Servomoteur de marque chinoise 1,3kw et plongeur+2,2kw<\/td>\n<\/tr>\n<tr>\n<td valign=\"top\" width=\"207\">Par programme<\/td>\n<td valign=\"top\" width=\"455\">Importation manuelle\/graphique<\/td>\n<\/tr>\n<tr>\n<td valign=\"top\" width=\"207\">Poids corporel<\/td>\n<td valign=\"top\" width=\"455\">3500KGS<\/td>\n<\/tr>\n<tr>\n<td valign=\"top\" width=\"207\">Dimension<\/td>\n<td valign=\"top\" width=\"455\">6000*3000*2000<\/td>\n<\/tr>\n<\/tbody>\n<\/table>\n<div class=\"ast-oembed-container\" style=\"height: 100%;\"><iframe title=\"Machine \u00e0 couper les pierres \u00e0 pont \u00e0 5 axes Machine \u00e0 couper les pierres de forme #stonecutting #stonemachine\" width=\"500\" height=\"375\" src=\"https:\/\/www.youtube.com\/embed\/qGtoYgz5C2I?feature=oembed\" frameborder=\"0\" allow=\"accelerometer; autoplay; clipboard-write; encrypted-media; gyroscope; picture-in-picture; web-share\" referrerpolicy=\"strict-origin-when-cross-origin\" allowfullscreen><\/iframe><\/div>","protected":false},"excerpt":{"rendered":"<p><strong>Caract\u00e9ristiques de la machine \u00e0 couper les pierres de pont \u00e0 5 axes\uff1a<\/strong><\/p>\n<p>Machine \u00e0 d\u00e9couper les ponts infrarouges enti\u00e8rement automatique \u00e0 cinq axes, conversion multilingue, le traitement de la table peut \u00eatre effectu\u00e9 par une seule machine, liaison X-Y-Z-A-B \u00e0 cinq axes, un plus large \u00e9ventail d'applications, peut r\u00e9aliser la d\u00e9coupe, le chanfreinage, le rainurage, le per\u00e7age, l'arc de cercle et d'autres traitements de formes sp\u00e9ciales, op\u00e9ration simple et forte praticabilit\u00e9.<\/p>\n<p><strong>Mat\u00e9riau de transformation :<\/strong><\/p>\n<p>Granit, marbre, pierre artificielle, dalles et autres types de pierre.<\/p>\n<p><strong>Fonction :<\/strong><\/p>\n<p>1. La t\u00eate de la machine peut pivoter \u00e0 n'importe quel angle et peut couper la plaque \u00e0 n'importe quel angle et sous n'importe quelle forme : coupe horizontale, coupe longitudinale, coupe en arc, coupe elliptique et coupe ronde. La machine peut \u00e9galement \u00eatre utilis\u00e9e pour la d\u00e9coupe de bosses.<\/p>\n<p>2. En plus de la forme de coupe, il peut \u00e9galement couper la grande plaque avec un chanfrein \u00e0 45\u00b0, ouvrir le trou du bassin, le trou du po\u00eale et la coupe en diagonale.<\/p>\n<p>3. La plate-forme peut \u00eatre tourn\u00e9e de 85\u00b0, ce qui est pratique pour le chargement et le d\u00e9chargement.<\/p>\n<p>4. Pas d'op\u00e9rations compliqu\u00e9es, il suffit d'introduire des donn\u00e9es dans le syst\u00e8me de contr\u00f4le.<\/p>","protected":false},"featured_media":3424,"template":"","meta":{"_seopress_robots_primary_cat":"none","_seopress_titles_title":"","_seopress_titles_desc":"","_seopress_robots_index":"","_uag_custom_page_level_css":"","site-sidebar-layout":"default","site-content-layout":"default","ast-site-content-layout":"default","site-content-style":"default","site-sidebar-style":"default","ast-global-header-display":"","ast-banner-title-visibility":"","ast-main-header-display":"","ast-hfb-above-header-display":"","ast-hfb-below-header-display":"","ast-hfb-mobile-header-display":"","site-post-title":"","ast-breadcrumbs-content":"","ast-featured-img":"","footer-sml-layout":"","ast-disable-related-posts":"","theme-transparent-header-meta":"default","adv-header-id-meta":"","stick-header-meta":"default","header-above-stick-meta":"","header-main-stick-meta":"","header-below-stick-meta":"","astra-migrate-meta-layouts":"set","ast-page-background-enabled":"default","ast-page-background-meta":{"desktop":{"background-color":"","background-image":"","background-repeat":"repeat","background-position":"center center","background-size":"auto","background-attachment":"scroll","background-type":"","background-media":"","overlay-type":"","overlay-color":"","overlay-opacity":"","overlay-gradient":""},"tablet":{"background-color":"","background-image":"","background-repeat":"repeat","background-position":"center center","background-size":"auto","background-attachment":"scroll","background-type":"","background-media":"","overlay-type":"","overlay-color":"","overlay-opacity":"","overlay-gradient":""},"mobile":{"background-color":"","background-image":"","background-repeat":"repeat","background-position":"center center","background-size":"auto","background-attachment":"scroll","background-type":"","background-media":"","overlay-type":"","overlay-color":"","overlay-opacity":"","overlay-gradient":""}},"ast-content-background-meta":{"desktop":{"background-color":"var(--ast-global-color-5)","background-image":"","background-repeat":"repeat","background-position":"center center","background-size":"auto","background-attachment":"scroll","background-type":"","background-media":"","overlay-type":"","overlay-color":"","overlay-opacity":"","overlay-gradient":""},"tablet":{"background-color":"var(--ast-global-color-5)","background-image":"","background-repeat":"repeat","background-position":"center center","background-size":"auto","background-attachment":"scroll","background-type":"","background-media":"","overlay-type":"","overlay-color":"","overlay-opacity":"","overlay-gradient":""},"mobile":{"background-color":"var(--ast-global-color-5)","background-image":"","background-repeat":"repeat","background-position":"center center","background-size":"auto","background-attachment":"scroll","background-type":"","background-media":"","overlay-type":"","overlay-color":"","overlay-opacity":"","overlay-gradient":""}}},"product_brand":[],"product_cat":[33],"product_tag":[248,250],"class_list":{"0":"post-1192","1":"product","2":"type-product","3":"status-publish","4":"has-post-thumbnail","6":"product_cat-stone","7":"product_tag-bridge-stone-cutting-machine","8":"product_tag-stone-machine","9":"desktop-align-left","10":"tablet-align-left","11":"mobile-align-left","12":"ast-product-gallery-layout-horizontal-slider","13":"ast-product-gallery-with-no-image","14":"ast-product-tabs-layout-horizontal","16":"first","17":"instock","18":"featured","19":"shipping-taxable","20":"purchasable","21":"product-type-simple"},"uagb_featured_image_src":{"full":["https:\/\/wisecnclaser.com\/wp-content\/uploads\/2025\/05\/ab8f87c236518a9a6803ddd1b83e6a0d.jpg",800,800,false],"thumbnail":["https:\/\/wisecnclaser.com\/wp-content\/uploads\/2025\/05\/ab8f87c236518a9a6803ddd1b83e6a0d-150x150.jpg",150,150,true],"medium":["https:\/\/wisecnclaser.com\/wp-content\/uploads\/2025\/05\/ab8f87c236518a9a6803ddd1b83e6a0d-300x300.jpg",300,300,true],"medium_large":["https:\/\/wisecnclaser.com\/wp-content\/uploads\/2025\/05\/ab8f87c236518a9a6803ddd1b83e6a0d-768x768.jpg",768,768,true],"large":["https:\/\/wisecnclaser.com\/wp-content\/uploads\/2025\/05\/ab8f87c236518a9a6803ddd1b83e6a0d.jpg",800,800,false],"1536x1536":["https:\/\/wisecnclaser.com\/wp-content\/uploads\/2025\/05\/ab8f87c236518a9a6803ddd1b83e6a0d.jpg",800,800,false],"2048x2048":["https:\/\/wisecnclaser.com\/wp-content\/uploads\/2025\/05\/ab8f87c236518a9a6803ddd1b83e6a0d.jpg",800,800,false],"trp-custom-language-flag":["https:\/\/wisecnclaser.com\/wp-content\/uploads\/2025\/05\/ab8f87c236518a9a6803ddd1b83e6a0d-12x12.jpg",12,12,true],"woocommerce_thumbnail":["https:\/\/wisecnclaser.com\/wp-content\/uploads\/2025\/05\/ab8f87c236518a9a6803ddd1b83e6a0d-300x300.jpg",300,300,true],"woocommerce_single":["https:\/\/wisecnclaser.com\/wp-content\/uploads\/2025\/05\/ab8f87c236518a9a6803ddd1b83e6a0d-600x600.jpg",600,600,true],"woocommerce_gallery_thumbnail":["https:\/\/wisecnclaser.com\/wp-content\/uploads\/2025\/05\/ab8f87c236518a9a6803ddd1b83e6a0d-100x100.jpg",100,100,true]},"uagb_author_info":{"display_name":"jinxing6611@gmail.com","author_link":"https:\/\/wisecnclaser.com\/fr\/author\/"},"uagb_comment_info":0,"uagb_excerpt":"Features of 5 axis bridge stone cutting machine\uff1a Fully automatic five-axis infrared bridge cutting machine, multi-language conversion, table top processing can be done by one machine, X-Y-Z-A-B five-axis linkage, a wider range of applications, can realize cutting, chamfering, edging, grooving, drilling, circular arc Other special-shaped processing, simple operation and strong practicability. Processing material: Granite, marble,\u2026","_links":{"self":[{"href":"https:\/\/wisecnclaser.com\/fr\/wp-json\/wp\/v2\/product\/1192","targetHints":{"allow":["GET"]}}],"collection":[{"href":"https:\/\/wisecnclaser.com\/fr\/wp-json\/wp\/v2\/product"}],"about":[{"href":"https:\/\/wisecnclaser.com\/fr\/wp-json\/wp\/v2\/types\/product"}],"wp:featuredmedia":[{"embeddable":true,"href":"https:\/\/wisecnclaser.com\/fr\/wp-json\/wp\/v2\/media\/3424"}],"wp:attachment":[{"href":"https:\/\/wisecnclaser.com\/fr\/wp-json\/wp\/v2\/media?parent=1192"}],"wp:term":[{"taxonomy":"product_brand","embeddable":true,"href":"https:\/\/wisecnclaser.com\/fr\/wp-json\/wp\/v2\/product_brand?post=1192"},{"taxonomy":"product_cat","embeddable":true,"href":"https:\/\/wisecnclaser.com\/fr\/wp-json\/wp\/v2\/product_cat?post=1192"},{"taxonomy":"product_tag","embeddable":true,"href":"https:\/\/wisecnclaser.com\/fr\/wp-json\/wp\/v2\/product_tag?post=1192"}],"curies":[{"name":"wp","href":"https:\/\/api.w.org\/{rel}","templated":true}]}}