{"id":1193,"date":"2025-05-20T07:32:07","date_gmt":"2025-05-20T07:32:07","guid":{"rendered":"https:\/\/wisecnclaser.com\/product\/black-over-the-shoulder-handbag-2\/"},"modified":"2025-05-23T02:48:40","modified_gmt":"2025-05-23T02:48:40","slug":"black-over-the-shoulder-handbag-2","status":"publish","type":"product","link":"https:\/\/wisecnclaser.com\/fr\/produit\/black-over-the-shoulder-handbag-2\/","title":{"rendered":"WS6090 WS1290 WS1390 WS1490 WS1610 Machine de d\u00e9coupe laser CO2"},"content":{"rendered":"<p><strong>Caract\u00e9ristiques de la machine de d\u00e9coupe laser 1390 :<\/strong><\/p>\n<p>La conception unique de la d\u00e9c\u00e9l\u00e9ration permet au syst\u00e8me m\u00e9canique de se d\u00e9placer de mani\u00e8re stable et en douceur. Le bord de coupe est lisse et il n'y a pas de dents de scie. Le logiciel adopte une m\u00e9thode de courbe continue pour obtenir une vitesse de coupe plus rapide.<\/p>\n<p><strong>Mat\u00e9riaux applicables :<\/strong>\u00a0bois, bambou, jade, marbre, verre organique, cristal, plastique, v\u00eatements, papier, cuir, caoutchouc, c\u00e9ramique, verre et autres mat\u00e9riaux non m\u00e9talliques.<\/p>\n<p><strong>Industries concern\u00e9es :\u00a0<\/strong>publicit\u00e9, artisanat, cuir, jouets, v\u00eatements, maquette, construction, tapisserie d'ameublement, broderie informatis\u00e9e et clippage, emballage et industrie du papier<\/p>\n<p><strong>Technique\u00a0<\/strong><strong>Sp\u00e9cifications<\/strong><strong>\u00a0<\/strong><strong>de<\/strong><strong>\u00a0Machine de d\u00e9coupe laser Co2 :<\/strong><\/p>\n<table>\n<tbody>\n<tr class=\"firstRow\">\n<td valign=\"top\" width=\"252\">Type de laser<\/td>\n<td valign=\"top\" width=\"345\">Scell\u00e9 CO<sub>2<\/sub>\u00a0tube laser<\/td>\n<\/tr>\n<tr>\n<td valign=\"top\" width=\"252\">Type de mod\u00e8le<\/td>\n<td valign=\"top\" width=\"345\">6090\u00a01290\u00a01390 1490 1610<\/td>\n<\/tr>\n<tr>\n<td valign=\"top\" width=\"252\">Puissance du laser<\/td>\n<td valign=\"top\" width=\"345\">60W 80W 100W 130W 150W<\/td>\n<\/tr>\n<tr>\n<td valign=\"top\" width=\"246\">Zone de coupe<\/td>\n<td valign=\"top\" width=\"345\">600*900mm, 1200*900mm 1300*900mm, 1400*900mm,1600*1000mm<\/td>\n<\/tr>\n<tr>\n<td valign=\"top\" width=\"252\">Vitesse de gravure<\/td>\n<td valign=\"top\" width=\"345\">0-24 000 mm\/min<\/td>\n<\/tr>\n<tr>\n<td valign=\"top\" width=\"252\">R\u00e9initialisation de la pr\u00e9cision<\/td>\n<td valign=\"top\" width=\"345\">\u00b10,05 mm<\/td>\n<\/tr>\n<tr>\n<td valign=\"top\" width=\"252\">Tension de fonctionnement<\/td>\n<td valign=\"top\" width=\"345\">AC110-220V \u00b110%,50-60HZ<\/td>\n<\/tr>\n<tr>\n<td valign=\"top\" width=\"252\">Puissance<\/td>\n<td valign=\"top\" width=\"345\">Max 1200W<\/td>\n<\/tr>\n<tr>\n<td valign=\"top\" width=\"252\">Temp\u00e9rature de fonctionnement<\/td>\n<td valign=\"top\" width=\"345\">0-45 degr\u00e9s<\/td>\n<\/tr>\n<tr>\n<td valign=\"top\" width=\"252\">Humidit\u00e9 de fonctionnement<\/td>\n<td valign=\"top\" width=\"345\">5-95%<\/td>\n<\/tr>\n<tr>\n<td valign=\"top\" width=\"252\">Caract\u00e8re minimal de la mise en forme<\/td>\n<td valign=\"top\" width=\"345\">Anglais 1*1mm<\/td>\n<\/tr>\n<tr>\n<td valign=\"top\" width=\"252\">Format graphique support\u00e9<\/td>\n<td valign=\"top\" width=\"345\">BMP, PLT, DST, DXF et AI<\/td>\n<\/tr>\n<tr>\n<td valign=\"top\" width=\"252\">Syst\u00e8me de conduite<\/td>\n<td valign=\"top\" width=\"345\">Pas \u00e0 pas<\/td>\n<\/tr>\n<tr>\n<td valign=\"top\" width=\"252\">Mode de refroidissement<\/td>\n<td valign=\"top\" width=\"345\">Syst\u00e8me de refroidissement et de protection par eau<\/td>\n<\/tr>\n<tr>\n<td valign=\"top\" width=\"252\">\u00c9quipements auxiliaires<\/td>\n<td valign=\"top\" width=\"345\">Ventilateur d'\u00e9chappement, tuyau d'\u00e9chappement d'air, compresseur d'air, pompe \u00e0 eau<\/td>\n<\/tr>\n<tr>\n<td valign=\"top\" width=\"252\">Logiciel<\/td>\n<td valign=\"top\" width=\"345\">D\u00e9coupe au laser 5.3<\/td>\n<\/tr>\n<tr>\n<td valign=\"top\" width=\"252\">Logiciels compatibles<\/td>\n<td valign=\"top\" width=\"345\">Coreldraw AutoCAD Photoshop<\/td>\n<\/tr>\n<tr>\n<td valign=\"top\" width=\"252\">Syst\u00e8me de contr\u00f4le<\/td>\n<td valign=\"top\" width=\"345\">CONTR\u00d4LE DU DSP<\/td>\n<\/tr>\n<tr>\n<td valign=\"top\" width=\"252\">Taille de l'ensemble de la machine<\/td>\n<td valign=\"top\" width=\"345\">1720*1210*1070mm<\/td>\n<\/tr>\n<tr>\n<td valign=\"top\" width=\"252\">Poids total avec l'emballage<\/td>\n<td valign=\"top\" width=\"345\">280 kg<\/td>\n<\/tr>\n<\/tbody>\n<\/table>\n<p>&nbsp;<\/p>","protected":false},"excerpt":{"rendered":"<p><strong>Caract\u00e9ristiques de la machine de d\u00e9coupe laser 1390 :<\/strong><\/p>\n<p>La conception unique de la d\u00e9c\u00e9l\u00e9ration permet au syst\u00e8me m\u00e9canique de se d\u00e9placer de mani\u00e8re stable et en douceur. Le bord de coupe est lisse et il n'y a pas de dents de scie. Le logiciel adopte une m\u00e9thode de courbe continue pour obtenir une vitesse de coupe plus rapide.<\/p>\n<p><strong>Mat\u00e9riaux applicables :<\/strong>\u00a0bois, bambou, jade, marbre, verre organique, cristal, plastique, v\u00eatements, papier, cuir, caoutchouc, c\u00e9ramique, verre et autres mat\u00e9riaux non m\u00e9talliques.<\/p>\n<p><strong>Industries concern\u00e9es :\u00a0<\/strong>publicit\u00e9, artisanat, cuir, jouets, v\u00eatements, maquette, construction, tapisserie d'ameublement, broderie informatis\u00e9e et clippage, emballage et industrie du papier<\/p>","protected":false},"featured_media":3440,"template":"","meta":{"_seopress_robots_primary_cat":"none","_seopress_titles_title":"","_seopress_titles_desc":"","_seopress_robots_index":"","_uag_custom_page_level_css":"","site-sidebar-layout":"default","site-content-layout":"default","ast-site-content-layout":"default","site-content-style":"default","site-sidebar-style":"default","ast-global-header-display":"","ast-banner-title-visibility":"","ast-main-header-display":"","ast-hfb-above-header-display":"","ast-hfb-below-header-display":"","ast-hfb-mobile-header-display":"","site-post-title":"","ast-breadcrumbs-content":"","ast-featured-img":"","footer-sml-layout":"","ast-disable-related-posts":"","theme-transparent-header-meta":"default","adv-header-id-meta":"","stick-header-meta":"default","header-above-stick-meta":"","header-main-stick-meta":"","header-below-stick-meta":"","astra-migrate-meta-layouts":"set","ast-page-background-enabled":"default","ast-page-background-meta":{"desktop":{"background-color":"","background-image":"","background-repeat":"repeat","background-position":"center center","background-size":"auto","background-attachment":"scroll","background-type":"","background-media":"","overlay-type":"","overlay-color":"","overlay-opacity":"","overlay-gradient":""},"tablet":{"background-color":"","background-image":"","background-repeat":"repeat","background-position":"center center","background-size":"auto","background-attachment":"scroll","background-type":"","background-media":"","overlay-type":"","overlay-color":"","overlay-opacity":"","overlay-gradient":""},"mobile":{"background-color":"","background-image":"","background-repeat":"repeat","background-position":"center center","background-size":"auto","background-attachment":"scroll","background-type":"","background-media":"","overlay-type":"","overlay-color":"","overlay-opacity":"","overlay-gradient":""}},"ast-content-background-meta":{"desktop":{"background-color":"var(--ast-global-color-5)","background-image":"","background-repeat":"repeat","background-position":"center center","background-size":"auto","background-attachment":"scroll","background-type":"","background-media":"","overlay-type":"","overlay-color":"","overlay-opacity":"","overlay-gradient":""},"tablet":{"background-color":"var(--ast-global-color-5)","background-image":"","background-repeat":"repeat","background-position":"center center","background-size":"auto","background-attachment":"scroll","background-type":"","background-media":"","overlay-type":"","overlay-color":"","overlay-opacity":"","overlay-gradient":""},"mobile":{"background-color":"var(--ast-global-color-5)","background-image":"","background-repeat":"repeat","background-position":"center center","background-size":"auto","background-attachment":"scroll","background-type":"","background-media":"","overlay-type":"","overlay-color":"","overlay-opacity":"","overlay-gradient":""}}},"product_brand":[],"product_cat":[32],"product_tag":[],"class_list":{"0":"post-1193","1":"product","2":"type-product","3":"status-publish","4":"has-post-thumbnail","6":"product_cat-lasercutting","7":"desktop-align-left","8":"tablet-align-left","9":"mobile-align-left","10":"ast-product-gallery-layout-horizontal-slider","11":"ast-product-gallery-with-no-image","12":"ast-product-tabs-layout-horizontal","14":"first","15":"instock","16":"shipping-taxable","17":"purchasable","18":"product-type-simple"},"uagb_featured_image_src":{"full":["https:\/\/wisecnclaser.com\/wp-content\/uploads\/2025\/05\/cb3fe470a96d64b2a825f89cac573d14.jpg",800,800,false],"thumbnail":["https:\/\/wisecnclaser.com\/wp-content\/uploads\/2025\/05\/cb3fe470a96d64b2a825f89cac573d14-150x150.jpg",150,150,true],"medium":["https:\/\/wisecnclaser.com\/wp-content\/uploads\/2025\/05\/cb3fe470a96d64b2a825f89cac573d14-300x300.jpg",300,300,true],"medium_large":["https:\/\/wisecnclaser.com\/wp-content\/uploads\/2025\/05\/cb3fe470a96d64b2a825f89cac573d14-768x768.jpg",768,768,true],"large":["https:\/\/wisecnclaser.com\/wp-content\/uploads\/2025\/05\/cb3fe470a96d64b2a825f89cac573d14.jpg",800,800,false],"1536x1536":["https:\/\/wisecnclaser.com\/wp-content\/uploads\/2025\/05\/cb3fe470a96d64b2a825f89cac573d14.jpg",800,800,false],"2048x2048":["https:\/\/wisecnclaser.com\/wp-content\/uploads\/2025\/05\/cb3fe470a96d64b2a825f89cac573d14.jpg",800,800,false],"trp-custom-language-flag":["https:\/\/wisecnclaser.com\/wp-content\/uploads\/2025\/05\/cb3fe470a96d64b2a825f89cac573d14-12x12.jpg",12,12,true],"woocommerce_thumbnail":["https:\/\/wisecnclaser.com\/wp-content\/uploads\/2025\/05\/cb3fe470a96d64b2a825f89cac573d14-300x300.jpg",300,300,true],"woocommerce_single":["https:\/\/wisecnclaser.com\/wp-content\/uploads\/2025\/05\/cb3fe470a96d64b2a825f89cac573d14-600x600.jpg",600,600,true],"woocommerce_gallery_thumbnail":["https:\/\/wisecnclaser.com\/wp-content\/uploads\/2025\/05\/cb3fe470a96d64b2a825f89cac573d14-100x100.jpg",100,100,true]},"uagb_author_info":{"display_name":"jinxing6611@gmail.com","author_link":"https:\/\/wisecnclaser.com\/fr\/author\/"},"uagb_comment_info":0,"uagb_excerpt":"Features of 1390 laser cutting machine: The unique decelerate design make the mechanical system move stably and smoothly. The edge of cutting is smooth and there is no sawtooth. The software adopts. continuous curve method to get faster cutting speed. Applicable materials:\u00a0wood, bamboo, jade, marble, organic glass, crystal, plastic, garments, paper, leather, rubber, ceramic, glass\u2026","_links":{"self":[{"href":"https:\/\/wisecnclaser.com\/fr\/wp-json\/wp\/v2\/product\/1193","targetHints":{"allow":["GET"]}}],"collection":[{"href":"https:\/\/wisecnclaser.com\/fr\/wp-json\/wp\/v2\/product"}],"about":[{"href":"https:\/\/wisecnclaser.com\/fr\/wp-json\/wp\/v2\/types\/product"}],"wp:featuredmedia":[{"embeddable":true,"href":"https:\/\/wisecnclaser.com\/fr\/wp-json\/wp\/v2\/media\/3440"}],"wp:attachment":[{"href":"https:\/\/wisecnclaser.com\/fr\/wp-json\/wp\/v2\/media?parent=1193"}],"wp:term":[{"taxonomy":"product_brand","embeddable":true,"href":"https:\/\/wisecnclaser.com\/fr\/wp-json\/wp\/v2\/product_brand?post=1193"},{"taxonomy":"product_cat","embeddable":true,"href":"https:\/\/wisecnclaser.com\/fr\/wp-json\/wp\/v2\/product_cat?post=1193"},{"taxonomy":"product_tag","embeddable":true,"href":"https:\/\/wisecnclaser.com\/fr\/wp-json\/wp\/v2\/product_tag?post=1193"}],"curies":[{"name":"wp","href":"https:\/\/api.w.org\/{rel}","templated":true}]}}