{"id":1195,"date":"2025-05-20T07:32:07","date_gmt":"2025-05-20T07:32:07","guid":{"rendered":"https:\/\/wisecnclaser.com\/product\/dnk-purple-tshirt\/"},"modified":"2025-05-22T12:41:34","modified_gmt":"2025-05-22T12:41:34","slug":"dnk-purple-tshirt","status":"publish","type":"product","link":"https:\/\/wisecnclaser.com\/fr\/produit\/dnk-purple-tshirt\/","title":{"rendered":"WS1325 Machine de d\u00e9coupe laser CO2"},"content":{"rendered":"<p><strong>Caract\u00e9ristiques :<\/strong><\/p>\n<p>La zone de travail de 1300\u00d72500mm peut r\u00e9pondre aux demandes de gravure et de d\u00e9coupe \u00e0 grande \u00e9chelle sur les v\u00eatements et les tissus, le cuir, le bois, l'acrylique et l'industrie du papier.<\/p>\n<p><strong>Mat\u00e9riaux applicables :\u00a0<\/strong>bois, bambou, jade, marbre, verre organique, cristal, plastique, v\u00eatements, papier, cuir, caoutchouc, c\u00e9ramique, verre et autres mat\u00e9riaux non m\u00e9talliques.<\/p>\n<p><strong>Industries concern\u00e9es :\u00a0<\/strong>publicit\u00e9, artisanat, cuir, jouets, v\u00eatements, maquette, construction, tapisserie d'ameublement, broderie informatis\u00e9e et clippage, emballage et industrie du papier<\/p>\n<p><strong>Technique\u00a0<\/strong><strong>Sp\u00e9cifications<\/strong><strong>:<\/strong><\/p>\n<table>\n<tbody>\n<tr class=\"firstRow\">\n<td valign=\"top\" width=\"284\">Type de laser<\/td>\n<td valign=\"top\" width=\"284\">Scell\u00e9 CO<sub>2<\/sub>\u00a0tube laser<\/td>\n<\/tr>\n<tr>\n<td valign=\"top\" width=\"284\">Type de mod\u00e8le<\/td>\n<td valign=\"top\" width=\"284\">WS1325<\/td>\n<\/tr>\n<tr>\n<td valign=\"top\" width=\"284\">Puissance du laser<\/td>\n<td valign=\"top\" width=\"284\">80W 100W 130W 150W<\/td>\n<\/tr>\n<tr>\n<td valign=\"top\" width=\"284\">Zone de coupe<\/td>\n<td valign=\"top\" width=\"284\">1300*2500mm 1500*3000mm en option<\/td>\n<\/tr>\n<tr>\n<td valign=\"top\" width=\"284\">Vitesse de gravure<\/td>\n<td valign=\"top\" width=\"284\">0-24 000 mm\/min<\/td>\n<\/tr>\n<tr>\n<td valign=\"top\" width=\"284\">R\u00e9initialisation de la pr\u00e9cision<\/td>\n<td valign=\"top\" width=\"284\">\u00b10,1 mm<\/td>\n<\/tr>\n<tr>\n<td valign=\"top\" width=\"284\">Tension de fonctionnement<\/td>\n<td valign=\"top\" width=\"284\">AC110-220V \u00b110%,50-60HZ<\/td>\n<\/tr>\n<tr>\n<td valign=\"top\" width=\"284\">Puissance<\/td>\n<td valign=\"top\" width=\"284\">Max 1500W<\/td>\n<\/tr>\n<tr>\n<td valign=\"top\" width=\"284\">Temp\u00e9rature de fonctionnement<\/td>\n<td valign=\"top\" width=\"284\">0-45 degr\u00e9s<\/td>\n<\/tr>\n<tr>\n<td valign=\"top\" width=\"284\">Humidit\u00e9 de fonctionnement<\/td>\n<td valign=\"top\" width=\"284\">5-95%<\/td>\n<\/tr>\n<tr>\n<td valign=\"top\" width=\"284\">Caract\u00e8re minimal de la mise en forme<\/td>\n<td valign=\"top\" width=\"284\">Anglais 1*1mm<\/td>\n<\/tr>\n<tr>\n<td valign=\"top\" width=\"284\">Format graphique support\u00e9<\/td>\n<td valign=\"top\" width=\"284\">BMP, PLT, DST, DXF et AI<\/td>\n<\/tr>\n<tr>\n<td valign=\"top\" width=\"284\">Syst\u00e8me de conduite<\/td>\n<td valign=\"top\" width=\"284\">Pas \u00e0 pas<\/td>\n<\/tr>\n<tr>\n<td valign=\"top\" width=\"284\">Mode de refroidissement<\/td>\n<td valign=\"top\" width=\"284\">Syst\u00e8me de refroidissement et de protection par eau<\/td>\n<\/tr>\n<tr>\n<td valign=\"top\" width=\"284\">\u00c9quipements auxiliaires<\/td>\n<td valign=\"top\" width=\"284\">Ventilateur d'\u00e9chappement, tuyau d'\u00e9chappement d'air, compresseur d'air, pompe \u00e0 eau<\/td>\n<\/tr>\n<tr>\n<td valign=\"top\" width=\"284\">Logiciel<\/td>\n<td valign=\"top\" width=\"284\">D\u00e9coupe au laser 5.3<\/td>\n<\/tr>\n<tr>\n<td valign=\"top\" width=\"284\">Logiciels compatibles<\/td>\n<td valign=\"top\" width=\"284\">Coreldraw AutoCAD Photoshop<\/td>\n<\/tr>\n<tr>\n<td valign=\"top\" width=\"284\">Syst\u00e8me de contr\u00f4le<\/td>\n<td valign=\"top\" width=\"284\">CONTR\u00d4LE DU DSP<\/td>\n<\/tr>\n<tr>\n<td valign=\"top\" width=\"284\">Taille de l'ensemble de la machine<\/td>\n<td valign=\"top\" width=\"284\">3 000\u00d71 600 x 990 mm<\/td>\n<\/tr>\n<tr>\n<td valign=\"top\" width=\"284\">Poids total avec l'emballage<\/td>\n<td valign=\"top\" width=\"284\">600 kg<\/td>\n<\/tr>\n<\/tbody>\n<\/table>\n<p>&nbsp;<\/p>","protected":false},"excerpt":{"rendered":"<p><strong>Caract\u00e9ristiques :<\/strong><\/p>\n<p>La zone de travail de 1300\u00d72500mm peut r\u00e9pondre aux demandes de gravure et de d\u00e9coupe \u00e0 grande \u00e9chelle sur les v\u00eatements et les tissus, le cuir, le bois, l'acrylique et l'industrie du papier.<\/p>\n<p><strong>Mat\u00e9riaux applicables :\u00a0<\/strong>bois, bambou, jade, marbre, verre organique, cristal, plastique, v\u00eatements, papier, cuir, caoutchouc, c\u00e9ramique, verre et autres mat\u00e9riaux non m\u00e9talliques.<\/p>\n<p><strong>Industries concern\u00e9es :\u00a0<\/strong>publicit\u00e9, artisanat, cuir, jouets, v\u00eatements, maquette, construction, tapisserie d'ameublement, broderie informatis\u00e9e et clippage, emballage et industrie du papier<\/p>","protected":false},"featured_media":3436,"template":"","meta":{"_seopress_robots_primary_cat":"none","_seopress_titles_title":"","_seopress_titles_desc":"","_seopress_robots_index":"","_uag_custom_page_level_css":"","site-sidebar-layout":"default","site-content-layout":"default","ast-site-content-layout":"default","site-content-style":"default","site-sidebar-style":"default","ast-global-header-display":"","ast-banner-title-visibility":"","ast-main-header-display":"","ast-hfb-above-header-display":"","ast-hfb-below-header-display":"","ast-hfb-mobile-header-display":"","site-post-title":"","ast-breadcrumbs-content":"","ast-featured-img":"","footer-sml-layout":"","ast-disable-related-posts":"","theme-transparent-header-meta":"default","adv-header-id-meta":"","stick-header-meta":"default","header-above-stick-meta":"","header-main-stick-meta":"","header-below-stick-meta":"","astra-migrate-meta-layouts":"set","ast-page-background-enabled":"default","ast-page-background-meta":{"desktop":{"background-color":"","background-image":"","background-repeat":"repeat","background-position":"center center","background-size":"auto","background-attachment":"scroll","background-type":"","background-media":"","overlay-type":"","overlay-color":"","overlay-opacity":"","overlay-gradient":""},"tablet":{"background-color":"","background-image":"","background-repeat":"repeat","background-position":"center center","background-size":"auto","background-attachment":"scroll","background-type":"","background-media":"","overlay-type":"","overlay-color":"","overlay-opacity":"","overlay-gradient":""},"mobile":{"background-color":"","background-image":"","background-repeat":"repeat","background-position":"center center","background-size":"auto","background-attachment":"scroll","background-type":"","background-media":"","overlay-type":"","overlay-color":"","overlay-opacity":"","overlay-gradient":""}},"ast-content-background-meta":{"desktop":{"background-color":"var(--ast-global-color-5)","background-image":"","background-repeat":"repeat","background-position":"center center","background-size":"auto","background-attachment":"scroll","background-type":"","background-media":"","overlay-type":"","overlay-color":"","overlay-opacity":"","overlay-gradient":""},"tablet":{"background-color":"var(--ast-global-color-5)","background-image":"","background-repeat":"repeat","background-position":"center center","background-size":"auto","background-attachment":"scroll","background-type":"","background-media":"","overlay-type":"","overlay-color":"","overlay-opacity":"","overlay-gradient":""},"mobile":{"background-color":"var(--ast-global-color-5)","background-image":"","background-repeat":"repeat","background-position":"center center","background-size":"auto","background-attachment":"scroll","background-type":"","background-media":"","overlay-type":"","overlay-color":"","overlay-opacity":"","overlay-gradient":""}}},"product_brand":[],"product_cat":[32],"product_tag":[],"class_list":{"0":"post-1195","1":"product","2":"type-product","3":"status-publish","4":"has-post-thumbnail","6":"product_cat-lasercutting","7":"desktop-align-left","8":"tablet-align-left","9":"mobile-align-left","10":"ast-product-gallery-layout-horizontal-slider","11":"ast-product-gallery-with-no-image","12":"ast-product-tabs-layout-horizontal","14":"first","15":"instock","16":"shipping-taxable","17":"purchasable","18":"product-type-simple"},"uagb_featured_image_src":{"full":["https:\/\/wisecnclaser.com\/wp-content\/uploads\/2025\/05\/2f018a8729135d343b892bd3eb6a05ba.jpg",800,800,false],"thumbnail":["https:\/\/wisecnclaser.com\/wp-content\/uploads\/2025\/05\/2f018a8729135d343b892bd3eb6a05ba-150x150.jpg",150,150,true],"medium":["https:\/\/wisecnclaser.com\/wp-content\/uploads\/2025\/05\/2f018a8729135d343b892bd3eb6a05ba-300x300.jpg",300,300,true],"medium_large":["https:\/\/wisecnclaser.com\/wp-content\/uploads\/2025\/05\/2f018a8729135d343b892bd3eb6a05ba-768x768.jpg",768,768,true],"large":["https:\/\/wisecnclaser.com\/wp-content\/uploads\/2025\/05\/2f018a8729135d343b892bd3eb6a05ba.jpg",800,800,false],"1536x1536":["https:\/\/wisecnclaser.com\/wp-content\/uploads\/2025\/05\/2f018a8729135d343b892bd3eb6a05ba.jpg",800,800,false],"2048x2048":["https:\/\/wisecnclaser.com\/wp-content\/uploads\/2025\/05\/2f018a8729135d343b892bd3eb6a05ba.jpg",800,800,false],"trp-custom-language-flag":["https:\/\/wisecnclaser.com\/wp-content\/uploads\/2025\/05\/2f018a8729135d343b892bd3eb6a05ba-12x12.jpg",12,12,true],"woocommerce_thumbnail":["https:\/\/wisecnclaser.com\/wp-content\/uploads\/2025\/05\/2f018a8729135d343b892bd3eb6a05ba-300x300.jpg",300,300,true],"woocommerce_single":["https:\/\/wisecnclaser.com\/wp-content\/uploads\/2025\/05\/2f018a8729135d343b892bd3eb6a05ba-600x600.jpg",600,600,true],"woocommerce_gallery_thumbnail":["https:\/\/wisecnclaser.com\/wp-content\/uploads\/2025\/05\/2f018a8729135d343b892bd3eb6a05ba-100x100.jpg",100,100,true]},"uagb_author_info":{"display_name":"jinxing6611@gmail.com","author_link":"https:\/\/wisecnclaser.com\/fr\/author\/"},"uagb_comment_info":0,"uagb_excerpt":"Features: The working area of 1300\u00d72500mm can meet the demands of engraving and cutting on large scale garments and cloth, leather, wood, arylic and paper industry. Applicable materials:\u00a0wood, bamboo, jade, marble, organic glass, crystal, plastic, garments, paper, leather, rubber, ceramic, glass and other nonmetal materials. Applicable industries:\u00a0advertisement, arts and crafts, leather, toys, garments, model ,\u2026","_links":{"self":[{"href":"https:\/\/wisecnclaser.com\/fr\/wp-json\/wp\/v2\/product\/1195","targetHints":{"allow":["GET"]}}],"collection":[{"href":"https:\/\/wisecnclaser.com\/fr\/wp-json\/wp\/v2\/product"}],"about":[{"href":"https:\/\/wisecnclaser.com\/fr\/wp-json\/wp\/v2\/types\/product"}],"wp:featuredmedia":[{"embeddable":true,"href":"https:\/\/wisecnclaser.com\/fr\/wp-json\/wp\/v2\/media\/3436"}],"wp:attachment":[{"href":"https:\/\/wisecnclaser.com\/fr\/wp-json\/wp\/v2\/media?parent=1195"}],"wp:term":[{"taxonomy":"product_brand","embeddable":true,"href":"https:\/\/wisecnclaser.com\/fr\/wp-json\/wp\/v2\/product_brand?post=1195"},{"taxonomy":"product_cat","embeddable":true,"href":"https:\/\/wisecnclaser.com\/fr\/wp-json\/wp\/v2\/product_cat?post=1195"},{"taxonomy":"product_tag","embeddable":true,"href":"https:\/\/wisecnclaser.com\/fr\/wp-json\/wp\/v2\/product_tag?post=1195"}],"curies":[{"name":"wp","href":"https:\/\/api.w.org\/{rel}","templated":true}]}}