{"id":1197,"date":"2025-05-20T07:32:07","date_gmt":"2025-05-20T07:32:07","guid":{"rendered":"https:\/\/wisecnclaser.com\/product\/buddha-bracelet-2\/"},"modified":"2025-05-22T12:37:41","modified_gmt":"2025-05-22T12:37:41","slug":"buddha-bracelet-2","status":"publish","type":"product","link":"https:\/\/wisecnclaser.com\/fr\/produit\/buddha-bracelet-2\/","title":{"rendered":"Centre de traitement des comptoirs de gravure sur pierre"},"content":{"rendered":"<p><strong>Application machine \u00e0 graver les pierres de comptoir :<\/strong><\/p>\n<p>D\u00e9coration int\u00e9rieure et ext\u00e9rieure, bassin de sc\u00e8ne, salle de bain, table de cuisine et bassin de lavage, d\u00e9coration en pierre de haute qualit\u00e9.<\/p>\n<p><strong>Fonctions :\u00a0<\/strong>coupe, meulage des ar\u00eates, creusement d'un trou, gravure.<\/p>\n<p><strong>Caract\u00e9ristiques<\/strong><strong>:<\/strong><\/p>\n<p>La t\u00eate gauche est \u00e9quip\u00e9e d'outils de meulage et d'une broche, la broche est utilis\u00e9e pour creuser un trou sur le bassin en pierre, l'outil de meulage est utilis\u00e9 pour polir le bord de la pierre, il est n\u00e9cessaire de changer les outils de meulage manuellement.<\/p>\n<p>La t\u00eate droite est une broche ind\u00e9pendante, utilis\u00e9e pour graver sur la pierre, le marbre, le granit.<\/p>\n<p>&nbsp;<\/p>\n<table width=\"662\">\n<tbody>\n<tr class=\"firstRow\">\n<td colspan=\"2\" valign=\"center\" width=\"662\"><strong>Param\u00e8tres techniques de WS3015<\/strong><strong>S<\/strong><strong>\u00a0Centre de traitement des comptoirs de gravure sur pierre<\/strong><\/td>\n<\/tr>\n<tr>\n<td valign=\"top\" width=\"207\">Mod\u00e8le<\/td>\n<td valign=\"top\" width=\"455\">WS3015S Centre de traitement de comptoir pour la gravure sur pierre<\/td>\n<\/tr>\n<tr>\n<td valign=\"top\" width=\"207\">X Zone de travail<\/td>\n<td valign=\"top\" width=\"455\">3000mm<\/td>\n<\/tr>\n<tr>\n<td valign=\"top\" width=\"207\">Y zone de travail<\/td>\n<td valign=\"top\" width=\"455\">1500mm<\/td>\n<\/tr>\n<tr>\n<td valign=\"top\" width=\"207\">Zone de travail Z<\/td>\n<td valign=\"top\" width=\"455\">400mm<\/td>\n<\/tr>\n<tr>\n<td valign=\"top\" width=\"207\">Rail directeur<\/td>\n<td valign=\"top\" width=\"455\">Marque ta\u00efwanaise 30 square rail<\/td>\n<\/tr>\n<tr>\n<td valign=\"top\" width=\"207\">Commande de gravure<\/td>\n<td valign=\"top\" width=\"455\">Code G<\/td>\n<\/tr>\n<tr>\n<td valign=\"top\" width=\"207\">Pr\u00e9cision du positionnement r\u00e9p\u00e9t\u00e9<\/td>\n<td valign=\"top\" width=\"455\">\u00b10,05 mm<\/td>\n<\/tr>\n<tr>\n<td valign=\"top\" width=\"207\">Table de travail<\/td>\n<td valign=\"top\" width=\"455\">Table \u00e0 encoches en T<\/td>\n<\/tr>\n<tr>\n<td valign=\"top\" width=\"207\">Moteur d'entra\u00eenement<\/td>\n<td valign=\"top\" width=\"455\">Servocommande chinoise<\/td>\n<\/tr>\n<tr>\n<td valign=\"top\" width=\"207\">Syst\u00e8me de contr\u00f4le<\/td>\n<td valign=\"top\" width=\"455\">Ncstudio<\/td>\n<\/tr>\n<tr>\n<td valign=\"top\" width=\"207\">Trou de fouille Puissance de la broche<\/td>\n<td valign=\"top\" width=\"455\">5,5 kW<\/td>\n<\/tr>\n<tr>\n<td valign=\"top\" width=\"207\">Puissance de la broche de gravure<\/td>\n<td valign=\"top\" width=\"455\">Broche \u00e0 refroidissement par eau de 5,5 kW ER32<\/td>\n<\/tr>\n<tr>\n<td valign=\"top\" width=\"207\">Puissance de l'outil de meulage<\/td>\n<td valign=\"top\" width=\"455\">5,5 kW<\/td>\n<\/tr>\n<tr>\n<td valign=\"top\" width=\"207\">Pompe \u00e0 vide<\/td>\n<td valign=\"top\" width=\"455\">Pompe \u00e0 vide \u00e0 eau de 5,5 kW<\/td>\n<\/tr>\n<tr>\n<td valign=\"top\" width=\"207\">Tension de fonctionnement<\/td>\n<td valign=\"top\" width=\"455\">380V\/50HZ<\/td>\n<\/tr>\n<tr>\n<td valign=\"top\" width=\"207\">Taille de la machine<\/td>\n<td valign=\"top\" width=\"455\">5800*2200*2000mm<\/td>\n<\/tr>\n<tr>\n<td valign=\"top\" width=\"207\">Poids de la machine<\/td>\n<td valign=\"top\" width=\"455\">3500 kg<\/td>\n<\/tr>\n<\/tbody>\n<\/table>\n<p>&nbsp;<\/p>","protected":false},"excerpt":{"rendered":"<p><strong>Application machine \u00e0 graver les pierres de comptoir :<\/strong><\/p>\n<p>D\u00e9coration int\u00e9rieure et ext\u00e9rieure, bassin de sc\u00e8ne, salle de bain, table de cuisine et bassin de lavage, d\u00e9coration en pierre de haute qualit\u00e9.<\/p>\n<p><strong>Fonctions :\u00a0<\/strong>coupe, meulage des ar\u00eates, creusement d'un trou, gravure.<\/p>\n<p><strong>Caract\u00e9ristiques<\/strong><strong>:<\/strong><\/p>\n<p>La t\u00eate gauche est \u00e9quip\u00e9e d'outils de meulage et d'une broche, la broche est utilis\u00e9e pour creuser un trou sur le bassin en pierre, l'outil de meulage est utilis\u00e9 pour polir le bord de la pierre, il est n\u00e9cessaire de changer les outils de meulage manuellement.<\/p>\n<p>La t\u00eate droite est une broche ind\u00e9pendante, utilis\u00e9e pour graver sur la pierre, le marbre, le granit.<\/p>","protected":false},"featured_media":3432,"template":"","meta":{"_seopress_robots_primary_cat":"none","_seopress_titles_title":"","_seopress_titles_desc":"","_seopress_robots_index":"","_uag_custom_page_level_css":"","site-sidebar-layout":"default","site-content-layout":"default","ast-site-content-layout":"default","site-content-style":"default","site-sidebar-style":"default","ast-global-header-display":"","ast-banner-title-visibility":"","ast-main-header-display":"","ast-hfb-above-header-display":"","ast-hfb-below-header-display":"","ast-hfb-mobile-header-display":"","site-post-title":"","ast-breadcrumbs-content":"","ast-featured-img":"","footer-sml-layout":"","ast-disable-related-posts":"","theme-transparent-header-meta":"default","adv-header-id-meta":"","stick-header-meta":"default","header-above-stick-meta":"","header-main-stick-meta":"","header-below-stick-meta":"","astra-migrate-meta-layouts":"set","ast-page-background-enabled":"default","ast-page-background-meta":{"desktop":{"background-color":"","background-image":"","background-repeat":"repeat","background-position":"center center","background-size":"auto","background-attachment":"scroll","background-type":"","background-media":"","overlay-type":"","overlay-color":"","overlay-opacity":"","overlay-gradient":""},"tablet":{"background-color":"","background-image":"","background-repeat":"repeat","background-position":"center center","background-size":"auto","background-attachment":"scroll","background-type":"","background-media":"","overlay-type":"","overlay-color":"","overlay-opacity":"","overlay-gradient":""},"mobile":{"background-color":"","background-image":"","background-repeat":"repeat","background-position":"center center","background-size":"auto","background-attachment":"scroll","background-type":"","background-media":"","overlay-type":"","overlay-color":"","overlay-opacity":"","overlay-gradient":""}},"ast-content-background-meta":{"desktop":{"background-color":"var(--ast-global-color-5)","background-image":"","background-repeat":"repeat","background-position":"center center","background-size":"auto","background-attachment":"scroll","background-type":"","background-media":"","overlay-type":"","overlay-color":"","overlay-opacity":"","overlay-gradient":""},"tablet":{"background-color":"var(--ast-global-color-5)","background-image":"","background-repeat":"repeat","background-position":"center center","background-size":"auto","background-attachment":"scroll","background-type":"","background-media":"","overlay-type":"","overlay-color":"","overlay-opacity":"","overlay-gradient":""},"mobile":{"background-color":"var(--ast-global-color-5)","background-image":"","background-repeat":"repeat","background-position":"center center","background-size":"auto","background-attachment":"scroll","background-type":"","background-media":"","overlay-type":"","overlay-color":"","overlay-opacity":"","overlay-gradient":""}}},"product_brand":[],"product_cat":[33],"product_tag":[],"class_list":{"0":"post-1197","1":"product","2":"type-product","3":"status-publish","4":"has-post-thumbnail","6":"product_cat-stone","7":"desktop-align-left","8":"tablet-align-left","9":"mobile-align-left","10":"ast-product-gallery-layout-horizontal-slider","11":"ast-product-gallery-with-no-image","12":"ast-product-tabs-layout-horizontal","14":"first","15":"instock","16":"sale","17":"shipping-taxable","18":"purchasable","19":"product-type-simple"},"uagb_featured_image_src":{"full":["https:\/\/wisecnclaser.com\/wp-content\/uploads\/2025\/05\/10812369e61f029130724a6a0d9c0f69.jpg",800,800,false],"thumbnail":["https:\/\/wisecnclaser.com\/wp-content\/uploads\/2025\/05\/10812369e61f029130724a6a0d9c0f69-150x150.jpg",150,150,true],"medium":["https:\/\/wisecnclaser.com\/wp-content\/uploads\/2025\/05\/10812369e61f029130724a6a0d9c0f69-300x300.jpg",300,300,true],"medium_large":["https:\/\/wisecnclaser.com\/wp-content\/uploads\/2025\/05\/10812369e61f029130724a6a0d9c0f69-768x768.jpg",768,768,true],"large":["https:\/\/wisecnclaser.com\/wp-content\/uploads\/2025\/05\/10812369e61f029130724a6a0d9c0f69.jpg",800,800,false],"1536x1536":["https:\/\/wisecnclaser.com\/wp-content\/uploads\/2025\/05\/10812369e61f029130724a6a0d9c0f69.jpg",800,800,false],"2048x2048":["https:\/\/wisecnclaser.com\/wp-content\/uploads\/2025\/05\/10812369e61f029130724a6a0d9c0f69.jpg",800,800,false],"trp-custom-language-flag":["https:\/\/wisecnclaser.com\/wp-content\/uploads\/2025\/05\/10812369e61f029130724a6a0d9c0f69-12x12.jpg",12,12,true],"woocommerce_thumbnail":["https:\/\/wisecnclaser.com\/wp-content\/uploads\/2025\/05\/10812369e61f029130724a6a0d9c0f69-300x300.jpg",300,300,true],"woocommerce_single":["https:\/\/wisecnclaser.com\/wp-content\/uploads\/2025\/05\/10812369e61f029130724a6a0d9c0f69-600x600.jpg",600,600,true],"woocommerce_gallery_thumbnail":["https:\/\/wisecnclaser.com\/wp-content\/uploads\/2025\/05\/10812369e61f029130724a6a0d9c0f69-100x100.jpg",100,100,true]},"uagb_author_info":{"display_name":"jinxing6611@gmail.com","author_link":"https:\/\/wisecnclaser.com\/fr\/author\/"},"uagb_comment_info":0,"uagb_excerpt":"Application stone engraving countertop machine: Indoor and outdoor decoration, stage basin bathroom, kitchen table and washing basin, high-grade stone decoration. Functions:\u00a0cutting, edge grinding, dig a hole, engraving. Features: Left Head is With\u00a0Grinding tools and spindle, spindle used to dig hole on stone basin,\u00a0grinding tool used to polish stone edge, need change grinding tools manually Right\u2026","_links":{"self":[{"href":"https:\/\/wisecnclaser.com\/fr\/wp-json\/wp\/v2\/product\/1197","targetHints":{"allow":["GET"]}}],"collection":[{"href":"https:\/\/wisecnclaser.com\/fr\/wp-json\/wp\/v2\/product"}],"about":[{"href":"https:\/\/wisecnclaser.com\/fr\/wp-json\/wp\/v2\/types\/product"}],"wp:featuredmedia":[{"embeddable":true,"href":"https:\/\/wisecnclaser.com\/fr\/wp-json\/wp\/v2\/media\/3432"}],"wp:attachment":[{"href":"https:\/\/wisecnclaser.com\/fr\/wp-json\/wp\/v2\/media?parent=1197"}],"wp:term":[{"taxonomy":"product_brand","embeddable":true,"href":"https:\/\/wisecnclaser.com\/fr\/wp-json\/wp\/v2\/product_brand?post=1197"},{"taxonomy":"product_cat","embeddable":true,"href":"https:\/\/wisecnclaser.com\/fr\/wp-json\/wp\/v2\/product_cat?post=1197"},{"taxonomy":"product_tag","embeddable":true,"href":"https:\/\/wisecnclaser.com\/fr\/wp-json\/wp\/v2\/product_tag?post=1197"}],"curies":[{"name":"wp","href":"https:\/\/api.w.org\/{rel}","templated":true}]}}