{"id":1202,"date":"2025-05-20T07:32:07","date_gmt":"2025-05-20T07:32:07","guid":{"rendered":"https:\/\/wisecnclaser.com\/product\/green-tshirt\/"},"modified":"2025-05-22T12:34:45","modified_gmt":"2025-05-22T12:34:45","slug":"green-tshirt","status":"publish","type":"product","link":"https:\/\/wisecnclaser.com\/fr\/produit\/green-tshirt\/","title":{"rendered":"Toupie CNC \u00e0 pierre simple t\u00eate"},"content":{"rendered":"<p><strong><em>Avantages de notre fraiseuse \u00e0 pierre \u00e0 commande num\u00e9rique :<\/em><\/strong><\/p>\n<p>1. Ch\u00e2ssis robuste, le poids de la machine est d'environ 2200 kg.<\/p>\n<p>2. le cadre de la machine est trait\u00e9 par un centre de fraisage CNC de haute pr\u00e9cision, alors que d'autres fournisseurs utilisent une raboteuse \u00e0 double logement\uff0cil y a une diff\u00e9rence de pr\u00e9cision entre la raboteuse et le centre de fraisage<\/p>\n<p>3. Notre broche est une broche professionnelle de R&amp;D pour la gravure sur pierre et la sculpture, mieux prot\u00e9g\u00e9e contre la poussi\u00e8re et l'eau. Les broches normales n'ont pas de fonction d'\u00e9tanch\u00e9it\u00e9 \u00e0 la poussi\u00e8re et \u00e0 l'eau.<\/p>\n<p>4. Les autres pi\u00e8ces utilisent des mat\u00e9riaux qui conviennent le mieux \u00e0 la sculpture sur pierre, tels que la r\u00e9sistance aux chocs, l'imperm\u00e9abilit\u00e9 \u00e0 l'eau et \u00e0 la poussi\u00e8re.<\/p>\n<table>\n<tbody>\n<tr class=\"firstRow\">\n<td colspan=\"2\" valign=\"center\" width=\"645\"><strong>Description et sp\u00e9cifications de la d\u00e9fonceuse \u00e0 commande num\u00e9rique 1325 :<\/strong><\/td>\n<\/tr>\n<tr>\n<td valign=\"top\" width=\"267\">X Zone de travail<\/td>\n<td valign=\"top\" width=\"378\">1300mm (4FEET)<\/td>\n<\/tr>\n<tr>\n<td valign=\"top\" width=\"267\">Y Zone de travail<\/td>\n<td valign=\"top\" width=\"378\">2500mm (8FEET)<\/td>\n<\/tr>\n<tr>\n<td valign=\"top\" width=\"267\">Z hauteur d'alimentation<\/td>\n<td valign=\"top\" width=\"378\">450mm (la hauteur du portique Z \u00e0 la table de la machine est de 450mm, la taille de travail est de 400mm)<\/td>\n<\/tr>\n<tr>\n<td valign=\"top\" width=\"267\">Cadre de la machine<\/td>\n<td valign=\"top\" width=\"378\">Cadre en I tr\u00e8s r\u00e9sistant, pouvant supporter un poids de pierre de 5000 kg.<\/td>\n<\/tr>\n<tr>\n<td valign=\"top\" width=\"267\">Pr\u00e9cision du positionnement des d\u00e9placements<\/td>\n<td valign=\"top\" width=\"378\">\u00b10,05 mm<\/td>\n<\/tr>\n<tr>\n<td valign=\"top\" width=\"267\">Repositionnement Pr\u00e9cision du positionnement<\/td>\n<td valign=\"top\" width=\"378\">\u00b10,05 mm<\/td>\n<\/tr>\n<tr>\n<td valign=\"top\" width=\"267\">X,Y ,Z Structure<\/td>\n<td valign=\"top\" width=\"378\">Roue dent\u00e9e XY, vis \u00e0 billes Z. Tous les axes utilisent un guide carr\u00e9<\/td>\n<\/tr>\n<tr>\n<td valign=\"top\" width=\"267\">Table de travail<\/td>\n<td valign=\"top\" width=\"378\">Table \u00e0 rainures en T<\/td>\n<\/tr>\n<tr>\n<td valign=\"top\" width=\"267\">Max. Vitesse de d\u00e9placement rapide<\/td>\n<td valign=\"top\" width=\"378\">25000mm\/min<\/td>\n<\/tr>\n<tr>\n<td valign=\"top\" width=\"267\">Vitesse de travail max. Vitesse de travail<\/td>\n<td valign=\"top\" width=\"378\">15000mm\/min<\/td>\n<\/tr>\n<tr>\n<td valign=\"top\" width=\"267\">Broche<\/td>\n<td valign=\"top\" width=\"378\">Broche refroidie \u00e0 l'eau de 5,5 kW<\/td>\n<\/tr>\n<tr>\n<td valign=\"top\" width=\"267\">Vitesse de la broche<\/td>\n<td valign=\"top\" width=\"378\">0-24000 tr\/min<\/td>\n<\/tr>\n<tr>\n<td valign=\"top\" width=\"267\">Moteur d'entra\u00eenement<\/td>\n<td valign=\"top\" width=\"378\">Pilotage du pas \u00e0 pas<\/td>\n<\/tr>\n<tr>\n<td valign=\"top\" width=\"267\">Commandement<\/td>\n<td valign=\"top\" width=\"378\">G-code*.u00*.mmg*.plt<\/td>\n<\/tr>\n<tr>\n<td valign=\"top\" width=\"267\">Tension de fonctionnement<\/td>\n<td valign=\"top\" width=\"378\">3PH AC380V\/50Hz<\/td>\n<\/tr>\n<tr>\n<td valign=\"top\" width=\"267\">Syst\u00e8me de contr\u00f4le<\/td>\n<td valign=\"top\" width=\"378\">DSP<\/td>\n<\/tr>\n<tr>\n<td valign=\"top\" width=\"267\">Rail de guidage<\/td>\n<td valign=\"top\" width=\"378\">RAIL CARR\u00c9 DE TAILLE 25<\/td>\n<\/tr>\n<tr>\n<td valign=\"top\" width=\"267\">Armoire de commande<\/td>\n<td valign=\"top\" width=\"378\">Cabinet ind\u00e9pendant<\/td>\n<\/tr>\n<tr>\n<td valign=\"top\" width=\"267\">Syst\u00e8me de lubrification<\/td>\n<td valign=\"top\" width=\"378\">manuel<\/td>\n<\/tr>\n<tr>\n<td valign=\"top\" width=\"267\">Onduleur<\/td>\n<td valign=\"top\" width=\"378\">5,5 kW<\/td>\n<\/tr>\n<tr>\n<td valign=\"top\" width=\"267\">Poids de la machine<\/td>\n<td valign=\"top\" width=\"378\">2200 kg<\/td>\n<\/tr>\n<\/tbody>\n<\/table>\n<p>&nbsp;<\/p>","protected":false},"excerpt":{"rendered":"<p><strong><em>Avantages de notre fraiseuse \u00e0 pierre \u00e0 commande num\u00e9rique :<\/em><\/strong><\/p>\n<p>1. Ch\u00e2ssis robuste, le poids de la machine est d'environ 2200 kg.<\/p>\n<p>2. le cadre de la machine est trait\u00e9 par un centre de fraisage CNC de haute pr\u00e9cision, alors que d'autres fournisseurs utilisent une raboteuse \u00e0 double logement\uff0cil y a une diff\u00e9rence de pr\u00e9cision entre la raboteuse et le centre de fraisage<\/p>\n<p>3. Notre broche est une broche professionnelle de R&amp;D pour la gravure sur pierre et la sculpture, mieux prot\u00e9g\u00e9e contre la poussi\u00e8re et l'eau. Les broches normales n'ont pas de fonction d'\u00e9tanch\u00e9it\u00e9 \u00e0 la poussi\u00e8re et \u00e0 l'eau.<\/p>\n<p>4. Les autres pi\u00e8ces utilisent des mat\u00e9riaux qui conviennent le mieux \u00e0 la sculpture sur pierre, tels que la r\u00e9sistance aux chocs, l'imperm\u00e9abilit\u00e9 \u00e0 l'eau et \u00e0 la poussi\u00e8re.<\/p>","protected":false},"featured_media":3431,"template":"","meta":{"_seopress_robots_primary_cat":"none","_seopress_titles_title":"","_seopress_titles_desc":"","_seopress_robots_index":"","_uag_custom_page_level_css":"","site-sidebar-layout":"default","site-content-layout":"default","ast-site-content-layout":"default","site-content-style":"default","site-sidebar-style":"default","ast-global-header-display":"","ast-banner-title-visibility":"","ast-main-header-display":"","ast-hfb-above-header-display":"","ast-hfb-below-header-display":"","ast-hfb-mobile-header-display":"","site-post-title":"","ast-breadcrumbs-content":"","ast-featured-img":"","footer-sml-layout":"","ast-disable-related-posts":"","theme-transparent-header-meta":"default","adv-header-id-meta":"","stick-header-meta":"default","header-above-stick-meta":"","header-main-stick-meta":"","header-below-stick-meta":"","astra-migrate-meta-layouts":"set","ast-page-background-enabled":"default","ast-page-background-meta":{"desktop":{"background-color":"","background-image":"","background-repeat":"repeat","background-position":"center center","background-size":"auto","background-attachment":"scroll","background-type":"","background-media":"","overlay-type":"","overlay-color":"","overlay-opacity":"","overlay-gradient":""},"tablet":{"background-color":"","background-image":"","background-repeat":"repeat","background-position":"center center","background-size":"auto","background-attachment":"scroll","background-type":"","background-media":"","overlay-type":"","overlay-color":"","overlay-opacity":"","overlay-gradient":""},"mobile":{"background-color":"","background-image":"","background-repeat":"repeat","background-position":"center center","background-size":"auto","background-attachment":"scroll","background-type":"","background-media":"","overlay-type":"","overlay-color":"","overlay-opacity":"","overlay-gradient":""}},"ast-content-background-meta":{"desktop":{"background-color":"var(--ast-global-color-5)","background-image":"","background-repeat":"repeat","background-position":"center center","background-size":"auto","background-attachment":"scroll","background-type":"","background-media":"","overlay-type":"","overlay-color":"","overlay-opacity":"","overlay-gradient":""},"tablet":{"background-color":"var(--ast-global-color-5)","background-image":"","background-repeat":"repeat","background-position":"center center","background-size":"auto","background-attachment":"scroll","background-type":"","background-media":"","overlay-type":"","overlay-color":"","overlay-opacity":"","overlay-gradient":""},"mobile":{"background-color":"var(--ast-global-color-5)","background-image":"","background-repeat":"repeat","background-position":"center center","background-size":"auto","background-attachment":"scroll","background-type":"","background-media":"","overlay-type":"","overlay-color":"","overlay-opacity":"","overlay-gradient":""}}},"product_brand":[],"product_cat":[33],"product_tag":[],"class_list":{"0":"post-1202","1":"product","2":"type-product","3":"status-publish","4":"has-post-thumbnail","6":"product_cat-stone","7":"desktop-align-left","8":"tablet-align-left","9":"mobile-align-left","10":"ast-product-gallery-layout-horizontal-slider","11":"ast-product-gallery-with-no-image","12":"ast-product-single-variable","13":"ast-product-tabs-layout-horizontal","15":"first","16":"instock","17":"shipping-taxable","18":"product-type-variable"},"uagb_featured_image_src":{"full":["https:\/\/wisecnclaser.com\/wp-content\/uploads\/2025\/05\/c521f643187757bf9e710406e173fbc8.jpg",800,800,false],"thumbnail":["https:\/\/wisecnclaser.com\/wp-content\/uploads\/2025\/05\/c521f643187757bf9e710406e173fbc8-150x150.jpg",150,150,true],"medium":["https:\/\/wisecnclaser.com\/wp-content\/uploads\/2025\/05\/c521f643187757bf9e710406e173fbc8-300x300.jpg",300,300,true],"medium_large":["https:\/\/wisecnclaser.com\/wp-content\/uploads\/2025\/05\/c521f643187757bf9e710406e173fbc8-768x768.jpg",768,768,true],"large":["https:\/\/wisecnclaser.com\/wp-content\/uploads\/2025\/05\/c521f643187757bf9e710406e173fbc8.jpg",800,800,false],"1536x1536":["https:\/\/wisecnclaser.com\/wp-content\/uploads\/2025\/05\/c521f643187757bf9e710406e173fbc8.jpg",800,800,false],"2048x2048":["https:\/\/wisecnclaser.com\/wp-content\/uploads\/2025\/05\/c521f643187757bf9e710406e173fbc8.jpg",800,800,false],"trp-custom-language-flag":["https:\/\/wisecnclaser.com\/wp-content\/uploads\/2025\/05\/c521f643187757bf9e710406e173fbc8-12x12.jpg",12,12,true],"woocommerce_thumbnail":["https:\/\/wisecnclaser.com\/wp-content\/uploads\/2025\/05\/c521f643187757bf9e710406e173fbc8-300x300.jpg",300,300,true],"woocommerce_single":["https:\/\/wisecnclaser.com\/wp-content\/uploads\/2025\/05\/c521f643187757bf9e710406e173fbc8-600x600.jpg",600,600,true],"woocommerce_gallery_thumbnail":["https:\/\/wisecnclaser.com\/wp-content\/uploads\/2025\/05\/c521f643187757bf9e710406e173fbc8-100x100.jpg",100,100,true]},"uagb_author_info":{"display_name":"jinxing6611@gmail.com","author_link":"https:\/\/wisecnclaser.com\/fr\/author\/"},"uagb_comment_info":0,"uagb_excerpt":"Advantages of our stone cnc router: 1. Heavy duty frame, machine weight is about 2200kgs 2.machine frame is processed by high precision cnc milling center, some other supplier use double housing planer\uff0cthere is precision difference between planer and milling center 3. Our spindle is R&amp;D professional spindle for stone engraving and carving, better dust-proof and\u2026","_links":{"self":[{"href":"https:\/\/wisecnclaser.com\/fr\/wp-json\/wp\/v2\/product\/1202","targetHints":{"allow":["GET"]}}],"collection":[{"href":"https:\/\/wisecnclaser.com\/fr\/wp-json\/wp\/v2\/product"}],"about":[{"href":"https:\/\/wisecnclaser.com\/fr\/wp-json\/wp\/v2\/types\/product"}],"wp:featuredmedia":[{"embeddable":true,"href":"https:\/\/wisecnclaser.com\/fr\/wp-json\/wp\/v2\/media\/3431"}],"wp:attachment":[{"href":"https:\/\/wisecnclaser.com\/fr\/wp-json\/wp\/v2\/media?parent=1202"}],"wp:term":[{"taxonomy":"product_brand","embeddable":true,"href":"https:\/\/wisecnclaser.com\/fr\/wp-json\/wp\/v2\/product_brand?post=1202"},{"taxonomy":"product_cat","embeddable":true,"href":"https:\/\/wisecnclaser.com\/fr\/wp-json\/wp\/v2\/product_cat?post=1202"},{"taxonomy":"product_tag","embeddable":true,"href":"https:\/\/wisecnclaser.com\/fr\/wp-json\/wp\/v2\/product_tag?post=1202"}],"curies":[{"name":"wp","href":"https:\/\/api.w.org\/{rel}","templated":true}]}}