{"id":1205,"date":"2025-05-20T07:32:07","date_gmt":"2025-05-20T07:32:07","guid":{"rendered":"https:\/\/wisecnclaser.com\/product\/basic-blue-jeans-2\/"},"modified":"2025-05-23T02:48:51","modified_gmt":"2025-05-23T02:48:51","slug":"basic-blue-jeans-2","status":"publish","type":"product","link":"https:\/\/wisecnclaser.com\/fr\/produit\/basic-blue-jeans-2\/","title":{"rendered":"WS6090C Machine de d\u00e9coupe laser CCD"},"content":{"rendered":"<p><strong>Caract\u00e9ristiques de la machine de d\u00e9coupe laser ccd 6090 co2 :<\/strong><\/p>\n<p>Elle dispose d'une fonction de reconnaissance visuelle de haute pr\u00e9cision de 500 m\u00e9gapixels et convient parfaitement \u00e0 la d\u00e9coupe par reconnaissance automatique des \u00e9tiquettes de broderie grand format des pantoufles artisanales et des parties caract\u00e9ristiques des jouets en peluche. Elle dispose de diff\u00e9rents modes de reconnaissance, tels que la d\u00e9coupe avec la position du point caract\u00e9ristique, la d\u00e9coupe avec la s\u00e9lection du dessin et la d\u00e9coupe avec la position du point de marquage, ce qui peut garantir une d\u00e9coupe rapide et tr\u00e8s pr\u00e9cise de l'ensemble de l'\u00e9tiquette.<\/p>\n<p><strong>Mat\u00e9riaux applicables<\/strong>Bois, bambou, jade, marbre, verre organique, cristal, plastique, v\u00eatements, papier, cuir, caoutchouc, c\u00e9ramique, verre et autres mat\u00e9riaux non m\u00e9talliques.<\/p>\n<p><strong>Industries concern\u00e9es :\u00a0<\/strong>publicit\u00e9, artisanat, cuir, jouets, v\u00eatements, maquette, construction, tapisserie d'ameublement, broderie informatis\u00e9e et clippage, emballage et industrie du papier<\/p>\n<p><strong>Caract\u00e9ristiques techniques de la machine de d\u00e9coupe laser ccd 6090 :<\/strong><\/p>\n<table>\n<tbody>\n<tr class=\"firstRow\">\n<td valign=\"top\" width=\"284\">Type de laser<\/td>\n<td valign=\"top\" width=\"284\">Tube laser CO2 scell\u00e9<\/td>\n<\/tr>\n<tr>\n<td valign=\"top\" width=\"284\">Type de mod\u00e8le<\/td>\n<td valign=\"top\" width=\"284\">WS6090C<\/td>\n<\/tr>\n<tr>\n<td valign=\"top\" width=\"284\">Puissance du laser<\/td>\n<td valign=\"top\" width=\"284\">60W 80W 100W 130W 150W (en option)<\/td>\n<\/tr>\n<tr>\n<td valign=\"top\" width=\"284\">Zone de coupe<\/td>\n<td valign=\"top\" width=\"284\">60*90cm<\/td>\n<\/tr>\n<tr>\n<td valign=\"top\" width=\"284\">Vitesse de coupe<\/td>\n<td valign=\"top\" width=\"284\">0-24 000 mm\/min<\/td>\n<\/tr>\n<tr>\n<td valign=\"top\" width=\"284\">R\u00e9initialisation de la pr\u00e9cision<\/td>\n<td valign=\"top\" width=\"284\">\u00b10,05 mm<\/td>\n<\/tr>\n<tr>\n<td valign=\"top\" width=\"284\">Tension de fonctionnement<\/td>\n<td valign=\"top\" width=\"284\">AC110-220V \u00b110%,50-60HZ<\/td>\n<\/tr>\n<tr>\n<td valign=\"top\" width=\"284\">Puissance<\/td>\n<td valign=\"top\" width=\"284\">Max 1 000 W<\/td>\n<\/tr>\n<tr>\n<td valign=\"top\" width=\"284\">Temp\u00e9rature de fonctionnement<\/td>\n<td valign=\"top\" width=\"284\">0-45 degr\u00e9s<\/td>\n<\/tr>\n<tr>\n<td valign=\"top\" width=\"284\">Humidit\u00e9 de fonctionnement<\/td>\n<td valign=\"top\" width=\"284\">5-95%<\/td>\n<\/tr>\n<tr>\n<td valign=\"top\" width=\"284\">Caract\u00e8re minimal de la mise en forme<\/td>\n<td valign=\"top\" width=\"284\">Anglais 1*1mm<\/td>\n<\/tr>\n<tr>\n<td valign=\"top\" width=\"284\">Format graphique support\u00e9<\/td>\n<td valign=\"top\" width=\"284\">BMP, PLT, DST, DXF et AI<\/td>\n<\/tr>\n<tr>\n<td valign=\"top\" width=\"284\">Syst\u00e8me de conduite<\/td>\n<td valign=\"top\" width=\"284\">Pas \u00e0 pas<\/td>\n<\/tr>\n<tr>\n<td valign=\"top\" width=\"284\">Mode de refroidissement<\/td>\n<td valign=\"top\" width=\"284\">Syst\u00e8me de refroidissement et de protection par eau<\/td>\n<\/tr>\n<tr>\n<td valign=\"top\" width=\"284\">\u00c9quipements auxiliaires<\/td>\n<td valign=\"top\" width=\"284\">Ventilateur d'\u00e9chappement, tuyau d'\u00e9chappement d'air, compresseur d'air<\/td>\n<\/tr>\n<tr>\n<td valign=\"top\" width=\"284\">Logiciel de contr\u00f4le<\/td>\n<td valign=\"top\" width=\"284\">D\u00e9coupe au laser 5.3<\/td>\n<\/tr>\n<tr>\n<td valign=\"top\" width=\"284\">Logiciels compatibles<\/td>\n<td valign=\"top\" width=\"284\">Coreldraw AutoCAD Photoshop<\/td>\n<\/tr>\n<tr>\n<td valign=\"top\" width=\"284\">Syst\u00e8me de contr\u00f4le<\/td>\n<td valign=\"top\" width=\"284\">CONTR\u00d4LE DU DSP<\/td>\n<\/tr>\n<tr>\n<td valign=\"top\" width=\"284\">Taille de l'ensemble de la machine<\/td>\n<td valign=\"top\" width=\"284\">1360*1010*1070mm<\/td>\n<\/tr>\n<tr>\n<td valign=\"top\" width=\"284\">Poids total avec l'emballage<\/td>\n<td valign=\"top\" width=\"284\">200KGS<\/td>\n<\/tr>\n<\/tbody>\n<\/table>\n<p>&nbsp;<\/p>","protected":false},"excerpt":{"rendered":"<p><strong>Caract\u00e9ristiques de la machine de d\u00e9coupe laser ccd 6090 co2 :<\/strong><\/p>\n<p>Elle dispose d'une fonction de reconnaissance visuelle de haute pr\u00e9cision de 500 m\u00e9gapixels et convient parfaitement \u00e0 la d\u00e9coupe par reconnaissance automatique des \u00e9tiquettes de broderie grand format des pantoufles artisanales et des parties caract\u00e9ristiques des jouets en peluche. Elle dispose de diff\u00e9rents modes de reconnaissance, tels que la d\u00e9coupe avec la position du point caract\u00e9ristique, la d\u00e9coupe avec la s\u00e9lection du dessin et la d\u00e9coupe avec la position du point de marquage, ce qui peut garantir une d\u00e9coupe rapide et tr\u00e8s pr\u00e9cise de l'ensemble de l'\u00e9tiquette.<\/p>\n<p><strong>Mat\u00e9riaux applicables<\/strong>Bois, bambou, jade, marbre, verre organique, cristal, plastique, v\u00eatements, papier, cuir, caoutchouc, c\u00e9ramique, verre et autres mat\u00e9riaux non m\u00e9talliques.<\/p>\n<p><strong>Industries concern\u00e9es :\u00a0<\/strong>publicit\u00e9, artisanat, cuir, jouets, v\u00eatements, maquette, construction, tapisserie d'ameublement, broderie informatis\u00e9e et clippage, emballage et industrie du papier<\/p>","protected":false},"featured_media":3442,"template":"","meta":{"_seopress_robots_primary_cat":"none","_seopress_titles_title":"","_seopress_titles_desc":"","_seopress_robots_index":"","_uag_custom_page_level_css":"","site-sidebar-layout":"default","site-content-layout":"default","ast-site-content-layout":"default","site-content-style":"default","site-sidebar-style":"default","ast-global-header-display":"","ast-banner-title-visibility":"","ast-main-header-display":"","ast-hfb-above-header-display":"","ast-hfb-below-header-display":"","ast-hfb-mobile-header-display":"","site-post-title":"","ast-breadcrumbs-content":"","ast-featured-img":"","footer-sml-layout":"","ast-disable-related-posts":"","theme-transparent-header-meta":"default","adv-header-id-meta":"","stick-header-meta":"default","header-above-stick-meta":"","header-main-stick-meta":"","header-below-stick-meta":"","astra-migrate-meta-layouts":"set","ast-page-background-enabled":"default","ast-page-background-meta":{"desktop":{"background-color":"","background-image":"","background-repeat":"repeat","background-position":"center center","background-size":"auto","background-attachment":"scroll","background-type":"","background-media":"","overlay-type":"","overlay-color":"","overlay-opacity":"","overlay-gradient":""},"tablet":{"background-color":"","background-image":"","background-repeat":"repeat","background-position":"center center","background-size":"auto","background-attachment":"scroll","background-type":"","background-media":"","overlay-type":"","overlay-color":"","overlay-opacity":"","overlay-gradient":""},"mobile":{"background-color":"","background-image":"","background-repeat":"repeat","background-position":"center center","background-size":"auto","background-attachment":"scroll","background-type":"","background-media":"","overlay-type":"","overlay-color":"","overlay-opacity":"","overlay-gradient":""}},"ast-content-background-meta":{"desktop":{"background-color":"var(--ast-global-color-5)","background-image":"","background-repeat":"repeat","background-position":"center center","background-size":"auto","background-attachment":"scroll","background-type":"","background-media":"","overlay-type":"","overlay-color":"","overlay-opacity":"","overlay-gradient":""},"tablet":{"background-color":"var(--ast-global-color-5)","background-image":"","background-repeat":"repeat","background-position":"center center","background-size":"auto","background-attachment":"scroll","background-type":"","background-media":"","overlay-type":"","overlay-color":"","overlay-opacity":"","overlay-gradient":""},"mobile":{"background-color":"var(--ast-global-color-5)","background-image":"","background-repeat":"repeat","background-position":"center center","background-size":"auto","background-attachment":"scroll","background-type":"","background-media":"","overlay-type":"","overlay-color":"","overlay-opacity":"","overlay-gradient":""}}},"product_brand":[],"product_cat":[32],"product_tag":[],"class_list":{"0":"post-1205","1":"product","2":"type-product","3":"status-publish","4":"has-post-thumbnail","6":"product_cat-lasercutting","7":"desktop-align-left","8":"tablet-align-left","9":"mobile-align-left","10":"ast-product-gallery-layout-horizontal-slider","11":"ast-product-gallery-with-no-image","12":"ast-product-tabs-layout-horizontal","14":"first","15":"instock","16":"sale","17":"shipping-taxable","18":"purchasable","19":"product-type-simple"},"uagb_featured_image_src":{"full":["https:\/\/wisecnclaser.com\/wp-content\/uploads\/2025\/05\/3c86a60334b0994ff931a6d04f0d0009.jpg",800,800,false],"thumbnail":["https:\/\/wisecnclaser.com\/wp-content\/uploads\/2025\/05\/3c86a60334b0994ff931a6d04f0d0009-150x150.jpg",150,150,true],"medium":["https:\/\/wisecnclaser.com\/wp-content\/uploads\/2025\/05\/3c86a60334b0994ff931a6d04f0d0009-300x300.jpg",300,300,true],"medium_large":["https:\/\/wisecnclaser.com\/wp-content\/uploads\/2025\/05\/3c86a60334b0994ff931a6d04f0d0009-768x768.jpg",768,768,true],"large":["https:\/\/wisecnclaser.com\/wp-content\/uploads\/2025\/05\/3c86a60334b0994ff931a6d04f0d0009.jpg",800,800,false],"1536x1536":["https:\/\/wisecnclaser.com\/wp-content\/uploads\/2025\/05\/3c86a60334b0994ff931a6d04f0d0009.jpg",800,800,false],"2048x2048":["https:\/\/wisecnclaser.com\/wp-content\/uploads\/2025\/05\/3c86a60334b0994ff931a6d04f0d0009.jpg",800,800,false],"trp-custom-language-flag":["https:\/\/wisecnclaser.com\/wp-content\/uploads\/2025\/05\/3c86a60334b0994ff931a6d04f0d0009-12x12.jpg",12,12,true],"woocommerce_thumbnail":["https:\/\/wisecnclaser.com\/wp-content\/uploads\/2025\/05\/3c86a60334b0994ff931a6d04f0d0009-300x300.jpg",300,300,true],"woocommerce_single":["https:\/\/wisecnclaser.com\/wp-content\/uploads\/2025\/05\/3c86a60334b0994ff931a6d04f0d0009-600x600.jpg",600,600,true],"woocommerce_gallery_thumbnail":["https:\/\/wisecnclaser.com\/wp-content\/uploads\/2025\/05\/3c86a60334b0994ff931a6d04f0d0009-100x100.jpg",100,100,true]},"uagb_author_info":{"display_name":"jinxing6611@gmail.com","author_link":"https:\/\/wisecnclaser.com\/fr\/author\/"},"uagb_comment_info":0,"uagb_excerpt":"Features of ccd 6090 co2 laser cutting machine: It has 500 megapixel high precision visual recognition function and is very suitable for auto-recognition cutting for large format embroidery lable of craft slippers and featured parts of plush toys.It has various recognition modes,such as cutting with featured point position ,cutting with figure picking of design and\u2026","_links":{"self":[{"href":"https:\/\/wisecnclaser.com\/fr\/wp-json\/wp\/v2\/product\/1205","targetHints":{"allow":["GET"]}}],"collection":[{"href":"https:\/\/wisecnclaser.com\/fr\/wp-json\/wp\/v2\/product"}],"about":[{"href":"https:\/\/wisecnclaser.com\/fr\/wp-json\/wp\/v2\/types\/product"}],"wp:featuredmedia":[{"embeddable":true,"href":"https:\/\/wisecnclaser.com\/fr\/wp-json\/wp\/v2\/media\/3442"}],"wp:attachment":[{"href":"https:\/\/wisecnclaser.com\/fr\/wp-json\/wp\/v2\/media?parent=1205"}],"wp:term":[{"taxonomy":"product_brand","embeddable":true,"href":"https:\/\/wisecnclaser.com\/fr\/wp-json\/wp\/v2\/product_brand?post=1205"},{"taxonomy":"product_cat","embeddable":true,"href":"https:\/\/wisecnclaser.com\/fr\/wp-json\/wp\/v2\/product_cat?post=1205"},{"taxonomy":"product_tag","embeddable":true,"href":"https:\/\/wisecnclaser.com\/fr\/wp-json\/wp\/v2\/product_tag?post=1205"}],"curies":[{"name":"wp","href":"https:\/\/api.w.org\/{rel}","templated":true}]}}