{"id":1206,"date":"2025-05-20T07:32:07","date_gmt":"2025-05-20T07:32:07","guid":{"rendered":"https:\/\/wisecnclaser.com\/product\/blue-denim-shorts\/"},"modified":"2026-03-11T05:39:57","modified_gmt":"2026-03-11T05:39:57","slug":"blue-denim-shorts","status":"publish","type":"product","link":"https:\/\/wisecnclaser.com\/fr\/produit\/blue-denim-shorts\/","title":{"rendered":"WS1020 Machine CNC \u00e0 d\u00e9couper la laine de roche et la mousse de fil m\u00e9tallique"},"content":{"rendered":"<p>Mat\u00e9riaux de coupe :<\/p>\n<p>Mousse de forte \u00e9paisseur, telle que l'EVA de densit\u00e9 140 100 80, la mousse de polyur\u00e9thane PU, la laine min\u00e9rale, le Corafoam pour l'isolation des tuyaux, la fibre de verre, etc. Il peut \u00e9galement couper l'eps, mais son effet de coupe n'est pas aussi bon que celui du fil chaud.<\/p>\n<p>&nbsp;<\/p>\n<table>\n<tbody>\n<tr class=\"firstRow\">\n<td colspan=\"2\" valign=\"center\" width=\"662\"><strong>Description et sp\u00e9cifications de la machine de d\u00e9coupe de laine de roche \u00e0 commande num\u00e9rique :<\/strong><\/td>\n<\/tr>\n<tr>\n<td valign=\"top\" width=\"208\">Zone de coupe<\/td>\n<td valign=\"top\" width=\"454\">Longueur 2000mm*largeur 1000mm*hauteur 1000mm<\/td>\n<\/tr>\n<tr>\n<td valign=\"top\" width=\"208\">Surface de la table<\/td>\n<td valign=\"top\" width=\"454\">Table \u00e0 rainures en T<\/td>\n<\/tr>\n<tr>\n<td valign=\"top\" width=\"208\">Pr\u00e9cision du positionnement des d\u00e9placements<\/td>\n<td valign=\"top\" width=\"454\">\u00b10,4 mm<\/td>\n<\/tr>\n<tr>\n<td valign=\"top\" width=\"208\">Repositionnement Pr\u00e9cision du positionnement<\/td>\n<td valign=\"top\" width=\"454\">\u00b10,5 mm<\/td>\n<\/tr>\n<tr>\n<td valign=\"top\" width=\"208\">Dpi de travail<\/td>\n<td valign=\"top\" width=\"454\">\u00b10,5 mm<\/td>\n<\/tr>\n<tr>\n<td valign=\"top\" width=\"208\">Vitesse de coupe<\/td>\n<td valign=\"top\" width=\"454\">500-1500mm\/min<\/td>\n<\/tr>\n<tr>\n<td valign=\"top\" width=\"208\">Structure de la machine<\/td>\n<td valign=\"top\" width=\"454\">Acier soud\u00e9 \u00e9pais<\/td>\n<\/tr>\n<tr>\n<td valign=\"top\" width=\"208\">Commandement<\/td>\n<td valign=\"top\" width=\"454\">G-code*.u00*.mmg*.plt<\/td>\n<\/tr>\n<tr>\n<td valign=\"top\" width=\"208\">Tension de fonctionnement<\/td>\n<td valign=\"top\" width=\"454\">AC380V\/50HZ 3 phases<\/td>\n<\/tr>\n<tr>\n<td valign=\"top\" width=\"208\">Poids avec emballage<\/td>\n<td valign=\"top\" width=\"454\">850KGS<\/td>\n<\/tr>\n<tr>\n<td valign=\"top\" width=\"208\">Taille de l'emballage<\/td>\n<td valign=\"top\" width=\"454\">1.6*3.9*1.4M<\/td>\n<\/tr>\n<tr>\n<td valign=\"top\" width=\"208\">Syst\u00e8me de contr\u00f4le<\/td>\n<td valign=\"top\" width=\"454\">Mach3 avec ordinateur<\/td>\n<\/tr>\n<tr>\n<td valign=\"top\" width=\"208\">Rail de guidage<\/td>\n<td valign=\"top\" width=\"454\">Guide carr\u00e9<\/td>\n<\/tr>\n<tr>\n<td valign=\"top\" width=\"208\">Humidit\u00e9<\/td>\n<td valign=\"top\" width=\"454\">10%-90%(sans condensation)<\/td>\n<\/tr>\n<tr>\n<td valign=\"top\" width=\"208\">Temp\u00e9rature<\/td>\n<td valign=\"top\" width=\"454\">10-50\u2103<\/td>\n<\/tr>\n<tr>\n<td valign=\"top\" width=\"208\">Bo\u00eete de vitesses<\/td>\n<td valign=\"top\" width=\"454\">Petite bo\u00eete de vitesses<\/td>\n<\/tr>\n<tr>\n<td valign=\"top\" width=\"208\">Transmission<\/td>\n<td valign=\"top\" width=\"454\">Transmission \u00e0 cr\u00e9maill\u00e8re h\u00e9lico\u00efdale de haute pr\u00e9cision<\/td>\n<\/tr>\n<tr>\n<td valign=\"top\" width=\"208\">Poids net<\/td>\n<td valign=\"top\" width=\"454\">600KGS<\/td>\n<\/tr>\n<tr>\n<td valign=\"top\" width=\"208\">Conducteur<\/td>\n<td valign=\"top\" width=\"454\">Moteur pas \u00e0 pas et pilote<\/td>\n<\/tr>\n<tr>\n<td valign=\"top\" width=\"208\">Ordinateur<\/td>\n<td valign=\"top\" width=\"454\">Ordinateur industriel<\/td>\n<\/tr>\n<tr>\n<td valign=\"top\" width=\"208\">Dispositif de s\u00e9curit\u00e9<\/td>\n<td valign=\"top\" width=\"454\">Interrupteur de fin de course<\/td>\n<\/tr>\n<tr>\n<td valign=\"top\" width=\"208\">Pi\u00e8ces d\u00e9tach\u00e9es<\/td>\n<td valign=\"top\" width=\"454\">5 morceaux de fil de fer<\/td>\n<\/tr>\n<tr>\n<td valign=\"top\" width=\"208\">Diam\u00e8tre du fil<\/td>\n<td valign=\"top\" width=\"454\">1-3mm<\/td>\n<\/tr>\n<tr>\n<td valign=\"top\" width=\"208\">Puissance de travail<\/td>\n<td valign=\"top\" width=\"454\">5KW<\/td>\n<\/tr>\n<tr>\n<td valign=\"top\" width=\"208\">Bo\u00eete de contr\u00f4le<\/td>\n<td valign=\"top\" width=\"454\">S\u00e9par\u00e9<\/td>\n<\/tr>\n<tr>\n<td valign=\"top\" width=\"208\">Logiciel<\/td>\n<td valign=\"top\" width=\"454\">inclus<\/td>\n<\/tr>\n<\/tbody>\n<\/table>\n<div class=\"ast-oembed-container\" style=\"height: 100%;\"><iframe title=\"Machine de d\u00e9coupe de laine de roche CNC Machine de d\u00e9coupe de fil abrasif rapide CNC #rockwoolcutting\" width=\"422\" height=\"750\" src=\"https:\/\/www.youtube.com\/embed\/XjdlfCTTg2M?feature=oembed\" frameborder=\"0\" allow=\"accelerometer; autoplay; clipboard-write; encrypted-media; gyroscope; picture-in-picture; web-share\" referrerpolicy=\"strict-origin-when-cross-origin\" allowfullscreen><\/iframe><\/div>","protected":false},"excerpt":{"rendered":"<p>Cutting Materials of cnc wire cutting machine:<\/p>\n<p>Mousse de forte \u00e9paisseur, telle que l'EVA de densit\u00e9 140 100 80, la mousse de polyur\u00e9thane PU, la laine min\u00e9rale, le Corafoam pour l'isolation des tuyaux, la fibre de verre, etc. Il peut \u00e9galement couper l'eps, mais son effet de coupe n'est pas aussi bon que celui du fil chaud.<\/p>","protected":false},"featured_media":3444,"template":"","meta":{"_seopress_robots_primary_cat":"none","_seopress_titles_title":"","_seopress_titles_desc":"","_seopress_robots_index":"","_uag_custom_page_level_css":"","site-sidebar-layout":"default","site-content-layout":"default","ast-site-content-layout":"default","site-content-style":"default","site-sidebar-style":"default","ast-global-header-display":"","ast-banner-title-visibility":"","ast-main-header-display":"","ast-hfb-above-header-display":"","ast-hfb-below-header-display":"","ast-hfb-mobile-header-display":"","site-post-title":"","ast-breadcrumbs-content":"","ast-featured-img":"","footer-sml-layout":"","ast-disable-related-posts":"","theme-transparent-header-meta":"default","adv-header-id-meta":"","stick-header-meta":"default","header-above-stick-meta":"","header-main-stick-meta":"","header-below-stick-meta":"","astra-migrate-meta-layouts":"set","ast-page-background-enabled":"default","ast-page-background-meta":{"desktop":{"background-color":"","background-image":"","background-repeat":"repeat","background-position":"center center","background-size":"auto","background-attachment":"scroll","background-type":"","background-media":"","overlay-type":"","overlay-color":"","overlay-opacity":"","overlay-gradient":""},"tablet":{"background-color":"","background-image":"","background-repeat":"repeat","background-position":"center center","background-size":"auto","background-attachment":"scroll","background-type":"","background-media":"","overlay-type":"","overlay-color":"","overlay-opacity":"","overlay-gradient":""},"mobile":{"background-color":"","background-image":"","background-repeat":"repeat","background-position":"center center","background-size":"auto","background-attachment":"scroll","background-type":"","background-media":"","overlay-type":"","overlay-color":"","overlay-opacity":"","overlay-gradient":""}},"ast-content-background-meta":{"desktop":{"background-color":"var(--ast-global-color-5)","background-image":"","background-repeat":"repeat","background-position":"center center","background-size":"auto","background-attachment":"scroll","background-type":"","background-media":"","overlay-type":"","overlay-color":"","overlay-opacity":"","overlay-gradient":""},"tablet":{"background-color":"var(--ast-global-color-5)","background-image":"","background-repeat":"repeat","background-position":"center center","background-size":"auto","background-attachment":"scroll","background-type":"","background-media":"","overlay-type":"","overlay-color":"","overlay-opacity":"","overlay-gradient":""},"mobile":{"background-color":"var(--ast-global-color-5)","background-image":"","background-repeat":"repeat","background-position":"center center","background-size":"auto","background-attachment":"scroll","background-type":"","background-media":"","overlay-type":"","overlay-color":"","overlay-opacity":"","overlay-gradient":""}}},"product_brand":[],"product_cat":[43],"product_tag":[],"class_list":{"0":"post-1206","1":"product","2":"type-product","3":"status-publish","4":"has-post-thumbnail","6":"product_cat-foam","7":"desktop-align-left","8":"tablet-align-left","9":"mobile-align-left","10":"ast-product-gallery-layout-horizontal-slider","11":"ast-product-gallery-with-no-image","12":"ast-product-tabs-layout-horizontal","14":"first","15":"instock","16":"sale","17":"shipping-taxable","18":"purchasable","19":"product-type-simple"},"uagb_featured_image_src":{"full":["https:\/\/wisecnclaser.com\/wp-content\/uploads\/2025\/05\/e5553a9a94f5b6a1764cbf5b183b0459.jpg",800,800,false],"thumbnail":["https:\/\/wisecnclaser.com\/wp-content\/uploads\/2025\/05\/e5553a9a94f5b6a1764cbf5b183b0459-150x150.jpg",150,150,true],"medium":["https:\/\/wisecnclaser.com\/wp-content\/uploads\/2025\/05\/e5553a9a94f5b6a1764cbf5b183b0459-300x300.jpg",300,300,true],"medium_large":["https:\/\/wisecnclaser.com\/wp-content\/uploads\/2025\/05\/e5553a9a94f5b6a1764cbf5b183b0459-768x768.jpg",768,768,true],"large":["https:\/\/wisecnclaser.com\/wp-content\/uploads\/2025\/05\/e5553a9a94f5b6a1764cbf5b183b0459.jpg",800,800,false],"1536x1536":["https:\/\/wisecnclaser.com\/wp-content\/uploads\/2025\/05\/e5553a9a94f5b6a1764cbf5b183b0459.jpg",800,800,false],"2048x2048":["https:\/\/wisecnclaser.com\/wp-content\/uploads\/2025\/05\/e5553a9a94f5b6a1764cbf5b183b0459.jpg",800,800,false],"trp-custom-language-flag":["https:\/\/wisecnclaser.com\/wp-content\/uploads\/2025\/05\/e5553a9a94f5b6a1764cbf5b183b0459-12x12.jpg",12,12,true],"woocommerce_thumbnail":["https:\/\/wisecnclaser.com\/wp-content\/uploads\/2025\/05\/e5553a9a94f5b6a1764cbf5b183b0459-300x300.jpg",300,300,true],"woocommerce_single":["https:\/\/wisecnclaser.com\/wp-content\/uploads\/2025\/05\/e5553a9a94f5b6a1764cbf5b183b0459-600x600.jpg",600,600,true],"woocommerce_gallery_thumbnail":["https:\/\/wisecnclaser.com\/wp-content\/uploads\/2025\/05\/e5553a9a94f5b6a1764cbf5b183b0459-100x100.jpg",100,100,true]},"uagb_author_info":{"display_name":"jinxing6611@gmail.com","author_link":"https:\/\/wisecnclaser.com\/fr\/author\/"},"uagb_comment_info":0,"uagb_excerpt":"Cutting Materials of cnc wire cutting machine: Hard thickness foam, such as hard EVA with 140 100 80 density, polyurethane PU foam, Mineral wool, Corafoam for insulation pipe, fiberglass etc. It can also cut eps, but its cutting effect is not as good as hot wire cutting","_links":{"self":[{"href":"https:\/\/wisecnclaser.com\/fr\/wp-json\/wp\/v2\/product\/1206","targetHints":{"allow":["GET"]}}],"collection":[{"href":"https:\/\/wisecnclaser.com\/fr\/wp-json\/wp\/v2\/product"}],"about":[{"href":"https:\/\/wisecnclaser.com\/fr\/wp-json\/wp\/v2\/types\/product"}],"wp:featuredmedia":[{"embeddable":true,"href":"https:\/\/wisecnclaser.com\/fr\/wp-json\/wp\/v2\/media\/3444"}],"wp:attachment":[{"href":"https:\/\/wisecnclaser.com\/fr\/wp-json\/wp\/v2\/media?parent=1206"}],"wp:term":[{"taxonomy":"product_brand","embeddable":true,"href":"https:\/\/wisecnclaser.com\/fr\/wp-json\/wp\/v2\/product_brand?post=1206"},{"taxonomy":"product_cat","embeddable":true,"href":"https:\/\/wisecnclaser.com\/fr\/wp-json\/wp\/v2\/product_cat?post=1206"},{"taxonomy":"product_tag","embeddable":true,"href":"https:\/\/wisecnclaser.com\/fr\/wp-json\/wp\/v2\/product_tag?post=1206"}],"curies":[{"name":"wp","href":"https:\/\/api.w.org\/{rel}","templated":true}]}}