{"id":1208,"date":"2025-05-20T07:32:07","date_gmt":"2025-05-20T07:32:07","guid":{"rendered":"https:\/\/wisecnclaser.com\/product\/faint-blue-jeans\/"},"modified":"2025-05-23T02:49:01","modified_gmt":"2025-05-23T02:49:01","slug":"faint-blue-jeans","status":"publish","type":"product","link":"https:\/\/wisecnclaser.com\/fr\/produit\/faint-blue-jeans\/","title":{"rendered":"WS1530 Machine \u00e0 fraiser les moules en mousse CNC"},"content":{"rendered":"<p><strong>Application de la fraiseuse CNC pour moules en mousse<\/strong><\/p>\n<p>EPS, mousse plastique de polypropyl\u00e8ne (EPP), principalement utilis\u00e9e pour la fabrication de FOAM EPC, de moules \u00e0 bois,<\/p>\n<p>Mod\u00e8les en mousse pour diverses pi\u00e8ces m\u00e9caniques moul\u00e9es, telles que les navires, les \u00e9oliennes, les machines-outils, les machines de moulage par injection, les machines d'imprimerie, etc. Conception industrielle d'automobiles, de yachts, d'avions, etc. Moules rotatifs, moules \u00e0 injection, traitement des mat\u00e9riaux d\u00e9coratifs pour murs ext\u00e9rieurs GRG\/GRC, etc.<\/p>\n<p><strong>Caract\u00e9ristiques de la machine \u00e0 sculpter la mousse 1530 cnc :<\/strong><\/p>\n<p>1,La machine \u00e0 sculpter la mousse \u00e0 commande num\u00e9rique adopte une broche de refroidissement \u00e0 l'eau ou \u00e0 l'air de grande puissance, ainsi qu'un servomoteur et un disjoncteur import\u00e9s.<\/p>\n<p>2. Fonction de protection intelligente de la table de la machine : pour \u00e9viter que la table ne tombe en panne \u00e0 cause d'un mauvais fonctionnement ou d'une erreur de logiciel.<\/p>\n<p>3. Protection intelligente des fronti\u00e8res de traitement afin d'\u00e9viter les collisions m\u00e9caniques caus\u00e9es par une conception d\u00e9passant la largeur de traitement.<\/p>\n<p>4. Syst\u00e8me de contr\u00f4le intelligent, capable d'effectuer des usinages 3D multicouches automatiquement.<\/p>\n<p>5. Rail de guidage lin\u00e9aire de Ta\u00efwan, glissi\u00e8res autolubrifiantes, force bien proportionn\u00e9e lors du fonctionnement pour garantir la pr\u00e9cision et la solidit\u00e9.<\/p>\n<p><strong>Application de la machine \u00e0 sculpter la mousse \u00e0 commande num\u00e9rique :<\/strong><\/p>\n<p><strong>\u00a0<\/strong>1,Usinage de moules en bois de fonderie et de mod\u00e8les en mousse pour les grandes machines-outils, l'industrie navale, etc.<\/p>\n<p>2,Moulage de mod\u00e8les en bois pour diverses pi\u00e8ces m\u00e9caniques moul\u00e9es, telles que les navires, les \u00e9oliennes, les machines-outils, les machines de moulage par injection, les machines d'imprimerie, etc.<\/p>\n<p>3,Conception industrielle d'automobiles, de yachts, d'avions, etc.<\/p>\n<p>4. Moules rotatifs, moules d'injection, traitement des mat\u00e9riaux d\u00e9coratifs pour murs ext\u00e9rieurs GRG\/GRC, etc.<\/p>\n<table border=\"1\">\n<tbody>\n<tr class=\"firstRow\">\n<td colspan=\"2\" valign=\"center\" width=\"662\"><strong>Description et sp\u00e9cifications de la fraiseuse \u00e0 commande num\u00e9rique pour moules en mousse :<\/strong><\/td>\n<\/tr>\n<tr>\n<td valign=\"top\" width=\"331\">X Zone de travail<\/td>\n<td valign=\"top\" width=\"331\">1500mm<\/td>\n<\/tr>\n<tr>\n<td valign=\"top\" width=\"331\">Y Zone de travail<\/td>\n<td valign=\"top\" width=\"331\">3000mm<\/td>\n<\/tr>\n<tr>\n<td valign=\"top\" width=\"331\">Z Zone de travail<\/td>\n<td valign=\"top\" width=\"331\">600 mm, hauteur d'alimentation des mat\u00e9riaux 700 mm<\/td>\n<\/tr>\n<tr>\n<td valign=\"top\" width=\"331\">Table de machine<\/td>\n<td valign=\"top\" width=\"331\">Fente en T<\/td>\n<\/tr>\n<tr>\n<td valign=\"top\" width=\"331\">Structure de la machine<\/td>\n<td valign=\"top\" width=\"331\">Structure en acier \u00e9pais<\/td>\n<\/tr>\n<tr>\n<td valign=\"top\" width=\"331\">X,Y ,Z Structure<\/td>\n<td valign=\"top\" width=\"331\">Roue dent\u00e9e XY, vis \u00e0 billes Z Taiwan 3210<\/td>\n<\/tr>\n<tr>\n<td valign=\"top\" width=\"331\">Transmission<\/td>\n<td valign=\"top\" width=\"331\">Pignon \u00e0 cr\u00e9maill\u00e8re de haute pr\u00e9cision Xinyue<\/td>\n<\/tr>\n<tr>\n<td valign=\"top\" width=\"331\">Vitesse d'alimentation<\/td>\n<td valign=\"top\" width=\"331\">10000mm\/min<\/td>\n<\/tr>\n<tr>\n<td valign=\"top\" width=\"331\">Broche<\/td>\n<td valign=\"top\" width=\"331\">Broche refroidie \u00e0 l'eau de 5,5KW<\/td>\n<\/tr>\n<tr>\n<td valign=\"top\" width=\"331\">Vitesse d'alimentation maximale<\/td>\n<td valign=\"top\" width=\"331\">Axe X : 12000mm\/min<\/p>\n<p>Axe Y : 12000mm\/min<\/p>\n<p>Axe Z : 6000mm\/min<\/td>\n<\/tr>\n<tr>\n<td valign=\"top\" width=\"331\">Vitesse de la broche<\/td>\n<td valign=\"top\" width=\"331\">100-12000RPM<\/td>\n<\/tr>\n<tr>\n<td valign=\"top\" width=\"331\">Syst\u00e8me de conduite<\/td>\n<td valign=\"top\" width=\"331\">Servo Chinse KND<\/td>\n<\/tr>\n<tr>\n<td valign=\"top\" width=\"331\">Commandement<\/td>\n<td valign=\"top\" width=\"331\">G-code*.u00*.mmg*.plt<\/td>\n<\/tr>\n<tr>\n<td valign=\"top\" width=\"331\">Tension de fonctionnement<\/td>\n<td valign=\"top\" width=\"331\">AC380V\/60Hz<\/td>\n<\/tr>\n<tr>\n<td valign=\"top\" width=\"331\">Syst\u00e8me de contr\u00f4le<\/td>\n<td valign=\"top\" width=\"331\">Syst\u00e8me chinois KND<\/td>\n<\/tr>\n<tr>\n<td valign=\"top\" width=\"331\">Syst\u00e8me de contr\u00f4le dpi<\/td>\n<td valign=\"top\" width=\"331\">\u00b10.004<\/td>\n<\/tr>\n<tr>\n<td valign=\"top\" width=\"331\">Invecteur<\/td>\n<td valign=\"top\" width=\"331\">Onduleur Fuling<\/td>\n<\/tr>\n<tr>\n<td valign=\"top\" width=\"331\">R\u00e9ducteurs de l'axe Z<\/td>\n<td valign=\"top\" width=\"331\">Oui (marque shimpoo, ratio 1:8)<\/td>\n<\/tr>\n<tr>\n<td valign=\"top\" width=\"331\">Rail de guidage<\/td>\n<td valign=\"top\" width=\"331\">Ta\u00efwan 25 rail carr\u00e9<\/td>\n<\/tr>\n<tr>\n<td valign=\"top\" width=\"331\">Dispositif auxiliaire<\/td>\n<td valign=\"top\" width=\"331\">D\u00e9poussi\u00e9reur, refroidisseur d'eau<\/td>\n<\/tr>\n<\/tbody>\n<\/table>\n<p>&nbsp;<\/p>","protected":false},"excerpt":{"rendered":"<p><strong>Application de la fraiseuse CNC pour moules en mousse<\/strong><\/p>\n<p>EPS, mousse plastique de polypropyl\u00e8ne (EPP), principalement utilis\u00e9e pour la fabrication de FOAM EPC, de moules \u00e0 bois,<\/p>\n<p>Mod\u00e8les en mousse pour diverses pi\u00e8ces m\u00e9caniques moul\u00e9es, telles que les navires, les \u00e9oliennes, les machines-outils, les machines de moulage par injection, les machines d'imprimerie, etc. Conception industrielle d'automobiles, de yachts, d'avions, etc. Moules rotatifs, moules \u00e0 injection, traitement des mat\u00e9riaux d\u00e9coratifs pour murs ext\u00e9rieurs GRG\/GRC, etc.<\/p>\n<p><strong>Caract\u00e9ristiques de la machine \u00e0 sculpter la mousse 1530 cnc :<\/strong><\/p>\n<p>1,La machine \u00e0 sculpter la mousse \u00e0 commande num\u00e9rique adopte une broche de refroidissement \u00e0 l'eau ou \u00e0 l'air de grande puissance, ainsi qu'un servomoteur et un disjoncteur import\u00e9s.<\/p>\n<p>2. Fonction de protection intelligente de la table de la machine : pour \u00e9viter que la table ne tombe en panne \u00e0 cause d'un mauvais fonctionnement ou d'une erreur de logiciel.<\/p>\n<p>3. Protection intelligente des fronti\u00e8res de traitement afin d'\u00e9viter les collisions m\u00e9caniques caus\u00e9es par une conception d\u00e9passant la largeur de traitement.<\/p>\n<p>4. Syst\u00e8me de contr\u00f4le intelligent, capable d'effectuer des usinages 3D multicouches automatiquement.<\/p>\n<p>5. Rail de guidage lin\u00e9aire de Ta\u00efwan, glissi\u00e8res autolubrifiantes, force bien proportionn\u00e9e lors du fonctionnement pour garantir la pr\u00e9cision et la solidit\u00e9.<\/p>","protected":false},"featured_media":3460,"template":"","meta":{"_seopress_robots_primary_cat":"none","_seopress_titles_title":"","_seopress_titles_desc":"","_seopress_robots_index":"","_uag_custom_page_level_css":"","site-sidebar-layout":"default","site-content-layout":"default","ast-site-content-layout":"default","site-content-style":"default","site-sidebar-style":"default","ast-global-header-display":"","ast-banner-title-visibility":"","ast-main-header-display":"","ast-hfb-above-header-display":"","ast-hfb-below-header-display":"","ast-hfb-mobile-header-display":"","site-post-title":"","ast-breadcrumbs-content":"","ast-featured-img":"","footer-sml-layout":"","ast-disable-related-posts":"","theme-transparent-header-meta":"default","adv-header-id-meta":"","stick-header-meta":"default","header-above-stick-meta":"","header-main-stick-meta":"","header-below-stick-meta":"","astra-migrate-meta-layouts":"set","ast-page-background-enabled":"default","ast-page-background-meta":{"desktop":{"background-color":"","background-image":"","background-repeat":"repeat","background-position":"center center","background-size":"auto","background-attachment":"scroll","background-type":"","background-media":"","overlay-type":"","overlay-color":"","overlay-opacity":"","overlay-gradient":""},"tablet":{"background-color":"","background-image":"","background-repeat":"repeat","background-position":"center center","background-size":"auto","background-attachment":"scroll","background-type":"","background-media":"","overlay-type":"","overlay-color":"","overlay-opacity":"","overlay-gradient":""},"mobile":{"background-color":"","background-image":"","background-repeat":"repeat","background-position":"center center","background-size":"auto","background-attachment":"scroll","background-type":"","background-media":"","overlay-type":"","overlay-color":"","overlay-opacity":"","overlay-gradient":""}},"ast-content-background-meta":{"desktop":{"background-color":"var(--ast-global-color-5)","background-image":"","background-repeat":"repeat","background-position":"center center","background-size":"auto","background-attachment":"scroll","background-type":"","background-media":"","overlay-type":"","overlay-color":"","overlay-opacity":"","overlay-gradient":""},"tablet":{"background-color":"var(--ast-global-color-5)","background-image":"","background-repeat":"repeat","background-position":"center center","background-size":"auto","background-attachment":"scroll","background-type":"","background-media":"","overlay-type":"","overlay-color":"","overlay-opacity":"","overlay-gradient":""},"mobile":{"background-color":"var(--ast-global-color-5)","background-image":"","background-repeat":"repeat","background-position":"center center","background-size":"auto","background-attachment":"scroll","background-type":"","background-media":"","overlay-type":"","overlay-color":"","overlay-opacity":"","overlay-gradient":""}}},"product_brand":[],"product_cat":[43],"product_tag":[],"class_list":{"0":"post-1208","1":"product","2":"type-product","3":"status-publish","4":"has-post-thumbnail","6":"product_cat-foam","7":"desktop-align-left","8":"tablet-align-left","9":"mobile-align-left","10":"ast-product-gallery-layout-horizontal-slider","11":"ast-product-gallery-with-no-image","12":"ast-product-tabs-layout-horizontal","14":"first","15":"instock","16":"sale","17":"shipping-taxable","18":"purchasable","19":"product-type-simple"},"uagb_featured_image_src":{"full":["https:\/\/wisecnclaser.com\/wp-content\/uploads\/2025\/05\/bcb78065198408b6068fb114b361bd27.jpg",800,800,false],"thumbnail":["https:\/\/wisecnclaser.com\/wp-content\/uploads\/2025\/05\/bcb78065198408b6068fb114b361bd27-150x150.jpg",150,150,true],"medium":["https:\/\/wisecnclaser.com\/wp-content\/uploads\/2025\/05\/bcb78065198408b6068fb114b361bd27-300x300.jpg",300,300,true],"medium_large":["https:\/\/wisecnclaser.com\/wp-content\/uploads\/2025\/05\/bcb78065198408b6068fb114b361bd27-768x768.jpg",768,768,true],"large":["https:\/\/wisecnclaser.com\/wp-content\/uploads\/2025\/05\/bcb78065198408b6068fb114b361bd27.jpg",800,800,false],"1536x1536":["https:\/\/wisecnclaser.com\/wp-content\/uploads\/2025\/05\/bcb78065198408b6068fb114b361bd27.jpg",800,800,false],"2048x2048":["https:\/\/wisecnclaser.com\/wp-content\/uploads\/2025\/05\/bcb78065198408b6068fb114b361bd27.jpg",800,800,false],"trp-custom-language-flag":["https:\/\/wisecnclaser.com\/wp-content\/uploads\/2025\/05\/bcb78065198408b6068fb114b361bd27-12x12.jpg",12,12,true],"woocommerce_thumbnail":["https:\/\/wisecnclaser.com\/wp-content\/uploads\/2025\/05\/bcb78065198408b6068fb114b361bd27-300x300.jpg",300,300,true],"woocommerce_single":["https:\/\/wisecnclaser.com\/wp-content\/uploads\/2025\/05\/bcb78065198408b6068fb114b361bd27-600x600.jpg",600,600,true],"woocommerce_gallery_thumbnail":["https:\/\/wisecnclaser.com\/wp-content\/uploads\/2025\/05\/bcb78065198408b6068fb114b361bd27-100x100.jpg",100,100,true]},"uagb_author_info":{"display_name":"jinxing6611@gmail.com","author_link":"https:\/\/wisecnclaser.com\/fr\/author\/"},"uagb_comment_info":0,"uagb_excerpt":"Application of cnc foam mold milling machine EPS, Polypropylene plastic foam material(EPP), mainly used for making FOAM EPC, wood mold, Foam models for various mechanical castings, such as ships, wind power, machine tools, injection molding machinery, printing machinery, etc. Industrial design of automobile, yacht, airplane, etc. Rotary molds, injection molds, GRG\/GRC exterior wall decorative materials\u2026","_links":{"self":[{"href":"https:\/\/wisecnclaser.com\/fr\/wp-json\/wp\/v2\/product\/1208","targetHints":{"allow":["GET"]}}],"collection":[{"href":"https:\/\/wisecnclaser.com\/fr\/wp-json\/wp\/v2\/product"}],"about":[{"href":"https:\/\/wisecnclaser.com\/fr\/wp-json\/wp\/v2\/types\/product"}],"wp:featuredmedia":[{"embeddable":true,"href":"https:\/\/wisecnclaser.com\/fr\/wp-json\/wp\/v2\/media\/3460"}],"wp:attachment":[{"href":"https:\/\/wisecnclaser.com\/fr\/wp-json\/wp\/v2\/media?parent=1208"}],"wp:term":[{"taxonomy":"product_brand","embeddable":true,"href":"https:\/\/wisecnclaser.com\/fr\/wp-json\/wp\/v2\/product_brand?post=1208"},{"taxonomy":"product_cat","embeddable":true,"href":"https:\/\/wisecnclaser.com\/fr\/wp-json\/wp\/v2\/product_cat?post=1208"},{"taxonomy":"product_tag","embeddable":true,"href":"https:\/\/wisecnclaser.com\/fr\/wp-json\/wp\/v2\/product_tag?post=1208"}],"curies":[{"name":"wp","href":"https:\/\/api.w.org\/{rel}","templated":true}]}}