{"id":1209,"date":"2025-05-20T07:32:07","date_gmt":"2025-05-20T07:32:07","guid":{"rendered":"https:\/\/wisecnclaser.com\/product\/denim-blue-jeans\/"},"modified":"2025-05-23T02:49:05","modified_gmt":"2025-05-23T02:49:05","slug":"denim-blue-jeans","status":"publish","type":"product","link":"https:\/\/wisecnclaser.com\/fr\/produit\/denim-blue-jeans\/","title":{"rendered":"WS1525BT Routeur CNC 4 axes pour polystyr\u00e8ne"},"content":{"rendered":"<p>1.<strong>Caract\u00e9ristiques de la d\u00e9fonceuse \u00e0 commande num\u00e9rique pour styromousse<\/strong><\/p>\n<p>La broche peut osciller de +\/- 90 degr\u00e9s, ce qui permet de r\u00e9aliser des gravures en 2D sur des surfaces incurv\u00e9es.<\/p>\n<p><strong>2. Application de la d\u00e9fonceuse de mousse \u00e0 commande num\u00e9rique<\/strong><\/p>\n<p>Tube rond en eps (graver deux pi\u00e8ces identiques et les coller en un seul tube rond). Fraisage de surfaces incurv\u00e9es en eps, gravure de feuilles de mousse plates et fraisage de gravure sur bois, plaque perfor\u00e9e\/t\u00f4le perfor\u00e9e dans l'industrie mini\u00e8re.<\/p>\n<p>&nbsp;<\/p>\n<table border=\"1\">\n<tbody>\n<tr class=\"firstRow\">\n<td valign=\"center\" width=\"205\"><strong>Objet<\/strong><\/td>\n<td valign=\"center\" width=\"331\"><strong>Donn\u00e9es<\/strong><\/td>\n<\/tr>\n<tr>\n<td valign=\"center\" width=\"205\">Mod\u00e8le<\/td>\n<td valign=\"center\" width=\"331\">WS1525BT<\/td>\n<\/tr>\n<tr>\n<td valign=\"center\" width=\"205\">Cadre de la machine<\/td>\n<td valign=\"center\" width=\"331\">Tube d'acier soud\u00e9 \u00e9pais<\/td>\n<\/tr>\n<tr>\n<td valign=\"center\" width=\"205\">Table de machine<\/td>\n<td valign=\"center\" width=\"331\">Table \u00e0 rainures en T<\/td>\n<\/tr>\n<tr>\n<td valign=\"center\" width=\"205\">Taille de la machine (mm)<\/td>\n<td valign=\"center\" width=\"331\">\u00a0 \u00a0 \u00a0 \u00a0 \u00a0 \u00a0 \u00a0 \u00a0 \u00a02500*1500*500\uff08L*W*H\uff09<\/td>\n<\/tr>\n<tr>\n<td valign=\"center\" width=\"205\">Taille de travail de l'axe X\uff08\u339c\uff09<\/td>\n<td valign=\"center\" width=\"331\">\u00a0 \u00a0 \u00a0 \u00a0 \u00a0 \u00a0 \u00a0 1500mm\uff084 axes de travail sont<\/p>\n<p>1100mm\uff09<\/td>\n<\/tr>\n<tr>\n<td valign=\"center\" width=\"205\">Taille de travail de l'axe Y\uff08\u339c\uff09<\/td>\n<td valign=\"center\" width=\"331\">\u00a0 \u00a0 \u00a0 \u00a0 \u00a0 \u00a0 \u00a0 \u00a0 \u00a0 \u00a0 \u00a0 \u00a0 \u00a0 2500mm<\/td>\n<\/tr>\n<tr>\n<td valign=\"center\" width=\"205\">Taille de travail de l'axe Z\uff08\u339c\uff09<\/td>\n<td valign=\"center\" width=\"331\">\u00a0 \u00a0 \u00a0 \u00a0 \u00a0 \u00a0 \u00a0 \u00a0 \u00a0 \u00a0 \u00a0 \u00a0 \u00a0 400mm<\/td>\n<\/tr>\n<tr>\n<td valign=\"center\" width=\"205\">Puissance de travail<\/td>\n<td valign=\"center\" width=\"331\">\u00a0 \u00a0 \u00a0 \u00a0 \u00a0 \u00a0 \u00a0AC380V\/50HZ<\/td>\n<\/tr>\n<tr>\n<td valign=\"center\" width=\"205\">Puissance de la broche<\/td>\n<td valign=\"center\" width=\"331\">\u00a0 \u00a0 \u00a0 \u00a0Broche HQD 6KW \u00e0 refroidissement par air<\/td>\n<\/tr>\n<tr>\n<td valign=\"center\" width=\"205\">Vitesse de rotation de la broche<\/td>\n<td valign=\"center\" width=\"331\">\u00a0 \u00a0 \u00a0 \u00a0 \u00a0 \u00a0 0-18000r\/min<\/td>\n<\/tr>\n<tr>\n<td valign=\"center\" width=\"205\">Outils taille max<\/td>\n<td valign=\"center\" width=\"331\">\u00a0 \u00a0 \u00a0 \u00a0 \u00a0 \u00a0 \u00a0 \u00a0 \u03a620mm<\/td>\n<\/tr>\n<tr>\n<td valign=\"top\" width=\"205\">Onduleur<\/td>\n<td valign=\"top\" width=\"331\">\u00a0 \u00a0 \u00a0 \u00a0 \u00a0 \u00a0 \u00a0 \u00a0 \u00a07.5KW<\/td>\n<\/tr>\n<tr>\n<td valign=\"center\" width=\"205\">Transmission<\/td>\n<td valign=\"center\" width=\"331\">\u00a0 \u00a0Pignon \u00e0 cr\u00e9maill\u00e8re h\u00e9lico\u00efdale XY, axe Z, vis \u00e0 billes TBI de haute pr\u00e9cision de Ta\u00efwan<\/td>\n<\/tr>\n<tr>\n<td valign=\"center\" width=\"205\">Syst\u00e8me de contr\u00f4le<\/td>\n<td valign=\"center\" width=\"331\">\u00a0 \u00a0 \u00a0 Propre contr\u00f4leur R&amp;D (avec volant et capteur d'outil)<\/td>\n<\/tr>\n<tr>\n<td valign=\"center\" width=\"205\">Moteur<\/td>\n<td valign=\"center\" width=\"331\">\u00a0 \u00a0 \u00a0 \u00a0 \u00a0 Servo hybride\/en boucle ferm\u00e9e<\/td>\n<\/tr>\n<tr>\n<td valign=\"center\" width=\"205\">Syst\u00e8me de guidage<\/td>\n<td valign=\"center\" width=\"331\">\u00a0 \u00a0 \u00a0 Rail carr\u00e9 de taille 25<\/td>\n<\/tr>\n<tr>\n<td valign=\"center\" width=\"205\">D\u00e9poussi\u00e9reur<\/td>\n<td valign=\"center\" width=\"331\">D\u00e9poussi\u00e9reur \u00e0 double sac 5.5KW<\/td>\n<\/tr>\n<\/tbody>\n<\/table>","protected":false},"excerpt":{"rendered":"<p>1.<strong>Caract\u00e9ristiques de la d\u00e9fonceuse \u00e0 commande num\u00e9rique pour styromousse<\/strong><\/p>\n<p>La broche peut osciller de +\/- 90 degr\u00e9s, ce qui permet de r\u00e9aliser des gravures en 2D sur des surfaces incurv\u00e9es.<\/p>\n<p><strong>2. Application de la d\u00e9fonceuse de mousse \u00e0 commande num\u00e9rique<\/strong><\/p>\n<p>Tube rond en eps (graver deux pi\u00e8ces identiques et les coller en un seul tube rond). Fraisage de surfaces incurv\u00e9es en eps, gravure de feuilles de mousse plates et fraisage de gravure sur bois, plaque perfor\u00e9e\/t\u00f4le perfor\u00e9e dans l'industrie mini\u00e8re.<\/p>","protected":false},"featured_media":3458,"template":"","meta":{"_seopress_robots_primary_cat":"none","_seopress_titles_title":"","_seopress_titles_desc":"","_seopress_robots_index":"","_uag_custom_page_level_css":"","site-sidebar-layout":"default","site-content-layout":"default","ast-site-content-layout":"default","site-content-style":"default","site-sidebar-style":"default","ast-global-header-display":"","ast-banner-title-visibility":"","ast-main-header-display":"","ast-hfb-above-header-display":"","ast-hfb-below-header-display":"","ast-hfb-mobile-header-display":"","site-post-title":"","ast-breadcrumbs-content":"","ast-featured-img":"","footer-sml-layout":"","ast-disable-related-posts":"","theme-transparent-header-meta":"default","adv-header-id-meta":"","stick-header-meta":"default","header-above-stick-meta":"","header-main-stick-meta":"","header-below-stick-meta":"","astra-migrate-meta-layouts":"set","ast-page-background-enabled":"default","ast-page-background-meta":{"desktop":{"background-color":"","background-image":"","background-repeat":"repeat","background-position":"center center","background-size":"auto","background-attachment":"scroll","background-type":"","background-media":"","overlay-type":"","overlay-color":"","overlay-opacity":"","overlay-gradient":""},"tablet":{"background-color":"","background-image":"","background-repeat":"repeat","background-position":"center center","background-size":"auto","background-attachment":"scroll","background-type":"","background-media":"","overlay-type":"","overlay-color":"","overlay-opacity":"","overlay-gradient":""},"mobile":{"background-color":"","background-image":"","background-repeat":"repeat","background-position":"center center","background-size":"auto","background-attachment":"scroll","background-type":"","background-media":"","overlay-type":"","overlay-color":"","overlay-opacity":"","overlay-gradient":""}},"ast-content-background-meta":{"desktop":{"background-color":"var(--ast-global-color-5)","background-image":"","background-repeat":"repeat","background-position":"center center","background-size":"auto","background-attachment":"scroll","background-type":"","background-media":"","overlay-type":"","overlay-color":"","overlay-opacity":"","overlay-gradient":""},"tablet":{"background-color":"var(--ast-global-color-5)","background-image":"","background-repeat":"repeat","background-position":"center center","background-size":"auto","background-attachment":"scroll","background-type":"","background-media":"","overlay-type":"","overlay-color":"","overlay-opacity":"","overlay-gradient":""},"mobile":{"background-color":"var(--ast-global-color-5)","background-image":"","background-repeat":"repeat","background-position":"center center","background-size":"auto","background-attachment":"scroll","background-type":"","background-media":"","overlay-type":"","overlay-color":"","overlay-opacity":"","overlay-gradient":""}}},"product_brand":[],"product_cat":[43],"product_tag":[],"class_list":{"0":"post-1209","1":"product","2":"type-product","3":"status-publish","4":"has-post-thumbnail","6":"product_cat-foam","7":"desktop-align-left","8":"tablet-align-left","9":"mobile-align-left","10":"ast-product-gallery-layout-horizontal-slider","11":"ast-product-gallery-with-no-image","12":"ast-product-tabs-layout-horizontal","14":"first","15":"instock","16":"shipping-taxable","17":"purchasable","18":"product-type-simple"},"uagb_featured_image_src":{"full":["https:\/\/wisecnclaser.com\/wp-content\/uploads\/2025\/05\/5da0053c4858531c919e6c0e321444e7.png",800,800,false],"thumbnail":["https:\/\/wisecnclaser.com\/wp-content\/uploads\/2025\/05\/5da0053c4858531c919e6c0e321444e7-150x150.png",150,150,true],"medium":["https:\/\/wisecnclaser.com\/wp-content\/uploads\/2025\/05\/5da0053c4858531c919e6c0e321444e7-300x300.png",300,300,true],"medium_large":["https:\/\/wisecnclaser.com\/wp-content\/uploads\/2025\/05\/5da0053c4858531c919e6c0e321444e7-768x768.png",768,768,true],"large":["https:\/\/wisecnclaser.com\/wp-content\/uploads\/2025\/05\/5da0053c4858531c919e6c0e321444e7.png",800,800,false],"1536x1536":["https:\/\/wisecnclaser.com\/wp-content\/uploads\/2025\/05\/5da0053c4858531c919e6c0e321444e7.png",800,800,false],"2048x2048":["https:\/\/wisecnclaser.com\/wp-content\/uploads\/2025\/05\/5da0053c4858531c919e6c0e321444e7.png",800,800,false],"trp-custom-language-flag":["https:\/\/wisecnclaser.com\/wp-content\/uploads\/2025\/05\/5da0053c4858531c919e6c0e321444e7-12x12.png",12,12,true],"woocommerce_thumbnail":["https:\/\/wisecnclaser.com\/wp-content\/uploads\/2025\/05\/5da0053c4858531c919e6c0e321444e7-300x300.png",300,300,true],"woocommerce_single":["https:\/\/wisecnclaser.com\/wp-content\/uploads\/2025\/05\/5da0053c4858531c919e6c0e321444e7-600x600.png",600,600,true],"woocommerce_gallery_thumbnail":["https:\/\/wisecnclaser.com\/wp-content\/uploads\/2025\/05\/5da0053c4858531c919e6c0e321444e7-100x100.png",100,100,true]},"uagb_author_info":{"display_name":"jinxing6611@gmail.com","author_link":"https:\/\/wisecnclaser.com\/fr\/author\/"},"uagb_comment_info":0,"uagb_excerpt":"1.Feature of styrofoam cnc router Spindle can wave +\/- 90 degree, can do 2d engraving on curved surface 2.Application of foam cnc router Round eps pipe (engrave two same pieces, and paste them into one round pipe). Eps curved surface milling, flat foam sheet engraving and wood engraving milling,\u00a0perforated-plate\/sieve plate in mine industry","_links":{"self":[{"href":"https:\/\/wisecnclaser.com\/fr\/wp-json\/wp\/v2\/product\/1209","targetHints":{"allow":["GET"]}}],"collection":[{"href":"https:\/\/wisecnclaser.com\/fr\/wp-json\/wp\/v2\/product"}],"about":[{"href":"https:\/\/wisecnclaser.com\/fr\/wp-json\/wp\/v2\/types\/product"}],"wp:featuredmedia":[{"embeddable":true,"href":"https:\/\/wisecnclaser.com\/fr\/wp-json\/wp\/v2\/media\/3458"}],"wp:attachment":[{"href":"https:\/\/wisecnclaser.com\/fr\/wp-json\/wp\/v2\/media?parent=1209"}],"wp:term":[{"taxonomy":"product_brand","embeddable":true,"href":"https:\/\/wisecnclaser.com\/fr\/wp-json\/wp\/v2\/product_brand?post=1209"},{"taxonomy":"product_cat","embeddable":true,"href":"https:\/\/wisecnclaser.com\/fr\/wp-json\/wp\/v2\/product_cat?post=1209"},{"taxonomy":"product_tag","embeddable":true,"href":"https:\/\/wisecnclaser.com\/fr\/wp-json\/wp\/v2\/product_tag?post=1209"}],"curies":[{"name":"wp","href":"https:\/\/api.w.org\/{rel}","templated":true}]}}