{"id":1210,"date":"2025-05-20T07:32:07","date_gmt":"2025-05-20T07:32:07","guid":{"rendered":"https:\/\/wisecnclaser.com\/product\/dark-grey-jeans\/"},"modified":"2025-05-22T13:15:14","modified_gmt":"2025-05-22T13:15:14","slug":"dark-grey-jeans","status":"publish","type":"product","link":"https:\/\/wisecnclaser.com\/fr\/produit\/dark-grey-jeans\/","title":{"rendered":"WS1330 Light Structure Hot Wire Foam Cutter with Turn Table (D\u00e9coupeur de mousse \u00e0 fil chaud \u00e0 structure l\u00e9g\u00e8re avec table tournante)"},"content":{"rendered":"<p>Caract\u00e9ristiques de la machine de d\u00e9coupe de mousse \u00e0 fil chaud 1330 :<\/p>\n<p>1. Cette machine adopte des blocs \u00e0 billes \u00e0 orbite ronde, \u00e0 double rang\u00e9e et \u00e0 quatre colonnes. Grande capacit\u00e9 de roulement, fonctionnement r\u00e9gulier, haute pr\u00e9cision et longue dur\u00e9e de vie. Vis \u00e0 billes de haute pr\u00e9cision import\u00e9e, coupe pr\u00e9cise.<\/p>\n<p>2. Cadre en aluminium avec rainure en T, structure \u00e9conomique et l\u00e9g\u00e8re, bon choix pour les d\u00e9butants en d\u00e9coupe de mousse eps.<\/p>\n<p>3. Adopte un c\u00e2ble tr\u00e8s souple, r\u00e9sistant \u00e0 la flexion. Et des composants \u00e9lectroniques durables import\u00e9s. La conception \u00e9lectronique de l'ensemble de la machine est conforme \u00e0 la norme europ\u00e9enne CE, avec un bo\u00eetier de commande s\u00e9par\u00e9 dot\u00e9 d'un syst\u00e8me de protection fiable.<\/p>\n<p>4. Syst\u00e8me de contr\u00f4le mach3 facile \u00e0 apprendre, avec ordinateur industriel<\/p>\n<p>5. le potentiel du moteur permet de r\u00e9aliser un usinage \u00e0 vitesse constante, les courbes et la synchronisation lin\u00e9aire, et la courbe est plus parfaite.<\/p>\n<p>6. moteur pas \u00e0 pas \u00e0 haute vitesse et entra\u00eenements, pour un fonctionnement constant et stable<\/p>\n<p>7.peut utiliser la table tournante pour la d\u00e9coupe de mousse en 3D<\/p>\n<p><strong>.<\/strong><strong>Application de la machine de d\u00e9coupe de mousse au fil chaud :<\/strong><\/p>\n<p>Cette machine de d\u00e9coupe de mousse \u00e0 fil chaud \u00e0 structure l\u00e9g\u00e8re est principalement con\u00e7ue pour la fabrication d'enseignes, la d\u00e9coupe de lettres en mousse et la d\u00e9coration en mousse. Par rapport \u00e0 la machine de d\u00e9coupe de mousse \u00e0 fil chaud \u00e0 usage intensif, cette machine de d\u00e9coupe de mousse \u00e0 fil chaud \u00e0 structure l\u00e9g\u00e8re a une dur\u00e9e de vie plus courte, et la taille ne peut \u00eatre que de 1300*3000*1300mm, si vous voulez une taille plus grande, vous devez utiliser une machine de d\u00e9coupe de mousse \u00e0 cadre \u00e0 usage intensif qui utilise une transmission \u00e0 pignon-cr\u00e9maill\u00e8re.<strong>\u00a0<\/strong><\/p>\n<table border=\"1\">\n<tbody>\n<tr class=\"firstRow\">\n<td colspan=\"2\" valign=\"center\" width=\"662\"><strong>Param\u00e8tres techniques de WS1330\u00a0<\/strong><strong>Lumi\u00e8re<\/strong><strong>\u00a0D\u00e9coupeur de mousse de structure avec table tournante :<\/strong><\/td>\n<\/tr>\n<tr>\n<td valign=\"top\" width=\"208\">Zone de coupe<\/td>\n<td valign=\"top\" width=\"454\">Longueur 3000mm*largeur 1300mm*hauteur 1300mm<\/td>\n<\/tr>\n<tr>\n<td valign=\"top\" width=\"208\">Surface de la table<\/td>\n<td valign=\"top\" width=\"454\">Table en PVC<\/td>\n<\/tr>\n<tr>\n<td valign=\"top\" width=\"208\">Pr\u00e9cision du positionnement des d\u00e9placements<\/td>\n<td valign=\"top\" width=\"454\">\u00b10,03 mm<\/td>\n<\/tr>\n<tr>\n<td valign=\"top\" width=\"208\">Repositionnement Pr\u00e9cision du positionnement<\/td>\n<td valign=\"top\" width=\"454\">\u00b10,02 mm<\/td>\n<\/tr>\n<tr>\n<td valign=\"top\" width=\"208\">Dpi de travail<\/td>\n<td valign=\"top\" width=\"454\">\u00b10,04 mm<\/td>\n<\/tr>\n<tr>\n<td valign=\"top\" width=\"208\">Vitesse de rotation<\/td>\n<td valign=\"top\" width=\"454\">0-6000mm\/min<\/td>\n<\/tr>\n<tr>\n<td valign=\"top\" width=\"208\">Structure de la machine<\/td>\n<td valign=\"top\" width=\"454\">Acier soud\u00e9 \u00e9pais<\/td>\n<\/tr>\n<tr>\n<td valign=\"top\" width=\"208\">Commandement<\/td>\n<td valign=\"top\" width=\"454\">G-code*.u00*.mmg*.plt<\/td>\n<\/tr>\n<tr>\n<td valign=\"top\" width=\"208\">Tension de fonctionnement<\/td>\n<td valign=\"top\" width=\"454\">AC220V\/20HZ<\/td>\n<\/tr>\n<tr>\n<td valign=\"top\" width=\"208\">Poids avec emballage<\/td>\n<td valign=\"top\" width=\"454\">850KGS<\/td>\n<\/tr>\n<tr>\n<td valign=\"top\" width=\"208\">Taille de l'emballage<\/td>\n<td valign=\"top\" width=\"454\">1.6*3.9*1.4M<\/td>\n<\/tr>\n<tr>\n<td valign=\"top\" width=\"208\">Syst\u00e8me de contr\u00f4le<\/td>\n<td valign=\"top\" width=\"454\">Mach3 avec ordinateur industriel<\/td>\n<\/tr>\n<tr>\n<td valign=\"top\" width=\"208\">Rail de guidage<\/td>\n<td valign=\"top\" width=\"454\">guide de la ronde<\/td>\n<\/tr>\n<tr>\n<td valign=\"top\" width=\"208\">Humidit\u00e9<\/td>\n<td valign=\"top\" width=\"454\">10%-90%(sans condensation)<\/td>\n<\/tr>\n<tr>\n<td valign=\"top\" width=\"208\">Temp\u00e9rature<\/td>\n<td valign=\"top\" width=\"454\">10-50\u2103<\/td>\n<\/tr>\n<tr>\n<td valign=\"top\" width=\"208\">Bo\u00eete de vitesses<\/td>\n<td valign=\"top\" width=\"454\">Petite bo\u00eete de vitesses<\/td>\n<\/tr>\n<tr>\n<td valign=\"top\" width=\"208\">Transmission<\/td>\n<td valign=\"top\" width=\"454\">Vis \u00e0 bille<\/td>\n<\/tr>\n<tr>\n<td valign=\"top\" width=\"208\">Poids net<\/td>\n<td valign=\"top\" width=\"454\">600KGS<\/td>\n<\/tr>\n<tr>\n<td valign=\"top\" width=\"208\">R\u00e9gulateur<\/td>\n<td valign=\"top\" width=\"454\">1000W<\/td>\n<\/tr>\n<tr>\n<td valign=\"top\" width=\"208\">Remarque<\/td>\n<td valign=\"top\" width=\"454\">\u00c9conomique<\/td>\n<\/tr>\n<tr>\n<td valign=\"top\" width=\"208\">Roue synchrone x,y<\/td>\n<td valign=\"top\" width=\"454\">5M,1:5<\/td>\n<\/tr>\n<tr>\n<td valign=\"top\" width=\"208\">Courroie synchrone<\/td>\n<td valign=\"top\" width=\"454\">5M-285<\/td>\n<\/tr>\n<tr>\n<td valign=\"top\" width=\"208\">Roue synchrone Z<\/td>\n<td valign=\"top\" width=\"454\">5M 20 roue<\/td>\n<\/tr>\n<tr>\n<td valign=\"top\" width=\"208\">transmission<\/td>\n<td valign=\"top\" width=\"454\">vis \u00e0 bille<\/td>\n<\/tr>\n<tr>\n<td valign=\"top\" width=\"208\">ordinateur<\/td>\n<td valign=\"top\" width=\"454\">ordinateur industriel<\/td>\n<\/tr>\n<tr>\n<td valign=\"top\" width=\"208\">Bo\u00eete de contr\u00f4le<\/td>\n<td valign=\"top\" width=\"454\">S\u00e9par\u00e9<\/td>\n<\/tr>\n<tr>\n<td valign=\"top\" width=\"208\">Logiciel<\/td>\n<td valign=\"top\" width=\"454\">CAXA CAD<\/td>\n<\/tr>\n<\/tbody>\n<\/table>","protected":false},"excerpt":{"rendered":"<p>Caract\u00e9ristiques de la machine de d\u00e9coupe de mousse \u00e0 fil chaud 1330 :<\/p>\n<p>1. Cette machine adopte des blocs \u00e0 billes \u00e0 orbite ronde, \u00e0 double rang\u00e9e et \u00e0 quatre colonnes. Grande capacit\u00e9 de roulement, fonctionnement r\u00e9gulier, haute pr\u00e9cision et longue dur\u00e9e de vie. Vis \u00e0 billes de haute pr\u00e9cision import\u00e9e, coupe pr\u00e9cise.<\/p>\n<p>2. Cadre en aluminium avec rainure en T, structure \u00e9conomique et l\u00e9g\u00e8re, bon choix pour les d\u00e9butants en d\u00e9coupe de mousse eps.<\/p>\n<p>3. Adopte un c\u00e2ble tr\u00e8s souple, r\u00e9sistant \u00e0 la flexion. Et des composants \u00e9lectroniques durables import\u00e9s. La conception \u00e9lectronique de l'ensemble de la machine est conforme \u00e0 la norme europ\u00e9enne CE, avec un bo\u00eetier de commande s\u00e9par\u00e9 dot\u00e9 d'un syst\u00e8me de protection fiable.<\/p>\n<p>4. Syst\u00e8me de contr\u00f4le mach3 facile \u00e0 apprendre, avec ordinateur industriel<\/p>\n<p>5. le potentiel du moteur permet de r\u00e9aliser un usinage \u00e0 vitesse constante, les courbes et la synchronisation lin\u00e9aire, et la courbe est plus parfaite.<\/p>\n<p>6. moteur pas \u00e0 pas \u00e0 haute vitesse et entra\u00eenements, pour un fonctionnement constant et stable<\/p>\n<p>7.peut utiliser la table tournante pour la d\u00e9coupe de mousse en 3D<\/p>","protected":false},"featured_media":3456,"template":"","meta":{"_seopress_robots_primary_cat":"none","_seopress_titles_title":"","_seopress_titles_desc":"","_seopress_robots_index":"","_uag_custom_page_level_css":"","site-sidebar-layout":"default","site-content-layout":"default","ast-site-content-layout":"default","site-content-style":"default","site-sidebar-style":"default","ast-global-header-display":"","ast-banner-title-visibility":"","ast-main-header-display":"","ast-hfb-above-header-display":"","ast-hfb-below-header-display":"","ast-hfb-mobile-header-display":"","site-post-title":"","ast-breadcrumbs-content":"","ast-featured-img":"","footer-sml-layout":"","ast-disable-related-posts":"","theme-transparent-header-meta":"default","adv-header-id-meta":"","stick-header-meta":"default","header-above-stick-meta":"","header-main-stick-meta":"","header-below-stick-meta":"","astra-migrate-meta-layouts":"set","ast-page-background-enabled":"default","ast-page-background-meta":{"desktop":{"background-color":"","background-image":"","background-repeat":"repeat","background-position":"center center","background-size":"auto","background-attachment":"scroll","background-type":"","background-media":"","overlay-type":"","overlay-color":"","overlay-opacity":"","overlay-gradient":""},"tablet":{"background-color":"","background-image":"","background-repeat":"repeat","background-position":"center center","background-size":"auto","background-attachment":"scroll","background-type":"","background-media":"","overlay-type":"","overlay-color":"","overlay-opacity":"","overlay-gradient":""},"mobile":{"background-color":"","background-image":"","background-repeat":"repeat","background-position":"center center","background-size":"auto","background-attachment":"scroll","background-type":"","background-media":"","overlay-type":"","overlay-color":"","overlay-opacity":"","overlay-gradient":""}},"ast-content-background-meta":{"desktop":{"background-color":"var(--ast-global-color-5)","background-image":"","background-repeat":"repeat","background-position":"center center","background-size":"auto","background-attachment":"scroll","background-type":"","background-media":"","overlay-type":"","overlay-color":"","overlay-opacity":"","overlay-gradient":""},"tablet":{"background-color":"var(--ast-global-color-5)","background-image":"","background-repeat":"repeat","background-position":"center center","background-size":"auto","background-attachment":"scroll","background-type":"","background-media":"","overlay-type":"","overlay-color":"","overlay-opacity":"","overlay-gradient":""},"mobile":{"background-color":"var(--ast-global-color-5)","background-image":"","background-repeat":"repeat","background-position":"center center","background-size":"auto","background-attachment":"scroll","background-type":"","background-media":"","overlay-type":"","overlay-color":"","overlay-opacity":"","overlay-gradient":""}}},"product_brand":[],"product_cat":[43],"product_tag":[],"class_list":{"0":"post-1210","1":"product","2":"type-product","3":"status-publish","4":"has-post-thumbnail","6":"product_cat-foam","7":"desktop-align-left","8":"tablet-align-left","9":"mobile-align-left","10":"ast-product-gallery-layout-horizontal-slider","11":"ast-product-gallery-with-no-image","12":"ast-product-tabs-layout-horizontal","14":"first","15":"instock","16":"shipping-taxable","17":"purchasable","18":"product-type-simple"},"uagb_featured_image_src":{"full":["https:\/\/wisecnclaser.com\/wp-content\/uploads\/2025\/05\/a88c962689ed9015dc7479dc3360159a.jpg",800,800,false],"thumbnail":["https:\/\/wisecnclaser.com\/wp-content\/uploads\/2025\/05\/a88c962689ed9015dc7479dc3360159a-150x150.jpg",150,150,true],"medium":["https:\/\/wisecnclaser.com\/wp-content\/uploads\/2025\/05\/a88c962689ed9015dc7479dc3360159a-300x300.jpg",300,300,true],"medium_large":["https:\/\/wisecnclaser.com\/wp-content\/uploads\/2025\/05\/a88c962689ed9015dc7479dc3360159a-768x768.jpg",768,768,true],"large":["https:\/\/wisecnclaser.com\/wp-content\/uploads\/2025\/05\/a88c962689ed9015dc7479dc3360159a.jpg",800,800,false],"1536x1536":["https:\/\/wisecnclaser.com\/wp-content\/uploads\/2025\/05\/a88c962689ed9015dc7479dc3360159a.jpg",800,800,false],"2048x2048":["https:\/\/wisecnclaser.com\/wp-content\/uploads\/2025\/05\/a88c962689ed9015dc7479dc3360159a.jpg",800,800,false],"trp-custom-language-flag":["https:\/\/wisecnclaser.com\/wp-content\/uploads\/2025\/05\/a88c962689ed9015dc7479dc3360159a-12x12.jpg",12,12,true],"woocommerce_thumbnail":["https:\/\/wisecnclaser.com\/wp-content\/uploads\/2025\/05\/a88c962689ed9015dc7479dc3360159a-300x300.jpg",300,300,true],"woocommerce_single":["https:\/\/wisecnclaser.com\/wp-content\/uploads\/2025\/05\/a88c962689ed9015dc7479dc3360159a-600x600.jpg",600,600,true],"woocommerce_gallery_thumbnail":["https:\/\/wisecnclaser.com\/wp-content\/uploads\/2025\/05\/a88c962689ed9015dc7479dc3360159a-100x100.jpg",100,100,true]},"uagb_author_info":{"display_name":"jinxing6611@gmail.com","author_link":"https:\/\/wisecnclaser.com\/fr\/author\/"},"uagb_comment_info":0,"uagb_excerpt":"Features of 1330 hot wire foam cutting machine: 1. This machine adopts round orbit, double rows and four columns ball blocks. Large\u00a0bearing capacity, running smoothly, high precision and long life. Imported high precision\u00a0Ball screw, cutting accurate. 2. use T slot aluminum frame, economic, light structure, is good choise for eps foam cutting starter or beginner.\u2026","_links":{"self":[{"href":"https:\/\/wisecnclaser.com\/fr\/wp-json\/wp\/v2\/product\/1210","targetHints":{"allow":["GET"]}}],"collection":[{"href":"https:\/\/wisecnclaser.com\/fr\/wp-json\/wp\/v2\/product"}],"about":[{"href":"https:\/\/wisecnclaser.com\/fr\/wp-json\/wp\/v2\/types\/product"}],"wp:featuredmedia":[{"embeddable":true,"href":"https:\/\/wisecnclaser.com\/fr\/wp-json\/wp\/v2\/media\/3456"}],"wp:attachment":[{"href":"https:\/\/wisecnclaser.com\/fr\/wp-json\/wp\/v2\/media?parent=1210"}],"wp:term":[{"taxonomy":"product_brand","embeddable":true,"href":"https:\/\/wisecnclaser.com\/fr\/wp-json\/wp\/v2\/product_brand?post=1210"},{"taxonomy":"product_cat","embeddable":true,"href":"https:\/\/wisecnclaser.com\/fr\/wp-json\/wp\/v2\/product_cat?post=1210"},{"taxonomy":"product_tag","embeddable":true,"href":"https:\/\/wisecnclaser.com\/fr\/wp-json\/wp\/v2\/product_tag?post=1210"}],"curies":[{"name":"wp","href":"https:\/\/api.w.org\/{rel}","templated":true}]}}